{"id":117019,"date":"2022-03-18T17:35:49","date_gmt":"2022-03-18T16:35:49","guid":{"rendered":"https:\/\/empow-her.com\/?post_type=product&#038;p=117019"},"modified":"2022-05-12T11:38:57","modified_gmt":"2022-05-12T09:38:57","slug":"coaching-optimiser-ma-gestion-du-temps-definir-mes-priorites-21-juin","status":"publish","type":"product","link":"https:\/\/empow-her.com\/es\/produit\/coaching-optimiser-ma-gestion-du-temps-definir-mes-priorites-21-juin\/","title":{"rendered":"Coaching &#8211; Optimiser ma gestion du temps et d\u00e9finir mes priorit\u00e9s"},"content":{"rendered":"","protected":false},"excerpt":{"rendered":"<p>Le d\u00e9ploiement d&#8217;un projet entrepreneurial peut s\u2018apparenter \u00e0 une montagne au premier abord. Pour aborder ce d\u00e9fi, d\u00e9velopper l\u2019optimisation continue et l\u2019efficience permet d\u2019avancer plus sereinement et de s&#8217;adapter aux changements rencontr\u00e9s sur le parcours. Diminuer la charge mentale, faire sauter les verrous et reconfigurer les circuits r\u00e9flexifs vise \u00e0 relativiser et gagner en flexibilit\u00e9.<\/p>\n<p>Lors de ce coaching, trouvez les cl\u00e9s pour g\u00e9rer votre temps et prioriser vos actions efficacement pour ne pas vous \u00e9puiser.<\/p>\n<p>&nbsp;<\/p>\n<p><strong>Intervenant.e.s :\u00a0<\/strong><br \/>\nAnna Sibaud<\/p>\n<p><strong>Pr\u00e9sentation : <\/strong><br \/>\nCoache op\u00e9rationnelle anim\u00e9e par l&#8217;efficience et la joie, Anna accompagne des femmes dans la cr\u00e9ation de leur propre \u00e9cosyst\u00e8me entrepreneurial. Devenir ma\u00eetresse de son temps et gagner en marge d\u00e9cisionnelle peut aider \u00e0 se lib\u00e9rer des injonctions et favoriser un mode de vie \u00e9quilibrant.<\/p>\n<p><strong>Son super pouvoir : <\/strong><br \/>\nDoula de l&#8217;action<\/p>\n<p><strong>Son petit mot : <\/strong><br \/>\nVoici la signature des e-mails de Shonda RHIMES (sc\u00e9nariste et productrice de la s\u00e9rie Grey&#8217;s anatomy, entre autres) : &#8220;Nota bene : je ne r\u00e9ponds pas aux emails professionnels apr\u00e8s 19h ou le week-end. Si vous travaillez pour moi, je me permets de vous sugg\u00e9rer d&#8217;\u00e9teindre votre mobile.&#8221;<\/p>\n<p>&nbsp;<\/p>\n<p>&nbsp;<\/p>\n<p>Session de coaching<strong> en\u00a0 ligne<\/strong><\/p>\n<p><strong>Dur\u00e9e<\/strong> : U<span data-sheets-value=\"{&quot;1&quot;:2,&quot;2&quot;:&quot;Permanence de 4h avec un cr\u00e9neau de 1h par participante (+ 15 minutes entre chaque)&quot;}\" data-sheets-userformat=\"{&quot;2&quot;:7167,&quot;3&quot;:{&quot;1&quot;:0},&quot;4&quot;:{&quot;1&quot;:2,&quot;2&quot;:16777215},&quot;5&quot;:{&quot;1&quot;:[{&quot;1&quot;:2,&quot;2&quot;:0,&quot;5&quot;:{&quot;1&quot;:2,&quot;2&quot;:0}},{&quot;1&quot;:0,&quot;2&quot;:0,&quot;3&quot;:3},{&quot;1&quot;:1,&quot;2&quot;:0,&quot;4&quot;:1}]},&quot;6&quot;:{&quot;1&quot;:[{&quot;1&quot;:2,&quot;2&quot;:0,&quot;5&quot;:{&quot;1&quot;:2,&quot;2&quot;:0}},{&quot;1&quot;:0,&quot;2&quot;:0,&quot;3&quot;:3},{&quot;1&quot;:1,&quot;2&quot;:0,&quot;4&quot;:1}]},&quot;7&quot;:{&quot;1&quot;:[{&quot;1&quot;:2,&quot;2&quot;:0,&quot;5&quot;:{&quot;1&quot;:2,&quot;2&quot;:0}},{&quot;1&quot;:0,&quot;2&quot;:0,&quot;3&quot;:3},{&quot;1&quot;:1,&quot;2&quot;:0,&quot;4&quot;:1}]},&quot;8&quot;:{&quot;1&quot;:[{&quot;1&quot;:2,&quot;2&quot;:0,&quot;5&quot;:{&quot;1&quot;:2,&quot;2&quot;:0}},{&quot;1&quot;:0,&quot;2&quot;:0,&quot;3&quot;:3},{&quot;1&quot;:1,&quot;2&quot;:0,&quot;4&quot;:1}]},&quot;9&quot;:0,&quot;10&quot;:1,&quot;11&quot;:4,&quot;12&quot;:0,&quot;14&quot;:{&quot;1&quot;:2,&quot;2&quot;:0},&quot;15&quot;:&quot;Calibri&quot;}\">n cr\u00e9neau de 1h en individuel<\/span><\/p>\n<p>&nbsp;<\/p>\n<p>Ce projet est co-financ\u00e9 par le Fonds Social Europ\u00e9en.<\/p>\n<p><img decoding=\"async\" class=\"alignnone size-medium wp-image-15794\" src=\"https:\/\/empow-her.com\/wp-content\/uploads\/2021\/07\/fse-logos-1-300x54.png\" alt=\"\" width=\"300\" height=\"54\" srcset=\"https:\/\/empow-her.com\/wp-content\/uploads\/2021\/07\/fse-logos-1-300x54.png 300w, https:\/\/empow-her.com\/wp-content\/uploads\/2021\/07\/fse-logos-1-600x108.png 600w, https:\/\/empow-her.com\/wp-content\/uploads\/2021\/07\/fse-logos-1-1024x184.png 1024w, https:\/\/empow-her.com\/wp-content\/uploads\/2021\/07\/fse-logos-1-768x138.png 768w, https:\/\/empow-her.com\/wp-content\/uploads\/2021\/07\/fse-logos-1-1536x275.png 1536w, https:\/\/empow-her.com\/wp-content\/uploads\/2021\/07\/fse-logos-1-2048x367.png 2048w, https:\/\/empow-her.com\/wp-content\/uploads\/2021\/07\/fse-logos-1-24x4.png 24w, https:\/\/empow-her.com\/wp-content\/uploads\/2021\/07\/fse-logos-1-36x6.png 36w, https:\/\/empow-her.com\/wp-content\/uploads\/2021\/07\/fse-logos-1-48x9.png 48w\" sizes=\"(max-width: 300px) 100vw, 300px\" \/><\/p>\n","protected":false},"featured_media":117029,"template":"","format":"standard","meta":{"_acf_changed":false,"om_disable_all_campaigns":false,"_uf_show_specific_survey":0,"_uf_disable_surveys":false},"product_brand":[],"product_cat":[121],"product_tag":[],"lieu":[125],"thematiques":[],"class_list":{"0":"post-117019","1":"product","2":"type-product","3":"status-publish","4":"format-standard","5":"has-post-thumbnail","7":"product_cat-coaching","8":"lieu-en-ligne","10":"first","11":"instock","12":"virtual","13":"purchasable","14":"product-type-appointment"},"exclude_global_add_ons":[],"addons":[],"acf":[],"yoast_head":"<!-- This site is optimized with the Yoast SEO plugin v24.8 - https:\/\/yoast.com\/wordpress\/plugins\/seo\/ -->\n<title>Coaching - Optimiser ma gestion du temps et d\u00e9finir mes priorit\u00e9s - Empow&#039;Her<\/title>\n<meta name=\"robots\" content=\"index, follow, max-snippet:-1, max-image-preview:large, max-video-preview:-1\" \/>\n<link rel=\"canonical\" href=\"https:\/\/empow-her.com\/es\/produit\/coaching-optimiser-ma-gestion-du-temps-definir-mes-priorites-21-juin\/\" \/>\n<meta property=\"og:locale\" content=\"es_ES\" \/>\n<meta property=\"og:type\" content=\"article\" \/>\n<meta property=\"og:title\" content=\"Coaching - Optimiser ma gestion du temps et d\u00e9finir mes priorit\u00e9s - Empow&#039;Her\" \/>\n<meta property=\"og:description\" content=\"Le d\u00e9ploiement d&#039;un projet entrepreneurial peut s\u2018apparenter \u00e0 une montagne au premier abord. Pour aborder ce d\u00e9fi, d\u00e9velopper l\u2019optimisation continue et l\u2019efficience permet d\u2019avancer plus sereinement et de s&#039;adapter aux changements rencontr\u00e9s sur le parcours. Diminuer la charge mentale, faire sauter les verrous et reconfigurer les circuits r\u00e9flexifs vise \u00e0 relativiser et gagner en flexibilit\u00e9.  Lors de ce coaching, trouvez les cl\u00e9s pour g\u00e9rer votre temps et prioriser vos actions efficacement pour ne pas vous \u00e9puiser.  &nbsp;  Intervenant.e.s :\u00a0 Anna Sibaud  Pr\u00e9sentation :  Coache op\u00e9rationnelle anim\u00e9e par l&#039;efficience et la joie, Anna accompagne des femmes dans la cr\u00e9ation de leur propre \u00e9cosyst\u00e8me entrepreneurial. Devenir ma\u00eetresse de son temps et gagner en marge d\u00e9cisionnelle peut aider \u00e0 se lib\u00e9rer des injonctions et favoriser un mode de vie \u00e9quilibrant.  Son super pouvoir :  Doula de l&#039;action  Son petit mot :  Voici la signature des e-mails de Shonda RHIMES (sc\u00e9nariste et productrice de la s\u00e9rie Grey&#039;s anatomy, entre autres) : &quot;Nota bene : je ne r\u00e9ponds pas aux emails professionnels apr\u00e8s 19h ou le week-end. Si vous travaillez pour moi, je me permets de vous sugg\u00e9rer d&#039;\u00e9teindre votre mobile.&quot;  &nbsp;  &nbsp;  Session de coaching en\u00a0 ligne  Dur\u00e9e : Un cr\u00e9neau de 1h en individuel  &nbsp;  Ce projet est co-financ\u00e9 par le Fonds Social Europ\u00e9en.\" \/>\n<meta property=\"og:url\" content=\"https:\/\/empow-her.com\/es\/produit\/coaching-optimiser-ma-gestion-du-temps-definir-mes-priorites-21-juin\/\" \/>\n<meta property=\"og:site_name\" content=\"Empow&#039;Her\" \/>\n<meta property=\"article:modified_time\" content=\"2022-05-12T09:38:57+00:00\" \/>\n<meta property=\"og:image\" content=\"https:\/\/empow-her.com\/wp-content\/uploads\/2022\/03\/Women-Dare-templates-events-91.png\" \/>\n\t<meta property=\"og:image:width\" content=\"1080\" \/>\n\t<meta property=\"og:image:height\" content=\"1080\" \/>\n\t<meta property=\"og:image:type\" content=\"image\/png\" \/>\n<meta name=\"twitter:card\" content=\"summary_large_image\" \/>\n<script type=\"application\/ld+json\" class=\"yoast-schema-graph\">{\"@context\":\"https:\/\/schema.org\",\"@graph\":[{\"@type\":\"WebPage\",\"@id\":\"https:\/\/empow-her.com\/es\/produit\/coaching-optimiser-ma-gestion-du-temps-definir-mes-priorites-21-juin\/\",\"url\":\"https:\/\/empow-her.com\/es\/produit\/coaching-optimiser-ma-gestion-du-temps-definir-mes-priorites-21-juin\/\",\"name\":\"Coaching - Optimiser ma gestion du temps et d\u00e9finir mes priorit\u00e9s - Empow&#039;Her\",\"isPartOf\":{\"@id\":\"https:\/\/empow-her.com\/#website\"},\"primaryImageOfPage\":{\"@id\":\"https:\/\/empow-her.com\/es\/produit\/coaching-optimiser-ma-gestion-du-temps-definir-mes-priorites-21-juin\/#primaryimage\"},\"image\":{\"@id\":\"https:\/\/empow-her.com\/es\/produit\/coaching-optimiser-ma-gestion-du-temps-definir-mes-priorites-21-juin\/#primaryimage\"},\"thumbnailUrl\":\"https:\/\/empow-her.com\/wp-content\/uploads\/2022\/03\/Women-Dare-templates-events-91.png\",\"datePublished\":\"2022-03-18T16:35:49+00:00\",\"dateModified\":\"2022-05-12T09:38:57+00:00\",\"breadcrumb\":{\"@id\":\"https:\/\/empow-her.com\/es\/produit\/coaching-optimiser-ma-gestion-du-temps-definir-mes-priorites-21-juin\/#breadcrumb\"},\"inLanguage\":\"es\",\"potentialAction\":[{\"@type\":\"ReadAction\",\"target\":[\"https:\/\/empow-her.com\/es\/produit\/coaching-optimiser-ma-gestion-du-temps-definir-mes-priorites-21-juin\/\"]}]},{\"@type\":\"ImageObject\",\"inLanguage\":\"es\",\"@id\":\"https:\/\/empow-her.com\/es\/produit\/coaching-optimiser-ma-gestion-du-temps-definir-mes-priorites-21-juin\/#primaryimage\",\"url\":\"https:\/\/empow-her.com\/wp-content\/uploads\/2022\/03\/Women-Dare-templates-events-91.png\",\"contentUrl\":\"https:\/\/empow-her.com\/wp-content\/uploads\/2022\/03\/Women-Dare-templates-events-91.png\",\"width\":1080,\"height\":1080},{\"@type\":\"BreadcrumbList\",\"@id\":\"https:\/\/empow-her.com\/es\/produit\/coaching-optimiser-ma-gestion-du-temps-definir-mes-priorites-21-juin\/#breadcrumb\",\"itemListElement\":[{\"@type\":\"ListItem\",\"position\":1,\"name\":\"Accueil\",\"item\":\"https:\/\/empow-her.com\/es\/inicio\/\"},{\"@type\":\"ListItem\",\"position\":2,\"name\":\"LA BOUTIQUE\",\"item\":\"https:\/\/empow-her.com\/boutique\/\"},{\"@type\":\"ListItem\",\"position\":3,\"name\":\"Coaching &#8211; Optimiser ma gestion du temps et d\u00e9finir mes priorit\u00e9s\"}]},{\"@type\":\"WebSite\",\"@id\":\"https:\/\/empow-her.com\/#website\",\"url\":\"https:\/\/empow-her.com\/\",\"name\":\"Empow&#039;Her\",\"description\":\"Women Development\",\"potentialAction\":[{\"@type\":\"SearchAction\",\"target\":{\"@type\":\"EntryPoint\",\"urlTemplate\":\"https:\/\/empow-her.com\/?s={search_term_string}\"},\"query-input\":{\"@type\":\"PropertyValueSpecification\",\"valueRequired\":true,\"valueName\":\"search_term_string\"}}],\"inLanguage\":\"es\"}]}<\/script>\n<!-- \/ Yoast SEO plugin. -->","yoast_head_json":{"title":"Coaching - Optimiser ma gestion du temps et d\u00e9finir mes priorit\u00e9s - Empow&#039;Her","robots":{"index":"index","follow":"follow","max-snippet":"max-snippet:-1","max-image-preview":"max-image-preview:large","max-video-preview":"max-video-preview:-1"},"canonical":"https:\/\/empow-her.com\/es\/produit\/coaching-optimiser-ma-gestion-du-temps-definir-mes-priorites-21-juin\/","og_locale":"es_ES","og_type":"article","og_title":"Coaching - Optimiser ma gestion du temps et d\u00e9finir mes priorit\u00e9s - Empow&#039;Her","og_description":"Le d\u00e9ploiement d'un projet entrepreneurial peut s\u2018apparenter \u00e0 une montagne au premier abord. Pour aborder ce d\u00e9fi, d\u00e9velopper l\u2019optimisation continue et l\u2019efficience permet d\u2019avancer plus sereinement et de s'adapter aux changements rencontr\u00e9s sur le parcours. Diminuer la charge mentale, faire sauter les verrous et reconfigurer les circuits r\u00e9flexifs vise \u00e0 relativiser et gagner en flexibilit\u00e9.  Lors de ce coaching, trouvez les cl\u00e9s pour g\u00e9rer votre temps et prioriser vos actions efficacement pour ne pas vous \u00e9puiser.  &nbsp;  Intervenant.e.s :\u00a0 Anna Sibaud  Pr\u00e9sentation :  Coache op\u00e9rationnelle anim\u00e9e par l'efficience et la joie, Anna accompagne des femmes dans la cr\u00e9ation de leur propre \u00e9cosyst\u00e8me entrepreneurial. Devenir ma\u00eetresse de son temps et gagner en marge d\u00e9cisionnelle peut aider \u00e0 se lib\u00e9rer des injonctions et favoriser un mode de vie \u00e9quilibrant.  Son super pouvoir :  Doula de l'action  Son petit mot :  Voici la signature des e-mails de Shonda RHIMES (sc\u00e9nariste et productrice de la s\u00e9rie Grey's anatomy, entre autres) : \"Nota bene : je ne r\u00e9ponds pas aux emails professionnels apr\u00e8s 19h ou le week-end. Si vous travaillez pour moi, je me permets de vous sugg\u00e9rer d'\u00e9teindre votre mobile.\"  &nbsp;  &nbsp;  Session de coaching en\u00a0 ligne  Dur\u00e9e : Un cr\u00e9neau de 1h en individuel  &nbsp;  Ce projet est co-financ\u00e9 par le Fonds Social Europ\u00e9en.","og_url":"https:\/\/empow-her.com\/es\/produit\/coaching-optimiser-ma-gestion-du-temps-definir-mes-priorites-21-juin\/","og_site_name":"Empow&#039;Her","article_modified_time":"2022-05-12T09:38:57+00:00","og_image":[{"width":1080,"height":1080,"url":"https:\/\/empow-her.com\/wp-content\/uploads\/2022\/03\/Women-Dare-templates-events-91.png","type":"image\/png"}],"twitter_card":"summary_large_image","schema":{"@context":"https:\/\/schema.org","@graph":[{"@type":"WebPage","@id":"https:\/\/empow-her.com\/es\/produit\/coaching-optimiser-ma-gestion-du-temps-definir-mes-priorites-21-juin\/","url":"https:\/\/empow-her.com\/es\/produit\/coaching-optimiser-ma-gestion-du-temps-definir-mes-priorites-21-juin\/","name":"Coaching - Optimiser ma gestion du temps et d\u00e9finir mes priorit\u00e9s - Empow&#039;Her","isPartOf":{"@id":"https:\/\/empow-her.com\/#website"},"primaryImageOfPage":{"@id":"https:\/\/empow-her.com\/es\/produit\/coaching-optimiser-ma-gestion-du-temps-definir-mes-priorites-21-juin\/#primaryimage"},"image":{"@id":"https:\/\/empow-her.com\/es\/produit\/coaching-optimiser-ma-gestion-du-temps-definir-mes-priorites-21-juin\/#primaryimage"},"thumbnailUrl":"https:\/\/empow-her.com\/wp-content\/uploads\/2022\/03\/Women-Dare-templates-events-91.png","datePublished":"2022-03-18T16:35:49+00:00","dateModified":"2022-05-12T09:38:57+00:00","breadcrumb":{"@id":"https:\/\/empow-her.com\/es\/produit\/coaching-optimiser-ma-gestion-du-temps-definir-mes-priorites-21-juin\/#breadcrumb"},"inLanguage":"es","potentialAction":[{"@type":"ReadAction","target":["https:\/\/empow-her.com\/es\/produit\/coaching-optimiser-ma-gestion-du-temps-definir-mes-priorites-21-juin\/"]}]},{"@type":"ImageObject","inLanguage":"es","@id":"https:\/\/empow-her.com\/es\/produit\/coaching-optimiser-ma-gestion-du-temps-definir-mes-priorites-21-juin\/#primaryimage","url":"https:\/\/empow-her.com\/wp-content\/uploads\/2022\/03\/Women-Dare-templates-events-91.png","contentUrl":"https:\/\/empow-her.com\/wp-content\/uploads\/2022\/03\/Women-Dare-templates-events-91.png","width":1080,"height":1080},{"@type":"BreadcrumbList","@id":"https:\/\/empow-her.com\/es\/produit\/coaching-optimiser-ma-gestion-du-temps-definir-mes-priorites-21-juin\/#breadcrumb","itemListElement":[{"@type":"ListItem","position":1,"name":"Accueil","item":"https:\/\/empow-her.com\/es\/inicio\/"},{"@type":"ListItem","position":2,"name":"LA BOUTIQUE","item":"https:\/\/empow-her.com\/boutique\/"},{"@type":"ListItem","position":3,"name":"Coaching &#8211; Optimiser ma gestion du temps et d\u00e9finir mes priorit\u00e9s"}]},{"@type":"WebSite","@id":"https:\/\/empow-her.com\/#website","url":"https:\/\/empow-her.com\/","name":"Empow&#039;Her","description":"Women Development","potentialAction":[{"@type":"SearchAction","target":{"@type":"EntryPoint","urlTemplate":"https:\/\/empow-her.com\/?s={search_term_string}"},"query-input":{"@type":"PropertyValueSpecification","valueRequired":true,"valueName":"search_term_string"}}],"inLanguage":"es"}]}},"_links":{"self":[{"href":"https:\/\/empow-her.com\/es\/wp-json\/wp\/v2\/product\/117019","targetHints":{"allow":["GET"]}}],"collection":[{"href":"https:\/\/empow-her.com\/es\/wp-json\/wp\/v2\/product"}],"about":[{"href":"https:\/\/empow-her.com\/es\/wp-json\/wp\/v2\/types\/product"}],"wp:featuredmedia":[{"embeddable":true,"href":"https:\/\/empow-her.com\/es\/wp-json\/wp\/v2\/media\/117029"}],"wp:attachment":[{"href":"https:\/\/empow-her.com\/es\/wp-json\/wp\/v2\/media?parent=117019"}],"wp:term":[{"taxonomy":"product_brand","embeddable":true,"href":"https:\/\/empow-her.com\/es\/wp-json\/wp\/v2\/product_brand?post=117019"},{"taxonomy":"product_cat","embeddable":true,"href":"https:\/\/empow-her.com\/es\/wp-json\/wp\/v2\/product_cat?post=117019"},{"taxonomy":"product_tag","embeddable":true,"href":"https:\/\/empow-her.com\/es\/wp-json\/wp\/v2\/product_tag?post=117019"},{"taxonomy":"lieu","embeddable":true,"href":"https:\/\/empow-her.com\/es\/wp-json\/wp\/v2\/lieu?post=117019"},{"taxonomy":"thematiques","embeddable":true,"href":"https:\/\/empow-her.com\/es\/wp-json\/wp\/v2\/thematiques?post=117019"}],"curies":[{"name":"wp","href":"https:\/\/api.w.org\/{rel}","templated":true}]}}