{"id":116998,"date":"2022-03-18T17:05:06","date_gmt":"2022-03-18T16:05:06","guid":{"rendered":"https:\/\/empow-her.com\/?post_type=product&#038;p=116998"},"modified":"2022-05-11T11:19:17","modified_gmt":"2022-05-11T09:19:17","slug":"atelier-business-plan-previsions-financieres-14-juin","status":"publish","type":"product","link":"https:\/\/empow-her.com\/es\/produit\/atelier-business-plan-previsions-financieres-14-juin\/","title":{"rendered":"Atelier &#8211; Business plan &#038; Pr\u00e9visions financi\u00e8res"},"content":{"rendered":"","protected":false},"excerpt":{"rendered":"<p>Qu&#8217;est-ce que le Business Plan, comment le r\u00e9diger et quels seront vos points cl\u00e9s de conviction ?<\/p>\n<p>Un business plan est un outil pour convaincre vos partenaires, investisseurs, ou votre banquier, mais c&#8217;est aussi un outil de clarification qui vous permettra de clarifier vos id\u00e9es et de les structurer de mani\u00e8re claire et pr\u00e9cise !<\/p>\n<p>Lors de cet atelier collectif, l&#8217;objectif sera de vous initier aux diff\u00e9rentes sections du business plan et \u00e0 la logique des pr\u00e9visions financi\u00e8res, et d&#8217;apprendre \u00e0 poser des hypoth\u00e8ses cr\u00e9dibles afin de construire un projet coh\u00e9rent et viable !<\/p>\n<p><strong>Intervenant.e.s : <\/strong><br \/>\nOmar Bendjelloun<\/p>\n<p><strong>Pr\u00e9sentation : <\/strong><br \/>\nJeremy et fait partie de l&#8217;\u00e9quipe Finetic qui intervient aupr\u00e8s d&#8217;entrepreuneur.e.s \u00e0 impact dans les domaines de l&#8217;accompagnement \u00e0 lev\u00e9e de fonds, la direction financi\u00e8re de start-up ainsi que la formation et ateliers collectifs sur les sujets financiers. Il a travaill\u00e9 en tant que consultant pour des grands groupes ainsi que professeur ces 10 derni\u00e8res ann\u00e9es, en France et \u00e0 l&#8217;\u00e9tranger.<br \/>\nLes tableaux pleins de chiffres n&#8217;ont pas de secrets pour lui !<\/p>\n<p><strong>Son super pouvoir : <\/strong><br \/>\nUne vue d&#8217;ensemble &#8220;analytique&#8221; des choses !<\/p>\n<p><strong>Son petit mot : <\/strong><br \/>\n&#8220;Bravo pour cette premi\u00e8re d\u00e9marche vers l&#8217;entreprenariat. Nous allons faire tout notre possible pour vous accompagner vers votre r\u00eave et partager notre exp\u00e9rience avec vous !!!!&#8221;<\/p>\n<div><\/div>\n<div><b>Lieu : <\/b>Sist&#8217;Her Paris, 82 rue du Faubourg Saint-Martin<\/div>\n<div><\/div>\n<div><\/div>\n<div><\/div>\n<p>Ce projet est co-financ\u00e9 par le Fonds Social Europ\u00e9en.<\/p>\n<p><img decoding=\"async\" class=\"\" src=\"https:\/\/www.sep-asso.fr\/wp-content\/uploads\/2018\/02\/logo-union-europeenne.png\" alt=\"logo union europeenne \u2013 SEP\" width=\"87\" height=\"72\" \/>\u00a0\u00a0<img decoding=\"async\" class=\"alignnone wp-image-15218\" src=\"https:\/\/empow-her.com\/wp-content\/uploads\/2021\/06\/logo_fonds_social_europeen-300x187.png\" alt=\"\" width=\"104\" height=\"65\" srcset=\"https:\/\/empow-her.com\/wp-content\/uploads\/2021\/06\/logo_fonds_social_europeen-300x187.png 300w, https:\/\/empow-her.com\/wp-content\/uploads\/2021\/06\/logo_fonds_social_europeen-600x375.png 600w, https:\/\/empow-her.com\/wp-content\/uploads\/2021\/06\/logo_fonds_social_europeen-24x15.png 24w, https:\/\/empow-her.com\/wp-content\/uploads\/2021\/06\/logo_fonds_social_europeen-36x22.png 36w, https:\/\/empow-her.com\/wp-content\/uploads\/2021\/06\/logo_fonds_social_europeen-48x30.png 48w, https:\/\/empow-her.com\/wp-content\/uploads\/2021\/06\/logo_fonds_social_europeen.png 666w\" sizes=\"(max-width: 104px) 100vw, 104px\" \/>\u00a0<img decoding=\"async\" class=\"\" src=\"https:\/\/franceactive-idf.org\/wp-content\/uploads\/2020\/02\/logo-region-ile-de-france.png\" alt=\"Logo Region Ile De France - France Active \u00cele-de-France\" width=\"126\" height=\"29\" \/><\/p>\n","protected":false},"featured_media":116999,"template":"","format":"standard","meta":{"_acf_changed":false,"om_disable_all_campaigns":false,"_uf_show_specific_survey":0,"_uf_disable_surveys":false},"product_brand":[],"product_cat":[118],"product_tag":[],"lieu":[127],"thematiques":[],"class_list":{"0":"post-116998","1":"product","2":"type-product","3":"status-publish","4":"format-standard","5":"has-post-thumbnail","7":"product_cat-atelier-collectif","8":"lieu-hub-empowher","10":"first","11":"instock","12":"virtual","13":"purchasable","14":"product-type-appointment"},"exclude_global_add_ons":[],"addons":[],"acf":[],"yoast_head":"<!-- This site is optimized with the Yoast SEO plugin v24.8 - https:\/\/yoast.com\/wordpress\/plugins\/seo\/ -->\n<title>Atelier - Business plan &amp; Pr\u00e9visions financi\u00e8res - Empow&#039;Her<\/title>\n<meta name=\"robots\" content=\"index, follow, max-snippet:-1, max-image-preview:large, max-video-preview:-1\" \/>\n<link rel=\"canonical\" href=\"https:\/\/empow-her.com\/es\/produit\/atelier-business-plan-previsions-financieres-14-juin\/\" \/>\n<meta property=\"og:locale\" content=\"es_ES\" \/>\n<meta property=\"og:type\" content=\"article\" \/>\n<meta property=\"og:title\" content=\"Atelier - Business plan &amp; Pr\u00e9visions financi\u00e8res - Empow&#039;Her\" \/>\n<meta property=\"og:description\" content=\"Qu&#039;est-ce que le Business Plan, comment le r\u00e9diger et quels seront vos points cl\u00e9s de conviction ?  Un business plan est un outil pour convaincre vos partenaires, investisseurs, ou votre banquier, mais c&#039;est aussi un outil de clarification qui vous permettra de clarifier vos id\u00e9es et de les structurer de mani\u00e8re claire et pr\u00e9cise !  Lors de cet atelier collectif, l&#039;objectif sera de vous initier aux diff\u00e9rentes sections du business plan et \u00e0 la logique des pr\u00e9visions financi\u00e8res, et d&#039;apprendre \u00e0 poser des hypoth\u00e8ses cr\u00e9dibles afin de construire un projet coh\u00e9rent et viable !  Intervenant.e.s :  Omar Bendjelloun  Pr\u00e9sentation :  Jeremy et fait partie de l&#039;\u00e9quipe Finetic qui intervient aupr\u00e8s d&#039;entrepreuneur.e.s \u00e0 impact dans les domaines de l&#039;accompagnement \u00e0 lev\u00e9e de fonds, la direction financi\u00e8re de start-up ainsi que la formation et ateliers collectifs sur les sujets financiers. Il a travaill\u00e9 en tant que consultant pour des grands groupes ainsi que professeur ces 10 derni\u00e8res ann\u00e9es, en France et \u00e0 l&#039;\u00e9tranger. Les tableaux pleins de chiffres n&#039;ont pas de secrets pour lui !  Son super pouvoir :  Une vue d&#039;ensemble &quot;analytique&quot; des choses !  Son petit mot :  &quot;Bravo pour cette premi\u00e8re d\u00e9marche vers l&#039;entreprenariat. Nous allons faire tout notre possible pour vous accompagner vers votre r\u00eave et partager notre exp\u00e9rience avec vous !!!!&quot;  Lieu : Sist&#039;Her Paris, 82 rue du Faubourg Saint-Martin    Ce projet est co-financ\u00e9 par le Fonds Social Europ\u00e9en.  \u00a0\u00a0\u00a0\" \/>\n<meta property=\"og:url\" content=\"https:\/\/empow-her.com\/es\/produit\/atelier-business-plan-previsions-financieres-14-juin\/\" \/>\n<meta property=\"og:site_name\" content=\"Empow&#039;Her\" \/>\n<meta property=\"article:modified_time\" content=\"2022-05-11T09:19:17+00:00\" \/>\n<meta property=\"og:image\" content=\"https:\/\/empow-her.com\/wp-content\/uploads\/2022\/03\/Women-Dare-templates-events-81.png\" \/>\n\t<meta property=\"og:image:width\" content=\"1080\" \/>\n\t<meta property=\"og:image:height\" content=\"1080\" \/>\n\t<meta property=\"og:image:type\" content=\"image\/png\" \/>\n<meta name=\"twitter:card\" content=\"summary_large_image\" \/>\n<script type=\"application\/ld+json\" class=\"yoast-schema-graph\">{\"@context\":\"https:\/\/schema.org\",\"@graph\":[{\"@type\":\"WebPage\",\"@id\":\"https:\/\/empow-her.com\/es\/produit\/atelier-business-plan-previsions-financieres-14-juin\/\",\"url\":\"https:\/\/empow-her.com\/es\/produit\/atelier-business-plan-previsions-financieres-14-juin\/\",\"name\":\"Atelier - Business plan & Pr\u00e9visions financi\u00e8res - Empow&#039;Her\",\"isPartOf\":{\"@id\":\"https:\/\/empow-her.com\/#website\"},\"primaryImageOfPage\":{\"@id\":\"https:\/\/empow-her.com\/es\/produit\/atelier-business-plan-previsions-financieres-14-juin\/#primaryimage\"},\"image\":{\"@id\":\"https:\/\/empow-her.com\/es\/produit\/atelier-business-plan-previsions-financieres-14-juin\/#primaryimage\"},\"thumbnailUrl\":\"https:\/\/empow-her.com\/wp-content\/uploads\/2022\/03\/Women-Dare-templates-events-81.png\",\"datePublished\":\"2022-03-18T16:05:06+00:00\",\"dateModified\":\"2022-05-11T09:19:17+00:00\",\"breadcrumb\":{\"@id\":\"https:\/\/empow-her.com\/es\/produit\/atelier-business-plan-previsions-financieres-14-juin\/#breadcrumb\"},\"inLanguage\":\"es\",\"potentialAction\":[{\"@type\":\"ReadAction\",\"target\":[\"https:\/\/empow-her.com\/es\/produit\/atelier-business-plan-previsions-financieres-14-juin\/\"]}]},{\"@type\":\"ImageObject\",\"inLanguage\":\"es\",\"@id\":\"https:\/\/empow-her.com\/es\/produit\/atelier-business-plan-previsions-financieres-14-juin\/#primaryimage\",\"url\":\"https:\/\/empow-her.com\/wp-content\/uploads\/2022\/03\/Women-Dare-templates-events-81.png\",\"contentUrl\":\"https:\/\/empow-her.com\/wp-content\/uploads\/2022\/03\/Women-Dare-templates-events-81.png\",\"width\":1080,\"height\":1080},{\"@type\":\"BreadcrumbList\",\"@id\":\"https:\/\/empow-her.com\/es\/produit\/atelier-business-plan-previsions-financieres-14-juin\/#breadcrumb\",\"itemListElement\":[{\"@type\":\"ListItem\",\"position\":1,\"name\":\"Accueil\",\"item\":\"https:\/\/empow-her.com\/es\/inicio\/\"},{\"@type\":\"ListItem\",\"position\":2,\"name\":\"LA BOUTIQUE\",\"item\":\"https:\/\/empow-her.com\/boutique\/\"},{\"@type\":\"ListItem\",\"position\":3,\"name\":\"Atelier &#8211; Business plan &#038; Pr\u00e9visions financi\u00e8res\"}]},{\"@type\":\"WebSite\",\"@id\":\"https:\/\/empow-her.com\/#website\",\"url\":\"https:\/\/empow-her.com\/\",\"name\":\"Empow&#039;Her\",\"description\":\"Women Development\",\"potentialAction\":[{\"@type\":\"SearchAction\",\"target\":{\"@type\":\"EntryPoint\",\"urlTemplate\":\"https:\/\/empow-her.com\/?s={search_term_string}\"},\"query-input\":{\"@type\":\"PropertyValueSpecification\",\"valueRequired\":true,\"valueName\":\"search_term_string\"}}],\"inLanguage\":\"es\"}]}<\/script>\n<!-- \/ Yoast SEO plugin. -->","yoast_head_json":{"title":"Atelier - Business plan & Pr\u00e9visions financi\u00e8res - Empow&#039;Her","robots":{"index":"index","follow":"follow","max-snippet":"max-snippet:-1","max-image-preview":"max-image-preview:large","max-video-preview":"max-video-preview:-1"},"canonical":"https:\/\/empow-her.com\/es\/produit\/atelier-business-plan-previsions-financieres-14-juin\/","og_locale":"es_ES","og_type":"article","og_title":"Atelier - Business plan & Pr\u00e9visions financi\u00e8res - Empow&#039;Her","og_description":"Qu'est-ce que le Business Plan, comment le r\u00e9diger et quels seront vos points cl\u00e9s de conviction ?  Un business plan est un outil pour convaincre vos partenaires, investisseurs, ou votre banquier, mais c'est aussi un outil de clarification qui vous permettra de clarifier vos id\u00e9es et de les structurer de mani\u00e8re claire et pr\u00e9cise !  Lors de cet atelier collectif, l'objectif sera de vous initier aux diff\u00e9rentes sections du business plan et \u00e0 la logique des pr\u00e9visions financi\u00e8res, et d'apprendre \u00e0 poser des hypoth\u00e8ses cr\u00e9dibles afin de construire un projet coh\u00e9rent et viable !  Intervenant.e.s :  Omar Bendjelloun  Pr\u00e9sentation :  Jeremy et fait partie de l'\u00e9quipe Finetic qui intervient aupr\u00e8s d'entrepreuneur.e.s \u00e0 impact dans les domaines de l'accompagnement \u00e0 lev\u00e9e de fonds, la direction financi\u00e8re de start-up ainsi que la formation et ateliers collectifs sur les sujets financiers. Il a travaill\u00e9 en tant que consultant pour des grands groupes ainsi que professeur ces 10 derni\u00e8res ann\u00e9es, en France et \u00e0 l'\u00e9tranger. Les tableaux pleins de chiffres n'ont pas de secrets pour lui !  Son super pouvoir :  Une vue d'ensemble \"analytique\" des choses !  Son petit mot :  \"Bravo pour cette premi\u00e8re d\u00e9marche vers l'entreprenariat. Nous allons faire tout notre possible pour vous accompagner vers votre r\u00eave et partager notre exp\u00e9rience avec vous !!!!\"  Lieu : Sist'Her Paris, 82 rue du Faubourg Saint-Martin    Ce projet est co-financ\u00e9 par le Fonds Social Europ\u00e9en.  \u00a0\u00a0\u00a0","og_url":"https:\/\/empow-her.com\/es\/produit\/atelier-business-plan-previsions-financieres-14-juin\/","og_site_name":"Empow&#039;Her","article_modified_time":"2022-05-11T09:19:17+00:00","og_image":[{"width":1080,"height":1080,"url":"https:\/\/empow-her.com\/wp-content\/uploads\/2022\/03\/Women-Dare-templates-events-81.png","type":"image\/png"}],"twitter_card":"summary_large_image","schema":{"@context":"https:\/\/schema.org","@graph":[{"@type":"WebPage","@id":"https:\/\/empow-her.com\/es\/produit\/atelier-business-plan-previsions-financieres-14-juin\/","url":"https:\/\/empow-her.com\/es\/produit\/atelier-business-plan-previsions-financieres-14-juin\/","name":"Atelier - Business plan & Pr\u00e9visions financi\u00e8res - Empow&#039;Her","isPartOf":{"@id":"https:\/\/empow-her.com\/#website"},"primaryImageOfPage":{"@id":"https:\/\/empow-her.com\/es\/produit\/atelier-business-plan-previsions-financieres-14-juin\/#primaryimage"},"image":{"@id":"https:\/\/empow-her.com\/es\/produit\/atelier-business-plan-previsions-financieres-14-juin\/#primaryimage"},"thumbnailUrl":"https:\/\/empow-her.com\/wp-content\/uploads\/2022\/03\/Women-Dare-templates-events-81.png","datePublished":"2022-03-18T16:05:06+00:00","dateModified":"2022-05-11T09:19:17+00:00","breadcrumb":{"@id":"https:\/\/empow-her.com\/es\/produit\/atelier-business-plan-previsions-financieres-14-juin\/#breadcrumb"},"inLanguage":"es","potentialAction":[{"@type":"ReadAction","target":["https:\/\/empow-her.com\/es\/produit\/atelier-business-plan-previsions-financieres-14-juin\/"]}]},{"@type":"ImageObject","inLanguage":"es","@id":"https:\/\/empow-her.com\/es\/produit\/atelier-business-plan-previsions-financieres-14-juin\/#primaryimage","url":"https:\/\/empow-her.com\/wp-content\/uploads\/2022\/03\/Women-Dare-templates-events-81.png","contentUrl":"https:\/\/empow-her.com\/wp-content\/uploads\/2022\/03\/Women-Dare-templates-events-81.png","width":1080,"height":1080},{"@type":"BreadcrumbList","@id":"https:\/\/empow-her.com\/es\/produit\/atelier-business-plan-previsions-financieres-14-juin\/#breadcrumb","itemListElement":[{"@type":"ListItem","position":1,"name":"Accueil","item":"https:\/\/empow-her.com\/es\/inicio\/"},{"@type":"ListItem","position":2,"name":"LA BOUTIQUE","item":"https:\/\/empow-her.com\/boutique\/"},{"@type":"ListItem","position":3,"name":"Atelier &#8211; Business plan &#038; Pr\u00e9visions financi\u00e8res"}]},{"@type":"WebSite","@id":"https:\/\/empow-her.com\/#website","url":"https:\/\/empow-her.com\/","name":"Empow&#039;Her","description":"Women Development","potentialAction":[{"@type":"SearchAction","target":{"@type":"EntryPoint","urlTemplate":"https:\/\/empow-her.com\/?s={search_term_string}"},"query-input":{"@type":"PropertyValueSpecification","valueRequired":true,"valueName":"search_term_string"}}],"inLanguage":"es"}]}},"_links":{"self":[{"href":"https:\/\/empow-her.com\/es\/wp-json\/wp\/v2\/product\/116998","targetHints":{"allow":["GET"]}}],"collection":[{"href":"https:\/\/empow-her.com\/es\/wp-json\/wp\/v2\/product"}],"about":[{"href":"https:\/\/empow-her.com\/es\/wp-json\/wp\/v2\/types\/product"}],"wp:featuredmedia":[{"embeddable":true,"href":"https:\/\/empow-her.com\/es\/wp-json\/wp\/v2\/media\/116999"}],"wp:attachment":[{"href":"https:\/\/empow-her.com\/es\/wp-json\/wp\/v2\/media?parent=116998"}],"wp:term":[{"taxonomy":"product_brand","embeddable":true,"href":"https:\/\/empow-her.com\/es\/wp-json\/wp\/v2\/product_brand?post=116998"},{"taxonomy":"product_cat","embeddable":true,"href":"https:\/\/empow-her.com\/es\/wp-json\/wp\/v2\/product_cat?post=116998"},{"taxonomy":"product_tag","embeddable":true,"href":"https:\/\/empow-her.com\/es\/wp-json\/wp\/v2\/product_tag?post=116998"},{"taxonomy":"lieu","embeddable":true,"href":"https:\/\/empow-her.com\/es\/wp-json\/wp\/v2\/lieu?post=116998"},{"taxonomy":"thematiques","embeddable":true,"href":"https:\/\/empow-her.com\/es\/wp-json\/wp\/v2\/thematiques?post=116998"}],"curies":[{"name":"wp","href":"https:\/\/api.w.org\/{rel}","templated":true}]}}