{"id":116856,"date":"2022-03-17T10:49:45","date_gmt":"2022-03-17T09:49:45","guid":{"rendered":"https:\/\/empow-her.com\/?post_type=product&#038;p=116856"},"modified":"2022-09-28T11:45:56","modified_gmt":"2022-09-28T09:45:56","slug":"economie-feministe-rencontres-litteraire","status":"publish","type":"product","link":"https:\/\/empow-her.com\/es\/produit\/economie-feministe-rencontres-litteraire\/","title":{"rendered":"BOOK CLUB #4 &#8211; L&#8217;\u00e9conomie f\u00e9ministe"},"content":{"rendered":"<p><span style=\"color: #000000;\">Rendez-vous le mercredi 20 avril de 18h30 \u00e0 20h pour la quatri\u00e8me \u00e9dition de notre book club avec une \u00e9dition sp\u00e9ciale \u00e9conomie f\u00e9ministe organis\u00e9 en partenariat avec MerciBOOKoup <span class=\"pq6dq46d tbxw36s4 knj5qynh kvgmc6g5 ditlmg2l oygrvhab nvdbi5me sf5mxxl7 gl3lb2sf hhz5lgdu\"><img decoding=\"async\" src=\"https:\/\/static.xx.fbcdn.net\/images\/emoji.php\/v9\/t76\/1.5\/16\/1f4d5.png\" alt=\"&#x1f4d5;\" width=\"16\" height=\"16\" \/><\/span><\/span><\/p>\n<p>Lors de cette \u00e9dition nous mettrons en avant des \u00e9conomistes-autrices qui abordent l&#8217;\u00e9conomie sous un angle f\u00e9ministe.<\/p>\n<p>Les in\u00e9galit\u00e9s \u00e9conomiques entra\u00eenent des injustices sociales qui impactent durablement les conditions de vie des femmes. Ces autrices se sont vivement int\u00e9ress\u00e9es \u00e0 cette cause pour identifier les premi\u00e8res causes des in\u00e9galit\u00e9s v\u00e9cues par les femmes, de sorte \u00e0 proposer des solutions concr\u00e8tes pour les combattre.<\/p>\n<p>Cette soir\u00e9e est l\u2019occasion de discuter ensemble de ces nombreux enjeux et probl\u00e9matiques avec :<\/p>\n<ul>\n<li><span style=\"color: #000000;\">L\u00e9a Lejeune, autrice de <\/span><i>Feminisme washing<\/i><\/li>\n<li><span style=\"color: #000000;\">L\u00e9a Dorion <\/span><i>L&#8217;entreprise du 21\u00e8me si\u00e8cle sera f\u00e9minist<\/i><span style=\"color: #000000;\">e <\/span><\/li>\n<li><span style=\"color: #000000;\">H\u00e9l\u00e8ne P\u00e9rivier, autrice de <\/span><span style=\"color: #000000;\"><i>L&#8217;\u00e9conomie f\u00e9ministe.<\/i><\/span><\/li>\n<\/ul>\n<p><span style=\"color: #000000;\"><span class=\"pq6dq46d tbxw36s4 knj5qynh kvgmc6g5 ditlmg2l oygrvhab nvdbi5me sf5mxxl7 gl3lb2sf hhz5lgdu\"><img decoding=\"async\" src=\"https:\/\/static.xx.fbcdn.net\/images\/emoji.php\/v9\/t86\/1.5\/16\/1f4cd.png\" alt=\"&#x1f4cd;\" width=\"16\" height=\"16\" \/><\/span> L&#8217;\u00e9v\u00e9nement aura lieu chez Sist&#8217;Her : <\/span> 82 Rue du Faubourg Saint-Martin, Paris 10<\/p>\n<p>&#x1f516; R\u00e9servation gratuite obligatoire : https:\/\/empow-her.com\/produit\/\u00e9conomie-f\u00e9ministe-rencontres-litt\u00e9raire\/<\/p>\n","protected":false},"excerpt":{"rendered":"<p><span style=\"color: #000000;\">Rendez-vous le mercredi 20 avril de 19h \u00e0 20h pour la quatri\u00e8me \u00e9dition de notre book club avec une \u00e9dition sp\u00e9ciale \u00e9conomie f\u00e9ministe organis\u00e9 en partenariat avec MerciBOOKoup <span class=\"pq6dq46d tbxw36s4 knj5qynh kvgmc6g5 ditlmg2l oygrvhab nvdbi5me sf5mxxl7 gl3lb2sf hhz5lgdu\"><img decoding=\"async\" src=\"https:\/\/static.xx.fbcdn.net\/images\/emoji.php\/v9\/t76\/1.5\/16\/1f4d5.png\" alt=\"&#x1f4d5;\" width=\"16\" height=\"16\" \/><\/span><\/span><\/p>\n<p>Lors de cette \u00e9dition nous mettrons en avant des \u00e9conomistes-autrices qui abordent l&#8217;\u00e9conomie sous un angle f\u00e9ministe.<\/p>\n<p>Les in\u00e9galit\u00e9s \u00e9conomiques entra\u00eenent des injustices sociales qui impactent durablement les conditions de vie des femmes. Ces autrices se sont vivement int\u00e9ress\u00e9es \u00e0 cette cause pour identifier les premi\u00e8res causes des in\u00e9galit\u00e9s v\u00e9cues par les femmes, de sorte \u00e0 proposer des solutions concr\u00e8tes pour les combattre.<\/p>\n<p>Cette soir\u00e9e est l\u2019occasion de discuter ensemble de ces nombreux enjeux et probl\u00e9matiques avec :<\/p>\n<ul>\n<li><span style=\"color: #000000;\">L\u00e9a Lejeune, autrice de <\/span><i>Feminisme washing<\/i><\/li>\n<li><span style=\"color: #000000;\">L\u00e9a Dorion <\/span><i>L&#8217;entreprise du 21\u00e8me si\u00e8cle sera f\u00e9minist<\/i><span style=\"color: #000000;\">e <\/span><\/li>\n<li><span style=\"color: #000000;\">H\u00e9l\u00e8ne P\u00e9rivier, autrice de <\/span><span style=\"color: #000000;\"><i>L&#8217;\u00e9conomie f\u00e9ministe.<\/i><\/span><\/li>\n<\/ul>\n<p><span style=\"color: #000000;\"><span class=\"pq6dq46d tbxw36s4 knj5qynh kvgmc6g5 ditlmg2l oygrvhab nvdbi5me sf5mxxl7 gl3lb2sf hhz5lgdu\"><img decoding=\"async\" src=\"https:\/\/static.xx.fbcdn.net\/images\/emoji.php\/v9\/t86\/1.5\/16\/1f4cd.png\" alt=\"&#x1f4cd;\" width=\"16\" height=\"16\" \/><\/span> L&#8217;\u00e9v\u00e9nement aura lieu chez Sist&#8217;Her : <\/span> 82 Rue du Faubourg Saint-Martin, Paris 10<\/p>\n<p>&#x1f516; R\u00e9servation gratuite obligatoire : https:\/\/empow-her.com\/produit\/\u00e9conomie-f\u00e9ministe-rencontres-litt\u00e9raire\/<\/p>\n","protected":false},"featured_media":116864,"template":"","format":"standard","meta":{"_acf_changed":false,"om_disable_all_campaigns":false,"_uf_show_specific_survey":0,"_uf_disable_surveys":false},"product_brand":[],"product_cat":[119],"product_tag":[],"lieu":[127],"thematiques":[],"class_list":{"0":"post-116856","1":"product","2":"type-product","3":"status-publish","4":"format-standard","5":"has-post-thumbnail","7":"product_cat-evenement-sisther","8":"lieu-hub-empowher","10":"first","11":"instock","12":"virtual","13":"purchasable","14":"product-type-appointment"},"exclude_global_add_ons":[],"addons":[],"acf":[],"yoast_head":"<!-- This site is optimized with the Yoast SEO plugin v24.8 - https:\/\/yoast.com\/wordpress\/plugins\/seo\/ -->\n<title>BOOK CLUB #4 - L&#039;\u00e9conomie f\u00e9ministe - Empow&#039;Her<\/title>\n<meta name=\"description\" content=\"Les in\u00e9galit\u00e9s \u00e9conomiques touchent d&#039;avantage les femmes que les hommes, venez \u00e9changer avec trois autrices f\u00e9ministes engag\u00e9es \u00e0 ce sujet !\" \/>\n<meta name=\"robots\" content=\"index, follow, max-snippet:-1, max-image-preview:large, max-video-preview:-1\" \/>\n<link rel=\"canonical\" href=\"https:\/\/empow-her.com\/produit\/economie-feministe-rencontres-litteraire\/\" \/>\n<meta property=\"og:locale\" content=\"es_ES\" \/>\n<meta property=\"og:type\" content=\"article\" \/>\n<meta property=\"og:title\" content=\"BOOK CLUB #4 - L&#039;\u00e9conomie f\u00e9ministe - Empow&#039;Her\" \/>\n<meta property=\"og:description\" content=\"Les in\u00e9galit\u00e9s \u00e9conomiques touchent d&#039;avantage les femmes que les hommes, venez \u00e9changer avec trois autrices f\u00e9ministes engag\u00e9es \u00e0 ce sujet !\" \/>\n<meta property=\"og:url\" content=\"https:\/\/empow-her.com\/produit\/economie-feministe-rencontres-litteraire\/\" \/>\n<meta property=\"og:site_name\" content=\"Empow&#039;Her\" \/>\n<meta property=\"article:modified_time\" content=\"2022-09-28T09:45:56+00:00\" \/>\n<meta property=\"og:image\" content=\"https:\/\/empow-her.com\/wp-content\/uploads\/2022\/03\/Template-Event-SistHer-site-1-1.png\" \/>\n\t<meta property=\"og:image:width\" content=\"1080\" \/>\n\t<meta property=\"og:image:height\" content=\"1080\" \/>\n\t<meta property=\"og:image:type\" content=\"image\/png\" \/>\n<meta name=\"twitter:card\" content=\"summary_large_image\" \/>\n<meta name=\"twitter:label1\" content=\"Tiempo de lectura\" \/>\n\t<meta name=\"twitter:data1\" content=\"2 minutos\" \/>\n<script type=\"application\/ld+json\" class=\"yoast-schema-graph\">{\"@context\":\"https:\/\/schema.org\",\"@graph\":[{\"@type\":\"WebPage\",\"@id\":\"https:\/\/empow-her.com\/produit\/economie-feministe-rencontres-litteraire\/\",\"url\":\"https:\/\/empow-her.com\/produit\/economie-feministe-rencontres-litteraire\/\",\"name\":\"BOOK CLUB #4 - L'\u00e9conomie f\u00e9ministe - Empow&#039;Her\",\"isPartOf\":{\"@id\":\"https:\/\/empow-her.com\/#website\"},\"primaryImageOfPage\":{\"@id\":\"https:\/\/empow-her.com\/produit\/economie-feministe-rencontres-litteraire\/#primaryimage\"},\"image\":{\"@id\":\"https:\/\/empow-her.com\/produit\/economie-feministe-rencontres-litteraire\/#primaryimage\"},\"thumbnailUrl\":\"https:\/\/empow-her.com\/wp-content\/uploads\/2022\/03\/Template-Event-SistHer-site-1-1.png\",\"datePublished\":\"2022-03-17T09:49:45+00:00\",\"dateModified\":\"2022-09-28T09:45:56+00:00\",\"description\":\"Les in\u00e9galit\u00e9s \u00e9conomiques touchent d'avantage les femmes que les hommes, venez \u00e9changer avec trois autrices f\u00e9ministes engag\u00e9es \u00e0 ce sujet !\",\"breadcrumb\":{\"@id\":\"https:\/\/empow-her.com\/produit\/economie-feministe-rencontres-litteraire\/#breadcrumb\"},\"inLanguage\":\"es\",\"potentialAction\":[{\"@type\":\"ReadAction\",\"target\":[\"https:\/\/empow-her.com\/produit\/economie-feministe-rencontres-litteraire\/\"]}]},{\"@type\":\"ImageObject\",\"inLanguage\":\"es\",\"@id\":\"https:\/\/empow-her.com\/produit\/economie-feministe-rencontres-litteraire\/#primaryimage\",\"url\":\"https:\/\/empow-her.com\/wp-content\/uploads\/2022\/03\/Template-Event-SistHer-site-1-1.png\",\"contentUrl\":\"https:\/\/empow-her.com\/wp-content\/uploads\/2022\/03\/Template-Event-SistHer-site-1-1.png\",\"width\":1080,\"height\":1080},{\"@type\":\"BreadcrumbList\",\"@id\":\"https:\/\/empow-her.com\/produit\/economie-feministe-rencontres-litteraire\/#breadcrumb\",\"itemListElement\":[{\"@type\":\"ListItem\",\"position\":1,\"name\":\"Accueil\",\"item\":\"https:\/\/empow-her.com\/es\/inicio\/\"},{\"@type\":\"ListItem\",\"position\":2,\"name\":\"LA BOUTIQUE\",\"item\":\"https:\/\/empow-her.com\/boutique\/\"},{\"@type\":\"ListItem\",\"position\":3,\"name\":\"BOOK CLUB #4 &#8211; L&#8217;\u00e9conomie f\u00e9ministe\"}]},{\"@type\":\"WebSite\",\"@id\":\"https:\/\/empow-her.com\/#website\",\"url\":\"https:\/\/empow-her.com\/\",\"name\":\"Empow&#039;Her\",\"description\":\"Women Development\",\"potentialAction\":[{\"@type\":\"SearchAction\",\"target\":{\"@type\":\"EntryPoint\",\"urlTemplate\":\"https:\/\/empow-her.com\/?s={search_term_string}\"},\"query-input\":{\"@type\":\"PropertyValueSpecification\",\"valueRequired\":true,\"valueName\":\"search_term_string\"}}],\"inLanguage\":\"es\"}]}<\/script>\n<!-- \/ Yoast SEO plugin. -->","yoast_head_json":{"title":"BOOK CLUB #4 - L'\u00e9conomie f\u00e9ministe - Empow&#039;Her","description":"Les in\u00e9galit\u00e9s \u00e9conomiques touchent d'avantage les femmes que les hommes, venez \u00e9changer avec trois autrices f\u00e9ministes engag\u00e9es \u00e0 ce sujet !","robots":{"index":"index","follow":"follow","max-snippet":"max-snippet:-1","max-image-preview":"max-image-preview:large","max-video-preview":"max-video-preview:-1"},"canonical":"https:\/\/empow-her.com\/produit\/economie-feministe-rencontres-litteraire\/","og_locale":"es_ES","og_type":"article","og_title":"BOOK CLUB #4 - L'\u00e9conomie f\u00e9ministe - Empow&#039;Her","og_description":"Les in\u00e9galit\u00e9s \u00e9conomiques touchent d'avantage les femmes que les hommes, venez \u00e9changer avec trois autrices f\u00e9ministes engag\u00e9es \u00e0 ce sujet !","og_url":"https:\/\/empow-her.com\/produit\/economie-feministe-rencontres-litteraire\/","og_site_name":"Empow&#039;Her","article_modified_time":"2022-09-28T09:45:56+00:00","og_image":[{"width":1080,"height":1080,"url":"https:\/\/empow-her.com\/wp-content\/uploads\/2022\/03\/Template-Event-SistHer-site-1-1.png","type":"image\/png"}],"twitter_card":"summary_large_image","twitter_misc":{"Tiempo de lectura":"2 minutos"},"schema":{"@context":"https:\/\/schema.org","@graph":[{"@type":"WebPage","@id":"https:\/\/empow-her.com\/produit\/economie-feministe-rencontres-litteraire\/","url":"https:\/\/empow-her.com\/produit\/economie-feministe-rencontres-litteraire\/","name":"BOOK CLUB #4 - L'\u00e9conomie f\u00e9ministe - Empow&#039;Her","isPartOf":{"@id":"https:\/\/empow-her.com\/#website"},"primaryImageOfPage":{"@id":"https:\/\/empow-her.com\/produit\/economie-feministe-rencontres-litteraire\/#primaryimage"},"image":{"@id":"https:\/\/empow-her.com\/produit\/economie-feministe-rencontres-litteraire\/#primaryimage"},"thumbnailUrl":"https:\/\/empow-her.com\/wp-content\/uploads\/2022\/03\/Template-Event-SistHer-site-1-1.png","datePublished":"2022-03-17T09:49:45+00:00","dateModified":"2022-09-28T09:45:56+00:00","description":"Les in\u00e9galit\u00e9s \u00e9conomiques touchent d'avantage les femmes que les hommes, venez \u00e9changer avec trois autrices f\u00e9ministes engag\u00e9es \u00e0 ce sujet !","breadcrumb":{"@id":"https:\/\/empow-her.com\/produit\/economie-feministe-rencontres-litteraire\/#breadcrumb"},"inLanguage":"es","potentialAction":[{"@type":"ReadAction","target":["https:\/\/empow-her.com\/produit\/economie-feministe-rencontres-litteraire\/"]}]},{"@type":"ImageObject","inLanguage":"es","@id":"https:\/\/empow-her.com\/produit\/economie-feministe-rencontres-litteraire\/#primaryimage","url":"https:\/\/empow-her.com\/wp-content\/uploads\/2022\/03\/Template-Event-SistHer-site-1-1.png","contentUrl":"https:\/\/empow-her.com\/wp-content\/uploads\/2022\/03\/Template-Event-SistHer-site-1-1.png","width":1080,"height":1080},{"@type":"BreadcrumbList","@id":"https:\/\/empow-her.com\/produit\/economie-feministe-rencontres-litteraire\/#breadcrumb","itemListElement":[{"@type":"ListItem","position":1,"name":"Accueil","item":"https:\/\/empow-her.com\/es\/inicio\/"},{"@type":"ListItem","position":2,"name":"LA BOUTIQUE","item":"https:\/\/empow-her.com\/boutique\/"},{"@type":"ListItem","position":3,"name":"BOOK CLUB #4 &#8211; L&#8217;\u00e9conomie f\u00e9ministe"}]},{"@type":"WebSite","@id":"https:\/\/empow-her.com\/#website","url":"https:\/\/empow-her.com\/","name":"Empow&#039;Her","description":"Women Development","potentialAction":[{"@type":"SearchAction","target":{"@type":"EntryPoint","urlTemplate":"https:\/\/empow-her.com\/?s={search_term_string}"},"query-input":{"@type":"PropertyValueSpecification","valueRequired":true,"valueName":"search_term_string"}}],"inLanguage":"es"}]}},"_links":{"self":[{"href":"https:\/\/empow-her.com\/es\/wp-json\/wp\/v2\/product\/116856","targetHints":{"allow":["GET"]}}],"collection":[{"href":"https:\/\/empow-her.com\/es\/wp-json\/wp\/v2\/product"}],"about":[{"href":"https:\/\/empow-her.com\/es\/wp-json\/wp\/v2\/types\/product"}],"wp:featuredmedia":[{"embeddable":true,"href":"https:\/\/empow-her.com\/es\/wp-json\/wp\/v2\/media\/116864"}],"wp:attachment":[{"href":"https:\/\/empow-her.com\/es\/wp-json\/wp\/v2\/media?parent=116856"}],"wp:term":[{"taxonomy":"product_brand","embeddable":true,"href":"https:\/\/empow-her.com\/es\/wp-json\/wp\/v2\/product_brand?post=116856"},{"taxonomy":"product_cat","embeddable":true,"href":"https:\/\/empow-her.com\/es\/wp-json\/wp\/v2\/product_cat?post=116856"},{"taxonomy":"product_tag","embeddable":true,"href":"https:\/\/empow-her.com\/es\/wp-json\/wp\/v2\/product_tag?post=116856"},{"taxonomy":"lieu","embeddable":true,"href":"https:\/\/empow-her.com\/es\/wp-json\/wp\/v2\/lieu?post=116856"},{"taxonomy":"thematiques","embeddable":true,"href":"https:\/\/empow-her.com\/es\/wp-json\/wp\/v2\/thematiques?post=116856"}],"curies":[{"name":"wp","href":"https:\/\/api.w.org\/{rel}","templated":true}]}}