{"id":116789,"date":"2022-03-16T14:27:31","date_gmt":"2022-03-16T13:27:31","guid":{"rendered":"https:\/\/empow-her.com\/?post_type=product&#038;p=116789"},"modified":"2022-05-05T18:04:32","modified_gmt":"2022-05-05T16:04:32","slug":"coaching-agir-avec-coherence-grace-a-ma-raison-d-etre-mes-valeurs","status":"publish","type":"product","link":"https:\/\/empow-her.com\/es\/produit\/coaching-agir-avec-coherence-grace-a-ma-raison-d-etre-mes-valeurs\/","title":{"rendered":"Coaching &#8211; Agir avec coh\u00e9rence gr\u00e2ce \u00e0 ma raison d&#8217;\u00eatre et mes valeurs"},"content":{"rendered":"","protected":false},"excerpt":{"rendered":"<p>La raison d\u2019\u00eatre, c\u2019est sa contribution apport\u00e9e de fa\u00e7on unique afin de r\u00e9pondre \u00e0 des besoins et enjeux fondamentaux dans le monde. C\u2019est une boussole qui aide \u00e0 se donner un sens de direction, un moteur pour se mettre en mouvement. Elle est le plus souvent repr\u00e9sent\u00e9e par une phrase avec un verbe d\u2019action. Elle permet de faire des choix, prendre des d\u00e9cisions et de savoir dire oui ou non \u00e0 des opportunit\u00e9s. Chacun\u00b7e de nous a ensuite une mani\u00e8re unique de l\u2019incarner dans ses projets.<\/p>\n<p>Lors de ce coaching, prenez un temps de recul pour aligner vos motivations, vos valeurs et votre raison d&#8217;\u00eatre avec votre projet.<\/p>\n<p>&nbsp;<\/p>\n<p><strong>Intervenant.e.s :\u00a0<\/strong><br \/>\nSophie Petit<\/p>\n<p><strong>Pr\u00e9sentation : <\/strong><br \/>\n&#x2640;\ufe0e Coach professionnelle, Sophie a \u00e0 c\u0153ur de s\u2019engager aux c\u00f4t\u00e9s des femmes pour les accompagner \u00e0 se sentir audacieuses, puissantes et joyeusement libres d\u2019agir, de cr\u00e9er, d\u2019entreprendre et de r\u00eaver.<br \/>\nElle m\u00e8ne ces missions au sein de l\u2019Agence \u2018Bulles\u2019 qu\u2019elle a co-fond\u00e9e avec sa s\u0153ur C\u00e9cile.<br \/>\n\u2661 Passionn\u00e9e par les rencontres et le voyage, elle \u00e9crit et r\u00e9alise des reportages narratifs multiformats pour mettre en lumi\u00e8re des personnes hautes en couleur et des univers singuliers.<br \/>\n\u2727 Entrepreneure dans l\u2019\u00e2me, elle porte aussi un projet dont elle explore actuellement les possibles : l\u2019\u00e9co-conception d\u2019une maison d\u2019\u00e9dition artisanale color\u00e9e et engag\u00e9e.<\/p>\n<p><strong>Son super pouvoir : <\/strong><br \/>\nAgente (secrt\u00e8e !) de talents<\/p>\n<p><strong>Son petit mot : <\/strong><br \/>\nJ\u2019aime cette citation de Gloria Steinem, \u00e9crivaine, activiste et f\u00e9ministe : \u201cSans effort d\u2019imagination ou de r\u00eaves, nous perdons l\u2019excitation des possibilit\u00e9s. Apr\u00e8s tout, r\u00eaver est une sorte de planification\u201d. Alors osez r\u00eaver vos projets pour cultiver votre confiance, votre audace et votre puissance d\u2019agir !<\/p>\n<p>&nbsp;<\/p>\n<p>&nbsp;<\/p>\n<p>Session de coaching<strong> en\u00a0 ligne<\/strong><\/p>\n<p><strong>Dur\u00e9e<\/strong> : U<span data-sheets-value=\"{&quot;1&quot;:2,&quot;2&quot;:&quot;Permanence de 4h avec un cr\u00e9neau de 1h par participante (+ 15 minutes entre chaque)&quot;}\" data-sheets-userformat=\"{&quot;2&quot;:7167,&quot;3&quot;:{&quot;1&quot;:0},&quot;4&quot;:{&quot;1&quot;:2,&quot;2&quot;:16777215},&quot;5&quot;:{&quot;1&quot;:[{&quot;1&quot;:2,&quot;2&quot;:0,&quot;5&quot;:{&quot;1&quot;:2,&quot;2&quot;:0}},{&quot;1&quot;:0,&quot;2&quot;:0,&quot;3&quot;:3},{&quot;1&quot;:1,&quot;2&quot;:0,&quot;4&quot;:1}]},&quot;6&quot;:{&quot;1&quot;:[{&quot;1&quot;:2,&quot;2&quot;:0,&quot;5&quot;:{&quot;1&quot;:2,&quot;2&quot;:0}},{&quot;1&quot;:0,&quot;2&quot;:0,&quot;3&quot;:3},{&quot;1&quot;:1,&quot;2&quot;:0,&quot;4&quot;:1}]},&quot;7&quot;:{&quot;1&quot;:[{&quot;1&quot;:2,&quot;2&quot;:0,&quot;5&quot;:{&quot;1&quot;:2,&quot;2&quot;:0}},{&quot;1&quot;:0,&quot;2&quot;:0,&quot;3&quot;:3},{&quot;1&quot;:1,&quot;2&quot;:0,&quot;4&quot;:1}]},&quot;8&quot;:{&quot;1&quot;:[{&quot;1&quot;:2,&quot;2&quot;:0,&quot;5&quot;:{&quot;1&quot;:2,&quot;2&quot;:0}},{&quot;1&quot;:0,&quot;2&quot;:0,&quot;3&quot;:3},{&quot;1&quot;:1,&quot;2&quot;:0,&quot;4&quot;:1}]},&quot;9&quot;:0,&quot;10&quot;:1,&quot;11&quot;:4,&quot;12&quot;:0,&quot;14&quot;:{&quot;1&quot;:2,&quot;2&quot;:0},&quot;15&quot;:&quot;Calibri&quot;}\">n cr\u00e9neau de 1h en individuel<\/span><\/p>\n<p>&nbsp;<\/p>\n<p>Ce projet est co-financ\u00e9 par le Fonds Social Europ\u00e9en.<\/p>\n<p><img decoding=\"async\" class=\"alignnone size-medium wp-image-15794\" src=\"https:\/\/empow-her.com\/wp-content\/uploads\/2021\/07\/fse-logos-1-300x54.png\" alt=\"\" width=\"300\" height=\"54\" srcset=\"https:\/\/empow-her.com\/wp-content\/uploads\/2021\/07\/fse-logos-1-300x54.png 300w, https:\/\/empow-her.com\/wp-content\/uploads\/2021\/07\/fse-logos-1-600x108.png 600w, https:\/\/empow-her.com\/wp-content\/uploads\/2021\/07\/fse-logos-1-1024x184.png 1024w, https:\/\/empow-her.com\/wp-content\/uploads\/2021\/07\/fse-logos-1-768x138.png 768w, https:\/\/empow-her.com\/wp-content\/uploads\/2021\/07\/fse-logos-1-1536x275.png 1536w, https:\/\/empow-her.com\/wp-content\/uploads\/2021\/07\/fse-logos-1-2048x367.png 2048w, https:\/\/empow-her.com\/wp-content\/uploads\/2021\/07\/fse-logos-1-24x4.png 24w, https:\/\/empow-her.com\/wp-content\/uploads\/2021\/07\/fse-logos-1-36x6.png 36w, https:\/\/empow-her.com\/wp-content\/uploads\/2021\/07\/fse-logos-1-48x9.png 48w\" sizes=\"(max-width: 300px) 100vw, 300px\" \/><\/p>\n","protected":false},"featured_media":116802,"template":"","format":"standard","meta":{"_acf_changed":false,"om_disable_all_campaigns":false,"_uf_show_specific_survey":0,"_uf_disable_surveys":false},"product_brand":[],"product_cat":[121],"product_tag":[],"lieu":[125],"thematiques":[],"class_list":{"0":"post-116789","1":"product","2":"type-product","3":"status-publish","4":"format-standard","5":"has-post-thumbnail","7":"product_cat-coaching","8":"lieu-en-ligne","10":"first","11":"instock","12":"virtual","13":"purchasable","14":"product-type-appointment"},"exclude_global_add_ons":[],"addons":[],"acf":[],"yoast_head":"<!-- This site is optimized with the Yoast SEO plugin v24.8 - https:\/\/yoast.com\/wordpress\/plugins\/seo\/ -->\n<title>Coaching - Agir avec coh\u00e9rence gr\u00e2ce \u00e0 ma raison d&#039;\u00eatre et mes valeurs - Empow&#039;Her<\/title>\n<meta name=\"robots\" content=\"index, follow, max-snippet:-1, max-image-preview:large, max-video-preview:-1\" \/>\n<link rel=\"canonical\" href=\"https:\/\/empow-her.com\/es\/produit\/coaching-agir-avec-coherence-grace-a-ma-raison-d-etre-mes-valeurs\/\" \/>\n<meta property=\"og:locale\" content=\"es_ES\" \/>\n<meta property=\"og:type\" content=\"article\" \/>\n<meta property=\"og:title\" content=\"Coaching - Agir avec coh\u00e9rence gr\u00e2ce \u00e0 ma raison d&#039;\u00eatre et mes valeurs - Empow&#039;Her\" \/>\n<meta property=\"og:description\" content=\"La raison d\u2019\u00eatre, c\u2019est sa contribution apport\u00e9e de fa\u00e7on unique afin de r\u00e9pondre \u00e0 des besoins et enjeux fondamentaux dans le monde. C\u2019est une boussole qui aide \u00e0 se donner un sens de direction, un moteur pour se mettre en mouvement. Elle est le plus souvent repr\u00e9sent\u00e9e par une phrase avec un verbe d\u2019action. Elle permet de faire des choix, prendre des d\u00e9cisions et de savoir dire oui ou non \u00e0 des opportunit\u00e9s. Chacun\u00b7e de nous a ensuite une mani\u00e8re unique de l\u2019incarner dans ses projets.  Lors de ce coaching, prenez un temps de recul pour aligner vos motivations, vos valeurs et votre raison d&#039;\u00eatre avec votre projet.  &nbsp;  Intervenant.e.s :\u00a0 Sophie Petit  Pr\u00e9sentation :  &#x2640;\ufe0e Coach professionnelle, Sophie a \u00e0 c\u0153ur de s\u2019engager aux c\u00f4t\u00e9s des femmes pour les accompagner \u00e0 se sentir audacieuses, puissantes et joyeusement libres d\u2019agir, de cr\u00e9er, d\u2019entreprendre et de r\u00eaver. Elle m\u00e8ne ces missions au sein de l\u2019Agence \u2018Bulles\u2019 qu\u2019elle a co-fond\u00e9e avec sa s\u0153ur C\u00e9cile. \u2661 Passionn\u00e9e par les rencontres et le voyage, elle \u00e9crit et r\u00e9alise des reportages narratifs multiformats pour mettre en lumi\u00e8re des personnes hautes en couleur et des univers singuliers. \u2727 Entrepreneure dans l\u2019\u00e2me, elle porte aussi un projet dont elle explore actuellement les possibles : l\u2019\u00e9co-conception d\u2019une maison d\u2019\u00e9dition artisanale color\u00e9e et engag\u00e9e.  Son super pouvoir :  Agente (secrt\u00e8e !) de talents  Son petit mot :  J\u2019aime cette citation de Gloria Steinem, \u00e9crivaine, activiste et f\u00e9ministe : \u201cSans effort d\u2019imagination ou de r\u00eaves, nous perdons l\u2019excitation des possibilit\u00e9s. Apr\u00e8s tout, r\u00eaver est une sorte de planification\u201d. Alors osez r\u00eaver vos projets pour cultiver votre confiance, votre audace et votre puissance d\u2019agir !  &nbsp;  &nbsp;  Session de coaching en\u00a0 ligne  Dur\u00e9e : Un cr\u00e9neau de 1h en individuel  &nbsp;  Ce projet est co-financ\u00e9 par le Fonds Social Europ\u00e9en.\" \/>\n<meta property=\"og:url\" content=\"https:\/\/empow-her.com\/es\/produit\/coaching-agir-avec-coherence-grace-a-ma-raison-d-etre-mes-valeurs\/\" \/>\n<meta property=\"og:site_name\" content=\"Empow&#039;Her\" \/>\n<meta property=\"article:modified_time\" content=\"2022-05-05T16:04:32+00:00\" \/>\n<meta property=\"og:image\" content=\"https:\/\/empow-her.com\/wp-content\/uploads\/2022\/03\/Women-Dare-templates-events-69.png\" \/>\n\t<meta property=\"og:image:width\" content=\"1080\" \/>\n\t<meta property=\"og:image:height\" content=\"1080\" \/>\n\t<meta property=\"og:image:type\" content=\"image\/png\" \/>\n<meta name=\"twitter:card\" content=\"summary_large_image\" \/>\n<script type=\"application\/ld+json\" class=\"yoast-schema-graph\">{\"@context\":\"https:\/\/schema.org\",\"@graph\":[{\"@type\":\"WebPage\",\"@id\":\"https:\/\/empow-her.com\/es\/produit\/coaching-agir-avec-coherence-grace-a-ma-raison-d-etre-mes-valeurs\/\",\"url\":\"https:\/\/empow-her.com\/es\/produit\/coaching-agir-avec-coherence-grace-a-ma-raison-d-etre-mes-valeurs\/\",\"name\":\"Coaching - Agir avec coh\u00e9rence gr\u00e2ce \u00e0 ma raison d'\u00eatre et mes valeurs - Empow&#039;Her\",\"isPartOf\":{\"@id\":\"https:\/\/empow-her.com\/#website\"},\"primaryImageOfPage\":{\"@id\":\"https:\/\/empow-her.com\/es\/produit\/coaching-agir-avec-coherence-grace-a-ma-raison-d-etre-mes-valeurs\/#primaryimage\"},\"image\":{\"@id\":\"https:\/\/empow-her.com\/es\/produit\/coaching-agir-avec-coherence-grace-a-ma-raison-d-etre-mes-valeurs\/#primaryimage\"},\"thumbnailUrl\":\"https:\/\/empow-her.com\/wp-content\/uploads\/2022\/03\/Women-Dare-templates-events-69.png\",\"datePublished\":\"2022-03-16T13:27:31+00:00\",\"dateModified\":\"2022-05-05T16:04:32+00:00\",\"breadcrumb\":{\"@id\":\"https:\/\/empow-her.com\/es\/produit\/coaching-agir-avec-coherence-grace-a-ma-raison-d-etre-mes-valeurs\/#breadcrumb\"},\"inLanguage\":\"es\",\"potentialAction\":[{\"@type\":\"ReadAction\",\"target\":[\"https:\/\/empow-her.com\/es\/produit\/coaching-agir-avec-coherence-grace-a-ma-raison-d-etre-mes-valeurs\/\"]}]},{\"@type\":\"ImageObject\",\"inLanguage\":\"es\",\"@id\":\"https:\/\/empow-her.com\/es\/produit\/coaching-agir-avec-coherence-grace-a-ma-raison-d-etre-mes-valeurs\/#primaryimage\",\"url\":\"https:\/\/empow-her.com\/wp-content\/uploads\/2022\/03\/Women-Dare-templates-events-69.png\",\"contentUrl\":\"https:\/\/empow-her.com\/wp-content\/uploads\/2022\/03\/Women-Dare-templates-events-69.png\",\"width\":1080,\"height\":1080},{\"@type\":\"BreadcrumbList\",\"@id\":\"https:\/\/empow-her.com\/es\/produit\/coaching-agir-avec-coherence-grace-a-ma-raison-d-etre-mes-valeurs\/#breadcrumb\",\"itemListElement\":[{\"@type\":\"ListItem\",\"position\":1,\"name\":\"Accueil\",\"item\":\"https:\/\/empow-her.com\/es\/inicio\/\"},{\"@type\":\"ListItem\",\"position\":2,\"name\":\"LA BOUTIQUE\",\"item\":\"https:\/\/empow-her.com\/boutique\/\"},{\"@type\":\"ListItem\",\"position\":3,\"name\":\"Coaching &#8211; Agir avec coh\u00e9rence gr\u00e2ce \u00e0 ma raison d&#8217;\u00eatre et mes valeurs\"}]},{\"@type\":\"WebSite\",\"@id\":\"https:\/\/empow-her.com\/#website\",\"url\":\"https:\/\/empow-her.com\/\",\"name\":\"Empow&#039;Her\",\"description\":\"Women Development\",\"potentialAction\":[{\"@type\":\"SearchAction\",\"target\":{\"@type\":\"EntryPoint\",\"urlTemplate\":\"https:\/\/empow-her.com\/?s={search_term_string}\"},\"query-input\":{\"@type\":\"PropertyValueSpecification\",\"valueRequired\":true,\"valueName\":\"search_term_string\"}}],\"inLanguage\":\"es\"}]}<\/script>\n<!-- \/ Yoast SEO plugin. -->","yoast_head_json":{"title":"Coaching - Agir avec coh\u00e9rence gr\u00e2ce \u00e0 ma raison d'\u00eatre et mes valeurs - Empow&#039;Her","robots":{"index":"index","follow":"follow","max-snippet":"max-snippet:-1","max-image-preview":"max-image-preview:large","max-video-preview":"max-video-preview:-1"},"canonical":"https:\/\/empow-her.com\/es\/produit\/coaching-agir-avec-coherence-grace-a-ma-raison-d-etre-mes-valeurs\/","og_locale":"es_ES","og_type":"article","og_title":"Coaching - Agir avec coh\u00e9rence gr\u00e2ce \u00e0 ma raison d'\u00eatre et mes valeurs - Empow&#039;Her","og_description":"La raison d\u2019\u00eatre, c\u2019est sa contribution apport\u00e9e de fa\u00e7on unique afin de r\u00e9pondre \u00e0 des besoins et enjeux fondamentaux dans le monde. C\u2019est une boussole qui aide \u00e0 se donner un sens de direction, un moteur pour se mettre en mouvement. Elle est le plus souvent repr\u00e9sent\u00e9e par une phrase avec un verbe d\u2019action. Elle permet de faire des choix, prendre des d\u00e9cisions et de savoir dire oui ou non \u00e0 des opportunit\u00e9s. Chacun\u00b7e de nous a ensuite une mani\u00e8re unique de l\u2019incarner dans ses projets.  Lors de ce coaching, prenez un temps de recul pour aligner vos motivations, vos valeurs et votre raison d'\u00eatre avec votre projet.  &nbsp;  Intervenant.e.s :\u00a0 Sophie Petit  Pr\u00e9sentation :  &#x2640;\ufe0e Coach professionnelle, Sophie a \u00e0 c\u0153ur de s\u2019engager aux c\u00f4t\u00e9s des femmes pour les accompagner \u00e0 se sentir audacieuses, puissantes et joyeusement libres d\u2019agir, de cr\u00e9er, d\u2019entreprendre et de r\u00eaver. Elle m\u00e8ne ces missions au sein de l\u2019Agence \u2018Bulles\u2019 qu\u2019elle a co-fond\u00e9e avec sa s\u0153ur C\u00e9cile. \u2661 Passionn\u00e9e par les rencontres et le voyage, elle \u00e9crit et r\u00e9alise des reportages narratifs multiformats pour mettre en lumi\u00e8re des personnes hautes en couleur et des univers singuliers. \u2727 Entrepreneure dans l\u2019\u00e2me, elle porte aussi un projet dont elle explore actuellement les possibles : l\u2019\u00e9co-conception d\u2019une maison d\u2019\u00e9dition artisanale color\u00e9e et engag\u00e9e.  Son super pouvoir :  Agente (secrt\u00e8e !) de talents  Son petit mot :  J\u2019aime cette citation de Gloria Steinem, \u00e9crivaine, activiste et f\u00e9ministe : \u201cSans effort d\u2019imagination ou de r\u00eaves, nous perdons l\u2019excitation des possibilit\u00e9s. Apr\u00e8s tout, r\u00eaver est une sorte de planification\u201d. Alors osez r\u00eaver vos projets pour cultiver votre confiance, votre audace et votre puissance d\u2019agir !  &nbsp;  &nbsp;  Session de coaching en\u00a0 ligne  Dur\u00e9e : Un cr\u00e9neau de 1h en individuel  &nbsp;  Ce projet est co-financ\u00e9 par le Fonds Social Europ\u00e9en.","og_url":"https:\/\/empow-her.com\/es\/produit\/coaching-agir-avec-coherence-grace-a-ma-raison-d-etre-mes-valeurs\/","og_site_name":"Empow&#039;Her","article_modified_time":"2022-05-05T16:04:32+00:00","og_image":[{"width":1080,"height":1080,"url":"https:\/\/empow-her.com\/wp-content\/uploads\/2022\/03\/Women-Dare-templates-events-69.png","type":"image\/png"}],"twitter_card":"summary_large_image","schema":{"@context":"https:\/\/schema.org","@graph":[{"@type":"WebPage","@id":"https:\/\/empow-her.com\/es\/produit\/coaching-agir-avec-coherence-grace-a-ma-raison-d-etre-mes-valeurs\/","url":"https:\/\/empow-her.com\/es\/produit\/coaching-agir-avec-coherence-grace-a-ma-raison-d-etre-mes-valeurs\/","name":"Coaching - Agir avec coh\u00e9rence gr\u00e2ce \u00e0 ma raison d'\u00eatre et mes valeurs - Empow&#039;Her","isPartOf":{"@id":"https:\/\/empow-her.com\/#website"},"primaryImageOfPage":{"@id":"https:\/\/empow-her.com\/es\/produit\/coaching-agir-avec-coherence-grace-a-ma-raison-d-etre-mes-valeurs\/#primaryimage"},"image":{"@id":"https:\/\/empow-her.com\/es\/produit\/coaching-agir-avec-coherence-grace-a-ma-raison-d-etre-mes-valeurs\/#primaryimage"},"thumbnailUrl":"https:\/\/empow-her.com\/wp-content\/uploads\/2022\/03\/Women-Dare-templates-events-69.png","datePublished":"2022-03-16T13:27:31+00:00","dateModified":"2022-05-05T16:04:32+00:00","breadcrumb":{"@id":"https:\/\/empow-her.com\/es\/produit\/coaching-agir-avec-coherence-grace-a-ma-raison-d-etre-mes-valeurs\/#breadcrumb"},"inLanguage":"es","potentialAction":[{"@type":"ReadAction","target":["https:\/\/empow-her.com\/es\/produit\/coaching-agir-avec-coherence-grace-a-ma-raison-d-etre-mes-valeurs\/"]}]},{"@type":"ImageObject","inLanguage":"es","@id":"https:\/\/empow-her.com\/es\/produit\/coaching-agir-avec-coherence-grace-a-ma-raison-d-etre-mes-valeurs\/#primaryimage","url":"https:\/\/empow-her.com\/wp-content\/uploads\/2022\/03\/Women-Dare-templates-events-69.png","contentUrl":"https:\/\/empow-her.com\/wp-content\/uploads\/2022\/03\/Women-Dare-templates-events-69.png","width":1080,"height":1080},{"@type":"BreadcrumbList","@id":"https:\/\/empow-her.com\/es\/produit\/coaching-agir-avec-coherence-grace-a-ma-raison-d-etre-mes-valeurs\/#breadcrumb","itemListElement":[{"@type":"ListItem","position":1,"name":"Accueil","item":"https:\/\/empow-her.com\/es\/inicio\/"},{"@type":"ListItem","position":2,"name":"LA BOUTIQUE","item":"https:\/\/empow-her.com\/boutique\/"},{"@type":"ListItem","position":3,"name":"Coaching &#8211; Agir avec coh\u00e9rence gr\u00e2ce \u00e0 ma raison d&#8217;\u00eatre et mes valeurs"}]},{"@type":"WebSite","@id":"https:\/\/empow-her.com\/#website","url":"https:\/\/empow-her.com\/","name":"Empow&#039;Her","description":"Women Development","potentialAction":[{"@type":"SearchAction","target":{"@type":"EntryPoint","urlTemplate":"https:\/\/empow-her.com\/?s={search_term_string}"},"query-input":{"@type":"PropertyValueSpecification","valueRequired":true,"valueName":"search_term_string"}}],"inLanguage":"es"}]}},"_links":{"self":[{"href":"https:\/\/empow-her.com\/es\/wp-json\/wp\/v2\/product\/116789","targetHints":{"allow":["GET"]}}],"collection":[{"href":"https:\/\/empow-her.com\/es\/wp-json\/wp\/v2\/product"}],"about":[{"href":"https:\/\/empow-her.com\/es\/wp-json\/wp\/v2\/types\/product"}],"wp:featuredmedia":[{"embeddable":true,"href":"https:\/\/empow-her.com\/es\/wp-json\/wp\/v2\/media\/116802"}],"wp:attachment":[{"href":"https:\/\/empow-her.com\/es\/wp-json\/wp\/v2\/media?parent=116789"}],"wp:term":[{"taxonomy":"product_brand","embeddable":true,"href":"https:\/\/empow-her.com\/es\/wp-json\/wp\/v2\/product_brand?post=116789"},{"taxonomy":"product_cat","embeddable":true,"href":"https:\/\/empow-her.com\/es\/wp-json\/wp\/v2\/product_cat?post=116789"},{"taxonomy":"product_tag","embeddable":true,"href":"https:\/\/empow-her.com\/es\/wp-json\/wp\/v2\/product_tag?post=116789"},{"taxonomy":"lieu","embeddable":true,"href":"https:\/\/empow-her.com\/es\/wp-json\/wp\/v2\/lieu?post=116789"},{"taxonomy":"thematiques","embeddable":true,"href":"https:\/\/empow-her.com\/es\/wp-json\/wp\/v2\/thematiques?post=116789"}],"curies":[{"name":"wp","href":"https:\/\/api.w.org\/{rel}","templated":true}]}}