{"id":116756,"date":"2022-03-16T12:29:12","date_gmt":"2022-03-16T11:29:12","guid":{"rendered":"https:\/\/empow-her.com\/?post_type=product&#038;p=116756"},"modified":"2022-05-11T17:12:28","modified_gmt":"2022-05-11T15:12:28","slug":"coaching-trouver-ses-premiers-clients-25-mai","status":"publish","type":"product","link":"https:\/\/empow-her.com\/es\/produit\/coaching-trouver-ses-premiers-clients-25-mai\/","title":{"rendered":"Coaching &#8211; Trouver ses premiers clients"},"content":{"rendered":"","protected":false},"excerpt":{"rendered":"<p>Un coaching individuel avec un.e expert.e du business development pour aller \u00e0 la conqu\u00eate de votre march\u00e9 et travailler sur votre strat\u00e9gie et votre prospection commerciale !<\/p>\n<p>Lors de cet individuel, vous pourrez choisir d&#8217;aborder l&#8217;un ou plusieurs des axes suivants :<br \/>\n&#8211; Cartographier votre \u00e9cosyst\u00e8me pour en identifier les parties prenantes<br \/>\n&#8211; D\u00e9finir vos cibles prioritaires et diff\u00e9rencier vos segments de clients<br \/>\n&#8211; Valider votre argumentaire commercial ;<br \/>\n&#8211; Valider votre d\u00e9marche de fixation des prix ou la pr\u00e9sentation de vos offres ;<br \/>\n&#8211; D\u00e9finir vos prochaines actions pour aller \u00e0 la rencontre de vos premiers clients, et commencer le d\u00e9marchage avec les bons outils de prospection&#8230;<\/p>\n<p>Une question pr\u00e9cise ? Envoyez-l\u00e0 \u00e0 votre r\u00e9f\u00e9rente Empow&#8217;Her avant votre coaching pour en informer l&#8217;intervenant\u00b7e !<\/p>\n<p>&nbsp;<\/p>\n<p><strong>Intervenant.e.s :\u00a0<\/strong><br \/>\nDani\u00e8le Verguin<\/p>\n<p><strong>Pr\u00e9sentation : <\/strong><br \/>\nAncienne entrepreneuse, Dani\u00e8le partage et transmets son v\u00e9cu, sa vision d&#8217;un parcours riche et complexe. Pour entreprendre, il faut penser 360 \u00b0 et agir en cons\u00e9quences. Dani\u00e8le accompagne plus pr\u00e9cis\u00e9ment sur la partie commerciale, soit connaitre et comprendre son march\u00e9, approcher ses clients et mettre en place les outils pour vendre.<\/p>\n<p><strong>Son super pouvoir : <\/strong><br \/>\nVous faire passer du flou au pr\u00e9cis, passer de l&#8217;id\u00e9e \u00e0 l&#8217;action.<\/p>\n<p><strong>Son petit mot : <\/strong><br \/>\n&#8220;\u00catre une femme pour entreprendre, c&#8217;est autant de comp\u00e9tences sinon plus qu&#8217;un homme.&#8221;, Dani\u00e8le.<\/p>\n<p>&nbsp;<\/p>\n<p>&nbsp;<\/p>\n<p>Session de coaching<strong> en\u00a0 ligne<\/strong><\/p>\n<p><strong>Dur\u00e9e<\/strong> : U<span data-sheets-value=\"{&quot;1&quot;:2,&quot;2&quot;:&quot;Permanence de 4h avec un cr\u00e9neau de 1h par participante (+ 15 minutes entre chaque)&quot;}\" data-sheets-userformat=\"{&quot;2&quot;:7167,&quot;3&quot;:{&quot;1&quot;:0},&quot;4&quot;:{&quot;1&quot;:2,&quot;2&quot;:16777215},&quot;5&quot;:{&quot;1&quot;:[{&quot;1&quot;:2,&quot;2&quot;:0,&quot;5&quot;:{&quot;1&quot;:2,&quot;2&quot;:0}},{&quot;1&quot;:0,&quot;2&quot;:0,&quot;3&quot;:3},{&quot;1&quot;:1,&quot;2&quot;:0,&quot;4&quot;:1}]},&quot;6&quot;:{&quot;1&quot;:[{&quot;1&quot;:2,&quot;2&quot;:0,&quot;5&quot;:{&quot;1&quot;:2,&quot;2&quot;:0}},{&quot;1&quot;:0,&quot;2&quot;:0,&quot;3&quot;:3},{&quot;1&quot;:1,&quot;2&quot;:0,&quot;4&quot;:1}]},&quot;7&quot;:{&quot;1&quot;:[{&quot;1&quot;:2,&quot;2&quot;:0,&quot;5&quot;:{&quot;1&quot;:2,&quot;2&quot;:0}},{&quot;1&quot;:0,&quot;2&quot;:0,&quot;3&quot;:3},{&quot;1&quot;:1,&quot;2&quot;:0,&quot;4&quot;:1}]},&quot;8&quot;:{&quot;1&quot;:[{&quot;1&quot;:2,&quot;2&quot;:0,&quot;5&quot;:{&quot;1&quot;:2,&quot;2&quot;:0}},{&quot;1&quot;:0,&quot;2&quot;:0,&quot;3&quot;:3},{&quot;1&quot;:1,&quot;2&quot;:0,&quot;4&quot;:1}]},&quot;9&quot;:0,&quot;10&quot;:1,&quot;11&quot;:4,&quot;12&quot;:0,&quot;14&quot;:{&quot;1&quot;:2,&quot;2&quot;:0},&quot;15&quot;:&quot;Calibri&quot;}\">n cr\u00e9neau de 1h en individuel<\/span><\/p>\n<p>&nbsp;<\/p>\n<p>Ce projet est co-financ\u00e9 par le Fonds Social Europ\u00e9en.<\/p>\n<p><img decoding=\"async\" class=\"alignnone size-medium wp-image-15794\" src=\"https:\/\/empow-her.com\/wp-content\/uploads\/2021\/07\/fse-logos-1-300x54.png\" alt=\"\" width=\"300\" height=\"54\" srcset=\"https:\/\/empow-her.com\/wp-content\/uploads\/2021\/07\/fse-logos-1-300x54.png 300w, https:\/\/empow-her.com\/wp-content\/uploads\/2021\/07\/fse-logos-1-600x108.png 600w, https:\/\/empow-her.com\/wp-content\/uploads\/2021\/07\/fse-logos-1-1024x184.png 1024w, https:\/\/empow-her.com\/wp-content\/uploads\/2021\/07\/fse-logos-1-768x138.png 768w, https:\/\/empow-her.com\/wp-content\/uploads\/2021\/07\/fse-logos-1-1536x275.png 1536w, https:\/\/empow-her.com\/wp-content\/uploads\/2021\/07\/fse-logos-1-2048x367.png 2048w, https:\/\/empow-her.com\/wp-content\/uploads\/2021\/07\/fse-logos-1-24x4.png 24w, https:\/\/empow-her.com\/wp-content\/uploads\/2021\/07\/fse-logos-1-36x6.png 36w, https:\/\/empow-her.com\/wp-content\/uploads\/2021\/07\/fse-logos-1-48x9.png 48w\" sizes=\"(max-width: 300px) 100vw, 300px\" \/><\/p>\n","protected":false},"featured_media":119126,"template":"","format":"standard","meta":{"_acf_changed":false,"om_disable_all_campaigns":false,"_uf_show_specific_survey":0,"_uf_disable_surveys":false},"product_brand":[],"product_cat":[121],"product_tag":[],"lieu":[125],"thematiques":[],"class_list":{"0":"post-116756","1":"product","2":"type-product","3":"status-publish","4":"format-standard","5":"has-post-thumbnail","7":"product_cat-coaching","8":"lieu-en-ligne","10":"first","11":"instock","12":"virtual","13":"purchasable","14":"product-type-appointment"},"exclude_global_add_ons":[],"addons":[],"acf":[],"yoast_head":"<!-- This site is optimized with the Yoast SEO plugin v24.8 - https:\/\/yoast.com\/wordpress\/plugins\/seo\/ -->\n<title>Coaching - Trouver ses premiers clients - Empow&#039;Her<\/title>\n<meta name=\"robots\" content=\"index, follow, max-snippet:-1, max-image-preview:large, max-video-preview:-1\" \/>\n<link rel=\"canonical\" href=\"https:\/\/empow-her.com\/es\/produit\/coaching-trouver-ses-premiers-clients-25-mai\/\" \/>\n<meta property=\"og:locale\" content=\"es_ES\" \/>\n<meta property=\"og:type\" content=\"article\" \/>\n<meta property=\"og:title\" content=\"Coaching - Trouver ses premiers clients - Empow&#039;Her\" \/>\n<meta property=\"og:description\" content=\"Un coaching individuel avec un.e expert.e du business development pour aller \u00e0 la conqu\u00eate de votre march\u00e9 et travailler sur votre strat\u00e9gie et votre prospection commerciale !  Lors de cet individuel, vous pourrez choisir d&#039;aborder l&#039;un ou plusieurs des axes suivants : - Cartographier votre \u00e9cosyst\u00e8me pour en identifier les parties prenantes - D\u00e9finir vos cibles prioritaires et diff\u00e9rencier vos segments de clients - Valider votre argumentaire commercial ; - Valider votre d\u00e9marche de fixation des prix ou la pr\u00e9sentation de vos offres ; - D\u00e9finir vos prochaines actions pour aller \u00e0 la rencontre de vos premiers clients, et commencer le d\u00e9marchage avec les bons outils de prospection...  Une question pr\u00e9cise ? Envoyez-l\u00e0 \u00e0 votre r\u00e9f\u00e9rente Empow&#039;Her avant votre coaching pour en informer l&#039;intervenant\u00b7e !  &nbsp;  Intervenant.e.s :\u00a0 Dani\u00e8le Verguin  Pr\u00e9sentation :  Ancienne entrepreneuse, Dani\u00e8le partage et transmets son v\u00e9cu, sa vision d&#039;un parcours riche et complexe. Pour entreprendre, il faut penser 360 \u00b0 et agir en cons\u00e9quences. Dani\u00e8le accompagne plus pr\u00e9cis\u00e9ment sur la partie commerciale, soit connaitre et comprendre son march\u00e9, approcher ses clients et mettre en place les outils pour vendre.  Son super pouvoir :  Vous faire passer du flou au pr\u00e9cis, passer de l&#039;id\u00e9e \u00e0 l&#039;action.  Son petit mot :  &quot;\u00catre une femme pour entreprendre, c&#039;est autant de comp\u00e9tences sinon plus qu&#039;un homme.&quot;, Dani\u00e8le.  &nbsp;  &nbsp;  Session de coaching en\u00a0 ligne  Dur\u00e9e : Un cr\u00e9neau de 1h en individuel  &nbsp;  Ce projet est co-financ\u00e9 par le Fonds Social Europ\u00e9en.\" \/>\n<meta property=\"og:url\" content=\"https:\/\/empow-her.com\/es\/produit\/coaching-trouver-ses-premiers-clients-25-mai\/\" \/>\n<meta property=\"og:site_name\" content=\"Empow&#039;Her\" \/>\n<meta property=\"article:modified_time\" content=\"2022-05-11T15:12:28+00:00\" \/>\n<meta property=\"og:image\" content=\"https:\/\/empow-her.com\/wp-content\/uploads\/2022\/03\/Women-Dare-templates-events-8-1.png\" \/>\n\t<meta property=\"og:image:width\" content=\"1080\" \/>\n\t<meta property=\"og:image:height\" content=\"1080\" \/>\n\t<meta property=\"og:image:type\" content=\"image\/png\" \/>\n<meta name=\"twitter:card\" content=\"summary_large_image\" \/>\n<script type=\"application\/ld+json\" class=\"yoast-schema-graph\">{\"@context\":\"https:\/\/schema.org\",\"@graph\":[{\"@type\":\"WebPage\",\"@id\":\"https:\/\/empow-her.com\/es\/produit\/coaching-trouver-ses-premiers-clients-25-mai\/\",\"url\":\"https:\/\/empow-her.com\/es\/produit\/coaching-trouver-ses-premiers-clients-25-mai\/\",\"name\":\"Coaching - Trouver ses premiers clients - Empow&#039;Her\",\"isPartOf\":{\"@id\":\"https:\/\/empow-her.com\/#website\"},\"primaryImageOfPage\":{\"@id\":\"https:\/\/empow-her.com\/es\/produit\/coaching-trouver-ses-premiers-clients-25-mai\/#primaryimage\"},\"image\":{\"@id\":\"https:\/\/empow-her.com\/es\/produit\/coaching-trouver-ses-premiers-clients-25-mai\/#primaryimage\"},\"thumbnailUrl\":\"https:\/\/empow-her.com\/wp-content\/uploads\/2022\/03\/Women-Dare-templates-events-8-1.png\",\"datePublished\":\"2022-03-16T11:29:12+00:00\",\"dateModified\":\"2022-05-11T15:12:28+00:00\",\"breadcrumb\":{\"@id\":\"https:\/\/empow-her.com\/es\/produit\/coaching-trouver-ses-premiers-clients-25-mai\/#breadcrumb\"},\"inLanguage\":\"es\",\"potentialAction\":[{\"@type\":\"ReadAction\",\"target\":[\"https:\/\/empow-her.com\/es\/produit\/coaching-trouver-ses-premiers-clients-25-mai\/\"]}]},{\"@type\":\"ImageObject\",\"inLanguage\":\"es\",\"@id\":\"https:\/\/empow-her.com\/es\/produit\/coaching-trouver-ses-premiers-clients-25-mai\/#primaryimage\",\"url\":\"https:\/\/empow-her.com\/wp-content\/uploads\/2022\/03\/Women-Dare-templates-events-8-1.png\",\"contentUrl\":\"https:\/\/empow-her.com\/wp-content\/uploads\/2022\/03\/Women-Dare-templates-events-8-1.png\",\"width\":1080,\"height\":1080},{\"@type\":\"BreadcrumbList\",\"@id\":\"https:\/\/empow-her.com\/es\/produit\/coaching-trouver-ses-premiers-clients-25-mai\/#breadcrumb\",\"itemListElement\":[{\"@type\":\"ListItem\",\"position\":1,\"name\":\"Accueil\",\"item\":\"https:\/\/empow-her.com\/es\/inicio\/\"},{\"@type\":\"ListItem\",\"position\":2,\"name\":\"LA BOUTIQUE\",\"item\":\"https:\/\/empow-her.com\/boutique\/\"},{\"@type\":\"ListItem\",\"position\":3,\"name\":\"Coaching &#8211; Trouver ses premiers clients\"}]},{\"@type\":\"WebSite\",\"@id\":\"https:\/\/empow-her.com\/#website\",\"url\":\"https:\/\/empow-her.com\/\",\"name\":\"Empow&#039;Her\",\"description\":\"Women Development\",\"potentialAction\":[{\"@type\":\"SearchAction\",\"target\":{\"@type\":\"EntryPoint\",\"urlTemplate\":\"https:\/\/empow-her.com\/?s={search_term_string}\"},\"query-input\":{\"@type\":\"PropertyValueSpecification\",\"valueRequired\":true,\"valueName\":\"search_term_string\"}}],\"inLanguage\":\"es\"}]}<\/script>\n<!-- \/ Yoast SEO plugin. -->","yoast_head_json":{"title":"Coaching - Trouver ses premiers clients - Empow&#039;Her","robots":{"index":"index","follow":"follow","max-snippet":"max-snippet:-1","max-image-preview":"max-image-preview:large","max-video-preview":"max-video-preview:-1"},"canonical":"https:\/\/empow-her.com\/es\/produit\/coaching-trouver-ses-premiers-clients-25-mai\/","og_locale":"es_ES","og_type":"article","og_title":"Coaching - Trouver ses premiers clients - Empow&#039;Her","og_description":"Un coaching individuel avec un.e expert.e du business development pour aller \u00e0 la conqu\u00eate de votre march\u00e9 et travailler sur votre strat\u00e9gie et votre prospection commerciale !  Lors de cet individuel, vous pourrez choisir d'aborder l'un ou plusieurs des axes suivants : - Cartographier votre \u00e9cosyst\u00e8me pour en identifier les parties prenantes - D\u00e9finir vos cibles prioritaires et diff\u00e9rencier vos segments de clients - Valider votre argumentaire commercial ; - Valider votre d\u00e9marche de fixation des prix ou la pr\u00e9sentation de vos offres ; - D\u00e9finir vos prochaines actions pour aller \u00e0 la rencontre de vos premiers clients, et commencer le d\u00e9marchage avec les bons outils de prospection...  Une question pr\u00e9cise ? Envoyez-l\u00e0 \u00e0 votre r\u00e9f\u00e9rente Empow'Her avant votre coaching pour en informer l'intervenant\u00b7e !  &nbsp;  Intervenant.e.s :\u00a0 Dani\u00e8le Verguin  Pr\u00e9sentation :  Ancienne entrepreneuse, Dani\u00e8le partage et transmets son v\u00e9cu, sa vision d'un parcours riche et complexe. Pour entreprendre, il faut penser 360 \u00b0 et agir en cons\u00e9quences. Dani\u00e8le accompagne plus pr\u00e9cis\u00e9ment sur la partie commerciale, soit connaitre et comprendre son march\u00e9, approcher ses clients et mettre en place les outils pour vendre.  Son super pouvoir :  Vous faire passer du flou au pr\u00e9cis, passer de l'id\u00e9e \u00e0 l'action.  Son petit mot :  \"\u00catre une femme pour entreprendre, c'est autant de comp\u00e9tences sinon plus qu'un homme.\", Dani\u00e8le.  &nbsp;  &nbsp;  Session de coaching en\u00a0 ligne  Dur\u00e9e : Un cr\u00e9neau de 1h en individuel  &nbsp;  Ce projet est co-financ\u00e9 par le Fonds Social Europ\u00e9en.","og_url":"https:\/\/empow-her.com\/es\/produit\/coaching-trouver-ses-premiers-clients-25-mai\/","og_site_name":"Empow&#039;Her","article_modified_time":"2022-05-11T15:12:28+00:00","og_image":[{"width":1080,"height":1080,"url":"https:\/\/empow-her.com\/wp-content\/uploads\/2022\/03\/Women-Dare-templates-events-8-1.png","type":"image\/png"}],"twitter_card":"summary_large_image","schema":{"@context":"https:\/\/schema.org","@graph":[{"@type":"WebPage","@id":"https:\/\/empow-her.com\/es\/produit\/coaching-trouver-ses-premiers-clients-25-mai\/","url":"https:\/\/empow-her.com\/es\/produit\/coaching-trouver-ses-premiers-clients-25-mai\/","name":"Coaching - Trouver ses premiers clients - Empow&#039;Her","isPartOf":{"@id":"https:\/\/empow-her.com\/#website"},"primaryImageOfPage":{"@id":"https:\/\/empow-her.com\/es\/produit\/coaching-trouver-ses-premiers-clients-25-mai\/#primaryimage"},"image":{"@id":"https:\/\/empow-her.com\/es\/produit\/coaching-trouver-ses-premiers-clients-25-mai\/#primaryimage"},"thumbnailUrl":"https:\/\/empow-her.com\/wp-content\/uploads\/2022\/03\/Women-Dare-templates-events-8-1.png","datePublished":"2022-03-16T11:29:12+00:00","dateModified":"2022-05-11T15:12:28+00:00","breadcrumb":{"@id":"https:\/\/empow-her.com\/es\/produit\/coaching-trouver-ses-premiers-clients-25-mai\/#breadcrumb"},"inLanguage":"es","potentialAction":[{"@type":"ReadAction","target":["https:\/\/empow-her.com\/es\/produit\/coaching-trouver-ses-premiers-clients-25-mai\/"]}]},{"@type":"ImageObject","inLanguage":"es","@id":"https:\/\/empow-her.com\/es\/produit\/coaching-trouver-ses-premiers-clients-25-mai\/#primaryimage","url":"https:\/\/empow-her.com\/wp-content\/uploads\/2022\/03\/Women-Dare-templates-events-8-1.png","contentUrl":"https:\/\/empow-her.com\/wp-content\/uploads\/2022\/03\/Women-Dare-templates-events-8-1.png","width":1080,"height":1080},{"@type":"BreadcrumbList","@id":"https:\/\/empow-her.com\/es\/produit\/coaching-trouver-ses-premiers-clients-25-mai\/#breadcrumb","itemListElement":[{"@type":"ListItem","position":1,"name":"Accueil","item":"https:\/\/empow-her.com\/es\/inicio\/"},{"@type":"ListItem","position":2,"name":"LA BOUTIQUE","item":"https:\/\/empow-her.com\/boutique\/"},{"@type":"ListItem","position":3,"name":"Coaching &#8211; Trouver ses premiers clients"}]},{"@type":"WebSite","@id":"https:\/\/empow-her.com\/#website","url":"https:\/\/empow-her.com\/","name":"Empow&#039;Her","description":"Women Development","potentialAction":[{"@type":"SearchAction","target":{"@type":"EntryPoint","urlTemplate":"https:\/\/empow-her.com\/?s={search_term_string}"},"query-input":{"@type":"PropertyValueSpecification","valueRequired":true,"valueName":"search_term_string"}}],"inLanguage":"es"}]}},"_links":{"self":[{"href":"https:\/\/empow-her.com\/es\/wp-json\/wp\/v2\/product\/116756","targetHints":{"allow":["GET"]}}],"collection":[{"href":"https:\/\/empow-her.com\/es\/wp-json\/wp\/v2\/product"}],"about":[{"href":"https:\/\/empow-her.com\/es\/wp-json\/wp\/v2\/types\/product"}],"wp:featuredmedia":[{"embeddable":true,"href":"https:\/\/empow-her.com\/es\/wp-json\/wp\/v2\/media\/119126"}],"wp:attachment":[{"href":"https:\/\/empow-her.com\/es\/wp-json\/wp\/v2\/media?parent=116756"}],"wp:term":[{"taxonomy":"product_brand","embeddable":true,"href":"https:\/\/empow-her.com\/es\/wp-json\/wp\/v2\/product_brand?post=116756"},{"taxonomy":"product_cat","embeddable":true,"href":"https:\/\/empow-her.com\/es\/wp-json\/wp\/v2\/product_cat?post=116756"},{"taxonomy":"product_tag","embeddable":true,"href":"https:\/\/empow-her.com\/es\/wp-json\/wp\/v2\/product_tag?post=116756"},{"taxonomy":"lieu","embeddable":true,"href":"https:\/\/empow-her.com\/es\/wp-json\/wp\/v2\/lieu?post=116756"},{"taxonomy":"thematiques","embeddable":true,"href":"https:\/\/empow-her.com\/es\/wp-json\/wp\/v2\/thematiques?post=116756"}],"curies":[{"name":"wp","href":"https:\/\/api.w.org\/{rel}","templated":true}]}}