{"id":116538,"date":"2022-03-11T14:53:08","date_gmt":"2022-03-11T13:53:08","guid":{"rendered":"https:\/\/empow-her.com\/?post_type=product&#038;p=116538"},"modified":"2022-04-14T15:53:13","modified_gmt":"2022-04-14T13:53:13","slug":"coaching-developper-ma-legitimite-avec-confiance-et-liberer-mon-potentiel-10-mai","status":"publish","type":"product","link":"https:\/\/empow-her.com\/es\/produit\/coaching-developper-ma-legitimite-avec-confiance-et-liberer-mon-potentiel-10-mai\/","title":{"rendered":"Coaching &#8211; D\u00e9velopper ma l\u00e9gitimit\u00e9 avec confiance et lib\u00e9rer mon potentiel"},"content":{"rendered":"","protected":false},"excerpt":{"rendered":"<p>Rares sont les personnes comp\u00e9tentes et intelligentes \u00e0 ne jamais douter d\u2019elles-m\u00eames. Le syndrome d\u2019imposture est un ressenti souvent exprim\u00e9 par les femmes qui m\u00e8nent des projets. C\u2019est une barri\u00e8re \u00e0 l\u2019expression de leur v\u00e9ritable potentiel. Mieux comprendre ses forces et son profil pour construire un projet \u00e0 son image, mais aussi prendre conscience des discours internes qui nous desservent etles transformer, sont des cl\u00e9s pr\u00e9cieuses pour prendre confiance et avancer plus sereinement sur son projet.<\/p>\n<p>Lors de ce coaching, laissez-vous guider pour briser vos croyances limitantes et prendre confiance en vous pour activer votre potentiel !<\/p>\n<p><strong>Intervenant.e.s :\u00a0<\/strong><br \/>\nClaire Bourrasset<\/p>\n<p><strong>Pr\u00e9sentation : <\/strong><br \/>\nCoach professionnelle, Claire est engag\u00e9e dans une v\u00e9ritable r\u00e9volution du leadership. Son combat est double :<br \/>\n&#8211; Permettre l&#8217;\u00e9mergence de nouveaux et nouvelles leaders plus repr\u00e9sentatif.ves de la soci\u00e9t\u00e9.<br \/>\n&#8211; Transformer nos repr\u00e9sentations du leadership pour autoriser l&#8217;humanit\u00e9 et la singularit\u00e9 de chacun.e \u00e0 rayonner.<\/p>\n<p>Claire est sp\u00e9cialiste de l&#8217;empowerment tant au niveau individuel : l\u00e9gitimit\u00e9, affirmation de soi&#8230; ; qu&#8217;au niveau du leadership : comment devenir un.e vrai.e leader de leaders, capable de faire grandir les personnes autour de soi !<\/p>\n<p>Elle accompagne en particulier dans cette qu\u00eate, tous ceux et celles qui souhaitent oeuvrer \u00e0 la construction d&#8217;un monde plus juste et durable.<\/p>\n<p><strong>Son super pouvoir : <\/strong><br \/>\nMettre en lumi\u00e8re les personnes qui changent le monde<\/p>\n<p><strong>Son petit mot : <\/strong><br \/>\n&#8220;Osez r\u00eaver grand, vous n&#8217;avez encore pas id\u00e9e de tout ce dont vous \u00eates capables ! Le monde a besoin des voix des femmes, c&#8217;est votre moment.&#8221;, Claire.<\/p>\n<p>&nbsp;<\/p>\n<p>&nbsp;<\/p>\n<p>Session de coaching<strong> en\u00a0 ligne<\/strong><\/p>\n<p><strong>Dur\u00e9e<\/strong> : U<span data-sheets-value=\"{&quot;1&quot;:2,&quot;2&quot;:&quot;Permanence de 4h avec un cr\u00e9neau de 1h par participante (+ 15 minutes entre chaque)&quot;}\" data-sheets-userformat=\"{&quot;2&quot;:7167,&quot;3&quot;:{&quot;1&quot;:0},&quot;4&quot;:{&quot;1&quot;:2,&quot;2&quot;:16777215},&quot;5&quot;:{&quot;1&quot;:[{&quot;1&quot;:2,&quot;2&quot;:0,&quot;5&quot;:{&quot;1&quot;:2,&quot;2&quot;:0}},{&quot;1&quot;:0,&quot;2&quot;:0,&quot;3&quot;:3},{&quot;1&quot;:1,&quot;2&quot;:0,&quot;4&quot;:1}]},&quot;6&quot;:{&quot;1&quot;:[{&quot;1&quot;:2,&quot;2&quot;:0,&quot;5&quot;:{&quot;1&quot;:2,&quot;2&quot;:0}},{&quot;1&quot;:0,&quot;2&quot;:0,&quot;3&quot;:3},{&quot;1&quot;:1,&quot;2&quot;:0,&quot;4&quot;:1}]},&quot;7&quot;:{&quot;1&quot;:[{&quot;1&quot;:2,&quot;2&quot;:0,&quot;5&quot;:{&quot;1&quot;:2,&quot;2&quot;:0}},{&quot;1&quot;:0,&quot;2&quot;:0,&quot;3&quot;:3},{&quot;1&quot;:1,&quot;2&quot;:0,&quot;4&quot;:1}]},&quot;8&quot;:{&quot;1&quot;:[{&quot;1&quot;:2,&quot;2&quot;:0,&quot;5&quot;:{&quot;1&quot;:2,&quot;2&quot;:0}},{&quot;1&quot;:0,&quot;2&quot;:0,&quot;3&quot;:3},{&quot;1&quot;:1,&quot;2&quot;:0,&quot;4&quot;:1}]},&quot;9&quot;:0,&quot;10&quot;:1,&quot;11&quot;:4,&quot;12&quot;:0,&quot;14&quot;:{&quot;1&quot;:2,&quot;2&quot;:0},&quot;15&quot;:&quot;Calibri&quot;}\">n cr\u00e9neau de 1h en individuel<\/span><\/p>\n<p>&nbsp;<\/p>\n<p>Ce projet est co-financ\u00e9 par le Fonds Social Europ\u00e9en.<\/p>\n<p><img decoding=\"async\" class=\"alignnone size-medium wp-image-15794\" src=\"https:\/\/empow-her.com\/wp-content\/uploads\/2021\/07\/fse-logos-1-300x54.png\" alt=\"\" width=\"300\" height=\"54\" srcset=\"https:\/\/empow-her.com\/wp-content\/uploads\/2021\/07\/fse-logos-1-300x54.png 300w, https:\/\/empow-her.com\/wp-content\/uploads\/2021\/07\/fse-logos-1-600x108.png 600w, https:\/\/empow-her.com\/wp-content\/uploads\/2021\/07\/fse-logos-1-1024x184.png 1024w, https:\/\/empow-her.com\/wp-content\/uploads\/2021\/07\/fse-logos-1-768x138.png 768w, https:\/\/empow-her.com\/wp-content\/uploads\/2021\/07\/fse-logos-1-1536x275.png 1536w, https:\/\/empow-her.com\/wp-content\/uploads\/2021\/07\/fse-logos-1-2048x367.png 2048w, https:\/\/empow-her.com\/wp-content\/uploads\/2021\/07\/fse-logos-1-24x4.png 24w, https:\/\/empow-her.com\/wp-content\/uploads\/2021\/07\/fse-logos-1-36x6.png 36w, https:\/\/empow-her.com\/wp-content\/uploads\/2021\/07\/fse-logos-1-48x9.png 48w\" sizes=\"(max-width: 300px) 100vw, 300px\" \/><\/p>\n","protected":false},"featured_media":116539,"template":"","format":"standard","meta":{"_acf_changed":false,"om_disable_all_campaigns":false,"_uf_show_specific_survey":0,"_uf_disable_surveys":false},"product_brand":[],"product_cat":[121],"product_tag":[],"lieu":[125],"thematiques":[],"class_list":{"0":"post-116538","1":"product","2":"type-product","3":"status-publish","4":"format-standard","5":"has-post-thumbnail","7":"product_cat-coaching","8":"lieu-en-ligne","10":"first","11":"instock","12":"virtual","13":"purchasable","14":"product-type-appointment"},"exclude_global_add_ons":[],"addons":[],"acf":[],"yoast_head":"<!-- This site is optimized with the Yoast SEO plugin v24.8 - https:\/\/yoast.com\/wordpress\/plugins\/seo\/ -->\n<title>Coaching - D\u00e9velopper ma l\u00e9gitimit\u00e9 avec confiance et lib\u00e9rer mon potentiel - Empow&#039;Her<\/title>\n<meta name=\"robots\" content=\"index, follow, max-snippet:-1, max-image-preview:large, max-video-preview:-1\" \/>\n<link rel=\"canonical\" href=\"https:\/\/empow-her.com\/produit\/coaching-developper-ma-legitimite-avec-confiance-et-liberer-mon-potentiel-10-mai\/\" \/>\n<meta property=\"og:locale\" content=\"es_ES\" \/>\n<meta property=\"og:type\" content=\"article\" \/>\n<meta property=\"og:title\" content=\"Coaching - D\u00e9velopper ma l\u00e9gitimit\u00e9 avec confiance et lib\u00e9rer mon potentiel - Empow&#039;Her\" \/>\n<meta property=\"og:description\" content=\"Rares sont les personnes comp\u00e9tentes et intelligentes \u00e0 ne jamais douter d\u2019elles-m\u00eames. Le syndrome d\u2019imposture est un ressenti souvent exprim\u00e9 par les femmes qui m\u00e8nent des projets. C\u2019est une barri\u00e8re \u00e0 l\u2019expression de leur v\u00e9ritable potentiel. Mieux comprendre ses forces et son profil pour construire un projet \u00e0 son image, mais aussi prendre conscience des discours internes qui nous desservent etles transformer, sont des cl\u00e9s pr\u00e9cieuses pour prendre confiance et avancer plus sereinement sur son projet.  Lors de ce coaching, laissez-vous guider pour briser vos croyances limitantes et prendre confiance en vous pour activer votre potentiel !  Intervenant.e.s :\u00a0 Claire Bourrasset  Pr\u00e9sentation :  Coach professionnelle, Claire est engag\u00e9e dans une v\u00e9ritable r\u00e9volution du leadership. Son combat est double : - Permettre l&#039;\u00e9mergence de nouveaux et nouvelles leaders plus repr\u00e9sentatif.ves de la soci\u00e9t\u00e9. - Transformer nos repr\u00e9sentations du leadership pour autoriser l&#039;humanit\u00e9 et la singularit\u00e9 de chacun.e \u00e0 rayonner.  Claire est sp\u00e9cialiste de l&#039;empowerment tant au niveau individuel : l\u00e9gitimit\u00e9, affirmation de soi... ; qu&#039;au niveau du leadership : comment devenir un.e vrai.e leader de leaders, capable de faire grandir les personnes autour de soi !  Elle accompagne en particulier dans cette qu\u00eate, tous ceux et celles qui souhaitent oeuvrer \u00e0 la construction d&#039;un monde plus juste et durable.  Son super pouvoir :  Mettre en lumi\u00e8re les personnes qui changent le monde  Son petit mot :  &quot;Osez r\u00eaver grand, vous n&#039;avez encore pas id\u00e9e de tout ce dont vous \u00eates capables ! Le monde a besoin des voix des femmes, c&#039;est votre moment.&quot;, Claire.  &nbsp;  &nbsp;  Session de coaching en\u00a0 ligne  Dur\u00e9e : Un cr\u00e9neau de 1h en individuel  &nbsp;  Ce projet est co-financ\u00e9 par le Fonds Social Europ\u00e9en.\" \/>\n<meta property=\"og:url\" content=\"https:\/\/empow-her.com\/produit\/coaching-developper-ma-legitimite-avec-confiance-et-liberer-mon-potentiel-10-mai\/\" \/>\n<meta property=\"og:site_name\" content=\"Empow&#039;Her\" \/>\n<meta property=\"article:modified_time\" content=\"2022-04-14T13:53:13+00:00\" \/>\n<meta property=\"og:image\" content=\"https:\/\/empow-her.com\/wp-content\/uploads\/2022\/03\/Women-Dare-templates-events-31.png\" \/>\n\t<meta property=\"og:image:width\" content=\"1080\" \/>\n\t<meta property=\"og:image:height\" content=\"1080\" \/>\n\t<meta property=\"og:image:type\" content=\"image\/png\" \/>\n<meta name=\"twitter:card\" content=\"summary_large_image\" \/>\n<script type=\"application\/ld+json\" class=\"yoast-schema-graph\">{\"@context\":\"https:\/\/schema.org\",\"@graph\":[{\"@type\":\"WebPage\",\"@id\":\"https:\/\/empow-her.com\/produit\/coaching-developper-ma-legitimite-avec-confiance-et-liberer-mon-potentiel-10-mai\/\",\"url\":\"https:\/\/empow-her.com\/produit\/coaching-developper-ma-legitimite-avec-confiance-et-liberer-mon-potentiel-10-mai\/\",\"name\":\"Coaching - D\u00e9velopper ma l\u00e9gitimit\u00e9 avec confiance et lib\u00e9rer mon potentiel - Empow&#039;Her\",\"isPartOf\":{\"@id\":\"https:\/\/empow-her.com\/#website\"},\"primaryImageOfPage\":{\"@id\":\"https:\/\/empow-her.com\/produit\/coaching-developper-ma-legitimite-avec-confiance-et-liberer-mon-potentiel-10-mai\/#primaryimage\"},\"image\":{\"@id\":\"https:\/\/empow-her.com\/produit\/coaching-developper-ma-legitimite-avec-confiance-et-liberer-mon-potentiel-10-mai\/#primaryimage\"},\"thumbnailUrl\":\"https:\/\/empow-her.com\/wp-content\/uploads\/2022\/03\/Women-Dare-templates-events-31.png\",\"datePublished\":\"2022-03-11T13:53:08+00:00\",\"dateModified\":\"2022-04-14T13:53:13+00:00\",\"breadcrumb\":{\"@id\":\"https:\/\/empow-her.com\/produit\/coaching-developper-ma-legitimite-avec-confiance-et-liberer-mon-potentiel-10-mai\/#breadcrumb\"},\"inLanguage\":\"es\",\"potentialAction\":[{\"@type\":\"ReadAction\",\"target\":[\"https:\/\/empow-her.com\/produit\/coaching-developper-ma-legitimite-avec-confiance-et-liberer-mon-potentiel-10-mai\/\"]}]},{\"@type\":\"ImageObject\",\"inLanguage\":\"es\",\"@id\":\"https:\/\/empow-her.com\/produit\/coaching-developper-ma-legitimite-avec-confiance-et-liberer-mon-potentiel-10-mai\/#primaryimage\",\"url\":\"https:\/\/empow-her.com\/wp-content\/uploads\/2022\/03\/Women-Dare-templates-events-31.png\",\"contentUrl\":\"https:\/\/empow-her.com\/wp-content\/uploads\/2022\/03\/Women-Dare-templates-events-31.png\",\"width\":1080,\"height\":1080},{\"@type\":\"BreadcrumbList\",\"@id\":\"https:\/\/empow-her.com\/produit\/coaching-developper-ma-legitimite-avec-confiance-et-liberer-mon-potentiel-10-mai\/#breadcrumb\",\"itemListElement\":[{\"@type\":\"ListItem\",\"position\":1,\"name\":\"Accueil\",\"item\":\"https:\/\/empow-her.com\/es\/inicio\/\"},{\"@type\":\"ListItem\",\"position\":2,\"name\":\"LA BOUTIQUE\",\"item\":\"https:\/\/empow-her.com\/boutique\/\"},{\"@type\":\"ListItem\",\"position\":3,\"name\":\"Coaching &#8211; D\u00e9velopper ma l\u00e9gitimit\u00e9 avec confiance et lib\u00e9rer mon potentiel\"}]},{\"@type\":\"WebSite\",\"@id\":\"https:\/\/empow-her.com\/#website\",\"url\":\"https:\/\/empow-her.com\/\",\"name\":\"Empow&#039;Her\",\"description\":\"Women Development\",\"potentialAction\":[{\"@type\":\"SearchAction\",\"target\":{\"@type\":\"EntryPoint\",\"urlTemplate\":\"https:\/\/empow-her.com\/?s={search_term_string}\"},\"query-input\":{\"@type\":\"PropertyValueSpecification\",\"valueRequired\":true,\"valueName\":\"search_term_string\"}}],\"inLanguage\":\"es\"}]}<\/script>\n<!-- \/ Yoast SEO plugin. -->","yoast_head_json":{"title":"Coaching - D\u00e9velopper ma l\u00e9gitimit\u00e9 avec confiance et lib\u00e9rer mon potentiel - Empow&#039;Her","robots":{"index":"index","follow":"follow","max-snippet":"max-snippet:-1","max-image-preview":"max-image-preview:large","max-video-preview":"max-video-preview:-1"},"canonical":"https:\/\/empow-her.com\/produit\/coaching-developper-ma-legitimite-avec-confiance-et-liberer-mon-potentiel-10-mai\/","og_locale":"es_ES","og_type":"article","og_title":"Coaching - D\u00e9velopper ma l\u00e9gitimit\u00e9 avec confiance et lib\u00e9rer mon potentiel - Empow&#039;Her","og_description":"Rares sont les personnes comp\u00e9tentes et intelligentes \u00e0 ne jamais douter d\u2019elles-m\u00eames. Le syndrome d\u2019imposture est un ressenti souvent exprim\u00e9 par les femmes qui m\u00e8nent des projets. C\u2019est une barri\u00e8re \u00e0 l\u2019expression de leur v\u00e9ritable potentiel. Mieux comprendre ses forces et son profil pour construire un projet \u00e0 son image, mais aussi prendre conscience des discours internes qui nous desservent etles transformer, sont des cl\u00e9s pr\u00e9cieuses pour prendre confiance et avancer plus sereinement sur son projet.  Lors de ce coaching, laissez-vous guider pour briser vos croyances limitantes et prendre confiance en vous pour activer votre potentiel !  Intervenant.e.s :\u00a0 Claire Bourrasset  Pr\u00e9sentation :  Coach professionnelle, Claire est engag\u00e9e dans une v\u00e9ritable r\u00e9volution du leadership. Son combat est double : - Permettre l'\u00e9mergence de nouveaux et nouvelles leaders plus repr\u00e9sentatif.ves de la soci\u00e9t\u00e9. - Transformer nos repr\u00e9sentations du leadership pour autoriser l'humanit\u00e9 et la singularit\u00e9 de chacun.e \u00e0 rayonner.  Claire est sp\u00e9cialiste de l'empowerment tant au niveau individuel : l\u00e9gitimit\u00e9, affirmation de soi... ; qu'au niveau du leadership : comment devenir un.e vrai.e leader de leaders, capable de faire grandir les personnes autour de soi !  Elle accompagne en particulier dans cette qu\u00eate, tous ceux et celles qui souhaitent oeuvrer \u00e0 la construction d'un monde plus juste et durable.  Son super pouvoir :  Mettre en lumi\u00e8re les personnes qui changent le monde  Son petit mot :  \"Osez r\u00eaver grand, vous n'avez encore pas id\u00e9e de tout ce dont vous \u00eates capables ! Le monde a besoin des voix des femmes, c'est votre moment.\", Claire.  &nbsp;  &nbsp;  Session de coaching en\u00a0 ligne  Dur\u00e9e : Un cr\u00e9neau de 1h en individuel  &nbsp;  Ce projet est co-financ\u00e9 par le Fonds Social Europ\u00e9en.","og_url":"https:\/\/empow-her.com\/produit\/coaching-developper-ma-legitimite-avec-confiance-et-liberer-mon-potentiel-10-mai\/","og_site_name":"Empow&#039;Her","article_modified_time":"2022-04-14T13:53:13+00:00","og_image":[{"width":1080,"height":1080,"url":"https:\/\/empow-her.com\/wp-content\/uploads\/2022\/03\/Women-Dare-templates-events-31.png","type":"image\/png"}],"twitter_card":"summary_large_image","schema":{"@context":"https:\/\/schema.org","@graph":[{"@type":"WebPage","@id":"https:\/\/empow-her.com\/produit\/coaching-developper-ma-legitimite-avec-confiance-et-liberer-mon-potentiel-10-mai\/","url":"https:\/\/empow-her.com\/produit\/coaching-developper-ma-legitimite-avec-confiance-et-liberer-mon-potentiel-10-mai\/","name":"Coaching - D\u00e9velopper ma l\u00e9gitimit\u00e9 avec confiance et lib\u00e9rer mon potentiel - Empow&#039;Her","isPartOf":{"@id":"https:\/\/empow-her.com\/#website"},"primaryImageOfPage":{"@id":"https:\/\/empow-her.com\/produit\/coaching-developper-ma-legitimite-avec-confiance-et-liberer-mon-potentiel-10-mai\/#primaryimage"},"image":{"@id":"https:\/\/empow-her.com\/produit\/coaching-developper-ma-legitimite-avec-confiance-et-liberer-mon-potentiel-10-mai\/#primaryimage"},"thumbnailUrl":"https:\/\/empow-her.com\/wp-content\/uploads\/2022\/03\/Women-Dare-templates-events-31.png","datePublished":"2022-03-11T13:53:08+00:00","dateModified":"2022-04-14T13:53:13+00:00","breadcrumb":{"@id":"https:\/\/empow-her.com\/produit\/coaching-developper-ma-legitimite-avec-confiance-et-liberer-mon-potentiel-10-mai\/#breadcrumb"},"inLanguage":"es","potentialAction":[{"@type":"ReadAction","target":["https:\/\/empow-her.com\/produit\/coaching-developper-ma-legitimite-avec-confiance-et-liberer-mon-potentiel-10-mai\/"]}]},{"@type":"ImageObject","inLanguage":"es","@id":"https:\/\/empow-her.com\/produit\/coaching-developper-ma-legitimite-avec-confiance-et-liberer-mon-potentiel-10-mai\/#primaryimage","url":"https:\/\/empow-her.com\/wp-content\/uploads\/2022\/03\/Women-Dare-templates-events-31.png","contentUrl":"https:\/\/empow-her.com\/wp-content\/uploads\/2022\/03\/Women-Dare-templates-events-31.png","width":1080,"height":1080},{"@type":"BreadcrumbList","@id":"https:\/\/empow-her.com\/produit\/coaching-developper-ma-legitimite-avec-confiance-et-liberer-mon-potentiel-10-mai\/#breadcrumb","itemListElement":[{"@type":"ListItem","position":1,"name":"Accueil","item":"https:\/\/empow-her.com\/es\/inicio\/"},{"@type":"ListItem","position":2,"name":"LA BOUTIQUE","item":"https:\/\/empow-her.com\/boutique\/"},{"@type":"ListItem","position":3,"name":"Coaching &#8211; D\u00e9velopper ma l\u00e9gitimit\u00e9 avec confiance et lib\u00e9rer mon potentiel"}]},{"@type":"WebSite","@id":"https:\/\/empow-her.com\/#website","url":"https:\/\/empow-her.com\/","name":"Empow&#039;Her","description":"Women Development","potentialAction":[{"@type":"SearchAction","target":{"@type":"EntryPoint","urlTemplate":"https:\/\/empow-her.com\/?s={search_term_string}"},"query-input":{"@type":"PropertyValueSpecification","valueRequired":true,"valueName":"search_term_string"}}],"inLanguage":"es"}]}},"_links":{"self":[{"href":"https:\/\/empow-her.com\/es\/wp-json\/wp\/v2\/product\/116538","targetHints":{"allow":["GET"]}}],"collection":[{"href":"https:\/\/empow-her.com\/es\/wp-json\/wp\/v2\/product"}],"about":[{"href":"https:\/\/empow-her.com\/es\/wp-json\/wp\/v2\/types\/product"}],"wp:featuredmedia":[{"embeddable":true,"href":"https:\/\/empow-her.com\/es\/wp-json\/wp\/v2\/media\/116539"}],"wp:attachment":[{"href":"https:\/\/empow-her.com\/es\/wp-json\/wp\/v2\/media?parent=116538"}],"wp:term":[{"taxonomy":"product_brand","embeddable":true,"href":"https:\/\/empow-her.com\/es\/wp-json\/wp\/v2\/product_brand?post=116538"},{"taxonomy":"product_cat","embeddable":true,"href":"https:\/\/empow-her.com\/es\/wp-json\/wp\/v2\/product_cat?post=116538"},{"taxonomy":"product_tag","embeddable":true,"href":"https:\/\/empow-her.com\/es\/wp-json\/wp\/v2\/product_tag?post=116538"},{"taxonomy":"lieu","embeddable":true,"href":"https:\/\/empow-her.com\/es\/wp-json\/wp\/v2\/lieu?post=116538"},{"taxonomy":"thematiques","embeddable":true,"href":"https:\/\/empow-her.com\/es\/wp-json\/wp\/v2\/thematiques?post=116538"}],"curies":[{"name":"wp","href":"https:\/\/api.w.org\/{rel}","templated":true}]}}