{"id":116493,"date":"2022-03-11T13:23:58","date_gmt":"2022-03-11T12:23:58","guid":{"rendered":"https:\/\/empow-her.com\/?post_type=product&#038;p=116493"},"modified":"2022-03-23T10:06:53","modified_gmt":"2022-03-23T09:06:53","slug":"atelier-inspiration-vision-proposition-de-valeur-20-avril","status":"publish","type":"product","link":"https:\/\/empow-her.com\/es\/produit\/atelier-inspiration-vision-proposition-de-valeur-20-avril\/","title":{"rendered":"Atelier &#8211; Inspiration, vision et proposition de valeur"},"content":{"rendered":"","protected":false},"excerpt":{"rendered":"<p>Description \u00e0 venir.<\/p>\n<p><strong>Intervenant.e.s : <\/strong><br \/>\nMarialya Bestougeff<\/p>\n<p><strong>Pr\u00e9sentation : <\/strong><br \/>\nMarialya pilote 104factory, l&#8217;incubateur des startups culturelles et cr\u00e9atives (http:\/\/www.104factory.fr\/)<br \/>\nPassionn\u00e9e par la culture et l&#8217;innovation, elle est dipl\u00f4m\u00e9e de l\u2019EDHEC et d\u2019un master en communication de l\u2019Universit\u00e9 Ib\u00e9roamericana de Mexico. Elle a \u00e9galement suivi un cycle long de formations sur l\u2019entreprenariat culturel en Europe et s&#8217;est tr\u00e8s fortement impliqu\u00e9e dans l&#8217;association Mus\u00e9omix https:\/\/www.museomix.org\/.<\/p>\n<p>Apr\u00e8s plusieurs ann\u00e9es d\u2019exp\u00e9riences professionnelles en tant que chef de projet dans des m\u00e9tiers et des contextes tr\u00e8s diff\u00e9rents elle a \u00e9t\u00e9 directrice commerciale de Decommedia entrepreneuse avec Fixioneers puis Head of Share Design au sein du collectif de designers les Sismo !<\/p>\n<p>Marialya est aujourd&#8217;hui directrice de l&#8217;innovation du CENTQUATRE-PARIS, un lieu unique qu&#8217;elle vous invite \u00e0 d\u00e9couvrir.<\/p>\n<p><strong>Son super pouvoir : <\/strong><br \/>\nDonner des super pouvoirs !<\/p>\n<p><strong>Son petit mot : <\/strong><br \/>\nBravo, osez, continuez !<\/p>\n<div><\/div>\n<div><b>Lieu : <\/b>Sist&#8217;Her Paris, 82 rue du Faubourg Saint-Martin<\/div>\n<div><\/div>\n<div><\/div>\n<div><\/div>\n<p>Ce projet est co-financ\u00e9 par le Fonds Social Europ\u00e9en.<\/p>\n<p><img decoding=\"async\" class=\"\" src=\"https:\/\/www.sep-asso.fr\/wp-content\/uploads\/2018\/02\/logo-union-europeenne.png\" alt=\"logo union europeenne \u2013 SEP\" width=\"87\" height=\"72\" \/>\u00a0\u00a0<img decoding=\"async\" class=\"alignnone wp-image-15218\" src=\"https:\/\/empow-her.com\/wp-content\/uploads\/2021\/06\/logo_fonds_social_europeen-300x187.png\" alt=\"\" width=\"104\" height=\"65\" srcset=\"https:\/\/empow-her.com\/wp-content\/uploads\/2021\/06\/logo_fonds_social_europeen-300x187.png 300w, https:\/\/empow-her.com\/wp-content\/uploads\/2021\/06\/logo_fonds_social_europeen-600x375.png 600w, https:\/\/empow-her.com\/wp-content\/uploads\/2021\/06\/logo_fonds_social_europeen-24x15.png 24w, https:\/\/empow-her.com\/wp-content\/uploads\/2021\/06\/logo_fonds_social_europeen-36x22.png 36w, https:\/\/empow-her.com\/wp-content\/uploads\/2021\/06\/logo_fonds_social_europeen-48x30.png 48w, https:\/\/empow-her.com\/wp-content\/uploads\/2021\/06\/logo_fonds_social_europeen.png 666w\" sizes=\"(max-width: 104px) 100vw, 104px\" \/>\u00a0<img decoding=\"async\" class=\"\" src=\"https:\/\/franceactive-idf.org\/wp-content\/uploads\/2020\/02\/logo-region-ile-de-france.png\" alt=\"Logo Region Ile De France - France Active \u00cele-de-France\" width=\"126\" height=\"29\" \/><\/p>\n","protected":false},"featured_media":116494,"template":"","format":"standard","meta":{"_acf_changed":false,"om_disable_all_campaigns":false,"_uf_show_specific_survey":0,"_uf_disable_surveys":false},"product_brand":[],"product_cat":[118],"product_tag":[],"lieu":[127],"thematiques":[],"class_list":{"0":"post-116493","1":"product","2":"type-product","3":"status-publish","4":"format-standard","5":"has-post-thumbnail","7":"product_cat-atelier-collectif","8":"lieu-hub-empowher","10":"first","11":"instock","12":"virtual","13":"purchasable","14":"product-type-appointment"},"exclude_global_add_ons":[],"addons":[],"acf":[],"yoast_head":"<!-- This site is optimized with the Yoast SEO plugin v24.8 - https:\/\/yoast.com\/wordpress\/plugins\/seo\/ -->\n<title>Atelier - Inspiration, vision et proposition de valeur - Empow&#039;Her<\/title>\n<meta name=\"robots\" content=\"index, follow, max-snippet:-1, max-image-preview:large, max-video-preview:-1\" \/>\n<link rel=\"canonical\" href=\"https:\/\/empow-her.com\/es\/produit\/atelier-inspiration-vision-proposition-de-valeur-20-avril\/\" \/>\n<meta property=\"og:locale\" content=\"es_ES\" \/>\n<meta property=\"og:type\" content=\"article\" \/>\n<meta property=\"og:title\" content=\"Atelier - Inspiration, vision et proposition de valeur - Empow&#039;Her\" \/>\n<meta property=\"og:description\" content=\"Description \u00e0 venir.  Intervenant.e.s :  Marialya Bestougeff  Pr\u00e9sentation :  Marialya pilote 104factory, l&#039;incubateur des startups culturelles et cr\u00e9atives (http:\/\/www.104factory.fr\/) Passionn\u00e9e par la culture et l&#039;innovation, elle est dipl\u00f4m\u00e9e de l\u2019EDHEC et d\u2019un master en communication de l\u2019Universit\u00e9 Ib\u00e9roamericana de Mexico. Elle a \u00e9galement suivi un cycle long de formations sur l\u2019entreprenariat culturel en Europe et s&#039;est tr\u00e8s fortement impliqu\u00e9e dans l&#039;association Mus\u00e9omix https:\/\/www.museomix.org\/.  Apr\u00e8s plusieurs ann\u00e9es d\u2019exp\u00e9riences professionnelles en tant que chef de projet dans des m\u00e9tiers et des contextes tr\u00e8s diff\u00e9rents elle a \u00e9t\u00e9 directrice commerciale de Decommedia entrepreneuse avec Fixioneers puis Head of Share Design au sein du collectif de designers les Sismo !  Marialya est aujourd&#039;hui directrice de l&#039;innovation du CENTQUATRE-PARIS, un lieu unique qu&#039;elle vous invite \u00e0 d\u00e9couvrir.  Son super pouvoir :  Donner des super pouvoirs !  Son petit mot :  Bravo, osez, continuez !  Lieu : Sist&#039;Her Paris, 82 rue du Faubourg Saint-Martin    Ce projet est co-financ\u00e9 par le Fonds Social Europ\u00e9en.  \u00a0\u00a0\u00a0\" \/>\n<meta property=\"og:url\" content=\"https:\/\/empow-her.com\/es\/produit\/atelier-inspiration-vision-proposition-de-valeur-20-avril\/\" \/>\n<meta property=\"og:site_name\" content=\"Empow&#039;Her\" \/>\n<meta property=\"article:modified_time\" content=\"2022-03-23T09:06:53+00:00\" \/>\n<meta property=\"og:image\" content=\"https:\/\/empow-her.com\/wp-content\/uploads\/2022\/03\/Women-Dare-templates-events-18.png\" \/>\n\t<meta property=\"og:image:width\" content=\"1080\" \/>\n\t<meta property=\"og:image:height\" content=\"1080\" \/>\n\t<meta property=\"og:image:type\" content=\"image\/png\" \/>\n<meta name=\"twitter:card\" content=\"summary_large_image\" \/>\n<script type=\"application\/ld+json\" class=\"yoast-schema-graph\">{\"@context\":\"https:\/\/schema.org\",\"@graph\":[{\"@type\":\"WebPage\",\"@id\":\"https:\/\/empow-her.com\/es\/produit\/atelier-inspiration-vision-proposition-de-valeur-20-avril\/\",\"url\":\"https:\/\/empow-her.com\/es\/produit\/atelier-inspiration-vision-proposition-de-valeur-20-avril\/\",\"name\":\"Atelier - Inspiration, vision et proposition de valeur - Empow&#039;Her\",\"isPartOf\":{\"@id\":\"https:\/\/empow-her.com\/#website\"},\"primaryImageOfPage\":{\"@id\":\"https:\/\/empow-her.com\/es\/produit\/atelier-inspiration-vision-proposition-de-valeur-20-avril\/#primaryimage\"},\"image\":{\"@id\":\"https:\/\/empow-her.com\/es\/produit\/atelier-inspiration-vision-proposition-de-valeur-20-avril\/#primaryimage\"},\"thumbnailUrl\":\"https:\/\/empow-her.com\/wp-content\/uploads\/2022\/03\/Women-Dare-templates-events-18.png\",\"datePublished\":\"2022-03-11T12:23:58+00:00\",\"dateModified\":\"2022-03-23T09:06:53+00:00\",\"breadcrumb\":{\"@id\":\"https:\/\/empow-her.com\/es\/produit\/atelier-inspiration-vision-proposition-de-valeur-20-avril\/#breadcrumb\"},\"inLanguage\":\"es\",\"potentialAction\":[{\"@type\":\"ReadAction\",\"target\":[\"https:\/\/empow-her.com\/es\/produit\/atelier-inspiration-vision-proposition-de-valeur-20-avril\/\"]}]},{\"@type\":\"ImageObject\",\"inLanguage\":\"es\",\"@id\":\"https:\/\/empow-her.com\/es\/produit\/atelier-inspiration-vision-proposition-de-valeur-20-avril\/#primaryimage\",\"url\":\"https:\/\/empow-her.com\/wp-content\/uploads\/2022\/03\/Women-Dare-templates-events-18.png\",\"contentUrl\":\"https:\/\/empow-her.com\/wp-content\/uploads\/2022\/03\/Women-Dare-templates-events-18.png\",\"width\":1080,\"height\":1080},{\"@type\":\"BreadcrumbList\",\"@id\":\"https:\/\/empow-her.com\/es\/produit\/atelier-inspiration-vision-proposition-de-valeur-20-avril\/#breadcrumb\",\"itemListElement\":[{\"@type\":\"ListItem\",\"position\":1,\"name\":\"Accueil\",\"item\":\"https:\/\/empow-her.com\/es\/inicio\/\"},{\"@type\":\"ListItem\",\"position\":2,\"name\":\"LA BOUTIQUE\",\"item\":\"https:\/\/empow-her.com\/boutique\/\"},{\"@type\":\"ListItem\",\"position\":3,\"name\":\"Atelier &#8211; Inspiration, vision et proposition de valeur\"}]},{\"@type\":\"WebSite\",\"@id\":\"https:\/\/empow-her.com\/#website\",\"url\":\"https:\/\/empow-her.com\/\",\"name\":\"Empow&#039;Her\",\"description\":\"Women Development\",\"potentialAction\":[{\"@type\":\"SearchAction\",\"target\":{\"@type\":\"EntryPoint\",\"urlTemplate\":\"https:\/\/empow-her.com\/?s={search_term_string}\"},\"query-input\":{\"@type\":\"PropertyValueSpecification\",\"valueRequired\":true,\"valueName\":\"search_term_string\"}}],\"inLanguage\":\"es\"}]}<\/script>\n<!-- \/ Yoast SEO plugin. -->","yoast_head_json":{"title":"Atelier - Inspiration, vision et proposition de valeur - Empow&#039;Her","robots":{"index":"index","follow":"follow","max-snippet":"max-snippet:-1","max-image-preview":"max-image-preview:large","max-video-preview":"max-video-preview:-1"},"canonical":"https:\/\/empow-her.com\/es\/produit\/atelier-inspiration-vision-proposition-de-valeur-20-avril\/","og_locale":"es_ES","og_type":"article","og_title":"Atelier - Inspiration, vision et proposition de valeur - Empow&#039;Her","og_description":"Description \u00e0 venir.  Intervenant.e.s :  Marialya Bestougeff  Pr\u00e9sentation :  Marialya pilote 104factory, l'incubateur des startups culturelles et cr\u00e9atives (http:\/\/www.104factory.fr\/) Passionn\u00e9e par la culture et l'innovation, elle est dipl\u00f4m\u00e9e de l\u2019EDHEC et d\u2019un master en communication de l\u2019Universit\u00e9 Ib\u00e9roamericana de Mexico. Elle a \u00e9galement suivi un cycle long de formations sur l\u2019entreprenariat culturel en Europe et s'est tr\u00e8s fortement impliqu\u00e9e dans l'association Mus\u00e9omix https:\/\/www.museomix.org\/.  Apr\u00e8s plusieurs ann\u00e9es d\u2019exp\u00e9riences professionnelles en tant que chef de projet dans des m\u00e9tiers et des contextes tr\u00e8s diff\u00e9rents elle a \u00e9t\u00e9 directrice commerciale de Decommedia entrepreneuse avec Fixioneers puis Head of Share Design au sein du collectif de designers les Sismo !  Marialya est aujourd'hui directrice de l'innovation du CENTQUATRE-PARIS, un lieu unique qu'elle vous invite \u00e0 d\u00e9couvrir.  Son super pouvoir :  Donner des super pouvoirs !  Son petit mot :  Bravo, osez, continuez !  Lieu : Sist'Her Paris, 82 rue du Faubourg Saint-Martin    Ce projet est co-financ\u00e9 par le Fonds Social Europ\u00e9en.  \u00a0\u00a0\u00a0","og_url":"https:\/\/empow-her.com\/es\/produit\/atelier-inspiration-vision-proposition-de-valeur-20-avril\/","og_site_name":"Empow&#039;Her","article_modified_time":"2022-03-23T09:06:53+00:00","og_image":[{"width":1080,"height":1080,"url":"https:\/\/empow-her.com\/wp-content\/uploads\/2022\/03\/Women-Dare-templates-events-18.png","type":"image\/png"}],"twitter_card":"summary_large_image","schema":{"@context":"https:\/\/schema.org","@graph":[{"@type":"WebPage","@id":"https:\/\/empow-her.com\/es\/produit\/atelier-inspiration-vision-proposition-de-valeur-20-avril\/","url":"https:\/\/empow-her.com\/es\/produit\/atelier-inspiration-vision-proposition-de-valeur-20-avril\/","name":"Atelier - Inspiration, vision et proposition de valeur - Empow&#039;Her","isPartOf":{"@id":"https:\/\/empow-her.com\/#website"},"primaryImageOfPage":{"@id":"https:\/\/empow-her.com\/es\/produit\/atelier-inspiration-vision-proposition-de-valeur-20-avril\/#primaryimage"},"image":{"@id":"https:\/\/empow-her.com\/es\/produit\/atelier-inspiration-vision-proposition-de-valeur-20-avril\/#primaryimage"},"thumbnailUrl":"https:\/\/empow-her.com\/wp-content\/uploads\/2022\/03\/Women-Dare-templates-events-18.png","datePublished":"2022-03-11T12:23:58+00:00","dateModified":"2022-03-23T09:06:53+00:00","breadcrumb":{"@id":"https:\/\/empow-her.com\/es\/produit\/atelier-inspiration-vision-proposition-de-valeur-20-avril\/#breadcrumb"},"inLanguage":"es","potentialAction":[{"@type":"ReadAction","target":["https:\/\/empow-her.com\/es\/produit\/atelier-inspiration-vision-proposition-de-valeur-20-avril\/"]}]},{"@type":"ImageObject","inLanguage":"es","@id":"https:\/\/empow-her.com\/es\/produit\/atelier-inspiration-vision-proposition-de-valeur-20-avril\/#primaryimage","url":"https:\/\/empow-her.com\/wp-content\/uploads\/2022\/03\/Women-Dare-templates-events-18.png","contentUrl":"https:\/\/empow-her.com\/wp-content\/uploads\/2022\/03\/Women-Dare-templates-events-18.png","width":1080,"height":1080},{"@type":"BreadcrumbList","@id":"https:\/\/empow-her.com\/es\/produit\/atelier-inspiration-vision-proposition-de-valeur-20-avril\/#breadcrumb","itemListElement":[{"@type":"ListItem","position":1,"name":"Accueil","item":"https:\/\/empow-her.com\/es\/inicio\/"},{"@type":"ListItem","position":2,"name":"LA BOUTIQUE","item":"https:\/\/empow-her.com\/boutique\/"},{"@type":"ListItem","position":3,"name":"Atelier &#8211; Inspiration, vision et proposition de valeur"}]},{"@type":"WebSite","@id":"https:\/\/empow-her.com\/#website","url":"https:\/\/empow-her.com\/","name":"Empow&#039;Her","description":"Women Development","potentialAction":[{"@type":"SearchAction","target":{"@type":"EntryPoint","urlTemplate":"https:\/\/empow-her.com\/?s={search_term_string}"},"query-input":{"@type":"PropertyValueSpecification","valueRequired":true,"valueName":"search_term_string"}}],"inLanguage":"es"}]}},"_links":{"self":[{"href":"https:\/\/empow-her.com\/es\/wp-json\/wp\/v2\/product\/116493","targetHints":{"allow":["GET"]}}],"collection":[{"href":"https:\/\/empow-her.com\/es\/wp-json\/wp\/v2\/product"}],"about":[{"href":"https:\/\/empow-her.com\/es\/wp-json\/wp\/v2\/types\/product"}],"wp:featuredmedia":[{"embeddable":true,"href":"https:\/\/empow-her.com\/es\/wp-json\/wp\/v2\/media\/116494"}],"wp:attachment":[{"href":"https:\/\/empow-her.com\/es\/wp-json\/wp\/v2\/media?parent=116493"}],"wp:term":[{"taxonomy":"product_brand","embeddable":true,"href":"https:\/\/empow-her.com\/es\/wp-json\/wp\/v2\/product_brand?post=116493"},{"taxonomy":"product_cat","embeddable":true,"href":"https:\/\/empow-her.com\/es\/wp-json\/wp\/v2\/product_cat?post=116493"},{"taxonomy":"product_tag","embeddable":true,"href":"https:\/\/empow-her.com\/es\/wp-json\/wp\/v2\/product_tag?post=116493"},{"taxonomy":"lieu","embeddable":true,"href":"https:\/\/empow-her.com\/es\/wp-json\/wp\/v2\/lieu?post=116493"},{"taxonomy":"thematiques","embeddable":true,"href":"https:\/\/empow-her.com\/es\/wp-json\/wp\/v2\/thematiques?post=116493"}],"curies":[{"name":"wp","href":"https:\/\/api.w.org\/{rel}","templated":true}]}}