{"id":116466,"date":"2022-03-11T11:51:31","date_gmt":"2022-03-11T10:51:31","guid":{"rendered":"https:\/\/empow-her.com\/?post_type=product&#038;p=116466"},"modified":"2022-03-29T18:28:03","modified_gmt":"2022-03-29T16:28:03","slug":"atelier-m-appuyer-sur-mes-forces-pour-m-approprier-mon-identite-de-leader-14-avril","status":"publish","type":"product","link":"https:\/\/empow-her.com\/es\/produit\/atelier-m-appuyer-sur-mes-forces-pour-m-approprier-mon-identite-de-leader-14-avril\/","title":{"rendered":"Atelier &#8211; M&#8217;appuyer sur mes forces pour m&#8217;approprier mon identit\u00e9 de leader"},"content":{"rendered":"","protected":false},"excerpt":{"rendered":"<p>Qu&#8217;est-ce qui fait un\u00b7e leader ? Quelle leader \u00eates-vous ? Le leadership n&#8217;est pas quelque chose d&#8217;unique, il peut prendre plusieurs formes. Affirmer son identit\u00e9 de leader, c&#8217;est vous permettre de d\u00e9velopper votre confiance en vous et votre capacit\u00e9 \u00e0 agir, mais aussi votre capacit\u00e9 \u00e0 embarquer les autres dans votre projet.<\/p>\n<p>Dans cet atelier, vous explorerez la notion de leadership et identifierez quel type de leader vous souhaitez incarner, en fonction de votre profil et de vos forces personnelles.<\/p>\n<p><strong>Intervenant.e.s : <\/strong><br \/>\nClaire Bourrasset<\/p>\n<p><strong>Pr\u00e9sentation : <\/strong><br \/>\nCoach professionnelle, Claire est engag\u00e9e dans une v\u00e9ritable r\u00e9volution du leadership. Son combat est double :<br \/>\n&#8211; Permettre l&#8217;\u00e9mergence de nouveaux et nouvelles leaders plus repr\u00e9sentatif.ves de la soci\u00e9t\u00e9.<br \/>\n&#8211; Transformer nos repr\u00e9sentations du leadership pour autoriser l&#8217;humanit\u00e9 et la singularit\u00e9 de chacun.e \u00e0 rayonner.<\/p>\n<p>Claire est sp\u00e9cialiste de l&#8217;empowerment tant au niveau individuel : l\u00e9gitimit\u00e9, affirmation de soi&#8230; ; qu&#8217;au niveau du leadership : comment devenir un.e vrai.e leader de leaders, capable de faire grandir les personnes autour de soi !<br \/>\nElle accompagne en particulier dans cette qu\u00eate, tous ceux et celles qui souhaitent oeuvrer \u00e0 la construction d&#8217;un monde plus juste et durable.<\/p>\n<p><strong>Son super pouvoir : <\/strong><br \/>\nMettre en lumi\u00e8re les personnes qui changent le monde<\/p>\n<p><strong>Son petit mot : <\/strong><br \/>\n&#8220;Osez r\u00eaver grand, vous n&#8217;avez encore pas id\u00e9e de tout ce dont vous \u00eates capables ! Le monde a besoin des voix des femmes, c&#8217;est votre moment.&#8221;, Claire.<\/p>\n<div><\/div>\n<div><b>Lieu : <\/b>Sist&#8217;Her Paris, 82 rue du Faubourg Saint-Martin<\/div>\n<div><\/div>\n<div><\/div>\n<div><\/div>\n<p>Ce projet est co-financ\u00e9 par le Fonds Social Europ\u00e9en.<\/p>\n<p><img decoding=\"async\" class=\"\" src=\"https:\/\/www.sep-asso.fr\/wp-content\/uploads\/2018\/02\/logo-union-europeenne.png\" alt=\"logo union europeenne \u2013 SEP\" width=\"87\" height=\"72\" \/>\u00a0\u00a0<img decoding=\"async\" class=\"alignnone wp-image-15218\" src=\"https:\/\/empow-her.com\/wp-content\/uploads\/2021\/06\/logo_fonds_social_europeen-300x187.png\" alt=\"\" width=\"104\" height=\"65\" srcset=\"https:\/\/empow-her.com\/wp-content\/uploads\/2021\/06\/logo_fonds_social_europeen-300x187.png 300w, https:\/\/empow-her.com\/wp-content\/uploads\/2021\/06\/logo_fonds_social_europeen-600x375.png 600w, https:\/\/empow-her.com\/wp-content\/uploads\/2021\/06\/logo_fonds_social_europeen-24x15.png 24w, https:\/\/empow-her.com\/wp-content\/uploads\/2021\/06\/logo_fonds_social_europeen-36x22.png 36w, https:\/\/empow-her.com\/wp-content\/uploads\/2021\/06\/logo_fonds_social_europeen-48x30.png 48w, https:\/\/empow-her.com\/wp-content\/uploads\/2021\/06\/logo_fonds_social_europeen.png 666w\" sizes=\"(max-width: 104px) 100vw, 104px\" \/>\u00a0<img decoding=\"async\" class=\"\" src=\"https:\/\/franceactive-idf.org\/wp-content\/uploads\/2020\/02\/logo-region-ile-de-france.png\" alt=\"Logo Region Ile De France - France Active \u00cele-de-France\" width=\"126\" height=\"29\" \/><\/p>\n","protected":false},"featured_media":116467,"template":"","format":"standard","meta":{"_acf_changed":false,"om_disable_all_campaigns":false,"_uf_show_specific_survey":0,"_uf_disable_surveys":false},"product_brand":[],"product_cat":[118],"product_tag":[],"lieu":[127],"thematiques":[],"class_list":{"0":"post-116466","1":"product","2":"type-product","3":"status-publish","4":"format-standard","5":"has-post-thumbnail","7":"product_cat-atelier-collectif","8":"lieu-hub-empowher","10":"first","11":"instock","12":"virtual","13":"purchasable","14":"product-type-appointment"},"exclude_global_add_ons":[],"addons":[],"acf":[],"yoast_head":"<!-- This site is optimized with the Yoast SEO plugin v24.8 - https:\/\/yoast.com\/wordpress\/plugins\/seo\/ -->\n<title>Atelier - M&#039;appuyer sur mes forces pour m&#039;approprier mon identit\u00e9 de leader - Empow&#039;Her<\/title>\n<meta name=\"robots\" content=\"index, follow, max-snippet:-1, max-image-preview:large, max-video-preview:-1\" \/>\n<link rel=\"canonical\" href=\"https:\/\/empow-her.com\/es\/produit\/atelier-m-appuyer-sur-mes-forces-pour-m-approprier-mon-identite-de-leader-14-avril\/\" \/>\n<meta property=\"og:locale\" content=\"es_ES\" \/>\n<meta property=\"og:type\" content=\"article\" \/>\n<meta property=\"og:title\" content=\"Atelier - M&#039;appuyer sur mes forces pour m&#039;approprier mon identit\u00e9 de leader - Empow&#039;Her\" \/>\n<meta property=\"og:description\" content=\"Qu&#039;est-ce qui fait un\u00b7e leader ? Quelle leader \u00eates-vous ? Le leadership n&#039;est pas quelque chose d&#039;unique, il peut prendre plusieurs formes. Affirmer son identit\u00e9 de leader, c&#039;est vous permettre de d\u00e9velopper votre confiance en vous et votre capacit\u00e9 \u00e0 agir, mais aussi votre capacit\u00e9 \u00e0 embarquer les autres dans votre projet.  Dans cet atelier, vous explorerez la notion de leadership et identifierez quel type de leader vous souhaitez incarner, en fonction de votre profil et de vos forces personnelles.  Intervenant.e.s :  Claire Bourrasset  Pr\u00e9sentation :  Coach professionnelle, Claire est engag\u00e9e dans une v\u00e9ritable r\u00e9volution du leadership. Son combat est double : - Permettre l&#039;\u00e9mergence de nouveaux et nouvelles leaders plus repr\u00e9sentatif.ves de la soci\u00e9t\u00e9. - Transformer nos repr\u00e9sentations du leadership pour autoriser l&#039;humanit\u00e9 et la singularit\u00e9 de chacun.e \u00e0 rayonner.  Claire est sp\u00e9cialiste de l&#039;empowerment tant au niveau individuel : l\u00e9gitimit\u00e9, affirmation de soi... ; qu&#039;au niveau du leadership : comment devenir un.e vrai.e leader de leaders, capable de faire grandir les personnes autour de soi ! Elle accompagne en particulier dans cette qu\u00eate, tous ceux et celles qui souhaitent oeuvrer \u00e0 la construction d&#039;un monde plus juste et durable.  Son super pouvoir :  Mettre en lumi\u00e8re les personnes qui changent le monde  Son petit mot :  &quot;Osez r\u00eaver grand, vous n&#039;avez encore pas id\u00e9e de tout ce dont vous \u00eates capables ! Le monde a besoin des voix des femmes, c&#039;est votre moment.&quot;, Claire.  Lieu : Sist&#039;Her Paris, 82 rue du Faubourg Saint-Martin    Ce projet est co-financ\u00e9 par le Fonds Social Europ\u00e9en.  \u00a0\u00a0\u00a0\" \/>\n<meta property=\"og:url\" content=\"https:\/\/empow-her.com\/es\/produit\/atelier-m-appuyer-sur-mes-forces-pour-m-approprier-mon-identite-de-leader-14-avril\/\" \/>\n<meta property=\"og:site_name\" content=\"Empow&#039;Her\" \/>\n<meta property=\"article:modified_time\" content=\"2022-03-29T16:28:03+00:00\" \/>\n<meta property=\"og:image\" content=\"https:\/\/empow-her.com\/wp-content\/uploads\/2022\/03\/Women-Dare-templates-events-7.png\" \/>\n\t<meta property=\"og:image:width\" content=\"1080\" \/>\n\t<meta property=\"og:image:height\" content=\"1080\" \/>\n\t<meta property=\"og:image:type\" content=\"image\/png\" \/>\n<meta name=\"twitter:card\" content=\"summary_large_image\" \/>\n<script type=\"application\/ld+json\" class=\"yoast-schema-graph\">{\"@context\":\"https:\/\/schema.org\",\"@graph\":[{\"@type\":\"WebPage\",\"@id\":\"https:\/\/empow-her.com\/es\/produit\/atelier-m-appuyer-sur-mes-forces-pour-m-approprier-mon-identite-de-leader-14-avril\/\",\"url\":\"https:\/\/empow-her.com\/es\/produit\/atelier-m-appuyer-sur-mes-forces-pour-m-approprier-mon-identite-de-leader-14-avril\/\",\"name\":\"Atelier - M'appuyer sur mes forces pour m'approprier mon identit\u00e9 de leader - Empow&#039;Her\",\"isPartOf\":{\"@id\":\"https:\/\/empow-her.com\/#website\"},\"primaryImageOfPage\":{\"@id\":\"https:\/\/empow-her.com\/es\/produit\/atelier-m-appuyer-sur-mes-forces-pour-m-approprier-mon-identite-de-leader-14-avril\/#primaryimage\"},\"image\":{\"@id\":\"https:\/\/empow-her.com\/es\/produit\/atelier-m-appuyer-sur-mes-forces-pour-m-approprier-mon-identite-de-leader-14-avril\/#primaryimage\"},\"thumbnailUrl\":\"https:\/\/empow-her.com\/wp-content\/uploads\/2022\/03\/Women-Dare-templates-events-7.png\",\"datePublished\":\"2022-03-11T10:51:31+00:00\",\"dateModified\":\"2022-03-29T16:28:03+00:00\",\"breadcrumb\":{\"@id\":\"https:\/\/empow-her.com\/es\/produit\/atelier-m-appuyer-sur-mes-forces-pour-m-approprier-mon-identite-de-leader-14-avril\/#breadcrumb\"},\"inLanguage\":\"es\",\"potentialAction\":[{\"@type\":\"ReadAction\",\"target\":[\"https:\/\/empow-her.com\/es\/produit\/atelier-m-appuyer-sur-mes-forces-pour-m-approprier-mon-identite-de-leader-14-avril\/\"]}]},{\"@type\":\"ImageObject\",\"inLanguage\":\"es\",\"@id\":\"https:\/\/empow-her.com\/es\/produit\/atelier-m-appuyer-sur-mes-forces-pour-m-approprier-mon-identite-de-leader-14-avril\/#primaryimage\",\"url\":\"https:\/\/empow-her.com\/wp-content\/uploads\/2022\/03\/Women-Dare-templates-events-7.png\",\"contentUrl\":\"https:\/\/empow-her.com\/wp-content\/uploads\/2022\/03\/Women-Dare-templates-events-7.png\",\"width\":1080,\"height\":1080},{\"@type\":\"BreadcrumbList\",\"@id\":\"https:\/\/empow-her.com\/es\/produit\/atelier-m-appuyer-sur-mes-forces-pour-m-approprier-mon-identite-de-leader-14-avril\/#breadcrumb\",\"itemListElement\":[{\"@type\":\"ListItem\",\"position\":1,\"name\":\"Accueil\",\"item\":\"https:\/\/empow-her.com\/es\/inicio\/\"},{\"@type\":\"ListItem\",\"position\":2,\"name\":\"LA BOUTIQUE\",\"item\":\"https:\/\/empow-her.com\/boutique\/\"},{\"@type\":\"ListItem\",\"position\":3,\"name\":\"Atelier &#8211; M&#8217;appuyer sur mes forces pour m&#8217;approprier mon identit\u00e9 de leader\"}]},{\"@type\":\"WebSite\",\"@id\":\"https:\/\/empow-her.com\/#website\",\"url\":\"https:\/\/empow-her.com\/\",\"name\":\"Empow&#039;Her\",\"description\":\"Women Development\",\"potentialAction\":[{\"@type\":\"SearchAction\",\"target\":{\"@type\":\"EntryPoint\",\"urlTemplate\":\"https:\/\/empow-her.com\/?s={search_term_string}\"},\"query-input\":{\"@type\":\"PropertyValueSpecification\",\"valueRequired\":true,\"valueName\":\"search_term_string\"}}],\"inLanguage\":\"es\"}]}<\/script>\n<!-- \/ Yoast SEO plugin. -->","yoast_head_json":{"title":"Atelier - M'appuyer sur mes forces pour m'approprier mon identit\u00e9 de leader - Empow&#039;Her","robots":{"index":"index","follow":"follow","max-snippet":"max-snippet:-1","max-image-preview":"max-image-preview:large","max-video-preview":"max-video-preview:-1"},"canonical":"https:\/\/empow-her.com\/es\/produit\/atelier-m-appuyer-sur-mes-forces-pour-m-approprier-mon-identite-de-leader-14-avril\/","og_locale":"es_ES","og_type":"article","og_title":"Atelier - M'appuyer sur mes forces pour m'approprier mon identit\u00e9 de leader - Empow&#039;Her","og_description":"Qu'est-ce qui fait un\u00b7e leader ? Quelle leader \u00eates-vous ? Le leadership n'est pas quelque chose d'unique, il peut prendre plusieurs formes. Affirmer son identit\u00e9 de leader, c'est vous permettre de d\u00e9velopper votre confiance en vous et votre capacit\u00e9 \u00e0 agir, mais aussi votre capacit\u00e9 \u00e0 embarquer les autres dans votre projet.  Dans cet atelier, vous explorerez la notion de leadership et identifierez quel type de leader vous souhaitez incarner, en fonction de votre profil et de vos forces personnelles.  Intervenant.e.s :  Claire Bourrasset  Pr\u00e9sentation :  Coach professionnelle, Claire est engag\u00e9e dans une v\u00e9ritable r\u00e9volution du leadership. Son combat est double : - Permettre l'\u00e9mergence de nouveaux et nouvelles leaders plus repr\u00e9sentatif.ves de la soci\u00e9t\u00e9. - Transformer nos repr\u00e9sentations du leadership pour autoriser l'humanit\u00e9 et la singularit\u00e9 de chacun.e \u00e0 rayonner.  Claire est sp\u00e9cialiste de l'empowerment tant au niveau individuel : l\u00e9gitimit\u00e9, affirmation de soi... ; qu'au niveau du leadership : comment devenir un.e vrai.e leader de leaders, capable de faire grandir les personnes autour de soi ! Elle accompagne en particulier dans cette qu\u00eate, tous ceux et celles qui souhaitent oeuvrer \u00e0 la construction d'un monde plus juste et durable.  Son super pouvoir :  Mettre en lumi\u00e8re les personnes qui changent le monde  Son petit mot :  \"Osez r\u00eaver grand, vous n'avez encore pas id\u00e9e de tout ce dont vous \u00eates capables ! Le monde a besoin des voix des femmes, c'est votre moment.\", Claire.  Lieu : Sist'Her Paris, 82 rue du Faubourg Saint-Martin    Ce projet est co-financ\u00e9 par le Fonds Social Europ\u00e9en.  \u00a0\u00a0\u00a0","og_url":"https:\/\/empow-her.com\/es\/produit\/atelier-m-appuyer-sur-mes-forces-pour-m-approprier-mon-identite-de-leader-14-avril\/","og_site_name":"Empow&#039;Her","article_modified_time":"2022-03-29T16:28:03+00:00","og_image":[{"width":1080,"height":1080,"url":"https:\/\/empow-her.com\/wp-content\/uploads\/2022\/03\/Women-Dare-templates-events-7.png","type":"image\/png"}],"twitter_card":"summary_large_image","schema":{"@context":"https:\/\/schema.org","@graph":[{"@type":"WebPage","@id":"https:\/\/empow-her.com\/es\/produit\/atelier-m-appuyer-sur-mes-forces-pour-m-approprier-mon-identite-de-leader-14-avril\/","url":"https:\/\/empow-her.com\/es\/produit\/atelier-m-appuyer-sur-mes-forces-pour-m-approprier-mon-identite-de-leader-14-avril\/","name":"Atelier - M'appuyer sur mes forces pour m'approprier mon identit\u00e9 de leader - Empow&#039;Her","isPartOf":{"@id":"https:\/\/empow-her.com\/#website"},"primaryImageOfPage":{"@id":"https:\/\/empow-her.com\/es\/produit\/atelier-m-appuyer-sur-mes-forces-pour-m-approprier-mon-identite-de-leader-14-avril\/#primaryimage"},"image":{"@id":"https:\/\/empow-her.com\/es\/produit\/atelier-m-appuyer-sur-mes-forces-pour-m-approprier-mon-identite-de-leader-14-avril\/#primaryimage"},"thumbnailUrl":"https:\/\/empow-her.com\/wp-content\/uploads\/2022\/03\/Women-Dare-templates-events-7.png","datePublished":"2022-03-11T10:51:31+00:00","dateModified":"2022-03-29T16:28:03+00:00","breadcrumb":{"@id":"https:\/\/empow-her.com\/es\/produit\/atelier-m-appuyer-sur-mes-forces-pour-m-approprier-mon-identite-de-leader-14-avril\/#breadcrumb"},"inLanguage":"es","potentialAction":[{"@type":"ReadAction","target":["https:\/\/empow-her.com\/es\/produit\/atelier-m-appuyer-sur-mes-forces-pour-m-approprier-mon-identite-de-leader-14-avril\/"]}]},{"@type":"ImageObject","inLanguage":"es","@id":"https:\/\/empow-her.com\/es\/produit\/atelier-m-appuyer-sur-mes-forces-pour-m-approprier-mon-identite-de-leader-14-avril\/#primaryimage","url":"https:\/\/empow-her.com\/wp-content\/uploads\/2022\/03\/Women-Dare-templates-events-7.png","contentUrl":"https:\/\/empow-her.com\/wp-content\/uploads\/2022\/03\/Women-Dare-templates-events-7.png","width":1080,"height":1080},{"@type":"BreadcrumbList","@id":"https:\/\/empow-her.com\/es\/produit\/atelier-m-appuyer-sur-mes-forces-pour-m-approprier-mon-identite-de-leader-14-avril\/#breadcrumb","itemListElement":[{"@type":"ListItem","position":1,"name":"Accueil","item":"https:\/\/empow-her.com\/es\/inicio\/"},{"@type":"ListItem","position":2,"name":"LA BOUTIQUE","item":"https:\/\/empow-her.com\/boutique\/"},{"@type":"ListItem","position":3,"name":"Atelier &#8211; M&#8217;appuyer sur mes forces pour m&#8217;approprier mon identit\u00e9 de leader"}]},{"@type":"WebSite","@id":"https:\/\/empow-her.com\/#website","url":"https:\/\/empow-her.com\/","name":"Empow&#039;Her","description":"Women Development","potentialAction":[{"@type":"SearchAction","target":{"@type":"EntryPoint","urlTemplate":"https:\/\/empow-her.com\/?s={search_term_string}"},"query-input":{"@type":"PropertyValueSpecification","valueRequired":true,"valueName":"search_term_string"}}],"inLanguage":"es"}]}},"_links":{"self":[{"href":"https:\/\/empow-her.com\/es\/wp-json\/wp\/v2\/product\/116466","targetHints":{"allow":["GET"]}}],"collection":[{"href":"https:\/\/empow-her.com\/es\/wp-json\/wp\/v2\/product"}],"about":[{"href":"https:\/\/empow-her.com\/es\/wp-json\/wp\/v2\/types\/product"}],"wp:featuredmedia":[{"embeddable":true,"href":"https:\/\/empow-her.com\/es\/wp-json\/wp\/v2\/media\/116467"}],"wp:attachment":[{"href":"https:\/\/empow-her.com\/es\/wp-json\/wp\/v2\/media?parent=116466"}],"wp:term":[{"taxonomy":"product_brand","embeddable":true,"href":"https:\/\/empow-her.com\/es\/wp-json\/wp\/v2\/product_brand?post=116466"},{"taxonomy":"product_cat","embeddable":true,"href":"https:\/\/empow-her.com\/es\/wp-json\/wp\/v2\/product_cat?post=116466"},{"taxonomy":"product_tag","embeddable":true,"href":"https:\/\/empow-her.com\/es\/wp-json\/wp\/v2\/product_tag?post=116466"},{"taxonomy":"lieu","embeddable":true,"href":"https:\/\/empow-her.com\/es\/wp-json\/wp\/v2\/lieu?post=116466"},{"taxonomy":"thematiques","embeddable":true,"href":"https:\/\/empow-her.com\/es\/wp-json\/wp\/v2\/thematiques?post=116466"}],"curies":[{"name":"wp","href":"https:\/\/api.w.org\/{rel}","templated":true}]}}