{"id":116431,"date":"2022-03-11T09:39:59","date_gmt":"2022-03-11T08:39:59","guid":{"rendered":"https:\/\/empow-her.com\/?post_type=product&#038;p=116431"},"modified":"2022-04-06T15:26:57","modified_gmt":"2022-04-06T13:26:57","slug":"coaching-approfondir-mon-projet-11-avril-2","status":"publish","type":"product","link":"https:\/\/empow-her.com\/es\/produit\/coaching-approfondir-mon-projet-11-avril-2\/","title":{"rendered":"Coaching &#8211; Approfondir mon projet"},"content":{"rendered":"","protected":false},"excerpt":{"rendered":"<p>Vous souhaitez vous lancer dans l&#8217;entrepreneuriat et cherchez \u00e0 identifier une r\u00e9ponse \u00e0 un vrai besoin, ou valider votre id\u00e9e de projet ?<\/p>\n<p>Lors de cette permanence individuelle, confrontez vos id\u00e9es et vos pistes de projet pour faire \u00e9merger une solution pertinente et identifier les prochaines actions pour valider votre id\u00e9e !<\/p>\n<p>NB : Ce coaching mobilise certaines s\u00e9quences vues en bootcamp. Si vous avez particip\u00e9 ou allez participer prochainement \u00e0 un bootcamp, ce coaching sera moins int\u00e9ressant pour vous, nous vous invitons plut\u00f4t \u00e0 reprendre votre livret d&#8217;outil du bootcamp pour vous exercez avec les outils d\u00e9j\u00e0 partag\u00e9s !<\/p>\n<p><strong>Intervenant.e.s :\u00a0<\/strong><br \/>\nMarie Laroche<\/p>\n<p><strong>Pr\u00e9sentation : <\/strong><br \/>\nApr\u00e8s 8 ans de direction d&#8217;associations d&#8217;\u00e9ducation populaire, Marie s&#8217;est lanc\u00e9e il y a 2 ans en tant que consultante aupr\u00e8s de structures de l&#8217;ESS. Elle consid\u00e8re la facilitation comme essentielle \u00e0 tout groupe pour se lancer, \u00e9voluer et se d\u00e9velopper tout en \u00e9tant conscients des enjeux de notre soci\u00e9t\u00e9. Militante de la gouvernance partag\u00e9e, Marie s&#8217;est sp\u00e9cialis\u00e9e dans les m\u00e9thodes actives et le renforcement du pouvoir d\u2019agir.<\/p>\n<p><strong>Son super pouvoir : <\/strong><br \/>\nAnimatrice des intelligences collectives<\/p>\n<p><strong>Son petit mot : <\/strong><br \/>\n&#8220;Selon moi, le plus important est de s&#8217;entourer des bonnes personnes. Activez votre r\u00e9seau, rencontrez du monde, n&#8217;h\u00e9sitez jamais \u00e0 demander du soutien. Vous \u00eates au bon endroit pour cela !&#8221;, Marie.<\/p>\n<p>&nbsp;<\/p>\n<p>&nbsp;<\/p>\n<p>Session de coaching<strong> en\u00a0 ligne<\/strong><\/p>\n<p><strong>Dur\u00e9e<\/strong> : U<span data-sheets-value=\"{&quot;1&quot;:2,&quot;2&quot;:&quot;Permanence de 4h avec un cr\u00e9neau de 1h par participante (+ 15 minutes entre chaque)&quot;}\" data-sheets-userformat=\"{&quot;2&quot;:7167,&quot;3&quot;:{&quot;1&quot;:0},&quot;4&quot;:{&quot;1&quot;:2,&quot;2&quot;:16777215},&quot;5&quot;:{&quot;1&quot;:[{&quot;1&quot;:2,&quot;2&quot;:0,&quot;5&quot;:{&quot;1&quot;:2,&quot;2&quot;:0}},{&quot;1&quot;:0,&quot;2&quot;:0,&quot;3&quot;:3},{&quot;1&quot;:1,&quot;2&quot;:0,&quot;4&quot;:1}]},&quot;6&quot;:{&quot;1&quot;:[{&quot;1&quot;:2,&quot;2&quot;:0,&quot;5&quot;:{&quot;1&quot;:2,&quot;2&quot;:0}},{&quot;1&quot;:0,&quot;2&quot;:0,&quot;3&quot;:3},{&quot;1&quot;:1,&quot;2&quot;:0,&quot;4&quot;:1}]},&quot;7&quot;:{&quot;1&quot;:[{&quot;1&quot;:2,&quot;2&quot;:0,&quot;5&quot;:{&quot;1&quot;:2,&quot;2&quot;:0}},{&quot;1&quot;:0,&quot;2&quot;:0,&quot;3&quot;:3},{&quot;1&quot;:1,&quot;2&quot;:0,&quot;4&quot;:1}]},&quot;8&quot;:{&quot;1&quot;:[{&quot;1&quot;:2,&quot;2&quot;:0,&quot;5&quot;:{&quot;1&quot;:2,&quot;2&quot;:0}},{&quot;1&quot;:0,&quot;2&quot;:0,&quot;3&quot;:3},{&quot;1&quot;:1,&quot;2&quot;:0,&quot;4&quot;:1}]},&quot;9&quot;:0,&quot;10&quot;:1,&quot;11&quot;:4,&quot;12&quot;:0,&quot;14&quot;:{&quot;1&quot;:2,&quot;2&quot;:0},&quot;15&quot;:&quot;Calibri&quot;}\">n cr\u00e9neau de 1h en individuel<\/span><\/p>\n<p>&nbsp;<\/p>\n<p>Ce projet est co-financ\u00e9 par le Fonds Social Europ\u00e9en.<\/p>\n<p><img decoding=\"async\" class=\"alignnone size-medium wp-image-15794\" src=\"https:\/\/empow-her.com\/wp-content\/uploads\/2021\/07\/fse-logos-1-300x54.png\" alt=\"\" width=\"300\" height=\"54\" srcset=\"https:\/\/empow-her.com\/wp-content\/uploads\/2021\/07\/fse-logos-1-300x54.png 300w, https:\/\/empow-her.com\/wp-content\/uploads\/2021\/07\/fse-logos-1-600x108.png 600w, https:\/\/empow-her.com\/wp-content\/uploads\/2021\/07\/fse-logos-1-1024x184.png 1024w, https:\/\/empow-her.com\/wp-content\/uploads\/2021\/07\/fse-logos-1-768x138.png 768w, https:\/\/empow-her.com\/wp-content\/uploads\/2021\/07\/fse-logos-1-1536x275.png 1536w, https:\/\/empow-her.com\/wp-content\/uploads\/2021\/07\/fse-logos-1-2048x367.png 2048w, https:\/\/empow-her.com\/wp-content\/uploads\/2021\/07\/fse-logos-1-24x4.png 24w, https:\/\/empow-her.com\/wp-content\/uploads\/2021\/07\/fse-logos-1-36x6.png 36w, https:\/\/empow-her.com\/wp-content\/uploads\/2021\/07\/fse-logos-1-48x9.png 48w\" sizes=\"(max-width: 300px) 100vw, 300px\" \/><\/p>\n","protected":false},"featured_media":116477,"template":"","format":"standard","meta":{"_acf_changed":false,"om_disable_all_campaigns":false,"_uf_show_specific_survey":0,"_uf_disable_surveys":false},"product_brand":[],"product_cat":[121],"product_tag":[],"lieu":[125],"thematiques":[],"class_list":{"0":"post-116431","1":"product","2":"type-product","3":"status-publish","4":"format-standard","5":"has-post-thumbnail","7":"product_cat-coaching","8":"lieu-en-ligne","10":"first","11":"instock","12":"virtual","13":"purchasable","14":"product-type-appointment"},"exclude_global_add_ons":[],"addons":[],"acf":[],"yoast_head":"<!-- This site is optimized with the Yoast SEO plugin v24.8 - https:\/\/yoast.com\/wordpress\/plugins\/seo\/ -->\n<title>Coaching - Approfondir mon projet - Empow&#039;Her<\/title>\n<meta name=\"robots\" content=\"index, follow, max-snippet:-1, max-image-preview:large, max-video-preview:-1\" \/>\n<link rel=\"canonical\" href=\"https:\/\/empow-her.com\/produit\/coaching-approfondir-mon-projet-11-avril-2\/\" \/>\n<meta property=\"og:locale\" content=\"es_ES\" \/>\n<meta property=\"og:type\" content=\"article\" \/>\n<meta property=\"og:title\" content=\"Coaching - Approfondir mon projet - Empow&#039;Her\" \/>\n<meta property=\"og:description\" content=\"Vous souhaitez vous lancer dans l&#039;entrepreneuriat et cherchez \u00e0 identifier une r\u00e9ponse \u00e0 un vrai besoin, ou valider votre id\u00e9e de projet ?  Lors de cette permanence individuelle, confrontez vos id\u00e9es et vos pistes de projet pour faire \u00e9merger une solution pertinente et identifier les prochaines actions pour valider votre id\u00e9e !  NB : Ce coaching mobilise certaines s\u00e9quences vues en bootcamp. Si vous avez particip\u00e9 ou allez participer prochainement \u00e0 un bootcamp, ce coaching sera moins int\u00e9ressant pour vous, nous vous invitons plut\u00f4t \u00e0 reprendre votre livret d&#039;outil du bootcamp pour vous exercez avec les outils d\u00e9j\u00e0 partag\u00e9s !  Intervenant.e.s :\u00a0 Marie Laroche  Pr\u00e9sentation :  Apr\u00e8s 8 ans de direction d&#039;associations d&#039;\u00e9ducation populaire, Marie s&#039;est lanc\u00e9e il y a 2 ans en tant que consultante aupr\u00e8s de structures de l&#039;ESS. Elle consid\u00e8re la facilitation comme essentielle \u00e0 tout groupe pour se lancer, \u00e9voluer et se d\u00e9velopper tout en \u00e9tant conscients des enjeux de notre soci\u00e9t\u00e9. Militante de la gouvernance partag\u00e9e, Marie s&#039;est sp\u00e9cialis\u00e9e dans les m\u00e9thodes actives et le renforcement du pouvoir d\u2019agir.  Son super pouvoir :  Animatrice des intelligences collectives  Son petit mot :  &quot;Selon moi, le plus important est de s&#039;entourer des bonnes personnes. Activez votre r\u00e9seau, rencontrez du monde, n&#039;h\u00e9sitez jamais \u00e0 demander du soutien. Vous \u00eates au bon endroit pour cela !&quot;, Marie.  &nbsp;  &nbsp;  Session de coaching en\u00a0 ligne  Dur\u00e9e : Un cr\u00e9neau de 1h en individuel  &nbsp;  Ce projet est co-financ\u00e9 par le Fonds Social Europ\u00e9en.\" \/>\n<meta property=\"og:url\" content=\"https:\/\/empow-her.com\/produit\/coaching-approfondir-mon-projet-11-avril-2\/\" \/>\n<meta property=\"og:site_name\" content=\"Empow&#039;Her\" \/>\n<meta property=\"article:modified_time\" content=\"2022-04-06T13:26:57+00:00\" \/>\n<meta property=\"og:image\" content=\"https:\/\/empow-her.com\/wp-content\/uploads\/2022\/03\/Women-Dare-templates-events-11.png\" \/>\n\t<meta property=\"og:image:width\" content=\"1080\" \/>\n\t<meta property=\"og:image:height\" content=\"1080\" \/>\n\t<meta property=\"og:image:type\" content=\"image\/png\" \/>\n<meta name=\"twitter:card\" content=\"summary_large_image\" \/>\n<script type=\"application\/ld+json\" class=\"yoast-schema-graph\">{\"@context\":\"https:\/\/schema.org\",\"@graph\":[{\"@type\":\"WebPage\",\"@id\":\"https:\/\/empow-her.com\/produit\/coaching-approfondir-mon-projet-11-avril-2\/\",\"url\":\"https:\/\/empow-her.com\/produit\/coaching-approfondir-mon-projet-11-avril-2\/\",\"name\":\"Coaching - Approfondir mon projet - Empow&#039;Her\",\"isPartOf\":{\"@id\":\"https:\/\/empow-her.com\/#website\"},\"primaryImageOfPage\":{\"@id\":\"https:\/\/empow-her.com\/produit\/coaching-approfondir-mon-projet-11-avril-2\/#primaryimage\"},\"image\":{\"@id\":\"https:\/\/empow-her.com\/produit\/coaching-approfondir-mon-projet-11-avril-2\/#primaryimage\"},\"thumbnailUrl\":\"https:\/\/empow-her.com\/wp-content\/uploads\/2022\/03\/Women-Dare-templates-events-11.png\",\"datePublished\":\"2022-03-11T08:39:59+00:00\",\"dateModified\":\"2022-04-06T13:26:57+00:00\",\"breadcrumb\":{\"@id\":\"https:\/\/empow-her.com\/produit\/coaching-approfondir-mon-projet-11-avril-2\/#breadcrumb\"},\"inLanguage\":\"es\",\"potentialAction\":[{\"@type\":\"ReadAction\",\"target\":[\"https:\/\/empow-her.com\/produit\/coaching-approfondir-mon-projet-11-avril-2\/\"]}]},{\"@type\":\"ImageObject\",\"inLanguage\":\"es\",\"@id\":\"https:\/\/empow-her.com\/produit\/coaching-approfondir-mon-projet-11-avril-2\/#primaryimage\",\"url\":\"https:\/\/empow-her.com\/wp-content\/uploads\/2022\/03\/Women-Dare-templates-events-11.png\",\"contentUrl\":\"https:\/\/empow-her.com\/wp-content\/uploads\/2022\/03\/Women-Dare-templates-events-11.png\",\"width\":1080,\"height\":1080},{\"@type\":\"BreadcrumbList\",\"@id\":\"https:\/\/empow-her.com\/produit\/coaching-approfondir-mon-projet-11-avril-2\/#breadcrumb\",\"itemListElement\":[{\"@type\":\"ListItem\",\"position\":1,\"name\":\"Accueil\",\"item\":\"https:\/\/empow-her.com\/es\/inicio\/\"},{\"@type\":\"ListItem\",\"position\":2,\"name\":\"LA BOUTIQUE\",\"item\":\"https:\/\/empow-her.com\/boutique\/\"},{\"@type\":\"ListItem\",\"position\":3,\"name\":\"Coaching &#8211; Approfondir mon projet\"}]},{\"@type\":\"WebSite\",\"@id\":\"https:\/\/empow-her.com\/#website\",\"url\":\"https:\/\/empow-her.com\/\",\"name\":\"Empow&#039;Her\",\"description\":\"Women Development\",\"potentialAction\":[{\"@type\":\"SearchAction\",\"target\":{\"@type\":\"EntryPoint\",\"urlTemplate\":\"https:\/\/empow-her.com\/?s={search_term_string}\"},\"query-input\":{\"@type\":\"PropertyValueSpecification\",\"valueRequired\":true,\"valueName\":\"search_term_string\"}}],\"inLanguage\":\"es\"}]}<\/script>\n<!-- \/ Yoast SEO plugin. -->","yoast_head_json":{"title":"Coaching - Approfondir mon projet - Empow&#039;Her","robots":{"index":"index","follow":"follow","max-snippet":"max-snippet:-1","max-image-preview":"max-image-preview:large","max-video-preview":"max-video-preview:-1"},"canonical":"https:\/\/empow-her.com\/produit\/coaching-approfondir-mon-projet-11-avril-2\/","og_locale":"es_ES","og_type":"article","og_title":"Coaching - Approfondir mon projet - Empow&#039;Her","og_description":"Vous souhaitez vous lancer dans l'entrepreneuriat et cherchez \u00e0 identifier une r\u00e9ponse \u00e0 un vrai besoin, ou valider votre id\u00e9e de projet ?  Lors de cette permanence individuelle, confrontez vos id\u00e9es et vos pistes de projet pour faire \u00e9merger une solution pertinente et identifier les prochaines actions pour valider votre id\u00e9e !  NB : Ce coaching mobilise certaines s\u00e9quences vues en bootcamp. Si vous avez particip\u00e9 ou allez participer prochainement \u00e0 un bootcamp, ce coaching sera moins int\u00e9ressant pour vous, nous vous invitons plut\u00f4t \u00e0 reprendre votre livret d'outil du bootcamp pour vous exercez avec les outils d\u00e9j\u00e0 partag\u00e9s !  Intervenant.e.s :\u00a0 Marie Laroche  Pr\u00e9sentation :  Apr\u00e8s 8 ans de direction d'associations d'\u00e9ducation populaire, Marie s'est lanc\u00e9e il y a 2 ans en tant que consultante aupr\u00e8s de structures de l'ESS. Elle consid\u00e8re la facilitation comme essentielle \u00e0 tout groupe pour se lancer, \u00e9voluer et se d\u00e9velopper tout en \u00e9tant conscients des enjeux de notre soci\u00e9t\u00e9. Militante de la gouvernance partag\u00e9e, Marie s'est sp\u00e9cialis\u00e9e dans les m\u00e9thodes actives et le renforcement du pouvoir d\u2019agir.  Son super pouvoir :  Animatrice des intelligences collectives  Son petit mot :  \"Selon moi, le plus important est de s'entourer des bonnes personnes. Activez votre r\u00e9seau, rencontrez du monde, n'h\u00e9sitez jamais \u00e0 demander du soutien. Vous \u00eates au bon endroit pour cela !\", Marie.  &nbsp;  &nbsp;  Session de coaching en\u00a0 ligne  Dur\u00e9e : Un cr\u00e9neau de 1h en individuel  &nbsp;  Ce projet est co-financ\u00e9 par le Fonds Social Europ\u00e9en.","og_url":"https:\/\/empow-her.com\/produit\/coaching-approfondir-mon-projet-11-avril-2\/","og_site_name":"Empow&#039;Her","article_modified_time":"2022-04-06T13:26:57+00:00","og_image":[{"width":1080,"height":1080,"url":"https:\/\/empow-her.com\/wp-content\/uploads\/2022\/03\/Women-Dare-templates-events-11.png","type":"image\/png"}],"twitter_card":"summary_large_image","schema":{"@context":"https:\/\/schema.org","@graph":[{"@type":"WebPage","@id":"https:\/\/empow-her.com\/produit\/coaching-approfondir-mon-projet-11-avril-2\/","url":"https:\/\/empow-her.com\/produit\/coaching-approfondir-mon-projet-11-avril-2\/","name":"Coaching - Approfondir mon projet - Empow&#039;Her","isPartOf":{"@id":"https:\/\/empow-her.com\/#website"},"primaryImageOfPage":{"@id":"https:\/\/empow-her.com\/produit\/coaching-approfondir-mon-projet-11-avril-2\/#primaryimage"},"image":{"@id":"https:\/\/empow-her.com\/produit\/coaching-approfondir-mon-projet-11-avril-2\/#primaryimage"},"thumbnailUrl":"https:\/\/empow-her.com\/wp-content\/uploads\/2022\/03\/Women-Dare-templates-events-11.png","datePublished":"2022-03-11T08:39:59+00:00","dateModified":"2022-04-06T13:26:57+00:00","breadcrumb":{"@id":"https:\/\/empow-her.com\/produit\/coaching-approfondir-mon-projet-11-avril-2\/#breadcrumb"},"inLanguage":"es","potentialAction":[{"@type":"ReadAction","target":["https:\/\/empow-her.com\/produit\/coaching-approfondir-mon-projet-11-avril-2\/"]}]},{"@type":"ImageObject","inLanguage":"es","@id":"https:\/\/empow-her.com\/produit\/coaching-approfondir-mon-projet-11-avril-2\/#primaryimage","url":"https:\/\/empow-her.com\/wp-content\/uploads\/2022\/03\/Women-Dare-templates-events-11.png","contentUrl":"https:\/\/empow-her.com\/wp-content\/uploads\/2022\/03\/Women-Dare-templates-events-11.png","width":1080,"height":1080},{"@type":"BreadcrumbList","@id":"https:\/\/empow-her.com\/produit\/coaching-approfondir-mon-projet-11-avril-2\/#breadcrumb","itemListElement":[{"@type":"ListItem","position":1,"name":"Accueil","item":"https:\/\/empow-her.com\/es\/inicio\/"},{"@type":"ListItem","position":2,"name":"LA BOUTIQUE","item":"https:\/\/empow-her.com\/boutique\/"},{"@type":"ListItem","position":3,"name":"Coaching &#8211; Approfondir mon projet"}]},{"@type":"WebSite","@id":"https:\/\/empow-her.com\/#website","url":"https:\/\/empow-her.com\/","name":"Empow&#039;Her","description":"Women Development","potentialAction":[{"@type":"SearchAction","target":{"@type":"EntryPoint","urlTemplate":"https:\/\/empow-her.com\/?s={search_term_string}"},"query-input":{"@type":"PropertyValueSpecification","valueRequired":true,"valueName":"search_term_string"}}],"inLanguage":"es"}]}},"_links":{"self":[{"href":"https:\/\/empow-her.com\/es\/wp-json\/wp\/v2\/product\/116431","targetHints":{"allow":["GET"]}}],"collection":[{"href":"https:\/\/empow-her.com\/es\/wp-json\/wp\/v2\/product"}],"about":[{"href":"https:\/\/empow-her.com\/es\/wp-json\/wp\/v2\/types\/product"}],"wp:featuredmedia":[{"embeddable":true,"href":"https:\/\/empow-her.com\/es\/wp-json\/wp\/v2\/media\/116477"}],"wp:attachment":[{"href":"https:\/\/empow-her.com\/es\/wp-json\/wp\/v2\/media?parent=116431"}],"wp:term":[{"taxonomy":"product_brand","embeddable":true,"href":"https:\/\/empow-her.com\/es\/wp-json\/wp\/v2\/product_brand?post=116431"},{"taxonomy":"product_cat","embeddable":true,"href":"https:\/\/empow-her.com\/es\/wp-json\/wp\/v2\/product_cat?post=116431"},{"taxonomy":"product_tag","embeddable":true,"href":"https:\/\/empow-her.com\/es\/wp-json\/wp\/v2\/product_tag?post=116431"},{"taxonomy":"lieu","embeddable":true,"href":"https:\/\/empow-her.com\/es\/wp-json\/wp\/v2\/lieu?post=116431"},{"taxonomy":"thematiques","embeddable":true,"href":"https:\/\/empow-her.com\/es\/wp-json\/wp\/v2\/thematiques?post=116431"}],"curies":[{"name":"wp","href":"https:\/\/api.w.org\/{rel}","templated":true}]}}