{"id":116382,"date":"2022-03-10T14:16:00","date_gmt":"2022-03-10T13:16:00","guid":{"rendered":"https:\/\/empow-her.com\/?post_type=product&#038;p=116382"},"modified":"2022-03-14T09:52:20","modified_gmt":"2022-03-14T08:52:20","slug":"session-de-suivi-du-parcours-30-mars","status":"publish","type":"product","link":"https:\/\/empow-her.com\/es\/produit\/session-de-suivi-du-parcours-30-mars\/","title":{"rendered":"Session de suivi du parcours"},"content":{"rendered":"","protected":false},"excerpt":{"rendered":"<p>Vous \u00eates dans le programme depuis un petit moment mais avez des questions et\/ou le besoin de faire un point d&#8217;\u00e9tape ?<br \/>\nRejoignez la permanence du mois pendant laquelle vous rencontrerez votre r\u00e9f\u00e9rente Empow&#8217;her pour poser vos questions et faire le point sur vos \u00e9tapes d&#8217;avancement !<br \/>\nNe bloquez plus et r\u00e9server un cr\u00e9neau sans qu&#8217;il ne vous coute aucun cr\u00e9dit !<\/p>\n<p>Session individuelle de 30 minutes, envoyez un mail \u00e0 pauline.ferary-berthelot@empow-her.com pour lui notifier votre heure de r\u00e9servation apr\u00e8s avoir valid\u00e9 votre panier.<\/p>\n<div><\/div>\n<div><b>Lieu : <\/b>En ligne.<\/div>\n<div><\/div>\n<div><\/div>\n<div><\/div>\n<p>Ce projet est co-financ\u00e9 par le Fonds Social Europ\u00e9en.<\/p>\n<p><img decoding=\"async\" class=\"\" src=\"https:\/\/www.sep-asso.fr\/wp-content\/uploads\/2018\/02\/logo-union-europeenne.png\" alt=\"logo union europeenne \u2013 SEP\" width=\"87\" height=\"72\" \/>\u00a0\u00a0<img decoding=\"async\" class=\"alignnone wp-image-15218\" src=\"https:\/\/empow-her.com\/wp-content\/uploads\/2021\/06\/logo_fonds_social_europeen-300x187.png\" alt=\"\" width=\"104\" height=\"65\" srcset=\"https:\/\/empow-her.com\/wp-content\/uploads\/2021\/06\/logo_fonds_social_europeen-300x187.png 300w, https:\/\/empow-her.com\/wp-content\/uploads\/2021\/06\/logo_fonds_social_europeen-600x375.png 600w, https:\/\/empow-her.com\/wp-content\/uploads\/2021\/06\/logo_fonds_social_europeen-24x15.png 24w, https:\/\/empow-her.com\/wp-content\/uploads\/2021\/06\/logo_fonds_social_europeen-36x22.png 36w, https:\/\/empow-her.com\/wp-content\/uploads\/2021\/06\/logo_fonds_social_europeen-48x30.png 48w, https:\/\/empow-her.com\/wp-content\/uploads\/2021\/06\/logo_fonds_social_europeen.png 666w\" sizes=\"(max-width: 104px) 100vw, 104px\" \/>\u00a0<img decoding=\"async\" class=\"\" src=\"https:\/\/franceactive-idf.org\/wp-content\/uploads\/2020\/02\/logo-region-ile-de-france.png\" alt=\"Logo Region Ile De France - France Active \u00cele-de-France\" width=\"126\" height=\"29\" \/><\/p>\n","protected":false},"featured_media":116383,"template":"","format":"standard","meta":{"_acf_changed":false,"om_disable_all_campaigns":false,"_uf_show_specific_survey":0,"_uf_disable_surveys":false},"product_brand":[],"product_cat":[118],"product_tag":[],"lieu":[125],"thematiques":[],"class_list":{"0":"post-116382","1":"product","2":"type-product","3":"status-publish","4":"format-standard","5":"has-post-thumbnail","7":"product_cat-atelier-collectif","8":"lieu-en-ligne","10":"first","11":"instock","12":"virtual","13":"purchasable","14":"product-type-appointment"},"exclude_global_add_ons":[],"addons":[],"acf":[],"yoast_head":"<!-- This site is optimized with the Yoast SEO plugin v24.8 - https:\/\/yoast.com\/wordpress\/plugins\/seo\/ -->\n<title>Session de suivi du parcours - Empow&#039;Her<\/title>\n<meta name=\"robots\" content=\"index, follow, max-snippet:-1, max-image-preview:large, max-video-preview:-1\" \/>\n<link rel=\"canonical\" href=\"https:\/\/empow-her.com\/es\/produit\/session-de-suivi-du-parcours-30-mars\/\" \/>\n<meta property=\"og:locale\" content=\"es_ES\" \/>\n<meta property=\"og:type\" content=\"article\" \/>\n<meta property=\"og:title\" content=\"Session de suivi du parcours - Empow&#039;Her\" \/>\n<meta property=\"og:description\" content=\"Vous \u00eates dans le programme depuis un petit moment mais avez des questions et\/ou le besoin de faire un point d&#039;\u00e9tape ? Rejoignez la permanence du mois pendant laquelle vous rencontrerez votre r\u00e9f\u00e9rente Empow&#039;her pour poser vos questions et faire le point sur vos \u00e9tapes d&#039;avancement ! Ne bloquez plus et r\u00e9server un cr\u00e9neau sans qu&#039;il ne vous coute aucun cr\u00e9dit !  Session individuelle de 30 minutes, envoyez un mail \u00e0 pauline.ferary-berthelot@empow-her.com pour lui notifier votre heure de r\u00e9servation apr\u00e8s avoir valid\u00e9 votre panier.  Lieu : En ligne.    Ce projet est co-financ\u00e9 par le Fonds Social Europ\u00e9en.  \u00a0\u00a0\u00a0\" \/>\n<meta property=\"og:url\" content=\"https:\/\/empow-her.com\/es\/produit\/session-de-suivi-du-parcours-30-mars\/\" \/>\n<meta property=\"og:site_name\" content=\"Empow&#039;Her\" \/>\n<meta property=\"article:modified_time\" content=\"2022-03-14T08:52:20+00:00\" \/>\n<meta property=\"og:image\" content=\"https:\/\/empow-her.com\/wp-content\/uploads\/2022\/03\/Women-Dare-templates-events-4.png\" \/>\n\t<meta property=\"og:image:width\" content=\"1080\" \/>\n\t<meta property=\"og:image:height\" content=\"1080\" \/>\n\t<meta property=\"og:image:type\" content=\"image\/png\" \/>\n<meta name=\"twitter:card\" content=\"summary_large_image\" \/>\n<script type=\"application\/ld+json\" class=\"yoast-schema-graph\">{\"@context\":\"https:\/\/schema.org\",\"@graph\":[{\"@type\":\"WebPage\",\"@id\":\"https:\/\/empow-her.com\/es\/produit\/session-de-suivi-du-parcours-30-mars\/\",\"url\":\"https:\/\/empow-her.com\/es\/produit\/session-de-suivi-du-parcours-30-mars\/\",\"name\":\"Session de suivi du parcours - Empow&#039;Her\",\"isPartOf\":{\"@id\":\"https:\/\/empow-her.com\/#website\"},\"primaryImageOfPage\":{\"@id\":\"https:\/\/empow-her.com\/es\/produit\/session-de-suivi-du-parcours-30-mars\/#primaryimage\"},\"image\":{\"@id\":\"https:\/\/empow-her.com\/es\/produit\/session-de-suivi-du-parcours-30-mars\/#primaryimage\"},\"thumbnailUrl\":\"https:\/\/empow-her.com\/wp-content\/uploads\/2022\/03\/Women-Dare-templates-events-4.png\",\"datePublished\":\"2022-03-10T13:16:00+00:00\",\"dateModified\":\"2022-03-14T08:52:20+00:00\",\"breadcrumb\":{\"@id\":\"https:\/\/empow-her.com\/es\/produit\/session-de-suivi-du-parcours-30-mars\/#breadcrumb\"},\"inLanguage\":\"es\",\"potentialAction\":[{\"@type\":\"ReadAction\",\"target\":[\"https:\/\/empow-her.com\/es\/produit\/session-de-suivi-du-parcours-30-mars\/\"]}]},{\"@type\":\"ImageObject\",\"inLanguage\":\"es\",\"@id\":\"https:\/\/empow-her.com\/es\/produit\/session-de-suivi-du-parcours-30-mars\/#primaryimage\",\"url\":\"https:\/\/empow-her.com\/wp-content\/uploads\/2022\/03\/Women-Dare-templates-events-4.png\",\"contentUrl\":\"https:\/\/empow-her.com\/wp-content\/uploads\/2022\/03\/Women-Dare-templates-events-4.png\",\"width\":1080,\"height\":1080},{\"@type\":\"BreadcrumbList\",\"@id\":\"https:\/\/empow-her.com\/es\/produit\/session-de-suivi-du-parcours-30-mars\/#breadcrumb\",\"itemListElement\":[{\"@type\":\"ListItem\",\"position\":1,\"name\":\"Accueil\",\"item\":\"https:\/\/empow-her.com\/es\/inicio\/\"},{\"@type\":\"ListItem\",\"position\":2,\"name\":\"LA BOUTIQUE\",\"item\":\"https:\/\/empow-her.com\/boutique\/\"},{\"@type\":\"ListItem\",\"position\":3,\"name\":\"Session de suivi du parcours\"}]},{\"@type\":\"WebSite\",\"@id\":\"https:\/\/empow-her.com\/#website\",\"url\":\"https:\/\/empow-her.com\/\",\"name\":\"Empow&#039;Her\",\"description\":\"Women Development\",\"potentialAction\":[{\"@type\":\"SearchAction\",\"target\":{\"@type\":\"EntryPoint\",\"urlTemplate\":\"https:\/\/empow-her.com\/?s={search_term_string}\"},\"query-input\":{\"@type\":\"PropertyValueSpecification\",\"valueRequired\":true,\"valueName\":\"search_term_string\"}}],\"inLanguage\":\"es\"}]}<\/script>\n<!-- \/ Yoast SEO plugin. -->","yoast_head_json":{"title":"Session de suivi du parcours - Empow&#039;Her","robots":{"index":"index","follow":"follow","max-snippet":"max-snippet:-1","max-image-preview":"max-image-preview:large","max-video-preview":"max-video-preview:-1"},"canonical":"https:\/\/empow-her.com\/es\/produit\/session-de-suivi-du-parcours-30-mars\/","og_locale":"es_ES","og_type":"article","og_title":"Session de suivi du parcours - Empow&#039;Her","og_description":"Vous \u00eates dans le programme depuis un petit moment mais avez des questions et\/ou le besoin de faire un point d'\u00e9tape ? Rejoignez la permanence du mois pendant laquelle vous rencontrerez votre r\u00e9f\u00e9rente Empow'her pour poser vos questions et faire le point sur vos \u00e9tapes d'avancement ! Ne bloquez plus et r\u00e9server un cr\u00e9neau sans qu'il ne vous coute aucun cr\u00e9dit !  Session individuelle de 30 minutes, envoyez un mail \u00e0 pauline.ferary-berthelot@empow-her.com pour lui notifier votre heure de r\u00e9servation apr\u00e8s avoir valid\u00e9 votre panier.  Lieu : En ligne.    Ce projet est co-financ\u00e9 par le Fonds Social Europ\u00e9en.  \u00a0\u00a0\u00a0","og_url":"https:\/\/empow-her.com\/es\/produit\/session-de-suivi-du-parcours-30-mars\/","og_site_name":"Empow&#039;Her","article_modified_time":"2022-03-14T08:52:20+00:00","og_image":[{"width":1080,"height":1080,"url":"https:\/\/empow-her.com\/wp-content\/uploads\/2022\/03\/Women-Dare-templates-events-4.png","type":"image\/png"}],"twitter_card":"summary_large_image","schema":{"@context":"https:\/\/schema.org","@graph":[{"@type":"WebPage","@id":"https:\/\/empow-her.com\/es\/produit\/session-de-suivi-du-parcours-30-mars\/","url":"https:\/\/empow-her.com\/es\/produit\/session-de-suivi-du-parcours-30-mars\/","name":"Session de suivi du parcours - Empow&#039;Her","isPartOf":{"@id":"https:\/\/empow-her.com\/#website"},"primaryImageOfPage":{"@id":"https:\/\/empow-her.com\/es\/produit\/session-de-suivi-du-parcours-30-mars\/#primaryimage"},"image":{"@id":"https:\/\/empow-her.com\/es\/produit\/session-de-suivi-du-parcours-30-mars\/#primaryimage"},"thumbnailUrl":"https:\/\/empow-her.com\/wp-content\/uploads\/2022\/03\/Women-Dare-templates-events-4.png","datePublished":"2022-03-10T13:16:00+00:00","dateModified":"2022-03-14T08:52:20+00:00","breadcrumb":{"@id":"https:\/\/empow-her.com\/es\/produit\/session-de-suivi-du-parcours-30-mars\/#breadcrumb"},"inLanguage":"es","potentialAction":[{"@type":"ReadAction","target":["https:\/\/empow-her.com\/es\/produit\/session-de-suivi-du-parcours-30-mars\/"]}]},{"@type":"ImageObject","inLanguage":"es","@id":"https:\/\/empow-her.com\/es\/produit\/session-de-suivi-du-parcours-30-mars\/#primaryimage","url":"https:\/\/empow-her.com\/wp-content\/uploads\/2022\/03\/Women-Dare-templates-events-4.png","contentUrl":"https:\/\/empow-her.com\/wp-content\/uploads\/2022\/03\/Women-Dare-templates-events-4.png","width":1080,"height":1080},{"@type":"BreadcrumbList","@id":"https:\/\/empow-her.com\/es\/produit\/session-de-suivi-du-parcours-30-mars\/#breadcrumb","itemListElement":[{"@type":"ListItem","position":1,"name":"Accueil","item":"https:\/\/empow-her.com\/es\/inicio\/"},{"@type":"ListItem","position":2,"name":"LA BOUTIQUE","item":"https:\/\/empow-her.com\/boutique\/"},{"@type":"ListItem","position":3,"name":"Session de suivi du parcours"}]},{"@type":"WebSite","@id":"https:\/\/empow-her.com\/#website","url":"https:\/\/empow-her.com\/","name":"Empow&#039;Her","description":"Women Development","potentialAction":[{"@type":"SearchAction","target":{"@type":"EntryPoint","urlTemplate":"https:\/\/empow-her.com\/?s={search_term_string}"},"query-input":{"@type":"PropertyValueSpecification","valueRequired":true,"valueName":"search_term_string"}}],"inLanguage":"es"}]}},"_links":{"self":[{"href":"https:\/\/empow-her.com\/es\/wp-json\/wp\/v2\/product\/116382","targetHints":{"allow":["GET"]}}],"collection":[{"href":"https:\/\/empow-her.com\/es\/wp-json\/wp\/v2\/product"}],"about":[{"href":"https:\/\/empow-her.com\/es\/wp-json\/wp\/v2\/types\/product"}],"wp:featuredmedia":[{"embeddable":true,"href":"https:\/\/empow-her.com\/es\/wp-json\/wp\/v2\/media\/116383"}],"wp:attachment":[{"href":"https:\/\/empow-her.com\/es\/wp-json\/wp\/v2\/media?parent=116382"}],"wp:term":[{"taxonomy":"product_brand","embeddable":true,"href":"https:\/\/empow-her.com\/es\/wp-json\/wp\/v2\/product_brand?post=116382"},{"taxonomy":"product_cat","embeddable":true,"href":"https:\/\/empow-her.com\/es\/wp-json\/wp\/v2\/product_cat?post=116382"},{"taxonomy":"product_tag","embeddable":true,"href":"https:\/\/empow-her.com\/es\/wp-json\/wp\/v2\/product_tag?post=116382"},{"taxonomy":"lieu","embeddable":true,"href":"https:\/\/empow-her.com\/es\/wp-json\/wp\/v2\/lieu?post=116382"},{"taxonomy":"thematiques","embeddable":true,"href":"https:\/\/empow-her.com\/es\/wp-json\/wp\/v2\/thematiques?post=116382"}],"curies":[{"name":"wp","href":"https:\/\/api.w.org\/{rel}","templated":true}]}}