{"id":115982,"date":"2022-03-01T11:31:54","date_gmt":"2022-03-01T10:31:54","guid":{"rendered":"https:\/\/empow-her.com\/?post_type=product&#038;p=115982"},"modified":"2022-03-04T18:14:33","modified_gmt":"2022-03-04T17:14:33","slug":"bootcamp-faire-emerger-son-projet-entrepreneurial-4","status":"publish","type":"product","link":"https:\/\/empow-her.com\/es\/produit\/bootcamp-faire-emerger-son-projet-entrepreneurial-4\/","title":{"rendered":"Bootcamp &#8211; Faire \u00e9merger son projet entrepreneurial"},"content":{"rendered":"","protected":false},"excerpt":{"rendered":"<p>Vous souhaitez construire un projet qui vous ressemble, r\u00e9v\u00e9ler l\u2019entrepreneure qui sommeille en vous, prendre confiance en votre potentiel et approfondir votre mission &#x1f30e; ? Alors ce bootcamp est fait pour vous !<\/p>\n<p>Pendant deux jours en immersion avec un groupe de porteuses de projet, travaillez sur vos motivations, identifiez le probl\u00e8me \u00e0 r\u00e9soudre qui vous tient \u00e0 coeur, trouvez une mission qui fait sens et prenez confiance en votre potentiel d&#8217;entrepreneure !<\/p>\n<p>Chez Empow&#8217;Her, nous sommes intimement convaincues que chacune porte en elle la force et les clefs pour d\u00e9velopper un projet \u00e0 son image, et qu\u2019il suffit parfois d\u2019une rencontre, d\u2019un r\u00e9seau, d\u2019un d\u00e9clic \u2013 pour se lancer. &#x1f64c;<\/p>\n<p>&nbsp;<\/p>\n<p><strong>Au programme &#x1f50d;<\/strong><\/p>\n<ul>\n<li>Aligner ses valeurs et ses motivations avec son projet d&#8217;entreprendre<\/li>\n<li>Prendre confiance en ses forces et adopter une posture d&#8217;entrepreneure<\/li>\n<li>Faire \u00e9merger une id\u00e9e de projet qui r\u00e9pond \u00e0 un besoin r\u00e9el<\/li>\n<li>Pr\u00e9senter son projet et soi-m\u00eame avec impact et assurance<\/li>\n<\/ul>\n<p>&nbsp;<\/p>\n<p><strong>Le bootcamp en r\u00e9sum\u00e9 &#x1f386; <\/strong><\/p>\n<p>Deux journ\u00e9es les jeudi 7 &amp; vendredi 8 juillet, de 9h30 \u00e0 16h30<br \/>\n&#8211; Un groupe de participantes motiv\u00e9es, pour cr\u00e9er de vraies synergies<br \/>\n&#8211; Une m\u00e9thodologie, bas\u00e9e sur le design thinking, l\u2019intelligence collective et le partage<br \/>\n&#8211; Des outils et des contenus pour travailler sur l\u2019\u00e9cosyst\u00e8me de votre projet, conna\u00eetre vos b\u00e9n\u00e9ficiaires, leur parcours utilisateur, les structures juridiques de l\u2019ESS et les mesures d\u2019impact<br \/>\n&#8211; Des moments d\u2019\u00e9change entre futures entrepreneures pour se poser les bonnes questions et s\u2019entraider pour y r\u00e9pondre.<\/p>\n<p><strong>Intervenant.e.s : <\/strong><\/p>\n<ul>\n<li>Empow&#8217;Her<\/li>\n<li>104Factory<\/li>\n<li>L&#8217;ESS Inspirantes<\/li>\n<\/ul>\n<p><strong>Pr\u00e9sentation : <\/strong><\/p>\n<p><em> L\u2019ESS Inspirantes :<\/em><br \/>\nL\u2019int\u00e9r\u00eat g\u00e9n\u00e9ral chevill\u00e9 au corps, M\u00e9lanie est le genre de personne qui n\u2019envisage pas de faire un festival autrement qu\u2019en participant \u00e0 son organisation. Entrepreneure dans l\u2019\u00e2me, Marie n\u2019en est pas \u00e0 sa premi\u00e8re cr\u00e9ation de collectifs. Tr\u00e8s dou\u00e9e pour mettre en valeur le talent des autres, elle s\u2019accompagne d\u2019une \u00e9quipe de choc, pr\u00eate \u00e0 mettre les meilleures pour apporter une solution adapt\u00e9e aux associations.<\/p>\n<p><em>Le 104Factory : <\/em><br \/>\nAvec 20 ans d\u2019expertise dans la conception et l\u2019animation de formations et d\u2019ateliers collectifs utilisant diff\u00e9rentes m\u00e9thodologies p\u00e9dagogiques (th\u00e9\u00e2tre, improvisation, vid\u00e9o, serious game, co-d\u00e9veloppement, design thinking\u2026), Marialya est aussi entrepreneure, manager\u0355 directrice de projets complexes de transformation\u0355, et pilote l\u2019innovation au CENTQUATRE et son incubateur 104factory\u0358.<\/p>\n<div><\/div>\n<div><b>Lieu : <\/b>Sist&#8217;Her Paris, 82 rue du Faubourg Saint-Martin, Paris 10\u00e8me<\/div>\n<div><\/div>\n<div><\/div>\n<div><\/div>\n<p>Ce projet est co-financ\u00e9 par le Fonds Social Europ\u00e9en.<\/p>\n<p><img decoding=\"async\" class=\"\" src=\"https:\/\/www.sep-asso.fr\/wp-content\/uploads\/2018\/02\/logo-union-europeenne.png\" alt=\"logo union europeenne \u2013 SEP\" width=\"87\" height=\"72\" \/>\u00a0\u00a0<img decoding=\"async\" class=\"alignnone wp-image-15218\" src=\"https:\/\/empow-her.com\/wp-content\/uploads\/2021\/06\/logo_fonds_social_europeen-300x187.png\" alt=\"\" width=\"104\" height=\"65\" srcset=\"https:\/\/empow-her.com\/wp-content\/uploads\/2021\/06\/logo_fonds_social_europeen-300x187.png 300w, https:\/\/empow-her.com\/wp-content\/uploads\/2021\/06\/logo_fonds_social_europeen-600x375.png 600w, https:\/\/empow-her.com\/wp-content\/uploads\/2021\/06\/logo_fonds_social_europeen-24x15.png 24w, https:\/\/empow-her.com\/wp-content\/uploads\/2021\/06\/logo_fonds_social_europeen-36x22.png 36w, https:\/\/empow-her.com\/wp-content\/uploads\/2021\/06\/logo_fonds_social_europeen-48x30.png 48w, https:\/\/empow-her.com\/wp-content\/uploads\/2021\/06\/logo_fonds_social_europeen.png 666w\" sizes=\"(max-width: 104px) 100vw, 104px\" \/>\u00a0<img decoding=\"async\" class=\"\" src=\"https:\/\/franceactive-idf.org\/wp-content\/uploads\/2020\/02\/logo-region-ile-de-france.png\" alt=\"Logo Region Ile De France - France Active \u00cele-de-France\" width=\"126\" height=\"29\" \/><\/p>\n","protected":false},"featured_media":115983,"template":"","format":"standard","meta":{"_acf_changed":false,"om_disable_all_campaigns":false,"_uf_show_specific_survey":0,"_uf_disable_surveys":false},"product_brand":[],"product_cat":[122],"product_tag":[132],"lieu":[],"thematiques":[],"class_list":{"0":"post-115982","1":"product","2":"type-product","3":"status-publish","4":"format-standard","5":"has-post-thumbnail","7":"product_cat-bootcamp","8":"product_tag-sisther","10":"first","11":"instock","12":"virtual","13":"purchasable","14":"product-type-appointment"},"exclude_global_add_ons":[],"addons":[],"acf":[],"yoast_head":"<!-- This site is optimized with the Yoast SEO plugin v24.8 - https:\/\/yoast.com\/wordpress\/plugins\/seo\/ -->\n<title>Bootcamp - Faire \u00e9merger son projet entrepreneurial - Empow&#039;Her<\/title>\n<meta name=\"robots\" content=\"index, follow, max-snippet:-1, max-image-preview:large, max-video-preview:-1\" \/>\n<link rel=\"canonical\" href=\"https:\/\/empow-her.com\/es\/produit\/bootcamp-faire-emerger-son-projet-entrepreneurial-4\/\" \/>\n<meta property=\"og:locale\" content=\"es_ES\" \/>\n<meta property=\"og:type\" content=\"article\" \/>\n<meta property=\"og:title\" content=\"Bootcamp - Faire \u00e9merger son projet entrepreneurial - Empow&#039;Her\" \/>\n<meta property=\"og:description\" content=\"Vous souhaitez construire un projet qui vous ressemble, r\u00e9v\u00e9ler l\u2019entrepreneure qui sommeille en vous, prendre confiance en votre potentiel et approfondir votre mission &#x1f30e; ? Alors ce bootcamp est fait pour vous !  Pendant deux jours en immersion avec un groupe de porteuses de projet, travaillez sur vos motivations, identifiez le probl\u00e8me \u00e0 r\u00e9soudre qui vous tient \u00e0 coeur, trouvez une mission qui fait sens et prenez confiance en votre potentiel d&#039;entrepreneure !  Chez Empow&#039;Her, nous sommes intimement convaincues que chacune porte en elle la force et les clefs pour d\u00e9velopper un projet \u00e0 son image, et qu\u2019il suffit parfois d\u2019une rencontre, d\u2019un r\u00e9seau, d\u2019un d\u00e9clic \u2013 pour se lancer. &#x1f64c;  &nbsp;  Au programme &#x1f50d;   Aligner ses valeurs et ses motivations avec son projet d&#039;entreprendre  Prendre confiance en ses forces et adopter une posture d&#039;entrepreneure  Faire \u00e9merger une id\u00e9e de projet qui r\u00e9pond \u00e0 un besoin r\u00e9el  Pr\u00e9senter son projet et soi-m\u00eame avec impact et assurance  &nbsp;  Le bootcamp en r\u00e9sum\u00e9 &#x1f386;   Deux journ\u00e9es les jeudi 7 &amp; vendredi 8 juillet, de 9h30 \u00e0 16h30 - Un groupe de participantes motiv\u00e9es, pour cr\u00e9er de vraies synergies - Une m\u00e9thodologie, bas\u00e9e sur le design thinking, l\u2019intelligence collective et le partage - Des outils et des contenus pour travailler sur l\u2019\u00e9cosyst\u00e8me de votre projet, conna\u00eetre vos b\u00e9n\u00e9ficiaires, leur parcours utilisateur, les structures juridiques de l\u2019ESS et les mesures d\u2019impact - Des moments d\u2019\u00e9change entre futures entrepreneures pour se poser les bonnes questions et s\u2019entraider pour y r\u00e9pondre.  Intervenant.e.s :    Empow&#039;Her  104Factory  L&#039;ESS Inspirantes  Pr\u00e9sentation :   L\u2019ESS Inspirantes : L\u2019int\u00e9r\u00eat g\u00e9n\u00e9ral chevill\u00e9 au corps, M\u00e9lanie est le genre de personne qui n\u2019envisage pas de faire un festival autrement qu\u2019en participant \u00e0 son organisation. Entrepreneure dans l\u2019\u00e2me, Marie n\u2019en est pas \u00e0 sa premi\u00e8re cr\u00e9ation de collectifs. Tr\u00e8s dou\u00e9e pour mettre en valeur le talent des autres, elle s\u2019accompagne d\u2019une \u00e9quipe de choc, pr\u00eate \u00e0 mettre les meilleures pour apporter une solution adapt\u00e9e aux associations.  Le 104Factory :  Avec 20 ans d\u2019expertise dans la conception et l\u2019animation de formations et d\u2019ateliers collectifs utilisant diff\u00e9rentes m\u00e9thodologies p\u00e9dagogiques (th\u00e9\u00e2tre, improvisation, vid\u00e9o, serious game, co-d\u00e9veloppement, design thinking\u2026), Marialya est aussi entrepreneure, manager\u0355 directrice de projets complexes de transformation\u0355, et pilote l\u2019innovation au CENTQUATRE et son incubateur 104factory\u0358.  Lieu : Sist&#039;Her Paris, 82 rue du Faubourg Saint-Martin, Paris 10\u00e8me    Ce projet est co-financ\u00e9 par le Fonds Social Europ\u00e9en.  \u00a0\u00a0\u00a0\" \/>\n<meta property=\"og:url\" content=\"https:\/\/empow-her.com\/es\/produit\/bootcamp-faire-emerger-son-projet-entrepreneurial-4\/\" \/>\n<meta property=\"og:site_name\" content=\"Empow&#039;Her\" \/>\n<meta property=\"article:modified_time\" content=\"2022-03-04T17:14:33+00:00\" \/>\n<meta property=\"og:image\" content=\"https:\/\/empow-her.com\/wp-content\/uploads\/2022\/03\/TEMPLATES-EVENTS-WOMEN-DARE-4.png\" \/>\n\t<meta property=\"og:image:width\" content=\"1080\" \/>\n\t<meta property=\"og:image:height\" content=\"1080\" \/>\n\t<meta property=\"og:image:type\" content=\"image\/png\" \/>\n<meta name=\"twitter:card\" content=\"summary_large_image\" \/>\n<script type=\"application\/ld+json\" class=\"yoast-schema-graph\">{\"@context\":\"https:\/\/schema.org\",\"@graph\":[{\"@type\":\"WebPage\",\"@id\":\"https:\/\/empow-her.com\/es\/produit\/bootcamp-faire-emerger-son-projet-entrepreneurial-4\/\",\"url\":\"https:\/\/empow-her.com\/es\/produit\/bootcamp-faire-emerger-son-projet-entrepreneurial-4\/\",\"name\":\"Bootcamp - Faire \u00e9merger son projet entrepreneurial - Empow&#039;Her\",\"isPartOf\":{\"@id\":\"https:\/\/empow-her.com\/#website\"},\"primaryImageOfPage\":{\"@id\":\"https:\/\/empow-her.com\/es\/produit\/bootcamp-faire-emerger-son-projet-entrepreneurial-4\/#primaryimage\"},\"image\":{\"@id\":\"https:\/\/empow-her.com\/es\/produit\/bootcamp-faire-emerger-son-projet-entrepreneurial-4\/#primaryimage\"},\"thumbnailUrl\":\"https:\/\/empow-her.com\/wp-content\/uploads\/2022\/03\/TEMPLATES-EVENTS-WOMEN-DARE-4.png\",\"datePublished\":\"2022-03-01T10:31:54+00:00\",\"dateModified\":\"2022-03-04T17:14:33+00:00\",\"breadcrumb\":{\"@id\":\"https:\/\/empow-her.com\/es\/produit\/bootcamp-faire-emerger-son-projet-entrepreneurial-4\/#breadcrumb\"},\"inLanguage\":\"es\",\"potentialAction\":[{\"@type\":\"ReadAction\",\"target\":[\"https:\/\/empow-her.com\/es\/produit\/bootcamp-faire-emerger-son-projet-entrepreneurial-4\/\"]}]},{\"@type\":\"ImageObject\",\"inLanguage\":\"es\",\"@id\":\"https:\/\/empow-her.com\/es\/produit\/bootcamp-faire-emerger-son-projet-entrepreneurial-4\/#primaryimage\",\"url\":\"https:\/\/empow-her.com\/wp-content\/uploads\/2022\/03\/TEMPLATES-EVENTS-WOMEN-DARE-4.png\",\"contentUrl\":\"https:\/\/empow-her.com\/wp-content\/uploads\/2022\/03\/TEMPLATES-EVENTS-WOMEN-DARE-4.png\",\"width\":1080,\"height\":1080},{\"@type\":\"BreadcrumbList\",\"@id\":\"https:\/\/empow-her.com\/es\/produit\/bootcamp-faire-emerger-son-projet-entrepreneurial-4\/#breadcrumb\",\"itemListElement\":[{\"@type\":\"ListItem\",\"position\":1,\"name\":\"Accueil\",\"item\":\"https:\/\/empow-her.com\/es\/inicio\/\"},{\"@type\":\"ListItem\",\"position\":2,\"name\":\"LA BOUTIQUE\",\"item\":\"https:\/\/empow-her.com\/boutique\/\"},{\"@type\":\"ListItem\",\"position\":3,\"name\":\"Bootcamp &#8211; Faire \u00e9merger son projet entrepreneurial\"}]},{\"@type\":\"WebSite\",\"@id\":\"https:\/\/empow-her.com\/#website\",\"url\":\"https:\/\/empow-her.com\/\",\"name\":\"Empow&#039;Her\",\"description\":\"Women Development\",\"potentialAction\":[{\"@type\":\"SearchAction\",\"target\":{\"@type\":\"EntryPoint\",\"urlTemplate\":\"https:\/\/empow-her.com\/?s={search_term_string}\"},\"query-input\":{\"@type\":\"PropertyValueSpecification\",\"valueRequired\":true,\"valueName\":\"search_term_string\"}}],\"inLanguage\":\"es\"}]}<\/script>\n<!-- \/ Yoast SEO plugin. -->","yoast_head_json":{"title":"Bootcamp - Faire \u00e9merger son projet entrepreneurial - Empow&#039;Her","robots":{"index":"index","follow":"follow","max-snippet":"max-snippet:-1","max-image-preview":"max-image-preview:large","max-video-preview":"max-video-preview:-1"},"canonical":"https:\/\/empow-her.com\/es\/produit\/bootcamp-faire-emerger-son-projet-entrepreneurial-4\/","og_locale":"es_ES","og_type":"article","og_title":"Bootcamp - Faire \u00e9merger son projet entrepreneurial - Empow&#039;Her","og_description":"Vous souhaitez construire un projet qui vous ressemble, r\u00e9v\u00e9ler l\u2019entrepreneure qui sommeille en vous, prendre confiance en votre potentiel et approfondir votre mission &#x1f30e; ? Alors ce bootcamp est fait pour vous !  Pendant deux jours en immersion avec un groupe de porteuses de projet, travaillez sur vos motivations, identifiez le probl\u00e8me \u00e0 r\u00e9soudre qui vous tient \u00e0 coeur, trouvez une mission qui fait sens et prenez confiance en votre potentiel d'entrepreneure !  Chez Empow'Her, nous sommes intimement convaincues que chacune porte en elle la force et les clefs pour d\u00e9velopper un projet \u00e0 son image, et qu\u2019il suffit parfois d\u2019une rencontre, d\u2019un r\u00e9seau, d\u2019un d\u00e9clic \u2013 pour se lancer. &#x1f64c;  &nbsp;  Au programme &#x1f50d;   Aligner ses valeurs et ses motivations avec son projet d'entreprendre  Prendre confiance en ses forces et adopter une posture d'entrepreneure  Faire \u00e9merger une id\u00e9e de projet qui r\u00e9pond \u00e0 un besoin r\u00e9el  Pr\u00e9senter son projet et soi-m\u00eame avec impact et assurance  &nbsp;  Le bootcamp en r\u00e9sum\u00e9 &#x1f386;   Deux journ\u00e9es les jeudi 7 &amp; vendredi 8 juillet, de 9h30 \u00e0 16h30 - Un groupe de participantes motiv\u00e9es, pour cr\u00e9er de vraies synergies - Une m\u00e9thodologie, bas\u00e9e sur le design thinking, l\u2019intelligence collective et le partage - Des outils et des contenus pour travailler sur l\u2019\u00e9cosyst\u00e8me de votre projet, conna\u00eetre vos b\u00e9n\u00e9ficiaires, leur parcours utilisateur, les structures juridiques de l\u2019ESS et les mesures d\u2019impact - Des moments d\u2019\u00e9change entre futures entrepreneures pour se poser les bonnes questions et s\u2019entraider pour y r\u00e9pondre.  Intervenant.e.s :    Empow'Her  104Factory  L'ESS Inspirantes  Pr\u00e9sentation :   L\u2019ESS Inspirantes : L\u2019int\u00e9r\u00eat g\u00e9n\u00e9ral chevill\u00e9 au corps, M\u00e9lanie est le genre de personne qui n\u2019envisage pas de faire un festival autrement qu\u2019en participant \u00e0 son organisation. Entrepreneure dans l\u2019\u00e2me, Marie n\u2019en est pas \u00e0 sa premi\u00e8re cr\u00e9ation de collectifs. Tr\u00e8s dou\u00e9e pour mettre en valeur le talent des autres, elle s\u2019accompagne d\u2019une \u00e9quipe de choc, pr\u00eate \u00e0 mettre les meilleures pour apporter une solution adapt\u00e9e aux associations.  Le 104Factory :  Avec 20 ans d\u2019expertise dans la conception et l\u2019animation de formations et d\u2019ateliers collectifs utilisant diff\u00e9rentes m\u00e9thodologies p\u00e9dagogiques (th\u00e9\u00e2tre, improvisation, vid\u00e9o, serious game, co-d\u00e9veloppement, design thinking\u2026), Marialya est aussi entrepreneure, manager\u0355 directrice de projets complexes de transformation\u0355, et pilote l\u2019innovation au CENTQUATRE et son incubateur 104factory\u0358.  Lieu : Sist'Her Paris, 82 rue du Faubourg Saint-Martin, Paris 10\u00e8me    Ce projet est co-financ\u00e9 par le Fonds Social Europ\u00e9en.  \u00a0\u00a0\u00a0","og_url":"https:\/\/empow-her.com\/es\/produit\/bootcamp-faire-emerger-son-projet-entrepreneurial-4\/","og_site_name":"Empow&#039;Her","article_modified_time":"2022-03-04T17:14:33+00:00","og_image":[{"width":1080,"height":1080,"url":"https:\/\/empow-her.com\/wp-content\/uploads\/2022\/03\/TEMPLATES-EVENTS-WOMEN-DARE-4.png","type":"image\/png"}],"twitter_card":"summary_large_image","schema":{"@context":"https:\/\/schema.org","@graph":[{"@type":"WebPage","@id":"https:\/\/empow-her.com\/es\/produit\/bootcamp-faire-emerger-son-projet-entrepreneurial-4\/","url":"https:\/\/empow-her.com\/es\/produit\/bootcamp-faire-emerger-son-projet-entrepreneurial-4\/","name":"Bootcamp - Faire \u00e9merger son projet entrepreneurial - Empow&#039;Her","isPartOf":{"@id":"https:\/\/empow-her.com\/#website"},"primaryImageOfPage":{"@id":"https:\/\/empow-her.com\/es\/produit\/bootcamp-faire-emerger-son-projet-entrepreneurial-4\/#primaryimage"},"image":{"@id":"https:\/\/empow-her.com\/es\/produit\/bootcamp-faire-emerger-son-projet-entrepreneurial-4\/#primaryimage"},"thumbnailUrl":"https:\/\/empow-her.com\/wp-content\/uploads\/2022\/03\/TEMPLATES-EVENTS-WOMEN-DARE-4.png","datePublished":"2022-03-01T10:31:54+00:00","dateModified":"2022-03-04T17:14:33+00:00","breadcrumb":{"@id":"https:\/\/empow-her.com\/es\/produit\/bootcamp-faire-emerger-son-projet-entrepreneurial-4\/#breadcrumb"},"inLanguage":"es","potentialAction":[{"@type":"ReadAction","target":["https:\/\/empow-her.com\/es\/produit\/bootcamp-faire-emerger-son-projet-entrepreneurial-4\/"]}]},{"@type":"ImageObject","inLanguage":"es","@id":"https:\/\/empow-her.com\/es\/produit\/bootcamp-faire-emerger-son-projet-entrepreneurial-4\/#primaryimage","url":"https:\/\/empow-her.com\/wp-content\/uploads\/2022\/03\/TEMPLATES-EVENTS-WOMEN-DARE-4.png","contentUrl":"https:\/\/empow-her.com\/wp-content\/uploads\/2022\/03\/TEMPLATES-EVENTS-WOMEN-DARE-4.png","width":1080,"height":1080},{"@type":"BreadcrumbList","@id":"https:\/\/empow-her.com\/es\/produit\/bootcamp-faire-emerger-son-projet-entrepreneurial-4\/#breadcrumb","itemListElement":[{"@type":"ListItem","position":1,"name":"Accueil","item":"https:\/\/empow-her.com\/es\/inicio\/"},{"@type":"ListItem","position":2,"name":"LA BOUTIQUE","item":"https:\/\/empow-her.com\/boutique\/"},{"@type":"ListItem","position":3,"name":"Bootcamp &#8211; Faire \u00e9merger son projet entrepreneurial"}]},{"@type":"WebSite","@id":"https:\/\/empow-her.com\/#website","url":"https:\/\/empow-her.com\/","name":"Empow&#039;Her","description":"Women Development","potentialAction":[{"@type":"SearchAction","target":{"@type":"EntryPoint","urlTemplate":"https:\/\/empow-her.com\/?s={search_term_string}"},"query-input":{"@type":"PropertyValueSpecification","valueRequired":true,"valueName":"search_term_string"}}],"inLanguage":"es"}]}},"_links":{"self":[{"href":"https:\/\/empow-her.com\/es\/wp-json\/wp\/v2\/product\/115982","targetHints":{"allow":["GET"]}}],"collection":[{"href":"https:\/\/empow-her.com\/es\/wp-json\/wp\/v2\/product"}],"about":[{"href":"https:\/\/empow-her.com\/es\/wp-json\/wp\/v2\/types\/product"}],"wp:featuredmedia":[{"embeddable":true,"href":"https:\/\/empow-her.com\/es\/wp-json\/wp\/v2\/media\/115983"}],"wp:attachment":[{"href":"https:\/\/empow-her.com\/es\/wp-json\/wp\/v2\/media?parent=115982"}],"wp:term":[{"taxonomy":"product_brand","embeddable":true,"href":"https:\/\/empow-her.com\/es\/wp-json\/wp\/v2\/product_brand?post=115982"},{"taxonomy":"product_cat","embeddable":true,"href":"https:\/\/empow-her.com\/es\/wp-json\/wp\/v2\/product_cat?post=115982"},{"taxonomy":"product_tag","embeddable":true,"href":"https:\/\/empow-her.com\/es\/wp-json\/wp\/v2\/product_tag?post=115982"},{"taxonomy":"lieu","embeddable":true,"href":"https:\/\/empow-her.com\/es\/wp-json\/wp\/v2\/lieu?post=115982"},{"taxonomy":"thematiques","embeddable":true,"href":"https:\/\/empow-her.com\/es\/wp-json\/wp\/v2\/thematiques?post=115982"}],"curies":[{"name":"wp","href":"https:\/\/api.w.org\/{rel}","templated":true}]}}