{"id":11593,"date":"2021-02-26T15:55:25","date_gmt":"2021-02-26T14:55:25","guid":{"rendered":"https:\/\/empow-her.com\/?post_type=product&#038;p=11593"},"modified":"2021-02-26T16:11:56","modified_gmt":"2021-02-26T15:11:56","slug":"coaching-definir-sa-strategie-de-contenu","status":"publish","type":"product","link":"https:\/\/empow-her.com\/es\/produit\/coaching-definir-sa-strategie-de-contenu\/","title":{"rendered":"Coaching &#8211; D\u00e9finir sa strat\u00e9gie de contenu"},"content":{"rendered":"","protected":false},"excerpt":{"rendered":"<p>Vous vous posez des questions sur le contenu de votre communication ? Quoi \u00e9crire, \u00e0 qui et quand ? Vous ne savez pas quelles sont les canaux de communication les plus optimaux \u00e0 privil\u00e9gier pour toucher vos cibles ? Comment g\u00e9n\u00e9rer du trafic qualifi\u00e9 et contribuer \u00e0 l&#8217;optimisation de votre r\u00e9f\u00e9rencement naturel en ligne ? Coralie r\u00e9pond \u00e0 vos questions et revoit avec vous les \u00e9tapes d&#8217;une strat\u00e9gie de contenu r\u00e9ussie !<\/p>\n<p><b>Par : <\/b>YesForComm<\/p>\n<p>&nbsp;<\/p>\n<p><span data-sheets-value=\"{&quot;1&quot;:2,&quot;2&quot;:&quot;Alexandre Sourzac-Lami est co-fondateur de Comit, une structure sp\u00e9cialis\u00e9e qui con\u00e7oit et adapte des outils et m\u00e9thodes pour donner aux entrepreneur.e.s la capacit\u00e9 de d\u00e9velopper des mod\u00e8les \u00e9conomiques p\u00e9rennes.&quot;}\" data-sheets-userformat=\"{&quot;2&quot;:1055743,&quot;3&quot;:{&quot;1&quot;:0},&quot;4&quot;:{&quot;1&quot;:2,&quot;2&quot;:16777215},&quot;5&quot;:{&quot;1&quot;:[{&quot;1&quot;:2,&quot;2&quot;:0,&quot;5&quot;:{&quot;1&quot;:2,&quot;2&quot;:0}},{&quot;1&quot;:0,&quot;2&quot;:0,&quot;3&quot;:3},{&quot;1&quot;:1,&quot;2&quot;:0,&quot;4&quot;:1}]},&quot;6&quot;:{&quot;1&quot;:[{&quot;1&quot;:2,&quot;2&quot;:0,&quot;5&quot;:{&quot;1&quot;:2,&quot;2&quot;:0}},{&quot;1&quot;:0,&quot;2&quot;:0,&quot;3&quot;:3},{&quot;1&quot;:1,&quot;2&quot;:0,&quot;4&quot;:1}]},&quot;7&quot;:{&quot;1&quot;:[{&quot;1&quot;:2,&quot;2&quot;:0,&quot;5&quot;:{&quot;1&quot;:2,&quot;2&quot;:0}},{&quot;1&quot;:0,&quot;2&quot;:0,&quot;3&quot;:3},{&quot;1&quot;:1,&quot;2&quot;:0,&quot;4&quot;:1}]},&quot;8&quot;:{&quot;1&quot;:[{&quot;1&quot;:2,&quot;2&quot;:0,&quot;5&quot;:{&quot;1&quot;:2,&quot;2&quot;:0}},{&quot;1&quot;:0,&quot;2&quot;:0,&quot;3&quot;:3},{&quot;1&quot;:1,&quot;2&quot;:0,&quot;4&quot;:1}]},&quot;9&quot;:0,&quot;10&quot;:1,&quot;11&quot;:4,&quot;12&quot;:0,&quot;14&quot;:{&quot;1&quot;:2,&quot;2&quot;:0},&quot;15&quot;:&quot;Calibri&quot;,&quot;23&quot;:1}\" data-sheets-textstyleruns=\"{&quot;1&quot;:0}\uee10{&quot;1&quot;:43,&quot;2&quot;:{&quot;2&quot;:{&quot;1&quot;:2,&quot;2&quot;:1136076},&quot;9&quot;:1}}\uee10{&quot;1&quot;:48}\" data-sheets-hyperlinkruns=\"{&quot;1&quot;:43,&quot;2&quot;:&quot;https:\/\/www.comit.berlin\/&quot;}\uee10{&quot;1&quot;:48}\"><strong>Intervenant.e.s :<\/strong>\u00a0<\/span>Coralie est entrepreneure et fondatrice de l&#8217;agence de communication Yes for Comm. Elle accompagne les entrepreneurs et porteurs de projet sur leur strat\u00e9gie globale de communication et sa mise en \u0153uvre op\u00e9rationnelle. Son expertise se concentre sur l&#8217;augmentation de la visibilit\u00e9 et de la notori\u00e9t\u00e9 des marques \u00e0 impact. Coralie a \u00e0 c\u0153ur d&#8217;encourager les initiatives qui ont du sens et de renforcer la confiance des femmes entrepreneures !<\/p>\n<p>&nbsp;<\/p>\n<p><strong>Dur\u00e9e<\/strong> : <span data-sheets-value=\"{&quot;1&quot;:2,&quot;2&quot;:&quot;Permanence de 4h avec un cr\u00e9neau de 1h par participante (+ 15 minutes entre chaque)&quot;}\" data-sheets-userformat=\"{&quot;2&quot;:7167,&quot;3&quot;:{&quot;1&quot;:0},&quot;4&quot;:{&quot;1&quot;:2,&quot;2&quot;:16777215},&quot;5&quot;:{&quot;1&quot;:[{&quot;1&quot;:2,&quot;2&quot;:0,&quot;5&quot;:{&quot;1&quot;:2,&quot;2&quot;:0}},{&quot;1&quot;:0,&quot;2&quot;:0,&quot;3&quot;:3},{&quot;1&quot;:1,&quot;2&quot;:0,&quot;4&quot;:1}]},&quot;6&quot;:{&quot;1&quot;:[{&quot;1&quot;:2,&quot;2&quot;:0,&quot;5&quot;:{&quot;1&quot;:2,&quot;2&quot;:0}},{&quot;1&quot;:0,&quot;2&quot;:0,&quot;3&quot;:3},{&quot;1&quot;:1,&quot;2&quot;:0,&quot;4&quot;:1}]},&quot;7&quot;:{&quot;1&quot;:[{&quot;1&quot;:2,&quot;2&quot;:0,&quot;5&quot;:{&quot;1&quot;:2,&quot;2&quot;:0}},{&quot;1&quot;:0,&quot;2&quot;:0,&quot;3&quot;:3},{&quot;1&quot;:1,&quot;2&quot;:0,&quot;4&quot;:1}]},&quot;8&quot;:{&quot;1&quot;:[{&quot;1&quot;:2,&quot;2&quot;:0,&quot;5&quot;:{&quot;1&quot;:2,&quot;2&quot;:0}},{&quot;1&quot;:0,&quot;2&quot;:0,&quot;3&quot;:3},{&quot;1&quot;:1,&quot;2&quot;:0,&quot;4&quot;:1}]},&quot;9&quot;:0,&quot;10&quot;:1,&quot;11&quot;:4,&quot;12&quot;:0,&quot;14&quot;:{&quot;1&quot;:2,&quot;2&quot;:0},&quot;15&quot;:&quot;Calibri&quot;}\">Permanence de 4h avec un cr\u00e9neau de 1h par participante<br \/>\n(assur\u00e9e en ligne en fonction de la situation sanitaire)<\/span><\/p>\n<p>&nbsp;<\/p>\n","protected":false},"featured_media":0,"template":"","format":"standard","meta":{"_acf_changed":false,"om_disable_all_campaigns":false,"_uf_show_specific_survey":0,"_uf_disable_surveys":false},"product_brand":[],"product_cat":[121],"product_tag":[],"lieu":[127],"thematiques":[],"class_list":{"0":"post-11593","1":"product","2":"type-product","3":"status-publish","4":"format-standard","6":"product_cat-coaching","7":"lieu-hub-empowher","9":"first","10":"instock","11":"virtual","12":"purchasable","13":"product-type-appointment"},"exclude_global_add_ons":[],"addons":[],"acf":[],"yoast_head":"<!-- This site is optimized with the Yoast SEO plugin v24.8 - https:\/\/yoast.com\/wordpress\/plugins\/seo\/ -->\n<title>Coaching - D\u00e9finir sa strat\u00e9gie de contenu - Empow&#039;Her<\/title>\n<meta name=\"robots\" content=\"index, follow, max-snippet:-1, max-image-preview:large, max-video-preview:-1\" \/>\n<link rel=\"canonical\" href=\"https:\/\/empow-her.com\/es\/produit\/coaching-definir-sa-strategie-de-contenu\/\" \/>\n<meta property=\"og:locale\" content=\"es_ES\" \/>\n<meta property=\"og:type\" content=\"article\" \/>\n<meta property=\"og:title\" content=\"Coaching - D\u00e9finir sa strat\u00e9gie de contenu - Empow&#039;Her\" \/>\n<meta property=\"og:description\" content=\"Vous vous posez des questions sur le contenu de votre communication ? Quoi \u00e9crire, \u00e0 qui et quand ? Vous ne savez pas quelles sont les canaux de communication les plus optimaux \u00e0 privil\u00e9gier pour toucher vos cibles ? Comment g\u00e9n\u00e9rer du trafic qualifi\u00e9 et contribuer \u00e0 l&#039;optimisation de votre r\u00e9f\u00e9rencement naturel en ligne ? Coralie r\u00e9pond \u00e0 vos questions et revoit avec vous les \u00e9tapes d&#039;une strat\u00e9gie de contenu r\u00e9ussie !  Par : YesForComm  &nbsp;  Intervenant.e.s :\u00a0Coralie est entrepreneure et fondatrice de l&#039;agence de communication Yes for Comm. Elle accompagne les entrepreneurs et porteurs de projet sur leur strat\u00e9gie globale de communication et sa mise en \u0153uvre op\u00e9rationnelle. Son expertise se concentre sur l&#039;augmentation de la visibilit\u00e9 et de la notori\u00e9t\u00e9 des marques \u00e0 impact. Coralie a \u00e0 c\u0153ur d&#039;encourager les initiatives qui ont du sens et de renforcer la confiance des femmes entrepreneures !  &nbsp;  Dur\u00e9e : Permanence de 4h avec un cr\u00e9neau de 1h par participante (assur\u00e9e en ligne en fonction de la situation sanitaire)  &nbsp;\" \/>\n<meta property=\"og:url\" content=\"https:\/\/empow-her.com\/es\/produit\/coaching-definir-sa-strategie-de-contenu\/\" \/>\n<meta property=\"og:site_name\" content=\"Empow&#039;Her\" \/>\n<meta property=\"article:modified_time\" content=\"2021-02-26T15:11:56+00:00\" \/>\n<meta name=\"twitter:card\" content=\"summary_large_image\" \/>\n<script type=\"application\/ld+json\" class=\"yoast-schema-graph\">{\"@context\":\"https:\/\/schema.org\",\"@graph\":[{\"@type\":\"WebPage\",\"@id\":\"https:\/\/empow-her.com\/es\/produit\/coaching-definir-sa-strategie-de-contenu\/\",\"url\":\"https:\/\/empow-her.com\/es\/produit\/coaching-definir-sa-strategie-de-contenu\/\",\"name\":\"Coaching - D\u00e9finir sa strat\u00e9gie de contenu - Empow&#039;Her\",\"isPartOf\":{\"@id\":\"https:\/\/empow-her.com\/#website\"},\"datePublished\":\"2021-02-26T14:55:25+00:00\",\"dateModified\":\"2021-02-26T15:11:56+00:00\",\"breadcrumb\":{\"@id\":\"https:\/\/empow-her.com\/es\/produit\/coaching-definir-sa-strategie-de-contenu\/#breadcrumb\"},\"inLanguage\":\"es\",\"potentialAction\":[{\"@type\":\"ReadAction\",\"target\":[\"https:\/\/empow-her.com\/es\/produit\/coaching-definir-sa-strategie-de-contenu\/\"]}]},{\"@type\":\"BreadcrumbList\",\"@id\":\"https:\/\/empow-her.com\/es\/produit\/coaching-definir-sa-strategie-de-contenu\/#breadcrumb\",\"itemListElement\":[{\"@type\":\"ListItem\",\"position\":1,\"name\":\"Accueil\",\"item\":\"https:\/\/empow-her.com\/es\/inicio\/\"},{\"@type\":\"ListItem\",\"position\":2,\"name\":\"LA BOUTIQUE\",\"item\":\"https:\/\/empow-her.com\/boutique\/\"},{\"@type\":\"ListItem\",\"position\":3,\"name\":\"Coaching &#8211; D\u00e9finir sa strat\u00e9gie de contenu\"}]},{\"@type\":\"WebSite\",\"@id\":\"https:\/\/empow-her.com\/#website\",\"url\":\"https:\/\/empow-her.com\/\",\"name\":\"Empow&#039;Her\",\"description\":\"Women Development\",\"potentialAction\":[{\"@type\":\"SearchAction\",\"target\":{\"@type\":\"EntryPoint\",\"urlTemplate\":\"https:\/\/empow-her.com\/?s={search_term_string}\"},\"query-input\":{\"@type\":\"PropertyValueSpecification\",\"valueRequired\":true,\"valueName\":\"search_term_string\"}}],\"inLanguage\":\"es\"}]}<\/script>\n<!-- \/ Yoast SEO plugin. -->","yoast_head_json":{"title":"Coaching - D\u00e9finir sa strat\u00e9gie de contenu - Empow&#039;Her","robots":{"index":"index","follow":"follow","max-snippet":"max-snippet:-1","max-image-preview":"max-image-preview:large","max-video-preview":"max-video-preview:-1"},"canonical":"https:\/\/empow-her.com\/es\/produit\/coaching-definir-sa-strategie-de-contenu\/","og_locale":"es_ES","og_type":"article","og_title":"Coaching - D\u00e9finir sa strat\u00e9gie de contenu - Empow&#039;Her","og_description":"Vous vous posez des questions sur le contenu de votre communication ? Quoi \u00e9crire, \u00e0 qui et quand ? Vous ne savez pas quelles sont les canaux de communication les plus optimaux \u00e0 privil\u00e9gier pour toucher vos cibles ? Comment g\u00e9n\u00e9rer du trafic qualifi\u00e9 et contribuer \u00e0 l'optimisation de votre r\u00e9f\u00e9rencement naturel en ligne ? Coralie r\u00e9pond \u00e0 vos questions et revoit avec vous les \u00e9tapes d'une strat\u00e9gie de contenu r\u00e9ussie !  Par : YesForComm  &nbsp;  Intervenant.e.s :\u00a0Coralie est entrepreneure et fondatrice de l'agence de communication Yes for Comm. Elle accompagne les entrepreneurs et porteurs de projet sur leur strat\u00e9gie globale de communication et sa mise en \u0153uvre op\u00e9rationnelle. Son expertise se concentre sur l'augmentation de la visibilit\u00e9 et de la notori\u00e9t\u00e9 des marques \u00e0 impact. Coralie a \u00e0 c\u0153ur d'encourager les initiatives qui ont du sens et de renforcer la confiance des femmes entrepreneures !  &nbsp;  Dur\u00e9e : Permanence de 4h avec un cr\u00e9neau de 1h par participante (assur\u00e9e en ligne en fonction de la situation sanitaire)  &nbsp;","og_url":"https:\/\/empow-her.com\/es\/produit\/coaching-definir-sa-strategie-de-contenu\/","og_site_name":"Empow&#039;Her","article_modified_time":"2021-02-26T15:11:56+00:00","twitter_card":"summary_large_image","schema":{"@context":"https:\/\/schema.org","@graph":[{"@type":"WebPage","@id":"https:\/\/empow-her.com\/es\/produit\/coaching-definir-sa-strategie-de-contenu\/","url":"https:\/\/empow-her.com\/es\/produit\/coaching-definir-sa-strategie-de-contenu\/","name":"Coaching - D\u00e9finir sa strat\u00e9gie de contenu - Empow&#039;Her","isPartOf":{"@id":"https:\/\/empow-her.com\/#website"},"datePublished":"2021-02-26T14:55:25+00:00","dateModified":"2021-02-26T15:11:56+00:00","breadcrumb":{"@id":"https:\/\/empow-her.com\/es\/produit\/coaching-definir-sa-strategie-de-contenu\/#breadcrumb"},"inLanguage":"es","potentialAction":[{"@type":"ReadAction","target":["https:\/\/empow-her.com\/es\/produit\/coaching-definir-sa-strategie-de-contenu\/"]}]},{"@type":"BreadcrumbList","@id":"https:\/\/empow-her.com\/es\/produit\/coaching-definir-sa-strategie-de-contenu\/#breadcrumb","itemListElement":[{"@type":"ListItem","position":1,"name":"Accueil","item":"https:\/\/empow-her.com\/es\/inicio\/"},{"@type":"ListItem","position":2,"name":"LA BOUTIQUE","item":"https:\/\/empow-her.com\/boutique\/"},{"@type":"ListItem","position":3,"name":"Coaching &#8211; D\u00e9finir sa strat\u00e9gie de contenu"}]},{"@type":"WebSite","@id":"https:\/\/empow-her.com\/#website","url":"https:\/\/empow-her.com\/","name":"Empow&#039;Her","description":"Women Development","potentialAction":[{"@type":"SearchAction","target":{"@type":"EntryPoint","urlTemplate":"https:\/\/empow-her.com\/?s={search_term_string}"},"query-input":{"@type":"PropertyValueSpecification","valueRequired":true,"valueName":"search_term_string"}}],"inLanguage":"es"}]}},"_links":{"self":[{"href":"https:\/\/empow-her.com\/es\/wp-json\/wp\/v2\/product\/11593","targetHints":{"allow":["GET"]}}],"collection":[{"href":"https:\/\/empow-her.com\/es\/wp-json\/wp\/v2\/product"}],"about":[{"href":"https:\/\/empow-her.com\/es\/wp-json\/wp\/v2\/types\/product"}],"wp:attachment":[{"href":"https:\/\/empow-her.com\/es\/wp-json\/wp\/v2\/media?parent=11593"}],"wp:term":[{"taxonomy":"product_brand","embeddable":true,"href":"https:\/\/empow-her.com\/es\/wp-json\/wp\/v2\/product_brand?post=11593"},{"taxonomy":"product_cat","embeddable":true,"href":"https:\/\/empow-her.com\/es\/wp-json\/wp\/v2\/product_cat?post=11593"},{"taxonomy":"product_tag","embeddable":true,"href":"https:\/\/empow-her.com\/es\/wp-json\/wp\/v2\/product_tag?post=11593"},{"taxonomy":"lieu","embeddable":true,"href":"https:\/\/empow-her.com\/es\/wp-json\/wp\/v2\/lieu?post=11593"},{"taxonomy":"thematiques","embeddable":true,"href":"https:\/\/empow-her.com\/es\/wp-json\/wp\/v2\/thematiques?post=11593"}],"curies":[{"name":"wp","href":"https:\/\/api.w.org\/{rel}","templated":true}]}}