{"id":115783,"date":"2022-02-23T11:45:43","date_gmt":"2022-02-23T10:45:43","guid":{"rendered":"https:\/\/empow-her.com\/?post_type=product&#038;p=115783"},"modified":"2022-03-29T15:46:06","modified_gmt":"2022-03-29T13:46:06","slug":"coaching-trouver-les-mots-qui-resonnent-en-moi-pour-un-pitch-impactant-6-avril","status":"publish","type":"product","link":"https:\/\/empow-her.com\/es\/produit\/coaching-trouver-les-mots-qui-resonnent-en-moi-pour-un-pitch-impactant-6-avril\/","title":{"rendered":"Coaching &#8211; Trouver les mots qui r\u00e9sonnent en moi pour un pitch impactant"},"content":{"rendered":"","protected":false},"excerpt":{"rendered":"<p>Travailler sa prise de parole commence par d\u00e9finir les mots que l\u2019on va utiliser. Il s\u2019agit de pr\u00e9ciser l\u2019intention de notre discours et les ambitions que nous souhaitons v\u00e9hiculer ; si l\u2019intention est juste, la fa\u00e7on de transmettre ses mots le sera \u00e9galement et aidera \u00e0 embarquer l\u2019autre. C\u2019est en assumant notre propos que nous communiquons le mieux.<\/p>\n<p>Lors de ce coaching, vous aurez l&#8217;opportunit\u00e9 de travailler votre storytelling et votre pitch pour affiner le choix des mots et d\u00e9crire votre projet afin de le pr\u00e9senter avec impact.<\/p>\n<p>&nbsp;<\/p>\n<p><strong>Intervenant.e.s :\u00a0<\/strong><br \/>\nSophie Petit<\/p>\n<p><strong>Pr\u00e9sentation : <\/strong><br \/>\n&#x2640;\ufe0e Coach professionnelle, Sophie a \u00e0 c\u0153ur de s\u2019engager aux c\u00f4t\u00e9s des femmes pour les accompagner \u00e0 se sentir audacieuses, puissantes et joyeusement libres d\u2019agir, de cr\u00e9er, d\u2019entreprendre et de r\u00eaver.<br \/>\nElle m\u00e8ne ces missions au sein de l\u2019Agence \u2018Bulles\u2019 qu\u2019elle a co-fond\u00e9e avec sa s\u0153ur C\u00e9cile.<br \/>\n\u2661 Passionn\u00e9e par les rencontres et le voyage, elle \u00e9crit et r\u00e9alise des reportages narratifs multiformats pour mettre en lumi\u00e8re des personnes hautes en couleur et des univers singuliers.<br \/>\n\u2727 Entrepreneure dans l\u2019\u00e2me, elle porte aussi un projet dont elle explore actuellement les possibles : l\u2019\u00e9co-conception d\u2019une maison d\u2019\u00e9dition artisanale color\u00e9e et engag\u00e9e.<\/p>\n<p><strong>Son super pouvoir : <\/strong><br \/>\nAgente (secr\u00e8te !) de talents<\/p>\n<p><strong>Son petit mot : <\/strong><br \/>\nJ\u2019aime cette citation de Gloria Steinem, \u00e9crivaine, activiste et f\u00e9ministe : \u201cSans effort d\u2019imagination ou de r\u00eaves, nous perdons l\u2019excitation des possibilit\u00e9s. Apr\u00e8s tout, r\u00eaver est une sorte de planification\u201d. Alors osez r\u00eaver vos projets pour cultiver votre confiance, votre audace et votre puissance d\u2019agir !<\/p>\n<p>&nbsp;<\/p>\n<p>&nbsp;<\/p>\n<p>Session de coaching<strong> en\u00a0 ligne<\/strong><\/p>\n<p><strong>Dur\u00e9e<\/strong> : U<span data-sheets-value=\"{&quot;1&quot;:2,&quot;2&quot;:&quot;Permanence de 4h avec un cr\u00e9neau de 1h par participante (+ 15 minutes entre chaque)&quot;}\" data-sheets-userformat=\"{&quot;2&quot;:7167,&quot;3&quot;:{&quot;1&quot;:0},&quot;4&quot;:{&quot;1&quot;:2,&quot;2&quot;:16777215},&quot;5&quot;:{&quot;1&quot;:[{&quot;1&quot;:2,&quot;2&quot;:0,&quot;5&quot;:{&quot;1&quot;:2,&quot;2&quot;:0}},{&quot;1&quot;:0,&quot;2&quot;:0,&quot;3&quot;:3},{&quot;1&quot;:1,&quot;2&quot;:0,&quot;4&quot;:1}]},&quot;6&quot;:{&quot;1&quot;:[{&quot;1&quot;:2,&quot;2&quot;:0,&quot;5&quot;:{&quot;1&quot;:2,&quot;2&quot;:0}},{&quot;1&quot;:0,&quot;2&quot;:0,&quot;3&quot;:3},{&quot;1&quot;:1,&quot;2&quot;:0,&quot;4&quot;:1}]},&quot;7&quot;:{&quot;1&quot;:[{&quot;1&quot;:2,&quot;2&quot;:0,&quot;5&quot;:{&quot;1&quot;:2,&quot;2&quot;:0}},{&quot;1&quot;:0,&quot;2&quot;:0,&quot;3&quot;:3},{&quot;1&quot;:1,&quot;2&quot;:0,&quot;4&quot;:1}]},&quot;8&quot;:{&quot;1&quot;:[{&quot;1&quot;:2,&quot;2&quot;:0,&quot;5&quot;:{&quot;1&quot;:2,&quot;2&quot;:0}},{&quot;1&quot;:0,&quot;2&quot;:0,&quot;3&quot;:3},{&quot;1&quot;:1,&quot;2&quot;:0,&quot;4&quot;:1}]},&quot;9&quot;:0,&quot;10&quot;:1,&quot;11&quot;:4,&quot;12&quot;:0,&quot;14&quot;:{&quot;1&quot;:2,&quot;2&quot;:0},&quot;15&quot;:&quot;Calibri&quot;}\">n cr\u00e9neau de 1h en individuel<\/span><\/p>\n<p>&nbsp;<\/p>\n<p>Ce projet est co-financ\u00e9 par le Fonds Social Europ\u00e9en.<\/p>\n<p><img decoding=\"async\" class=\"alignnone size-medium wp-image-15794\" src=\"https:\/\/empow-her.com\/wp-content\/uploads\/2021\/07\/fse-logos-1-300x54.png\" alt=\"\" width=\"300\" height=\"54\" srcset=\"https:\/\/empow-her.com\/wp-content\/uploads\/2021\/07\/fse-logos-1-300x54.png 300w, https:\/\/empow-her.com\/wp-content\/uploads\/2021\/07\/fse-logos-1-600x108.png 600w, https:\/\/empow-her.com\/wp-content\/uploads\/2021\/07\/fse-logos-1-1024x184.png 1024w, https:\/\/empow-her.com\/wp-content\/uploads\/2021\/07\/fse-logos-1-768x138.png 768w, https:\/\/empow-her.com\/wp-content\/uploads\/2021\/07\/fse-logos-1-1536x275.png 1536w, https:\/\/empow-her.com\/wp-content\/uploads\/2021\/07\/fse-logos-1-2048x367.png 2048w, https:\/\/empow-her.com\/wp-content\/uploads\/2021\/07\/fse-logos-1-24x4.png 24w, https:\/\/empow-her.com\/wp-content\/uploads\/2021\/07\/fse-logos-1-36x6.png 36w, https:\/\/empow-her.com\/wp-content\/uploads\/2021\/07\/fse-logos-1-48x9.png 48w\" sizes=\"(max-width: 300px) 100vw, 300px\" \/><\/p>\n","protected":false},"featured_media":115784,"template":"","format":"standard","meta":{"_acf_changed":false,"om_disable_all_campaigns":false,"_uf_show_specific_survey":0,"_uf_disable_surveys":false},"product_brand":[],"product_cat":[121],"product_tag":[],"lieu":[125],"thematiques":[],"class_list":{"0":"post-115783","1":"product","2":"type-product","3":"status-publish","4":"format-standard","5":"has-post-thumbnail","7":"product_cat-coaching","8":"lieu-en-ligne","10":"first","11":"instock","12":"virtual","13":"purchasable","14":"product-type-appointment"},"exclude_global_add_ons":[],"addons":[],"acf":[],"yoast_head":"<!-- This site is optimized with the Yoast SEO plugin v24.8 - https:\/\/yoast.com\/wordpress\/plugins\/seo\/ -->\n<title>Coaching - Trouver les mots qui r\u00e9sonnent en moi pour un pitch impactant - Empow&#039;Her<\/title>\n<meta name=\"robots\" content=\"index, follow, max-snippet:-1, max-image-preview:large, max-video-preview:-1\" \/>\n<link rel=\"canonical\" href=\"https:\/\/empow-her.com\/es\/produit\/coaching-trouver-les-mots-qui-resonnent-en-moi-pour-un-pitch-impactant-6-avril\/\" \/>\n<meta property=\"og:locale\" content=\"es_ES\" \/>\n<meta property=\"og:type\" content=\"article\" \/>\n<meta property=\"og:title\" content=\"Coaching - Trouver les mots qui r\u00e9sonnent en moi pour un pitch impactant - Empow&#039;Her\" \/>\n<meta property=\"og:description\" content=\"Travailler sa prise de parole commence par d\u00e9finir les mots que l\u2019on va utiliser. Il s\u2019agit de pr\u00e9ciser l\u2019intention de notre discours et les ambitions que nous souhaitons v\u00e9hiculer ; si l\u2019intention est juste, la fa\u00e7on de transmettre ses mots le sera \u00e9galement et aidera \u00e0 embarquer l\u2019autre. C\u2019est en assumant notre propos que nous communiquons le mieux.  Lors de ce coaching, vous aurez l&#039;opportunit\u00e9 de travailler votre storytelling et votre pitch pour affiner le choix des mots et d\u00e9crire votre projet afin de le pr\u00e9senter avec impact.  &nbsp;  Intervenant.e.s :\u00a0 Sophie Petit  Pr\u00e9sentation :  &#x2640;\ufe0e Coach professionnelle, Sophie a \u00e0 c\u0153ur de s\u2019engager aux c\u00f4t\u00e9s des femmes pour les accompagner \u00e0 se sentir audacieuses, puissantes et joyeusement libres d\u2019agir, de cr\u00e9er, d\u2019entreprendre et de r\u00eaver. Elle m\u00e8ne ces missions au sein de l\u2019Agence \u2018Bulles\u2019 qu\u2019elle a co-fond\u00e9e avec sa s\u0153ur C\u00e9cile. \u2661 Passionn\u00e9e par les rencontres et le voyage, elle \u00e9crit et r\u00e9alise des reportages narratifs multiformats pour mettre en lumi\u00e8re des personnes hautes en couleur et des univers singuliers. \u2727 Entrepreneure dans l\u2019\u00e2me, elle porte aussi un projet dont elle explore actuellement les possibles : l\u2019\u00e9co-conception d\u2019une maison d\u2019\u00e9dition artisanale color\u00e9e et engag\u00e9e.  Son super pouvoir :  Agente (secr\u00e8te !) de talents  Son petit mot :  J\u2019aime cette citation de Gloria Steinem, \u00e9crivaine, activiste et f\u00e9ministe : \u201cSans effort d\u2019imagination ou de r\u00eaves, nous perdons l\u2019excitation des possibilit\u00e9s. Apr\u00e8s tout, r\u00eaver est une sorte de planification\u201d. Alors osez r\u00eaver vos projets pour cultiver votre confiance, votre audace et votre puissance d\u2019agir !  &nbsp;  &nbsp;  Session de coaching en\u00a0 ligne  Dur\u00e9e : Un cr\u00e9neau de 1h en individuel  &nbsp;  Ce projet est co-financ\u00e9 par le Fonds Social Europ\u00e9en.\" \/>\n<meta property=\"og:url\" content=\"https:\/\/empow-her.com\/es\/produit\/coaching-trouver-les-mots-qui-resonnent-en-moi-pour-un-pitch-impactant-6-avril\/\" \/>\n<meta property=\"og:site_name\" content=\"Empow&#039;Her\" \/>\n<meta property=\"article:modified_time\" content=\"2022-03-29T13:46:06+00:00\" \/>\n<meta property=\"og:image\" content=\"https:\/\/empow-her.com\/wp-content\/uploads\/2022\/02\/TEMPLATES-EVENTS-WOMEN-DARE-2022-02-23T114819.277.png\" \/>\n\t<meta property=\"og:image:width\" content=\"1080\" \/>\n\t<meta property=\"og:image:height\" content=\"1080\" \/>\n\t<meta property=\"og:image:type\" content=\"image\/png\" \/>\n<meta name=\"twitter:card\" content=\"summary_large_image\" \/>\n<script type=\"application\/ld+json\" class=\"yoast-schema-graph\">{\"@context\":\"https:\/\/schema.org\",\"@graph\":[{\"@type\":\"WebPage\",\"@id\":\"https:\/\/empow-her.com\/es\/produit\/coaching-trouver-les-mots-qui-resonnent-en-moi-pour-un-pitch-impactant-6-avril\/\",\"url\":\"https:\/\/empow-her.com\/es\/produit\/coaching-trouver-les-mots-qui-resonnent-en-moi-pour-un-pitch-impactant-6-avril\/\",\"name\":\"Coaching - Trouver les mots qui r\u00e9sonnent en moi pour un pitch impactant - Empow&#039;Her\",\"isPartOf\":{\"@id\":\"https:\/\/empow-her.com\/#website\"},\"primaryImageOfPage\":{\"@id\":\"https:\/\/empow-her.com\/es\/produit\/coaching-trouver-les-mots-qui-resonnent-en-moi-pour-un-pitch-impactant-6-avril\/#primaryimage\"},\"image\":{\"@id\":\"https:\/\/empow-her.com\/es\/produit\/coaching-trouver-les-mots-qui-resonnent-en-moi-pour-un-pitch-impactant-6-avril\/#primaryimage\"},\"thumbnailUrl\":\"https:\/\/empow-her.com\/wp-content\/uploads\/2022\/02\/TEMPLATES-EVENTS-WOMEN-DARE-2022-02-23T114819.277.png\",\"datePublished\":\"2022-02-23T10:45:43+00:00\",\"dateModified\":\"2022-03-29T13:46:06+00:00\",\"breadcrumb\":{\"@id\":\"https:\/\/empow-her.com\/es\/produit\/coaching-trouver-les-mots-qui-resonnent-en-moi-pour-un-pitch-impactant-6-avril\/#breadcrumb\"},\"inLanguage\":\"es\",\"potentialAction\":[{\"@type\":\"ReadAction\",\"target\":[\"https:\/\/empow-her.com\/es\/produit\/coaching-trouver-les-mots-qui-resonnent-en-moi-pour-un-pitch-impactant-6-avril\/\"]}]},{\"@type\":\"ImageObject\",\"inLanguage\":\"es\",\"@id\":\"https:\/\/empow-her.com\/es\/produit\/coaching-trouver-les-mots-qui-resonnent-en-moi-pour-un-pitch-impactant-6-avril\/#primaryimage\",\"url\":\"https:\/\/empow-her.com\/wp-content\/uploads\/2022\/02\/TEMPLATES-EVENTS-WOMEN-DARE-2022-02-23T114819.277.png\",\"contentUrl\":\"https:\/\/empow-her.com\/wp-content\/uploads\/2022\/02\/TEMPLATES-EVENTS-WOMEN-DARE-2022-02-23T114819.277.png\",\"width\":1080,\"height\":1080},{\"@type\":\"BreadcrumbList\",\"@id\":\"https:\/\/empow-her.com\/es\/produit\/coaching-trouver-les-mots-qui-resonnent-en-moi-pour-un-pitch-impactant-6-avril\/#breadcrumb\",\"itemListElement\":[{\"@type\":\"ListItem\",\"position\":1,\"name\":\"Accueil\",\"item\":\"https:\/\/empow-her.com\/es\/inicio\/\"},{\"@type\":\"ListItem\",\"position\":2,\"name\":\"LA BOUTIQUE\",\"item\":\"https:\/\/empow-her.com\/boutique\/\"},{\"@type\":\"ListItem\",\"position\":3,\"name\":\"Coaching &#8211; Trouver les mots qui r\u00e9sonnent en moi pour un pitch impactant\"}]},{\"@type\":\"WebSite\",\"@id\":\"https:\/\/empow-her.com\/#website\",\"url\":\"https:\/\/empow-her.com\/\",\"name\":\"Empow&#039;Her\",\"description\":\"Women Development\",\"potentialAction\":[{\"@type\":\"SearchAction\",\"target\":{\"@type\":\"EntryPoint\",\"urlTemplate\":\"https:\/\/empow-her.com\/?s={search_term_string}\"},\"query-input\":{\"@type\":\"PropertyValueSpecification\",\"valueRequired\":true,\"valueName\":\"search_term_string\"}}],\"inLanguage\":\"es\"}]}<\/script>\n<!-- \/ Yoast SEO plugin. -->","yoast_head_json":{"title":"Coaching - Trouver les mots qui r\u00e9sonnent en moi pour un pitch impactant - Empow&#039;Her","robots":{"index":"index","follow":"follow","max-snippet":"max-snippet:-1","max-image-preview":"max-image-preview:large","max-video-preview":"max-video-preview:-1"},"canonical":"https:\/\/empow-her.com\/es\/produit\/coaching-trouver-les-mots-qui-resonnent-en-moi-pour-un-pitch-impactant-6-avril\/","og_locale":"es_ES","og_type":"article","og_title":"Coaching - Trouver les mots qui r\u00e9sonnent en moi pour un pitch impactant - Empow&#039;Her","og_description":"Travailler sa prise de parole commence par d\u00e9finir les mots que l\u2019on va utiliser. Il s\u2019agit de pr\u00e9ciser l\u2019intention de notre discours et les ambitions que nous souhaitons v\u00e9hiculer ; si l\u2019intention est juste, la fa\u00e7on de transmettre ses mots le sera \u00e9galement et aidera \u00e0 embarquer l\u2019autre. C\u2019est en assumant notre propos que nous communiquons le mieux.  Lors de ce coaching, vous aurez l'opportunit\u00e9 de travailler votre storytelling et votre pitch pour affiner le choix des mots et d\u00e9crire votre projet afin de le pr\u00e9senter avec impact.  &nbsp;  Intervenant.e.s :\u00a0 Sophie Petit  Pr\u00e9sentation :  &#x2640;\ufe0e Coach professionnelle, Sophie a \u00e0 c\u0153ur de s\u2019engager aux c\u00f4t\u00e9s des femmes pour les accompagner \u00e0 se sentir audacieuses, puissantes et joyeusement libres d\u2019agir, de cr\u00e9er, d\u2019entreprendre et de r\u00eaver. Elle m\u00e8ne ces missions au sein de l\u2019Agence \u2018Bulles\u2019 qu\u2019elle a co-fond\u00e9e avec sa s\u0153ur C\u00e9cile. \u2661 Passionn\u00e9e par les rencontres et le voyage, elle \u00e9crit et r\u00e9alise des reportages narratifs multiformats pour mettre en lumi\u00e8re des personnes hautes en couleur et des univers singuliers. \u2727 Entrepreneure dans l\u2019\u00e2me, elle porte aussi un projet dont elle explore actuellement les possibles : l\u2019\u00e9co-conception d\u2019une maison d\u2019\u00e9dition artisanale color\u00e9e et engag\u00e9e.  Son super pouvoir :  Agente (secr\u00e8te !) de talents  Son petit mot :  J\u2019aime cette citation de Gloria Steinem, \u00e9crivaine, activiste et f\u00e9ministe : \u201cSans effort d\u2019imagination ou de r\u00eaves, nous perdons l\u2019excitation des possibilit\u00e9s. Apr\u00e8s tout, r\u00eaver est une sorte de planification\u201d. Alors osez r\u00eaver vos projets pour cultiver votre confiance, votre audace et votre puissance d\u2019agir !  &nbsp;  &nbsp;  Session de coaching en\u00a0 ligne  Dur\u00e9e : Un cr\u00e9neau de 1h en individuel  &nbsp;  Ce projet est co-financ\u00e9 par le Fonds Social Europ\u00e9en.","og_url":"https:\/\/empow-her.com\/es\/produit\/coaching-trouver-les-mots-qui-resonnent-en-moi-pour-un-pitch-impactant-6-avril\/","og_site_name":"Empow&#039;Her","article_modified_time":"2022-03-29T13:46:06+00:00","og_image":[{"width":1080,"height":1080,"url":"https:\/\/empow-her.com\/wp-content\/uploads\/2022\/02\/TEMPLATES-EVENTS-WOMEN-DARE-2022-02-23T114819.277.png","type":"image\/png"}],"twitter_card":"summary_large_image","schema":{"@context":"https:\/\/schema.org","@graph":[{"@type":"WebPage","@id":"https:\/\/empow-her.com\/es\/produit\/coaching-trouver-les-mots-qui-resonnent-en-moi-pour-un-pitch-impactant-6-avril\/","url":"https:\/\/empow-her.com\/es\/produit\/coaching-trouver-les-mots-qui-resonnent-en-moi-pour-un-pitch-impactant-6-avril\/","name":"Coaching - Trouver les mots qui r\u00e9sonnent en moi pour un pitch impactant - Empow&#039;Her","isPartOf":{"@id":"https:\/\/empow-her.com\/#website"},"primaryImageOfPage":{"@id":"https:\/\/empow-her.com\/es\/produit\/coaching-trouver-les-mots-qui-resonnent-en-moi-pour-un-pitch-impactant-6-avril\/#primaryimage"},"image":{"@id":"https:\/\/empow-her.com\/es\/produit\/coaching-trouver-les-mots-qui-resonnent-en-moi-pour-un-pitch-impactant-6-avril\/#primaryimage"},"thumbnailUrl":"https:\/\/empow-her.com\/wp-content\/uploads\/2022\/02\/TEMPLATES-EVENTS-WOMEN-DARE-2022-02-23T114819.277.png","datePublished":"2022-02-23T10:45:43+00:00","dateModified":"2022-03-29T13:46:06+00:00","breadcrumb":{"@id":"https:\/\/empow-her.com\/es\/produit\/coaching-trouver-les-mots-qui-resonnent-en-moi-pour-un-pitch-impactant-6-avril\/#breadcrumb"},"inLanguage":"es","potentialAction":[{"@type":"ReadAction","target":["https:\/\/empow-her.com\/es\/produit\/coaching-trouver-les-mots-qui-resonnent-en-moi-pour-un-pitch-impactant-6-avril\/"]}]},{"@type":"ImageObject","inLanguage":"es","@id":"https:\/\/empow-her.com\/es\/produit\/coaching-trouver-les-mots-qui-resonnent-en-moi-pour-un-pitch-impactant-6-avril\/#primaryimage","url":"https:\/\/empow-her.com\/wp-content\/uploads\/2022\/02\/TEMPLATES-EVENTS-WOMEN-DARE-2022-02-23T114819.277.png","contentUrl":"https:\/\/empow-her.com\/wp-content\/uploads\/2022\/02\/TEMPLATES-EVENTS-WOMEN-DARE-2022-02-23T114819.277.png","width":1080,"height":1080},{"@type":"BreadcrumbList","@id":"https:\/\/empow-her.com\/es\/produit\/coaching-trouver-les-mots-qui-resonnent-en-moi-pour-un-pitch-impactant-6-avril\/#breadcrumb","itemListElement":[{"@type":"ListItem","position":1,"name":"Accueil","item":"https:\/\/empow-her.com\/es\/inicio\/"},{"@type":"ListItem","position":2,"name":"LA BOUTIQUE","item":"https:\/\/empow-her.com\/boutique\/"},{"@type":"ListItem","position":3,"name":"Coaching &#8211; Trouver les mots qui r\u00e9sonnent en moi pour un pitch impactant"}]},{"@type":"WebSite","@id":"https:\/\/empow-her.com\/#website","url":"https:\/\/empow-her.com\/","name":"Empow&#039;Her","description":"Women Development","potentialAction":[{"@type":"SearchAction","target":{"@type":"EntryPoint","urlTemplate":"https:\/\/empow-her.com\/?s={search_term_string}"},"query-input":{"@type":"PropertyValueSpecification","valueRequired":true,"valueName":"search_term_string"}}],"inLanguage":"es"}]}},"_links":{"self":[{"href":"https:\/\/empow-her.com\/es\/wp-json\/wp\/v2\/product\/115783","targetHints":{"allow":["GET"]}}],"collection":[{"href":"https:\/\/empow-her.com\/es\/wp-json\/wp\/v2\/product"}],"about":[{"href":"https:\/\/empow-her.com\/es\/wp-json\/wp\/v2\/types\/product"}],"wp:featuredmedia":[{"embeddable":true,"href":"https:\/\/empow-her.com\/es\/wp-json\/wp\/v2\/media\/115784"}],"wp:attachment":[{"href":"https:\/\/empow-her.com\/es\/wp-json\/wp\/v2\/media?parent=115783"}],"wp:term":[{"taxonomy":"product_brand","embeddable":true,"href":"https:\/\/empow-her.com\/es\/wp-json\/wp\/v2\/product_brand?post=115783"},{"taxonomy":"product_cat","embeddable":true,"href":"https:\/\/empow-her.com\/es\/wp-json\/wp\/v2\/product_cat?post=115783"},{"taxonomy":"product_tag","embeddable":true,"href":"https:\/\/empow-her.com\/es\/wp-json\/wp\/v2\/product_tag?post=115783"},{"taxonomy":"lieu","embeddable":true,"href":"https:\/\/empow-her.com\/es\/wp-json\/wp\/v2\/lieu?post=115783"},{"taxonomy":"thematiques","embeddable":true,"href":"https:\/\/empow-her.com\/es\/wp-json\/wp\/v2\/thematiques?post=115783"}],"curies":[{"name":"wp","href":"https:\/\/api.w.org\/{rel}","templated":true}]}}