{"id":115562,"date":"2022-02-18T12:28:17","date_gmt":"2022-02-18T11:28:17","guid":{"rendered":"https:\/\/empow-her.com\/?post_type=product&#038;p=115562"},"modified":"2022-02-23T18:02:10","modified_gmt":"2022-02-23T17:02:10","slug":"coaching-approfondir-mon-idee-de-projet-25-mars","status":"publish","type":"product","link":"https:\/\/empow-her.com\/es\/produit\/coaching-approfondir-mon-idee-de-projet-25-mars\/","title":{"rendered":"Coaching &#8211; Approfondir mon id\u00e9e de projet"},"content":{"rendered":"","protected":false},"excerpt":{"rendered":"<p>Description \u00e0 venir<\/p>\n<p>&nbsp;<\/p>\n<p><strong>Intervenant.e.s :\u00a0<\/strong><br \/>\nConstance Barde<\/p>\n<p><strong>Pr\u00e9sentation : <\/strong><br \/>\nConstance est experte en communication engag\u00e9e.<br \/>\nPendant 20 ans, elle a accompagn\u00e9 de grandes marques (Evian, Orange, BNP Paribas, Lu, FDJ&#8230;) au sein de l&#8217;agence de publicit\u00e9 BETC.<br \/>\nDepuis 5 ans, comme consultante ind\u00e9pendante et coach, elle est aux c\u00f4t\u00e9s des startups et des femmes entrepreneures pour les aider \u00e0 exister aux yeux du monde, en se donnant notamment une utilit\u00e9 sociale.<br \/>\nEt depuis peu, elle se lance en parall\u00e8le dans l&#8217;entreprenariat en cr\u00e9ant &#8220;nouvel air&#8221;, un studio de communication d\u00e9di\u00e9 \u00e0 l&#8217;engagement soci\u00e9tal et environnemental.<br \/>\nSes domaines d&#8217;expertise : identification de la mission, formulation des messages clefs, recherche de codes de communication, recherche de produits et services, activation des leviers on et off line (digital, media&#8230;).<\/p>\n<p><strong>Son super pouvoir : <\/strong><br \/>\nDonner des racines et des ailes !<\/p>\n<p><strong>Son petit mot : <\/strong><br \/>\nL&#8217;audace paye toujours !<\/p>\n<p>&nbsp;<\/p>\n<p>&nbsp;<\/p>\n<p>Session de coaching<strong> en\u00a0 ligne<\/strong><\/p>\n<p><strong>Dur\u00e9e<\/strong> : U<span data-sheets-value=\"{&quot;1&quot;:2,&quot;2&quot;:&quot;Permanence de 4h avec un cr\u00e9neau de 1h par participante (+ 15 minutes entre chaque)&quot;}\" data-sheets-userformat=\"{&quot;2&quot;:7167,&quot;3&quot;:{&quot;1&quot;:0},&quot;4&quot;:{&quot;1&quot;:2,&quot;2&quot;:16777215},&quot;5&quot;:{&quot;1&quot;:[{&quot;1&quot;:2,&quot;2&quot;:0,&quot;5&quot;:{&quot;1&quot;:2,&quot;2&quot;:0}},{&quot;1&quot;:0,&quot;2&quot;:0,&quot;3&quot;:3},{&quot;1&quot;:1,&quot;2&quot;:0,&quot;4&quot;:1}]},&quot;6&quot;:{&quot;1&quot;:[{&quot;1&quot;:2,&quot;2&quot;:0,&quot;5&quot;:{&quot;1&quot;:2,&quot;2&quot;:0}},{&quot;1&quot;:0,&quot;2&quot;:0,&quot;3&quot;:3},{&quot;1&quot;:1,&quot;2&quot;:0,&quot;4&quot;:1}]},&quot;7&quot;:{&quot;1&quot;:[{&quot;1&quot;:2,&quot;2&quot;:0,&quot;5&quot;:{&quot;1&quot;:2,&quot;2&quot;:0}},{&quot;1&quot;:0,&quot;2&quot;:0,&quot;3&quot;:3},{&quot;1&quot;:1,&quot;2&quot;:0,&quot;4&quot;:1}]},&quot;8&quot;:{&quot;1&quot;:[{&quot;1&quot;:2,&quot;2&quot;:0,&quot;5&quot;:{&quot;1&quot;:2,&quot;2&quot;:0}},{&quot;1&quot;:0,&quot;2&quot;:0,&quot;3&quot;:3},{&quot;1&quot;:1,&quot;2&quot;:0,&quot;4&quot;:1}]},&quot;9&quot;:0,&quot;10&quot;:1,&quot;11&quot;:4,&quot;12&quot;:0,&quot;14&quot;:{&quot;1&quot;:2,&quot;2&quot;:0},&quot;15&quot;:&quot;Calibri&quot;}\">n cr\u00e9neau de 1h en individuel<\/span><\/p>\n<p>&nbsp;<\/p>\n<p>Ce projet est co-financ\u00e9 par le Fonds Social Europ\u00e9en.<\/p>\n<p><img decoding=\"async\" class=\"alignnone size-medium wp-image-15794\" src=\"https:\/\/empow-her.com\/wp-content\/uploads\/2021\/07\/fse-logos-1-300x54.png\" alt=\"\" width=\"300\" height=\"54\" srcset=\"https:\/\/empow-her.com\/wp-content\/uploads\/2021\/07\/fse-logos-1-300x54.png 300w, https:\/\/empow-her.com\/wp-content\/uploads\/2021\/07\/fse-logos-1-600x108.png 600w, https:\/\/empow-her.com\/wp-content\/uploads\/2021\/07\/fse-logos-1-1024x184.png 1024w, https:\/\/empow-her.com\/wp-content\/uploads\/2021\/07\/fse-logos-1-768x138.png 768w, https:\/\/empow-her.com\/wp-content\/uploads\/2021\/07\/fse-logos-1-1536x275.png 1536w, https:\/\/empow-her.com\/wp-content\/uploads\/2021\/07\/fse-logos-1-2048x367.png 2048w, https:\/\/empow-her.com\/wp-content\/uploads\/2021\/07\/fse-logos-1-24x4.png 24w, https:\/\/empow-her.com\/wp-content\/uploads\/2021\/07\/fse-logos-1-36x6.png 36w, https:\/\/empow-her.com\/wp-content\/uploads\/2021\/07\/fse-logos-1-48x9.png 48w\" sizes=\"(max-width: 300px) 100vw, 300px\" \/><\/p>\n","protected":false},"featured_media":115753,"template":"","format":"standard","meta":{"_acf_changed":false,"om_disable_all_campaigns":false,"_uf_show_specific_survey":0,"_uf_disable_surveys":false},"product_brand":[],"product_cat":[121],"product_tag":[],"lieu":[125],"thematiques":[],"class_list":{"0":"post-115562","1":"product","2":"type-product","3":"status-publish","4":"format-standard","5":"has-post-thumbnail","7":"product_cat-coaching","8":"lieu-en-ligne","10":"first","11":"instock","12":"virtual","13":"purchasable","14":"product-type-appointment"},"exclude_global_add_ons":[],"addons":[],"acf":[],"yoast_head":"<!-- This site is optimized with the Yoast SEO plugin v24.8 - https:\/\/yoast.com\/wordpress\/plugins\/seo\/ -->\n<title>Coaching - Approfondir mon id\u00e9e de projet - Empow&#039;Her<\/title>\n<meta name=\"robots\" content=\"index, follow, max-snippet:-1, max-image-preview:large, max-video-preview:-1\" \/>\n<link rel=\"canonical\" href=\"https:\/\/empow-her.com\/es\/produit\/coaching-approfondir-mon-idee-de-projet-25-mars\/\" \/>\n<meta property=\"og:locale\" content=\"es_ES\" \/>\n<meta property=\"og:type\" content=\"article\" \/>\n<meta property=\"og:title\" content=\"Coaching - Approfondir mon id\u00e9e de projet - Empow&#039;Her\" \/>\n<meta property=\"og:description\" content=\"Description \u00e0 venir    &nbsp;  Intervenant.e.s :\u00a0 Constance Barde   Pr\u00e9sentation :  Constance est experte en communication engag\u00e9e.  Pendant 20 ans, elle a accompagn\u00e9 de grandes marques (Evian, Orange, BNP Paribas, Lu, FDJ...) au sein de l&#039;agence de publicit\u00e9 BETC.  Depuis 5 ans, comme consultante ind\u00e9pendante et coach, elle est aux c\u00f4t\u00e9s des startups et des femmes entrepreneures pour les aider \u00e0 exister aux yeux du monde, en se donnant notamment une utilit\u00e9 sociale.  Et depuis peu, elle se lance en parall\u00e8le dans l&#039;entreprenariat en cr\u00e9ant &quot;nouvel air&quot;, un studio de communication d\u00e9di\u00e9 \u00e0 l&#039;engagement soci\u00e9tal et environnemental.  Ses domaines d&#039;expertise : identification de la mission, formulation des messages clefs, recherche de codes de communication, recherche de produits et services, activation des leviers on et off line (digital, media...).   Son super pouvoir :  Donner des racines et des ailes !   Son petit mot :  L&#039;audace paye toujours !      &nbsp;  &nbsp;  Session de coaching en\u00a0 ligne  Dur\u00e9e : Un cr\u00e9neau de 1h en individuel  &nbsp;  Ce projet est co-financ\u00e9 par le Fonds Social Europ\u00e9en.\" \/>\n<meta property=\"og:url\" content=\"https:\/\/empow-her.com\/es\/produit\/coaching-approfondir-mon-idee-de-projet-25-mars\/\" \/>\n<meta property=\"og:site_name\" content=\"Empow&#039;Her\" \/>\n<meta property=\"article:modified_time\" content=\"2022-02-23T17:02:10+00:00\" \/>\n<meta property=\"og:image\" content=\"https:\/\/empow-her.com\/wp-content\/uploads\/2022\/02\/TEMPLATES-EVENTS-WOMEN-DARE-99.png\" \/>\n\t<meta property=\"og:image:width\" content=\"1080\" \/>\n\t<meta property=\"og:image:height\" content=\"1080\" \/>\n\t<meta property=\"og:image:type\" content=\"image\/png\" \/>\n<meta name=\"twitter:card\" content=\"summary_large_image\" \/>\n<script type=\"application\/ld+json\" class=\"yoast-schema-graph\">{\"@context\":\"https:\/\/schema.org\",\"@graph\":[{\"@type\":\"WebPage\",\"@id\":\"https:\/\/empow-her.com\/es\/produit\/coaching-approfondir-mon-idee-de-projet-25-mars\/\",\"url\":\"https:\/\/empow-her.com\/es\/produit\/coaching-approfondir-mon-idee-de-projet-25-mars\/\",\"name\":\"Coaching - Approfondir mon id\u00e9e de projet - Empow&#039;Her\",\"isPartOf\":{\"@id\":\"https:\/\/empow-her.com\/#website\"},\"primaryImageOfPage\":{\"@id\":\"https:\/\/empow-her.com\/es\/produit\/coaching-approfondir-mon-idee-de-projet-25-mars\/#primaryimage\"},\"image\":{\"@id\":\"https:\/\/empow-her.com\/es\/produit\/coaching-approfondir-mon-idee-de-projet-25-mars\/#primaryimage\"},\"thumbnailUrl\":\"https:\/\/empow-her.com\/wp-content\/uploads\/2022\/02\/TEMPLATES-EVENTS-WOMEN-DARE-99.png\",\"datePublished\":\"2022-02-18T11:28:17+00:00\",\"dateModified\":\"2022-02-23T17:02:10+00:00\",\"breadcrumb\":{\"@id\":\"https:\/\/empow-her.com\/es\/produit\/coaching-approfondir-mon-idee-de-projet-25-mars\/#breadcrumb\"},\"inLanguage\":\"es\",\"potentialAction\":[{\"@type\":\"ReadAction\",\"target\":[\"https:\/\/empow-her.com\/es\/produit\/coaching-approfondir-mon-idee-de-projet-25-mars\/\"]}]},{\"@type\":\"ImageObject\",\"inLanguage\":\"es\",\"@id\":\"https:\/\/empow-her.com\/es\/produit\/coaching-approfondir-mon-idee-de-projet-25-mars\/#primaryimage\",\"url\":\"https:\/\/empow-her.com\/wp-content\/uploads\/2022\/02\/TEMPLATES-EVENTS-WOMEN-DARE-99.png\",\"contentUrl\":\"https:\/\/empow-her.com\/wp-content\/uploads\/2022\/02\/TEMPLATES-EVENTS-WOMEN-DARE-99.png\",\"width\":1080,\"height\":1080},{\"@type\":\"BreadcrumbList\",\"@id\":\"https:\/\/empow-her.com\/es\/produit\/coaching-approfondir-mon-idee-de-projet-25-mars\/#breadcrumb\",\"itemListElement\":[{\"@type\":\"ListItem\",\"position\":1,\"name\":\"Accueil\",\"item\":\"https:\/\/empow-her.com\/es\/inicio\/\"},{\"@type\":\"ListItem\",\"position\":2,\"name\":\"LA BOUTIQUE\",\"item\":\"https:\/\/empow-her.com\/boutique\/\"},{\"@type\":\"ListItem\",\"position\":3,\"name\":\"Coaching &#8211; Approfondir mon id\u00e9e de projet\"}]},{\"@type\":\"WebSite\",\"@id\":\"https:\/\/empow-her.com\/#website\",\"url\":\"https:\/\/empow-her.com\/\",\"name\":\"Empow&#039;Her\",\"description\":\"Women Development\",\"potentialAction\":[{\"@type\":\"SearchAction\",\"target\":{\"@type\":\"EntryPoint\",\"urlTemplate\":\"https:\/\/empow-her.com\/?s={search_term_string}\"},\"query-input\":{\"@type\":\"PropertyValueSpecification\",\"valueRequired\":true,\"valueName\":\"search_term_string\"}}],\"inLanguage\":\"es\"}]}<\/script>\n<!-- \/ Yoast SEO plugin. -->","yoast_head_json":{"title":"Coaching - Approfondir mon id\u00e9e de projet - Empow&#039;Her","robots":{"index":"index","follow":"follow","max-snippet":"max-snippet:-1","max-image-preview":"max-image-preview:large","max-video-preview":"max-video-preview:-1"},"canonical":"https:\/\/empow-her.com\/es\/produit\/coaching-approfondir-mon-idee-de-projet-25-mars\/","og_locale":"es_ES","og_type":"article","og_title":"Coaching - Approfondir mon id\u00e9e de projet - Empow&#039;Her","og_description":"Description \u00e0 venir    &nbsp;  Intervenant.e.s :\u00a0 Constance Barde   Pr\u00e9sentation :  Constance est experte en communication engag\u00e9e.  Pendant 20 ans, elle a accompagn\u00e9 de grandes marques (Evian, Orange, BNP Paribas, Lu, FDJ...) au sein de l'agence de publicit\u00e9 BETC.  Depuis 5 ans, comme consultante ind\u00e9pendante et coach, elle est aux c\u00f4t\u00e9s des startups et des femmes entrepreneures pour les aider \u00e0 exister aux yeux du monde, en se donnant notamment une utilit\u00e9 sociale.  Et depuis peu, elle se lance en parall\u00e8le dans l'entreprenariat en cr\u00e9ant \"nouvel air\", un studio de communication d\u00e9di\u00e9 \u00e0 l'engagement soci\u00e9tal et environnemental.  Ses domaines d'expertise : identification de la mission, formulation des messages clefs, recherche de codes de communication, recherche de produits et services, activation des leviers on et off line (digital, media...).   Son super pouvoir :  Donner des racines et des ailes !   Son petit mot :  L'audace paye toujours !      &nbsp;  &nbsp;  Session de coaching en\u00a0 ligne  Dur\u00e9e : Un cr\u00e9neau de 1h en individuel  &nbsp;  Ce projet est co-financ\u00e9 par le Fonds Social Europ\u00e9en.","og_url":"https:\/\/empow-her.com\/es\/produit\/coaching-approfondir-mon-idee-de-projet-25-mars\/","og_site_name":"Empow&#039;Her","article_modified_time":"2022-02-23T17:02:10+00:00","og_image":[{"width":1080,"height":1080,"url":"https:\/\/empow-her.com\/wp-content\/uploads\/2022\/02\/TEMPLATES-EVENTS-WOMEN-DARE-99.png","type":"image\/png"}],"twitter_card":"summary_large_image","schema":{"@context":"https:\/\/schema.org","@graph":[{"@type":"WebPage","@id":"https:\/\/empow-her.com\/es\/produit\/coaching-approfondir-mon-idee-de-projet-25-mars\/","url":"https:\/\/empow-her.com\/es\/produit\/coaching-approfondir-mon-idee-de-projet-25-mars\/","name":"Coaching - Approfondir mon id\u00e9e de projet - Empow&#039;Her","isPartOf":{"@id":"https:\/\/empow-her.com\/#website"},"primaryImageOfPage":{"@id":"https:\/\/empow-her.com\/es\/produit\/coaching-approfondir-mon-idee-de-projet-25-mars\/#primaryimage"},"image":{"@id":"https:\/\/empow-her.com\/es\/produit\/coaching-approfondir-mon-idee-de-projet-25-mars\/#primaryimage"},"thumbnailUrl":"https:\/\/empow-her.com\/wp-content\/uploads\/2022\/02\/TEMPLATES-EVENTS-WOMEN-DARE-99.png","datePublished":"2022-02-18T11:28:17+00:00","dateModified":"2022-02-23T17:02:10+00:00","breadcrumb":{"@id":"https:\/\/empow-her.com\/es\/produit\/coaching-approfondir-mon-idee-de-projet-25-mars\/#breadcrumb"},"inLanguage":"es","potentialAction":[{"@type":"ReadAction","target":["https:\/\/empow-her.com\/es\/produit\/coaching-approfondir-mon-idee-de-projet-25-mars\/"]}]},{"@type":"ImageObject","inLanguage":"es","@id":"https:\/\/empow-her.com\/es\/produit\/coaching-approfondir-mon-idee-de-projet-25-mars\/#primaryimage","url":"https:\/\/empow-her.com\/wp-content\/uploads\/2022\/02\/TEMPLATES-EVENTS-WOMEN-DARE-99.png","contentUrl":"https:\/\/empow-her.com\/wp-content\/uploads\/2022\/02\/TEMPLATES-EVENTS-WOMEN-DARE-99.png","width":1080,"height":1080},{"@type":"BreadcrumbList","@id":"https:\/\/empow-her.com\/es\/produit\/coaching-approfondir-mon-idee-de-projet-25-mars\/#breadcrumb","itemListElement":[{"@type":"ListItem","position":1,"name":"Accueil","item":"https:\/\/empow-her.com\/es\/inicio\/"},{"@type":"ListItem","position":2,"name":"LA BOUTIQUE","item":"https:\/\/empow-her.com\/boutique\/"},{"@type":"ListItem","position":3,"name":"Coaching &#8211; Approfondir mon id\u00e9e de projet"}]},{"@type":"WebSite","@id":"https:\/\/empow-her.com\/#website","url":"https:\/\/empow-her.com\/","name":"Empow&#039;Her","description":"Women Development","potentialAction":[{"@type":"SearchAction","target":{"@type":"EntryPoint","urlTemplate":"https:\/\/empow-her.com\/?s={search_term_string}"},"query-input":{"@type":"PropertyValueSpecification","valueRequired":true,"valueName":"search_term_string"}}],"inLanguage":"es"}]}},"_links":{"self":[{"href":"https:\/\/empow-her.com\/es\/wp-json\/wp\/v2\/product\/115562","targetHints":{"allow":["GET"]}}],"collection":[{"href":"https:\/\/empow-her.com\/es\/wp-json\/wp\/v2\/product"}],"about":[{"href":"https:\/\/empow-her.com\/es\/wp-json\/wp\/v2\/types\/product"}],"wp:featuredmedia":[{"embeddable":true,"href":"https:\/\/empow-her.com\/es\/wp-json\/wp\/v2\/media\/115753"}],"wp:attachment":[{"href":"https:\/\/empow-her.com\/es\/wp-json\/wp\/v2\/media?parent=115562"}],"wp:term":[{"taxonomy":"product_brand","embeddable":true,"href":"https:\/\/empow-her.com\/es\/wp-json\/wp\/v2\/product_brand?post=115562"},{"taxonomy":"product_cat","embeddable":true,"href":"https:\/\/empow-her.com\/es\/wp-json\/wp\/v2\/product_cat?post=115562"},{"taxonomy":"product_tag","embeddable":true,"href":"https:\/\/empow-her.com\/es\/wp-json\/wp\/v2\/product_tag?post=115562"},{"taxonomy":"lieu","embeddable":true,"href":"https:\/\/empow-her.com\/es\/wp-json\/wp\/v2\/lieu?post=115562"},{"taxonomy":"thematiques","embeddable":true,"href":"https:\/\/empow-her.com\/es\/wp-json\/wp\/v2\/thematiques?post=115562"}],"curies":[{"name":"wp","href":"https:\/\/api.w.org\/{rel}","templated":true}]}}