{"id":115455,"date":"2022-02-16T12:10:57","date_gmt":"2022-02-16T11:10:57","guid":{"rendered":"https:\/\/empow-her.com\/?post_type=product&#038;p=115455"},"modified":"2022-09-28T11:46:35","modified_gmt":"2022-09-28T09:46:35","slug":"special-event-changer-2050-sisther","status":"publish","type":"product","link":"https:\/\/empow-her.com\/es\/produit\/special-event-changer-2050-sisther\/","title":{"rendered":"Special event &#8211; Le Match du si\u00e8cle"},"content":{"rendered":"<p><strong>#SPECIAL EVENT<\/strong><\/p>\n<p>&#x1f6a6;Changeons 2050<\/p>\n<p>Parce que le futur se joue ensemble, rejoins-nous chez Sist\u2019Her le mardi 15 mars !<\/p>\n<p>Tu aimerais bien &#8230; mais face aux urgences du si\u00e8cle, tu te sens mis sur le banc de touche ? Tu te demandes comment agir \u00e0 ton \u00e9chelle, pour construire le monde de demain, plus juste et plus durable ?<\/p>\n<p>Sist\u2019Her te propose de relever ce d\u00e9fi en participant au Match du si\u00e8cle, le nouvel atelier imagin\u00e9 par Ticket for Change.<\/p>\n<p>Pas de panique, il ne s\u2019agit ni de foot ni de compet&#8217; mais d\u2019une rencontre d\u00e9cisive avec tes r\u00eaves les plus audacieux et tes talents d\u2019acteur du changement.<\/p>\n<p>Le Match du si\u00e8cle c\u2019est :<br \/>\n&#x1f30e; un atelier immersif en 2050<br \/>\n&#x1f340; 2h30 pour lib\u00e9rer ton imaginaire pour le monde de demain<br \/>\n&#x1f4aa; des exercices collectifs pour d\u00e9couvrir tes talents et tes aspirations professionnelles<br \/>\n&#x1f929; des id\u00e9es d\u2019actions concr\u00e8tes \u00e0 faire d\u00e8s la 3e mi-temps<\/p>\n<p>\u00ab Comment pourrions-nous esp\u00e9rer b\u00e2tir un monde diff\u00e9rent si nous ne sommes pas d\u2019abord capables de l\u2019imaginer ? \u00bb Cyril Dion<\/p>\n<p>Rejoins une communaut\u00e9 de milliers d\u2019acteurs du changement positifs et participe au Match du si\u00e8cle, anim\u00e9 par deux intervenant.es de Ticket For Change.<\/p>\n<p>Ticket for Change est une \u00c9cole nouvelle g\u00e9n\u00e9ration pour acteurs de changement qui accompagne celles et ceux qui souhaitent avoir un impact positif sur la soci\u00e9t\u00e9 par leur travail, mais ne savent pas comment.<\/p>\n<p>Ils accompagnent \u00e0 la fois :<br \/>\n&#x1f449; Des entrepreneurs qui cr\u00e9ent des projets \u00e0 vocation sociale et environnementale,<br \/>\n&#x1f449; Des salari\u00e9s qui veulent contribuer \u00e0 transformer leur organisation vers plus d\u2019impact,<br \/>\n&#x1f449; Des personnes en reconversion qui veulent trouver un job qui a plus de sens pour eux.<\/p>\n<p>(smiley lieu) 82 Rue du Faubourg Saint-Martin, 75010 Paris.<\/p>\n<p>&#x1f516; R\u00e9servation gratuite obligatoire :<\/p>\n<p>&#x1f637; Mesures sanitaires<br \/>\n&#x1f4f1; PASS SANITAIRE obligatoire<br \/>\n&#x1f4cd; Vous pouvez r\u00e9aliser un test antig\u00e9nique \u00e0 la pharmacie Boutin<br \/>\nau 90 rue du faubourg Saint-Martin \u00e0 proximit\u00e9.<\/p>\n","protected":false},"excerpt":{"rendered":"<p><strong>#SPECIAL EVENT<\/strong><\/p>\n<p>&#x1f6a6;Changeons 2050<\/p>\n<p>Parce que le futur se joue ensemble, rejoins-nous chez Sist\u2019Her le mardi 15 mars !<\/p>\n<p>Tu aimerais bien &#8230; mais face aux urgences du si\u00e8cle, tu te sens mis sur le banc de touche ? Tu te demandes comment agir \u00e0 ton \u00e9chelle, pour construire le monde de demain, plus juste et plus durable ?<\/p>\n<p>Sist\u2019Her te propose de relever ce d\u00e9fi en participant au Match du si\u00e8cle, le nouvel atelier imagin\u00e9 par Ticket for Change.<\/p>\n<p>Pas de panique, il ne s\u2019agit ni de foot ni de compet&#8217; mais d\u2019une rencontre d\u00e9cisive avec tes r\u00eaves les plus audacieux et tes talents d\u2019acteur du changement.<\/p>\n<p>Le Match du si\u00e8cle c\u2019est :<br \/>\n&#x1f30e; un atelier immersif en 2050<br \/>\n&#x1f340; 2h30 pour lib\u00e9rer ton imaginaire pour le monde de demain<br \/>\n&#x1f4aa; des exercices collectifs pour d\u00e9couvrir tes talents et tes aspirations professionnelles<br \/>\n&#x1f929; des id\u00e9es d\u2019actions concr\u00e8tes \u00e0 faire d\u00e8s la 3e mi-temps<\/p>\n<p>\u00ab Comment pourrions-nous esp\u00e9rer b\u00e2tir un monde diff\u00e9rent si nous ne sommes pas d\u2019abord capables de l\u2019imaginer ? \u00bb Cyril Dion<\/p>\n<p>Rejoins une communaut\u00e9 de milliers d\u2019acteurs du changement positifs et participe au Match du si\u00e8cle, anim\u00e9 par deux intervenant.es de Ticket For Change.<\/p>\n<p>Ticket for Change est une \u00c9cole nouvelle g\u00e9n\u00e9ration pour acteurs de changement qui accompagne celles et ceux qui souhaitent avoir un impact positif sur la soci\u00e9t\u00e9 par leur travail, mais ne savent pas comment.<\/p>\n<p>Ils accompagnent \u00e0 la fois :<br \/>\n&#x1f449; Des entrepreneurs qui cr\u00e9ent des projets \u00e0 vocation sociale et environnementale,<br \/>\n&#x1f449; Des salari\u00e9s qui veulent contribuer \u00e0 transformer leur organisation vers plus d\u2019impact,<br \/>\n&#x1f449; Des personnes en reconversion qui veulent trouver un job qui a plus de sens pour eux.<\/p>\n<p>(smiley lieu) 82 Rue du Faubourg Saint-Martin, 75010 Paris.<\/p>\n<p>&#x1f516; R\u00e9servation gratuite obligatoire :<\/p>\n<p>&#x1f637; Mesures sanitaires<br \/>\n&#x1f4f1; PASS SANITAIRE obligatoire<br \/>\n&#x1f4cd; Vous pouvez r\u00e9aliser un test antig\u00e9nique \u00e0 la pharmacie Boutin<br \/>\nau 90 rue du faubourg Saint-Martin \u00e0 proximit\u00e9.<\/p>\n","protected":false},"featured_media":115513,"template":"","format":"standard","meta":{"_acf_changed":false,"om_disable_all_campaigns":false,"_uf_show_specific_survey":0,"_uf_disable_surveys":false},"product_brand":[],"product_cat":[119],"product_tag":[],"lieu":[127],"thematiques":[],"class_list":{"0":"post-115455","1":"product","2":"type-product","3":"status-publish","4":"format-standard","5":"has-post-thumbnail","7":"product_cat-evenement-sisther","8":"lieu-hub-empowher","10":"first","11":"instock","12":"virtual","13":"purchasable","14":"product-type-appointment"},"exclude_global_add_ons":[],"addons":[],"acf":[],"yoast_head":"<!-- This site is optimized with the Yoast SEO plugin v24.8 - https:\/\/yoast.com\/wordpress\/plugins\/seo\/ -->\n<title>Special event - Le Match du si\u00e8cle - Empow&#039;Her<\/title>\n<meta name=\"description\" content=\"Sist\u2019Her te propose de relever un d\u00e9fi en participant au Match du si\u00e8cle, le nouvel atelier imagin\u00e9 par Ticket for Change, pour changer 2050.\" \/>\n<meta name=\"robots\" content=\"index, follow, max-snippet:-1, max-image-preview:large, max-video-preview:-1\" \/>\n<link rel=\"canonical\" href=\"https:\/\/empow-her.com\/produit\/special-event-changer-2050-sisther\/\" \/>\n<meta property=\"og:locale\" content=\"es_ES\" \/>\n<meta property=\"og:type\" content=\"article\" \/>\n<meta property=\"og:title\" content=\"Special event - Le Match du si\u00e8cle - Empow&#039;Her\" \/>\n<meta property=\"og:description\" content=\"Sist\u2019Her te propose de relever un d\u00e9fi en participant au Match du si\u00e8cle, le nouvel atelier imagin\u00e9 par Ticket for Change, pour changer 2050.\" \/>\n<meta property=\"og:url\" content=\"https:\/\/empow-her.com\/produit\/special-event-changer-2050-sisther\/\" \/>\n<meta property=\"og:site_name\" content=\"Empow&#039;Her\" \/>\n<meta property=\"article:modified_time\" content=\"2022-09-28T09:46:35+00:00\" \/>\n<meta property=\"og:image\" content=\"https:\/\/empow-her.com\/wp-content\/uploads\/2022\/02\/TEMPLATES-EVENTS-WOMEN-DARE-2-1.png\" \/>\n\t<meta property=\"og:image:width\" content=\"1080\" \/>\n\t<meta property=\"og:image:height\" content=\"1080\" \/>\n\t<meta property=\"og:image:type\" content=\"image\/png\" \/>\n<meta name=\"twitter:card\" content=\"summary_large_image\" \/>\n<meta name=\"twitter:label1\" content=\"Tiempo de lectura\" \/>\n\t<meta name=\"twitter:data1\" content=\"2 minutos\" \/>\n<script type=\"application\/ld+json\" class=\"yoast-schema-graph\">{\"@context\":\"https:\/\/schema.org\",\"@graph\":[{\"@type\":\"WebPage\",\"@id\":\"https:\/\/empow-her.com\/produit\/special-event-changer-2050-sisther\/\",\"url\":\"https:\/\/empow-her.com\/produit\/special-event-changer-2050-sisther\/\",\"name\":\"Special event - Le Match du si\u00e8cle - Empow&#039;Her\",\"isPartOf\":{\"@id\":\"https:\/\/empow-her.com\/#website\"},\"primaryImageOfPage\":{\"@id\":\"https:\/\/empow-her.com\/produit\/special-event-changer-2050-sisther\/#primaryimage\"},\"image\":{\"@id\":\"https:\/\/empow-her.com\/produit\/special-event-changer-2050-sisther\/#primaryimage\"},\"thumbnailUrl\":\"https:\/\/empow-her.com\/wp-content\/uploads\/2022\/02\/TEMPLATES-EVENTS-WOMEN-DARE-2-1.png\",\"datePublished\":\"2022-02-16T11:10:57+00:00\",\"dateModified\":\"2022-09-28T09:46:35+00:00\",\"description\":\"Sist\u2019Her te propose de relever un d\u00e9fi en participant au Match du si\u00e8cle, le nouvel atelier imagin\u00e9 par Ticket for Change, pour changer 2050.\",\"breadcrumb\":{\"@id\":\"https:\/\/empow-her.com\/produit\/special-event-changer-2050-sisther\/#breadcrumb\"},\"inLanguage\":\"es\",\"potentialAction\":[{\"@type\":\"ReadAction\",\"target\":[\"https:\/\/empow-her.com\/produit\/special-event-changer-2050-sisther\/\"]}]},{\"@type\":\"ImageObject\",\"inLanguage\":\"es\",\"@id\":\"https:\/\/empow-her.com\/produit\/special-event-changer-2050-sisther\/#primaryimage\",\"url\":\"https:\/\/empow-her.com\/wp-content\/uploads\/2022\/02\/TEMPLATES-EVENTS-WOMEN-DARE-2-1.png\",\"contentUrl\":\"https:\/\/empow-her.com\/wp-content\/uploads\/2022\/02\/TEMPLATES-EVENTS-WOMEN-DARE-2-1.png\",\"width\":1080,\"height\":1080},{\"@type\":\"BreadcrumbList\",\"@id\":\"https:\/\/empow-her.com\/produit\/special-event-changer-2050-sisther\/#breadcrumb\",\"itemListElement\":[{\"@type\":\"ListItem\",\"position\":1,\"name\":\"Accueil\",\"item\":\"https:\/\/empow-her.com\/es\/inicio\/\"},{\"@type\":\"ListItem\",\"position\":2,\"name\":\"LA BOUTIQUE\",\"item\":\"https:\/\/empow-her.com\/boutique\/\"},{\"@type\":\"ListItem\",\"position\":3,\"name\":\"Special event &#8211; Le Match du si\u00e8cle\"}]},{\"@type\":\"WebSite\",\"@id\":\"https:\/\/empow-her.com\/#website\",\"url\":\"https:\/\/empow-her.com\/\",\"name\":\"Empow&#039;Her\",\"description\":\"Women Development\",\"potentialAction\":[{\"@type\":\"SearchAction\",\"target\":{\"@type\":\"EntryPoint\",\"urlTemplate\":\"https:\/\/empow-her.com\/?s={search_term_string}\"},\"query-input\":{\"@type\":\"PropertyValueSpecification\",\"valueRequired\":true,\"valueName\":\"search_term_string\"}}],\"inLanguage\":\"es\"}]}<\/script>\n<!-- \/ Yoast SEO plugin. -->","yoast_head_json":{"title":"Special event - Le Match du si\u00e8cle - Empow&#039;Her","description":"Sist\u2019Her te propose de relever un d\u00e9fi en participant au Match du si\u00e8cle, le nouvel atelier imagin\u00e9 par Ticket for Change, pour changer 2050.","robots":{"index":"index","follow":"follow","max-snippet":"max-snippet:-1","max-image-preview":"max-image-preview:large","max-video-preview":"max-video-preview:-1"},"canonical":"https:\/\/empow-her.com\/produit\/special-event-changer-2050-sisther\/","og_locale":"es_ES","og_type":"article","og_title":"Special event - Le Match du si\u00e8cle - Empow&#039;Her","og_description":"Sist\u2019Her te propose de relever un d\u00e9fi en participant au Match du si\u00e8cle, le nouvel atelier imagin\u00e9 par Ticket for Change, pour changer 2050.","og_url":"https:\/\/empow-her.com\/produit\/special-event-changer-2050-sisther\/","og_site_name":"Empow&#039;Her","article_modified_time":"2022-09-28T09:46:35+00:00","og_image":[{"width":1080,"height":1080,"url":"https:\/\/empow-her.com\/wp-content\/uploads\/2022\/02\/TEMPLATES-EVENTS-WOMEN-DARE-2-1.png","type":"image\/png"}],"twitter_card":"summary_large_image","twitter_misc":{"Tiempo de lectura":"2 minutos"},"schema":{"@context":"https:\/\/schema.org","@graph":[{"@type":"WebPage","@id":"https:\/\/empow-her.com\/produit\/special-event-changer-2050-sisther\/","url":"https:\/\/empow-her.com\/produit\/special-event-changer-2050-sisther\/","name":"Special event - Le Match du si\u00e8cle - Empow&#039;Her","isPartOf":{"@id":"https:\/\/empow-her.com\/#website"},"primaryImageOfPage":{"@id":"https:\/\/empow-her.com\/produit\/special-event-changer-2050-sisther\/#primaryimage"},"image":{"@id":"https:\/\/empow-her.com\/produit\/special-event-changer-2050-sisther\/#primaryimage"},"thumbnailUrl":"https:\/\/empow-her.com\/wp-content\/uploads\/2022\/02\/TEMPLATES-EVENTS-WOMEN-DARE-2-1.png","datePublished":"2022-02-16T11:10:57+00:00","dateModified":"2022-09-28T09:46:35+00:00","description":"Sist\u2019Her te propose de relever un d\u00e9fi en participant au Match du si\u00e8cle, le nouvel atelier imagin\u00e9 par Ticket for Change, pour changer 2050.","breadcrumb":{"@id":"https:\/\/empow-her.com\/produit\/special-event-changer-2050-sisther\/#breadcrumb"},"inLanguage":"es","potentialAction":[{"@type":"ReadAction","target":["https:\/\/empow-her.com\/produit\/special-event-changer-2050-sisther\/"]}]},{"@type":"ImageObject","inLanguage":"es","@id":"https:\/\/empow-her.com\/produit\/special-event-changer-2050-sisther\/#primaryimage","url":"https:\/\/empow-her.com\/wp-content\/uploads\/2022\/02\/TEMPLATES-EVENTS-WOMEN-DARE-2-1.png","contentUrl":"https:\/\/empow-her.com\/wp-content\/uploads\/2022\/02\/TEMPLATES-EVENTS-WOMEN-DARE-2-1.png","width":1080,"height":1080},{"@type":"BreadcrumbList","@id":"https:\/\/empow-her.com\/produit\/special-event-changer-2050-sisther\/#breadcrumb","itemListElement":[{"@type":"ListItem","position":1,"name":"Accueil","item":"https:\/\/empow-her.com\/es\/inicio\/"},{"@type":"ListItem","position":2,"name":"LA BOUTIQUE","item":"https:\/\/empow-her.com\/boutique\/"},{"@type":"ListItem","position":3,"name":"Special event &#8211; Le Match du si\u00e8cle"}]},{"@type":"WebSite","@id":"https:\/\/empow-her.com\/#website","url":"https:\/\/empow-her.com\/","name":"Empow&#039;Her","description":"Women Development","potentialAction":[{"@type":"SearchAction","target":{"@type":"EntryPoint","urlTemplate":"https:\/\/empow-her.com\/?s={search_term_string}"},"query-input":{"@type":"PropertyValueSpecification","valueRequired":true,"valueName":"search_term_string"}}],"inLanguage":"es"}]}},"_links":{"self":[{"href":"https:\/\/empow-her.com\/es\/wp-json\/wp\/v2\/product\/115455","targetHints":{"allow":["GET"]}}],"collection":[{"href":"https:\/\/empow-her.com\/es\/wp-json\/wp\/v2\/product"}],"about":[{"href":"https:\/\/empow-her.com\/es\/wp-json\/wp\/v2\/types\/product"}],"wp:featuredmedia":[{"embeddable":true,"href":"https:\/\/empow-her.com\/es\/wp-json\/wp\/v2\/media\/115513"}],"wp:attachment":[{"href":"https:\/\/empow-her.com\/es\/wp-json\/wp\/v2\/media?parent=115455"}],"wp:term":[{"taxonomy":"product_brand","embeddable":true,"href":"https:\/\/empow-her.com\/es\/wp-json\/wp\/v2\/product_brand?post=115455"},{"taxonomy":"product_cat","embeddable":true,"href":"https:\/\/empow-her.com\/es\/wp-json\/wp\/v2\/product_cat?post=115455"},{"taxonomy":"product_tag","embeddable":true,"href":"https:\/\/empow-her.com\/es\/wp-json\/wp\/v2\/product_tag?post=115455"},{"taxonomy":"lieu","embeddable":true,"href":"https:\/\/empow-her.com\/es\/wp-json\/wp\/v2\/lieu?post=115455"},{"taxonomy":"thematiques","embeddable":true,"href":"https:\/\/empow-her.com\/es\/wp-json\/wp\/v2\/thematiques?post=115455"}],"curies":[{"name":"wp","href":"https:\/\/api.w.org\/{rel}","templated":true}]}}