{"id":115452,"date":"2022-02-16T11:43:44","date_gmt":"2022-02-16T10:43:44","guid":{"rendered":"https:\/\/empow-her.com\/?post_type=product&#038;p=115452"},"modified":"2022-02-18T12:30:50","modified_gmt":"2022-02-18T11:30:50","slug":"atelier-plan-d-action-commercial-outils-de-la-prospection-23-mars","status":"publish","type":"product","link":"https:\/\/empow-her.com\/es\/produit\/atelier-plan-d-action-commercial-outils-de-la-prospection-23-mars\/","title":{"rendered":"Atelier &#8211; Plan d&#8217;action commercial &#038; outils de la prospection"},"content":{"rendered":"","protected":false},"excerpt":{"rendered":"<p>Vous avez d\u00e9fini votre proposition de valeur, et identifi\u00e9 vos premiers concurrents ? Cet atelier est fait pour vous ! <\/p>\n<p>Lors de cet atelier collectif, d\u00e9couvrez comment \u00e9tablir un plan d&#8217;action commerciale adapt\u00e9 \u00e0 votre cible en travaillant sur deux questions : Comment r\u00e9aliser mes propositions de valeurs ? Par quels services et produits concrets ?<br \/>\nPar quel canaux \u00e9changer avec mes clients ou partenaires ? Avec quels outils de prospection ? <\/p>\n<p>L&#8217;objectif : d\u00e9terminer la valeur apport\u00e9e \u00e0 votre client tout en d\u00e9mystifiant la posture commerciale et en vous initiant aux m\u00e9thodes de fixation des prix !<\/p>\n<p><strong>Intervenant.e.s : <\/strong><br \/>\nIsabelle Vissuzaine<\/p>\n<p><strong>Pr\u00e9sentation : <\/strong><br \/>\nIsabelle a une double casquette digitale et commerciale gr\u00e2ce \u00e0 un pass\u00e9 d&#8217;entrepreneure dans les logiciels de gestion et de direction commerciale dans diff\u00e9rentes structures. Aujourd&#8217;hui, elle fait du conseil en innovation et transformation digitale aupr\u00e8s des entreprises, elle intervient en formation et coaching, notamment dans plusieurs incubateurs sur la strat\u00e9gie et le d\u00e9veloppement commercial. Elle a aussi co-fond\u00e9 une startup d\u00e9di\u00e9e aux mamans solos, Mama Bears.<br \/>\nIsabelle est ing\u00e9nieure de formation et dipl\u00f4m\u00e9e d&#8217;un E-master en innovation et entrepreneuriat.<\/p>\n<p><strong>Son super pouvoir : <\/strong><br \/>\nStrat\u00e9gie et d\u00e9veloppement commercial : Isabelle vous donne des m\u00e9thodes et outils pour aller \u00e0 la conqu\u00eate de vos futurs clients ! <\/p>\n<p><strong>Son petit mot : <\/strong><br \/>\nOsez, apprenez, agissez !<\/p>\n<div><\/div>\n<div><b>Lieu : <\/b>Sist&#8217;Her Paris, 82 rue du Faubourg Saint-Martin<\/div>\n<div><\/div>\n<div><\/div>\n<div><\/div>\n<p>Ce projet est co-financ\u00e9 par le Fonds Social Europ\u00e9en.<\/p>\n<p><img decoding=\"async\" class=\"\" src=\"https:\/\/www.sep-asso.fr\/wp-content\/uploads\/2018\/02\/logo-union-europeenne.png\" alt=\"logo union europeenne \u2013 SEP\" width=\"87\" height=\"72\" \/>\u00a0\u00a0<img decoding=\"async\" class=\"alignnone wp-image-15218\" src=\"https:\/\/empow-her.com\/wp-content\/uploads\/2021\/06\/logo_fonds_social_europeen-300x187.png\" alt=\"\" width=\"104\" height=\"65\" srcset=\"https:\/\/empow-her.com\/wp-content\/uploads\/2021\/06\/logo_fonds_social_europeen-300x187.png 300w, https:\/\/empow-her.com\/wp-content\/uploads\/2021\/06\/logo_fonds_social_europeen-600x375.png 600w, https:\/\/empow-her.com\/wp-content\/uploads\/2021\/06\/logo_fonds_social_europeen-24x15.png 24w, https:\/\/empow-her.com\/wp-content\/uploads\/2021\/06\/logo_fonds_social_europeen-36x22.png 36w, https:\/\/empow-her.com\/wp-content\/uploads\/2021\/06\/logo_fonds_social_europeen-48x30.png 48w, https:\/\/empow-her.com\/wp-content\/uploads\/2021\/06\/logo_fonds_social_europeen.png 666w\" sizes=\"(max-width: 104px) 100vw, 104px\" \/>\u00a0<img decoding=\"async\" class=\"\" src=\"https:\/\/franceactive-idf.org\/wp-content\/uploads\/2020\/02\/logo-region-ile-de-france.png\" alt=\"Logo Region Ile De France - France Active \u00cele-de-France\" width=\"126\" height=\"29\" \/><\/p>\n","protected":false},"featured_media":115453,"template":"","format":"standard","meta":{"_acf_changed":false,"om_disable_all_campaigns":false,"_uf_show_specific_survey":0,"_uf_disable_surveys":false},"product_brand":[],"product_cat":[118],"product_tag":[],"lieu":[127],"thematiques":[],"class_list":{"0":"post-115452","1":"product","2":"type-product","3":"status-publish","4":"format-standard","5":"has-post-thumbnail","7":"product_cat-atelier-collectif","8":"lieu-hub-empowher","10":"first","11":"instock","12":"virtual","13":"purchasable","14":"product-type-appointment"},"exclude_global_add_ons":[],"addons":[],"acf":[],"yoast_head":"<!-- This site is optimized with the Yoast SEO plugin v24.8 - https:\/\/yoast.com\/wordpress\/plugins\/seo\/ -->\n<title>Atelier - Plan d&#039;action commercial &amp; outils de la prospection - Empow&#039;Her<\/title>\n<meta name=\"robots\" content=\"index, follow, max-snippet:-1, max-image-preview:large, max-video-preview:-1\" \/>\n<link rel=\"canonical\" href=\"https:\/\/empow-her.com\/produit\/atelier-plan-d-action-commercial-outils-de-la-prospection-23-mars\/\" \/>\n<meta property=\"og:locale\" content=\"es_ES\" \/>\n<meta property=\"og:type\" content=\"article\" \/>\n<meta property=\"og:title\" content=\"Atelier - Plan d&#039;action commercial &amp; outils de la prospection - Empow&#039;Her\" \/>\n<meta property=\"og:description\" content=\"Vous avez d\u00e9fini votre proposition de valeur, et identifi\u00e9 vos premiers concurrents ? Cet atelier est fait pour vous !   Lors de cet atelier collectif, d\u00e9couvrez comment \u00e9tablir un plan d&#039;action commerciale adapt\u00e9 \u00e0 votre cible en travaillant sur deux questions : Comment r\u00e9aliser mes propositions de valeurs ? Par quels services et produits concrets ?  Par quel canaux \u00e9changer avec mes clients ou partenaires ? Avec quels outils de prospection ?   L&#039;objectif : d\u00e9terminer la valeur apport\u00e9e \u00e0 votre client tout en d\u00e9mystifiant la posture commerciale et en vous initiant aux m\u00e9thodes de fixation des prix !  Intervenant.e.s :  Isabelle Vissuzaine   Pr\u00e9sentation :  Isabelle a une double casquette digitale et commerciale gr\u00e2ce \u00e0 un pass\u00e9 d&#039;entrepreneure dans les logiciels de gestion et de direction commerciale dans diff\u00e9rentes structures. Aujourd&#039;hui, elle fait du conseil en innovation et transformation digitale aupr\u00e8s des entreprises, elle intervient en formation et coaching, notamment dans plusieurs incubateurs sur la strat\u00e9gie et le d\u00e9veloppement commercial. Elle a aussi co-fond\u00e9 une startup d\u00e9di\u00e9e aux mamans solos, Mama Bears. Isabelle est ing\u00e9nieure de formation et dipl\u00f4m\u00e9e d&#039;un E-master en innovation et entrepreneuriat.   Son super pouvoir :  Strat\u00e9gie et d\u00e9veloppement commercial : Isabelle vous donne des m\u00e9thodes et outils pour aller \u00e0 la conqu\u00eate de vos futurs clients !   Son petit mot :  Osez, apprenez, agissez !       Lieu : Sist&#039;Her Paris, 82 rue du Faubourg Saint-Martin    Ce projet est co-financ\u00e9 par le Fonds Social Europ\u00e9en.  \u00a0\u00a0\u00a0\" \/>\n<meta property=\"og:url\" content=\"https:\/\/empow-her.com\/produit\/atelier-plan-d-action-commercial-outils-de-la-prospection-23-mars\/\" \/>\n<meta property=\"og:site_name\" content=\"Empow&#039;Her\" \/>\n<meta property=\"article:modified_time\" content=\"2022-02-18T11:30:50+00:00\" \/>\n<meta property=\"og:image\" content=\"https:\/\/empow-her.com\/wp-content\/uploads\/2022\/02\/TEMPLATES-EVENTS-WOMEN-DARE-71.png\" \/>\n\t<meta property=\"og:image:width\" content=\"1080\" \/>\n\t<meta property=\"og:image:height\" content=\"1080\" \/>\n\t<meta property=\"og:image:type\" content=\"image\/png\" \/>\n<meta name=\"twitter:card\" content=\"summary_large_image\" \/>\n<script type=\"application\/ld+json\" class=\"yoast-schema-graph\">{\"@context\":\"https:\/\/schema.org\",\"@graph\":[{\"@type\":\"WebPage\",\"@id\":\"https:\/\/empow-her.com\/produit\/atelier-plan-d-action-commercial-outils-de-la-prospection-23-mars\/\",\"url\":\"https:\/\/empow-her.com\/produit\/atelier-plan-d-action-commercial-outils-de-la-prospection-23-mars\/\",\"name\":\"Atelier - Plan d'action commercial & outils de la prospection - Empow&#039;Her\",\"isPartOf\":{\"@id\":\"https:\/\/empow-her.com\/#website\"},\"primaryImageOfPage\":{\"@id\":\"https:\/\/empow-her.com\/produit\/atelier-plan-d-action-commercial-outils-de-la-prospection-23-mars\/#primaryimage\"},\"image\":{\"@id\":\"https:\/\/empow-her.com\/produit\/atelier-plan-d-action-commercial-outils-de-la-prospection-23-mars\/#primaryimage\"},\"thumbnailUrl\":\"https:\/\/empow-her.com\/wp-content\/uploads\/2022\/02\/TEMPLATES-EVENTS-WOMEN-DARE-71.png\",\"datePublished\":\"2022-02-16T10:43:44+00:00\",\"dateModified\":\"2022-02-18T11:30:50+00:00\",\"breadcrumb\":{\"@id\":\"https:\/\/empow-her.com\/produit\/atelier-plan-d-action-commercial-outils-de-la-prospection-23-mars\/#breadcrumb\"},\"inLanguage\":\"es\",\"potentialAction\":[{\"@type\":\"ReadAction\",\"target\":[\"https:\/\/empow-her.com\/produit\/atelier-plan-d-action-commercial-outils-de-la-prospection-23-mars\/\"]}]},{\"@type\":\"ImageObject\",\"inLanguage\":\"es\",\"@id\":\"https:\/\/empow-her.com\/produit\/atelier-plan-d-action-commercial-outils-de-la-prospection-23-mars\/#primaryimage\",\"url\":\"https:\/\/empow-her.com\/wp-content\/uploads\/2022\/02\/TEMPLATES-EVENTS-WOMEN-DARE-71.png\",\"contentUrl\":\"https:\/\/empow-her.com\/wp-content\/uploads\/2022\/02\/TEMPLATES-EVENTS-WOMEN-DARE-71.png\",\"width\":1080,\"height\":1080},{\"@type\":\"BreadcrumbList\",\"@id\":\"https:\/\/empow-her.com\/produit\/atelier-plan-d-action-commercial-outils-de-la-prospection-23-mars\/#breadcrumb\",\"itemListElement\":[{\"@type\":\"ListItem\",\"position\":1,\"name\":\"Accueil\",\"item\":\"https:\/\/empow-her.com\/es\/inicio\/\"},{\"@type\":\"ListItem\",\"position\":2,\"name\":\"LA BOUTIQUE\",\"item\":\"https:\/\/empow-her.com\/boutique\/\"},{\"@type\":\"ListItem\",\"position\":3,\"name\":\"Atelier &#8211; Plan d&#8217;action commercial &#038; outils de la prospection\"}]},{\"@type\":\"WebSite\",\"@id\":\"https:\/\/empow-her.com\/#website\",\"url\":\"https:\/\/empow-her.com\/\",\"name\":\"Empow&#039;Her\",\"description\":\"Women Development\",\"potentialAction\":[{\"@type\":\"SearchAction\",\"target\":{\"@type\":\"EntryPoint\",\"urlTemplate\":\"https:\/\/empow-her.com\/?s={search_term_string}\"},\"query-input\":{\"@type\":\"PropertyValueSpecification\",\"valueRequired\":true,\"valueName\":\"search_term_string\"}}],\"inLanguage\":\"es\"}]}<\/script>\n<!-- \/ Yoast SEO plugin. -->","yoast_head_json":{"title":"Atelier - Plan d'action commercial & outils de la prospection - Empow&#039;Her","robots":{"index":"index","follow":"follow","max-snippet":"max-snippet:-1","max-image-preview":"max-image-preview:large","max-video-preview":"max-video-preview:-1"},"canonical":"https:\/\/empow-her.com\/produit\/atelier-plan-d-action-commercial-outils-de-la-prospection-23-mars\/","og_locale":"es_ES","og_type":"article","og_title":"Atelier - Plan d'action commercial & outils de la prospection - Empow&#039;Her","og_description":"Vous avez d\u00e9fini votre proposition de valeur, et identifi\u00e9 vos premiers concurrents ? Cet atelier est fait pour vous !   Lors de cet atelier collectif, d\u00e9couvrez comment \u00e9tablir un plan d'action commerciale adapt\u00e9 \u00e0 votre cible en travaillant sur deux questions : Comment r\u00e9aliser mes propositions de valeurs ? Par quels services et produits concrets ?  Par quel canaux \u00e9changer avec mes clients ou partenaires ? Avec quels outils de prospection ?   L'objectif : d\u00e9terminer la valeur apport\u00e9e \u00e0 votre client tout en d\u00e9mystifiant la posture commerciale et en vous initiant aux m\u00e9thodes de fixation des prix !  Intervenant.e.s :  Isabelle Vissuzaine   Pr\u00e9sentation :  Isabelle a une double casquette digitale et commerciale gr\u00e2ce \u00e0 un pass\u00e9 d'entrepreneure dans les logiciels de gestion et de direction commerciale dans diff\u00e9rentes structures. Aujourd'hui, elle fait du conseil en innovation et transformation digitale aupr\u00e8s des entreprises, elle intervient en formation et coaching, notamment dans plusieurs incubateurs sur la strat\u00e9gie et le d\u00e9veloppement commercial. Elle a aussi co-fond\u00e9 une startup d\u00e9di\u00e9e aux mamans solos, Mama Bears. Isabelle est ing\u00e9nieure de formation et dipl\u00f4m\u00e9e d'un E-master en innovation et entrepreneuriat.   Son super pouvoir :  Strat\u00e9gie et d\u00e9veloppement commercial : Isabelle vous donne des m\u00e9thodes et outils pour aller \u00e0 la conqu\u00eate de vos futurs clients !   Son petit mot :  Osez, apprenez, agissez !       Lieu : Sist'Her Paris, 82 rue du Faubourg Saint-Martin    Ce projet est co-financ\u00e9 par le Fonds Social Europ\u00e9en.  \u00a0\u00a0\u00a0","og_url":"https:\/\/empow-her.com\/produit\/atelier-plan-d-action-commercial-outils-de-la-prospection-23-mars\/","og_site_name":"Empow&#039;Her","article_modified_time":"2022-02-18T11:30:50+00:00","og_image":[{"width":1080,"height":1080,"url":"https:\/\/empow-her.com\/wp-content\/uploads\/2022\/02\/TEMPLATES-EVENTS-WOMEN-DARE-71.png","type":"image\/png"}],"twitter_card":"summary_large_image","schema":{"@context":"https:\/\/schema.org","@graph":[{"@type":"WebPage","@id":"https:\/\/empow-her.com\/produit\/atelier-plan-d-action-commercial-outils-de-la-prospection-23-mars\/","url":"https:\/\/empow-her.com\/produit\/atelier-plan-d-action-commercial-outils-de-la-prospection-23-mars\/","name":"Atelier - Plan d'action commercial & outils de la prospection - Empow&#039;Her","isPartOf":{"@id":"https:\/\/empow-her.com\/#website"},"primaryImageOfPage":{"@id":"https:\/\/empow-her.com\/produit\/atelier-plan-d-action-commercial-outils-de-la-prospection-23-mars\/#primaryimage"},"image":{"@id":"https:\/\/empow-her.com\/produit\/atelier-plan-d-action-commercial-outils-de-la-prospection-23-mars\/#primaryimage"},"thumbnailUrl":"https:\/\/empow-her.com\/wp-content\/uploads\/2022\/02\/TEMPLATES-EVENTS-WOMEN-DARE-71.png","datePublished":"2022-02-16T10:43:44+00:00","dateModified":"2022-02-18T11:30:50+00:00","breadcrumb":{"@id":"https:\/\/empow-her.com\/produit\/atelier-plan-d-action-commercial-outils-de-la-prospection-23-mars\/#breadcrumb"},"inLanguage":"es","potentialAction":[{"@type":"ReadAction","target":["https:\/\/empow-her.com\/produit\/atelier-plan-d-action-commercial-outils-de-la-prospection-23-mars\/"]}]},{"@type":"ImageObject","inLanguage":"es","@id":"https:\/\/empow-her.com\/produit\/atelier-plan-d-action-commercial-outils-de-la-prospection-23-mars\/#primaryimage","url":"https:\/\/empow-her.com\/wp-content\/uploads\/2022\/02\/TEMPLATES-EVENTS-WOMEN-DARE-71.png","contentUrl":"https:\/\/empow-her.com\/wp-content\/uploads\/2022\/02\/TEMPLATES-EVENTS-WOMEN-DARE-71.png","width":1080,"height":1080},{"@type":"BreadcrumbList","@id":"https:\/\/empow-her.com\/produit\/atelier-plan-d-action-commercial-outils-de-la-prospection-23-mars\/#breadcrumb","itemListElement":[{"@type":"ListItem","position":1,"name":"Accueil","item":"https:\/\/empow-her.com\/es\/inicio\/"},{"@type":"ListItem","position":2,"name":"LA BOUTIQUE","item":"https:\/\/empow-her.com\/boutique\/"},{"@type":"ListItem","position":3,"name":"Atelier &#8211; Plan d&#8217;action commercial &#038; outils de la prospection"}]},{"@type":"WebSite","@id":"https:\/\/empow-her.com\/#website","url":"https:\/\/empow-her.com\/","name":"Empow&#039;Her","description":"Women Development","potentialAction":[{"@type":"SearchAction","target":{"@type":"EntryPoint","urlTemplate":"https:\/\/empow-her.com\/?s={search_term_string}"},"query-input":{"@type":"PropertyValueSpecification","valueRequired":true,"valueName":"search_term_string"}}],"inLanguage":"es"}]}},"_links":{"self":[{"href":"https:\/\/empow-her.com\/es\/wp-json\/wp\/v2\/product\/115452","targetHints":{"allow":["GET"]}}],"collection":[{"href":"https:\/\/empow-her.com\/es\/wp-json\/wp\/v2\/product"}],"about":[{"href":"https:\/\/empow-her.com\/es\/wp-json\/wp\/v2\/types\/product"}],"wp:featuredmedia":[{"embeddable":true,"href":"https:\/\/empow-her.com\/es\/wp-json\/wp\/v2\/media\/115453"}],"wp:attachment":[{"href":"https:\/\/empow-her.com\/es\/wp-json\/wp\/v2\/media?parent=115452"}],"wp:term":[{"taxonomy":"product_brand","embeddable":true,"href":"https:\/\/empow-her.com\/es\/wp-json\/wp\/v2\/product_brand?post=115452"},{"taxonomy":"product_cat","embeddable":true,"href":"https:\/\/empow-her.com\/es\/wp-json\/wp\/v2\/product_cat?post=115452"},{"taxonomy":"product_tag","embeddable":true,"href":"https:\/\/empow-her.com\/es\/wp-json\/wp\/v2\/product_tag?post=115452"},{"taxonomy":"lieu","embeddable":true,"href":"https:\/\/empow-her.com\/es\/wp-json\/wp\/v2\/lieu?post=115452"},{"taxonomy":"thematiques","embeddable":true,"href":"https:\/\/empow-her.com\/es\/wp-json\/wp\/v2\/thematiques?post=115452"}],"curies":[{"name":"wp","href":"https:\/\/api.w.org\/{rel}","templated":true}]}}