{"id":115441,"date":"2022-02-16T11:04:02","date_gmt":"2022-02-16T10:04:02","guid":{"rendered":"https:\/\/empow-her.com\/?post_type=product&#038;p=115441"},"modified":"2022-02-25T17:32:54","modified_gmt":"2022-02-25T16:32:54","slug":"atelier-le-positionnement-de-marque-17-mars","status":"publish","type":"product","link":"https:\/\/empow-her.com\/es\/produit\/atelier-le-positionnement-de-marque-17-mars\/","title":{"rendered":"Atelier &#8211; Le positionnement de marque"},"content":{"rendered":"","protected":false},"excerpt":{"rendered":"<p>Vous avez identifi\u00e9 vos cibles et votre proposition de valeur ? Vous souhaitez cr\u00e9er votre identit\u00e9 de marque pour une communication \u00e0 votre image ? <\/p>\n<p>Venez en atelier pour r\u00e9fl\u00e9chir collectivement sur ce qu&#8217;est une marque en allant un peu plus loin que la seule id\u00e9e de &#8220;l&#8217;image de marque&#8221; et du logotype. Alors qu&#8217;est ce qu&#8217;une marque et comment se positionne-t-on ? <\/p>\n<p>Durant cet atelier, venez exp\u00e9rimentez les outils qui vous permettront de cr\u00e9er en autonomie votre positionnement de marque et de choisir les codes de votre identit\u00e9 de marque ! <\/p>\n<p><strong>Intervenant.e.s : <\/strong><br \/>\nAlexandra Robert, Anne-Sophie Cambay<\/p>\n<p><strong>Pr\u00e9sentation : <\/strong><br \/>\nAlexandra est designer de formation, experte en \u00e9tudes s\u00e9miotique appliqu\u00e9es au marketing, \u00e0 la marque et au business apr\u00e8s avoir \u00e9t\u00e9 directrice artistique et responsable communication pour des marques grand public durant plus de 18 ans. Elle est la fondatrice de l&#8217;agence LesLieuxDits qui accompagne les dirigeants dans le d\u00e9veloppement d&#8217;activit\u00e9s \u00e9conomiques plus responsables et cheffe d&#8217;une famille de 3 enfants.<\/p>\n<p><strong>Son super pouvoir : <\/strong><br \/>\nFacilitatrice de d\u00e9veloppement cr\u00e9atif et signifiant <\/p>\n<p><strong>Son petit mot : <\/strong><br \/>\n&#8220;Osez bricoler, exp\u00e9rimenter, tester les possibilit\u00e9s&#8221;, Alexandra Robert.  <\/p>\n<div><\/div>\n<div><b>Lieu : <\/b>Sist&#8217;Her Paris, 82 rue du Faubourg Saint-Martin<\/div>\n<div><\/div>\n<div><\/div>\n<div><\/div>\n<p>Ce projet est co-financ\u00e9 par le Fonds Social Europ\u00e9en.<\/p>\n<p><img decoding=\"async\" class=\"\" src=\"https:\/\/www.sep-asso.fr\/wp-content\/uploads\/2018\/02\/logo-union-europeenne.png\" alt=\"logo union europeenne \u2013 SEP\" width=\"87\" height=\"72\" \/>\u00a0\u00a0<img decoding=\"async\" class=\"alignnone wp-image-15218\" src=\"https:\/\/empow-her.com\/wp-content\/uploads\/2021\/06\/logo_fonds_social_europeen-300x187.png\" alt=\"\" width=\"104\" height=\"65\" srcset=\"https:\/\/empow-her.com\/wp-content\/uploads\/2021\/06\/logo_fonds_social_europeen-300x187.png 300w, https:\/\/empow-her.com\/wp-content\/uploads\/2021\/06\/logo_fonds_social_europeen-600x375.png 600w, https:\/\/empow-her.com\/wp-content\/uploads\/2021\/06\/logo_fonds_social_europeen-24x15.png 24w, https:\/\/empow-her.com\/wp-content\/uploads\/2021\/06\/logo_fonds_social_europeen-36x22.png 36w, https:\/\/empow-her.com\/wp-content\/uploads\/2021\/06\/logo_fonds_social_europeen-48x30.png 48w, https:\/\/empow-her.com\/wp-content\/uploads\/2021\/06\/logo_fonds_social_europeen.png 666w\" sizes=\"(max-width: 104px) 100vw, 104px\" \/>\u00a0<img decoding=\"async\" class=\"\" src=\"https:\/\/franceactive-idf.org\/wp-content\/uploads\/2020\/02\/logo-region-ile-de-france.png\" alt=\"Logo Region Ile De France - France Active \u00cele-de-France\" width=\"126\" height=\"29\" \/><\/p>\n","protected":false},"featured_media":115442,"template":"","format":"standard","meta":{"_acf_changed":false,"om_disable_all_campaigns":false,"_uf_show_specific_survey":0,"_uf_disable_surveys":false},"product_brand":[],"product_cat":[118],"product_tag":[],"lieu":[127],"thematiques":[],"class_list":{"0":"post-115441","1":"product","2":"type-product","3":"status-publish","4":"format-standard","5":"has-post-thumbnail","7":"product_cat-atelier-collectif","8":"lieu-hub-empowher","10":"first","11":"instock","12":"virtual","13":"purchasable","14":"product-type-appointment"},"exclude_global_add_ons":[],"addons":[],"acf":[],"yoast_head":"<!-- This site is optimized with the Yoast SEO plugin v24.8 - https:\/\/yoast.com\/wordpress\/plugins\/seo\/ -->\n<title>Atelier - Le positionnement de marque - Empow&#039;Her<\/title>\n<meta name=\"robots\" content=\"index, follow, max-snippet:-1, max-image-preview:large, max-video-preview:-1\" \/>\n<link rel=\"canonical\" href=\"https:\/\/empow-her.com\/es\/produit\/atelier-le-positionnement-de-marque-17-mars\/\" \/>\n<meta property=\"og:locale\" content=\"es_ES\" \/>\n<meta property=\"og:type\" content=\"article\" \/>\n<meta property=\"og:title\" content=\"Atelier - Le positionnement de marque - Empow&#039;Her\" \/>\n<meta property=\"og:description\" content=\"Vous avez identifi\u00e9 vos cibles et votre proposition de valeur ? Vous souhaitez cr\u00e9er votre identit\u00e9 de marque pour une communication \u00e0 votre image ?   Venez en atelier pour r\u00e9fl\u00e9chir collectivement sur ce qu&#039;est une marque en allant un peu plus loin que la seule id\u00e9e de &quot;l&#039;image de marque&quot; et du logotype. Alors qu&#039;est ce qu&#039;une marque et comment se positionne-t-on ?   Durant cet atelier, venez exp\u00e9rimentez les outils qui vous permettront de cr\u00e9er en autonomie votre positionnement de marque et de choisir les codes de votre identit\u00e9 de marque !   Intervenant.e.s :  Alexandra Robert, Anne-Sophie Cambay  Pr\u00e9sentation :  Alexandra est designer de formation, experte en \u00e9tudes s\u00e9miotique appliqu\u00e9es au marketing, \u00e0 la marque et au business apr\u00e8s avoir \u00e9t\u00e9 directrice artistique et responsable communication pour des marques grand public durant plus de 18 ans. Elle est la fondatrice de l&#039;agence LesLieuxDits qui accompagne les dirigeants dans le d\u00e9veloppement d&#039;activit\u00e9s \u00e9conomiques plus responsables et cheffe d&#039;une famille de 3 enfants.  Son super pouvoir :  Facilitatrice de d\u00e9veloppement cr\u00e9atif et signifiant    Son petit mot :  &quot;Osez bricoler, exp\u00e9rimenter, tester les possibilit\u00e9s&quot;, Alexandra Robert.       Lieu : Sist&#039;Her Paris, 82 rue du Faubourg Saint-Martin    Ce projet est co-financ\u00e9 par le Fonds Social Europ\u00e9en.  \u00a0\u00a0\u00a0\" \/>\n<meta property=\"og:url\" content=\"https:\/\/empow-her.com\/es\/produit\/atelier-le-positionnement-de-marque-17-mars\/\" \/>\n<meta property=\"og:site_name\" content=\"Empow&#039;Her\" \/>\n<meta property=\"article:modified_time\" content=\"2022-02-25T16:32:54+00:00\" \/>\n<meta property=\"og:image\" content=\"https:\/\/empow-her.com\/wp-content\/uploads\/2022\/02\/TEMPLATES-EVENTS-WOMEN-DARE-67.png\" \/>\n\t<meta property=\"og:image:width\" content=\"1080\" \/>\n\t<meta property=\"og:image:height\" content=\"1080\" \/>\n\t<meta property=\"og:image:type\" content=\"image\/png\" \/>\n<meta name=\"twitter:card\" content=\"summary_large_image\" \/>\n<script type=\"application\/ld+json\" class=\"yoast-schema-graph\">{\"@context\":\"https:\/\/schema.org\",\"@graph\":[{\"@type\":\"WebPage\",\"@id\":\"https:\/\/empow-her.com\/es\/produit\/atelier-le-positionnement-de-marque-17-mars\/\",\"url\":\"https:\/\/empow-her.com\/es\/produit\/atelier-le-positionnement-de-marque-17-mars\/\",\"name\":\"Atelier - Le positionnement de marque - Empow&#039;Her\",\"isPartOf\":{\"@id\":\"https:\/\/empow-her.com\/#website\"},\"primaryImageOfPage\":{\"@id\":\"https:\/\/empow-her.com\/es\/produit\/atelier-le-positionnement-de-marque-17-mars\/#primaryimage\"},\"image\":{\"@id\":\"https:\/\/empow-her.com\/es\/produit\/atelier-le-positionnement-de-marque-17-mars\/#primaryimage\"},\"thumbnailUrl\":\"https:\/\/empow-her.com\/wp-content\/uploads\/2022\/02\/TEMPLATES-EVENTS-WOMEN-DARE-67.png\",\"datePublished\":\"2022-02-16T10:04:02+00:00\",\"dateModified\":\"2022-02-25T16:32:54+00:00\",\"breadcrumb\":{\"@id\":\"https:\/\/empow-her.com\/es\/produit\/atelier-le-positionnement-de-marque-17-mars\/#breadcrumb\"},\"inLanguage\":\"es\",\"potentialAction\":[{\"@type\":\"ReadAction\",\"target\":[\"https:\/\/empow-her.com\/es\/produit\/atelier-le-positionnement-de-marque-17-mars\/\"]}]},{\"@type\":\"ImageObject\",\"inLanguage\":\"es\",\"@id\":\"https:\/\/empow-her.com\/es\/produit\/atelier-le-positionnement-de-marque-17-mars\/#primaryimage\",\"url\":\"https:\/\/empow-her.com\/wp-content\/uploads\/2022\/02\/TEMPLATES-EVENTS-WOMEN-DARE-67.png\",\"contentUrl\":\"https:\/\/empow-her.com\/wp-content\/uploads\/2022\/02\/TEMPLATES-EVENTS-WOMEN-DARE-67.png\",\"width\":1080,\"height\":1080},{\"@type\":\"BreadcrumbList\",\"@id\":\"https:\/\/empow-her.com\/es\/produit\/atelier-le-positionnement-de-marque-17-mars\/#breadcrumb\",\"itemListElement\":[{\"@type\":\"ListItem\",\"position\":1,\"name\":\"Accueil\",\"item\":\"https:\/\/empow-her.com\/es\/inicio\/\"},{\"@type\":\"ListItem\",\"position\":2,\"name\":\"LA BOUTIQUE\",\"item\":\"https:\/\/empow-her.com\/boutique\/\"},{\"@type\":\"ListItem\",\"position\":3,\"name\":\"Atelier &#8211; Le positionnement de marque\"}]},{\"@type\":\"WebSite\",\"@id\":\"https:\/\/empow-her.com\/#website\",\"url\":\"https:\/\/empow-her.com\/\",\"name\":\"Empow&#039;Her\",\"description\":\"Women Development\",\"potentialAction\":[{\"@type\":\"SearchAction\",\"target\":{\"@type\":\"EntryPoint\",\"urlTemplate\":\"https:\/\/empow-her.com\/?s={search_term_string}\"},\"query-input\":{\"@type\":\"PropertyValueSpecification\",\"valueRequired\":true,\"valueName\":\"search_term_string\"}}],\"inLanguage\":\"es\"}]}<\/script>\n<!-- \/ Yoast SEO plugin. -->","yoast_head_json":{"title":"Atelier - Le positionnement de marque - Empow&#039;Her","robots":{"index":"index","follow":"follow","max-snippet":"max-snippet:-1","max-image-preview":"max-image-preview:large","max-video-preview":"max-video-preview:-1"},"canonical":"https:\/\/empow-her.com\/es\/produit\/atelier-le-positionnement-de-marque-17-mars\/","og_locale":"es_ES","og_type":"article","og_title":"Atelier - Le positionnement de marque - Empow&#039;Her","og_description":"Vous avez identifi\u00e9 vos cibles et votre proposition de valeur ? Vous souhaitez cr\u00e9er votre identit\u00e9 de marque pour une communication \u00e0 votre image ?   Venez en atelier pour r\u00e9fl\u00e9chir collectivement sur ce qu'est une marque en allant un peu plus loin que la seule id\u00e9e de \"l'image de marque\" et du logotype. Alors qu'est ce qu'une marque et comment se positionne-t-on ?   Durant cet atelier, venez exp\u00e9rimentez les outils qui vous permettront de cr\u00e9er en autonomie votre positionnement de marque et de choisir les codes de votre identit\u00e9 de marque !   Intervenant.e.s :  Alexandra Robert, Anne-Sophie Cambay  Pr\u00e9sentation :  Alexandra est designer de formation, experte en \u00e9tudes s\u00e9miotique appliqu\u00e9es au marketing, \u00e0 la marque et au business apr\u00e8s avoir \u00e9t\u00e9 directrice artistique et responsable communication pour des marques grand public durant plus de 18 ans. Elle est la fondatrice de l'agence LesLieuxDits qui accompagne les dirigeants dans le d\u00e9veloppement d'activit\u00e9s \u00e9conomiques plus responsables et cheffe d'une famille de 3 enfants.  Son super pouvoir :  Facilitatrice de d\u00e9veloppement cr\u00e9atif et signifiant    Son petit mot :  \"Osez bricoler, exp\u00e9rimenter, tester les possibilit\u00e9s\", Alexandra Robert.       Lieu : Sist'Her Paris, 82 rue du Faubourg Saint-Martin    Ce projet est co-financ\u00e9 par le Fonds Social Europ\u00e9en.  \u00a0\u00a0\u00a0","og_url":"https:\/\/empow-her.com\/es\/produit\/atelier-le-positionnement-de-marque-17-mars\/","og_site_name":"Empow&#039;Her","article_modified_time":"2022-02-25T16:32:54+00:00","og_image":[{"width":1080,"height":1080,"url":"https:\/\/empow-her.com\/wp-content\/uploads\/2022\/02\/TEMPLATES-EVENTS-WOMEN-DARE-67.png","type":"image\/png"}],"twitter_card":"summary_large_image","schema":{"@context":"https:\/\/schema.org","@graph":[{"@type":"WebPage","@id":"https:\/\/empow-her.com\/es\/produit\/atelier-le-positionnement-de-marque-17-mars\/","url":"https:\/\/empow-her.com\/es\/produit\/atelier-le-positionnement-de-marque-17-mars\/","name":"Atelier - Le positionnement de marque - Empow&#039;Her","isPartOf":{"@id":"https:\/\/empow-her.com\/#website"},"primaryImageOfPage":{"@id":"https:\/\/empow-her.com\/es\/produit\/atelier-le-positionnement-de-marque-17-mars\/#primaryimage"},"image":{"@id":"https:\/\/empow-her.com\/es\/produit\/atelier-le-positionnement-de-marque-17-mars\/#primaryimage"},"thumbnailUrl":"https:\/\/empow-her.com\/wp-content\/uploads\/2022\/02\/TEMPLATES-EVENTS-WOMEN-DARE-67.png","datePublished":"2022-02-16T10:04:02+00:00","dateModified":"2022-02-25T16:32:54+00:00","breadcrumb":{"@id":"https:\/\/empow-her.com\/es\/produit\/atelier-le-positionnement-de-marque-17-mars\/#breadcrumb"},"inLanguage":"es","potentialAction":[{"@type":"ReadAction","target":["https:\/\/empow-her.com\/es\/produit\/atelier-le-positionnement-de-marque-17-mars\/"]}]},{"@type":"ImageObject","inLanguage":"es","@id":"https:\/\/empow-her.com\/es\/produit\/atelier-le-positionnement-de-marque-17-mars\/#primaryimage","url":"https:\/\/empow-her.com\/wp-content\/uploads\/2022\/02\/TEMPLATES-EVENTS-WOMEN-DARE-67.png","contentUrl":"https:\/\/empow-her.com\/wp-content\/uploads\/2022\/02\/TEMPLATES-EVENTS-WOMEN-DARE-67.png","width":1080,"height":1080},{"@type":"BreadcrumbList","@id":"https:\/\/empow-her.com\/es\/produit\/atelier-le-positionnement-de-marque-17-mars\/#breadcrumb","itemListElement":[{"@type":"ListItem","position":1,"name":"Accueil","item":"https:\/\/empow-her.com\/es\/inicio\/"},{"@type":"ListItem","position":2,"name":"LA BOUTIQUE","item":"https:\/\/empow-her.com\/boutique\/"},{"@type":"ListItem","position":3,"name":"Atelier &#8211; Le positionnement de marque"}]},{"@type":"WebSite","@id":"https:\/\/empow-her.com\/#website","url":"https:\/\/empow-her.com\/","name":"Empow&#039;Her","description":"Women Development","potentialAction":[{"@type":"SearchAction","target":{"@type":"EntryPoint","urlTemplate":"https:\/\/empow-her.com\/?s={search_term_string}"},"query-input":{"@type":"PropertyValueSpecification","valueRequired":true,"valueName":"search_term_string"}}],"inLanguage":"es"}]}},"_links":{"self":[{"href":"https:\/\/empow-her.com\/es\/wp-json\/wp\/v2\/product\/115441","targetHints":{"allow":["GET"]}}],"collection":[{"href":"https:\/\/empow-her.com\/es\/wp-json\/wp\/v2\/product"}],"about":[{"href":"https:\/\/empow-her.com\/es\/wp-json\/wp\/v2\/types\/product"}],"wp:featuredmedia":[{"embeddable":true,"href":"https:\/\/empow-her.com\/es\/wp-json\/wp\/v2\/media\/115442"}],"wp:attachment":[{"href":"https:\/\/empow-her.com\/es\/wp-json\/wp\/v2\/media?parent=115441"}],"wp:term":[{"taxonomy":"product_brand","embeddable":true,"href":"https:\/\/empow-her.com\/es\/wp-json\/wp\/v2\/product_brand?post=115441"},{"taxonomy":"product_cat","embeddable":true,"href":"https:\/\/empow-her.com\/es\/wp-json\/wp\/v2\/product_cat?post=115441"},{"taxonomy":"product_tag","embeddable":true,"href":"https:\/\/empow-her.com\/es\/wp-json\/wp\/v2\/product_tag?post=115441"},{"taxonomy":"lieu","embeddable":true,"href":"https:\/\/empow-her.com\/es\/wp-json\/wp\/v2\/lieu?post=115441"},{"taxonomy":"thematiques","embeddable":true,"href":"https:\/\/empow-her.com\/es\/wp-json\/wp\/v2\/thematiques?post=115441"}],"curies":[{"name":"wp","href":"https:\/\/api.w.org\/{rel}","templated":true}]}}