{"id":115229,"date":"2022-02-09T14:16:12","date_gmt":"2022-02-09T13:16:12","guid":{"rendered":"https:\/\/empow-her.com\/?post_type=product&#038;p=115229"},"modified":"2022-02-15T16:57:18","modified_gmt":"2022-02-15T15:57:18","slug":"atelier-developper-ma-voix-pour-assurer-une-prise-de-parole-convaincante-9-mars","status":"publish","type":"product","link":"https:\/\/empow-her.com\/es\/produit\/atelier-developper-ma-voix-pour-assurer-une-prise-de-parole-convaincante-9-mars\/","title":{"rendered":"Atelier &#8211; D\u00e9velopper ma voix pour assurer une prise de parole convaincante"},"content":{"rendered":"","protected":false},"excerpt":{"rendered":"<p>Qu\u2019est-ce qui fait la voix ? Qu\u2019est-ce qui fait que l\u2019on provoque chez l\u2019autre l\u2019envie de nous \u00e9couter ?<br \/>\nComment poser sa voix et rythmer son discours pour une prise de parole convaincante ?<\/p>\n<p>Dans cet atelier, Lucie Wendremaire, coach vocal &#8211; formatrice de la voix parl\u00e9e et chant\u00e9e, vous accompagnera dans l&#8217;exploration de m\u00e9thodes pour une prise de parole authentique, claire et au service de votre projet : lib\u00e9ration de la respiration, connaissance de son sch\u00e9ma corporel et de sa posture, pr\u00e9cision de la diction, etc. Apr\u00e8s une approche en groupe puis une courte mise en situation individuelle, vous d\u00e9gagerez ensemble des pistes personnalis\u00e9es afin d&#8217;assurer avec aisance vos prochaines prises de parole. <\/p>\n<p>Pr\u00e9-requis : Pr\u00e9voyez un petit pitch !<\/p>\n<p><strong>Intervenant.e.s : <\/strong><br \/>\nLucie Wendremaire<\/p>\n<p><strong>Pr\u00e9sentation : <\/strong><br \/>\nSuite \u00e0 des \u00e9tudes en \u00e9cole de commerce, Lucie a travaill\u00e9 pendant 8 ans en Marketing et Gestion de Projets pour une entreprise japonaise d&#8217;\u00e9lectronique grand public. Apr\u00e8s ces ann\u00e9es fortes en d\u00e9couvertes et en management multiculturel, elle d\u00e9cide d&#8217;\u00e9couter enfin ses envies enfouies depuis toute petite: travailler en tant qu&#8217;artiste. Elle pr\u00e9pare au fur et \u00e0 mesure cette reconversion et int\u00e8gre une formation artistique en th\u00e9\u00e2tre et com\u00e9die musicale, suite \u00e0 laquelle elle d\u00e9croche ses premiers contrats en tant que com\u00e9dienne chanteuse sur les sc\u00e8nes parisiennes et de province. Elle d\u00e9cide \u00e9galement de se former au coaching vocal chez Voice Global Coaching pour accompagner chaque personne dans la d\u00e9couverte de sa voix parl\u00e9e et\/ou chant\u00e9e, une d\u00e9couverte qu&#8217;elle m\u00e8ne elle-m\u00eame depuis plusieurs ann\u00e9es. <\/p>\n<p><strong>Son super pouvoir : <\/strong><br \/>\nExploratrice de voix\/voies<\/p>\n<p><strong>Son petit mot : <\/strong><br \/>\nVous \u00eates l&#8217;h\u00e9ro\u00efne de votre projet et votre voix est votre meilleure amie pour l&#8217;exprimer! Je vous accompagnerai en toute humilit\u00e9 dans la recherche de votre voix au service de votre pouvoir de conviction et de votre authenticit\u00e9. <\/p>\n<div><\/div>\n<div><b>Lieu : <\/b>Sist&#8217;Her Paris, 82 rue du Faubourg Saint-Martin<\/div>\n<div><\/div>\n<div><\/div>\n<div><\/div>\n<p>Ce projet est co-financ\u00e9 par le Fonds Social Europ\u00e9en.<\/p>\n<p><img decoding=\"async\" class=\"\" src=\"https:\/\/www.sep-asso.fr\/wp-content\/uploads\/2018\/02\/logo-union-europeenne.png\" alt=\"logo union europeenne \u2013 SEP\" width=\"87\" height=\"72\" \/>\u00a0\u00a0<img decoding=\"async\" class=\"alignnone wp-image-15218\" src=\"https:\/\/empow-her.com\/wp-content\/uploads\/2021\/06\/logo_fonds_social_europeen-300x187.png\" alt=\"\" width=\"104\" height=\"65\" srcset=\"https:\/\/empow-her.com\/wp-content\/uploads\/2021\/06\/logo_fonds_social_europeen-300x187.png 300w, https:\/\/empow-her.com\/wp-content\/uploads\/2021\/06\/logo_fonds_social_europeen-600x375.png 600w, https:\/\/empow-her.com\/wp-content\/uploads\/2021\/06\/logo_fonds_social_europeen-24x15.png 24w, https:\/\/empow-her.com\/wp-content\/uploads\/2021\/06\/logo_fonds_social_europeen-36x22.png 36w, https:\/\/empow-her.com\/wp-content\/uploads\/2021\/06\/logo_fonds_social_europeen-48x30.png 48w, https:\/\/empow-her.com\/wp-content\/uploads\/2021\/06\/logo_fonds_social_europeen.png 666w\" sizes=\"(max-width: 104px) 100vw, 104px\" \/>\u00a0<img decoding=\"async\" class=\"\" src=\"https:\/\/franceactive-idf.org\/wp-content\/uploads\/2020\/02\/logo-region-ile-de-france.png\" alt=\"Logo Region Ile De France - France Active \u00cele-de-France\" width=\"126\" height=\"29\" \/><\/p>\n","protected":false},"featured_media":115230,"template":"","format":"standard","meta":{"_acf_changed":false,"om_disable_all_campaigns":false,"_uf_show_specific_survey":0,"_uf_disable_surveys":false},"product_brand":[],"product_cat":[118],"product_tag":[],"lieu":[127],"thematiques":[],"class_list":{"0":"post-115229","1":"product","2":"type-product","3":"status-publish","4":"format-standard","5":"has-post-thumbnail","7":"product_cat-atelier-collectif","8":"lieu-hub-empowher","10":"first","11":"instock","12":"virtual","13":"purchasable","14":"product-type-appointment"},"exclude_global_add_ons":[],"addons":[],"acf":[],"yoast_head":"<!-- This site is optimized with the Yoast SEO plugin v24.8 - https:\/\/yoast.com\/wordpress\/plugins\/seo\/ -->\n<title>Atelier - D\u00e9velopper ma voix pour assurer une prise de parole convaincante - Empow&#039;Her<\/title>\n<meta name=\"robots\" content=\"index, follow, max-snippet:-1, max-image-preview:large, max-video-preview:-1\" \/>\n<link rel=\"canonical\" href=\"https:\/\/empow-her.com\/es\/produit\/atelier-developper-ma-voix-pour-assurer-une-prise-de-parole-convaincante-9-mars\/\" \/>\n<meta property=\"og:locale\" content=\"es_ES\" \/>\n<meta property=\"og:type\" content=\"article\" \/>\n<meta property=\"og:title\" content=\"Atelier - D\u00e9velopper ma voix pour assurer une prise de parole convaincante - Empow&#039;Her\" \/>\n<meta property=\"og:description\" content=\"Qu\u2019est-ce qui fait la voix ? Qu\u2019est-ce qui fait que l\u2019on provoque chez l\u2019autre l\u2019envie de nous \u00e9couter ?  Comment poser sa voix et rythmer son discours pour une prise de parole convaincante ?  Dans cet atelier, Lucie Wendremaire, coach vocal - formatrice de la voix parl\u00e9e et chant\u00e9e, vous accompagnera dans l&#039;exploration de m\u00e9thodes pour une prise de parole authentique, claire et au service de votre projet : lib\u00e9ration de la respiration, connaissance de son sch\u00e9ma corporel et de sa posture, pr\u00e9cision de la diction, etc. Apr\u00e8s une approche en groupe puis une courte mise en situation individuelle, vous d\u00e9gagerez ensemble des pistes personnalis\u00e9es afin d&#039;assurer avec aisance vos prochaines prises de parole.   Pr\u00e9-requis : Pr\u00e9voyez un petit pitch !  Intervenant.e.s :  Lucie Wendremaire  Pr\u00e9sentation :  Suite \u00e0 des \u00e9tudes en \u00e9cole de commerce, Lucie a travaill\u00e9 pendant 8 ans en Marketing et Gestion de Projets pour une entreprise japonaise d&#039;\u00e9lectronique grand public. Apr\u00e8s ces ann\u00e9es fortes en d\u00e9couvertes et en management multiculturel, elle d\u00e9cide d&#039;\u00e9couter enfin ses envies enfouies depuis toute petite: travailler en tant qu&#039;artiste. Elle pr\u00e9pare au fur et \u00e0 mesure cette reconversion et int\u00e8gre une formation artistique en th\u00e9\u00e2tre et com\u00e9die musicale, suite \u00e0 laquelle elle d\u00e9croche ses premiers contrats en tant que com\u00e9dienne chanteuse sur les sc\u00e8nes parisiennes et de province. Elle d\u00e9cide \u00e9galement de se former au coaching vocal chez Voice Global Coaching pour accompagner chaque personne dans la d\u00e9couverte de sa voix parl\u00e9e et\/ou chant\u00e9e, une d\u00e9couverte qu&#039;elle m\u00e8ne elle-m\u00eame depuis plusieurs ann\u00e9es.   Son super pouvoir :  Exploratrice de voix\/voies  Son petit mot :  Vous \u00eates l&#039;h\u00e9ro\u00efne de votre projet et votre voix est votre meilleure amie pour l&#039;exprimer! Je vous accompagnerai en toute humilit\u00e9 dans la recherche de votre voix au service de votre pouvoir de conviction et de votre authenticit\u00e9.      Lieu : Sist&#039;Her Paris, 82 rue du Faubourg Saint-Martin    Ce projet est co-financ\u00e9 par le Fonds Social Europ\u00e9en.  \u00a0\u00a0\u00a0\" \/>\n<meta property=\"og:url\" content=\"https:\/\/empow-her.com\/es\/produit\/atelier-developper-ma-voix-pour-assurer-une-prise-de-parole-convaincante-9-mars\/\" \/>\n<meta property=\"og:site_name\" content=\"Empow&#039;Her\" \/>\n<meta property=\"article:modified_time\" content=\"2022-02-15T15:57:18+00:00\" \/>\n<meta property=\"og:image\" content=\"https:\/\/empow-her.com\/wp-content\/uploads\/2022\/02\/TEMPLATES-EVENTS-WOMEN-DARE-56.png\" \/>\n\t<meta property=\"og:image:width\" content=\"1080\" \/>\n\t<meta property=\"og:image:height\" content=\"1080\" \/>\n\t<meta property=\"og:image:type\" content=\"image\/png\" \/>\n<meta name=\"twitter:card\" content=\"summary_large_image\" \/>\n<script type=\"application\/ld+json\" class=\"yoast-schema-graph\">{\"@context\":\"https:\/\/schema.org\",\"@graph\":[{\"@type\":\"WebPage\",\"@id\":\"https:\/\/empow-her.com\/es\/produit\/atelier-developper-ma-voix-pour-assurer-une-prise-de-parole-convaincante-9-mars\/\",\"url\":\"https:\/\/empow-her.com\/es\/produit\/atelier-developper-ma-voix-pour-assurer-une-prise-de-parole-convaincante-9-mars\/\",\"name\":\"Atelier - D\u00e9velopper ma voix pour assurer une prise de parole convaincante - Empow&#039;Her\",\"isPartOf\":{\"@id\":\"https:\/\/empow-her.com\/#website\"},\"primaryImageOfPage\":{\"@id\":\"https:\/\/empow-her.com\/es\/produit\/atelier-developper-ma-voix-pour-assurer-une-prise-de-parole-convaincante-9-mars\/#primaryimage\"},\"image\":{\"@id\":\"https:\/\/empow-her.com\/es\/produit\/atelier-developper-ma-voix-pour-assurer-une-prise-de-parole-convaincante-9-mars\/#primaryimage\"},\"thumbnailUrl\":\"https:\/\/empow-her.com\/wp-content\/uploads\/2022\/02\/TEMPLATES-EVENTS-WOMEN-DARE-56.png\",\"datePublished\":\"2022-02-09T13:16:12+00:00\",\"dateModified\":\"2022-02-15T15:57:18+00:00\",\"breadcrumb\":{\"@id\":\"https:\/\/empow-her.com\/es\/produit\/atelier-developper-ma-voix-pour-assurer-une-prise-de-parole-convaincante-9-mars\/#breadcrumb\"},\"inLanguage\":\"es\",\"potentialAction\":[{\"@type\":\"ReadAction\",\"target\":[\"https:\/\/empow-her.com\/es\/produit\/atelier-developper-ma-voix-pour-assurer-une-prise-de-parole-convaincante-9-mars\/\"]}]},{\"@type\":\"ImageObject\",\"inLanguage\":\"es\",\"@id\":\"https:\/\/empow-her.com\/es\/produit\/atelier-developper-ma-voix-pour-assurer-une-prise-de-parole-convaincante-9-mars\/#primaryimage\",\"url\":\"https:\/\/empow-her.com\/wp-content\/uploads\/2022\/02\/TEMPLATES-EVENTS-WOMEN-DARE-56.png\",\"contentUrl\":\"https:\/\/empow-her.com\/wp-content\/uploads\/2022\/02\/TEMPLATES-EVENTS-WOMEN-DARE-56.png\",\"width\":1080,\"height\":1080},{\"@type\":\"BreadcrumbList\",\"@id\":\"https:\/\/empow-her.com\/es\/produit\/atelier-developper-ma-voix-pour-assurer-une-prise-de-parole-convaincante-9-mars\/#breadcrumb\",\"itemListElement\":[{\"@type\":\"ListItem\",\"position\":1,\"name\":\"Accueil\",\"item\":\"https:\/\/empow-her.com\/es\/inicio\/\"},{\"@type\":\"ListItem\",\"position\":2,\"name\":\"LA BOUTIQUE\",\"item\":\"https:\/\/empow-her.com\/boutique\/\"},{\"@type\":\"ListItem\",\"position\":3,\"name\":\"Atelier &#8211; D\u00e9velopper ma voix pour assurer une prise de parole convaincante\"}]},{\"@type\":\"WebSite\",\"@id\":\"https:\/\/empow-her.com\/#website\",\"url\":\"https:\/\/empow-her.com\/\",\"name\":\"Empow&#039;Her\",\"description\":\"Women Development\",\"potentialAction\":[{\"@type\":\"SearchAction\",\"target\":{\"@type\":\"EntryPoint\",\"urlTemplate\":\"https:\/\/empow-her.com\/?s={search_term_string}\"},\"query-input\":{\"@type\":\"PropertyValueSpecification\",\"valueRequired\":true,\"valueName\":\"search_term_string\"}}],\"inLanguage\":\"es\"}]}<\/script>\n<!-- \/ Yoast SEO plugin. -->","yoast_head_json":{"title":"Atelier - D\u00e9velopper ma voix pour assurer une prise de parole convaincante - Empow&#039;Her","robots":{"index":"index","follow":"follow","max-snippet":"max-snippet:-1","max-image-preview":"max-image-preview:large","max-video-preview":"max-video-preview:-1"},"canonical":"https:\/\/empow-her.com\/es\/produit\/atelier-developper-ma-voix-pour-assurer-une-prise-de-parole-convaincante-9-mars\/","og_locale":"es_ES","og_type":"article","og_title":"Atelier - D\u00e9velopper ma voix pour assurer une prise de parole convaincante - Empow&#039;Her","og_description":"Qu\u2019est-ce qui fait la voix ? Qu\u2019est-ce qui fait que l\u2019on provoque chez l\u2019autre l\u2019envie de nous \u00e9couter ?  Comment poser sa voix et rythmer son discours pour une prise de parole convaincante ?  Dans cet atelier, Lucie Wendremaire, coach vocal - formatrice de la voix parl\u00e9e et chant\u00e9e, vous accompagnera dans l'exploration de m\u00e9thodes pour une prise de parole authentique, claire et au service de votre projet : lib\u00e9ration de la respiration, connaissance de son sch\u00e9ma corporel et de sa posture, pr\u00e9cision de la diction, etc. Apr\u00e8s une approche en groupe puis une courte mise en situation individuelle, vous d\u00e9gagerez ensemble des pistes personnalis\u00e9es afin d'assurer avec aisance vos prochaines prises de parole.   Pr\u00e9-requis : Pr\u00e9voyez un petit pitch !  Intervenant.e.s :  Lucie Wendremaire  Pr\u00e9sentation :  Suite \u00e0 des \u00e9tudes en \u00e9cole de commerce, Lucie a travaill\u00e9 pendant 8 ans en Marketing et Gestion de Projets pour une entreprise japonaise d'\u00e9lectronique grand public. Apr\u00e8s ces ann\u00e9es fortes en d\u00e9couvertes et en management multiculturel, elle d\u00e9cide d'\u00e9couter enfin ses envies enfouies depuis toute petite: travailler en tant qu'artiste. Elle pr\u00e9pare au fur et \u00e0 mesure cette reconversion et int\u00e8gre une formation artistique en th\u00e9\u00e2tre et com\u00e9die musicale, suite \u00e0 laquelle elle d\u00e9croche ses premiers contrats en tant que com\u00e9dienne chanteuse sur les sc\u00e8nes parisiennes et de province. Elle d\u00e9cide \u00e9galement de se former au coaching vocal chez Voice Global Coaching pour accompagner chaque personne dans la d\u00e9couverte de sa voix parl\u00e9e et\/ou chant\u00e9e, une d\u00e9couverte qu'elle m\u00e8ne elle-m\u00eame depuis plusieurs ann\u00e9es.   Son super pouvoir :  Exploratrice de voix\/voies  Son petit mot :  Vous \u00eates l'h\u00e9ro\u00efne de votre projet et votre voix est votre meilleure amie pour l'exprimer! Je vous accompagnerai en toute humilit\u00e9 dans la recherche de votre voix au service de votre pouvoir de conviction et de votre authenticit\u00e9.      Lieu : Sist'Her Paris, 82 rue du Faubourg Saint-Martin    Ce projet est co-financ\u00e9 par le Fonds Social Europ\u00e9en.  \u00a0\u00a0\u00a0","og_url":"https:\/\/empow-her.com\/es\/produit\/atelier-developper-ma-voix-pour-assurer-une-prise-de-parole-convaincante-9-mars\/","og_site_name":"Empow&#039;Her","article_modified_time":"2022-02-15T15:57:18+00:00","og_image":[{"width":1080,"height":1080,"url":"https:\/\/empow-her.com\/wp-content\/uploads\/2022\/02\/TEMPLATES-EVENTS-WOMEN-DARE-56.png","type":"image\/png"}],"twitter_card":"summary_large_image","schema":{"@context":"https:\/\/schema.org","@graph":[{"@type":"WebPage","@id":"https:\/\/empow-her.com\/es\/produit\/atelier-developper-ma-voix-pour-assurer-une-prise-de-parole-convaincante-9-mars\/","url":"https:\/\/empow-her.com\/es\/produit\/atelier-developper-ma-voix-pour-assurer-une-prise-de-parole-convaincante-9-mars\/","name":"Atelier - D\u00e9velopper ma voix pour assurer une prise de parole convaincante - Empow&#039;Her","isPartOf":{"@id":"https:\/\/empow-her.com\/#website"},"primaryImageOfPage":{"@id":"https:\/\/empow-her.com\/es\/produit\/atelier-developper-ma-voix-pour-assurer-une-prise-de-parole-convaincante-9-mars\/#primaryimage"},"image":{"@id":"https:\/\/empow-her.com\/es\/produit\/atelier-developper-ma-voix-pour-assurer-une-prise-de-parole-convaincante-9-mars\/#primaryimage"},"thumbnailUrl":"https:\/\/empow-her.com\/wp-content\/uploads\/2022\/02\/TEMPLATES-EVENTS-WOMEN-DARE-56.png","datePublished":"2022-02-09T13:16:12+00:00","dateModified":"2022-02-15T15:57:18+00:00","breadcrumb":{"@id":"https:\/\/empow-her.com\/es\/produit\/atelier-developper-ma-voix-pour-assurer-une-prise-de-parole-convaincante-9-mars\/#breadcrumb"},"inLanguage":"es","potentialAction":[{"@type":"ReadAction","target":["https:\/\/empow-her.com\/es\/produit\/atelier-developper-ma-voix-pour-assurer-une-prise-de-parole-convaincante-9-mars\/"]}]},{"@type":"ImageObject","inLanguage":"es","@id":"https:\/\/empow-her.com\/es\/produit\/atelier-developper-ma-voix-pour-assurer-une-prise-de-parole-convaincante-9-mars\/#primaryimage","url":"https:\/\/empow-her.com\/wp-content\/uploads\/2022\/02\/TEMPLATES-EVENTS-WOMEN-DARE-56.png","contentUrl":"https:\/\/empow-her.com\/wp-content\/uploads\/2022\/02\/TEMPLATES-EVENTS-WOMEN-DARE-56.png","width":1080,"height":1080},{"@type":"BreadcrumbList","@id":"https:\/\/empow-her.com\/es\/produit\/atelier-developper-ma-voix-pour-assurer-une-prise-de-parole-convaincante-9-mars\/#breadcrumb","itemListElement":[{"@type":"ListItem","position":1,"name":"Accueil","item":"https:\/\/empow-her.com\/es\/inicio\/"},{"@type":"ListItem","position":2,"name":"LA BOUTIQUE","item":"https:\/\/empow-her.com\/boutique\/"},{"@type":"ListItem","position":3,"name":"Atelier &#8211; D\u00e9velopper ma voix pour assurer une prise de parole convaincante"}]},{"@type":"WebSite","@id":"https:\/\/empow-her.com\/#website","url":"https:\/\/empow-her.com\/","name":"Empow&#039;Her","description":"Women Development","potentialAction":[{"@type":"SearchAction","target":{"@type":"EntryPoint","urlTemplate":"https:\/\/empow-her.com\/?s={search_term_string}"},"query-input":{"@type":"PropertyValueSpecification","valueRequired":true,"valueName":"search_term_string"}}],"inLanguage":"es"}]}},"_links":{"self":[{"href":"https:\/\/empow-her.com\/es\/wp-json\/wp\/v2\/product\/115229","targetHints":{"allow":["GET"]}}],"collection":[{"href":"https:\/\/empow-her.com\/es\/wp-json\/wp\/v2\/product"}],"about":[{"href":"https:\/\/empow-her.com\/es\/wp-json\/wp\/v2\/types\/product"}],"wp:featuredmedia":[{"embeddable":true,"href":"https:\/\/empow-her.com\/es\/wp-json\/wp\/v2\/media\/115230"}],"wp:attachment":[{"href":"https:\/\/empow-her.com\/es\/wp-json\/wp\/v2\/media?parent=115229"}],"wp:term":[{"taxonomy":"product_brand","embeddable":true,"href":"https:\/\/empow-her.com\/es\/wp-json\/wp\/v2\/product_brand?post=115229"},{"taxonomy":"product_cat","embeddable":true,"href":"https:\/\/empow-her.com\/es\/wp-json\/wp\/v2\/product_cat?post=115229"},{"taxonomy":"product_tag","embeddable":true,"href":"https:\/\/empow-her.com\/es\/wp-json\/wp\/v2\/product_tag?post=115229"},{"taxonomy":"lieu","embeddable":true,"href":"https:\/\/empow-her.com\/es\/wp-json\/wp\/v2\/lieu?post=115229"},{"taxonomy":"thematiques","embeddable":true,"href":"https:\/\/empow-her.com\/es\/wp-json\/wp\/v2\/thematiques?post=115229"}],"curies":[{"name":"wp","href":"https:\/\/api.w.org\/{rel}","templated":true}]}}