{"id":115218,"date":"2022-02-09T11:37:06","date_gmt":"2022-02-09T10:37:06","guid":{"rendered":"https:\/\/empow-her.com\/?post_type=product&#038;p=115218"},"modified":"2022-02-14T16:42:24","modified_gmt":"2022-02-14T15:42:24","slug":"coaching-financement-previsions-budgetaires-1-er-mars","status":"publish","type":"product","link":"https:\/\/empow-her.com\/es\/produit\/coaching-financement-previsions-budgetaires-1-er-mars\/","title":{"rendered":"Coaching &#8211; Financement &#038; Pr\u00e9visions budg\u00e9taires"},"content":{"rendered":"","protected":false},"excerpt":{"rendered":"<p>Un coaching individuel avec un.e expert.e du financement pour travailler sur pr\u00e9visions, vos besoins de financements ou vous initier aux obligations comptables ! <\/p>\n<p>Lors de cet \u00e9change individuel,<br \/>\n&#8211; Vos pr\u00e9visions budg\u00e9taires et les investissements \u00e0 pr\u00e9voir pour votre projet ;<br \/>\n&#8211; La r\u00e9daction de votre Business Plan, la construction de votre pr\u00e9visionnel financier ;<br \/>\n&#8211; L&#8217;identification de solutions de financement adapt\u00e9s pour votre projet ;<br \/>\n&#8211; Les bases de comptabilit\u00e9 et vos obligations comptables en tant qu&#8217;entrepreneure&#8230;<\/p>\n<p>Une question pr\u00e9cise ? Envoyez-l\u00e0 \u00e0 votre r\u00e9f\u00e9rente Empow&#8217;Her avant votre coaching pour en informer l&#8217;intervenant\u00b7e !<\/p>\n<p>&nbsp;<\/p>\n<p><strong>Intervenant.e.s :\u00a0<\/strong><br \/>\nOmar Bendjelloun, J\u00e9remy Kadosche<\/p>\n<p><strong>Pr\u00e9sentation : <\/strong><br \/>\nOmar est passionn\u00e9 de finance \u00e0 impact et d&#8217;entrepreneuriat engag\u00e9 ! Ex. investisseur \u00e0 impact durant les 6 derni\u00e8res ann\u00e9es, notamment dans le fonds d&#8217;investissement INCO et chez France Active. D\u00e9sormais fondateur de FINETIC qui a 3 offres : direction financi\u00e8re externalis\u00e9e, accompagnement \u00e0 la lev\u00e9e de fonds, et coaching \u00e0 la carte !<\/p>\n<p>Jeremy et fait partie de l&#8217;\u00e9quipe Finetic qui intervient aupr\u00e8s d&#8217;entrepreuneur.e.s \u00e0 impact dans les domaines de l&#8217;accompagnement \u00e0 lev\u00e9e de fonds, la direction financi\u00e8re de start-up ainsi que la formation et ateliers collectifs sur les sujets financiers. Il a travaill\u00e9 en tant que consultant pour des grands groupes ainsi que professeur ces 10 derni\u00e8res ann\u00e9es, en France et \u00e0 l&#8217;\u00e9tranger.<br \/>\nLes tableaux pleins de chiffres n&#8217;ont pas de secrets pour lui ! <\/p>\n<p><strong>Leurs supers pouvoirs : <\/strong><br \/>\nExcel !<br \/>\nUne vue d&#8217;ensemble &#8220;analytique&#8221; des choses !<\/p>\n<p><strong>Leur petit mot : <\/strong><br \/>\n&#8220;Foncez, il n&#8217;y a pas d&#8217;\u00e9chec dans l&#8217;entrepreneuriat : au pire, il y a des apprentissages !&#8221;, Omar. <\/p>\n<p>&#8220;Bravo pour cette premi\u00e8re d\u00e9marche vers l&#8217;entreprenariat. Nous allons faire tout notre possible pour vous accompagner vers votre r\u00eave et partager notre exp\u00e9rience avec vous !!!!&#8221;, J\u00e9r\u00e9my. <\/p>\n<p>&nbsp;<\/p>\n<p>&nbsp;<\/p>\n<p>Session de coaching<strong> en\u00a0 ligne<\/strong><\/p>\n<p><strong>Dur\u00e9e<\/strong> : U<span data-sheets-value=\"{&quot;1&quot;:2,&quot;2&quot;:&quot;Permanence de 4h avec un cr\u00e9neau de 1h par participante (+ 15 minutes entre chaque)&quot;}\" data-sheets-userformat=\"{&quot;2&quot;:7167,&quot;3&quot;:{&quot;1&quot;:0},&quot;4&quot;:{&quot;1&quot;:2,&quot;2&quot;:16777215},&quot;5&quot;:{&quot;1&quot;:[{&quot;1&quot;:2,&quot;2&quot;:0,&quot;5&quot;:{&quot;1&quot;:2,&quot;2&quot;:0}},{&quot;1&quot;:0,&quot;2&quot;:0,&quot;3&quot;:3},{&quot;1&quot;:1,&quot;2&quot;:0,&quot;4&quot;:1}]},&quot;6&quot;:{&quot;1&quot;:[{&quot;1&quot;:2,&quot;2&quot;:0,&quot;5&quot;:{&quot;1&quot;:2,&quot;2&quot;:0}},{&quot;1&quot;:0,&quot;2&quot;:0,&quot;3&quot;:3},{&quot;1&quot;:1,&quot;2&quot;:0,&quot;4&quot;:1}]},&quot;7&quot;:{&quot;1&quot;:[{&quot;1&quot;:2,&quot;2&quot;:0,&quot;5&quot;:{&quot;1&quot;:2,&quot;2&quot;:0}},{&quot;1&quot;:0,&quot;2&quot;:0,&quot;3&quot;:3},{&quot;1&quot;:1,&quot;2&quot;:0,&quot;4&quot;:1}]},&quot;8&quot;:{&quot;1&quot;:[{&quot;1&quot;:2,&quot;2&quot;:0,&quot;5&quot;:{&quot;1&quot;:2,&quot;2&quot;:0}},{&quot;1&quot;:0,&quot;2&quot;:0,&quot;3&quot;:3},{&quot;1&quot;:1,&quot;2&quot;:0,&quot;4&quot;:1}]},&quot;9&quot;:0,&quot;10&quot;:1,&quot;11&quot;:4,&quot;12&quot;:0,&quot;14&quot;:{&quot;1&quot;:2,&quot;2&quot;:0},&quot;15&quot;:&quot;Calibri&quot;}\">n cr\u00e9neau de 1h en individuel<\/span><\/p>\n<p>&nbsp;<\/p>\n<p>Ce projet est co-financ\u00e9 par le Fonds Social Europ\u00e9en.<\/p>\n<p><img decoding=\"async\" class=\"alignnone size-medium wp-image-15794\" src=\"https:\/\/empow-her.com\/wp-content\/uploads\/2021\/07\/fse-logos-1-300x54.png\" alt=\"\" width=\"300\" height=\"54\" srcset=\"https:\/\/empow-her.com\/wp-content\/uploads\/2021\/07\/fse-logos-1-300x54.png 300w, https:\/\/empow-her.com\/wp-content\/uploads\/2021\/07\/fse-logos-1-600x108.png 600w, https:\/\/empow-her.com\/wp-content\/uploads\/2021\/07\/fse-logos-1-1024x184.png 1024w, https:\/\/empow-her.com\/wp-content\/uploads\/2021\/07\/fse-logos-1-768x138.png 768w, https:\/\/empow-her.com\/wp-content\/uploads\/2021\/07\/fse-logos-1-1536x275.png 1536w, https:\/\/empow-her.com\/wp-content\/uploads\/2021\/07\/fse-logos-1-2048x367.png 2048w, https:\/\/empow-her.com\/wp-content\/uploads\/2021\/07\/fse-logos-1-24x4.png 24w, https:\/\/empow-her.com\/wp-content\/uploads\/2021\/07\/fse-logos-1-36x6.png 36w, https:\/\/empow-her.com\/wp-content\/uploads\/2021\/07\/fse-logos-1-48x9.png 48w\" sizes=\"(max-width: 300px) 100vw, 300px\" \/><\/p>\n","protected":false},"featured_media":115219,"template":"","format":"standard","meta":{"_acf_changed":false,"om_disable_all_campaigns":false,"_uf_show_specific_survey":0,"_uf_disable_surveys":false},"product_brand":[],"product_cat":[121],"product_tag":[],"lieu":[125],"thematiques":[],"class_list":{"0":"post-115218","1":"product","2":"type-product","3":"status-publish","4":"format-standard","5":"has-post-thumbnail","7":"product_cat-coaching","8":"lieu-en-ligne","10":"first","11":"instock","12":"virtual","13":"purchasable","14":"product-type-appointment"},"exclude_global_add_ons":[],"addons":[],"acf":[],"yoast_head":"<!-- This site is optimized with the Yoast SEO plugin v24.8 - https:\/\/yoast.com\/wordpress\/plugins\/seo\/ -->\n<title>Coaching - Financement &amp; Pr\u00e9visions budg\u00e9taires - Empow&#039;Her<\/title>\n<meta name=\"robots\" content=\"index, follow, max-snippet:-1, max-image-preview:large, max-video-preview:-1\" \/>\n<link rel=\"canonical\" href=\"https:\/\/empow-her.com\/es\/produit\/coaching-financement-previsions-budgetaires-1-er-mars\/\" \/>\n<meta property=\"og:locale\" content=\"es_ES\" \/>\n<meta property=\"og:type\" content=\"article\" \/>\n<meta property=\"og:title\" content=\"Coaching - Financement &amp; Pr\u00e9visions budg\u00e9taires - Empow&#039;Her\" \/>\n<meta property=\"og:description\" content=\"Un coaching individuel avec un.e expert.e du financement pour travailler sur pr\u00e9visions, vos besoins de financements ou vous initier aux obligations comptables !   Lors de cet \u00e9change individuel,  - Vos pr\u00e9visions budg\u00e9taires et les investissements \u00e0 pr\u00e9voir pour votre projet ; - La r\u00e9daction de votre Business Plan, la construction de votre pr\u00e9visionnel financier ; - L&#039;identification de solutions de financement adapt\u00e9s pour votre projet ; - Les bases de comptabilit\u00e9 et vos obligations comptables en tant qu&#039;entrepreneure...  Une question pr\u00e9cise ? Envoyez-l\u00e0 \u00e0 votre r\u00e9f\u00e9rente Empow&#039;Her avant votre coaching pour en informer l&#039;intervenant\u00b7e !    &nbsp;  Intervenant.e.s :\u00a0 Omar Bendjelloun, J\u00e9remy Kadosche  Pr\u00e9sentation :  Omar est passionn\u00e9 de finance \u00e0 impact et d&#039;entrepreneuriat engag\u00e9 ! Ex. investisseur \u00e0 impact durant les 6 derni\u00e8res ann\u00e9es, notamment dans le fonds d&#039;investissement INCO et chez France Active. D\u00e9sormais fondateur de FINETIC qui a 3 offres : direction financi\u00e8re externalis\u00e9e, accompagnement \u00e0 la lev\u00e9e de fonds, et coaching \u00e0 la carte !  Jeremy et fait partie de l&#039;\u00e9quipe Finetic qui intervient aupr\u00e8s d&#039;entrepreuneur.e.s \u00e0 impact dans les domaines de l&#039;accompagnement \u00e0 lev\u00e9e de fonds, la direction financi\u00e8re de start-up ainsi que la formation et ateliers collectifs sur les sujets financiers. Il a travaill\u00e9 en tant que consultant pour des grands groupes ainsi que professeur ces 10 derni\u00e8res ann\u00e9es, en France et \u00e0 l&#039;\u00e9tranger. Les tableaux pleins de chiffres n&#039;ont pas de secrets pour lui !   Leurs supers pouvoirs :  Excel !  Une vue d&#039;ensemble &quot;analytique&quot; des choses !  Leur petit mot :  &quot;Foncez, il n&#039;y a pas d&#039;\u00e9chec dans l&#039;entrepreneuriat : au pire, il y a des apprentissages !&quot;, Omar.   &quot;Bravo pour cette premi\u00e8re d\u00e9marche vers l&#039;entreprenariat. Nous allons faire tout notre possible pour vous accompagner vers votre r\u00eave et partager notre exp\u00e9rience avec vous !!!!&quot;, J\u00e9r\u00e9my.   &nbsp;  &nbsp;  Session de coaching en\u00a0 ligne  Dur\u00e9e : Un cr\u00e9neau de 1h en individuel  &nbsp;  Ce projet est co-financ\u00e9 par le Fonds Social Europ\u00e9en.\" \/>\n<meta property=\"og:url\" content=\"https:\/\/empow-her.com\/es\/produit\/coaching-financement-previsions-budgetaires-1-er-mars\/\" \/>\n<meta property=\"og:site_name\" content=\"Empow&#039;Her\" \/>\n<meta property=\"article:modified_time\" content=\"2022-02-14T15:42:24+00:00\" \/>\n<meta property=\"og:image\" content=\"https:\/\/empow-her.com\/wp-content\/uploads\/2022\/02\/TEMPLATES-EVENTS-WOMEN-DARE-52.png\" \/>\n\t<meta property=\"og:image:width\" content=\"1080\" \/>\n\t<meta property=\"og:image:height\" content=\"1080\" \/>\n\t<meta property=\"og:image:type\" content=\"image\/png\" \/>\n<meta name=\"twitter:card\" content=\"summary_large_image\" \/>\n<script type=\"application\/ld+json\" class=\"yoast-schema-graph\">{\"@context\":\"https:\/\/schema.org\",\"@graph\":[{\"@type\":\"WebPage\",\"@id\":\"https:\/\/empow-her.com\/es\/produit\/coaching-financement-previsions-budgetaires-1-er-mars\/\",\"url\":\"https:\/\/empow-her.com\/es\/produit\/coaching-financement-previsions-budgetaires-1-er-mars\/\",\"name\":\"Coaching - Financement & Pr\u00e9visions budg\u00e9taires - Empow&#039;Her\",\"isPartOf\":{\"@id\":\"https:\/\/empow-her.com\/#website\"},\"primaryImageOfPage\":{\"@id\":\"https:\/\/empow-her.com\/es\/produit\/coaching-financement-previsions-budgetaires-1-er-mars\/#primaryimage\"},\"image\":{\"@id\":\"https:\/\/empow-her.com\/es\/produit\/coaching-financement-previsions-budgetaires-1-er-mars\/#primaryimage\"},\"thumbnailUrl\":\"https:\/\/empow-her.com\/wp-content\/uploads\/2022\/02\/TEMPLATES-EVENTS-WOMEN-DARE-52.png\",\"datePublished\":\"2022-02-09T10:37:06+00:00\",\"dateModified\":\"2022-02-14T15:42:24+00:00\",\"breadcrumb\":{\"@id\":\"https:\/\/empow-her.com\/es\/produit\/coaching-financement-previsions-budgetaires-1-er-mars\/#breadcrumb\"},\"inLanguage\":\"es\",\"potentialAction\":[{\"@type\":\"ReadAction\",\"target\":[\"https:\/\/empow-her.com\/es\/produit\/coaching-financement-previsions-budgetaires-1-er-mars\/\"]}]},{\"@type\":\"ImageObject\",\"inLanguage\":\"es\",\"@id\":\"https:\/\/empow-her.com\/es\/produit\/coaching-financement-previsions-budgetaires-1-er-mars\/#primaryimage\",\"url\":\"https:\/\/empow-her.com\/wp-content\/uploads\/2022\/02\/TEMPLATES-EVENTS-WOMEN-DARE-52.png\",\"contentUrl\":\"https:\/\/empow-her.com\/wp-content\/uploads\/2022\/02\/TEMPLATES-EVENTS-WOMEN-DARE-52.png\",\"width\":1080,\"height\":1080},{\"@type\":\"BreadcrumbList\",\"@id\":\"https:\/\/empow-her.com\/es\/produit\/coaching-financement-previsions-budgetaires-1-er-mars\/#breadcrumb\",\"itemListElement\":[{\"@type\":\"ListItem\",\"position\":1,\"name\":\"Accueil\",\"item\":\"https:\/\/empow-her.com\/es\/inicio\/\"},{\"@type\":\"ListItem\",\"position\":2,\"name\":\"LA BOUTIQUE\",\"item\":\"https:\/\/empow-her.com\/boutique\/\"},{\"@type\":\"ListItem\",\"position\":3,\"name\":\"Coaching &#8211; Financement &#038; Pr\u00e9visions budg\u00e9taires\"}]},{\"@type\":\"WebSite\",\"@id\":\"https:\/\/empow-her.com\/#website\",\"url\":\"https:\/\/empow-her.com\/\",\"name\":\"Empow&#039;Her\",\"description\":\"Women Development\",\"potentialAction\":[{\"@type\":\"SearchAction\",\"target\":{\"@type\":\"EntryPoint\",\"urlTemplate\":\"https:\/\/empow-her.com\/?s={search_term_string}\"},\"query-input\":{\"@type\":\"PropertyValueSpecification\",\"valueRequired\":true,\"valueName\":\"search_term_string\"}}],\"inLanguage\":\"es\"}]}<\/script>\n<!-- \/ Yoast SEO plugin. -->","yoast_head_json":{"title":"Coaching - Financement & Pr\u00e9visions budg\u00e9taires - Empow&#039;Her","robots":{"index":"index","follow":"follow","max-snippet":"max-snippet:-1","max-image-preview":"max-image-preview:large","max-video-preview":"max-video-preview:-1"},"canonical":"https:\/\/empow-her.com\/es\/produit\/coaching-financement-previsions-budgetaires-1-er-mars\/","og_locale":"es_ES","og_type":"article","og_title":"Coaching - Financement & Pr\u00e9visions budg\u00e9taires - Empow&#039;Her","og_description":"Un coaching individuel avec un.e expert.e du financement pour travailler sur pr\u00e9visions, vos besoins de financements ou vous initier aux obligations comptables !   Lors de cet \u00e9change individuel,  - Vos pr\u00e9visions budg\u00e9taires et les investissements \u00e0 pr\u00e9voir pour votre projet ; - La r\u00e9daction de votre Business Plan, la construction de votre pr\u00e9visionnel financier ; - L'identification de solutions de financement adapt\u00e9s pour votre projet ; - Les bases de comptabilit\u00e9 et vos obligations comptables en tant qu'entrepreneure...  Une question pr\u00e9cise ? Envoyez-l\u00e0 \u00e0 votre r\u00e9f\u00e9rente Empow'Her avant votre coaching pour en informer l'intervenant\u00b7e !    &nbsp;  Intervenant.e.s :\u00a0 Omar Bendjelloun, J\u00e9remy Kadosche  Pr\u00e9sentation :  Omar est passionn\u00e9 de finance \u00e0 impact et d'entrepreneuriat engag\u00e9 ! Ex. investisseur \u00e0 impact durant les 6 derni\u00e8res ann\u00e9es, notamment dans le fonds d'investissement INCO et chez France Active. D\u00e9sormais fondateur de FINETIC qui a 3 offres : direction financi\u00e8re externalis\u00e9e, accompagnement \u00e0 la lev\u00e9e de fonds, et coaching \u00e0 la carte !  Jeremy et fait partie de l'\u00e9quipe Finetic qui intervient aupr\u00e8s d'entrepreuneur.e.s \u00e0 impact dans les domaines de l'accompagnement \u00e0 lev\u00e9e de fonds, la direction financi\u00e8re de start-up ainsi que la formation et ateliers collectifs sur les sujets financiers. Il a travaill\u00e9 en tant que consultant pour des grands groupes ainsi que professeur ces 10 derni\u00e8res ann\u00e9es, en France et \u00e0 l'\u00e9tranger. Les tableaux pleins de chiffres n'ont pas de secrets pour lui !   Leurs supers pouvoirs :  Excel !  Une vue d'ensemble \"analytique\" des choses !  Leur petit mot :  \"Foncez, il n'y a pas d'\u00e9chec dans l'entrepreneuriat : au pire, il y a des apprentissages !\", Omar.   \"Bravo pour cette premi\u00e8re d\u00e9marche vers l'entreprenariat. Nous allons faire tout notre possible pour vous accompagner vers votre r\u00eave et partager notre exp\u00e9rience avec vous !!!!\", J\u00e9r\u00e9my.   &nbsp;  &nbsp;  Session de coaching en\u00a0 ligne  Dur\u00e9e : Un cr\u00e9neau de 1h en individuel  &nbsp;  Ce projet est co-financ\u00e9 par le Fonds Social Europ\u00e9en.","og_url":"https:\/\/empow-her.com\/es\/produit\/coaching-financement-previsions-budgetaires-1-er-mars\/","og_site_name":"Empow&#039;Her","article_modified_time":"2022-02-14T15:42:24+00:00","og_image":[{"width":1080,"height":1080,"url":"https:\/\/empow-her.com\/wp-content\/uploads\/2022\/02\/TEMPLATES-EVENTS-WOMEN-DARE-52.png","type":"image\/png"}],"twitter_card":"summary_large_image","schema":{"@context":"https:\/\/schema.org","@graph":[{"@type":"WebPage","@id":"https:\/\/empow-her.com\/es\/produit\/coaching-financement-previsions-budgetaires-1-er-mars\/","url":"https:\/\/empow-her.com\/es\/produit\/coaching-financement-previsions-budgetaires-1-er-mars\/","name":"Coaching - Financement & Pr\u00e9visions budg\u00e9taires - Empow&#039;Her","isPartOf":{"@id":"https:\/\/empow-her.com\/#website"},"primaryImageOfPage":{"@id":"https:\/\/empow-her.com\/es\/produit\/coaching-financement-previsions-budgetaires-1-er-mars\/#primaryimage"},"image":{"@id":"https:\/\/empow-her.com\/es\/produit\/coaching-financement-previsions-budgetaires-1-er-mars\/#primaryimage"},"thumbnailUrl":"https:\/\/empow-her.com\/wp-content\/uploads\/2022\/02\/TEMPLATES-EVENTS-WOMEN-DARE-52.png","datePublished":"2022-02-09T10:37:06+00:00","dateModified":"2022-02-14T15:42:24+00:00","breadcrumb":{"@id":"https:\/\/empow-her.com\/es\/produit\/coaching-financement-previsions-budgetaires-1-er-mars\/#breadcrumb"},"inLanguage":"es","potentialAction":[{"@type":"ReadAction","target":["https:\/\/empow-her.com\/es\/produit\/coaching-financement-previsions-budgetaires-1-er-mars\/"]}]},{"@type":"ImageObject","inLanguage":"es","@id":"https:\/\/empow-her.com\/es\/produit\/coaching-financement-previsions-budgetaires-1-er-mars\/#primaryimage","url":"https:\/\/empow-her.com\/wp-content\/uploads\/2022\/02\/TEMPLATES-EVENTS-WOMEN-DARE-52.png","contentUrl":"https:\/\/empow-her.com\/wp-content\/uploads\/2022\/02\/TEMPLATES-EVENTS-WOMEN-DARE-52.png","width":1080,"height":1080},{"@type":"BreadcrumbList","@id":"https:\/\/empow-her.com\/es\/produit\/coaching-financement-previsions-budgetaires-1-er-mars\/#breadcrumb","itemListElement":[{"@type":"ListItem","position":1,"name":"Accueil","item":"https:\/\/empow-her.com\/es\/inicio\/"},{"@type":"ListItem","position":2,"name":"LA BOUTIQUE","item":"https:\/\/empow-her.com\/boutique\/"},{"@type":"ListItem","position":3,"name":"Coaching &#8211; Financement &#038; Pr\u00e9visions budg\u00e9taires"}]},{"@type":"WebSite","@id":"https:\/\/empow-her.com\/#website","url":"https:\/\/empow-her.com\/","name":"Empow&#039;Her","description":"Women Development","potentialAction":[{"@type":"SearchAction","target":{"@type":"EntryPoint","urlTemplate":"https:\/\/empow-her.com\/?s={search_term_string}"},"query-input":{"@type":"PropertyValueSpecification","valueRequired":true,"valueName":"search_term_string"}}],"inLanguage":"es"}]}},"_links":{"self":[{"href":"https:\/\/empow-her.com\/es\/wp-json\/wp\/v2\/product\/115218","targetHints":{"allow":["GET"]}}],"collection":[{"href":"https:\/\/empow-her.com\/es\/wp-json\/wp\/v2\/product"}],"about":[{"href":"https:\/\/empow-her.com\/es\/wp-json\/wp\/v2\/types\/product"}],"wp:featuredmedia":[{"embeddable":true,"href":"https:\/\/empow-her.com\/es\/wp-json\/wp\/v2\/media\/115219"}],"wp:attachment":[{"href":"https:\/\/empow-her.com\/es\/wp-json\/wp\/v2\/media?parent=115218"}],"wp:term":[{"taxonomy":"product_brand","embeddable":true,"href":"https:\/\/empow-her.com\/es\/wp-json\/wp\/v2\/product_brand?post=115218"},{"taxonomy":"product_cat","embeddable":true,"href":"https:\/\/empow-her.com\/es\/wp-json\/wp\/v2\/product_cat?post=115218"},{"taxonomy":"product_tag","embeddable":true,"href":"https:\/\/empow-her.com\/es\/wp-json\/wp\/v2\/product_tag?post=115218"},{"taxonomy":"lieu","embeddable":true,"href":"https:\/\/empow-her.com\/es\/wp-json\/wp\/v2\/lieu?post=115218"},{"taxonomy":"thematiques","embeddable":true,"href":"https:\/\/empow-her.com\/es\/wp-json\/wp\/v2\/thematiques?post=115218"}],"curies":[{"name":"wp","href":"https:\/\/api.w.org\/{rel}","templated":true}]}}