{"id":114597,"date":"2022-01-05T15:46:55","date_gmt":"2022-01-05T14:46:55","guid":{"rendered":"https:\/\/empow-her.com\/?post_type=product&#038;p=114597"},"modified":"2022-01-05T15:49:42","modified_gmt":"2022-01-05T14:49:42","slug":"coaching-pitcher-mon-projet-04-fev","status":"publish","type":"product","link":"https:\/\/empow-her.com\/es\/produit\/coaching-pitcher-mon-projet-04-fev\/","title":{"rendered":"Coaching &#8211; Pitcher mon projet"},"content":{"rendered":"","protected":false},"excerpt":{"rendered":"<div>\n<div><\/div>\n<\/div>\n<div>\n<div>\n<div>Rencontrez Farah Houari en coaching individuel pour apprendre \u00e0 pitcher ou perfectionner la pr\u00e9sentation de votre projet ! Prenez un temps d&#8217;\u00e9change pour perfectionner la pr\u00e9sentation de votre projet, en parler avec aisance et clart\u00e9 et convaincre avec un maximum d\u2019impact ! De la d\u00e9finition du pitch \u00e0 la prise de parole, en passant par l\u2019\u00e9laboration du contenu et la gestion du stress, vous verrez ensemble comment raconter l\u2019histoire de votre projet afin d\u2019atteindre vos objectifs. En amont de votre coaching, vous pouvez pr\u00e9parer une courte pr\u00e9sentation de votre projet (ou transmettre \u00e0 votre r\u00e9f\u00e9rente Empow&#8217;Her un support de pr\u00e9sentation si vous en avez un) sur laquelle vous pourrez travailler avec Farah.<\/div>\n<\/div>\n<\/div>\n<div><\/div>\n<div><\/div>\n<div><\/div>\n<div><\/div>\n<div><\/div>\n<div><\/div>\n<div><\/div>\n<div><\/div>\n<div><\/div>\n<div><\/div>\n<div><\/div>\n<div><\/div>\n<div>\n<div><strong>Intervenante :<\/strong><\/div>\n<div>\n<div>Farah Houari<\/div>\n<\/div>\n<\/div>\n<div><\/div>\n<div><\/div>\n<div><\/div>\n<div><\/div>\n<div><\/div>\n<div><\/div>\n<div><\/div>\n<div><\/div>\n<div><\/div>\n<div><\/div>\n<div>\n<div><strong>Description intervenant.e<\/strong><\/div>\n<div>\n<div>Farah Houari de Boost Positive Dipl\u00f4m\u00e9e en Affaires Europ\u00e9ennes de King\u2019s College London, Farah s&#8217;est par la suite consacr\u00e9e \u00e0 son autre passion: le th\u00e9\u00e2tre ! Elle a travaill\u00e9 \u00e0 Paris et \u00e0 Londres, o\u00f9 elle suivi une formation professionnelle d\u2019acteurs \u00e0 la London Academy of Music and Dramatic Arts. Forte de ses acquis acad\u00e9miques et artistiques, elle allie rigueur et cr\u00e9ativit\u00e9 dans son approche du story-telling afin de permettre aux acteurs du secteur priv\u00e9 et publique d\u2019avoir un maximum d\u2019impact lors de leurs interventions publiques notamment. Elle croit profond\u00e9ment en l\u2019entrepreneuriat comme force de changement positif de nos soci\u00e9t\u00e9s et est convaincue que les femmes ont un r\u00f4le majeur \u00e0 jouer dans ce changement. Sa mission : vous aider \u00e0 atteindre vos objectifs et \u00e0 gagner en aisance, confiance et rayonnement !<\/div>\n<\/div>\n<\/div>\n<div><\/div>\n<div><\/div>\n<div><\/div>\n<div><\/div>\n<div><\/div>\n<div><\/div>\n<div><\/div>\n<div><\/div>\n<div><\/div>\n<div><\/div>\n<p>Session de coaching<strong> en\u00a0 ligne<\/strong><\/p>\n<p><strong>Dur\u00e9e<\/strong> : U<span data-sheets-value=\"{&quot;1&quot;:2,&quot;2&quot;:&quot;Permanence de 4h avec un cr\u00e9neau de 1h par participante (+ 15 minutes entre chaque)&quot;}\" data-sheets-userformat=\"{&quot;2&quot;:7167,&quot;3&quot;:{&quot;1&quot;:0},&quot;4&quot;:{&quot;1&quot;:2,&quot;2&quot;:16777215},&quot;5&quot;:{&quot;1&quot;:[{&quot;1&quot;:2,&quot;2&quot;:0,&quot;5&quot;:{&quot;1&quot;:2,&quot;2&quot;:0}},{&quot;1&quot;:0,&quot;2&quot;:0,&quot;3&quot;:3},{&quot;1&quot;:1,&quot;2&quot;:0,&quot;4&quot;:1}]},&quot;6&quot;:{&quot;1&quot;:[{&quot;1&quot;:2,&quot;2&quot;:0,&quot;5&quot;:{&quot;1&quot;:2,&quot;2&quot;:0}},{&quot;1&quot;:0,&quot;2&quot;:0,&quot;3&quot;:3},{&quot;1&quot;:1,&quot;2&quot;:0,&quot;4&quot;:1}]},&quot;7&quot;:{&quot;1&quot;:[{&quot;1&quot;:2,&quot;2&quot;:0,&quot;5&quot;:{&quot;1&quot;:2,&quot;2&quot;:0}},{&quot;1&quot;:0,&quot;2&quot;:0,&quot;3&quot;:3},{&quot;1&quot;:1,&quot;2&quot;:0,&quot;4&quot;:1}]},&quot;8&quot;:{&quot;1&quot;:[{&quot;1&quot;:2,&quot;2&quot;:0,&quot;5&quot;:{&quot;1&quot;:2,&quot;2&quot;:0}},{&quot;1&quot;:0,&quot;2&quot;:0,&quot;3&quot;:3},{&quot;1&quot;:1,&quot;2&quot;:0,&quot;4&quot;:1}]},&quot;9&quot;:0,&quot;10&quot;:1,&quot;11&quot;:4,&quot;12&quot;:0,&quot;14&quot;:{&quot;1&quot;:2,&quot;2&quot;:0},&quot;15&quot;:&quot;Calibri&quot;}\">n cr\u00e9neau de 1h en individuel<\/span><\/p>\n<p>&nbsp;<\/p>\n<p>Ce projet est co-financ\u00e9 par le Fonds Social Europ\u00e9en.<\/p>\n<p><img decoding=\"async\" class=\"alignnone size-medium wp-image-15794\" src=\"https:\/\/empow-her.com\/wp-content\/uploads\/2021\/07\/fse-logos-1-300x54.png\" alt=\"\" width=\"300\" height=\"54\" srcset=\"https:\/\/empow-her.com\/wp-content\/uploads\/2021\/07\/fse-logos-1-300x54.png 300w, https:\/\/empow-her.com\/wp-content\/uploads\/2021\/07\/fse-logos-1-600x108.png 600w, https:\/\/empow-her.com\/wp-content\/uploads\/2021\/07\/fse-logos-1-1024x184.png 1024w, https:\/\/empow-her.com\/wp-content\/uploads\/2021\/07\/fse-logos-1-768x138.png 768w, https:\/\/empow-her.com\/wp-content\/uploads\/2021\/07\/fse-logos-1-1536x275.png 1536w, https:\/\/empow-her.com\/wp-content\/uploads\/2021\/07\/fse-logos-1-2048x367.png 2048w, https:\/\/empow-her.com\/wp-content\/uploads\/2021\/07\/fse-logos-1-24x4.png 24w, https:\/\/empow-her.com\/wp-content\/uploads\/2021\/07\/fse-logos-1-36x6.png 36w, https:\/\/empow-her.com\/wp-content\/uploads\/2021\/07\/fse-logos-1-48x9.png 48w\" sizes=\"(max-width: 300px) 100vw, 300px\" \/><\/p>\n","protected":false},"featured_media":114598,"template":"","format":"standard","meta":{"_acf_changed":false,"om_disable_all_campaigns":false,"_uf_show_specific_survey":0,"_uf_disable_surveys":false},"product_brand":[],"product_cat":[121],"product_tag":[],"lieu":[125],"thematiques":[],"class_list":{"0":"post-114597","1":"product","2":"type-product","3":"status-publish","4":"format-standard","5":"has-post-thumbnail","7":"product_cat-coaching","8":"lieu-en-ligne","10":"first","11":"instock","12":"virtual","13":"purchasable","14":"product-type-appointment"},"exclude_global_add_ons":[],"addons":[],"acf":[],"yoast_head":"<!-- This site is optimized with the Yoast SEO plugin v24.8 - https:\/\/yoast.com\/wordpress\/plugins\/seo\/ -->\n<title>Coaching - Pitcher mon projet - Empow&#039;Her<\/title>\n<meta name=\"robots\" content=\"index, follow, max-snippet:-1, max-image-preview:large, max-video-preview:-1\" \/>\n<link rel=\"canonical\" href=\"https:\/\/empow-her.com\/en\/produit\/coaching-pitcher-mon-projet-04-fev\/\" \/>\n<meta property=\"og:locale\" content=\"es_ES\" \/>\n<meta property=\"og:type\" content=\"article\" \/>\n<meta property=\"og:title\" content=\"Coaching - Pitcher mon projet - Empow&#039;Her\" \/>\n<meta property=\"og:description\" content=\"Rencontrez Farah Houari en coaching individuel pour apprendre \u00e0 pitcher ou perfectionner la pr\u00e9sentation de votre projet ! Prenez un temps d&#039;\u00e9change pour perfectionner la pr\u00e9sentation de votre projet, en parler avec aisance et clart\u00e9 et convaincre avec un maximum d\u2019impact ! De la d\u00e9finition du pitch \u00e0 la prise de parole, en passant par l\u2019\u00e9laboration du contenu et la gestion du stress, vous verrez ensemble comment raconter l\u2019histoire de votre projet afin d\u2019atteindre vos objectifs. En amont de votre coaching, vous pouvez pr\u00e9parer une courte pr\u00e9sentation de votre projet (ou transmettre \u00e0 votre r\u00e9f\u00e9rente Empow&#039;Her un support de pr\u00e9sentation si vous en avez un) sur laquelle vous pourrez travailler avec Farah.                Intervenante :  Farah Houari              Description intervenant.e  Farah Houari de Boost Positive Dipl\u00f4m\u00e9e en Affaires Europ\u00e9ennes de King\u2019s College London, Farah s&#039;est par la suite consacr\u00e9e \u00e0 son autre passion: le th\u00e9\u00e2tre ! Elle a travaill\u00e9 \u00e0 Paris et \u00e0 Londres, o\u00f9 elle suivi une formation professionnelle d\u2019acteurs \u00e0 la London Academy of Music and Dramatic Arts. Forte de ses acquis acad\u00e9miques et artistiques, elle allie rigueur et cr\u00e9ativit\u00e9 dans son approche du story-telling afin de permettre aux acteurs du secteur priv\u00e9 et publique d\u2019avoir un maximum d\u2019impact lors de leurs interventions publiques notamment. Elle croit profond\u00e9ment en l\u2019entrepreneuriat comme force de changement positif de nos soci\u00e9t\u00e9s et est convaincue que les femmes ont un r\u00f4le majeur \u00e0 jouer dans ce changement. Sa mission : vous aider \u00e0 atteindre vos objectifs et \u00e0 gagner en aisance, confiance et rayonnement !             Session de coaching en\u00a0 ligne  Dur\u00e9e : Un cr\u00e9neau de 1h en individuel  &nbsp;  Ce projet est co-financ\u00e9 par le Fonds Social Europ\u00e9en.\" \/>\n<meta property=\"og:url\" content=\"https:\/\/empow-her.com\/en\/produit\/coaching-pitcher-mon-projet-04-fev\/\" \/>\n<meta property=\"og:site_name\" content=\"Empow&#039;Her\" \/>\n<meta property=\"article:modified_time\" content=\"2022-01-05T14:49:42+00:00\" \/>\n<meta property=\"og:image\" content=\"https:\/\/empow-her.com\/wp-content\/uploads\/2022\/01\/TEMPLATES-EVENTS-WOMEN-DARE-46.png\" \/>\n\t<meta property=\"og:image:width\" content=\"1080\" \/>\n\t<meta property=\"og:image:height\" content=\"1080\" \/>\n\t<meta property=\"og:image:type\" content=\"image\/png\" \/>\n<meta name=\"twitter:card\" content=\"summary_large_image\" \/>\n<script type=\"application\/ld+json\" class=\"yoast-schema-graph\">{\"@context\":\"https:\/\/schema.org\",\"@graph\":[{\"@type\":\"WebPage\",\"@id\":\"https:\/\/empow-her.com\/en\/produit\/coaching-pitcher-mon-projet-04-fev\/\",\"url\":\"https:\/\/empow-her.com\/en\/produit\/coaching-pitcher-mon-projet-04-fev\/\",\"name\":\"Coaching - Pitcher mon projet - Empow&#039;Her\",\"isPartOf\":{\"@id\":\"https:\/\/empow-her.com\/#website\"},\"primaryImageOfPage\":{\"@id\":\"https:\/\/empow-her.com\/en\/produit\/coaching-pitcher-mon-projet-04-fev\/#primaryimage\"},\"image\":{\"@id\":\"https:\/\/empow-her.com\/en\/produit\/coaching-pitcher-mon-projet-04-fev\/#primaryimage\"},\"thumbnailUrl\":\"https:\/\/empow-her.com\/wp-content\/uploads\/2022\/01\/TEMPLATES-EVENTS-WOMEN-DARE-46.png\",\"datePublished\":\"2022-01-05T14:46:55+00:00\",\"dateModified\":\"2022-01-05T14:49:42+00:00\",\"breadcrumb\":{\"@id\":\"https:\/\/empow-her.com\/en\/produit\/coaching-pitcher-mon-projet-04-fev\/#breadcrumb\"},\"inLanguage\":\"es\",\"potentialAction\":[{\"@type\":\"ReadAction\",\"target\":[\"https:\/\/empow-her.com\/en\/produit\/coaching-pitcher-mon-projet-04-fev\/\"]}]},{\"@type\":\"ImageObject\",\"inLanguage\":\"es\",\"@id\":\"https:\/\/empow-her.com\/en\/produit\/coaching-pitcher-mon-projet-04-fev\/#primaryimage\",\"url\":\"https:\/\/empow-her.com\/wp-content\/uploads\/2022\/01\/TEMPLATES-EVENTS-WOMEN-DARE-46.png\",\"contentUrl\":\"https:\/\/empow-her.com\/wp-content\/uploads\/2022\/01\/TEMPLATES-EVENTS-WOMEN-DARE-46.png\",\"width\":1080,\"height\":1080},{\"@type\":\"BreadcrumbList\",\"@id\":\"https:\/\/empow-her.com\/en\/produit\/coaching-pitcher-mon-projet-04-fev\/#breadcrumb\",\"itemListElement\":[{\"@type\":\"ListItem\",\"position\":1,\"name\":\"Accueil\",\"item\":\"https:\/\/empow-her.com\/es\/inicio\/\"},{\"@type\":\"ListItem\",\"position\":2,\"name\":\"LA BOUTIQUE\",\"item\":\"https:\/\/empow-her.com\/boutique\/\"},{\"@type\":\"ListItem\",\"position\":3,\"name\":\"Coaching &#8211; Pitcher mon projet\"}]},{\"@type\":\"WebSite\",\"@id\":\"https:\/\/empow-her.com\/#website\",\"url\":\"https:\/\/empow-her.com\/\",\"name\":\"Empow&#039;Her\",\"description\":\"Women Development\",\"potentialAction\":[{\"@type\":\"SearchAction\",\"target\":{\"@type\":\"EntryPoint\",\"urlTemplate\":\"https:\/\/empow-her.com\/?s={search_term_string}\"},\"query-input\":{\"@type\":\"PropertyValueSpecification\",\"valueRequired\":true,\"valueName\":\"search_term_string\"}}],\"inLanguage\":\"es\"}]}<\/script>\n<!-- \/ Yoast SEO plugin. -->","yoast_head_json":{"title":"Coaching - Pitcher mon projet - Empow&#039;Her","robots":{"index":"index","follow":"follow","max-snippet":"max-snippet:-1","max-image-preview":"max-image-preview:large","max-video-preview":"max-video-preview:-1"},"canonical":"https:\/\/empow-her.com\/en\/produit\/coaching-pitcher-mon-projet-04-fev\/","og_locale":"es_ES","og_type":"article","og_title":"Coaching - Pitcher mon projet - Empow&#039;Her","og_description":"Rencontrez Farah Houari en coaching individuel pour apprendre \u00e0 pitcher ou perfectionner la pr\u00e9sentation de votre projet ! Prenez un temps d'\u00e9change pour perfectionner la pr\u00e9sentation de votre projet, en parler avec aisance et clart\u00e9 et convaincre avec un maximum d\u2019impact ! De la d\u00e9finition du pitch \u00e0 la prise de parole, en passant par l\u2019\u00e9laboration du contenu et la gestion du stress, vous verrez ensemble comment raconter l\u2019histoire de votre projet afin d\u2019atteindre vos objectifs. En amont de votre coaching, vous pouvez pr\u00e9parer une courte pr\u00e9sentation de votre projet (ou transmettre \u00e0 votre r\u00e9f\u00e9rente Empow'Her un support de pr\u00e9sentation si vous en avez un) sur laquelle vous pourrez travailler avec Farah.                Intervenante :  Farah Houari              Description intervenant.e  Farah Houari de Boost Positive Dipl\u00f4m\u00e9e en Affaires Europ\u00e9ennes de King\u2019s College London, Farah s'est par la suite consacr\u00e9e \u00e0 son autre passion: le th\u00e9\u00e2tre ! Elle a travaill\u00e9 \u00e0 Paris et \u00e0 Londres, o\u00f9 elle suivi une formation professionnelle d\u2019acteurs \u00e0 la London Academy of Music and Dramatic Arts. Forte de ses acquis acad\u00e9miques et artistiques, elle allie rigueur et cr\u00e9ativit\u00e9 dans son approche du story-telling afin de permettre aux acteurs du secteur priv\u00e9 et publique d\u2019avoir un maximum d\u2019impact lors de leurs interventions publiques notamment. Elle croit profond\u00e9ment en l\u2019entrepreneuriat comme force de changement positif de nos soci\u00e9t\u00e9s et est convaincue que les femmes ont un r\u00f4le majeur \u00e0 jouer dans ce changement. Sa mission : vous aider \u00e0 atteindre vos objectifs et \u00e0 gagner en aisance, confiance et rayonnement !             Session de coaching en\u00a0 ligne  Dur\u00e9e : Un cr\u00e9neau de 1h en individuel  &nbsp;  Ce projet est co-financ\u00e9 par le Fonds Social Europ\u00e9en.","og_url":"https:\/\/empow-her.com\/en\/produit\/coaching-pitcher-mon-projet-04-fev\/","og_site_name":"Empow&#039;Her","article_modified_time":"2022-01-05T14:49:42+00:00","og_image":[{"width":1080,"height":1080,"url":"https:\/\/empow-her.com\/wp-content\/uploads\/2022\/01\/TEMPLATES-EVENTS-WOMEN-DARE-46.png","type":"image\/png"}],"twitter_card":"summary_large_image","schema":{"@context":"https:\/\/schema.org","@graph":[{"@type":"WebPage","@id":"https:\/\/empow-her.com\/en\/produit\/coaching-pitcher-mon-projet-04-fev\/","url":"https:\/\/empow-her.com\/en\/produit\/coaching-pitcher-mon-projet-04-fev\/","name":"Coaching - Pitcher mon projet - Empow&#039;Her","isPartOf":{"@id":"https:\/\/empow-her.com\/#website"},"primaryImageOfPage":{"@id":"https:\/\/empow-her.com\/en\/produit\/coaching-pitcher-mon-projet-04-fev\/#primaryimage"},"image":{"@id":"https:\/\/empow-her.com\/en\/produit\/coaching-pitcher-mon-projet-04-fev\/#primaryimage"},"thumbnailUrl":"https:\/\/empow-her.com\/wp-content\/uploads\/2022\/01\/TEMPLATES-EVENTS-WOMEN-DARE-46.png","datePublished":"2022-01-05T14:46:55+00:00","dateModified":"2022-01-05T14:49:42+00:00","breadcrumb":{"@id":"https:\/\/empow-her.com\/en\/produit\/coaching-pitcher-mon-projet-04-fev\/#breadcrumb"},"inLanguage":"es","potentialAction":[{"@type":"ReadAction","target":["https:\/\/empow-her.com\/en\/produit\/coaching-pitcher-mon-projet-04-fev\/"]}]},{"@type":"ImageObject","inLanguage":"es","@id":"https:\/\/empow-her.com\/en\/produit\/coaching-pitcher-mon-projet-04-fev\/#primaryimage","url":"https:\/\/empow-her.com\/wp-content\/uploads\/2022\/01\/TEMPLATES-EVENTS-WOMEN-DARE-46.png","contentUrl":"https:\/\/empow-her.com\/wp-content\/uploads\/2022\/01\/TEMPLATES-EVENTS-WOMEN-DARE-46.png","width":1080,"height":1080},{"@type":"BreadcrumbList","@id":"https:\/\/empow-her.com\/en\/produit\/coaching-pitcher-mon-projet-04-fev\/#breadcrumb","itemListElement":[{"@type":"ListItem","position":1,"name":"Accueil","item":"https:\/\/empow-her.com\/es\/inicio\/"},{"@type":"ListItem","position":2,"name":"LA BOUTIQUE","item":"https:\/\/empow-her.com\/boutique\/"},{"@type":"ListItem","position":3,"name":"Coaching &#8211; Pitcher mon projet"}]},{"@type":"WebSite","@id":"https:\/\/empow-her.com\/#website","url":"https:\/\/empow-her.com\/","name":"Empow&#039;Her","description":"Women Development","potentialAction":[{"@type":"SearchAction","target":{"@type":"EntryPoint","urlTemplate":"https:\/\/empow-her.com\/?s={search_term_string}"},"query-input":{"@type":"PropertyValueSpecification","valueRequired":true,"valueName":"search_term_string"}}],"inLanguage":"es"}]}},"_links":{"self":[{"href":"https:\/\/empow-her.com\/es\/wp-json\/wp\/v2\/product\/114597","targetHints":{"allow":["GET"]}}],"collection":[{"href":"https:\/\/empow-her.com\/es\/wp-json\/wp\/v2\/product"}],"about":[{"href":"https:\/\/empow-her.com\/es\/wp-json\/wp\/v2\/types\/product"}],"wp:featuredmedia":[{"embeddable":true,"href":"https:\/\/empow-her.com\/es\/wp-json\/wp\/v2\/media\/114598"}],"wp:attachment":[{"href":"https:\/\/empow-her.com\/es\/wp-json\/wp\/v2\/media?parent=114597"}],"wp:term":[{"taxonomy":"product_brand","embeddable":true,"href":"https:\/\/empow-her.com\/es\/wp-json\/wp\/v2\/product_brand?post=114597"},{"taxonomy":"product_cat","embeddable":true,"href":"https:\/\/empow-her.com\/es\/wp-json\/wp\/v2\/product_cat?post=114597"},{"taxonomy":"product_tag","embeddable":true,"href":"https:\/\/empow-her.com\/es\/wp-json\/wp\/v2\/product_tag?post=114597"},{"taxonomy":"lieu","embeddable":true,"href":"https:\/\/empow-her.com\/es\/wp-json\/wp\/v2\/lieu?post=114597"},{"taxonomy":"thematiques","embeddable":true,"href":"https:\/\/empow-her.com\/es\/wp-json\/wp\/v2\/thematiques?post=114597"}],"curies":[{"name":"wp","href":"https:\/\/api.w.org\/{rel}","templated":true}]}}