{"id":114551,"date":"2022-01-04T14:45:51","date_gmt":"2022-01-04T13:45:51","guid":{"rendered":"https:\/\/empow-her.com\/?post_type=product&#038;p=114551"},"modified":"2022-01-13T10:47:14","modified_gmt":"2022-01-13T09:47:14","slug":"coaching-marketing-communication-1er-fev","status":"publish","type":"product","link":"https:\/\/empow-her.com\/es\/produit\/coaching-marketing-communication-1er-fev\/","title":{"rendered":"Coaching &#8211; Marketing &#038; Communication"},"content":{"rendered":"","protected":false},"excerpt":{"rendered":"<div>\n<div>\n<div>\n<div>Un \u00e9change individuel d&#8217;une heure pour r\u00e9pondre \u00e0 vos questions et travailler sur le marketing et la communication, des points essentiels pour faire conna\u00eetre votre projet, rassembler autour de votre vision et cr\u00e9er un lien avec vos potentiels clients ou partenaires !<\/div>\n<div><\/div>\n<div>Trouver votre identit\u00e9 de marque, lancer une campagne de communication, choisir la bonne tonalit\u00e9 et les bons canaux pour parler \u00e0 votre cible, utiliser les r\u00e9seaux sociaux&#8230; des expert.e.s de chez YesforComm vous conseillent et vous aident \u00e0 d\u00e9finir votre strat\u00e9gie et \u00e0 monter en comp\u00e9tences sur les notions cl\u00e9s !<\/div>\n<div><\/div>\n<div><\/div>\n<div><\/div>\n<div>\u00a0Avant la session, n&#8217;h\u00e9sitez pas \u00e0 envoyer vos questions pr\u00e9cises (si vous en avez), ou tout autre document utile \u00e0 l&#8217;\u00e9quipe d&#8217;accompagnement Empow&#8217;Her, qui pourra les transmettre aux coachs pour pr\u00e9parer au mieux votre \u00e9change !<\/div>\n<\/div>\n<\/div>\n<\/div>\n<div><\/div>\n<div><\/div>\n<div>\n<div>\n<div>\n<div>&gt; Vous n&#8217;\u00eates pas dispo sur ces cr\u00e9neaux, mais souhaitez \u00eatre coach\u00e9e par YesforComm ? \u00c9crivez \u00e0 l&#8217;\u00e9quipe d&#8217;accompagnement Empow&#8217;Her pour arranger un \u00e9change !<\/div>\n<\/div>\n<div><\/div>\n<div><strong>Intervenant.e.s :\u00a0<\/strong><\/div>\n<div>YesForComm<\/div>\n<\/div>\n<\/div>\n<p>Session de coaching<strong> en\u00a0 ligne<\/strong><\/p>\n<p><strong>Dur\u00e9e<\/strong> : U<span data-sheets-value=\"{&quot;1&quot;:2,&quot;2&quot;:&quot;Permanence de 4h avec un cr\u00e9neau de 1h par participante (+ 15 minutes entre chaque)&quot;}\" data-sheets-userformat=\"{&quot;2&quot;:7167,&quot;3&quot;:{&quot;1&quot;:0},&quot;4&quot;:{&quot;1&quot;:2,&quot;2&quot;:16777215},&quot;5&quot;:{&quot;1&quot;:[{&quot;1&quot;:2,&quot;2&quot;:0,&quot;5&quot;:{&quot;1&quot;:2,&quot;2&quot;:0}},{&quot;1&quot;:0,&quot;2&quot;:0,&quot;3&quot;:3},{&quot;1&quot;:1,&quot;2&quot;:0,&quot;4&quot;:1}]},&quot;6&quot;:{&quot;1&quot;:[{&quot;1&quot;:2,&quot;2&quot;:0,&quot;5&quot;:{&quot;1&quot;:2,&quot;2&quot;:0}},{&quot;1&quot;:0,&quot;2&quot;:0,&quot;3&quot;:3},{&quot;1&quot;:1,&quot;2&quot;:0,&quot;4&quot;:1}]},&quot;7&quot;:{&quot;1&quot;:[{&quot;1&quot;:2,&quot;2&quot;:0,&quot;5&quot;:{&quot;1&quot;:2,&quot;2&quot;:0}},{&quot;1&quot;:0,&quot;2&quot;:0,&quot;3&quot;:3},{&quot;1&quot;:1,&quot;2&quot;:0,&quot;4&quot;:1}]},&quot;8&quot;:{&quot;1&quot;:[{&quot;1&quot;:2,&quot;2&quot;:0,&quot;5&quot;:{&quot;1&quot;:2,&quot;2&quot;:0}},{&quot;1&quot;:0,&quot;2&quot;:0,&quot;3&quot;:3},{&quot;1&quot;:1,&quot;2&quot;:0,&quot;4&quot;:1}]},&quot;9&quot;:0,&quot;10&quot;:1,&quot;11&quot;:4,&quot;12&quot;:0,&quot;14&quot;:{&quot;1&quot;:2,&quot;2&quot;:0},&quot;15&quot;:&quot;Calibri&quot;}\">n cr\u00e9neau de 1h en individuel<\/span><\/p>\n<p>&nbsp;<\/p>\n<p>Ce projet est co-financ\u00e9 par le Fonds Social Europ\u00e9en.<\/p>\n<p><img decoding=\"async\" class=\"alignnone size-medium wp-image-15794\" src=\"https:\/\/empow-her.com\/wp-content\/uploads\/2021\/07\/fse-logos-1-300x54.png\" alt=\"\" width=\"300\" height=\"54\" srcset=\"https:\/\/empow-her.com\/wp-content\/uploads\/2021\/07\/fse-logos-1-300x54.png 300w, https:\/\/empow-her.com\/wp-content\/uploads\/2021\/07\/fse-logos-1-600x108.png 600w, https:\/\/empow-her.com\/wp-content\/uploads\/2021\/07\/fse-logos-1-1024x184.png 1024w, https:\/\/empow-her.com\/wp-content\/uploads\/2021\/07\/fse-logos-1-768x138.png 768w, https:\/\/empow-her.com\/wp-content\/uploads\/2021\/07\/fse-logos-1-1536x275.png 1536w, https:\/\/empow-her.com\/wp-content\/uploads\/2021\/07\/fse-logos-1-2048x367.png 2048w, https:\/\/empow-her.com\/wp-content\/uploads\/2021\/07\/fse-logos-1-24x4.png 24w, https:\/\/empow-her.com\/wp-content\/uploads\/2021\/07\/fse-logos-1-36x6.png 36w, https:\/\/empow-her.com\/wp-content\/uploads\/2021\/07\/fse-logos-1-48x9.png 48w\" sizes=\"(max-width: 300px) 100vw, 300px\" \/><\/p>\n","protected":false},"featured_media":114552,"template":"","format":"standard","meta":{"_acf_changed":false,"om_disable_all_campaigns":false,"_uf_show_specific_survey":0,"_uf_disable_surveys":false},"product_brand":[],"product_cat":[121],"product_tag":[],"lieu":[125],"thematiques":[],"class_list":{"0":"post-114551","1":"product","2":"type-product","3":"status-publish","4":"format-standard","5":"has-post-thumbnail","7":"product_cat-coaching","8":"lieu-en-ligne","10":"first","11":"instock","12":"virtual","13":"purchasable","14":"product-type-appointment"},"exclude_global_add_ons":[],"addons":[],"acf":[],"yoast_head":"<!-- This site is optimized with the Yoast SEO plugin v24.8 - https:\/\/yoast.com\/wordpress\/plugins\/seo\/ -->\n<title>Coaching - Marketing &amp; Communication - Empow&#039;Her<\/title>\n<meta name=\"robots\" content=\"index, follow, max-snippet:-1, max-image-preview:large, max-video-preview:-1\" \/>\n<link rel=\"canonical\" href=\"https:\/\/empow-her.com\/produit\/coaching-marketing-communication-1er-fev\/\" \/>\n<meta property=\"og:locale\" content=\"es_ES\" \/>\n<meta property=\"og:type\" content=\"article\" \/>\n<meta property=\"og:title\" content=\"Coaching - Marketing &amp; Communication - Empow&#039;Her\" \/>\n<meta property=\"og:description\" content=\"Un \u00e9change individuel d&#039;une heure pour r\u00e9pondre \u00e0 vos questions et travailler sur le marketing et la communication, des points essentiels pour faire conna\u00eetre votre projet, rassembler autour de votre vision et cr\u00e9er un lien avec vos potentiels clients ou partenaires !  Trouver votre identit\u00e9 de marque, lancer une campagne de communication, choisir la bonne tonalit\u00e9 et les bons canaux pour parler \u00e0 votre cible, utiliser les r\u00e9seaux sociaux... des expert.e.s de chez YesforComm vous conseillent et vous aident \u00e0 d\u00e9finir votre strat\u00e9gie et \u00e0 monter en comp\u00e9tences sur les notions cl\u00e9s !    \u00a0Avant la session, n&#039;h\u00e9sitez pas \u00e0 envoyer vos questions pr\u00e9cises (si vous en avez), ou tout autre document utile \u00e0 l&#039;\u00e9quipe d&#039;accompagnement Empow&#039;Her, qui pourra les transmettre aux coachs pour pr\u00e9parer au mieux votre \u00e9change !         &gt; Vous n&#039;\u00eates pas dispo sur ces cr\u00e9neaux, mais souhaitez \u00eatre coach\u00e9e par YesforComm ? \u00c9crivez \u00e0 l&#039;\u00e9quipe d&#039;accompagnement Empow&#039;Her pour arranger un \u00e9change !   Intervenant.e.s :\u00a0 YesForComm   Session de coaching en\u00a0 ligne  Dur\u00e9e : Un cr\u00e9neau de 1h en individuel  &nbsp;  Ce projet est co-financ\u00e9 par le Fonds Social Europ\u00e9en.\" \/>\n<meta property=\"og:url\" content=\"https:\/\/empow-her.com\/produit\/coaching-marketing-communication-1er-fev\/\" \/>\n<meta property=\"og:site_name\" content=\"Empow&#039;Her\" \/>\n<meta property=\"article:modified_time\" content=\"2022-01-13T09:47:14+00:00\" \/>\n<meta property=\"og:image\" content=\"https:\/\/empow-her.com\/wp-content\/uploads\/2022\/01\/TEMPLATES-EVENTS-WOMEN-DARE-43.png\" \/>\n\t<meta property=\"og:image:width\" content=\"1080\" \/>\n\t<meta property=\"og:image:height\" content=\"1080\" \/>\n\t<meta property=\"og:image:type\" content=\"image\/png\" \/>\n<meta name=\"twitter:card\" content=\"summary_large_image\" \/>\n<script type=\"application\/ld+json\" class=\"yoast-schema-graph\">{\"@context\":\"https:\/\/schema.org\",\"@graph\":[{\"@type\":\"WebPage\",\"@id\":\"https:\/\/empow-her.com\/produit\/coaching-marketing-communication-1er-fev\/\",\"url\":\"https:\/\/empow-her.com\/produit\/coaching-marketing-communication-1er-fev\/\",\"name\":\"Coaching - Marketing & Communication - Empow&#039;Her\",\"isPartOf\":{\"@id\":\"https:\/\/empow-her.com\/#website\"},\"primaryImageOfPage\":{\"@id\":\"https:\/\/empow-her.com\/produit\/coaching-marketing-communication-1er-fev\/#primaryimage\"},\"image\":{\"@id\":\"https:\/\/empow-her.com\/produit\/coaching-marketing-communication-1er-fev\/#primaryimage\"},\"thumbnailUrl\":\"https:\/\/empow-her.com\/wp-content\/uploads\/2022\/01\/TEMPLATES-EVENTS-WOMEN-DARE-43.png\",\"datePublished\":\"2022-01-04T13:45:51+00:00\",\"dateModified\":\"2022-01-13T09:47:14+00:00\",\"breadcrumb\":{\"@id\":\"https:\/\/empow-her.com\/produit\/coaching-marketing-communication-1er-fev\/#breadcrumb\"},\"inLanguage\":\"es\",\"potentialAction\":[{\"@type\":\"ReadAction\",\"target\":[\"https:\/\/empow-her.com\/produit\/coaching-marketing-communication-1er-fev\/\"]}]},{\"@type\":\"ImageObject\",\"inLanguage\":\"es\",\"@id\":\"https:\/\/empow-her.com\/produit\/coaching-marketing-communication-1er-fev\/#primaryimage\",\"url\":\"https:\/\/empow-her.com\/wp-content\/uploads\/2022\/01\/TEMPLATES-EVENTS-WOMEN-DARE-43.png\",\"contentUrl\":\"https:\/\/empow-her.com\/wp-content\/uploads\/2022\/01\/TEMPLATES-EVENTS-WOMEN-DARE-43.png\",\"width\":1080,\"height\":1080},{\"@type\":\"BreadcrumbList\",\"@id\":\"https:\/\/empow-her.com\/produit\/coaching-marketing-communication-1er-fev\/#breadcrumb\",\"itemListElement\":[{\"@type\":\"ListItem\",\"position\":1,\"name\":\"Accueil\",\"item\":\"https:\/\/empow-her.com\/es\/inicio\/\"},{\"@type\":\"ListItem\",\"position\":2,\"name\":\"LA BOUTIQUE\",\"item\":\"https:\/\/empow-her.com\/boutique\/\"},{\"@type\":\"ListItem\",\"position\":3,\"name\":\"Coaching &#8211; Marketing &#038; Communication\"}]},{\"@type\":\"WebSite\",\"@id\":\"https:\/\/empow-her.com\/#website\",\"url\":\"https:\/\/empow-her.com\/\",\"name\":\"Empow&#039;Her\",\"description\":\"Women Development\",\"potentialAction\":[{\"@type\":\"SearchAction\",\"target\":{\"@type\":\"EntryPoint\",\"urlTemplate\":\"https:\/\/empow-her.com\/?s={search_term_string}\"},\"query-input\":{\"@type\":\"PropertyValueSpecification\",\"valueRequired\":true,\"valueName\":\"search_term_string\"}}],\"inLanguage\":\"es\"}]}<\/script>\n<!-- \/ Yoast SEO plugin. -->","yoast_head_json":{"title":"Coaching - Marketing & Communication - Empow&#039;Her","robots":{"index":"index","follow":"follow","max-snippet":"max-snippet:-1","max-image-preview":"max-image-preview:large","max-video-preview":"max-video-preview:-1"},"canonical":"https:\/\/empow-her.com\/produit\/coaching-marketing-communication-1er-fev\/","og_locale":"es_ES","og_type":"article","og_title":"Coaching - Marketing & Communication - Empow&#039;Her","og_description":"Un \u00e9change individuel d'une heure pour r\u00e9pondre \u00e0 vos questions et travailler sur le marketing et la communication, des points essentiels pour faire conna\u00eetre votre projet, rassembler autour de votre vision et cr\u00e9er un lien avec vos potentiels clients ou partenaires !  Trouver votre identit\u00e9 de marque, lancer une campagne de communication, choisir la bonne tonalit\u00e9 et les bons canaux pour parler \u00e0 votre cible, utiliser les r\u00e9seaux sociaux... des expert.e.s de chez YesforComm vous conseillent et vous aident \u00e0 d\u00e9finir votre strat\u00e9gie et \u00e0 monter en comp\u00e9tences sur les notions cl\u00e9s !    \u00a0Avant la session, n'h\u00e9sitez pas \u00e0 envoyer vos questions pr\u00e9cises (si vous en avez), ou tout autre document utile \u00e0 l'\u00e9quipe d'accompagnement Empow'Her, qui pourra les transmettre aux coachs pour pr\u00e9parer au mieux votre \u00e9change !         &gt; Vous n'\u00eates pas dispo sur ces cr\u00e9neaux, mais souhaitez \u00eatre coach\u00e9e par YesforComm ? \u00c9crivez \u00e0 l'\u00e9quipe d'accompagnement Empow'Her pour arranger un \u00e9change !   Intervenant.e.s :\u00a0 YesForComm   Session de coaching en\u00a0 ligne  Dur\u00e9e : Un cr\u00e9neau de 1h en individuel  &nbsp;  Ce projet est co-financ\u00e9 par le Fonds Social Europ\u00e9en.","og_url":"https:\/\/empow-her.com\/produit\/coaching-marketing-communication-1er-fev\/","og_site_name":"Empow&#039;Her","article_modified_time":"2022-01-13T09:47:14+00:00","og_image":[{"width":1080,"height":1080,"url":"https:\/\/empow-her.com\/wp-content\/uploads\/2022\/01\/TEMPLATES-EVENTS-WOMEN-DARE-43.png","type":"image\/png"}],"twitter_card":"summary_large_image","schema":{"@context":"https:\/\/schema.org","@graph":[{"@type":"WebPage","@id":"https:\/\/empow-her.com\/produit\/coaching-marketing-communication-1er-fev\/","url":"https:\/\/empow-her.com\/produit\/coaching-marketing-communication-1er-fev\/","name":"Coaching - Marketing & Communication - Empow&#039;Her","isPartOf":{"@id":"https:\/\/empow-her.com\/#website"},"primaryImageOfPage":{"@id":"https:\/\/empow-her.com\/produit\/coaching-marketing-communication-1er-fev\/#primaryimage"},"image":{"@id":"https:\/\/empow-her.com\/produit\/coaching-marketing-communication-1er-fev\/#primaryimage"},"thumbnailUrl":"https:\/\/empow-her.com\/wp-content\/uploads\/2022\/01\/TEMPLATES-EVENTS-WOMEN-DARE-43.png","datePublished":"2022-01-04T13:45:51+00:00","dateModified":"2022-01-13T09:47:14+00:00","breadcrumb":{"@id":"https:\/\/empow-her.com\/produit\/coaching-marketing-communication-1er-fev\/#breadcrumb"},"inLanguage":"es","potentialAction":[{"@type":"ReadAction","target":["https:\/\/empow-her.com\/produit\/coaching-marketing-communication-1er-fev\/"]}]},{"@type":"ImageObject","inLanguage":"es","@id":"https:\/\/empow-her.com\/produit\/coaching-marketing-communication-1er-fev\/#primaryimage","url":"https:\/\/empow-her.com\/wp-content\/uploads\/2022\/01\/TEMPLATES-EVENTS-WOMEN-DARE-43.png","contentUrl":"https:\/\/empow-her.com\/wp-content\/uploads\/2022\/01\/TEMPLATES-EVENTS-WOMEN-DARE-43.png","width":1080,"height":1080},{"@type":"BreadcrumbList","@id":"https:\/\/empow-her.com\/produit\/coaching-marketing-communication-1er-fev\/#breadcrumb","itemListElement":[{"@type":"ListItem","position":1,"name":"Accueil","item":"https:\/\/empow-her.com\/es\/inicio\/"},{"@type":"ListItem","position":2,"name":"LA BOUTIQUE","item":"https:\/\/empow-her.com\/boutique\/"},{"@type":"ListItem","position":3,"name":"Coaching &#8211; Marketing &#038; Communication"}]},{"@type":"WebSite","@id":"https:\/\/empow-her.com\/#website","url":"https:\/\/empow-her.com\/","name":"Empow&#039;Her","description":"Women Development","potentialAction":[{"@type":"SearchAction","target":{"@type":"EntryPoint","urlTemplate":"https:\/\/empow-her.com\/?s={search_term_string}"},"query-input":{"@type":"PropertyValueSpecification","valueRequired":true,"valueName":"search_term_string"}}],"inLanguage":"es"}]}},"_links":{"self":[{"href":"https:\/\/empow-her.com\/es\/wp-json\/wp\/v2\/product\/114551","targetHints":{"allow":["GET"]}}],"collection":[{"href":"https:\/\/empow-her.com\/es\/wp-json\/wp\/v2\/product"}],"about":[{"href":"https:\/\/empow-her.com\/es\/wp-json\/wp\/v2\/types\/product"}],"wp:featuredmedia":[{"embeddable":true,"href":"https:\/\/empow-her.com\/es\/wp-json\/wp\/v2\/media\/114552"}],"wp:attachment":[{"href":"https:\/\/empow-her.com\/es\/wp-json\/wp\/v2\/media?parent=114551"}],"wp:term":[{"taxonomy":"product_brand","embeddable":true,"href":"https:\/\/empow-her.com\/es\/wp-json\/wp\/v2\/product_brand?post=114551"},{"taxonomy":"product_cat","embeddable":true,"href":"https:\/\/empow-her.com\/es\/wp-json\/wp\/v2\/product_cat?post=114551"},{"taxonomy":"product_tag","embeddable":true,"href":"https:\/\/empow-her.com\/es\/wp-json\/wp\/v2\/product_tag?post=114551"},{"taxonomy":"lieu","embeddable":true,"href":"https:\/\/empow-her.com\/es\/wp-json\/wp\/v2\/lieu?post=114551"},{"taxonomy":"thematiques","embeddable":true,"href":"https:\/\/empow-her.com\/es\/wp-json\/wp\/v2\/thematiques?post=114551"}],"curies":[{"name":"wp","href":"https:\/\/api.w.org\/{rel}","templated":true}]}}