{"id":114019,"date":"2021-12-08T16:30:34","date_gmt":"2021-12-08T15:30:34","guid":{"rendered":"https:\/\/empow-her.com\/?post_type=product&#038;p=114019"},"modified":"2022-01-13T11:36:01","modified_gmt":"2022-01-13T10:36:01","slug":"coaching-collectif-mini-atelier-focus-recherche-de-financements-31-janv","status":"publish","type":"product","link":"https:\/\/empow-her.com\/es\/produit\/coaching-collectif-mini-atelier-focus-recherche-de-financements-31-janv\/","title":{"rendered":"Coaching collectif &#8211; Mini Atelier Focus : Recherche de financements (2 heures)"},"content":{"rendered":"","protected":false},"excerpt":{"rendered":"<div>\n<div>\n<div>\n<div>\n<div>\n<div>\n<div>B\u00e9n\u00e9ficiez de deux heures en petits groupes de 3 entrepreneures pour revenir en profondeur sur une notion cl\u00e9 avec nos expertes. Cette session est comptabilis\u00e9e comme 1h de coaching individuel (sur vos 10h disponibles) \u2013 deux fois plus de temps pour vous permettre de faire d\u00e9coller vos projets ! Retrouvez un petit groupe de porteuses projet, b\u00e9n\u00e9ficiez d&#8217;un atelier &#8220;acc\u00e9l\u00e9r\u00e9&#8221; anim\u00e9 par une experte en financement et gestion d&#8217;entreprise, pour conna\u00eetre les sources de financements existantes, leur fonctionnement et identifier les plus pertinentes pour votre projet ! Emprunts, subventions, crowdfunding ? D\u00e9couvrez les leviers de financements qui feront avancer vos projets !<\/div>\n<\/div>\n<div><strong>Intervenante\u00a0<\/strong><\/div>\n<div>\n<div>Orianne Champon<\/div>\n<\/div>\n<\/div>\n<\/div>\n<\/div>\n<\/div>\n<\/div>\n<p><strong>Dur\u00e9e<\/strong>\u00a0: 2 heures<\/p>\n<p>&nbsp;<\/p>\n<p>&nbsp;<\/p>\n<p>Ce projet est co-financ\u00e9 par le Fonds Social Europ\u00e9en.<\/p>\n<p><img decoding=\"async\" class=\"\" src=\"https:\/\/www.sep-asso.fr\/wp-content\/uploads\/2018\/02\/logo-union-europeenne.png\" alt=\"logo union europeenne \u2013 SEP\" width=\"87\" height=\"72\" \/> <img decoding=\"async\" class=\"alignnone wp-image-15218\" src=\"https:\/\/empow-her.com\/wp-content\/uploads\/2021\/06\/logo_fonds_social_europeen-300x187.png\" alt=\"\" width=\"104\" height=\"65\" srcset=\"https:\/\/empow-her.com\/wp-content\/uploads\/2021\/06\/logo_fonds_social_europeen-300x187.png 300w, https:\/\/empow-her.com\/wp-content\/uploads\/2021\/06\/logo_fonds_social_europeen-600x375.png 600w, https:\/\/empow-her.com\/wp-content\/uploads\/2021\/06\/logo_fonds_social_europeen-24x15.png 24w, https:\/\/empow-her.com\/wp-content\/uploads\/2021\/06\/logo_fonds_social_europeen-36x22.png 36w, https:\/\/empow-her.com\/wp-content\/uploads\/2021\/06\/logo_fonds_social_europeen-48x30.png 48w, https:\/\/empow-her.com\/wp-content\/uploads\/2021\/06\/logo_fonds_social_europeen.png 666w\" sizes=\"(max-width: 104px) 100vw, 104px\" \/>\u00a0 <img decoding=\"async\" class=\"\" src=\"https:\/\/franceactive-idf.org\/wp-content\/uploads\/2020\/02\/logo-region-ile-de-france.png\" alt=\"Logo Region Ile De France - France Active \u00cele-de-France\" width=\"126\" height=\"29\" \/><\/p>\n","protected":false},"featured_media":114692,"template":"","format":"standard","meta":{"_acf_changed":false,"om_disable_all_campaigns":false,"_uf_show_specific_survey":0,"_uf_disable_surveys":false},"product_brand":[],"product_cat":[121],"product_tag":[],"lieu":[125],"thematiques":[],"class_list":{"0":"post-114019","1":"product","2":"type-product","3":"status-publish","4":"format-standard","5":"has-post-thumbnail","7":"product_cat-coaching","8":"lieu-en-ligne","10":"first","11":"instock","12":"virtual","13":"purchasable","14":"product-type-appointment"},"exclude_global_add_ons":[],"addons":[],"acf":[],"yoast_head":"<!-- This site is optimized with the Yoast SEO plugin v24.8 - https:\/\/yoast.com\/wordpress\/plugins\/seo\/ -->\n<title>Coaching collectif - Mini Atelier Focus : Recherche de financements (2 heures) - Empow&#039;Her<\/title>\n<meta name=\"robots\" content=\"index, follow, max-snippet:-1, max-image-preview:large, max-video-preview:-1\" \/>\n<link rel=\"canonical\" href=\"https:\/\/empow-her.com\/produit\/coaching-collectif-mini-atelier-focus-recherche-de-financements-31-janv\/\" \/>\n<meta property=\"og:locale\" content=\"es_ES\" \/>\n<meta property=\"og:type\" content=\"article\" \/>\n<meta property=\"og:title\" content=\"Coaching collectif - Mini Atelier Focus : Recherche de financements (2 heures) - Empow&#039;Her\" \/>\n<meta property=\"og:description\" content=\"B\u00e9n\u00e9ficiez de deux heures en petits groupes de 3 entrepreneures pour revenir en profondeur sur une notion cl\u00e9 avec nos expertes. Cette session est comptabilis\u00e9e comme 1h de coaching individuel (sur vos 10h disponibles) \u2013 deux fois plus de temps pour vous permettre de faire d\u00e9coller vos projets ! Retrouvez un petit groupe de porteuses projet, b\u00e9n\u00e9ficiez d&#039;un atelier &quot;acc\u00e9l\u00e9r\u00e9&quot; anim\u00e9 par une experte en financement et gestion d&#039;entreprise, pour conna\u00eetre les sources de financements existantes, leur fonctionnement et identifier les plus pertinentes pour votre projet ! Emprunts, subventions, crowdfunding ? D\u00e9couvrez les leviers de financements qui feront avancer vos projets !  Intervenante\u00a0  Orianne Champon       Dur\u00e9e\u00a0: 2 heures  &nbsp;  &nbsp;  Ce projet est co-financ\u00e9 par le Fonds Social Europ\u00e9en.   \u00a0\" \/>\n<meta property=\"og:url\" content=\"https:\/\/empow-her.com\/produit\/coaching-collectif-mini-atelier-focus-recherche-de-financements-31-janv\/\" \/>\n<meta property=\"og:site_name\" content=\"Empow&#039;Her\" \/>\n<meta property=\"article:modified_time\" content=\"2022-01-13T10:36:01+00:00\" \/>\n<meta property=\"og:image\" content=\"https:\/\/empow-her.com\/wp-content\/uploads\/2021\/12\/TEMPLATES-EVENTS-WOMEN-DARE-51.png\" \/>\n\t<meta property=\"og:image:width\" content=\"1080\" \/>\n\t<meta property=\"og:image:height\" content=\"1080\" \/>\n\t<meta property=\"og:image:type\" content=\"image\/png\" \/>\n<meta name=\"twitter:card\" content=\"summary_large_image\" \/>\n<script type=\"application\/ld+json\" class=\"yoast-schema-graph\">{\"@context\":\"https:\/\/schema.org\",\"@graph\":[{\"@type\":\"WebPage\",\"@id\":\"https:\/\/empow-her.com\/produit\/coaching-collectif-mini-atelier-focus-recherche-de-financements-31-janv\/\",\"url\":\"https:\/\/empow-her.com\/produit\/coaching-collectif-mini-atelier-focus-recherche-de-financements-31-janv\/\",\"name\":\"Coaching collectif - Mini Atelier Focus : Recherche de financements (2 heures) - Empow&#039;Her\",\"isPartOf\":{\"@id\":\"https:\/\/empow-her.com\/#website\"},\"primaryImageOfPage\":{\"@id\":\"https:\/\/empow-her.com\/produit\/coaching-collectif-mini-atelier-focus-recherche-de-financements-31-janv\/#primaryimage\"},\"image\":{\"@id\":\"https:\/\/empow-her.com\/produit\/coaching-collectif-mini-atelier-focus-recherche-de-financements-31-janv\/#primaryimage\"},\"thumbnailUrl\":\"https:\/\/empow-her.com\/wp-content\/uploads\/2021\/12\/TEMPLATES-EVENTS-WOMEN-DARE-51.png\",\"datePublished\":\"2021-12-08T15:30:34+00:00\",\"dateModified\":\"2022-01-13T10:36:01+00:00\",\"breadcrumb\":{\"@id\":\"https:\/\/empow-her.com\/produit\/coaching-collectif-mini-atelier-focus-recherche-de-financements-31-janv\/#breadcrumb\"},\"inLanguage\":\"es\",\"potentialAction\":[{\"@type\":\"ReadAction\",\"target\":[\"https:\/\/empow-her.com\/produit\/coaching-collectif-mini-atelier-focus-recherche-de-financements-31-janv\/\"]}]},{\"@type\":\"ImageObject\",\"inLanguage\":\"es\",\"@id\":\"https:\/\/empow-her.com\/produit\/coaching-collectif-mini-atelier-focus-recherche-de-financements-31-janv\/#primaryimage\",\"url\":\"https:\/\/empow-her.com\/wp-content\/uploads\/2021\/12\/TEMPLATES-EVENTS-WOMEN-DARE-51.png\",\"contentUrl\":\"https:\/\/empow-her.com\/wp-content\/uploads\/2021\/12\/TEMPLATES-EVENTS-WOMEN-DARE-51.png\",\"width\":1080,\"height\":1080},{\"@type\":\"BreadcrumbList\",\"@id\":\"https:\/\/empow-her.com\/produit\/coaching-collectif-mini-atelier-focus-recherche-de-financements-31-janv\/#breadcrumb\",\"itemListElement\":[{\"@type\":\"ListItem\",\"position\":1,\"name\":\"Accueil\",\"item\":\"https:\/\/empow-her.com\/es\/inicio\/\"},{\"@type\":\"ListItem\",\"position\":2,\"name\":\"LA BOUTIQUE\",\"item\":\"https:\/\/empow-her.com\/boutique\/\"},{\"@type\":\"ListItem\",\"position\":3,\"name\":\"Coaching collectif &#8211; Mini Atelier Focus : Recherche de financements (2 heures)\"}]},{\"@type\":\"WebSite\",\"@id\":\"https:\/\/empow-her.com\/#website\",\"url\":\"https:\/\/empow-her.com\/\",\"name\":\"Empow&#039;Her\",\"description\":\"Women Development\",\"potentialAction\":[{\"@type\":\"SearchAction\",\"target\":{\"@type\":\"EntryPoint\",\"urlTemplate\":\"https:\/\/empow-her.com\/?s={search_term_string}\"},\"query-input\":{\"@type\":\"PropertyValueSpecification\",\"valueRequired\":true,\"valueName\":\"search_term_string\"}}],\"inLanguage\":\"es\"}]}<\/script>\n<!-- \/ Yoast SEO plugin. -->","yoast_head_json":{"title":"Coaching collectif - Mini Atelier Focus : Recherche de financements (2 heures) - Empow&#039;Her","robots":{"index":"index","follow":"follow","max-snippet":"max-snippet:-1","max-image-preview":"max-image-preview:large","max-video-preview":"max-video-preview:-1"},"canonical":"https:\/\/empow-her.com\/produit\/coaching-collectif-mini-atelier-focus-recherche-de-financements-31-janv\/","og_locale":"es_ES","og_type":"article","og_title":"Coaching collectif - Mini Atelier Focus : Recherche de financements (2 heures) - Empow&#039;Her","og_description":"B\u00e9n\u00e9ficiez de deux heures en petits groupes de 3 entrepreneures pour revenir en profondeur sur une notion cl\u00e9 avec nos expertes. Cette session est comptabilis\u00e9e comme 1h de coaching individuel (sur vos 10h disponibles) \u2013 deux fois plus de temps pour vous permettre de faire d\u00e9coller vos projets ! Retrouvez un petit groupe de porteuses projet, b\u00e9n\u00e9ficiez d'un atelier \"acc\u00e9l\u00e9r\u00e9\" anim\u00e9 par une experte en financement et gestion d'entreprise, pour conna\u00eetre les sources de financements existantes, leur fonctionnement et identifier les plus pertinentes pour votre projet ! Emprunts, subventions, crowdfunding ? D\u00e9couvrez les leviers de financements qui feront avancer vos projets !  Intervenante\u00a0  Orianne Champon       Dur\u00e9e\u00a0: 2 heures  &nbsp;  &nbsp;  Ce projet est co-financ\u00e9 par le Fonds Social Europ\u00e9en.   \u00a0","og_url":"https:\/\/empow-her.com\/produit\/coaching-collectif-mini-atelier-focus-recherche-de-financements-31-janv\/","og_site_name":"Empow&#039;Her","article_modified_time":"2022-01-13T10:36:01+00:00","og_image":[{"width":1080,"height":1080,"url":"https:\/\/empow-her.com\/wp-content\/uploads\/2021\/12\/TEMPLATES-EVENTS-WOMEN-DARE-51.png","type":"image\/png"}],"twitter_card":"summary_large_image","schema":{"@context":"https:\/\/schema.org","@graph":[{"@type":"WebPage","@id":"https:\/\/empow-her.com\/produit\/coaching-collectif-mini-atelier-focus-recherche-de-financements-31-janv\/","url":"https:\/\/empow-her.com\/produit\/coaching-collectif-mini-atelier-focus-recherche-de-financements-31-janv\/","name":"Coaching collectif - Mini Atelier Focus : Recherche de financements (2 heures) - Empow&#039;Her","isPartOf":{"@id":"https:\/\/empow-her.com\/#website"},"primaryImageOfPage":{"@id":"https:\/\/empow-her.com\/produit\/coaching-collectif-mini-atelier-focus-recherche-de-financements-31-janv\/#primaryimage"},"image":{"@id":"https:\/\/empow-her.com\/produit\/coaching-collectif-mini-atelier-focus-recherche-de-financements-31-janv\/#primaryimage"},"thumbnailUrl":"https:\/\/empow-her.com\/wp-content\/uploads\/2021\/12\/TEMPLATES-EVENTS-WOMEN-DARE-51.png","datePublished":"2021-12-08T15:30:34+00:00","dateModified":"2022-01-13T10:36:01+00:00","breadcrumb":{"@id":"https:\/\/empow-her.com\/produit\/coaching-collectif-mini-atelier-focus-recherche-de-financements-31-janv\/#breadcrumb"},"inLanguage":"es","potentialAction":[{"@type":"ReadAction","target":["https:\/\/empow-her.com\/produit\/coaching-collectif-mini-atelier-focus-recherche-de-financements-31-janv\/"]}]},{"@type":"ImageObject","inLanguage":"es","@id":"https:\/\/empow-her.com\/produit\/coaching-collectif-mini-atelier-focus-recherche-de-financements-31-janv\/#primaryimage","url":"https:\/\/empow-her.com\/wp-content\/uploads\/2021\/12\/TEMPLATES-EVENTS-WOMEN-DARE-51.png","contentUrl":"https:\/\/empow-her.com\/wp-content\/uploads\/2021\/12\/TEMPLATES-EVENTS-WOMEN-DARE-51.png","width":1080,"height":1080},{"@type":"BreadcrumbList","@id":"https:\/\/empow-her.com\/produit\/coaching-collectif-mini-atelier-focus-recherche-de-financements-31-janv\/#breadcrumb","itemListElement":[{"@type":"ListItem","position":1,"name":"Accueil","item":"https:\/\/empow-her.com\/es\/inicio\/"},{"@type":"ListItem","position":2,"name":"LA BOUTIQUE","item":"https:\/\/empow-her.com\/boutique\/"},{"@type":"ListItem","position":3,"name":"Coaching collectif &#8211; Mini Atelier Focus : Recherche de financements (2 heures)"}]},{"@type":"WebSite","@id":"https:\/\/empow-her.com\/#website","url":"https:\/\/empow-her.com\/","name":"Empow&#039;Her","description":"Women Development","potentialAction":[{"@type":"SearchAction","target":{"@type":"EntryPoint","urlTemplate":"https:\/\/empow-her.com\/?s={search_term_string}"},"query-input":{"@type":"PropertyValueSpecification","valueRequired":true,"valueName":"search_term_string"}}],"inLanguage":"es"}]}},"_links":{"self":[{"href":"https:\/\/empow-her.com\/es\/wp-json\/wp\/v2\/product\/114019","targetHints":{"allow":["GET"]}}],"collection":[{"href":"https:\/\/empow-her.com\/es\/wp-json\/wp\/v2\/product"}],"about":[{"href":"https:\/\/empow-her.com\/es\/wp-json\/wp\/v2\/types\/product"}],"wp:featuredmedia":[{"embeddable":true,"href":"https:\/\/empow-her.com\/es\/wp-json\/wp\/v2\/media\/114692"}],"wp:attachment":[{"href":"https:\/\/empow-her.com\/es\/wp-json\/wp\/v2\/media?parent=114019"}],"wp:term":[{"taxonomy":"product_brand","embeddable":true,"href":"https:\/\/empow-her.com\/es\/wp-json\/wp\/v2\/product_brand?post=114019"},{"taxonomy":"product_cat","embeddable":true,"href":"https:\/\/empow-her.com\/es\/wp-json\/wp\/v2\/product_cat?post=114019"},{"taxonomy":"product_tag","embeddable":true,"href":"https:\/\/empow-her.com\/es\/wp-json\/wp\/v2\/product_tag?post=114019"},{"taxonomy":"lieu","embeddable":true,"href":"https:\/\/empow-her.com\/es\/wp-json\/wp\/v2\/lieu?post=114019"},{"taxonomy":"thematiques","embeddable":true,"href":"https:\/\/empow-her.com\/es\/wp-json\/wp\/v2\/thematiques?post=114019"}],"curies":[{"name":"wp","href":"https:\/\/api.w.org\/{rel}","templated":true}]}}