{"id":114015,"date":"2021-12-08T16:18:11","date_gmt":"2021-12-08T15:18:11","guid":{"rendered":"https:\/\/empow-her.com\/?post_type=product&#038;p=114015"},"modified":"2021-12-08T16:27:12","modified_gmt":"2021-12-08T15:27:12","slug":"atelier-pitcher-mon-projet-27-janv","status":"publish","type":"product","link":"https:\/\/empow-her.com\/es\/produit\/atelier-pitcher-mon-projet-27-janv\/","title":{"rendered":"Atelier &#8211; Pitcher mon projet"},"content":{"rendered":"","protected":false},"excerpt":{"rendered":"<div>\n<div><\/div>\n<div>\n<div>\n<div>Cet atelier a pour but de vous permettre d\u2019acqu\u00e9rir les outils n\u00e9cessaires pour pouvoir parler de votre projet avec aisance et clart\u00e9 et convaincre avec un maximum d\u2019impact ! De la d\u00e9finition du pitch \u00e0 la prise de parole, en passant par l\u2019\u00e9laboration du contenu et la gestion du stress, nous verrons ensemble comment raconter l\u2019histoire de votre projet afin d\u2019atteindre vos objectifs.<\/div>\n<\/div>\n<div><strong>Intervenante<\/strong><\/div>\n<div>\n<div>Farah Houari de Boost Positive Dipl\u00f4m\u00e9e en Affaires Europ\u00e9ennes de King\u2019s College London, Farah s&#8217;est par la suite consacr\u00e9e \u00e0 son autre passion: le th\u00e9\u00e2tre ! Elle a travaill\u00e9 \u00e0 Paris et \u00e0 Londres, o\u00f9 elle suivi une formation professionnelle d\u2019acteurs \u00e0 la London Academy of Music and Dramatic Arts. Forte de ses acquis acad\u00e9miques et artistiques, elle allie rigueur et cr\u00e9ativit\u00e9 dans son approche du story-telling afin de permettre aux acteurs du secteur priv\u00e9 et publique d\u2019avoir un maximum d\u2019impact lors de leurs interventions publiques notamment. Elle croit profond\u00e9ment en l\u2019entrepreneuriat comme force de changement positif de nos soci\u00e9t\u00e9s et est convaincue que les femmes ont un r\u00f4le majeur \u00e0 jouer dans ce changement. Sa mission : vous aider \u00e0 atteindre vos objectifs et \u00e0 gagner en aisance, confiance et rayonnement !<\/div>\n<\/div>\n<\/div>\n<\/div>\n<div><\/div>\n<div><\/div>\n<div><\/div>\n<div><\/div>\n<div><b>Lieu : <\/b>Sist&#8217;Her<\/div>\n<div><\/div>\n<p>Ce projet est co-financ\u00e9 par le Fonds Social Europ\u00e9en.<\/p>\n<p><img decoding=\"async\" class=\"\" src=\"https:\/\/www.sep-asso.fr\/wp-content\/uploads\/2018\/02\/logo-union-europeenne.png\" alt=\"logo union europeenne \u2013 SEP\" width=\"87\" height=\"72\" \/>\u00a0\u00a0<img decoding=\"async\" class=\"alignnone wp-image-15218\" src=\"https:\/\/empow-her.com\/wp-content\/uploads\/2021\/06\/logo_fonds_social_europeen-300x187.png\" alt=\"\" width=\"104\" height=\"65\" srcset=\"https:\/\/empow-her.com\/wp-content\/uploads\/2021\/06\/logo_fonds_social_europeen-300x187.png 300w, https:\/\/empow-her.com\/wp-content\/uploads\/2021\/06\/logo_fonds_social_europeen-600x375.png 600w, https:\/\/empow-her.com\/wp-content\/uploads\/2021\/06\/logo_fonds_social_europeen-24x15.png 24w, https:\/\/empow-her.com\/wp-content\/uploads\/2021\/06\/logo_fonds_social_europeen-36x22.png 36w, https:\/\/empow-her.com\/wp-content\/uploads\/2021\/06\/logo_fonds_social_europeen-48x30.png 48w, https:\/\/empow-her.com\/wp-content\/uploads\/2021\/06\/logo_fonds_social_europeen.png 666w\" sizes=\"(max-width: 104px) 100vw, 104px\" \/>\u00a0<img decoding=\"async\" class=\"\" src=\"https:\/\/franceactive-idf.org\/wp-content\/uploads\/2020\/02\/logo-region-ile-de-france.png\" alt=\"Logo Region Ile De France - France Active \u00cele-de-France\" width=\"126\" height=\"29\" \/><\/p>\n","protected":false},"featured_media":114016,"template":"","format":"standard","meta":{"_acf_changed":false,"om_disable_all_campaigns":false,"_uf_show_specific_survey":0,"_uf_disable_surveys":false},"product_brand":[],"product_cat":[118],"product_tag":[],"lieu":[127],"thematiques":[],"class_list":{"0":"post-114015","1":"product","2":"type-product","3":"status-publish","4":"format-standard","5":"has-post-thumbnail","7":"product_cat-atelier-collectif","8":"lieu-hub-empowher","10":"first","11":"instock","12":"virtual","13":"purchasable","14":"product-type-appointment"},"exclude_global_add_ons":[],"addons":[],"acf":[],"yoast_head":"<!-- This site is optimized with the Yoast SEO plugin v24.8 - https:\/\/yoast.com\/wordpress\/plugins\/seo\/ -->\n<title>Atelier - Pitcher mon projet - Empow&#039;Her<\/title>\n<meta name=\"robots\" content=\"index, follow, max-snippet:-1, max-image-preview:large, max-video-preview:-1\" \/>\n<link rel=\"canonical\" href=\"https:\/\/empow-her.com\/produit\/atelier-pitcher-mon-projet-27-janv\/\" \/>\n<meta property=\"og:locale\" content=\"es_ES\" \/>\n<meta property=\"og:type\" content=\"article\" \/>\n<meta property=\"og:title\" content=\"Atelier - Pitcher mon projet - Empow&#039;Her\" \/>\n<meta property=\"og:description\" content=\"Cet atelier a pour but de vous permettre d\u2019acqu\u00e9rir les outils n\u00e9cessaires pour pouvoir parler de votre projet avec aisance et clart\u00e9 et convaincre avec un maximum d\u2019impact ! De la d\u00e9finition du pitch \u00e0 la prise de parole, en passant par l\u2019\u00e9laboration du contenu et la gestion du stress, nous verrons ensemble comment raconter l\u2019histoire de votre projet afin d\u2019atteindre vos objectifs.  Intervenante  Farah Houari de Boost Positive Dipl\u00f4m\u00e9e en Affaires Europ\u00e9ennes de King\u2019s College London, Farah s&#039;est par la suite consacr\u00e9e \u00e0 son autre passion: le th\u00e9\u00e2tre ! Elle a travaill\u00e9 \u00e0 Paris et \u00e0 Londres, o\u00f9 elle suivi une formation professionnelle d\u2019acteurs \u00e0 la London Academy of Music and Dramatic Arts. Forte de ses acquis acad\u00e9miques et artistiques, elle allie rigueur et cr\u00e9ativit\u00e9 dans son approche du story-telling afin de permettre aux acteurs du secteur priv\u00e9 et publique d\u2019avoir un maximum d\u2019impact lors de leurs interventions publiques notamment. Elle croit profond\u00e9ment en l\u2019entrepreneuriat comme force de changement positif de nos soci\u00e9t\u00e9s et est convaincue que les femmes ont un r\u00f4le majeur \u00e0 jouer dans ce changement. Sa mission : vous aider \u00e0 atteindre vos objectifs et \u00e0 gagner en aisance, confiance et rayonnement !        Lieu : Sist&#039;Her  Ce projet est co-financ\u00e9 par le Fonds Social Europ\u00e9en.  \u00a0\u00a0\u00a0\" \/>\n<meta property=\"og:url\" content=\"https:\/\/empow-her.com\/produit\/atelier-pitcher-mon-projet-27-janv\/\" \/>\n<meta property=\"og:site_name\" content=\"Empow&#039;Her\" \/>\n<meta property=\"article:modified_time\" content=\"2021-12-08T15:27:12+00:00\" \/>\n<meta property=\"og:image\" content=\"https:\/\/empow-her.com\/wp-content\/uploads\/2021\/12\/TEMPLATES-EVENTS-WOMEN-DARE-20.png\" \/>\n\t<meta property=\"og:image:width\" content=\"1080\" \/>\n\t<meta property=\"og:image:height\" content=\"1080\" \/>\n\t<meta property=\"og:image:type\" content=\"image\/png\" \/>\n<meta name=\"twitter:card\" content=\"summary_large_image\" \/>\n<script type=\"application\/ld+json\" class=\"yoast-schema-graph\">{\"@context\":\"https:\/\/schema.org\",\"@graph\":[{\"@type\":\"WebPage\",\"@id\":\"https:\/\/empow-her.com\/produit\/atelier-pitcher-mon-projet-27-janv\/\",\"url\":\"https:\/\/empow-her.com\/produit\/atelier-pitcher-mon-projet-27-janv\/\",\"name\":\"Atelier - Pitcher mon projet - Empow&#039;Her\",\"isPartOf\":{\"@id\":\"https:\/\/empow-her.com\/#website\"},\"primaryImageOfPage\":{\"@id\":\"https:\/\/empow-her.com\/produit\/atelier-pitcher-mon-projet-27-janv\/#primaryimage\"},\"image\":{\"@id\":\"https:\/\/empow-her.com\/produit\/atelier-pitcher-mon-projet-27-janv\/#primaryimage\"},\"thumbnailUrl\":\"https:\/\/empow-her.com\/wp-content\/uploads\/2021\/12\/TEMPLATES-EVENTS-WOMEN-DARE-20.png\",\"datePublished\":\"2021-12-08T15:18:11+00:00\",\"dateModified\":\"2021-12-08T15:27:12+00:00\",\"breadcrumb\":{\"@id\":\"https:\/\/empow-her.com\/produit\/atelier-pitcher-mon-projet-27-janv\/#breadcrumb\"},\"inLanguage\":\"es\",\"potentialAction\":[{\"@type\":\"ReadAction\",\"target\":[\"https:\/\/empow-her.com\/produit\/atelier-pitcher-mon-projet-27-janv\/\"]}]},{\"@type\":\"ImageObject\",\"inLanguage\":\"es\",\"@id\":\"https:\/\/empow-her.com\/produit\/atelier-pitcher-mon-projet-27-janv\/#primaryimage\",\"url\":\"https:\/\/empow-her.com\/wp-content\/uploads\/2021\/12\/TEMPLATES-EVENTS-WOMEN-DARE-20.png\",\"contentUrl\":\"https:\/\/empow-her.com\/wp-content\/uploads\/2021\/12\/TEMPLATES-EVENTS-WOMEN-DARE-20.png\",\"width\":1080,\"height\":1080},{\"@type\":\"BreadcrumbList\",\"@id\":\"https:\/\/empow-her.com\/produit\/atelier-pitcher-mon-projet-27-janv\/#breadcrumb\",\"itemListElement\":[{\"@type\":\"ListItem\",\"position\":1,\"name\":\"Accueil\",\"item\":\"https:\/\/empow-her.com\/es\/inicio\/\"},{\"@type\":\"ListItem\",\"position\":2,\"name\":\"LA BOUTIQUE\",\"item\":\"https:\/\/empow-her.com\/boutique\/\"},{\"@type\":\"ListItem\",\"position\":3,\"name\":\"Atelier &#8211; Pitcher mon projet\"}]},{\"@type\":\"WebSite\",\"@id\":\"https:\/\/empow-her.com\/#website\",\"url\":\"https:\/\/empow-her.com\/\",\"name\":\"Empow&#039;Her\",\"description\":\"Women Development\",\"potentialAction\":[{\"@type\":\"SearchAction\",\"target\":{\"@type\":\"EntryPoint\",\"urlTemplate\":\"https:\/\/empow-her.com\/?s={search_term_string}\"},\"query-input\":{\"@type\":\"PropertyValueSpecification\",\"valueRequired\":true,\"valueName\":\"search_term_string\"}}],\"inLanguage\":\"es\"}]}<\/script>\n<!-- \/ Yoast SEO plugin. -->","yoast_head_json":{"title":"Atelier - Pitcher mon projet - Empow&#039;Her","robots":{"index":"index","follow":"follow","max-snippet":"max-snippet:-1","max-image-preview":"max-image-preview:large","max-video-preview":"max-video-preview:-1"},"canonical":"https:\/\/empow-her.com\/produit\/atelier-pitcher-mon-projet-27-janv\/","og_locale":"es_ES","og_type":"article","og_title":"Atelier - Pitcher mon projet - Empow&#039;Her","og_description":"Cet atelier a pour but de vous permettre d\u2019acqu\u00e9rir les outils n\u00e9cessaires pour pouvoir parler de votre projet avec aisance et clart\u00e9 et convaincre avec un maximum d\u2019impact ! De la d\u00e9finition du pitch \u00e0 la prise de parole, en passant par l\u2019\u00e9laboration du contenu et la gestion du stress, nous verrons ensemble comment raconter l\u2019histoire de votre projet afin d\u2019atteindre vos objectifs.  Intervenante  Farah Houari de Boost Positive Dipl\u00f4m\u00e9e en Affaires Europ\u00e9ennes de King\u2019s College London, Farah s'est par la suite consacr\u00e9e \u00e0 son autre passion: le th\u00e9\u00e2tre ! Elle a travaill\u00e9 \u00e0 Paris et \u00e0 Londres, o\u00f9 elle suivi une formation professionnelle d\u2019acteurs \u00e0 la London Academy of Music and Dramatic Arts. Forte de ses acquis acad\u00e9miques et artistiques, elle allie rigueur et cr\u00e9ativit\u00e9 dans son approche du story-telling afin de permettre aux acteurs du secteur priv\u00e9 et publique d\u2019avoir un maximum d\u2019impact lors de leurs interventions publiques notamment. Elle croit profond\u00e9ment en l\u2019entrepreneuriat comme force de changement positif de nos soci\u00e9t\u00e9s et est convaincue que les femmes ont un r\u00f4le majeur \u00e0 jouer dans ce changement. Sa mission : vous aider \u00e0 atteindre vos objectifs et \u00e0 gagner en aisance, confiance et rayonnement !        Lieu : Sist'Her  Ce projet est co-financ\u00e9 par le Fonds Social Europ\u00e9en.  \u00a0\u00a0\u00a0","og_url":"https:\/\/empow-her.com\/produit\/atelier-pitcher-mon-projet-27-janv\/","og_site_name":"Empow&#039;Her","article_modified_time":"2021-12-08T15:27:12+00:00","og_image":[{"width":1080,"height":1080,"url":"https:\/\/empow-her.com\/wp-content\/uploads\/2021\/12\/TEMPLATES-EVENTS-WOMEN-DARE-20.png","type":"image\/png"}],"twitter_card":"summary_large_image","schema":{"@context":"https:\/\/schema.org","@graph":[{"@type":"WebPage","@id":"https:\/\/empow-her.com\/produit\/atelier-pitcher-mon-projet-27-janv\/","url":"https:\/\/empow-her.com\/produit\/atelier-pitcher-mon-projet-27-janv\/","name":"Atelier - Pitcher mon projet - Empow&#039;Her","isPartOf":{"@id":"https:\/\/empow-her.com\/#website"},"primaryImageOfPage":{"@id":"https:\/\/empow-her.com\/produit\/atelier-pitcher-mon-projet-27-janv\/#primaryimage"},"image":{"@id":"https:\/\/empow-her.com\/produit\/atelier-pitcher-mon-projet-27-janv\/#primaryimage"},"thumbnailUrl":"https:\/\/empow-her.com\/wp-content\/uploads\/2021\/12\/TEMPLATES-EVENTS-WOMEN-DARE-20.png","datePublished":"2021-12-08T15:18:11+00:00","dateModified":"2021-12-08T15:27:12+00:00","breadcrumb":{"@id":"https:\/\/empow-her.com\/produit\/atelier-pitcher-mon-projet-27-janv\/#breadcrumb"},"inLanguage":"es","potentialAction":[{"@type":"ReadAction","target":["https:\/\/empow-her.com\/produit\/atelier-pitcher-mon-projet-27-janv\/"]}]},{"@type":"ImageObject","inLanguage":"es","@id":"https:\/\/empow-her.com\/produit\/atelier-pitcher-mon-projet-27-janv\/#primaryimage","url":"https:\/\/empow-her.com\/wp-content\/uploads\/2021\/12\/TEMPLATES-EVENTS-WOMEN-DARE-20.png","contentUrl":"https:\/\/empow-her.com\/wp-content\/uploads\/2021\/12\/TEMPLATES-EVENTS-WOMEN-DARE-20.png","width":1080,"height":1080},{"@type":"BreadcrumbList","@id":"https:\/\/empow-her.com\/produit\/atelier-pitcher-mon-projet-27-janv\/#breadcrumb","itemListElement":[{"@type":"ListItem","position":1,"name":"Accueil","item":"https:\/\/empow-her.com\/es\/inicio\/"},{"@type":"ListItem","position":2,"name":"LA BOUTIQUE","item":"https:\/\/empow-her.com\/boutique\/"},{"@type":"ListItem","position":3,"name":"Atelier &#8211; Pitcher mon projet"}]},{"@type":"WebSite","@id":"https:\/\/empow-her.com\/#website","url":"https:\/\/empow-her.com\/","name":"Empow&#039;Her","description":"Women Development","potentialAction":[{"@type":"SearchAction","target":{"@type":"EntryPoint","urlTemplate":"https:\/\/empow-her.com\/?s={search_term_string}"},"query-input":{"@type":"PropertyValueSpecification","valueRequired":true,"valueName":"search_term_string"}}],"inLanguage":"es"}]}},"_links":{"self":[{"href":"https:\/\/empow-her.com\/es\/wp-json\/wp\/v2\/product\/114015","targetHints":{"allow":["GET"]}}],"collection":[{"href":"https:\/\/empow-her.com\/es\/wp-json\/wp\/v2\/product"}],"about":[{"href":"https:\/\/empow-her.com\/es\/wp-json\/wp\/v2\/types\/product"}],"wp:featuredmedia":[{"embeddable":true,"href":"https:\/\/empow-her.com\/es\/wp-json\/wp\/v2\/media\/114016"}],"wp:attachment":[{"href":"https:\/\/empow-her.com\/es\/wp-json\/wp\/v2\/media?parent=114015"}],"wp:term":[{"taxonomy":"product_brand","embeddable":true,"href":"https:\/\/empow-her.com\/es\/wp-json\/wp\/v2\/product_brand?post=114015"},{"taxonomy":"product_cat","embeddable":true,"href":"https:\/\/empow-her.com\/es\/wp-json\/wp\/v2\/product_cat?post=114015"},{"taxonomy":"product_tag","embeddable":true,"href":"https:\/\/empow-her.com\/es\/wp-json\/wp\/v2\/product_tag?post=114015"},{"taxonomy":"lieu","embeddable":true,"href":"https:\/\/empow-her.com\/es\/wp-json\/wp\/v2\/lieu?post=114015"},{"taxonomy":"thematiques","embeddable":true,"href":"https:\/\/empow-her.com\/es\/wp-json\/wp\/v2\/thematiques?post=114015"}],"curies":[{"name":"wp","href":"https:\/\/api.w.org\/{rel}","templated":true}]}}