{"id":113955,"date":"2021-12-08T14:57:39","date_gmt":"2021-12-08T13:57:39","guid":{"rendered":"https:\/\/empow-her.com\/?post_type=product&#038;p=113955"},"modified":"2021-12-14T14:17:43","modified_gmt":"2021-12-14T13:17:43","slug":"atelier-faire-le-bilan-et-se-projeter-sur-une-feuille-de-route","status":"publish","type":"product","link":"https:\/\/empow-her.com\/es\/produit\/atelier-faire-le-bilan-et-se-projeter-sur-une-feuille-de-route\/","title":{"rendered":"Atelier &#8211; Faire le bilan et se projeter sur une feuille de route"},"content":{"rendered":"","protected":false},"excerpt":{"rendered":"<div>\n<div>\n<div>Le d\u00e9but de l\u2019ann\u00e9e est toujours un moment propice pour faire le bilan et poser ses intentions pour le cycle \u00e0 venir&#8230; Cet atelier, anim\u00e9 par Camille Soustra, coach et enseignante de yoga, consiste \u00e0 explorer vos intentions et travailler votre objectif central pour 2022, dans un cadre convivial et bienveillant. Cela passe par des exercices de coaching qui vous conduiront \u00e0 une meilleure connaissance de ce qui est important pour vous et \u00e0 une vision affin\u00e9e de vos priorit\u00e9s et des actions \u00e0 mettre en place. Les temps forts de l&#8217;atelier : &#8211; un court moment de m\u00e9ditation pour s\u2019ancrer dans le pr\u00e9sent et se relier \u00e0 sa s\u00e9curit\u00e9 int\u00e9rieure &#x1f9d8;&#x1f3fb; &#8211; une s\u00e9rie d&#8217;exercices de coaching cr\u00e9atifs &#x270d;&#x1f3fb; qui seront sur un workbook, con\u00e7u pour l\u2019atelier. Chacune pourra prendre un temps pour r\u00e9fl\u00e9chir et r\u00e9pondre aux questions sur son cahier ; &#8211; un temps de partage collectif du fruit de vos r\u00e9flexions et des engagements sur des actions concr\u00e8tes (&#x1f525;m\u00eame petites, pas de panique !) Chaque participante repart avec sa feuille de route dans le workbook qui lui permettra d\u2019y revenir et de le revisiter si besoin au cours de l\u2019ann\u00e9e !<\/div>\n<\/div>\n<div><strong>Intervenante :\u00a0<\/strong><\/div>\n<div>\n<div>Camille Soustra<\/div>\n<\/div>\n<\/div>\n<div><\/div>\n<div><\/div>\n<div><\/div>\n<div><\/div>\n<div><b>Lieu : <\/b>Sist&#8217;Her<\/div>\n<div><\/div>\n<p>Ce projet est co-financ\u00e9 par le Fonds Social Europ\u00e9en.<\/p>\n<p><img decoding=\"async\" class=\"\" src=\"https:\/\/www.sep-asso.fr\/wp-content\/uploads\/2018\/02\/logo-union-europeenne.png\" alt=\"logo union europeenne \u2013 SEP\" width=\"87\" height=\"72\" \/>\u00a0\u00a0<img decoding=\"async\" class=\"alignnone wp-image-15218\" src=\"https:\/\/empow-her.com\/wp-content\/uploads\/2021\/06\/logo_fonds_social_europeen-300x187.png\" alt=\"\" width=\"104\" height=\"65\" srcset=\"https:\/\/empow-her.com\/wp-content\/uploads\/2021\/06\/logo_fonds_social_europeen-300x187.png 300w, https:\/\/empow-her.com\/wp-content\/uploads\/2021\/06\/logo_fonds_social_europeen-600x375.png 600w, https:\/\/empow-her.com\/wp-content\/uploads\/2021\/06\/logo_fonds_social_europeen-24x15.png 24w, https:\/\/empow-her.com\/wp-content\/uploads\/2021\/06\/logo_fonds_social_europeen-36x22.png 36w, https:\/\/empow-her.com\/wp-content\/uploads\/2021\/06\/logo_fonds_social_europeen-48x30.png 48w, https:\/\/empow-her.com\/wp-content\/uploads\/2021\/06\/logo_fonds_social_europeen.png 666w\" sizes=\"(max-width: 104px) 100vw, 104px\" \/>\u00a0<img decoding=\"async\" class=\"\" src=\"https:\/\/franceactive-idf.org\/wp-content\/uploads\/2020\/02\/logo-region-ile-de-france.png\" alt=\"Logo Region Ile De France - France Active \u00cele-de-France\" width=\"126\" height=\"29\" \/><\/p>\n","protected":false},"featured_media":113975,"template":"","format":"standard","meta":{"_acf_changed":false,"om_disable_all_campaigns":false,"_uf_show_specific_survey":0,"_uf_disable_surveys":false},"product_brand":[],"product_cat":[118],"product_tag":[],"lieu":[127],"thematiques":[],"class_list":{"0":"post-113955","1":"product","2":"type-product","3":"status-publish","4":"format-standard","5":"has-post-thumbnail","7":"product_cat-atelier-collectif","8":"lieu-hub-empowher","10":"first","11":"instock","12":"virtual","13":"purchasable","14":"product-type-appointment"},"exclude_global_add_ons":[],"addons":[],"acf":[],"yoast_head":"<!-- This site is optimized with the Yoast SEO plugin v24.8 - https:\/\/yoast.com\/wordpress\/plugins\/seo\/ -->\n<title>Atelier - Faire le bilan et se projeter sur une feuille de route - Empow&#039;Her<\/title>\n<meta name=\"robots\" content=\"index, follow, max-snippet:-1, max-image-preview:large, max-video-preview:-1\" \/>\n<link rel=\"canonical\" href=\"https:\/\/empow-her.com\/es\/produit\/atelier-faire-le-bilan-et-se-projeter-sur-une-feuille-de-route\/\" \/>\n<meta property=\"og:locale\" content=\"es_ES\" \/>\n<meta property=\"og:type\" content=\"article\" \/>\n<meta property=\"og:title\" content=\"Atelier - Faire le bilan et se projeter sur une feuille de route - Empow&#039;Her\" \/>\n<meta property=\"og:description\" content=\"Le d\u00e9but de l\u2019ann\u00e9e est toujours un moment propice pour faire le bilan et poser ses intentions pour le cycle \u00e0 venir... Cet atelier, anim\u00e9 par Camille Soustra, coach et enseignante de yoga, consiste \u00e0 explorer vos intentions et travailler votre objectif central pour 2022, dans un cadre convivial et bienveillant. Cela passe par des exercices de coaching qui vous conduiront \u00e0 une meilleure connaissance de ce qui est important pour vous et \u00e0 une vision affin\u00e9e de vos priorit\u00e9s et des actions \u00e0 mettre en place. Les temps forts de l&#039;atelier : - un court moment de m\u00e9ditation pour s\u2019ancrer dans le pr\u00e9sent et se relier \u00e0 sa s\u00e9curit\u00e9 int\u00e9rieure &#x1f9d8;&#x1f3fb; - une s\u00e9rie d&#039;exercices de coaching cr\u00e9atifs &#x270d;&#x1f3fb; qui seront sur un workbook, con\u00e7u pour l\u2019atelier. Chacune pourra prendre un temps pour r\u00e9fl\u00e9chir et r\u00e9pondre aux questions sur son cahier ; - un temps de partage collectif du fruit de vos r\u00e9flexions et des engagements sur des actions concr\u00e8tes (&#x1f525;m\u00eame petites, pas de panique !) Chaque participante repart avec sa feuille de route dans le workbook qui lui permettra d\u2019y revenir et de le revisiter si besoin au cours de l\u2019ann\u00e9e !  Intervenante :\u00a0  Camille Soustra       Lieu : Sist&#039;Her  Ce projet est co-financ\u00e9 par le Fonds Social Europ\u00e9en.  \u00a0\u00a0\u00a0\" \/>\n<meta property=\"og:url\" content=\"https:\/\/empow-her.com\/es\/produit\/atelier-faire-le-bilan-et-se-projeter-sur-une-feuille-de-route\/\" \/>\n<meta property=\"og:site_name\" content=\"Empow&#039;Her\" \/>\n<meta property=\"article:modified_time\" content=\"2021-12-14T13:17:43+00:00\" \/>\n<meta property=\"og:image\" content=\"https:\/\/empow-her.com\/wp-content\/uploads\/2021\/12\/TEMPLATES-EVENTS-WOMEN-DARE-11.png\" \/>\n\t<meta property=\"og:image:width\" content=\"1080\" \/>\n\t<meta property=\"og:image:height\" content=\"1080\" \/>\n\t<meta property=\"og:image:type\" content=\"image\/png\" \/>\n<meta name=\"twitter:card\" content=\"summary_large_image\" \/>\n<script type=\"application\/ld+json\" class=\"yoast-schema-graph\">{\"@context\":\"https:\/\/schema.org\",\"@graph\":[{\"@type\":\"WebPage\",\"@id\":\"https:\/\/empow-her.com\/es\/produit\/atelier-faire-le-bilan-et-se-projeter-sur-une-feuille-de-route\/\",\"url\":\"https:\/\/empow-her.com\/es\/produit\/atelier-faire-le-bilan-et-se-projeter-sur-une-feuille-de-route\/\",\"name\":\"Atelier - Faire le bilan et se projeter sur une feuille de route - Empow&#039;Her\",\"isPartOf\":{\"@id\":\"https:\/\/empow-her.com\/#website\"},\"primaryImageOfPage\":{\"@id\":\"https:\/\/empow-her.com\/es\/produit\/atelier-faire-le-bilan-et-se-projeter-sur-une-feuille-de-route\/#primaryimage\"},\"image\":{\"@id\":\"https:\/\/empow-her.com\/es\/produit\/atelier-faire-le-bilan-et-se-projeter-sur-une-feuille-de-route\/#primaryimage\"},\"thumbnailUrl\":\"https:\/\/empow-her.com\/wp-content\/uploads\/2021\/12\/TEMPLATES-EVENTS-WOMEN-DARE-11.png\",\"datePublished\":\"2021-12-08T13:57:39+00:00\",\"dateModified\":\"2021-12-14T13:17:43+00:00\",\"breadcrumb\":{\"@id\":\"https:\/\/empow-her.com\/es\/produit\/atelier-faire-le-bilan-et-se-projeter-sur-une-feuille-de-route\/#breadcrumb\"},\"inLanguage\":\"es\",\"potentialAction\":[{\"@type\":\"ReadAction\",\"target\":[\"https:\/\/empow-her.com\/es\/produit\/atelier-faire-le-bilan-et-se-projeter-sur-une-feuille-de-route\/\"]}]},{\"@type\":\"ImageObject\",\"inLanguage\":\"es\",\"@id\":\"https:\/\/empow-her.com\/es\/produit\/atelier-faire-le-bilan-et-se-projeter-sur-une-feuille-de-route\/#primaryimage\",\"url\":\"https:\/\/empow-her.com\/wp-content\/uploads\/2021\/12\/TEMPLATES-EVENTS-WOMEN-DARE-11.png\",\"contentUrl\":\"https:\/\/empow-her.com\/wp-content\/uploads\/2021\/12\/TEMPLATES-EVENTS-WOMEN-DARE-11.png\",\"width\":1080,\"height\":1080},{\"@type\":\"BreadcrumbList\",\"@id\":\"https:\/\/empow-her.com\/es\/produit\/atelier-faire-le-bilan-et-se-projeter-sur-une-feuille-de-route\/#breadcrumb\",\"itemListElement\":[{\"@type\":\"ListItem\",\"position\":1,\"name\":\"Accueil\",\"item\":\"https:\/\/empow-her.com\/es\/inicio\/\"},{\"@type\":\"ListItem\",\"position\":2,\"name\":\"LA BOUTIQUE\",\"item\":\"https:\/\/empow-her.com\/boutique\/\"},{\"@type\":\"ListItem\",\"position\":3,\"name\":\"Atelier &#8211; Faire le bilan et se projeter sur une feuille de route\"}]},{\"@type\":\"WebSite\",\"@id\":\"https:\/\/empow-her.com\/#website\",\"url\":\"https:\/\/empow-her.com\/\",\"name\":\"Empow&#039;Her\",\"description\":\"Women Development\",\"potentialAction\":[{\"@type\":\"SearchAction\",\"target\":{\"@type\":\"EntryPoint\",\"urlTemplate\":\"https:\/\/empow-her.com\/?s={search_term_string}\"},\"query-input\":{\"@type\":\"PropertyValueSpecification\",\"valueRequired\":true,\"valueName\":\"search_term_string\"}}],\"inLanguage\":\"es\"}]}<\/script>\n<!-- \/ Yoast SEO plugin. -->","yoast_head_json":{"title":"Atelier - Faire le bilan et se projeter sur une feuille de route - Empow&#039;Her","robots":{"index":"index","follow":"follow","max-snippet":"max-snippet:-1","max-image-preview":"max-image-preview:large","max-video-preview":"max-video-preview:-1"},"canonical":"https:\/\/empow-her.com\/es\/produit\/atelier-faire-le-bilan-et-se-projeter-sur-une-feuille-de-route\/","og_locale":"es_ES","og_type":"article","og_title":"Atelier - Faire le bilan et se projeter sur une feuille de route - Empow&#039;Her","og_description":"Le d\u00e9but de l\u2019ann\u00e9e est toujours un moment propice pour faire le bilan et poser ses intentions pour le cycle \u00e0 venir... Cet atelier, anim\u00e9 par Camille Soustra, coach et enseignante de yoga, consiste \u00e0 explorer vos intentions et travailler votre objectif central pour 2022, dans un cadre convivial et bienveillant. Cela passe par des exercices de coaching qui vous conduiront \u00e0 une meilleure connaissance de ce qui est important pour vous et \u00e0 une vision affin\u00e9e de vos priorit\u00e9s et des actions \u00e0 mettre en place. Les temps forts de l'atelier : - un court moment de m\u00e9ditation pour s\u2019ancrer dans le pr\u00e9sent et se relier \u00e0 sa s\u00e9curit\u00e9 int\u00e9rieure &#x1f9d8;&#x1f3fb; - une s\u00e9rie d'exercices de coaching cr\u00e9atifs &#x270d;&#x1f3fb; qui seront sur un workbook, con\u00e7u pour l\u2019atelier. Chacune pourra prendre un temps pour r\u00e9fl\u00e9chir et r\u00e9pondre aux questions sur son cahier ; - un temps de partage collectif du fruit de vos r\u00e9flexions et des engagements sur des actions concr\u00e8tes (&#x1f525;m\u00eame petites, pas de panique !) Chaque participante repart avec sa feuille de route dans le workbook qui lui permettra d\u2019y revenir et de le revisiter si besoin au cours de l\u2019ann\u00e9e !  Intervenante :\u00a0  Camille Soustra       Lieu : Sist'Her  Ce projet est co-financ\u00e9 par le Fonds Social Europ\u00e9en.  \u00a0\u00a0\u00a0","og_url":"https:\/\/empow-her.com\/es\/produit\/atelier-faire-le-bilan-et-se-projeter-sur-une-feuille-de-route\/","og_site_name":"Empow&#039;Her","article_modified_time":"2021-12-14T13:17:43+00:00","og_image":[{"width":1080,"height":1080,"url":"https:\/\/empow-her.com\/wp-content\/uploads\/2021\/12\/TEMPLATES-EVENTS-WOMEN-DARE-11.png","type":"image\/png"}],"twitter_card":"summary_large_image","schema":{"@context":"https:\/\/schema.org","@graph":[{"@type":"WebPage","@id":"https:\/\/empow-her.com\/es\/produit\/atelier-faire-le-bilan-et-se-projeter-sur-une-feuille-de-route\/","url":"https:\/\/empow-her.com\/es\/produit\/atelier-faire-le-bilan-et-se-projeter-sur-une-feuille-de-route\/","name":"Atelier - Faire le bilan et se projeter sur une feuille de route - Empow&#039;Her","isPartOf":{"@id":"https:\/\/empow-her.com\/#website"},"primaryImageOfPage":{"@id":"https:\/\/empow-her.com\/es\/produit\/atelier-faire-le-bilan-et-se-projeter-sur-une-feuille-de-route\/#primaryimage"},"image":{"@id":"https:\/\/empow-her.com\/es\/produit\/atelier-faire-le-bilan-et-se-projeter-sur-une-feuille-de-route\/#primaryimage"},"thumbnailUrl":"https:\/\/empow-her.com\/wp-content\/uploads\/2021\/12\/TEMPLATES-EVENTS-WOMEN-DARE-11.png","datePublished":"2021-12-08T13:57:39+00:00","dateModified":"2021-12-14T13:17:43+00:00","breadcrumb":{"@id":"https:\/\/empow-her.com\/es\/produit\/atelier-faire-le-bilan-et-se-projeter-sur-une-feuille-de-route\/#breadcrumb"},"inLanguage":"es","potentialAction":[{"@type":"ReadAction","target":["https:\/\/empow-her.com\/es\/produit\/atelier-faire-le-bilan-et-se-projeter-sur-une-feuille-de-route\/"]}]},{"@type":"ImageObject","inLanguage":"es","@id":"https:\/\/empow-her.com\/es\/produit\/atelier-faire-le-bilan-et-se-projeter-sur-une-feuille-de-route\/#primaryimage","url":"https:\/\/empow-her.com\/wp-content\/uploads\/2021\/12\/TEMPLATES-EVENTS-WOMEN-DARE-11.png","contentUrl":"https:\/\/empow-her.com\/wp-content\/uploads\/2021\/12\/TEMPLATES-EVENTS-WOMEN-DARE-11.png","width":1080,"height":1080},{"@type":"BreadcrumbList","@id":"https:\/\/empow-her.com\/es\/produit\/atelier-faire-le-bilan-et-se-projeter-sur-une-feuille-de-route\/#breadcrumb","itemListElement":[{"@type":"ListItem","position":1,"name":"Accueil","item":"https:\/\/empow-her.com\/es\/inicio\/"},{"@type":"ListItem","position":2,"name":"LA BOUTIQUE","item":"https:\/\/empow-her.com\/boutique\/"},{"@type":"ListItem","position":3,"name":"Atelier &#8211; Faire le bilan et se projeter sur une feuille de route"}]},{"@type":"WebSite","@id":"https:\/\/empow-her.com\/#website","url":"https:\/\/empow-her.com\/","name":"Empow&#039;Her","description":"Women Development","potentialAction":[{"@type":"SearchAction","target":{"@type":"EntryPoint","urlTemplate":"https:\/\/empow-her.com\/?s={search_term_string}"},"query-input":{"@type":"PropertyValueSpecification","valueRequired":true,"valueName":"search_term_string"}}],"inLanguage":"es"}]}},"_links":{"self":[{"href":"https:\/\/empow-her.com\/es\/wp-json\/wp\/v2\/product\/113955","targetHints":{"allow":["GET"]}}],"collection":[{"href":"https:\/\/empow-her.com\/es\/wp-json\/wp\/v2\/product"}],"about":[{"href":"https:\/\/empow-her.com\/es\/wp-json\/wp\/v2\/types\/product"}],"wp:featuredmedia":[{"embeddable":true,"href":"https:\/\/empow-her.com\/es\/wp-json\/wp\/v2\/media\/113975"}],"wp:attachment":[{"href":"https:\/\/empow-her.com\/es\/wp-json\/wp\/v2\/media?parent=113955"}],"wp:term":[{"taxonomy":"product_brand","embeddable":true,"href":"https:\/\/empow-her.com\/es\/wp-json\/wp\/v2\/product_brand?post=113955"},{"taxonomy":"product_cat","embeddable":true,"href":"https:\/\/empow-her.com\/es\/wp-json\/wp\/v2\/product_cat?post=113955"},{"taxonomy":"product_tag","embeddable":true,"href":"https:\/\/empow-her.com\/es\/wp-json\/wp\/v2\/product_tag?post=113955"},{"taxonomy":"lieu","embeddable":true,"href":"https:\/\/empow-her.com\/es\/wp-json\/wp\/v2\/lieu?post=113955"},{"taxonomy":"thematiques","embeddable":true,"href":"https:\/\/empow-her.com\/es\/wp-json\/wp\/v2\/thematiques?post=113955"}],"curies":[{"name":"wp","href":"https:\/\/api.w.org\/{rel}","templated":true}]}}