{"id":113511,"date":"2021-11-30T14:00:30","date_gmt":"2021-11-30T13:00:30","guid":{"rendered":"https:\/\/empow-her.com\/?post_type=product&#038;p=113511"},"modified":"2021-12-20T14:36:45","modified_gmt":"2021-12-20T13:36:45","slug":"coaching-collectif-brainstorming-financer-son-projet-2-heures-11-janv","status":"publish","type":"product","link":"https:\/\/empow-her.com\/es\/produit\/coaching-collectif-brainstorming-financer-son-projet-2-heures-11-janv\/","title":{"rendered":"Coaching collectif &#8211; Brainstorming : Financer son projet (2 heures)"},"content":{"rendered":"","protected":false},"excerpt":{"rendered":"<div>\n<div>\n<div>B\u00e9n\u00e9ficiez de deux heures en petits groupes de 3 entrepreneures pour travailler avec nos expertes sur votre probl\u00e9matique. Cette session est comptabilis\u00e9e comme 1h de coaching individuel (sur vos 10h disponibles) \u2013 deux fois plus de temps pour vous permettre de faire d\u00e9coller vos projets ! Un brainstorming en petit groupe, supervis\u00e9 par la coach Anne-Laure Juliot, pour partager avec d\u2019autres entrepreneures et trouver des solutions \u00e0 une probl\u00e9matique financi\u00e8re (business plan, financement, pr\u00e9visionnel\u2026) ! Sur le format d&#8217;un atelier de co-d\u00e9veloppement, vous pourrez&#8230; : * vous faire coacher sur les aspects de votre projet li\u00e9s au financement ! * vous inspirer des porteuses de projet du groupe pour bien comprendre tous les enjeux li\u00e9s \u00e0 ces th\u00e9matiques ; * b\u00e9n\u00e9ficier pendant 2 heures de l&#8217;expertise th\u00e9orique et pratique d&#8217;une pro de la finance dans un cadre bienveillant et d&#8217;entraide Avant la session, pr\u00e9parez une question, un d\u00e9fi ou un blocage que vous rencontrez et que vous aimeriez r\u00e9soudre en lien avec le financement de votre projet : nous nous appuierons sur la puissance du collectif pour y r\u00e9pondre !<\/div>\n<\/div>\n<div><strong>Intervenante :\u00a0<\/strong><\/div>\n<div>\n<div>Anne-Laure Juliot<\/div>\n<\/div>\n<\/div>\n<p><strong>Dur\u00e9e<\/strong>\u00a0: 2 heures<\/p>\n<p>&nbsp;<\/p>\n<p>&nbsp;<\/p>\n<p>Ce projet est co-financ\u00e9 par le Fonds Social Europ\u00e9en.<\/p>\n<p><img decoding=\"async\" class=\"\" src=\"https:\/\/www.sep-asso.fr\/wp-content\/uploads\/2018\/02\/logo-union-europeenne.png\" alt=\"logo union europeenne \u2013 SEP\" width=\"87\" height=\"72\" \/> <img decoding=\"async\" class=\"alignnone wp-image-15218\" src=\"https:\/\/empow-her.com\/wp-content\/uploads\/2021\/06\/logo_fonds_social_europeen-300x187.png\" alt=\"\" width=\"104\" height=\"65\" srcset=\"https:\/\/empow-her.com\/wp-content\/uploads\/2021\/06\/logo_fonds_social_europeen-300x187.png 300w, https:\/\/empow-her.com\/wp-content\/uploads\/2021\/06\/logo_fonds_social_europeen-600x375.png 600w, https:\/\/empow-her.com\/wp-content\/uploads\/2021\/06\/logo_fonds_social_europeen-24x15.png 24w, https:\/\/empow-her.com\/wp-content\/uploads\/2021\/06\/logo_fonds_social_europeen-36x22.png 36w, https:\/\/empow-her.com\/wp-content\/uploads\/2021\/06\/logo_fonds_social_europeen-48x30.png 48w, https:\/\/empow-her.com\/wp-content\/uploads\/2021\/06\/logo_fonds_social_europeen.png 666w\" sizes=\"(max-width: 104px) 100vw, 104px\" \/>\u00a0 <img decoding=\"async\" class=\"\" src=\"https:\/\/franceactive-idf.org\/wp-content\/uploads\/2020\/02\/logo-region-ile-de-france.png\" alt=\"Logo Region Ile De France - France Active \u00cele-de-France\" width=\"126\" height=\"29\" \/><\/p>\n","protected":false},"featured_media":114344,"template":"","format":"standard","meta":{"_acf_changed":false,"om_disable_all_campaigns":false,"_uf_show_specific_survey":0,"_uf_disable_surveys":false},"product_brand":[],"product_cat":[121],"product_tag":[],"lieu":[125],"thematiques":[],"class_list":{"0":"post-113511","1":"product","2":"type-product","3":"status-publish","4":"format-standard","5":"has-post-thumbnail","7":"product_cat-coaching","8":"lieu-en-ligne","10":"first","11":"instock","12":"virtual","13":"purchasable","14":"product-type-appointment"},"exclude_global_add_ons":[],"addons":[],"acf":[],"yoast_head":"<!-- This site is optimized with the Yoast SEO plugin v24.8 - https:\/\/yoast.com\/wordpress\/plugins\/seo\/ -->\n<title>Coaching collectif - Brainstorming : Financer son projet (2 heures) - Empow&#039;Her<\/title>\n<meta name=\"robots\" content=\"index, follow, max-snippet:-1, max-image-preview:large, max-video-preview:-1\" \/>\n<link rel=\"canonical\" href=\"https:\/\/empow-her.com\/es\/produit\/coaching-collectif-brainstorming-financer-son-projet-2-heures-11-janv\/\" \/>\n<meta property=\"og:locale\" content=\"es_ES\" \/>\n<meta property=\"og:type\" content=\"article\" \/>\n<meta property=\"og:title\" content=\"Coaching collectif - Brainstorming : Financer son projet (2 heures) - Empow&#039;Her\" \/>\n<meta property=\"og:description\" content=\"B\u00e9n\u00e9ficiez de deux heures en petits groupes de 3 entrepreneures pour travailler avec nos expertes sur votre probl\u00e9matique. Cette session est comptabilis\u00e9e comme 1h de coaching individuel (sur vos 10h disponibles) \u2013 deux fois plus de temps pour vous permettre de faire d\u00e9coller vos projets ! Un brainstorming en petit groupe, supervis\u00e9 par la coach Anne-Laure Juliot, pour partager avec d\u2019autres entrepreneures et trouver des solutions \u00e0 une probl\u00e9matique financi\u00e8re (business plan, financement, pr\u00e9visionnel\u2026) ! Sur le format d&#039;un atelier de co-d\u00e9veloppement, vous pourrez... : * vous faire coacher sur les aspects de votre projet li\u00e9s au financement ! * vous inspirer des porteuses de projet du groupe pour bien comprendre tous les enjeux li\u00e9s \u00e0 ces th\u00e9matiques ; * b\u00e9n\u00e9ficier pendant 2 heures de l&#039;expertise th\u00e9orique et pratique d&#039;une pro de la finance dans un cadre bienveillant et d&#039;entraide Avant la session, pr\u00e9parez une question, un d\u00e9fi ou un blocage que vous rencontrez et que vous aimeriez r\u00e9soudre en lien avec le financement de votre projet : nous nous appuierons sur la puissance du collectif pour y r\u00e9pondre !  Intervenante :\u00a0  Anne-Laure Juliot   Dur\u00e9e\u00a0: 2 heures  &nbsp;  &nbsp;  Ce projet est co-financ\u00e9 par le Fonds Social Europ\u00e9en.   \u00a0\" \/>\n<meta property=\"og:url\" content=\"https:\/\/empow-her.com\/es\/produit\/coaching-collectif-brainstorming-financer-son-projet-2-heures-11-janv\/\" \/>\n<meta property=\"og:site_name\" content=\"Empow&#039;Her\" \/>\n<meta property=\"article:modified_time\" content=\"2021-12-20T13:36:45+00:00\" \/>\n<meta property=\"og:image\" content=\"https:\/\/empow-her.com\/wp-content\/uploads\/2021\/11\/TEMPLATES-EVENTS-WOMEN-DARE-29.png\" \/>\n\t<meta property=\"og:image:width\" content=\"1080\" \/>\n\t<meta property=\"og:image:height\" content=\"1080\" \/>\n\t<meta property=\"og:image:type\" content=\"image\/png\" \/>\n<meta name=\"twitter:card\" content=\"summary_large_image\" \/>\n<script type=\"application\/ld+json\" class=\"yoast-schema-graph\">{\"@context\":\"https:\/\/schema.org\",\"@graph\":[{\"@type\":\"WebPage\",\"@id\":\"https:\/\/empow-her.com\/es\/produit\/coaching-collectif-brainstorming-financer-son-projet-2-heures-11-janv\/\",\"url\":\"https:\/\/empow-her.com\/es\/produit\/coaching-collectif-brainstorming-financer-son-projet-2-heures-11-janv\/\",\"name\":\"Coaching collectif - Brainstorming : Financer son projet (2 heures) - Empow&#039;Her\",\"isPartOf\":{\"@id\":\"https:\/\/empow-her.com\/#website\"},\"primaryImageOfPage\":{\"@id\":\"https:\/\/empow-her.com\/es\/produit\/coaching-collectif-brainstorming-financer-son-projet-2-heures-11-janv\/#primaryimage\"},\"image\":{\"@id\":\"https:\/\/empow-her.com\/es\/produit\/coaching-collectif-brainstorming-financer-son-projet-2-heures-11-janv\/#primaryimage\"},\"thumbnailUrl\":\"https:\/\/empow-her.com\/wp-content\/uploads\/2021\/11\/TEMPLATES-EVENTS-WOMEN-DARE-29.png\",\"datePublished\":\"2021-11-30T13:00:30+00:00\",\"dateModified\":\"2021-12-20T13:36:45+00:00\",\"breadcrumb\":{\"@id\":\"https:\/\/empow-her.com\/es\/produit\/coaching-collectif-brainstorming-financer-son-projet-2-heures-11-janv\/#breadcrumb\"},\"inLanguage\":\"es\",\"potentialAction\":[{\"@type\":\"ReadAction\",\"target\":[\"https:\/\/empow-her.com\/es\/produit\/coaching-collectif-brainstorming-financer-son-projet-2-heures-11-janv\/\"]}]},{\"@type\":\"ImageObject\",\"inLanguage\":\"es\",\"@id\":\"https:\/\/empow-her.com\/es\/produit\/coaching-collectif-brainstorming-financer-son-projet-2-heures-11-janv\/#primaryimage\",\"url\":\"https:\/\/empow-her.com\/wp-content\/uploads\/2021\/11\/TEMPLATES-EVENTS-WOMEN-DARE-29.png\",\"contentUrl\":\"https:\/\/empow-her.com\/wp-content\/uploads\/2021\/11\/TEMPLATES-EVENTS-WOMEN-DARE-29.png\",\"width\":1080,\"height\":1080},{\"@type\":\"BreadcrumbList\",\"@id\":\"https:\/\/empow-her.com\/es\/produit\/coaching-collectif-brainstorming-financer-son-projet-2-heures-11-janv\/#breadcrumb\",\"itemListElement\":[{\"@type\":\"ListItem\",\"position\":1,\"name\":\"Accueil\",\"item\":\"https:\/\/empow-her.com\/es\/inicio\/\"},{\"@type\":\"ListItem\",\"position\":2,\"name\":\"LA BOUTIQUE\",\"item\":\"https:\/\/empow-her.com\/boutique\/\"},{\"@type\":\"ListItem\",\"position\":3,\"name\":\"Coaching collectif &#8211; Brainstorming : Financer son projet (2 heures)\"}]},{\"@type\":\"WebSite\",\"@id\":\"https:\/\/empow-her.com\/#website\",\"url\":\"https:\/\/empow-her.com\/\",\"name\":\"Empow&#039;Her\",\"description\":\"Women Development\",\"potentialAction\":[{\"@type\":\"SearchAction\",\"target\":{\"@type\":\"EntryPoint\",\"urlTemplate\":\"https:\/\/empow-her.com\/?s={search_term_string}\"},\"query-input\":{\"@type\":\"PropertyValueSpecification\",\"valueRequired\":true,\"valueName\":\"search_term_string\"}}],\"inLanguage\":\"es\"}]}<\/script>\n<!-- \/ Yoast SEO plugin. -->","yoast_head_json":{"title":"Coaching collectif - Brainstorming : Financer son projet (2 heures) - Empow&#039;Her","robots":{"index":"index","follow":"follow","max-snippet":"max-snippet:-1","max-image-preview":"max-image-preview:large","max-video-preview":"max-video-preview:-1"},"canonical":"https:\/\/empow-her.com\/es\/produit\/coaching-collectif-brainstorming-financer-son-projet-2-heures-11-janv\/","og_locale":"es_ES","og_type":"article","og_title":"Coaching collectif - Brainstorming : Financer son projet (2 heures) - Empow&#039;Her","og_description":"B\u00e9n\u00e9ficiez de deux heures en petits groupes de 3 entrepreneures pour travailler avec nos expertes sur votre probl\u00e9matique. Cette session est comptabilis\u00e9e comme 1h de coaching individuel (sur vos 10h disponibles) \u2013 deux fois plus de temps pour vous permettre de faire d\u00e9coller vos projets ! Un brainstorming en petit groupe, supervis\u00e9 par la coach Anne-Laure Juliot, pour partager avec d\u2019autres entrepreneures et trouver des solutions \u00e0 une probl\u00e9matique financi\u00e8re (business plan, financement, pr\u00e9visionnel\u2026) ! Sur le format d'un atelier de co-d\u00e9veloppement, vous pourrez... : * vous faire coacher sur les aspects de votre projet li\u00e9s au financement ! * vous inspirer des porteuses de projet du groupe pour bien comprendre tous les enjeux li\u00e9s \u00e0 ces th\u00e9matiques ; * b\u00e9n\u00e9ficier pendant 2 heures de l'expertise th\u00e9orique et pratique d'une pro de la finance dans un cadre bienveillant et d'entraide Avant la session, pr\u00e9parez une question, un d\u00e9fi ou un blocage que vous rencontrez et que vous aimeriez r\u00e9soudre en lien avec le financement de votre projet : nous nous appuierons sur la puissance du collectif pour y r\u00e9pondre !  Intervenante :\u00a0  Anne-Laure Juliot   Dur\u00e9e\u00a0: 2 heures  &nbsp;  &nbsp;  Ce projet est co-financ\u00e9 par le Fonds Social Europ\u00e9en.   \u00a0","og_url":"https:\/\/empow-her.com\/es\/produit\/coaching-collectif-brainstorming-financer-son-projet-2-heures-11-janv\/","og_site_name":"Empow&#039;Her","article_modified_time":"2021-12-20T13:36:45+00:00","og_image":[{"width":1080,"height":1080,"url":"https:\/\/empow-her.com\/wp-content\/uploads\/2021\/11\/TEMPLATES-EVENTS-WOMEN-DARE-29.png","type":"image\/png"}],"twitter_card":"summary_large_image","schema":{"@context":"https:\/\/schema.org","@graph":[{"@type":"WebPage","@id":"https:\/\/empow-her.com\/es\/produit\/coaching-collectif-brainstorming-financer-son-projet-2-heures-11-janv\/","url":"https:\/\/empow-her.com\/es\/produit\/coaching-collectif-brainstorming-financer-son-projet-2-heures-11-janv\/","name":"Coaching collectif - Brainstorming : Financer son projet (2 heures) - Empow&#039;Her","isPartOf":{"@id":"https:\/\/empow-her.com\/#website"},"primaryImageOfPage":{"@id":"https:\/\/empow-her.com\/es\/produit\/coaching-collectif-brainstorming-financer-son-projet-2-heures-11-janv\/#primaryimage"},"image":{"@id":"https:\/\/empow-her.com\/es\/produit\/coaching-collectif-brainstorming-financer-son-projet-2-heures-11-janv\/#primaryimage"},"thumbnailUrl":"https:\/\/empow-her.com\/wp-content\/uploads\/2021\/11\/TEMPLATES-EVENTS-WOMEN-DARE-29.png","datePublished":"2021-11-30T13:00:30+00:00","dateModified":"2021-12-20T13:36:45+00:00","breadcrumb":{"@id":"https:\/\/empow-her.com\/es\/produit\/coaching-collectif-brainstorming-financer-son-projet-2-heures-11-janv\/#breadcrumb"},"inLanguage":"es","potentialAction":[{"@type":"ReadAction","target":["https:\/\/empow-her.com\/es\/produit\/coaching-collectif-brainstorming-financer-son-projet-2-heures-11-janv\/"]}]},{"@type":"ImageObject","inLanguage":"es","@id":"https:\/\/empow-her.com\/es\/produit\/coaching-collectif-brainstorming-financer-son-projet-2-heures-11-janv\/#primaryimage","url":"https:\/\/empow-her.com\/wp-content\/uploads\/2021\/11\/TEMPLATES-EVENTS-WOMEN-DARE-29.png","contentUrl":"https:\/\/empow-her.com\/wp-content\/uploads\/2021\/11\/TEMPLATES-EVENTS-WOMEN-DARE-29.png","width":1080,"height":1080},{"@type":"BreadcrumbList","@id":"https:\/\/empow-her.com\/es\/produit\/coaching-collectif-brainstorming-financer-son-projet-2-heures-11-janv\/#breadcrumb","itemListElement":[{"@type":"ListItem","position":1,"name":"Accueil","item":"https:\/\/empow-her.com\/es\/inicio\/"},{"@type":"ListItem","position":2,"name":"LA BOUTIQUE","item":"https:\/\/empow-her.com\/boutique\/"},{"@type":"ListItem","position":3,"name":"Coaching collectif &#8211; Brainstorming : Financer son projet (2 heures)"}]},{"@type":"WebSite","@id":"https:\/\/empow-her.com\/#website","url":"https:\/\/empow-her.com\/","name":"Empow&#039;Her","description":"Women Development","potentialAction":[{"@type":"SearchAction","target":{"@type":"EntryPoint","urlTemplate":"https:\/\/empow-her.com\/?s={search_term_string}"},"query-input":{"@type":"PropertyValueSpecification","valueRequired":true,"valueName":"search_term_string"}}],"inLanguage":"es"}]}},"_links":{"self":[{"href":"https:\/\/empow-her.com\/es\/wp-json\/wp\/v2\/product\/113511","targetHints":{"allow":["GET"]}}],"collection":[{"href":"https:\/\/empow-her.com\/es\/wp-json\/wp\/v2\/product"}],"about":[{"href":"https:\/\/empow-her.com\/es\/wp-json\/wp\/v2\/types\/product"}],"wp:featuredmedia":[{"embeddable":true,"href":"https:\/\/empow-her.com\/es\/wp-json\/wp\/v2\/media\/114344"}],"wp:attachment":[{"href":"https:\/\/empow-her.com\/es\/wp-json\/wp\/v2\/media?parent=113511"}],"wp:term":[{"taxonomy":"product_brand","embeddable":true,"href":"https:\/\/empow-her.com\/es\/wp-json\/wp\/v2\/product_brand?post=113511"},{"taxonomy":"product_cat","embeddable":true,"href":"https:\/\/empow-her.com\/es\/wp-json\/wp\/v2\/product_cat?post=113511"},{"taxonomy":"product_tag","embeddable":true,"href":"https:\/\/empow-her.com\/es\/wp-json\/wp\/v2\/product_tag?post=113511"},{"taxonomy":"lieu","embeddable":true,"href":"https:\/\/empow-her.com\/es\/wp-json\/wp\/v2\/lieu?post=113511"},{"taxonomy":"thematiques","embeddable":true,"href":"https:\/\/empow-her.com\/es\/wp-json\/wp\/v2\/thematiques?post=113511"}],"curies":[{"name":"wp","href":"https:\/\/api.w.org\/{rel}","templated":true}]}}