{"id":11313,"date":"2021-02-17T11:28:37","date_gmt":"2021-02-17T10:28:37","guid":{"rendered":"https:\/\/empow-her.com\/?post_type=product&#038;p=11313"},"modified":"2021-03-23T18:13:15","modified_gmt":"2021-03-23T17:13:15","slug":"coaching-positionnement-sur-le-marche","status":"publish","type":"product","link":"https:\/\/empow-her.com\/es\/produit\/coaching-positionnement-sur-le-marche\/","title":{"rendered":"Coaching &#8211; Positionnement sur le march\u00e9"},"content":{"rendered":"","protected":false},"excerpt":{"rendered":"<p>Quel positionnement adopter sur le march\u00e9 ? Quelle segmentation ? Comment vous diff\u00e9rencier de vos concurrents ? Ou encore d\u00e9finir votre offre et construire une strat\u00e9gie claire et efficace pour votre projet ?\u00a0 Sophia r\u00e9pond \u00e0 toutes vos questions pour vous donner les cl\u00e9s pour d\u00e9finir votre offre pendant une heure de coaching !<\/p>\n<p>&nbsp;<\/p>\n<p><span data-sheets-value=\"{&quot;1&quot;:2,&quot;2&quot;:&quot;Alexandre Sourzac-Lami est co-fondateur de Comit, une structure sp\u00e9cialis\u00e9e qui con\u00e7oit et adapte des outils et m\u00e9thodes pour donner aux entrepreneur.e.s la capacit\u00e9 de d\u00e9velopper des mod\u00e8les \u00e9conomiques p\u00e9rennes.&quot;}\" data-sheets-userformat=\"{&quot;2&quot;:1055743,&quot;3&quot;:{&quot;1&quot;:0},&quot;4&quot;:{&quot;1&quot;:2,&quot;2&quot;:16777215},&quot;5&quot;:{&quot;1&quot;:[{&quot;1&quot;:2,&quot;2&quot;:0,&quot;5&quot;:{&quot;1&quot;:2,&quot;2&quot;:0}},{&quot;1&quot;:0,&quot;2&quot;:0,&quot;3&quot;:3},{&quot;1&quot;:1,&quot;2&quot;:0,&quot;4&quot;:1}]},&quot;6&quot;:{&quot;1&quot;:[{&quot;1&quot;:2,&quot;2&quot;:0,&quot;5&quot;:{&quot;1&quot;:2,&quot;2&quot;:0}},{&quot;1&quot;:0,&quot;2&quot;:0,&quot;3&quot;:3},{&quot;1&quot;:1,&quot;2&quot;:0,&quot;4&quot;:1}]},&quot;7&quot;:{&quot;1&quot;:[{&quot;1&quot;:2,&quot;2&quot;:0,&quot;5&quot;:{&quot;1&quot;:2,&quot;2&quot;:0}},{&quot;1&quot;:0,&quot;2&quot;:0,&quot;3&quot;:3},{&quot;1&quot;:1,&quot;2&quot;:0,&quot;4&quot;:1}]},&quot;8&quot;:{&quot;1&quot;:[{&quot;1&quot;:2,&quot;2&quot;:0,&quot;5&quot;:{&quot;1&quot;:2,&quot;2&quot;:0}},{&quot;1&quot;:0,&quot;2&quot;:0,&quot;3&quot;:3},{&quot;1&quot;:1,&quot;2&quot;:0,&quot;4&quot;:1}]},&quot;9&quot;:0,&quot;10&quot;:1,&quot;11&quot;:4,&quot;12&quot;:0,&quot;14&quot;:{&quot;1&quot;:2,&quot;2&quot;:0},&quot;15&quot;:&quot;Calibri&quot;,&quot;23&quot;:1}\" data-sheets-textstyleruns=\"{&quot;1&quot;:0}\uee10{&quot;1&quot;:43,&quot;2&quot;:{&quot;2&quot;:{&quot;1&quot;:2,&quot;2&quot;:1136076},&quot;9&quot;:1}}\uee10{&quot;1&quot;:48}\" data-sheets-hyperlinkruns=\"{&quot;1&quot;:43,&quot;2&quot;:&quot;https:\/\/www.comit.berlin\/&quot;}\uee10{&quot;1&quot;:48}\"><strong>Intervenant.e.s :<\/strong> Sophia Lara Grine est consultante Ind\u00e9pendante et Professeure. Elle a plus de 15 ans d\u2019exp\u00e9riences professionnelles dont un parcours entrepreneurial ax\u00e9 sur sa valeur cl\u00e9 : l&#8217;Empowerment\/ l&#8217;Autonomisation.\u00a0<\/span><\/p>\n<p><strong>Son super pouvoir ?<\/strong> D\u00e9mystificatrice Des Etudes de March\u00e9, du Marketing et de l&#8217;Impact !<\/p>\n<p><strong>Lieu<\/strong> : <span data-sheets-value=\"{&quot;1&quot;:2,&quot;2&quot;:&quot;Au Hub Empow'Her ou \u00e0 distance selon les conditions sanitaires&quot;}\" data-sheets-userformat=\"{&quot;2&quot;:1053693,&quot;3&quot;:{&quot;1&quot;:0},&quot;5&quot;:{&quot;1&quot;:[{&quot;1&quot;:2,&quot;2&quot;:0,&quot;5&quot;:{&quot;1&quot;:2,&quot;2&quot;:0}},{&quot;1&quot;:0,&quot;2&quot;:0,&quot;3&quot;:3},{&quot;1&quot;:1,&quot;2&quot;:0,&quot;4&quot;:1}]},&quot;6&quot;:{&quot;1&quot;:[{&quot;1&quot;:2,&quot;2&quot;:0,&quot;5&quot;:{&quot;1&quot;:2,&quot;2&quot;:0}},{&quot;1&quot;:0,&quot;2&quot;:0,&quot;3&quot;:3},{&quot;1&quot;:1,&quot;2&quot;:0,&quot;4&quot;:1}]},&quot;7&quot;:{&quot;1&quot;:[{&quot;1&quot;:2,&quot;2&quot;:0,&quot;5&quot;:{&quot;1&quot;:2,&quot;2&quot;:0}},{&quot;1&quot;:0,&quot;2&quot;:0,&quot;3&quot;:3},{&quot;1&quot;:1,&quot;2&quot;:0,&quot;4&quot;:1}]},&quot;8&quot;:{&quot;1&quot;:[{&quot;1&quot;:2,&quot;2&quot;:0,&quot;5&quot;:{&quot;1&quot;:2,&quot;2&quot;:0}},{&quot;1&quot;:0,&quot;2&quot;:0,&quot;3&quot;:3},{&quot;1&quot;:1,&quot;2&quot;:0,&quot;4&quot;:1}]},&quot;9&quot;:1,&quot;10&quot;:1,&quot;11&quot;:4,&quot;12&quot;:0,&quot;15&quot;:&quot;Calibri&quot;,&quot;23&quot;:1}\" data-sheets-textstyleruns=\"{&quot;1&quot;:0}\uee10{&quot;1&quot;:3,&quot;2&quot;:{&quot;2&quot;:{&quot;1&quot;:2,&quot;2&quot;:1136076},&quot;9&quot;:1}}\uee10{&quot;1&quot;:16}\" data-sheets-hyperlinkruns=\"{&quot;1&quot;:3,&quot;2&quot;:&quot;https:\/\/www.google.com\/maps\/place\/82+Rue+du+Faubourg+Saint-Martin,+75010+Paris\/@48.8723101,2.3554985,17z\/data=!3m1!4b1!4m5!3m4!1s0x47e66e0d8d5dbbb5:0x3a38f7fe5f8d025f!8m2!3d48.8723101!4d2.3576872&quot;}\uee10{&quot;1&quot;:16}\">Au <a class=\"in-cell-link\" href=\"https:\/\/www.google.com\/maps\/place\/82+Rue+du+Faubourg+Saint-Martin,+75010+Paris\/@48.8723101,2.3554985,17z\/data=!3m1!4b1!4m5!3m4!1s0x47e66e0d8d5dbbb5:0x3a38f7fe5f8d025f!8m2!3d48.8723101!4d2.3576872\" target=\"_blank\" rel=\"noopener noreferrer\">Hub Empow&#8217;Her<\/a> ou \u00e0 distance selon les conditions sanitaires<\/span><\/p>\n<p><strong>Dur\u00e9e<\/strong> : <span data-sheets-value=\"{&quot;1&quot;:2,&quot;2&quot;:&quot;Permanence de 4h avec un cr\u00e9neau de 1h par participante (+ 15 minutes entre chaque)&quot;}\" data-sheets-userformat=\"{&quot;2&quot;:7167,&quot;3&quot;:{&quot;1&quot;:0},&quot;4&quot;:{&quot;1&quot;:2,&quot;2&quot;:16777215},&quot;5&quot;:{&quot;1&quot;:[{&quot;1&quot;:2,&quot;2&quot;:0,&quot;5&quot;:{&quot;1&quot;:2,&quot;2&quot;:0}},{&quot;1&quot;:0,&quot;2&quot;:0,&quot;3&quot;:3},{&quot;1&quot;:1,&quot;2&quot;:0,&quot;4&quot;:1}]},&quot;6&quot;:{&quot;1&quot;:[{&quot;1&quot;:2,&quot;2&quot;:0,&quot;5&quot;:{&quot;1&quot;:2,&quot;2&quot;:0}},{&quot;1&quot;:0,&quot;2&quot;:0,&quot;3&quot;:3},{&quot;1&quot;:1,&quot;2&quot;:0,&quot;4&quot;:1}]},&quot;7&quot;:{&quot;1&quot;:[{&quot;1&quot;:2,&quot;2&quot;:0,&quot;5&quot;:{&quot;1&quot;:2,&quot;2&quot;:0}},{&quot;1&quot;:0,&quot;2&quot;:0,&quot;3&quot;:3},{&quot;1&quot;:1,&quot;2&quot;:0,&quot;4&quot;:1}]},&quot;8&quot;:{&quot;1&quot;:[{&quot;1&quot;:2,&quot;2&quot;:0,&quot;5&quot;:{&quot;1&quot;:2,&quot;2&quot;:0}},{&quot;1&quot;:0,&quot;2&quot;:0,&quot;3&quot;:3},{&quot;1&quot;:1,&quot;2&quot;:0,&quot;4&quot;:1}]},&quot;9&quot;:0,&quot;10&quot;:1,&quot;11&quot;:4,&quot;12&quot;:0,&quot;14&quot;:{&quot;1&quot;:2,&quot;2&quot;:0},&quot;15&quot;:&quot;Calibri&quot;}\">Permanence de 4h avec un cr\u00e9neau de 1h par participante<\/span><\/p>\n<p>&nbsp;<\/p>\n","protected":false},"featured_media":0,"template":"","format":"standard","meta":{"_acf_changed":false,"om_disable_all_campaigns":false,"_uf_show_specific_survey":0,"_uf_disable_surveys":false},"product_brand":[],"product_cat":[121],"product_tag":[],"lieu":[125],"thematiques":[],"class_list":{"0":"post-11313","1":"product","2":"type-product","3":"status-publish","4":"format-standard","6":"product_cat-coaching","7":"lieu-en-ligne","9":"first","10":"instock","11":"virtual","12":"purchasable","13":"product-type-appointment"},"exclude_global_add_ons":[],"addons":[],"acf":[],"yoast_head":"<!-- This site is optimized with the Yoast SEO plugin v24.8 - https:\/\/yoast.com\/wordpress\/plugins\/seo\/ -->\n<title>Coaching - Positionnement sur le march\u00e9 - Empow&#039;Her<\/title>\n<meta name=\"robots\" content=\"index, follow, max-snippet:-1, max-image-preview:large, max-video-preview:-1\" \/>\n<link rel=\"canonical\" href=\"https:\/\/empow-her.com\/es\/produit\/coaching-positionnement-sur-le-marche\/\" \/>\n<meta property=\"og:locale\" content=\"es_ES\" \/>\n<meta property=\"og:type\" content=\"article\" \/>\n<meta property=\"og:title\" content=\"Coaching - Positionnement sur le march\u00e9 - Empow&#039;Her\" \/>\n<meta property=\"og:description\" content=\"Quel positionnement adopter sur le march\u00e9 ? Quelle segmentation ? Comment vous diff\u00e9rencier de vos concurrents ? Ou encore d\u00e9finir votre offre et construire une strat\u00e9gie claire et efficace pour votre projet ?\u00a0 Sophia r\u00e9pond \u00e0 toutes vos questions pour vous donner les cl\u00e9s pour d\u00e9finir votre offre pendant une heure de coaching !  &nbsp;  Intervenant.e.s : Sophia Lara Grine est consultante Ind\u00e9pendante et Professeure. Elle a plus de 15 ans d\u2019exp\u00e9riences professionnelles dont un parcours entrepreneurial ax\u00e9 sur sa valeur cl\u00e9 : l&#039;Empowerment\/ l&#039;Autonomisation.\u00a0  Son super pouvoir ? D\u00e9mystificatrice Des Etudes de March\u00e9, du Marketing et de l&#039;Impact !  Lieu : Au Hub Empow&#039;Her ou \u00e0 distance selon les conditions sanitaires  Dur\u00e9e : Permanence de 4h avec un cr\u00e9neau de 1h par participante  &nbsp;\" \/>\n<meta property=\"og:url\" content=\"https:\/\/empow-her.com\/es\/produit\/coaching-positionnement-sur-le-marche\/\" \/>\n<meta property=\"og:site_name\" content=\"Empow&#039;Her\" \/>\n<meta property=\"article:modified_time\" content=\"2021-03-23T17:13:15+00:00\" \/>\n<meta name=\"twitter:card\" content=\"summary_large_image\" \/>\n<script type=\"application\/ld+json\" class=\"yoast-schema-graph\">{\"@context\":\"https:\/\/schema.org\",\"@graph\":[{\"@type\":\"WebPage\",\"@id\":\"https:\/\/empow-her.com\/es\/produit\/coaching-positionnement-sur-le-marche\/\",\"url\":\"https:\/\/empow-her.com\/es\/produit\/coaching-positionnement-sur-le-marche\/\",\"name\":\"Coaching - Positionnement sur le march\u00e9 - Empow&#039;Her\",\"isPartOf\":{\"@id\":\"https:\/\/empow-her.com\/#website\"},\"datePublished\":\"2021-02-17T10:28:37+00:00\",\"dateModified\":\"2021-03-23T17:13:15+00:00\",\"breadcrumb\":{\"@id\":\"https:\/\/empow-her.com\/es\/produit\/coaching-positionnement-sur-le-marche\/#breadcrumb\"},\"inLanguage\":\"es\",\"potentialAction\":[{\"@type\":\"ReadAction\",\"target\":[\"https:\/\/empow-her.com\/es\/produit\/coaching-positionnement-sur-le-marche\/\"]}]},{\"@type\":\"BreadcrumbList\",\"@id\":\"https:\/\/empow-her.com\/es\/produit\/coaching-positionnement-sur-le-marche\/#breadcrumb\",\"itemListElement\":[{\"@type\":\"ListItem\",\"position\":1,\"name\":\"Accueil\",\"item\":\"https:\/\/empow-her.com\/es\/inicio\/\"},{\"@type\":\"ListItem\",\"position\":2,\"name\":\"LA BOUTIQUE\",\"item\":\"https:\/\/empow-her.com\/boutique\/\"},{\"@type\":\"ListItem\",\"position\":3,\"name\":\"Coaching &#8211; Positionnement sur le march\u00e9\"}]},{\"@type\":\"WebSite\",\"@id\":\"https:\/\/empow-her.com\/#website\",\"url\":\"https:\/\/empow-her.com\/\",\"name\":\"Empow&#039;Her\",\"description\":\"Women Development\",\"potentialAction\":[{\"@type\":\"SearchAction\",\"target\":{\"@type\":\"EntryPoint\",\"urlTemplate\":\"https:\/\/empow-her.com\/?s={search_term_string}\"},\"query-input\":{\"@type\":\"PropertyValueSpecification\",\"valueRequired\":true,\"valueName\":\"search_term_string\"}}],\"inLanguage\":\"es\"}]}<\/script>\n<!-- \/ Yoast SEO plugin. -->","yoast_head_json":{"title":"Coaching - Positionnement sur le march\u00e9 - Empow&#039;Her","robots":{"index":"index","follow":"follow","max-snippet":"max-snippet:-1","max-image-preview":"max-image-preview:large","max-video-preview":"max-video-preview:-1"},"canonical":"https:\/\/empow-her.com\/es\/produit\/coaching-positionnement-sur-le-marche\/","og_locale":"es_ES","og_type":"article","og_title":"Coaching - Positionnement sur le march\u00e9 - Empow&#039;Her","og_description":"Quel positionnement adopter sur le march\u00e9 ? Quelle segmentation ? Comment vous diff\u00e9rencier de vos concurrents ? Ou encore d\u00e9finir votre offre et construire une strat\u00e9gie claire et efficace pour votre projet ?\u00a0 Sophia r\u00e9pond \u00e0 toutes vos questions pour vous donner les cl\u00e9s pour d\u00e9finir votre offre pendant une heure de coaching !  &nbsp;  Intervenant.e.s : Sophia Lara Grine est consultante Ind\u00e9pendante et Professeure. Elle a plus de 15 ans d\u2019exp\u00e9riences professionnelles dont un parcours entrepreneurial ax\u00e9 sur sa valeur cl\u00e9 : l'Empowerment\/ l'Autonomisation.\u00a0  Son super pouvoir ? D\u00e9mystificatrice Des Etudes de March\u00e9, du Marketing et de l'Impact !  Lieu : Au Hub Empow'Her ou \u00e0 distance selon les conditions sanitaires  Dur\u00e9e : Permanence de 4h avec un cr\u00e9neau de 1h par participante  &nbsp;","og_url":"https:\/\/empow-her.com\/es\/produit\/coaching-positionnement-sur-le-marche\/","og_site_name":"Empow&#039;Her","article_modified_time":"2021-03-23T17:13:15+00:00","twitter_card":"summary_large_image","schema":{"@context":"https:\/\/schema.org","@graph":[{"@type":"WebPage","@id":"https:\/\/empow-her.com\/es\/produit\/coaching-positionnement-sur-le-marche\/","url":"https:\/\/empow-her.com\/es\/produit\/coaching-positionnement-sur-le-marche\/","name":"Coaching - Positionnement sur le march\u00e9 - Empow&#039;Her","isPartOf":{"@id":"https:\/\/empow-her.com\/#website"},"datePublished":"2021-02-17T10:28:37+00:00","dateModified":"2021-03-23T17:13:15+00:00","breadcrumb":{"@id":"https:\/\/empow-her.com\/es\/produit\/coaching-positionnement-sur-le-marche\/#breadcrumb"},"inLanguage":"es","potentialAction":[{"@type":"ReadAction","target":["https:\/\/empow-her.com\/es\/produit\/coaching-positionnement-sur-le-marche\/"]}]},{"@type":"BreadcrumbList","@id":"https:\/\/empow-her.com\/es\/produit\/coaching-positionnement-sur-le-marche\/#breadcrumb","itemListElement":[{"@type":"ListItem","position":1,"name":"Accueil","item":"https:\/\/empow-her.com\/es\/inicio\/"},{"@type":"ListItem","position":2,"name":"LA BOUTIQUE","item":"https:\/\/empow-her.com\/boutique\/"},{"@type":"ListItem","position":3,"name":"Coaching &#8211; Positionnement sur le march\u00e9"}]},{"@type":"WebSite","@id":"https:\/\/empow-her.com\/#website","url":"https:\/\/empow-her.com\/","name":"Empow&#039;Her","description":"Women Development","potentialAction":[{"@type":"SearchAction","target":{"@type":"EntryPoint","urlTemplate":"https:\/\/empow-her.com\/?s={search_term_string}"},"query-input":{"@type":"PropertyValueSpecification","valueRequired":true,"valueName":"search_term_string"}}],"inLanguage":"es"}]}},"_links":{"self":[{"href":"https:\/\/empow-her.com\/es\/wp-json\/wp\/v2\/product\/11313","targetHints":{"allow":["GET"]}}],"collection":[{"href":"https:\/\/empow-her.com\/es\/wp-json\/wp\/v2\/product"}],"about":[{"href":"https:\/\/empow-her.com\/es\/wp-json\/wp\/v2\/types\/product"}],"wp:attachment":[{"href":"https:\/\/empow-her.com\/es\/wp-json\/wp\/v2\/media?parent=11313"}],"wp:term":[{"taxonomy":"product_brand","embeddable":true,"href":"https:\/\/empow-her.com\/es\/wp-json\/wp\/v2\/product_brand?post=11313"},{"taxonomy":"product_cat","embeddable":true,"href":"https:\/\/empow-her.com\/es\/wp-json\/wp\/v2\/product_cat?post=11313"},{"taxonomy":"product_tag","embeddable":true,"href":"https:\/\/empow-her.com\/es\/wp-json\/wp\/v2\/product_tag?post=11313"},{"taxonomy":"lieu","embeddable":true,"href":"https:\/\/empow-her.com\/es\/wp-json\/wp\/v2\/lieu?post=11313"},{"taxonomy":"thematiques","embeddable":true,"href":"https:\/\/empow-her.com\/es\/wp-json\/wp\/v2\/thematiques?post=11313"}],"curies":[{"name":"wp","href":"https:\/\/api.w.org\/{rel}","templated":true}]}}