{"id":113041,"date":"2021-11-22T11:00:13","date_gmt":"2021-11-22T10:00:13","guid":{"rendered":"https:\/\/empow-her.com\/?post_type=product&#038;p=113041"},"modified":"2021-12-10T16:50:15","modified_gmt":"2021-12-10T15:50:15","slug":"conference-transmission-et-reinvention-du-modele-familial-dans-les-cultures-afro-descendantes-en-france-projet-transmedia-femmes-noires","status":"publish","type":"product","link":"https:\/\/empow-her.com\/es\/produit\/conference-transmission-et-reinvention-du-modele-familial-dans-les-cultures-afro-descendantes-en-france-projet-transmedia-femmes-noires\/","title":{"rendered":"Conf\u00e9rence &#8211; Transmission &#038; r\u00e9invention du mod\u00e8le familial dans les cultures afro-descendantes"},"content":{"rendered":"","protected":false},"excerpt":{"rendered":"<p>Rendez-vous pour la prochaine conf\u00e9rence co-organis\u00e9e avec le Projet Transm\u00e9dia Femmes Noires et Me\u0301tisses, de 18h \u00e0 21h30 chez Sist&#8217;Her.<\/p>\n<p style=\"font-weight: 400;\">Pour cl\u00f4turer le march\u00e9 de No\u00ebl f\u00e9ministe, venez assister \u00e0 la conf\u00e9rence autour de la th\u00e9matique de la famille :\u00a0<strong>\u201d Transmission et r\u00e9invention du mod\u00e8le familial dans les cultures afro-descendantes en France \u201c<\/strong><\/p>\n<p style=\"font-weight: 400;\">Qu\u2019appelle-t-on \u00ab famille \u00bb et \u00ab faire famille \u00bb ? Les populations afro-descendantes de France ont-elles une acception propre de ces notions notamment dans la mani\u00e8re de d\u00e9finir le lien de parent\u00e9 \u00e0 une personne et de concevoir la place des hommes, femmes et enfants dans ce groupe social ? Comment la question migratoire des parents, celle des origines des enfants et celle de la culture du pays d\u2019accueil peuvent-elles \u00eatre \u00e0 la fois fondatrices et sources d\u2019exp\u00e9riences ambivalentes pour les membres d\u2019une m\u00eame famille ?\u00a0\u00a0\u00a0Et comment la cr\u00e9ation artistique peut-elle \u00eatre un moyen de revisiter la notion de famille \u00e0 mi-chemin entre l&#8217;objectivation d\u2019h\u00e9ritages pass\u00e9s et la r\u00e9\u00e9criture de mod\u00e8les totalement nouveaux ?<\/p>\n<p style=\"font-weight: 400;\"><strong>Pour en discuter, nous aurons le plaisir de recevoir 4 intervenantes :<\/strong><\/p>\n<ul style=\"font-weight: 400;\">\n<li>La r\u00e9alisatrice Josza ANJEMBE<\/li>\n<li>La romanci\u00e8re Estelle-Sarah BULLE<\/li>\n<li>La sociologue Nadia CHONVILLE<\/li>\n<li>La fondatrice de l\u2019association Sorore Ensemble, Audrey WARRINGTON.<\/li>\n<\/ul>\n<p>&nbsp;<\/p>\n<p><strong>&#x1f48c; Quelques mots sur le Projet Transm\u00e9dia Femmes Noires et M\u00e9tisses.\u00a0<\/strong><\/p>\n<p>En juin 2020, l\u2019autrice de bande dessin\u00e9e guadeloup\u00e9enne Jessica Oubli\u00e9 (P\u00e9yi an nou, Steinkis, 2017, Tropiques toxiques, Steinkis, 2020), a lanc\u00e9 un appel sur les r\u00e9seaux sociaux pour proposer \u00e0 des femmes fran\u00e7aises \u00ab noires \u00bb et \u00ab m\u00e9tisses \u00bb de se raconter \u00e0 la premi\u00e8re personne du singulier dans un format intime, po\u00e9tique et engag\u00e9.<\/p>\n<div class=\"j83agx80\">\n<div class=\"dwo3fsh8 g5ia77u1 rt8b4zig n8ej3o3l agehan2d sk4xxmp2 rq0escxv q9uorilb kvgmc6g5 cxmmr5t8 oygrvhab hcukyx3x jb3vyjys rz4wbd8a qt6c0cv9 a8nywdso l9j0dhe7 i1ao9s8h k4urcfbm\">\n<div class=\"j83agx80 cbu4d94t sj5x9vvc cxgpxx05\">\n<div class=\"rq0escxv l9j0dhe7 du4w35lb j83agx80 pfnyh3mw jifvfom9 ll8tlv6m owycx6da btwxx1t3 hv4rvrfc dati1w0a jb3vyjys b5q2rw42 lq239pai mysgfdmx hddg9phg\">\n<div class=\"rq0escxv l9j0dhe7 du4w35lb j83agx80 cbu4d94t g5gj957u d2edcug0 hpfvmrgz rj1gh0hx buofh1pr o8rfisnq p8fzw8mz pcp91wgn iuny7tx3 ipjc6fyt\">\n<div class=\"j83agx80 cbu4d94t ew0dbk1b irj2b8pg\">\n<div class=\"qzhwtbm6 knvmm38d\">\n<div class=\"j83agx80 cbu4d94t ew0dbk1b irj2b8pg\">\n<div class=\"qzhwtbm6 knvmm38d\">\n<div class=\"o9v6fnle cxmmr5t8 oygrvhab hcukyx3x c1et5uql\">\n<div dir=\"auto\">C\u2019est ainsi que 66 femmes \u00e2g\u00e9es de 20 \u00e0 69 ans vivant en France m\u00e9tropolitaine, dans les d\u00e9partements d\u2019outre-mer, aux Etats-Unis, et en Belgique prennent part \u00e0 ce projet transm\u00e9dia qui m\u00eale :<\/div>\n<div dir=\"auto\">&#8211; Des groupes de paroles th\u00e9matiques anim\u00e9s \u00e0 huis clos<\/div>\n<div dir=\"auto\">&#8211; Des sessions Facebook Live ouvertes au grand public avec des intervenantes ext\u00e9rieures<\/div>\n<div dir=\"auto\">&#8211; Une bande dessin\u00e9e<\/div>\n<div dir=\"auto\">&#8211; Un film d\u2019animation<\/div>\n<div dir=\"auto\"><\/div>\n<\/div>\n<\/div>\n<\/div>\n<\/div>\n<\/div>\n<\/div>\n<\/div>\n<\/div>\n<\/div>\n<\/div>\n<div class=\"taijpn5t cbu4d94t j83agx80\">\n<div class=\"dwo3fsh8 g5ia77u1 rt8b4zig n8ej3o3l agehan2d sk4xxmp2 rq0escxv q9uorilb kvgmc6g5 cxmmr5t8 oygrvhab hcukyx3x jb3vyjys rz4wbd8a qt6c0cv9 a8nywdso l9j0dhe7 i1ao9s8h k4urcfbm\">\n<div class=\"j83agx80 cbu4d94t sj5x9vvc cxgpxx05\">\n<div class=\"rq0escxv l9j0dhe7 du4w35lb j83agx80 pfnyh3mw jifvfom9 ll8tlv6m owycx6da btwxx1t3 hv4rvrfc dati1w0a jb3vyjys b5q2rw42 lq239pai mysgfdmx hddg9phg\">\n<div class=\"rq0escxv l9j0dhe7 du4w35lb j83agx80 cbu4d94t g5gj957u d2edcug0 hpfvmrgz rj1gh0hx buofh1pr o8rfisnq p8fzw8mz pcp91wgn iuny7tx3 ipjc6fyt\">\n<div class=\"j83agx80 cbu4d94t ew0dbk1b irj2b8pg\">\n<div class=\"qzhwtbm6 knvmm38d\"><\/div>\n<\/div>\n<\/div>\n<\/div>\n<\/div>\n<\/div>\n<\/div>\n<p><strong>&#x1f637; Mesures sanitaires<\/strong><br \/>\n&#x1f4f1; PASS SANITAIRE<br \/>\nUn pass sanitaire valide vous sera demand\u00e9 \u00e0 l\u2019entr\u00e9e.<br \/>\n&#x1f4cd; Vous pouvez r\u00e9aliser un test antig\u00e9nique Pharmacie Boutin<br \/>\nau 90 rue du faubourg Saint-Martin \u00e0 proximit\u00e9.<\/p>\n<p><strong>&#x1f4cd; Sist\u2019her Paris, 82 rue du Faubourg St Martin<\/strong><br \/>\nOuvert en mars 2021, Sist\u2019Her est le premier tiers-lieu d\u00e9di\u00e9 \u00e0 toutes celles qui souhaitent fa\u00e7onner le monde &#x1f30e;. Port\u00e9 par l\u2019association Empow\u2019Her, c\u2019est un lieu de vie bienveillant et joyeux, ouvert \u00e0 tou\u00b7te\u00b7s o\u00f9 il est possible de se former, cr\u00e9er et se rencontrer. &#x1f3e1;<\/p>\n<p>&nbsp;<\/p>\n","protected":false},"featured_media":113205,"template":"","format":"standard","meta":{"_acf_changed":false,"om_disable_all_campaigns":false,"_uf_show_specific_survey":0,"_uf_disable_surveys":false},"product_brand":[],"product_cat":[119],"product_tag":[],"lieu":[127],"thematiques":[],"class_list":{"0":"post-113041","1":"product","2":"type-product","3":"status-publish","4":"format-standard","5":"has-post-thumbnail","7":"product_cat-evenement-sisther","8":"lieu-hub-empowher","10":"first","11":"instock","12":"virtual","13":"purchasable","14":"product-type-appointment"},"exclude_global_add_ons":[],"addons":[],"acf":[],"yoast_head":"<!-- This site is optimized with the Yoast SEO plugin v24.8 - https:\/\/yoast.com\/wordpress\/plugins\/seo\/ -->\n<title>Conf\u00e9rence - Transmission &amp; r\u00e9invention du mod\u00e8le familial dans les cultures afro-descendantes - Empow&#039;Her<\/title>\n<meta name=\"robots\" content=\"index, follow, max-snippet:-1, max-image-preview:large, max-video-preview:-1\" \/>\n<link rel=\"canonical\" href=\"https:\/\/empow-her.com\/es\/produit\/conference-transmission-et-reinvention-du-modele-familial-dans-les-cultures-afro-descendantes-en-france-projet-transmedia-femmes-noires\/\" \/>\n<meta property=\"og:locale\" content=\"es_ES\" \/>\n<meta property=\"og:type\" content=\"article\" \/>\n<meta property=\"og:title\" content=\"Conf\u00e9rence - Transmission &amp; r\u00e9invention du mod\u00e8le familial dans les cultures afro-descendantes - Empow&#039;Her\" \/>\n<meta property=\"og:description\" content=\"Rendez-vous pour la prochaine conf\u00e9rence co-organis\u00e9e avec le Projet Transm\u00e9dia Femmes Noires et Me\u0301tisses, de 18h \u00e0 21h30 chez Sist&#039;Her. Pour cl\u00f4turer le march\u00e9 de No\u00ebl f\u00e9ministe, venez assister \u00e0 la conf\u00e9rence autour de la th\u00e9matique de la famille :\u00a0\u201d Transmission et r\u00e9invention du mod\u00e8le familial dans les cultures afro-descendantes en France \u201c Qu\u2019appelle-t-on \u00ab famille \u00bb et \u00ab faire famille \u00bb ? Les populations afro-descendantes de France ont-elles une acception propre de ces notions notamment dans la mani\u00e8re de d\u00e9finir le lien de parent\u00e9 \u00e0 une personne et de concevoir la place des hommes, femmes et enfants dans ce groupe social ? Comment la question migratoire des parents, celle des origines des enfants et celle de la culture du pays d\u2019accueil peuvent-elles \u00eatre \u00e0 la fois fondatrices et sources d\u2019exp\u00e9riences ambivalentes pour les membres d\u2019une m\u00eame famille ?\u00a0\u00a0\u00a0Et comment la cr\u00e9ation artistique peut-elle \u00eatre un moyen de revisiter la notion de famille \u00e0 mi-chemin entre l&#039;objectivation d\u2019h\u00e9ritages pass\u00e9s et la r\u00e9\u00e9criture de mod\u00e8les totalement nouveaux ? Pour en discuter, nous aurons le plaisir de recevoir 4 intervenantes :    La r\u00e9alisatrice Josza ANJEMBE  La romanci\u00e8re Estelle-Sarah BULLE  La sociologue Nadia CHONVILLE  La fondatrice de l\u2019association Sorore Ensemble, Audrey WARRINGTON.  &nbsp;  &#x1f48c; Quelques mots sur le Projet Transm\u00e9dia Femmes Noires et M\u00e9tisses.\u00a0  En juin 2020, l\u2019autrice de bande dessin\u00e9e guadeloup\u00e9enne Jessica Oubli\u00e9 (P\u00e9yi an nou, Steinkis, 2017, Tropiques toxiques, Steinkis, 2020), a lanc\u00e9 un appel sur les r\u00e9seaux sociaux pour proposer \u00e0 des femmes fran\u00e7aises \u00ab noires \u00bb et \u00ab m\u00e9tisses \u00bb de se raconter \u00e0 la premi\u00e8re personne du singulier dans un format intime, po\u00e9tique et engag\u00e9.           C\u2019est ainsi que 66 femmes \u00e2g\u00e9es de 20 \u00e0 69 ans vivant en France m\u00e9tropolitaine, dans les d\u00e9partements d\u2019outre-mer, aux Etats-Unis, et en Belgique prennent part \u00e0 ce projet transm\u00e9dia qui m\u00eale : - Des groupes de paroles th\u00e9matiques anim\u00e9s \u00e0 huis clos - Des sessions Facebook Live ouvertes au grand public avec des intervenantes ext\u00e9rieures - Une bande dessin\u00e9e - Un film d\u2019animation                         &#x1f637; Mesures sanitaires &#x1f4f1; PASS SANITAIRE Un pass sanitaire valide vous sera demand\u00e9 \u00e0 l\u2019entr\u00e9e. &#x1f4cd; Vous pouvez r\u00e9aliser un test antig\u00e9nique Pharmacie Boutin au 90 rue du faubourg Saint-Martin \u00e0 proximit\u00e9.  &#x1f4cd; Sist\u2019her Paris, 82 rue du Faubourg St Martin Ouvert en mars 2021, Sist\u2019Her est le premier tiers-lieu d\u00e9di\u00e9 \u00e0 toutes celles qui souhaitent fa\u00e7onner le monde &#x1f30e;. Port\u00e9 par l\u2019association Empow\u2019Her, c\u2019est un lieu de vie bienveillant et joyeux, ouvert \u00e0 tou\u00b7te\u00b7s o\u00f9 il est possible de se former, cr\u00e9er et se rencontrer. &#x1f3e1;  &nbsp;\" \/>\n<meta property=\"og:url\" content=\"https:\/\/empow-her.com\/es\/produit\/conference-transmission-et-reinvention-du-modele-familial-dans-les-cultures-afro-descendantes-en-france-projet-transmedia-femmes-noires\/\" \/>\n<meta property=\"og:site_name\" content=\"Empow&#039;Her\" \/>\n<meta property=\"article:modified_time\" content=\"2021-12-10T15:50:15+00:00\" \/>\n<meta property=\"og:image\" content=\"https:\/\/empow-her.com\/wp-content\/uploads\/2021\/11\/TEMPLATE-EVENTS-WOMEN-DARE-13.png\" \/>\n\t<meta property=\"og:image:width\" content=\"1080\" \/>\n\t<meta property=\"og:image:height\" content=\"1080\" \/>\n\t<meta property=\"og:image:type\" content=\"image\/png\" \/>\n<meta name=\"twitter:card\" content=\"summary_large_image\" \/>\n<script type=\"application\/ld+json\" class=\"yoast-schema-graph\">{\"@context\":\"https:\/\/schema.org\",\"@graph\":[{\"@type\":\"WebPage\",\"@id\":\"https:\/\/empow-her.com\/es\/produit\/conference-transmission-et-reinvention-du-modele-familial-dans-les-cultures-afro-descendantes-en-france-projet-transmedia-femmes-noires\/\",\"url\":\"https:\/\/empow-her.com\/es\/produit\/conference-transmission-et-reinvention-du-modele-familial-dans-les-cultures-afro-descendantes-en-france-projet-transmedia-femmes-noires\/\",\"name\":\"Conf\u00e9rence - Transmission & r\u00e9invention du mod\u00e8le familial dans les cultures afro-descendantes - Empow&#039;Her\",\"isPartOf\":{\"@id\":\"https:\/\/empow-her.com\/#website\"},\"primaryImageOfPage\":{\"@id\":\"https:\/\/empow-her.com\/es\/produit\/conference-transmission-et-reinvention-du-modele-familial-dans-les-cultures-afro-descendantes-en-france-projet-transmedia-femmes-noires\/#primaryimage\"},\"image\":{\"@id\":\"https:\/\/empow-her.com\/es\/produit\/conference-transmission-et-reinvention-du-modele-familial-dans-les-cultures-afro-descendantes-en-france-projet-transmedia-femmes-noires\/#primaryimage\"},\"thumbnailUrl\":\"https:\/\/empow-her.com\/wp-content\/uploads\/2021\/11\/TEMPLATE-EVENTS-WOMEN-DARE-13.png\",\"datePublished\":\"2021-11-22T10:00:13+00:00\",\"dateModified\":\"2021-12-10T15:50:15+00:00\",\"breadcrumb\":{\"@id\":\"https:\/\/empow-her.com\/es\/produit\/conference-transmission-et-reinvention-du-modele-familial-dans-les-cultures-afro-descendantes-en-france-projet-transmedia-femmes-noires\/#breadcrumb\"},\"inLanguage\":\"es\",\"potentialAction\":[{\"@type\":\"ReadAction\",\"target\":[\"https:\/\/empow-her.com\/es\/produit\/conference-transmission-et-reinvention-du-modele-familial-dans-les-cultures-afro-descendantes-en-france-projet-transmedia-femmes-noires\/\"]}]},{\"@type\":\"ImageObject\",\"inLanguage\":\"es\",\"@id\":\"https:\/\/empow-her.com\/es\/produit\/conference-transmission-et-reinvention-du-modele-familial-dans-les-cultures-afro-descendantes-en-france-projet-transmedia-femmes-noires\/#primaryimage\",\"url\":\"https:\/\/empow-her.com\/wp-content\/uploads\/2021\/11\/TEMPLATE-EVENTS-WOMEN-DARE-13.png\",\"contentUrl\":\"https:\/\/empow-her.com\/wp-content\/uploads\/2021\/11\/TEMPLATE-EVENTS-WOMEN-DARE-13.png\",\"width\":1080,\"height\":1080},{\"@type\":\"BreadcrumbList\",\"@id\":\"https:\/\/empow-her.com\/es\/produit\/conference-transmission-et-reinvention-du-modele-familial-dans-les-cultures-afro-descendantes-en-france-projet-transmedia-femmes-noires\/#breadcrumb\",\"itemListElement\":[{\"@type\":\"ListItem\",\"position\":1,\"name\":\"Accueil\",\"item\":\"https:\/\/empow-her.com\/es\/inicio\/\"},{\"@type\":\"ListItem\",\"position\":2,\"name\":\"LA BOUTIQUE\",\"item\":\"https:\/\/empow-her.com\/boutique\/\"},{\"@type\":\"ListItem\",\"position\":3,\"name\":\"Conf\u00e9rence &#8211; Transmission &#038; r\u00e9invention du mod\u00e8le familial dans les cultures afro-descendantes\"}]},{\"@type\":\"WebSite\",\"@id\":\"https:\/\/empow-her.com\/#website\",\"url\":\"https:\/\/empow-her.com\/\",\"name\":\"Empow&#039;Her\",\"description\":\"Women Development\",\"potentialAction\":[{\"@type\":\"SearchAction\",\"target\":{\"@type\":\"EntryPoint\",\"urlTemplate\":\"https:\/\/empow-her.com\/?s={search_term_string}\"},\"query-input\":{\"@type\":\"PropertyValueSpecification\",\"valueRequired\":true,\"valueName\":\"search_term_string\"}}],\"inLanguage\":\"es\"}]}<\/script>\n<!-- \/ Yoast SEO plugin. -->","yoast_head_json":{"title":"Conf\u00e9rence - Transmission & r\u00e9invention du mod\u00e8le familial dans les cultures afro-descendantes - Empow&#039;Her","robots":{"index":"index","follow":"follow","max-snippet":"max-snippet:-1","max-image-preview":"max-image-preview:large","max-video-preview":"max-video-preview:-1"},"canonical":"https:\/\/empow-her.com\/es\/produit\/conference-transmission-et-reinvention-du-modele-familial-dans-les-cultures-afro-descendantes-en-france-projet-transmedia-femmes-noires\/","og_locale":"es_ES","og_type":"article","og_title":"Conf\u00e9rence - Transmission & r\u00e9invention du mod\u00e8le familial dans les cultures afro-descendantes - Empow&#039;Her","og_description":"Rendez-vous pour la prochaine conf\u00e9rence co-organis\u00e9e avec le Projet Transm\u00e9dia Femmes Noires et Me\u0301tisses, de 18h \u00e0 21h30 chez Sist'Her. Pour cl\u00f4turer le march\u00e9 de No\u00ebl f\u00e9ministe, venez assister \u00e0 la conf\u00e9rence autour de la th\u00e9matique de la famille :\u00a0\u201d Transmission et r\u00e9invention du mod\u00e8le familial dans les cultures afro-descendantes en France \u201c Qu\u2019appelle-t-on \u00ab famille \u00bb et \u00ab faire famille \u00bb ? Les populations afro-descendantes de France ont-elles une acception propre de ces notions notamment dans la mani\u00e8re de d\u00e9finir le lien de parent\u00e9 \u00e0 une personne et de concevoir la place des hommes, femmes et enfants dans ce groupe social ? Comment la question migratoire des parents, celle des origines des enfants et celle de la culture du pays d\u2019accueil peuvent-elles \u00eatre \u00e0 la fois fondatrices et sources d\u2019exp\u00e9riences ambivalentes pour les membres d\u2019une m\u00eame famille ?\u00a0\u00a0\u00a0Et comment la cr\u00e9ation artistique peut-elle \u00eatre un moyen de revisiter la notion de famille \u00e0 mi-chemin entre l'objectivation d\u2019h\u00e9ritages pass\u00e9s et la r\u00e9\u00e9criture de mod\u00e8les totalement nouveaux ? Pour en discuter, nous aurons le plaisir de recevoir 4 intervenantes :    La r\u00e9alisatrice Josza ANJEMBE  La romanci\u00e8re Estelle-Sarah BULLE  La sociologue Nadia CHONVILLE  La fondatrice de l\u2019association Sorore Ensemble, Audrey WARRINGTON.  &nbsp;  &#x1f48c; Quelques mots sur le Projet Transm\u00e9dia Femmes Noires et M\u00e9tisses.\u00a0  En juin 2020, l\u2019autrice de bande dessin\u00e9e guadeloup\u00e9enne Jessica Oubli\u00e9 (P\u00e9yi an nou, Steinkis, 2017, Tropiques toxiques, Steinkis, 2020), a lanc\u00e9 un appel sur les r\u00e9seaux sociaux pour proposer \u00e0 des femmes fran\u00e7aises \u00ab noires \u00bb et \u00ab m\u00e9tisses \u00bb de se raconter \u00e0 la premi\u00e8re personne du singulier dans un format intime, po\u00e9tique et engag\u00e9.           C\u2019est ainsi que 66 femmes \u00e2g\u00e9es de 20 \u00e0 69 ans vivant en France m\u00e9tropolitaine, dans les d\u00e9partements d\u2019outre-mer, aux Etats-Unis, et en Belgique prennent part \u00e0 ce projet transm\u00e9dia qui m\u00eale : - Des groupes de paroles th\u00e9matiques anim\u00e9s \u00e0 huis clos - Des sessions Facebook Live ouvertes au grand public avec des intervenantes ext\u00e9rieures - Une bande dessin\u00e9e - Un film d\u2019animation                         &#x1f637; Mesures sanitaires &#x1f4f1; PASS SANITAIRE Un pass sanitaire valide vous sera demand\u00e9 \u00e0 l\u2019entr\u00e9e. &#x1f4cd; Vous pouvez r\u00e9aliser un test antig\u00e9nique Pharmacie Boutin au 90 rue du faubourg Saint-Martin \u00e0 proximit\u00e9.  &#x1f4cd; Sist\u2019her Paris, 82 rue du Faubourg St Martin Ouvert en mars 2021, Sist\u2019Her est le premier tiers-lieu d\u00e9di\u00e9 \u00e0 toutes celles qui souhaitent fa\u00e7onner le monde &#x1f30e;. Port\u00e9 par l\u2019association Empow\u2019Her, c\u2019est un lieu de vie bienveillant et joyeux, ouvert \u00e0 tou\u00b7te\u00b7s o\u00f9 il est possible de se former, cr\u00e9er et se rencontrer. &#x1f3e1;  &nbsp;","og_url":"https:\/\/empow-her.com\/es\/produit\/conference-transmission-et-reinvention-du-modele-familial-dans-les-cultures-afro-descendantes-en-france-projet-transmedia-femmes-noires\/","og_site_name":"Empow&#039;Her","article_modified_time":"2021-12-10T15:50:15+00:00","og_image":[{"width":1080,"height":1080,"url":"https:\/\/empow-her.com\/wp-content\/uploads\/2021\/11\/TEMPLATE-EVENTS-WOMEN-DARE-13.png","type":"image\/png"}],"twitter_card":"summary_large_image","schema":{"@context":"https:\/\/schema.org","@graph":[{"@type":"WebPage","@id":"https:\/\/empow-her.com\/es\/produit\/conference-transmission-et-reinvention-du-modele-familial-dans-les-cultures-afro-descendantes-en-france-projet-transmedia-femmes-noires\/","url":"https:\/\/empow-her.com\/es\/produit\/conference-transmission-et-reinvention-du-modele-familial-dans-les-cultures-afro-descendantes-en-france-projet-transmedia-femmes-noires\/","name":"Conf\u00e9rence - Transmission & r\u00e9invention du mod\u00e8le familial dans les cultures afro-descendantes - Empow&#039;Her","isPartOf":{"@id":"https:\/\/empow-her.com\/#website"},"primaryImageOfPage":{"@id":"https:\/\/empow-her.com\/es\/produit\/conference-transmission-et-reinvention-du-modele-familial-dans-les-cultures-afro-descendantes-en-france-projet-transmedia-femmes-noires\/#primaryimage"},"image":{"@id":"https:\/\/empow-her.com\/es\/produit\/conference-transmission-et-reinvention-du-modele-familial-dans-les-cultures-afro-descendantes-en-france-projet-transmedia-femmes-noires\/#primaryimage"},"thumbnailUrl":"https:\/\/empow-her.com\/wp-content\/uploads\/2021\/11\/TEMPLATE-EVENTS-WOMEN-DARE-13.png","datePublished":"2021-11-22T10:00:13+00:00","dateModified":"2021-12-10T15:50:15+00:00","breadcrumb":{"@id":"https:\/\/empow-her.com\/es\/produit\/conference-transmission-et-reinvention-du-modele-familial-dans-les-cultures-afro-descendantes-en-france-projet-transmedia-femmes-noires\/#breadcrumb"},"inLanguage":"es","potentialAction":[{"@type":"ReadAction","target":["https:\/\/empow-her.com\/es\/produit\/conference-transmission-et-reinvention-du-modele-familial-dans-les-cultures-afro-descendantes-en-france-projet-transmedia-femmes-noires\/"]}]},{"@type":"ImageObject","inLanguage":"es","@id":"https:\/\/empow-her.com\/es\/produit\/conference-transmission-et-reinvention-du-modele-familial-dans-les-cultures-afro-descendantes-en-france-projet-transmedia-femmes-noires\/#primaryimage","url":"https:\/\/empow-her.com\/wp-content\/uploads\/2021\/11\/TEMPLATE-EVENTS-WOMEN-DARE-13.png","contentUrl":"https:\/\/empow-her.com\/wp-content\/uploads\/2021\/11\/TEMPLATE-EVENTS-WOMEN-DARE-13.png","width":1080,"height":1080},{"@type":"BreadcrumbList","@id":"https:\/\/empow-her.com\/es\/produit\/conference-transmission-et-reinvention-du-modele-familial-dans-les-cultures-afro-descendantes-en-france-projet-transmedia-femmes-noires\/#breadcrumb","itemListElement":[{"@type":"ListItem","position":1,"name":"Accueil","item":"https:\/\/empow-her.com\/es\/inicio\/"},{"@type":"ListItem","position":2,"name":"LA BOUTIQUE","item":"https:\/\/empow-her.com\/boutique\/"},{"@type":"ListItem","position":3,"name":"Conf\u00e9rence &#8211; Transmission &#038; r\u00e9invention du mod\u00e8le familial dans les cultures afro-descendantes"}]},{"@type":"WebSite","@id":"https:\/\/empow-her.com\/#website","url":"https:\/\/empow-her.com\/","name":"Empow&#039;Her","description":"Women Development","potentialAction":[{"@type":"SearchAction","target":{"@type":"EntryPoint","urlTemplate":"https:\/\/empow-her.com\/?s={search_term_string}"},"query-input":{"@type":"PropertyValueSpecification","valueRequired":true,"valueName":"search_term_string"}}],"inLanguage":"es"}]}},"_links":{"self":[{"href":"https:\/\/empow-her.com\/es\/wp-json\/wp\/v2\/product\/113041","targetHints":{"allow":["GET"]}}],"collection":[{"href":"https:\/\/empow-her.com\/es\/wp-json\/wp\/v2\/product"}],"about":[{"href":"https:\/\/empow-her.com\/es\/wp-json\/wp\/v2\/types\/product"}],"wp:featuredmedia":[{"embeddable":true,"href":"https:\/\/empow-her.com\/es\/wp-json\/wp\/v2\/media\/113205"}],"wp:attachment":[{"href":"https:\/\/empow-her.com\/es\/wp-json\/wp\/v2\/media?parent=113041"}],"wp:term":[{"taxonomy":"product_brand","embeddable":true,"href":"https:\/\/empow-her.com\/es\/wp-json\/wp\/v2\/product_brand?post=113041"},{"taxonomy":"product_cat","embeddable":true,"href":"https:\/\/empow-her.com\/es\/wp-json\/wp\/v2\/product_cat?post=113041"},{"taxonomy":"product_tag","embeddable":true,"href":"https:\/\/empow-her.com\/es\/wp-json\/wp\/v2\/product_tag?post=113041"},{"taxonomy":"lieu","embeddable":true,"href":"https:\/\/empow-her.com\/es\/wp-json\/wp\/v2\/lieu?post=113041"},{"taxonomy":"thematiques","embeddable":true,"href":"https:\/\/empow-her.com\/es\/wp-json\/wp\/v2\/thematiques?post=113041"}],"curies":[{"name":"wp","href":"https:\/\/api.w.org\/{rel}","templated":true}]}}