{"id":112974,"date":"2021-11-19T16:48:00","date_gmt":"2021-11-19T15:48:00","guid":{"rendered":"https:\/\/empow-her.com\/?post_type=product&#038;p=112974"},"modified":"2021-11-24T11:14:44","modified_gmt":"2021-11-24T10:14:44","slug":"mini-atelier-focus-statuts-juridiques-14-dec","status":"publish","type":"product","link":"https:\/\/empow-her.com\/es\/produit\/mini-atelier-focus-statuts-juridiques-14-dec\/","title":{"rendered":"Coaching collectif &#8211; Mini Atelier Focus : Statuts juridiques"},"content":{"rendered":"","protected":false},"excerpt":{"rendered":"<div>\n<div>\n<div><\/div>\n<div>Rendez-vous pour un format in\u00e9dit : b\u00e9n\u00e9ficiez de deux heures en petits groupes de 3 entrepreneures pour travailler avec nos expert.e.s sur votre probl\u00e9matique. Cette session est comptabilis\u00e9e comme 1h de coaching individuel (sur vos 10h disponibles) &#8211; deux fois plus de temps pour vous permettre de faire d\u00e9coller vos projets ! Vous vous demandez quels sont les diff\u00e9rents statuts juridiques, lequel est taill\u00e9 pour votre projet, et ce que cela implique pour vous ? Vous avez des questions sur les obligations l\u00e9gales et les droits de l&#8217;entrepreneur.e ? Posez vos questions \u00e0 un.e avocat.e sp\u00e9cialis\u00e9e du Barreau de Paris !<\/div>\n<div><strong>Intervenants<\/strong><\/div>\n<div>\n<div>Wizifin, Marc Artinian<\/div>\n<\/div>\n<\/div>\n<div>\n<div><\/div>\n<div><\/div>\n<\/div>\n<\/div>\n<p><strong>Dur\u00e9e<\/strong>\u00a0: 2 heures<\/p>\n<p><strong>Lieu :<\/strong> En ligne<\/p>\n<p>Ce projet est co-financ\u00e9 par le Fonds Social Europ\u00e9en.<\/p>\n<p><img decoding=\"async\" class=\"\" src=\"https:\/\/www.sep-asso.fr\/wp-content\/uploads\/2018\/02\/logo-union-europeenne.png\" alt=\"logo union europeenne \u2013 SEP\" width=\"87\" height=\"72\" \/> <img decoding=\"async\" class=\"alignnone wp-image-15218\" src=\"https:\/\/empow-her.com\/wp-content\/uploads\/2021\/06\/logo_fonds_social_europeen-300x187.png\" alt=\"\" width=\"104\" height=\"65\" srcset=\"https:\/\/empow-her.com\/wp-content\/uploads\/2021\/06\/logo_fonds_social_europeen-300x187.png 300w, https:\/\/empow-her.com\/wp-content\/uploads\/2021\/06\/logo_fonds_social_europeen-600x375.png 600w, https:\/\/empow-her.com\/wp-content\/uploads\/2021\/06\/logo_fonds_social_europeen-24x15.png 24w, https:\/\/empow-her.com\/wp-content\/uploads\/2021\/06\/logo_fonds_social_europeen-36x22.png 36w, https:\/\/empow-her.com\/wp-content\/uploads\/2021\/06\/logo_fonds_social_europeen-48x30.png 48w, https:\/\/empow-her.com\/wp-content\/uploads\/2021\/06\/logo_fonds_social_europeen.png 666w\" sizes=\"(max-width: 104px) 100vw, 104px\" \/>\u00a0 <img decoding=\"async\" class=\"\" src=\"https:\/\/franceactive-idf.org\/wp-content\/uploads\/2020\/02\/logo-region-ile-de-france.png\" alt=\"Logo Region Ile De France - France Active \u00cele-de-France\" width=\"126\" height=\"29\" \/><\/p>\n","protected":false},"featured_media":112976,"template":"","format":"standard","meta":{"_acf_changed":false,"om_disable_all_campaigns":false,"_uf_show_specific_survey":0,"_uf_disable_surveys":false},"product_brand":[],"product_cat":[121],"product_tag":[],"lieu":[125],"thematiques":[],"class_list":{"0":"post-112974","1":"product","2":"type-product","3":"status-publish","4":"format-standard","5":"has-post-thumbnail","7":"product_cat-coaching","8":"lieu-en-ligne","10":"first","11":"instock","12":"virtual","13":"purchasable","14":"product-type-appointment"},"exclude_global_add_ons":[],"addons":[],"acf":[],"yoast_head":"<!-- This site is optimized with the Yoast SEO plugin v24.8 - https:\/\/yoast.com\/wordpress\/plugins\/seo\/ -->\n<title>Coaching collectif - Mini Atelier Focus : Statuts juridiques - Empow&#039;Her<\/title>\n<meta name=\"robots\" content=\"index, follow, max-snippet:-1, max-image-preview:large, max-video-preview:-1\" \/>\n<link rel=\"canonical\" href=\"https:\/\/empow-her.com\/es\/produit\/mini-atelier-focus-statuts-juridiques-14-dec\/\" \/>\n<meta property=\"og:locale\" content=\"es_ES\" \/>\n<meta property=\"og:type\" content=\"article\" \/>\n<meta property=\"og:title\" content=\"Coaching collectif - Mini Atelier Focus : Statuts juridiques - Empow&#039;Her\" \/>\n<meta property=\"og:description\" content=\"Rendez-vous pour un format in\u00e9dit : b\u00e9n\u00e9ficiez de deux heures en petits groupes de 3 entrepreneures pour travailler avec nos expert.e.s sur votre probl\u00e9matique. Cette session est comptabilis\u00e9e comme 1h de coaching individuel (sur vos 10h disponibles) - deux fois plus de temps pour vous permettre de faire d\u00e9coller vos projets ! Vous vous demandez quels sont les diff\u00e9rents statuts juridiques, lequel est taill\u00e9 pour votre projet, et ce que cela implique pour vous ? Vous avez des questions sur les obligations l\u00e9gales et les droits de l&#039;entrepreneur.e ? Posez vos questions \u00e0 un.e avocat.e sp\u00e9cialis\u00e9e du Barreau de Paris ! Intervenants  Wizifin, Marc Artinian        Dur\u00e9e\u00a0: 2 heures  Lieu : En ligne  Ce projet est co-financ\u00e9 par le Fonds Social Europ\u00e9en.   \u00a0\" \/>\n<meta property=\"og:url\" content=\"https:\/\/empow-her.com\/es\/produit\/mini-atelier-focus-statuts-juridiques-14-dec\/\" \/>\n<meta property=\"og:site_name\" content=\"Empow&#039;Her\" \/>\n<meta property=\"article:modified_time\" content=\"2021-11-24T10:14:44+00:00\" \/>\n<meta property=\"og:image\" content=\"https:\/\/empow-her.com\/wp-content\/uploads\/2021\/11\/TEMPLATES-EVENTS-WOMEN-DARE-AGENDA-40.png\" \/>\n\t<meta property=\"og:image:width\" content=\"1080\" \/>\n\t<meta property=\"og:image:height\" content=\"1080\" \/>\n\t<meta property=\"og:image:type\" content=\"image\/png\" \/>\n<meta name=\"twitter:card\" content=\"summary_large_image\" \/>\n<script type=\"application\/ld+json\" class=\"yoast-schema-graph\">{\"@context\":\"https:\/\/schema.org\",\"@graph\":[{\"@type\":\"WebPage\",\"@id\":\"https:\/\/empow-her.com\/es\/produit\/mini-atelier-focus-statuts-juridiques-14-dec\/\",\"url\":\"https:\/\/empow-her.com\/es\/produit\/mini-atelier-focus-statuts-juridiques-14-dec\/\",\"name\":\"Coaching collectif - Mini Atelier Focus : Statuts juridiques - Empow&#039;Her\",\"isPartOf\":{\"@id\":\"https:\/\/empow-her.com\/#website\"},\"primaryImageOfPage\":{\"@id\":\"https:\/\/empow-her.com\/es\/produit\/mini-atelier-focus-statuts-juridiques-14-dec\/#primaryimage\"},\"image\":{\"@id\":\"https:\/\/empow-her.com\/es\/produit\/mini-atelier-focus-statuts-juridiques-14-dec\/#primaryimage\"},\"thumbnailUrl\":\"https:\/\/empow-her.com\/wp-content\/uploads\/2021\/11\/TEMPLATES-EVENTS-WOMEN-DARE-AGENDA-40.png\",\"datePublished\":\"2021-11-19T15:48:00+00:00\",\"dateModified\":\"2021-11-24T10:14:44+00:00\",\"breadcrumb\":{\"@id\":\"https:\/\/empow-her.com\/es\/produit\/mini-atelier-focus-statuts-juridiques-14-dec\/#breadcrumb\"},\"inLanguage\":\"es\",\"potentialAction\":[{\"@type\":\"ReadAction\",\"target\":[\"https:\/\/empow-her.com\/es\/produit\/mini-atelier-focus-statuts-juridiques-14-dec\/\"]}]},{\"@type\":\"ImageObject\",\"inLanguage\":\"es\",\"@id\":\"https:\/\/empow-her.com\/es\/produit\/mini-atelier-focus-statuts-juridiques-14-dec\/#primaryimage\",\"url\":\"https:\/\/empow-her.com\/wp-content\/uploads\/2021\/11\/TEMPLATES-EVENTS-WOMEN-DARE-AGENDA-40.png\",\"contentUrl\":\"https:\/\/empow-her.com\/wp-content\/uploads\/2021\/11\/TEMPLATES-EVENTS-WOMEN-DARE-AGENDA-40.png\",\"width\":1080,\"height\":1080},{\"@type\":\"BreadcrumbList\",\"@id\":\"https:\/\/empow-her.com\/es\/produit\/mini-atelier-focus-statuts-juridiques-14-dec\/#breadcrumb\",\"itemListElement\":[{\"@type\":\"ListItem\",\"position\":1,\"name\":\"Accueil\",\"item\":\"https:\/\/empow-her.com\/es\/inicio\/\"},{\"@type\":\"ListItem\",\"position\":2,\"name\":\"LA BOUTIQUE\",\"item\":\"https:\/\/empow-her.com\/boutique\/\"},{\"@type\":\"ListItem\",\"position\":3,\"name\":\"Coaching collectif &#8211; Mini Atelier Focus : Statuts juridiques\"}]},{\"@type\":\"WebSite\",\"@id\":\"https:\/\/empow-her.com\/#website\",\"url\":\"https:\/\/empow-her.com\/\",\"name\":\"Empow&#039;Her\",\"description\":\"Women Development\",\"potentialAction\":[{\"@type\":\"SearchAction\",\"target\":{\"@type\":\"EntryPoint\",\"urlTemplate\":\"https:\/\/empow-her.com\/?s={search_term_string}\"},\"query-input\":{\"@type\":\"PropertyValueSpecification\",\"valueRequired\":true,\"valueName\":\"search_term_string\"}}],\"inLanguage\":\"es\"}]}<\/script>\n<!-- \/ Yoast SEO plugin. -->","yoast_head_json":{"title":"Coaching collectif - Mini Atelier Focus : Statuts juridiques - Empow&#039;Her","robots":{"index":"index","follow":"follow","max-snippet":"max-snippet:-1","max-image-preview":"max-image-preview:large","max-video-preview":"max-video-preview:-1"},"canonical":"https:\/\/empow-her.com\/es\/produit\/mini-atelier-focus-statuts-juridiques-14-dec\/","og_locale":"es_ES","og_type":"article","og_title":"Coaching collectif - Mini Atelier Focus : Statuts juridiques - Empow&#039;Her","og_description":"Rendez-vous pour un format in\u00e9dit : b\u00e9n\u00e9ficiez de deux heures en petits groupes de 3 entrepreneures pour travailler avec nos expert.e.s sur votre probl\u00e9matique. Cette session est comptabilis\u00e9e comme 1h de coaching individuel (sur vos 10h disponibles) - deux fois plus de temps pour vous permettre de faire d\u00e9coller vos projets ! Vous vous demandez quels sont les diff\u00e9rents statuts juridiques, lequel est taill\u00e9 pour votre projet, et ce que cela implique pour vous ? Vous avez des questions sur les obligations l\u00e9gales et les droits de l'entrepreneur.e ? Posez vos questions \u00e0 un.e avocat.e sp\u00e9cialis\u00e9e du Barreau de Paris ! Intervenants  Wizifin, Marc Artinian        Dur\u00e9e\u00a0: 2 heures  Lieu : En ligne  Ce projet est co-financ\u00e9 par le Fonds Social Europ\u00e9en.   \u00a0","og_url":"https:\/\/empow-her.com\/es\/produit\/mini-atelier-focus-statuts-juridiques-14-dec\/","og_site_name":"Empow&#039;Her","article_modified_time":"2021-11-24T10:14:44+00:00","og_image":[{"width":1080,"height":1080,"url":"https:\/\/empow-her.com\/wp-content\/uploads\/2021\/11\/TEMPLATES-EVENTS-WOMEN-DARE-AGENDA-40.png","type":"image\/png"}],"twitter_card":"summary_large_image","schema":{"@context":"https:\/\/schema.org","@graph":[{"@type":"WebPage","@id":"https:\/\/empow-her.com\/es\/produit\/mini-atelier-focus-statuts-juridiques-14-dec\/","url":"https:\/\/empow-her.com\/es\/produit\/mini-atelier-focus-statuts-juridiques-14-dec\/","name":"Coaching collectif - Mini Atelier Focus : Statuts juridiques - Empow&#039;Her","isPartOf":{"@id":"https:\/\/empow-her.com\/#website"},"primaryImageOfPage":{"@id":"https:\/\/empow-her.com\/es\/produit\/mini-atelier-focus-statuts-juridiques-14-dec\/#primaryimage"},"image":{"@id":"https:\/\/empow-her.com\/es\/produit\/mini-atelier-focus-statuts-juridiques-14-dec\/#primaryimage"},"thumbnailUrl":"https:\/\/empow-her.com\/wp-content\/uploads\/2021\/11\/TEMPLATES-EVENTS-WOMEN-DARE-AGENDA-40.png","datePublished":"2021-11-19T15:48:00+00:00","dateModified":"2021-11-24T10:14:44+00:00","breadcrumb":{"@id":"https:\/\/empow-her.com\/es\/produit\/mini-atelier-focus-statuts-juridiques-14-dec\/#breadcrumb"},"inLanguage":"es","potentialAction":[{"@type":"ReadAction","target":["https:\/\/empow-her.com\/es\/produit\/mini-atelier-focus-statuts-juridiques-14-dec\/"]}]},{"@type":"ImageObject","inLanguage":"es","@id":"https:\/\/empow-her.com\/es\/produit\/mini-atelier-focus-statuts-juridiques-14-dec\/#primaryimage","url":"https:\/\/empow-her.com\/wp-content\/uploads\/2021\/11\/TEMPLATES-EVENTS-WOMEN-DARE-AGENDA-40.png","contentUrl":"https:\/\/empow-her.com\/wp-content\/uploads\/2021\/11\/TEMPLATES-EVENTS-WOMEN-DARE-AGENDA-40.png","width":1080,"height":1080},{"@type":"BreadcrumbList","@id":"https:\/\/empow-her.com\/es\/produit\/mini-atelier-focus-statuts-juridiques-14-dec\/#breadcrumb","itemListElement":[{"@type":"ListItem","position":1,"name":"Accueil","item":"https:\/\/empow-her.com\/es\/inicio\/"},{"@type":"ListItem","position":2,"name":"LA BOUTIQUE","item":"https:\/\/empow-her.com\/boutique\/"},{"@type":"ListItem","position":3,"name":"Coaching collectif &#8211; Mini Atelier Focus : Statuts juridiques"}]},{"@type":"WebSite","@id":"https:\/\/empow-her.com\/#website","url":"https:\/\/empow-her.com\/","name":"Empow&#039;Her","description":"Women Development","potentialAction":[{"@type":"SearchAction","target":{"@type":"EntryPoint","urlTemplate":"https:\/\/empow-her.com\/?s={search_term_string}"},"query-input":{"@type":"PropertyValueSpecification","valueRequired":true,"valueName":"search_term_string"}}],"inLanguage":"es"}]}},"_links":{"self":[{"href":"https:\/\/empow-her.com\/es\/wp-json\/wp\/v2\/product\/112974","targetHints":{"allow":["GET"]}}],"collection":[{"href":"https:\/\/empow-her.com\/es\/wp-json\/wp\/v2\/product"}],"about":[{"href":"https:\/\/empow-her.com\/es\/wp-json\/wp\/v2\/types\/product"}],"wp:featuredmedia":[{"embeddable":true,"href":"https:\/\/empow-her.com\/es\/wp-json\/wp\/v2\/media\/112976"}],"wp:attachment":[{"href":"https:\/\/empow-her.com\/es\/wp-json\/wp\/v2\/media?parent=112974"}],"wp:term":[{"taxonomy":"product_brand","embeddable":true,"href":"https:\/\/empow-her.com\/es\/wp-json\/wp\/v2\/product_brand?post=112974"},{"taxonomy":"product_cat","embeddable":true,"href":"https:\/\/empow-her.com\/es\/wp-json\/wp\/v2\/product_cat?post=112974"},{"taxonomy":"product_tag","embeddable":true,"href":"https:\/\/empow-her.com\/es\/wp-json\/wp\/v2\/product_tag?post=112974"},{"taxonomy":"lieu","embeddable":true,"href":"https:\/\/empow-her.com\/es\/wp-json\/wp\/v2\/lieu?post=112974"},{"taxonomy":"thematiques","embeddable":true,"href":"https:\/\/empow-her.com\/es\/wp-json\/wp\/v2\/thematiques?post=112974"}],"curies":[{"name":"wp","href":"https:\/\/api.w.org\/{rel}","templated":true}]}}