{"id":112859,"date":"2021-11-17T11:49:28","date_gmt":"2021-11-17T10:49:28","guid":{"rendered":"https:\/\/empow-her.com\/?post_type=product&#038;p=112859"},"modified":"2021-11-17T13:51:18","modified_gmt":"2021-11-17T12:51:18","slug":"atelier-le-design-de-service-15-dec","status":"publish","type":"product","link":"https:\/\/empow-her.com\/es\/produit\/atelier-le-design-de-service-15-dec\/","title":{"rendered":"Atelier &#8211; Le design de service"},"content":{"rendered":"","protected":false},"excerpt":{"rendered":"<div>\n<div><\/div>\n<div>\n<div>\n<div>Le design de service permet d\u2019innover en concevant un service \u00e0 la fois utile, utilisable et esth\u00e9tique (d\u00e9sirable) pour l\u2019utilisateur \/ le client \/ l\u2019usager, mais \u00e9galement performant et diff\u00e9renciant pour l\u2019entreprise. Au programme de cet atelier : &#8211; Comprendre ce que signifie le design de service ; &#8211; Savoir appliquer les outils aux \u00e9volutions du march\u00e9, et comment co-construire votre service avec vos parties prenantes !<\/div>\n<\/div>\n<div><strong>Intervenant.e.s<\/strong><\/div>\n<div>\n<div>SpinPart<\/div>\n<\/div>\n<\/div>\n<\/div>\n<div><\/div>\n<div><\/div>\n<div>\n<div>\n<div>\n<div>Sp\u00e9cialiste en organisation et conduite du changement, SpinPart participe aux mutations strat\u00e9giques et aide les entreprises \u00e0 relever leurs d\u00e9fis de transformation. Marie dispose d\u2019une exp\u00e9rience dans le pilotage de projets d\u2019innovation et d\u2019am\u00e9lioration de l\u2019Exp\u00e9rience Client entre l\u2019humain et l\u2019intelligence technologique. Elle a notamment accompagn\u00e9 des clients du secteur de l\u2019\u00e9nergie et du retail sur des projets de transformation d\u2019organisation dans le but de d\u00e9velopper la performance \u00e9conomique et op\u00e9rationnelles ainsi que la satisfaction client.<\/div>\n<\/div>\n<\/div>\n<\/div>\n<div><\/div>\n<div><\/div>\n<div><b>Lieu : <\/b>Sist&#8217;Her<\/div>\n<div><\/div>\n<p>Ce projet est co-financ\u00e9 par le Fonds Social Europ\u00e9en.<\/p>\n<p><img decoding=\"async\" class=\"\" src=\"https:\/\/www.sep-asso.fr\/wp-content\/uploads\/2018\/02\/logo-union-europeenne.png\" alt=\"logo union europeenne \u2013 SEP\" width=\"87\" height=\"72\" \/>\u00a0\u00a0<img decoding=\"async\" class=\"alignnone wp-image-15218\" src=\"https:\/\/empow-her.com\/wp-content\/uploads\/2021\/06\/logo_fonds_social_europeen-300x187.png\" alt=\"\" width=\"104\" height=\"65\" srcset=\"https:\/\/empow-her.com\/wp-content\/uploads\/2021\/06\/logo_fonds_social_europeen-300x187.png 300w, https:\/\/empow-her.com\/wp-content\/uploads\/2021\/06\/logo_fonds_social_europeen-600x375.png 600w, https:\/\/empow-her.com\/wp-content\/uploads\/2021\/06\/logo_fonds_social_europeen-24x15.png 24w, https:\/\/empow-her.com\/wp-content\/uploads\/2021\/06\/logo_fonds_social_europeen-36x22.png 36w, https:\/\/empow-her.com\/wp-content\/uploads\/2021\/06\/logo_fonds_social_europeen-48x30.png 48w, https:\/\/empow-her.com\/wp-content\/uploads\/2021\/06\/logo_fonds_social_europeen.png 666w\" sizes=\"(max-width: 104px) 100vw, 104px\" \/>\u00a0<img decoding=\"async\" class=\"\" src=\"https:\/\/franceactive-idf.org\/wp-content\/uploads\/2020\/02\/logo-region-ile-de-france.png\" alt=\"Logo Region Ile De France - France Active \u00cele-de-France\" width=\"126\" height=\"29\" \/><\/p>\n","protected":false},"featured_media":112873,"template":"","format":"standard","meta":{"_acf_changed":false,"om_disable_all_campaigns":false,"_uf_show_specific_survey":0,"_uf_disable_surveys":false},"product_brand":[],"product_cat":[118],"product_tag":[],"lieu":[127],"thematiques":[],"class_list":{"0":"post-112859","1":"product","2":"type-product","3":"status-publish","4":"format-standard","5":"has-post-thumbnail","7":"product_cat-atelier-collectif","8":"lieu-hub-empowher","10":"first","11":"instock","12":"virtual","13":"purchasable","14":"product-type-appointment"},"exclude_global_add_ons":[],"addons":[],"acf":[],"yoast_head":"<!-- This site is optimized with the Yoast SEO plugin v24.8 - https:\/\/yoast.com\/wordpress\/plugins\/seo\/ -->\n<title>Atelier - Le design de service - Empow&#039;Her<\/title>\n<meta name=\"robots\" content=\"index, follow, max-snippet:-1, max-image-preview:large, max-video-preview:-1\" \/>\n<link rel=\"canonical\" href=\"https:\/\/empow-her.com\/produit\/atelier-le-design-de-service-15-dec\/\" \/>\n<meta property=\"og:locale\" content=\"es_ES\" \/>\n<meta property=\"og:type\" content=\"article\" \/>\n<meta property=\"og:title\" content=\"Atelier - Le design de service - Empow&#039;Her\" \/>\n<meta property=\"og:description\" content=\"Le design de service permet d\u2019innover en concevant un service \u00e0 la fois utile, utilisable et esth\u00e9tique (d\u00e9sirable) pour l\u2019utilisateur \/ le client \/ l\u2019usager, mais \u00e9galement performant et diff\u00e9renciant pour l\u2019entreprise. Au programme de cet atelier : - Comprendre ce que signifie le design de service ; - Savoir appliquer les outils aux \u00e9volutions du march\u00e9, et comment co-construire votre service avec vos parties prenantes !  Intervenant.e.s  SpinPart         Sp\u00e9cialiste en organisation et conduite du changement, SpinPart participe aux mutations strat\u00e9giques et aide les entreprises \u00e0 relever leurs d\u00e9fis de transformation. Marie dispose d\u2019une exp\u00e9rience dans le pilotage de projets d\u2019innovation et d\u2019am\u00e9lioration de l\u2019Exp\u00e9rience Client entre l\u2019humain et l\u2019intelligence technologique. Elle a notamment accompagn\u00e9 des clients du secteur de l\u2019\u00e9nergie et du retail sur des projets de transformation d\u2019organisation dans le but de d\u00e9velopper la performance \u00e9conomique et op\u00e9rationnelles ainsi que la satisfaction client.      Lieu : Sist&#039;Her  Ce projet est co-financ\u00e9 par le Fonds Social Europ\u00e9en.  \u00a0\u00a0\u00a0\" \/>\n<meta property=\"og:url\" content=\"https:\/\/empow-her.com\/produit\/atelier-le-design-de-service-15-dec\/\" \/>\n<meta property=\"og:site_name\" content=\"Empow&#039;Her\" \/>\n<meta property=\"article:modified_time\" content=\"2021-11-17T12:51:18+00:00\" \/>\n<meta property=\"og:image\" content=\"https:\/\/empow-her.com\/wp-content\/uploads\/2021\/11\/TEMPLATES-EVENTS-WOMEN-DARE-AGENDA-22.png\" \/>\n\t<meta property=\"og:image:width\" content=\"1080\" \/>\n\t<meta property=\"og:image:height\" content=\"1080\" \/>\n\t<meta property=\"og:image:type\" content=\"image\/png\" \/>\n<meta name=\"twitter:card\" content=\"summary_large_image\" \/>\n<script type=\"application\/ld+json\" class=\"yoast-schema-graph\">{\"@context\":\"https:\/\/schema.org\",\"@graph\":[{\"@type\":\"WebPage\",\"@id\":\"https:\/\/empow-her.com\/produit\/atelier-le-design-de-service-15-dec\/\",\"url\":\"https:\/\/empow-her.com\/produit\/atelier-le-design-de-service-15-dec\/\",\"name\":\"Atelier - Le design de service - Empow&#039;Her\",\"isPartOf\":{\"@id\":\"https:\/\/empow-her.com\/#website\"},\"primaryImageOfPage\":{\"@id\":\"https:\/\/empow-her.com\/produit\/atelier-le-design-de-service-15-dec\/#primaryimage\"},\"image\":{\"@id\":\"https:\/\/empow-her.com\/produit\/atelier-le-design-de-service-15-dec\/#primaryimage\"},\"thumbnailUrl\":\"https:\/\/empow-her.com\/wp-content\/uploads\/2021\/11\/TEMPLATES-EVENTS-WOMEN-DARE-AGENDA-22.png\",\"datePublished\":\"2021-11-17T10:49:28+00:00\",\"dateModified\":\"2021-11-17T12:51:18+00:00\",\"breadcrumb\":{\"@id\":\"https:\/\/empow-her.com\/produit\/atelier-le-design-de-service-15-dec\/#breadcrumb\"},\"inLanguage\":\"es\",\"potentialAction\":[{\"@type\":\"ReadAction\",\"target\":[\"https:\/\/empow-her.com\/produit\/atelier-le-design-de-service-15-dec\/\"]}]},{\"@type\":\"ImageObject\",\"inLanguage\":\"es\",\"@id\":\"https:\/\/empow-her.com\/produit\/atelier-le-design-de-service-15-dec\/#primaryimage\",\"url\":\"https:\/\/empow-her.com\/wp-content\/uploads\/2021\/11\/TEMPLATES-EVENTS-WOMEN-DARE-AGENDA-22.png\",\"contentUrl\":\"https:\/\/empow-her.com\/wp-content\/uploads\/2021\/11\/TEMPLATES-EVENTS-WOMEN-DARE-AGENDA-22.png\",\"width\":1080,\"height\":1080},{\"@type\":\"BreadcrumbList\",\"@id\":\"https:\/\/empow-her.com\/produit\/atelier-le-design-de-service-15-dec\/#breadcrumb\",\"itemListElement\":[{\"@type\":\"ListItem\",\"position\":1,\"name\":\"Accueil\",\"item\":\"https:\/\/empow-her.com\/es\/inicio\/\"},{\"@type\":\"ListItem\",\"position\":2,\"name\":\"LA BOUTIQUE\",\"item\":\"https:\/\/empow-her.com\/boutique\/\"},{\"@type\":\"ListItem\",\"position\":3,\"name\":\"Atelier &#8211; Le design de service\"}]},{\"@type\":\"WebSite\",\"@id\":\"https:\/\/empow-her.com\/#website\",\"url\":\"https:\/\/empow-her.com\/\",\"name\":\"Empow&#039;Her\",\"description\":\"Women Development\",\"potentialAction\":[{\"@type\":\"SearchAction\",\"target\":{\"@type\":\"EntryPoint\",\"urlTemplate\":\"https:\/\/empow-her.com\/?s={search_term_string}\"},\"query-input\":{\"@type\":\"PropertyValueSpecification\",\"valueRequired\":true,\"valueName\":\"search_term_string\"}}],\"inLanguage\":\"es\"}]}<\/script>\n<!-- \/ Yoast SEO plugin. -->","yoast_head_json":{"title":"Atelier - Le design de service - Empow&#039;Her","robots":{"index":"index","follow":"follow","max-snippet":"max-snippet:-1","max-image-preview":"max-image-preview:large","max-video-preview":"max-video-preview:-1"},"canonical":"https:\/\/empow-her.com\/produit\/atelier-le-design-de-service-15-dec\/","og_locale":"es_ES","og_type":"article","og_title":"Atelier - Le design de service - Empow&#039;Her","og_description":"Le design de service permet d\u2019innover en concevant un service \u00e0 la fois utile, utilisable et esth\u00e9tique (d\u00e9sirable) pour l\u2019utilisateur \/ le client \/ l\u2019usager, mais \u00e9galement performant et diff\u00e9renciant pour l\u2019entreprise. Au programme de cet atelier : - Comprendre ce que signifie le design de service ; - Savoir appliquer les outils aux \u00e9volutions du march\u00e9, et comment co-construire votre service avec vos parties prenantes !  Intervenant.e.s  SpinPart         Sp\u00e9cialiste en organisation et conduite du changement, SpinPart participe aux mutations strat\u00e9giques et aide les entreprises \u00e0 relever leurs d\u00e9fis de transformation. Marie dispose d\u2019une exp\u00e9rience dans le pilotage de projets d\u2019innovation et d\u2019am\u00e9lioration de l\u2019Exp\u00e9rience Client entre l\u2019humain et l\u2019intelligence technologique. Elle a notamment accompagn\u00e9 des clients du secteur de l\u2019\u00e9nergie et du retail sur des projets de transformation d\u2019organisation dans le but de d\u00e9velopper la performance \u00e9conomique et op\u00e9rationnelles ainsi que la satisfaction client.      Lieu : Sist'Her  Ce projet est co-financ\u00e9 par le Fonds Social Europ\u00e9en.  \u00a0\u00a0\u00a0","og_url":"https:\/\/empow-her.com\/produit\/atelier-le-design-de-service-15-dec\/","og_site_name":"Empow&#039;Her","article_modified_time":"2021-11-17T12:51:18+00:00","og_image":[{"width":1080,"height":1080,"url":"https:\/\/empow-her.com\/wp-content\/uploads\/2021\/11\/TEMPLATES-EVENTS-WOMEN-DARE-AGENDA-22.png","type":"image\/png"}],"twitter_card":"summary_large_image","schema":{"@context":"https:\/\/schema.org","@graph":[{"@type":"WebPage","@id":"https:\/\/empow-her.com\/produit\/atelier-le-design-de-service-15-dec\/","url":"https:\/\/empow-her.com\/produit\/atelier-le-design-de-service-15-dec\/","name":"Atelier - Le design de service - Empow&#039;Her","isPartOf":{"@id":"https:\/\/empow-her.com\/#website"},"primaryImageOfPage":{"@id":"https:\/\/empow-her.com\/produit\/atelier-le-design-de-service-15-dec\/#primaryimage"},"image":{"@id":"https:\/\/empow-her.com\/produit\/atelier-le-design-de-service-15-dec\/#primaryimage"},"thumbnailUrl":"https:\/\/empow-her.com\/wp-content\/uploads\/2021\/11\/TEMPLATES-EVENTS-WOMEN-DARE-AGENDA-22.png","datePublished":"2021-11-17T10:49:28+00:00","dateModified":"2021-11-17T12:51:18+00:00","breadcrumb":{"@id":"https:\/\/empow-her.com\/produit\/atelier-le-design-de-service-15-dec\/#breadcrumb"},"inLanguage":"es","potentialAction":[{"@type":"ReadAction","target":["https:\/\/empow-her.com\/produit\/atelier-le-design-de-service-15-dec\/"]}]},{"@type":"ImageObject","inLanguage":"es","@id":"https:\/\/empow-her.com\/produit\/atelier-le-design-de-service-15-dec\/#primaryimage","url":"https:\/\/empow-her.com\/wp-content\/uploads\/2021\/11\/TEMPLATES-EVENTS-WOMEN-DARE-AGENDA-22.png","contentUrl":"https:\/\/empow-her.com\/wp-content\/uploads\/2021\/11\/TEMPLATES-EVENTS-WOMEN-DARE-AGENDA-22.png","width":1080,"height":1080},{"@type":"BreadcrumbList","@id":"https:\/\/empow-her.com\/produit\/atelier-le-design-de-service-15-dec\/#breadcrumb","itemListElement":[{"@type":"ListItem","position":1,"name":"Accueil","item":"https:\/\/empow-her.com\/es\/inicio\/"},{"@type":"ListItem","position":2,"name":"LA BOUTIQUE","item":"https:\/\/empow-her.com\/boutique\/"},{"@type":"ListItem","position":3,"name":"Atelier &#8211; Le design de service"}]},{"@type":"WebSite","@id":"https:\/\/empow-her.com\/#website","url":"https:\/\/empow-her.com\/","name":"Empow&#039;Her","description":"Women Development","potentialAction":[{"@type":"SearchAction","target":{"@type":"EntryPoint","urlTemplate":"https:\/\/empow-her.com\/?s={search_term_string}"},"query-input":{"@type":"PropertyValueSpecification","valueRequired":true,"valueName":"search_term_string"}}],"inLanguage":"es"}]}},"_links":{"self":[{"href":"https:\/\/empow-her.com\/es\/wp-json\/wp\/v2\/product\/112859","targetHints":{"allow":["GET"]}}],"collection":[{"href":"https:\/\/empow-her.com\/es\/wp-json\/wp\/v2\/product"}],"about":[{"href":"https:\/\/empow-her.com\/es\/wp-json\/wp\/v2\/types\/product"}],"wp:featuredmedia":[{"embeddable":true,"href":"https:\/\/empow-her.com\/es\/wp-json\/wp\/v2\/media\/112873"}],"wp:attachment":[{"href":"https:\/\/empow-her.com\/es\/wp-json\/wp\/v2\/media?parent=112859"}],"wp:term":[{"taxonomy":"product_brand","embeddable":true,"href":"https:\/\/empow-her.com\/es\/wp-json\/wp\/v2\/product_brand?post=112859"},{"taxonomy":"product_cat","embeddable":true,"href":"https:\/\/empow-her.com\/es\/wp-json\/wp\/v2\/product_cat?post=112859"},{"taxonomy":"product_tag","embeddable":true,"href":"https:\/\/empow-her.com\/es\/wp-json\/wp\/v2\/product_tag?post=112859"},{"taxonomy":"lieu","embeddable":true,"href":"https:\/\/empow-her.com\/es\/wp-json\/wp\/v2\/lieu?post=112859"},{"taxonomy":"thematiques","embeddable":true,"href":"https:\/\/empow-her.com\/es\/wp-json\/wp\/v2\/thematiques?post=112859"}],"curies":[{"name":"wp","href":"https:\/\/api.w.org\/{rel}","templated":true}]}}