{"id":112708,"date":"2021-11-12T17:18:18","date_gmt":"2021-11-12T16:18:18","guid":{"rendered":"https:\/\/empow-her.com\/?post_type=product&#038;p=112708"},"modified":"2021-11-12T17:27:13","modified_gmt":"2021-11-12T16:27:13","slug":"atelier-developpement-commercial","status":"publish","type":"product","link":"https:\/\/empow-her.com\/es\/produit\/atelier-developpement-commercial\/","title":{"rendered":"Atelier &#8211; D\u00e9veloppement commercial : la bo\u00eete \u00e0 outils pour se pr\u00e9parer \u00e0 conqu\u00e9rir des clients"},"content":{"rendered":"","protected":false},"excerpt":{"rendered":"<div>\n<div>\n<div>Avant d&#8217;aller \u00e0 la rencontre de vos futurs partenaires et clients : construire son argumentaire de vente, pr\u00e9parer le traitement des objections m\u00eame les plus difficiles pour avoir r\u00e9ponse \u00e0 tout &#8230; Cet atelier vous permet de travailler sur les \u00e9l\u00e9ments cl\u00e9s pour trouver vos partenaires et vos clients. C&#8217;est la pr\u00e9paration indispensable avant vos premiers RDV commerciaux.<\/div>\n<\/div>\n<div><strong>Intervenants<\/strong><\/div>\n<div>\n<div>BBetween<\/div>\n<\/div>\n<div><strong>Description intervenant.e<\/strong><\/div>\n<div>\n<div>Directrice commerciale passionn\u00e9e (depuis plus de 10 ans), M\u00e9lanie aide, avec B.Between, les TPE et PME \u00e0 se d\u00e9velopper commercialement. Leur mission : votre r\u00e9ussite commerciale ! Laurence est passionn\u00e9e de vente. Apr\u00e8s de multiples exp\u00e9riences sur diff\u00e9rents secteurs, du public au priv\u00e9, de la formation au conseil, elle a souhait\u00e9 rejoindre une aventure stimulante pour aider les cr\u00e9ateurs d&#8217;entreprise \u00e0 booster leur entreprise.<\/div>\n<\/div>\n<div><strong>Super pouvoir<\/strong><\/div>\n<div>\n<div>Directrice commerciale passionn\u00e9e (depuis plus de 10 ans), M\u00e9lanie aide, avec B.Between, les TPE et PME \u00e0 se d\u00e9velopper commercialement. Leur mission : votre r\u00e9ussite commerciale ! Laurence est passionn\u00e9e de vente. Apr\u00e8s de multiples exp\u00e9riences sur diff\u00e9rents secteurs, du public au priv\u00e9, de la formation au conseil, elle a souhait\u00e9 rejoindre une aventure stimulante pour aider les cr\u00e9ateurs d&#8217;entreprise \u00e0 booster leur entreprise.<\/div>\n<\/div>\n<\/div>\n<div><\/div>\n<div><\/div>\n<div><b>Lieu : <\/b>Sist&#8217;Her<\/div>\n<div><\/div>\n<p>Ce projet est co-financ\u00e9 par le Fonds Social Europ\u00e9en.<\/p>\n<p><img decoding=\"async\" class=\"\" src=\"https:\/\/www.sep-asso.fr\/wp-content\/uploads\/2018\/02\/logo-union-europeenne.png\" alt=\"logo union europeenne \u2013 SEP\" width=\"87\" height=\"72\" \/>\u00a0\u00a0<img decoding=\"async\" class=\"alignnone wp-image-15218\" src=\"https:\/\/empow-her.com\/wp-content\/uploads\/2021\/06\/logo_fonds_social_europeen-300x187.png\" alt=\"\" width=\"104\" height=\"65\" srcset=\"https:\/\/empow-her.com\/wp-content\/uploads\/2021\/06\/logo_fonds_social_europeen-300x187.png 300w, https:\/\/empow-her.com\/wp-content\/uploads\/2021\/06\/logo_fonds_social_europeen-600x375.png 600w, https:\/\/empow-her.com\/wp-content\/uploads\/2021\/06\/logo_fonds_social_europeen-24x15.png 24w, https:\/\/empow-her.com\/wp-content\/uploads\/2021\/06\/logo_fonds_social_europeen-36x22.png 36w, https:\/\/empow-her.com\/wp-content\/uploads\/2021\/06\/logo_fonds_social_europeen-48x30.png 48w, https:\/\/empow-her.com\/wp-content\/uploads\/2021\/06\/logo_fonds_social_europeen.png 666w\" sizes=\"(max-width: 104px) 100vw, 104px\" \/>\u00a0<img decoding=\"async\" class=\"\" src=\"https:\/\/franceactive-idf.org\/wp-content\/uploads\/2020\/02\/logo-region-ile-de-france.png\" alt=\"Logo Region Ile De France - France Active \u00cele-de-France\" width=\"126\" height=\"29\" \/><\/p>\n","protected":false},"featured_media":112709,"template":"","format":"standard","meta":{"_acf_changed":false,"om_disable_all_campaigns":false,"_uf_show_specific_survey":0,"_uf_disable_surveys":false},"product_brand":[],"product_cat":[118],"product_tag":[],"lieu":[127],"thematiques":[],"class_list":{"0":"post-112708","1":"product","2":"type-product","3":"status-publish","4":"format-standard","5":"has-post-thumbnail","7":"product_cat-atelier-collectif","8":"lieu-hub-empowher","10":"first","11":"instock","12":"virtual","13":"purchasable","14":"product-type-appointment"},"exclude_global_add_ons":[],"addons":[],"acf":[],"yoast_head":"<!-- This site is optimized with the Yoast SEO plugin v24.8 - https:\/\/yoast.com\/wordpress\/plugins\/seo\/ -->\n<title>Atelier - D\u00e9veloppement commercial : la bo\u00eete \u00e0 outils pour se pr\u00e9parer \u00e0 conqu\u00e9rir des clients - Empow&#039;Her<\/title>\n<meta name=\"robots\" content=\"index, follow, max-snippet:-1, max-image-preview:large, max-video-preview:-1\" \/>\n<link rel=\"canonical\" href=\"https:\/\/empow-her.com\/es\/produit\/atelier-developpement-commercial\/\" \/>\n<meta property=\"og:locale\" content=\"es_ES\" \/>\n<meta property=\"og:type\" content=\"article\" \/>\n<meta property=\"og:title\" content=\"Atelier - D\u00e9veloppement commercial : la bo\u00eete \u00e0 outils pour se pr\u00e9parer \u00e0 conqu\u00e9rir des clients - Empow&#039;Her\" \/>\n<meta property=\"og:description\" content=\"Avant d&#039;aller \u00e0 la rencontre de vos futurs partenaires et clients : construire son argumentaire de vente, pr\u00e9parer le traitement des objections m\u00eame les plus difficiles pour avoir r\u00e9ponse \u00e0 tout ... Cet atelier vous permet de travailler sur les \u00e9l\u00e9ments cl\u00e9s pour trouver vos partenaires et vos clients. C&#039;est la pr\u00e9paration indispensable avant vos premiers RDV commerciaux.  Intervenants  BBetween  Description intervenant.e  Directrice commerciale passionn\u00e9e (depuis plus de 10 ans), M\u00e9lanie aide, avec B.Between, les TPE et PME \u00e0 se d\u00e9velopper commercialement. Leur mission : votre r\u00e9ussite commerciale ! Laurence est passionn\u00e9e de vente. Apr\u00e8s de multiples exp\u00e9riences sur diff\u00e9rents secteurs, du public au priv\u00e9, de la formation au conseil, elle a souhait\u00e9 rejoindre une aventure stimulante pour aider les cr\u00e9ateurs d&#039;entreprise \u00e0 booster leur entreprise.  Super pouvoir  Directrice commerciale passionn\u00e9e (depuis plus de 10 ans), M\u00e9lanie aide, avec B.Between, les TPE et PME \u00e0 se d\u00e9velopper commercialement. Leur mission : votre r\u00e9ussite commerciale ! Laurence est passionn\u00e9e de vente. Apr\u00e8s de multiples exp\u00e9riences sur diff\u00e9rents secteurs, du public au priv\u00e9, de la formation au conseil, elle a souhait\u00e9 rejoindre une aventure stimulante pour aider les cr\u00e9ateurs d&#039;entreprise \u00e0 booster leur entreprise.     Lieu : Sist&#039;Her  Ce projet est co-financ\u00e9 par le Fonds Social Europ\u00e9en.  \u00a0\u00a0\u00a0\" \/>\n<meta property=\"og:url\" content=\"https:\/\/empow-her.com\/es\/produit\/atelier-developpement-commercial\/\" \/>\n<meta property=\"og:site_name\" content=\"Empow&#039;Her\" \/>\n<meta property=\"article:modified_time\" content=\"2021-11-12T16:27:13+00:00\" \/>\n<meta property=\"og:image\" content=\"https:\/\/empow-her.com\/wp-content\/uploads\/2021\/11\/TEMPLATES-EVENTS-WOMEN-DARE-AGENDA-13.png\" \/>\n\t<meta property=\"og:image:width\" content=\"1080\" \/>\n\t<meta property=\"og:image:height\" content=\"1080\" \/>\n\t<meta property=\"og:image:type\" content=\"image\/png\" \/>\n<meta name=\"twitter:card\" content=\"summary_large_image\" \/>\n<script type=\"application\/ld+json\" class=\"yoast-schema-graph\">{\"@context\":\"https:\/\/schema.org\",\"@graph\":[{\"@type\":\"WebPage\",\"@id\":\"https:\/\/empow-her.com\/es\/produit\/atelier-developpement-commercial\/\",\"url\":\"https:\/\/empow-her.com\/es\/produit\/atelier-developpement-commercial\/\",\"name\":\"Atelier - D\u00e9veloppement commercial : la bo\u00eete \u00e0 outils pour se pr\u00e9parer \u00e0 conqu\u00e9rir des clients - Empow&#039;Her\",\"isPartOf\":{\"@id\":\"https:\/\/empow-her.com\/#website\"},\"primaryImageOfPage\":{\"@id\":\"https:\/\/empow-her.com\/es\/produit\/atelier-developpement-commercial\/#primaryimage\"},\"image\":{\"@id\":\"https:\/\/empow-her.com\/es\/produit\/atelier-developpement-commercial\/#primaryimage\"},\"thumbnailUrl\":\"https:\/\/empow-her.com\/wp-content\/uploads\/2021\/11\/TEMPLATES-EVENTS-WOMEN-DARE-AGENDA-13.png\",\"datePublished\":\"2021-11-12T16:18:18+00:00\",\"dateModified\":\"2021-11-12T16:27:13+00:00\",\"breadcrumb\":{\"@id\":\"https:\/\/empow-her.com\/es\/produit\/atelier-developpement-commercial\/#breadcrumb\"},\"inLanguage\":\"es\",\"potentialAction\":[{\"@type\":\"ReadAction\",\"target\":[\"https:\/\/empow-her.com\/es\/produit\/atelier-developpement-commercial\/\"]}]},{\"@type\":\"ImageObject\",\"inLanguage\":\"es\",\"@id\":\"https:\/\/empow-her.com\/es\/produit\/atelier-developpement-commercial\/#primaryimage\",\"url\":\"https:\/\/empow-her.com\/wp-content\/uploads\/2021\/11\/TEMPLATES-EVENTS-WOMEN-DARE-AGENDA-13.png\",\"contentUrl\":\"https:\/\/empow-her.com\/wp-content\/uploads\/2021\/11\/TEMPLATES-EVENTS-WOMEN-DARE-AGENDA-13.png\",\"width\":1080,\"height\":1080},{\"@type\":\"BreadcrumbList\",\"@id\":\"https:\/\/empow-her.com\/es\/produit\/atelier-developpement-commercial\/#breadcrumb\",\"itemListElement\":[{\"@type\":\"ListItem\",\"position\":1,\"name\":\"Accueil\",\"item\":\"https:\/\/empow-her.com\/es\/inicio\/\"},{\"@type\":\"ListItem\",\"position\":2,\"name\":\"LA BOUTIQUE\",\"item\":\"https:\/\/empow-her.com\/boutique\/\"},{\"@type\":\"ListItem\",\"position\":3,\"name\":\"Atelier &#8211; D\u00e9veloppement commercial : la bo\u00eete \u00e0 outils pour se pr\u00e9parer \u00e0 conqu\u00e9rir des clients\"}]},{\"@type\":\"WebSite\",\"@id\":\"https:\/\/empow-her.com\/#website\",\"url\":\"https:\/\/empow-her.com\/\",\"name\":\"Empow&#039;Her\",\"description\":\"Women Development\",\"potentialAction\":[{\"@type\":\"SearchAction\",\"target\":{\"@type\":\"EntryPoint\",\"urlTemplate\":\"https:\/\/empow-her.com\/?s={search_term_string}\"},\"query-input\":{\"@type\":\"PropertyValueSpecification\",\"valueRequired\":true,\"valueName\":\"search_term_string\"}}],\"inLanguage\":\"es\"}]}<\/script>\n<!-- \/ Yoast SEO plugin. -->","yoast_head_json":{"title":"Atelier - D\u00e9veloppement commercial : la bo\u00eete \u00e0 outils pour se pr\u00e9parer \u00e0 conqu\u00e9rir des clients - Empow&#039;Her","robots":{"index":"index","follow":"follow","max-snippet":"max-snippet:-1","max-image-preview":"max-image-preview:large","max-video-preview":"max-video-preview:-1"},"canonical":"https:\/\/empow-her.com\/es\/produit\/atelier-developpement-commercial\/","og_locale":"es_ES","og_type":"article","og_title":"Atelier - D\u00e9veloppement commercial : la bo\u00eete \u00e0 outils pour se pr\u00e9parer \u00e0 conqu\u00e9rir des clients - Empow&#039;Her","og_description":"Avant d'aller \u00e0 la rencontre de vos futurs partenaires et clients : construire son argumentaire de vente, pr\u00e9parer le traitement des objections m\u00eame les plus difficiles pour avoir r\u00e9ponse \u00e0 tout ... Cet atelier vous permet de travailler sur les \u00e9l\u00e9ments cl\u00e9s pour trouver vos partenaires et vos clients. C'est la pr\u00e9paration indispensable avant vos premiers RDV commerciaux.  Intervenants  BBetween  Description intervenant.e  Directrice commerciale passionn\u00e9e (depuis plus de 10 ans), M\u00e9lanie aide, avec B.Between, les TPE et PME \u00e0 se d\u00e9velopper commercialement. Leur mission : votre r\u00e9ussite commerciale ! Laurence est passionn\u00e9e de vente. Apr\u00e8s de multiples exp\u00e9riences sur diff\u00e9rents secteurs, du public au priv\u00e9, de la formation au conseil, elle a souhait\u00e9 rejoindre une aventure stimulante pour aider les cr\u00e9ateurs d'entreprise \u00e0 booster leur entreprise.  Super pouvoir  Directrice commerciale passionn\u00e9e (depuis plus de 10 ans), M\u00e9lanie aide, avec B.Between, les TPE et PME \u00e0 se d\u00e9velopper commercialement. Leur mission : votre r\u00e9ussite commerciale ! Laurence est passionn\u00e9e de vente. Apr\u00e8s de multiples exp\u00e9riences sur diff\u00e9rents secteurs, du public au priv\u00e9, de la formation au conseil, elle a souhait\u00e9 rejoindre une aventure stimulante pour aider les cr\u00e9ateurs d'entreprise \u00e0 booster leur entreprise.     Lieu : Sist'Her  Ce projet est co-financ\u00e9 par le Fonds Social Europ\u00e9en.  \u00a0\u00a0\u00a0","og_url":"https:\/\/empow-her.com\/es\/produit\/atelier-developpement-commercial\/","og_site_name":"Empow&#039;Her","article_modified_time":"2021-11-12T16:27:13+00:00","og_image":[{"width":1080,"height":1080,"url":"https:\/\/empow-her.com\/wp-content\/uploads\/2021\/11\/TEMPLATES-EVENTS-WOMEN-DARE-AGENDA-13.png","type":"image\/png"}],"twitter_card":"summary_large_image","schema":{"@context":"https:\/\/schema.org","@graph":[{"@type":"WebPage","@id":"https:\/\/empow-her.com\/es\/produit\/atelier-developpement-commercial\/","url":"https:\/\/empow-her.com\/es\/produit\/atelier-developpement-commercial\/","name":"Atelier - D\u00e9veloppement commercial : la bo\u00eete \u00e0 outils pour se pr\u00e9parer \u00e0 conqu\u00e9rir des clients - Empow&#039;Her","isPartOf":{"@id":"https:\/\/empow-her.com\/#website"},"primaryImageOfPage":{"@id":"https:\/\/empow-her.com\/es\/produit\/atelier-developpement-commercial\/#primaryimage"},"image":{"@id":"https:\/\/empow-her.com\/es\/produit\/atelier-developpement-commercial\/#primaryimage"},"thumbnailUrl":"https:\/\/empow-her.com\/wp-content\/uploads\/2021\/11\/TEMPLATES-EVENTS-WOMEN-DARE-AGENDA-13.png","datePublished":"2021-11-12T16:18:18+00:00","dateModified":"2021-11-12T16:27:13+00:00","breadcrumb":{"@id":"https:\/\/empow-her.com\/es\/produit\/atelier-developpement-commercial\/#breadcrumb"},"inLanguage":"es","potentialAction":[{"@type":"ReadAction","target":["https:\/\/empow-her.com\/es\/produit\/atelier-developpement-commercial\/"]}]},{"@type":"ImageObject","inLanguage":"es","@id":"https:\/\/empow-her.com\/es\/produit\/atelier-developpement-commercial\/#primaryimage","url":"https:\/\/empow-her.com\/wp-content\/uploads\/2021\/11\/TEMPLATES-EVENTS-WOMEN-DARE-AGENDA-13.png","contentUrl":"https:\/\/empow-her.com\/wp-content\/uploads\/2021\/11\/TEMPLATES-EVENTS-WOMEN-DARE-AGENDA-13.png","width":1080,"height":1080},{"@type":"BreadcrumbList","@id":"https:\/\/empow-her.com\/es\/produit\/atelier-developpement-commercial\/#breadcrumb","itemListElement":[{"@type":"ListItem","position":1,"name":"Accueil","item":"https:\/\/empow-her.com\/es\/inicio\/"},{"@type":"ListItem","position":2,"name":"LA BOUTIQUE","item":"https:\/\/empow-her.com\/boutique\/"},{"@type":"ListItem","position":3,"name":"Atelier &#8211; D\u00e9veloppement commercial : la bo\u00eete \u00e0 outils pour se pr\u00e9parer \u00e0 conqu\u00e9rir des clients"}]},{"@type":"WebSite","@id":"https:\/\/empow-her.com\/#website","url":"https:\/\/empow-her.com\/","name":"Empow&#039;Her","description":"Women Development","potentialAction":[{"@type":"SearchAction","target":{"@type":"EntryPoint","urlTemplate":"https:\/\/empow-her.com\/?s={search_term_string}"},"query-input":{"@type":"PropertyValueSpecification","valueRequired":true,"valueName":"search_term_string"}}],"inLanguage":"es"}]}},"_links":{"self":[{"href":"https:\/\/empow-her.com\/es\/wp-json\/wp\/v2\/product\/112708","targetHints":{"allow":["GET"]}}],"collection":[{"href":"https:\/\/empow-her.com\/es\/wp-json\/wp\/v2\/product"}],"about":[{"href":"https:\/\/empow-her.com\/es\/wp-json\/wp\/v2\/types\/product"}],"wp:featuredmedia":[{"embeddable":true,"href":"https:\/\/empow-her.com\/es\/wp-json\/wp\/v2\/media\/112709"}],"wp:attachment":[{"href":"https:\/\/empow-her.com\/es\/wp-json\/wp\/v2\/media?parent=112708"}],"wp:term":[{"taxonomy":"product_brand","embeddable":true,"href":"https:\/\/empow-her.com\/es\/wp-json\/wp\/v2\/product_brand?post=112708"},{"taxonomy":"product_cat","embeddable":true,"href":"https:\/\/empow-her.com\/es\/wp-json\/wp\/v2\/product_cat?post=112708"},{"taxonomy":"product_tag","embeddable":true,"href":"https:\/\/empow-her.com\/es\/wp-json\/wp\/v2\/product_tag?post=112708"},{"taxonomy":"lieu","embeddable":true,"href":"https:\/\/empow-her.com\/es\/wp-json\/wp\/v2\/lieu?post=112708"},{"taxonomy":"thematiques","embeddable":true,"href":"https:\/\/empow-her.com\/es\/wp-json\/wp\/v2\/thematiques?post=112708"}],"curies":[{"name":"wp","href":"https:\/\/api.w.org\/{rel}","templated":true}]}}