{"id":112703,"date":"2021-11-12T17:07:01","date_gmt":"2021-11-12T16:07:01","guid":{"rendered":"https:\/\/empow-her.com\/?post_type=product&#038;p=112703"},"modified":"2021-12-01T16:17:34","modified_gmt":"2021-12-01T15:17:34","slug":"coaching-comment-bien-choisir-ses-partenaires-et-ou-fournisseurs","status":"publish","type":"product","link":"https:\/\/empow-her.com\/es\/produit\/coaching-comment-bien-choisir-ses-partenaires-et-ou-fournisseurs\/","title":{"rendered":"Coaching &#8211; Comment bien choisir ses partenaires et\/ou fournisseurs"},"content":{"rendered":"","protected":false},"excerpt":{"rendered":"<div>Rencontrez des expert.e.s KPMG pour un coaching individuel sur les crit\u00e8res de s\u00e9lection \u00e0 prendre en compte dans le choix de vos partenaires et\/ou fournisseurs! En phase avec vos valeurs, avec les mat\u00e9riaux que vous souhaitez valoriser, conforme \u00e0 la vision de votre projet? Pour donner du sens et de la transparence \u00e0 votre projet, il est important de bien choisir avec qui l&#8217;on associe.<\/div>\n<div>Vous aborderez \u00e9galement le filtrage des fournisseurs et partenaires selon des crit\u00e8res RSE de plus en plus exig\u00e9s ainsi qu&#8217;au regard des normes de s\u00e9curit\u00e9 informatique et de protection des donn\u00e9es.<\/div>\n<div><\/div>\n<div><\/div>\n<div>\n<div><strong>Intervenant.e.s<\/strong><\/div>\n<div>\n<div>KPMG<\/div>\n<\/div>\n<\/div>\n<div><\/div>\n<p><strong>En ligne<\/strong><\/p>\n<p>&nbsp;<\/p>\n<p>&nbsp;<\/p>\n<p><strong>Dur\u00e9e<\/strong> : U<span data-sheets-value=\"{&quot;1&quot;:2,&quot;2&quot;:&quot;Permanence de 4h avec un cr\u00e9neau de 1h par participante (+ 15 minutes entre chaque)&quot;}\" data-sheets-userformat=\"{&quot;2&quot;:7167,&quot;3&quot;:{&quot;1&quot;:0},&quot;4&quot;:{&quot;1&quot;:2,&quot;2&quot;:16777215},&quot;5&quot;:{&quot;1&quot;:[{&quot;1&quot;:2,&quot;2&quot;:0,&quot;5&quot;:{&quot;1&quot;:2,&quot;2&quot;:0}},{&quot;1&quot;:0,&quot;2&quot;:0,&quot;3&quot;:3},{&quot;1&quot;:1,&quot;2&quot;:0,&quot;4&quot;:1}]},&quot;6&quot;:{&quot;1&quot;:[{&quot;1&quot;:2,&quot;2&quot;:0,&quot;5&quot;:{&quot;1&quot;:2,&quot;2&quot;:0}},{&quot;1&quot;:0,&quot;2&quot;:0,&quot;3&quot;:3},{&quot;1&quot;:1,&quot;2&quot;:0,&quot;4&quot;:1}]},&quot;7&quot;:{&quot;1&quot;:[{&quot;1&quot;:2,&quot;2&quot;:0,&quot;5&quot;:{&quot;1&quot;:2,&quot;2&quot;:0}},{&quot;1&quot;:0,&quot;2&quot;:0,&quot;3&quot;:3},{&quot;1&quot;:1,&quot;2&quot;:0,&quot;4&quot;:1}]},&quot;8&quot;:{&quot;1&quot;:[{&quot;1&quot;:2,&quot;2&quot;:0,&quot;5&quot;:{&quot;1&quot;:2,&quot;2&quot;:0}},{&quot;1&quot;:0,&quot;2&quot;:0,&quot;3&quot;:3},{&quot;1&quot;:1,&quot;2&quot;:0,&quot;4&quot;:1}]},&quot;9&quot;:0,&quot;10&quot;:1,&quot;11&quot;:4,&quot;12&quot;:0,&quot;14&quot;:{&quot;1&quot;:2,&quot;2&quot;:0},&quot;15&quot;:&quot;Calibri&quot;}\">n cr\u00e9neau de 1h par participante<\/span><\/p>\n<p>&nbsp;<\/p>\n<p>Ce projet est co-financ\u00e9 par le Fonds Social Europ\u00e9en.<\/p>\n<p><img decoding=\"async\" class=\"alignnone size-medium wp-image-15794\" src=\"https:\/\/empow-her.com\/wp-content\/uploads\/2021\/07\/fse-logos-1-300x54.png\" alt=\"\" width=\"300\" height=\"54\" srcset=\"https:\/\/empow-her.com\/wp-content\/uploads\/2021\/07\/fse-logos-1-300x54.png 300w, https:\/\/empow-her.com\/wp-content\/uploads\/2021\/07\/fse-logos-1-600x108.png 600w, https:\/\/empow-her.com\/wp-content\/uploads\/2021\/07\/fse-logos-1-1024x184.png 1024w, https:\/\/empow-her.com\/wp-content\/uploads\/2021\/07\/fse-logos-1-768x138.png 768w, https:\/\/empow-her.com\/wp-content\/uploads\/2021\/07\/fse-logos-1-1536x275.png 1536w, https:\/\/empow-her.com\/wp-content\/uploads\/2021\/07\/fse-logos-1-2048x367.png 2048w, https:\/\/empow-her.com\/wp-content\/uploads\/2021\/07\/fse-logos-1-24x4.png 24w, https:\/\/empow-her.com\/wp-content\/uploads\/2021\/07\/fse-logos-1-36x6.png 36w, https:\/\/empow-her.com\/wp-content\/uploads\/2021\/07\/fse-logos-1-48x9.png 48w\" sizes=\"(max-width: 300px) 100vw, 300px\" \/><\/p>\n","protected":false},"featured_media":113623,"template":"","format":"standard","meta":{"_acf_changed":false,"om_disable_all_campaigns":false,"_uf_show_specific_survey":0,"_uf_disable_surveys":false},"product_brand":[],"product_cat":[121],"product_tag":[],"lieu":[125],"thematiques":[],"class_list":{"0":"post-112703","1":"product","2":"type-product","3":"status-publish","4":"format-standard","5":"has-post-thumbnail","7":"product_cat-coaching","8":"lieu-en-ligne","10":"first","11":"instock","12":"virtual","13":"purchasable","14":"product-type-appointment"},"exclude_global_add_ons":[],"addons":[],"acf":[],"yoast_head":"<!-- This site is optimized with the Yoast SEO plugin v24.8 - https:\/\/yoast.com\/wordpress\/plugins\/seo\/ -->\n<title>Coaching - Comment bien choisir ses partenaires et\/ou fournisseurs - Empow&#039;Her<\/title>\n<meta name=\"robots\" content=\"index, follow, max-snippet:-1, max-image-preview:large, max-video-preview:-1\" \/>\n<link rel=\"canonical\" href=\"https:\/\/empow-her.com\/es\/produit\/coaching-comment-bien-choisir-ses-partenaires-et-ou-fournisseurs\/\" \/>\n<meta property=\"og:locale\" content=\"es_ES\" \/>\n<meta property=\"og:type\" content=\"article\" \/>\n<meta property=\"og:title\" content=\"Coaching - Comment bien choisir ses partenaires et\/ou fournisseurs - Empow&#039;Her\" \/>\n<meta property=\"og:description\" content=\"Rencontrez des expert.e.s KPMG pour un coaching individuel sur les crit\u00e8res de s\u00e9lection \u00e0 prendre en compte dans le choix de vos partenaires et\/ou fournisseurs! En phase avec vos valeurs, avec les mat\u00e9riaux que vous souhaitez valoriser, conforme \u00e0 la vision de votre projet? Pour donner du sens et de la transparence \u00e0 votre projet, il est important de bien choisir avec qui l&#039;on associe. Vous aborderez \u00e9galement le filtrage des fournisseurs et partenaires selon des crit\u00e8res RSE de plus en plus exig\u00e9s ainsi qu&#039;au regard des normes de s\u00e9curit\u00e9 informatique et de protection des donn\u00e9es.    Intervenant.e.s  KPMG    En ligne  &nbsp;  &nbsp;  Dur\u00e9e : Un cr\u00e9neau de 1h par participante  &nbsp;  Ce projet est co-financ\u00e9 par le Fonds Social Europ\u00e9en.\" \/>\n<meta property=\"og:url\" content=\"https:\/\/empow-her.com\/es\/produit\/coaching-comment-bien-choisir-ses-partenaires-et-ou-fournisseurs\/\" \/>\n<meta property=\"og:site_name\" content=\"Empow&#039;Her\" \/>\n<meta property=\"article:modified_time\" content=\"2021-12-01T15:17:34+00:00\" \/>\n<meta property=\"og:image\" content=\"https:\/\/empow-her.com\/wp-content\/uploads\/2021\/11\/TEMPLATES-EVENTS-WOMEN-DARE-3-1.png\" \/>\n\t<meta property=\"og:image:width\" content=\"1080\" \/>\n\t<meta property=\"og:image:height\" content=\"1080\" \/>\n\t<meta property=\"og:image:type\" content=\"image\/png\" \/>\n<meta name=\"twitter:card\" content=\"summary_large_image\" \/>\n<script type=\"application\/ld+json\" class=\"yoast-schema-graph\">{\"@context\":\"https:\/\/schema.org\",\"@graph\":[{\"@type\":\"WebPage\",\"@id\":\"https:\/\/empow-her.com\/es\/produit\/coaching-comment-bien-choisir-ses-partenaires-et-ou-fournisseurs\/\",\"url\":\"https:\/\/empow-her.com\/es\/produit\/coaching-comment-bien-choisir-ses-partenaires-et-ou-fournisseurs\/\",\"name\":\"Coaching - Comment bien choisir ses partenaires et\/ou fournisseurs - Empow&#039;Her\",\"isPartOf\":{\"@id\":\"https:\/\/empow-her.com\/#website\"},\"primaryImageOfPage\":{\"@id\":\"https:\/\/empow-her.com\/es\/produit\/coaching-comment-bien-choisir-ses-partenaires-et-ou-fournisseurs\/#primaryimage\"},\"image\":{\"@id\":\"https:\/\/empow-her.com\/es\/produit\/coaching-comment-bien-choisir-ses-partenaires-et-ou-fournisseurs\/#primaryimage\"},\"thumbnailUrl\":\"https:\/\/empow-her.com\/wp-content\/uploads\/2021\/11\/TEMPLATES-EVENTS-WOMEN-DARE-3-1.png\",\"datePublished\":\"2021-11-12T16:07:01+00:00\",\"dateModified\":\"2021-12-01T15:17:34+00:00\",\"breadcrumb\":{\"@id\":\"https:\/\/empow-her.com\/es\/produit\/coaching-comment-bien-choisir-ses-partenaires-et-ou-fournisseurs\/#breadcrumb\"},\"inLanguage\":\"es\",\"potentialAction\":[{\"@type\":\"ReadAction\",\"target\":[\"https:\/\/empow-her.com\/es\/produit\/coaching-comment-bien-choisir-ses-partenaires-et-ou-fournisseurs\/\"]}]},{\"@type\":\"ImageObject\",\"inLanguage\":\"es\",\"@id\":\"https:\/\/empow-her.com\/es\/produit\/coaching-comment-bien-choisir-ses-partenaires-et-ou-fournisseurs\/#primaryimage\",\"url\":\"https:\/\/empow-her.com\/wp-content\/uploads\/2021\/11\/TEMPLATES-EVENTS-WOMEN-DARE-3-1.png\",\"contentUrl\":\"https:\/\/empow-her.com\/wp-content\/uploads\/2021\/11\/TEMPLATES-EVENTS-WOMEN-DARE-3-1.png\",\"width\":1080,\"height\":1080},{\"@type\":\"BreadcrumbList\",\"@id\":\"https:\/\/empow-her.com\/es\/produit\/coaching-comment-bien-choisir-ses-partenaires-et-ou-fournisseurs\/#breadcrumb\",\"itemListElement\":[{\"@type\":\"ListItem\",\"position\":1,\"name\":\"Accueil\",\"item\":\"https:\/\/empow-her.com\/es\/inicio\/\"},{\"@type\":\"ListItem\",\"position\":2,\"name\":\"LA BOUTIQUE\",\"item\":\"https:\/\/empow-her.com\/boutique\/\"},{\"@type\":\"ListItem\",\"position\":3,\"name\":\"Coaching &#8211; Comment bien choisir ses partenaires et\/ou fournisseurs\"}]},{\"@type\":\"WebSite\",\"@id\":\"https:\/\/empow-her.com\/#website\",\"url\":\"https:\/\/empow-her.com\/\",\"name\":\"Empow&#039;Her\",\"description\":\"Women Development\",\"potentialAction\":[{\"@type\":\"SearchAction\",\"target\":{\"@type\":\"EntryPoint\",\"urlTemplate\":\"https:\/\/empow-her.com\/?s={search_term_string}\"},\"query-input\":{\"@type\":\"PropertyValueSpecification\",\"valueRequired\":true,\"valueName\":\"search_term_string\"}}],\"inLanguage\":\"es\"}]}<\/script>\n<!-- \/ Yoast SEO plugin. -->","yoast_head_json":{"title":"Coaching - Comment bien choisir ses partenaires et\/ou fournisseurs - Empow&#039;Her","robots":{"index":"index","follow":"follow","max-snippet":"max-snippet:-1","max-image-preview":"max-image-preview:large","max-video-preview":"max-video-preview:-1"},"canonical":"https:\/\/empow-her.com\/es\/produit\/coaching-comment-bien-choisir-ses-partenaires-et-ou-fournisseurs\/","og_locale":"es_ES","og_type":"article","og_title":"Coaching - Comment bien choisir ses partenaires et\/ou fournisseurs - Empow&#039;Her","og_description":"Rencontrez des expert.e.s KPMG pour un coaching individuel sur les crit\u00e8res de s\u00e9lection \u00e0 prendre en compte dans le choix de vos partenaires et\/ou fournisseurs! En phase avec vos valeurs, avec les mat\u00e9riaux que vous souhaitez valoriser, conforme \u00e0 la vision de votre projet? Pour donner du sens et de la transparence \u00e0 votre projet, il est important de bien choisir avec qui l'on associe. Vous aborderez \u00e9galement le filtrage des fournisseurs et partenaires selon des crit\u00e8res RSE de plus en plus exig\u00e9s ainsi qu'au regard des normes de s\u00e9curit\u00e9 informatique et de protection des donn\u00e9es.    Intervenant.e.s  KPMG    En ligne  &nbsp;  &nbsp;  Dur\u00e9e : Un cr\u00e9neau de 1h par participante  &nbsp;  Ce projet est co-financ\u00e9 par le Fonds Social Europ\u00e9en.","og_url":"https:\/\/empow-her.com\/es\/produit\/coaching-comment-bien-choisir-ses-partenaires-et-ou-fournisseurs\/","og_site_name":"Empow&#039;Her","article_modified_time":"2021-12-01T15:17:34+00:00","og_image":[{"width":1080,"height":1080,"url":"https:\/\/empow-her.com\/wp-content\/uploads\/2021\/11\/TEMPLATES-EVENTS-WOMEN-DARE-3-1.png","type":"image\/png"}],"twitter_card":"summary_large_image","schema":{"@context":"https:\/\/schema.org","@graph":[{"@type":"WebPage","@id":"https:\/\/empow-her.com\/es\/produit\/coaching-comment-bien-choisir-ses-partenaires-et-ou-fournisseurs\/","url":"https:\/\/empow-her.com\/es\/produit\/coaching-comment-bien-choisir-ses-partenaires-et-ou-fournisseurs\/","name":"Coaching - Comment bien choisir ses partenaires et\/ou fournisseurs - Empow&#039;Her","isPartOf":{"@id":"https:\/\/empow-her.com\/#website"},"primaryImageOfPage":{"@id":"https:\/\/empow-her.com\/es\/produit\/coaching-comment-bien-choisir-ses-partenaires-et-ou-fournisseurs\/#primaryimage"},"image":{"@id":"https:\/\/empow-her.com\/es\/produit\/coaching-comment-bien-choisir-ses-partenaires-et-ou-fournisseurs\/#primaryimage"},"thumbnailUrl":"https:\/\/empow-her.com\/wp-content\/uploads\/2021\/11\/TEMPLATES-EVENTS-WOMEN-DARE-3-1.png","datePublished":"2021-11-12T16:07:01+00:00","dateModified":"2021-12-01T15:17:34+00:00","breadcrumb":{"@id":"https:\/\/empow-her.com\/es\/produit\/coaching-comment-bien-choisir-ses-partenaires-et-ou-fournisseurs\/#breadcrumb"},"inLanguage":"es","potentialAction":[{"@type":"ReadAction","target":["https:\/\/empow-her.com\/es\/produit\/coaching-comment-bien-choisir-ses-partenaires-et-ou-fournisseurs\/"]}]},{"@type":"ImageObject","inLanguage":"es","@id":"https:\/\/empow-her.com\/es\/produit\/coaching-comment-bien-choisir-ses-partenaires-et-ou-fournisseurs\/#primaryimage","url":"https:\/\/empow-her.com\/wp-content\/uploads\/2021\/11\/TEMPLATES-EVENTS-WOMEN-DARE-3-1.png","contentUrl":"https:\/\/empow-her.com\/wp-content\/uploads\/2021\/11\/TEMPLATES-EVENTS-WOMEN-DARE-3-1.png","width":1080,"height":1080},{"@type":"BreadcrumbList","@id":"https:\/\/empow-her.com\/es\/produit\/coaching-comment-bien-choisir-ses-partenaires-et-ou-fournisseurs\/#breadcrumb","itemListElement":[{"@type":"ListItem","position":1,"name":"Accueil","item":"https:\/\/empow-her.com\/es\/inicio\/"},{"@type":"ListItem","position":2,"name":"LA BOUTIQUE","item":"https:\/\/empow-her.com\/boutique\/"},{"@type":"ListItem","position":3,"name":"Coaching &#8211; Comment bien choisir ses partenaires et\/ou fournisseurs"}]},{"@type":"WebSite","@id":"https:\/\/empow-her.com\/#website","url":"https:\/\/empow-her.com\/","name":"Empow&#039;Her","description":"Women Development","potentialAction":[{"@type":"SearchAction","target":{"@type":"EntryPoint","urlTemplate":"https:\/\/empow-her.com\/?s={search_term_string}"},"query-input":{"@type":"PropertyValueSpecification","valueRequired":true,"valueName":"search_term_string"}}],"inLanguage":"es"}]}},"_links":{"self":[{"href":"https:\/\/empow-her.com\/es\/wp-json\/wp\/v2\/product\/112703","targetHints":{"allow":["GET"]}}],"collection":[{"href":"https:\/\/empow-her.com\/es\/wp-json\/wp\/v2\/product"}],"about":[{"href":"https:\/\/empow-her.com\/es\/wp-json\/wp\/v2\/types\/product"}],"wp:featuredmedia":[{"embeddable":true,"href":"https:\/\/empow-her.com\/es\/wp-json\/wp\/v2\/media\/113623"}],"wp:attachment":[{"href":"https:\/\/empow-her.com\/es\/wp-json\/wp\/v2\/media?parent=112703"}],"wp:term":[{"taxonomy":"product_brand","embeddable":true,"href":"https:\/\/empow-her.com\/es\/wp-json\/wp\/v2\/product_brand?post=112703"},{"taxonomy":"product_cat","embeddable":true,"href":"https:\/\/empow-her.com\/es\/wp-json\/wp\/v2\/product_cat?post=112703"},{"taxonomy":"product_tag","embeddable":true,"href":"https:\/\/empow-her.com\/es\/wp-json\/wp\/v2\/product_tag?post=112703"},{"taxonomy":"lieu","embeddable":true,"href":"https:\/\/empow-her.com\/es\/wp-json\/wp\/v2\/lieu?post=112703"},{"taxonomy":"thematiques","embeddable":true,"href":"https:\/\/empow-her.com\/es\/wp-json\/wp\/v2\/thematiques?post=112703"}],"curies":[{"name":"wp","href":"https:\/\/api.w.org\/{rel}","templated":true}]}}