{"id":112346,"date":"2021-11-05T15:47:46","date_gmt":"2021-11-05T14:47:46","guid":{"rendered":"https:\/\/empow-her.com\/?post_type=product&#038;p=112346"},"modified":"2021-11-08T15:02:21","modified_gmt":"2021-11-08T14:02:21","slug":"atelier-redaction-des-statuts-et-depot-de-marque-30-nov-2","status":"publish","type":"product","link":"https:\/\/empow-her.com\/es\/produit\/atelier-redaction-des-statuts-et-depot-de-marque-30-nov-2\/","title":{"rendered":"Atelier &#8211; R\u00e9daction des statuts &#038; D\u00e9p\u00f4t de marque"},"content":{"rendered":"","protected":false},"excerpt":{"rendered":"<div>\n<div>Un atelier collectif chez Sist&#8217;Her Paris pour se familiariser avec les \u00e9tapes juridiques de la cr\u00e9ation d&#8217;entreprise ! Pendant 2 heures en groupe, vous pourrez d\u00e9couvrir : &#8211; Les grandes familles de statuts juridiques et les modalit\u00e9s pour la r\u00e9daction de vos statuts ; &#8211; Les grandes \u00e9tapes et les choses \u00e0 savoir pour le d\u00e9p\u00f4t de votre marque ! Cet atelier est anim\u00e9 par un\u00b7e avocat\u00b7e du Barreau de Paris, dans le cadre du partenariat en m\u00e9c\u00e9nat de comp\u00e9tences entre Empow&#8217;Her et le Barreau de Paris sur le programme Women Dare. Vous souhaiteriez aborder des sujets particuliers ou avez des questions sp\u00e9cifiques ? Envoyez-les en amont de l&#8217;atelier \u00e0 vos r\u00e9f\u00e9rentes Empow&#8217;Her !<\/div>\n<\/div>\n<p>&nbsp;<\/p>\n<div><strong>Intervenants<\/strong><\/div>\n<div>\n<div>Barreau de Paris<\/div>\n<\/div>\n<p>&nbsp;<\/p>\n<div><strong>Lieu<\/strong><\/div>\n<div>\n<div>Sist&#8217;Her<\/div>\n<\/div>\n<p>&nbsp;<\/p>\n<p>Ce projet est co-financ\u00e9 par le Fonds Social Europ\u00e9en.<\/p>\n<p><img decoding=\"async\" class=\"alignnone size-medium wp-image-15794\" src=\"https:\/\/empow-her.com\/wp-content\/uploads\/2021\/07\/fse-logos-1-300x54.png\" alt=\"\" width=\"300\" height=\"54\" srcset=\"https:\/\/empow-her.com\/wp-content\/uploads\/2021\/07\/fse-logos-1-300x54.png 300w, https:\/\/empow-her.com\/wp-content\/uploads\/2021\/07\/fse-logos-1-600x108.png 600w, https:\/\/empow-her.com\/wp-content\/uploads\/2021\/07\/fse-logos-1-1024x184.png 1024w, https:\/\/empow-her.com\/wp-content\/uploads\/2021\/07\/fse-logos-1-768x138.png 768w, https:\/\/empow-her.com\/wp-content\/uploads\/2021\/07\/fse-logos-1-1536x275.png 1536w, https:\/\/empow-her.com\/wp-content\/uploads\/2021\/07\/fse-logos-1-2048x367.png 2048w, https:\/\/empow-her.com\/wp-content\/uploads\/2021\/07\/fse-logos-1-24x4.png 24w, https:\/\/empow-her.com\/wp-content\/uploads\/2021\/07\/fse-logos-1-36x6.png 36w, https:\/\/empow-her.com\/wp-content\/uploads\/2021\/07\/fse-logos-1-48x9.png 48w\" sizes=\"(max-width: 300px) 100vw, 300px\" \/><\/p>\n","protected":false},"featured_media":112347,"template":"","format":"standard","meta":{"_acf_changed":false,"om_disable_all_campaigns":false,"_uf_show_specific_survey":0,"_uf_disable_surveys":false},"product_brand":[],"product_cat":[118],"product_tag":[],"lieu":[127],"thematiques":[],"class_list":{"0":"post-112346","1":"product","2":"type-product","3":"status-publish","4":"format-standard","5":"has-post-thumbnail","7":"product_cat-atelier-collectif","8":"lieu-hub-empowher","10":"first","11":"instock","12":"virtual","13":"purchasable","14":"product-type-appointment"},"exclude_global_add_ons":[],"addons":[],"acf":[],"yoast_head":"<!-- This site is optimized with the Yoast SEO plugin v24.8 - https:\/\/yoast.com\/wordpress\/plugins\/seo\/ -->\n<title>Atelier - R\u00e9daction des statuts &amp; D\u00e9p\u00f4t de marque - Empow&#039;Her<\/title>\n<meta name=\"robots\" content=\"index, follow, max-snippet:-1, max-image-preview:large, max-video-preview:-1\" \/>\n<link rel=\"canonical\" href=\"https:\/\/empow-her.com\/es\/produit\/atelier-redaction-des-statuts-et-depot-de-marque-30-nov-2\/\" \/>\n<meta property=\"og:locale\" content=\"es_ES\" \/>\n<meta property=\"og:type\" content=\"article\" \/>\n<meta property=\"og:title\" content=\"Atelier - R\u00e9daction des statuts &amp; D\u00e9p\u00f4t de marque - Empow&#039;Her\" \/>\n<meta property=\"og:description\" content=\"Un atelier collectif chez Sist&#039;Her Paris pour se familiariser avec les \u00e9tapes juridiques de la cr\u00e9ation d&#039;entreprise ! Pendant 2 heures en groupe, vous pourrez d\u00e9couvrir : - Les grandes familles de statuts juridiques et les modalit\u00e9s pour la r\u00e9daction de vos statuts ; - Les grandes \u00e9tapes et les choses \u00e0 savoir pour le d\u00e9p\u00f4t de votre marque ! Cet atelier est anim\u00e9 par un\u00b7e avocat\u00b7e du Barreau de Paris, dans le cadre du partenariat en m\u00e9c\u00e9nat de comp\u00e9tences entre Empow&#039;Her et le Barreau de Paris sur le programme Women Dare. Vous souhaiteriez aborder des sujets particuliers ou avez des questions sp\u00e9cifiques ? Envoyez-les en amont de l&#039;atelier \u00e0 vos r\u00e9f\u00e9rentes Empow&#039;Her !  &nbsp; Intervenants  Barreau de Paris  &nbsp; Lieu  Sist&#039;Her  &nbsp;  Ce projet est co-financ\u00e9 par le Fonds Social Europ\u00e9en.\" \/>\n<meta property=\"og:url\" content=\"https:\/\/empow-her.com\/es\/produit\/atelier-redaction-des-statuts-et-depot-de-marque-30-nov-2\/\" \/>\n<meta property=\"og:site_name\" content=\"Empow&#039;Her\" \/>\n<meta property=\"article:modified_time\" content=\"2021-11-08T14:02:21+00:00\" \/>\n<meta property=\"og:image\" content=\"https:\/\/empow-her.com\/wp-content\/uploads\/2021\/11\/TEMPLATES-EVENTS-WOMEN-DARE-AGENDA-9-1.png\" \/>\n\t<meta property=\"og:image:width\" content=\"1080\" \/>\n\t<meta property=\"og:image:height\" content=\"1080\" \/>\n\t<meta property=\"og:image:type\" content=\"image\/png\" \/>\n<meta name=\"twitter:card\" content=\"summary_large_image\" \/>\n<script type=\"application\/ld+json\" class=\"yoast-schema-graph\">{\"@context\":\"https:\/\/schema.org\",\"@graph\":[{\"@type\":\"WebPage\",\"@id\":\"https:\/\/empow-her.com\/es\/produit\/atelier-redaction-des-statuts-et-depot-de-marque-30-nov-2\/\",\"url\":\"https:\/\/empow-her.com\/es\/produit\/atelier-redaction-des-statuts-et-depot-de-marque-30-nov-2\/\",\"name\":\"Atelier - R\u00e9daction des statuts & D\u00e9p\u00f4t de marque - Empow&#039;Her\",\"isPartOf\":{\"@id\":\"https:\/\/empow-her.com\/#website\"},\"primaryImageOfPage\":{\"@id\":\"https:\/\/empow-her.com\/es\/produit\/atelier-redaction-des-statuts-et-depot-de-marque-30-nov-2\/#primaryimage\"},\"image\":{\"@id\":\"https:\/\/empow-her.com\/es\/produit\/atelier-redaction-des-statuts-et-depot-de-marque-30-nov-2\/#primaryimage\"},\"thumbnailUrl\":\"https:\/\/empow-her.com\/wp-content\/uploads\/2021\/11\/TEMPLATES-EVENTS-WOMEN-DARE-AGENDA-9-1.png\",\"datePublished\":\"2021-11-05T14:47:46+00:00\",\"dateModified\":\"2021-11-08T14:02:21+00:00\",\"breadcrumb\":{\"@id\":\"https:\/\/empow-her.com\/es\/produit\/atelier-redaction-des-statuts-et-depot-de-marque-30-nov-2\/#breadcrumb\"},\"inLanguage\":\"es\",\"potentialAction\":[{\"@type\":\"ReadAction\",\"target\":[\"https:\/\/empow-her.com\/es\/produit\/atelier-redaction-des-statuts-et-depot-de-marque-30-nov-2\/\"]}]},{\"@type\":\"ImageObject\",\"inLanguage\":\"es\",\"@id\":\"https:\/\/empow-her.com\/es\/produit\/atelier-redaction-des-statuts-et-depot-de-marque-30-nov-2\/#primaryimage\",\"url\":\"https:\/\/empow-her.com\/wp-content\/uploads\/2021\/11\/TEMPLATES-EVENTS-WOMEN-DARE-AGENDA-9-1.png\",\"contentUrl\":\"https:\/\/empow-her.com\/wp-content\/uploads\/2021\/11\/TEMPLATES-EVENTS-WOMEN-DARE-AGENDA-9-1.png\",\"width\":1080,\"height\":1080},{\"@type\":\"BreadcrumbList\",\"@id\":\"https:\/\/empow-her.com\/es\/produit\/atelier-redaction-des-statuts-et-depot-de-marque-30-nov-2\/#breadcrumb\",\"itemListElement\":[{\"@type\":\"ListItem\",\"position\":1,\"name\":\"Accueil\",\"item\":\"https:\/\/empow-her.com\/es\/inicio\/\"},{\"@type\":\"ListItem\",\"position\":2,\"name\":\"LA BOUTIQUE\",\"item\":\"https:\/\/empow-her.com\/boutique\/\"},{\"@type\":\"ListItem\",\"position\":3,\"name\":\"Atelier &#8211; R\u00e9daction des statuts &#038; D\u00e9p\u00f4t de marque\"}]},{\"@type\":\"WebSite\",\"@id\":\"https:\/\/empow-her.com\/#website\",\"url\":\"https:\/\/empow-her.com\/\",\"name\":\"Empow&#039;Her\",\"description\":\"Women Development\",\"potentialAction\":[{\"@type\":\"SearchAction\",\"target\":{\"@type\":\"EntryPoint\",\"urlTemplate\":\"https:\/\/empow-her.com\/?s={search_term_string}\"},\"query-input\":{\"@type\":\"PropertyValueSpecification\",\"valueRequired\":true,\"valueName\":\"search_term_string\"}}],\"inLanguage\":\"es\"}]}<\/script>\n<!-- \/ Yoast SEO plugin. -->","yoast_head_json":{"title":"Atelier - R\u00e9daction des statuts & D\u00e9p\u00f4t de marque - Empow&#039;Her","robots":{"index":"index","follow":"follow","max-snippet":"max-snippet:-1","max-image-preview":"max-image-preview:large","max-video-preview":"max-video-preview:-1"},"canonical":"https:\/\/empow-her.com\/es\/produit\/atelier-redaction-des-statuts-et-depot-de-marque-30-nov-2\/","og_locale":"es_ES","og_type":"article","og_title":"Atelier - R\u00e9daction des statuts & D\u00e9p\u00f4t de marque - Empow&#039;Her","og_description":"Un atelier collectif chez Sist'Her Paris pour se familiariser avec les \u00e9tapes juridiques de la cr\u00e9ation d'entreprise ! Pendant 2 heures en groupe, vous pourrez d\u00e9couvrir : - Les grandes familles de statuts juridiques et les modalit\u00e9s pour la r\u00e9daction de vos statuts ; - Les grandes \u00e9tapes et les choses \u00e0 savoir pour le d\u00e9p\u00f4t de votre marque ! Cet atelier est anim\u00e9 par un\u00b7e avocat\u00b7e du Barreau de Paris, dans le cadre du partenariat en m\u00e9c\u00e9nat de comp\u00e9tences entre Empow'Her et le Barreau de Paris sur le programme Women Dare. Vous souhaiteriez aborder des sujets particuliers ou avez des questions sp\u00e9cifiques ? Envoyez-les en amont de l'atelier \u00e0 vos r\u00e9f\u00e9rentes Empow'Her !  &nbsp; Intervenants  Barreau de Paris  &nbsp; Lieu  Sist'Her  &nbsp;  Ce projet est co-financ\u00e9 par le Fonds Social Europ\u00e9en.","og_url":"https:\/\/empow-her.com\/es\/produit\/atelier-redaction-des-statuts-et-depot-de-marque-30-nov-2\/","og_site_name":"Empow&#039;Her","article_modified_time":"2021-11-08T14:02:21+00:00","og_image":[{"width":1080,"height":1080,"url":"https:\/\/empow-her.com\/wp-content\/uploads\/2021\/11\/TEMPLATES-EVENTS-WOMEN-DARE-AGENDA-9-1.png","type":"image\/png"}],"twitter_card":"summary_large_image","schema":{"@context":"https:\/\/schema.org","@graph":[{"@type":"WebPage","@id":"https:\/\/empow-her.com\/es\/produit\/atelier-redaction-des-statuts-et-depot-de-marque-30-nov-2\/","url":"https:\/\/empow-her.com\/es\/produit\/atelier-redaction-des-statuts-et-depot-de-marque-30-nov-2\/","name":"Atelier - R\u00e9daction des statuts & D\u00e9p\u00f4t de marque - Empow&#039;Her","isPartOf":{"@id":"https:\/\/empow-her.com\/#website"},"primaryImageOfPage":{"@id":"https:\/\/empow-her.com\/es\/produit\/atelier-redaction-des-statuts-et-depot-de-marque-30-nov-2\/#primaryimage"},"image":{"@id":"https:\/\/empow-her.com\/es\/produit\/atelier-redaction-des-statuts-et-depot-de-marque-30-nov-2\/#primaryimage"},"thumbnailUrl":"https:\/\/empow-her.com\/wp-content\/uploads\/2021\/11\/TEMPLATES-EVENTS-WOMEN-DARE-AGENDA-9-1.png","datePublished":"2021-11-05T14:47:46+00:00","dateModified":"2021-11-08T14:02:21+00:00","breadcrumb":{"@id":"https:\/\/empow-her.com\/es\/produit\/atelier-redaction-des-statuts-et-depot-de-marque-30-nov-2\/#breadcrumb"},"inLanguage":"es","potentialAction":[{"@type":"ReadAction","target":["https:\/\/empow-her.com\/es\/produit\/atelier-redaction-des-statuts-et-depot-de-marque-30-nov-2\/"]}]},{"@type":"ImageObject","inLanguage":"es","@id":"https:\/\/empow-her.com\/es\/produit\/atelier-redaction-des-statuts-et-depot-de-marque-30-nov-2\/#primaryimage","url":"https:\/\/empow-her.com\/wp-content\/uploads\/2021\/11\/TEMPLATES-EVENTS-WOMEN-DARE-AGENDA-9-1.png","contentUrl":"https:\/\/empow-her.com\/wp-content\/uploads\/2021\/11\/TEMPLATES-EVENTS-WOMEN-DARE-AGENDA-9-1.png","width":1080,"height":1080},{"@type":"BreadcrumbList","@id":"https:\/\/empow-her.com\/es\/produit\/atelier-redaction-des-statuts-et-depot-de-marque-30-nov-2\/#breadcrumb","itemListElement":[{"@type":"ListItem","position":1,"name":"Accueil","item":"https:\/\/empow-her.com\/es\/inicio\/"},{"@type":"ListItem","position":2,"name":"LA BOUTIQUE","item":"https:\/\/empow-her.com\/boutique\/"},{"@type":"ListItem","position":3,"name":"Atelier &#8211; R\u00e9daction des statuts &#038; D\u00e9p\u00f4t de marque"}]},{"@type":"WebSite","@id":"https:\/\/empow-her.com\/#website","url":"https:\/\/empow-her.com\/","name":"Empow&#039;Her","description":"Women Development","potentialAction":[{"@type":"SearchAction","target":{"@type":"EntryPoint","urlTemplate":"https:\/\/empow-her.com\/?s={search_term_string}"},"query-input":{"@type":"PropertyValueSpecification","valueRequired":true,"valueName":"search_term_string"}}],"inLanguage":"es"}]}},"_links":{"self":[{"href":"https:\/\/empow-her.com\/es\/wp-json\/wp\/v2\/product\/112346","targetHints":{"allow":["GET"]}}],"collection":[{"href":"https:\/\/empow-her.com\/es\/wp-json\/wp\/v2\/product"}],"about":[{"href":"https:\/\/empow-her.com\/es\/wp-json\/wp\/v2\/types\/product"}],"wp:featuredmedia":[{"embeddable":true,"href":"https:\/\/empow-her.com\/es\/wp-json\/wp\/v2\/media\/112347"}],"wp:attachment":[{"href":"https:\/\/empow-her.com\/es\/wp-json\/wp\/v2\/media?parent=112346"}],"wp:term":[{"taxonomy":"product_brand","embeddable":true,"href":"https:\/\/empow-her.com\/es\/wp-json\/wp\/v2\/product_brand?post=112346"},{"taxonomy":"product_cat","embeddable":true,"href":"https:\/\/empow-her.com\/es\/wp-json\/wp\/v2\/product_cat?post=112346"},{"taxonomy":"product_tag","embeddable":true,"href":"https:\/\/empow-her.com\/es\/wp-json\/wp\/v2\/product_tag?post=112346"},{"taxonomy":"lieu","embeddable":true,"href":"https:\/\/empow-her.com\/es\/wp-json\/wp\/v2\/lieu?post=112346"},{"taxonomy":"thematiques","embeddable":true,"href":"https:\/\/empow-her.com\/es\/wp-json\/wp\/v2\/thematiques?post=112346"}],"curies":[{"name":"wp","href":"https:\/\/api.w.org\/{rel}","templated":true}]}}