{"id":112320,"date":"2021-11-05T11:54:14","date_gmt":"2021-11-05T10:54:14","guid":{"rendered":"https:\/\/empow-her.com\/?post_type=product&#038;p=112320"},"modified":"2021-11-05T11:59:03","modified_gmt":"2021-11-05T10:59:03","slug":"coaching-comprendre-ses-emotions-pour-les-transformer-en-leviers-d-action-08-dec","status":"publish","type":"product","link":"https:\/\/empow-her.com\/es\/produit\/coaching-comprendre-ses-emotions-pour-les-transformer-en-leviers-d-action-08-dec\/","title":{"rendered":"Coaching &#8211; Comprendre ses \u00e9motions pour les transformer en leviers d&#8217;action"},"content":{"rendered":"","protected":false},"excerpt":{"rendered":"<div>\n<div><\/div>\n<div>\n<div>\n<div>\n<div>Un coaching individuel d&#8217;une heure pour d\u00e9velopper votre posture d&#8217;entrepreneure et faire de vos \u00e9motions une force ! C\u00e9cile Petit, coach en intelligence \u00e9motionnelle, vous aide \u00e0 comprendre vos \u00e9motions et leurs diff\u00e9rentes dimensions afin de mieux les identifier, les exprimer et les ma\u00eetriser tout en composant avec celles des autres. L&#8217;objectif de ce coaching ? Prendre du recul et faire le point avec une professionnelle sur votre \u00e9tat \u00e9motionnel du moment afin qu&#8217;elle vous aide \u00e0 transformer ces \u00e9motions en leviers d&#8217;action<\/div>\n<\/div>\n<div><strong>Intervenants<\/strong><\/div>\n<div>\n<div>C\u00e9cile Petit<\/div>\n<\/div>\n<div><strong>Description intervenant.e<\/strong><\/div>\n<div>\n<div>J&#8217;ai cette intime conviction : une vie professionnelle \u00e9panouissante s&#8217;appuie sur la qualit\u00e9 de notre relation \u00e0 nous-m\u00eames, aux autres et \u00e0 notre travail. J&#8217;ai \u00e0 c\u0153ur d&#8217;aider \u00e0 d\u00e9velopper les ressources et comp\u00e9tences humaines n\u00e9cessaires pour mieux se comprendre, interagir avec les autres et s&#8217;accomplir dans le monde du travail. Coach certifi\u00e9e et psychologue du travail, j&#8217;ai \u00e9galement un parcours de formation initiale en \u00e9cole de commerce et plusieurs ann\u00e9es d&#8217;exp\u00e9rience dans le monde de l&#8217;entreprise en France, au Canada et au Danemark. J&#8217;ai co-fond\u00e9 Bulles avec ma soeur : des espaces-temps de dialogue pour soi et en collectif au coeur de nos vies professionnelles. Nous accompagnons des personnes et des \u00e9quipes \u00e0 avancer avec confiance dans leurs projets et sur leurs situations de travail concr\u00e8tes. J&#8217;ai aussi cr\u00e9e Boost In Progress qui propose des exp\u00e9riences d&#8217;apprentissage pour d\u00e9velopper ses comp\u00e9tences humaines. Dans ce cadre, j&#8217;interviens en tant qu&#8217;enseignante et coach en \u00e9cole de commerce, d&#8217;ing\u00e9nieur et \u00e0 l&#8217;universit\u00e9. Je suis v\u00e9ritablement passionn\u00e9e par les dynamiques humaines au travail et je m&#8217;int\u00e9resse notamment au r\u00f4le des \u00e9motions. Comment faire de toutes nos \u00e9motions des alli\u00e9es au service de notre projet ? C&#8217;est avec joie que je vous accompagnerai sur cette th\u00e9matique !<\/div>\n<\/div>\n<\/div>\n<div><\/div>\n<div><\/div>\n<div><\/div>\n<div><strong>Super pouvoir<\/strong><\/div>\n<div>\n<div>\n<div>Cr\u00e9atrice de relations de confiance avec une touche d&#8217;humour \ud83d\ude42<\/div>\n<\/div>\n<\/div>\n<\/div>\n<\/div>\n<div><\/div>\n<div><\/div>\n<p><strong>En ligne<\/strong><\/p>\n<p>&nbsp;<\/p>\n<p>&nbsp;<\/p>\n<p><strong>Dur\u00e9e<\/strong> : U<span data-sheets-value=\"{&quot;1&quot;:2,&quot;2&quot;:&quot;Permanence de 4h avec un cr\u00e9neau de 1h par participante (+ 15 minutes entre chaque)&quot;}\" data-sheets-userformat=\"{&quot;2&quot;:7167,&quot;3&quot;:{&quot;1&quot;:0},&quot;4&quot;:{&quot;1&quot;:2,&quot;2&quot;:16777215},&quot;5&quot;:{&quot;1&quot;:[{&quot;1&quot;:2,&quot;2&quot;:0,&quot;5&quot;:{&quot;1&quot;:2,&quot;2&quot;:0}},{&quot;1&quot;:0,&quot;2&quot;:0,&quot;3&quot;:3},{&quot;1&quot;:1,&quot;2&quot;:0,&quot;4&quot;:1}]},&quot;6&quot;:{&quot;1&quot;:[{&quot;1&quot;:2,&quot;2&quot;:0,&quot;5&quot;:{&quot;1&quot;:2,&quot;2&quot;:0}},{&quot;1&quot;:0,&quot;2&quot;:0,&quot;3&quot;:3},{&quot;1&quot;:1,&quot;2&quot;:0,&quot;4&quot;:1}]},&quot;7&quot;:{&quot;1&quot;:[{&quot;1&quot;:2,&quot;2&quot;:0,&quot;5&quot;:{&quot;1&quot;:2,&quot;2&quot;:0}},{&quot;1&quot;:0,&quot;2&quot;:0,&quot;3&quot;:3},{&quot;1&quot;:1,&quot;2&quot;:0,&quot;4&quot;:1}]},&quot;8&quot;:{&quot;1&quot;:[{&quot;1&quot;:2,&quot;2&quot;:0,&quot;5&quot;:{&quot;1&quot;:2,&quot;2&quot;:0}},{&quot;1&quot;:0,&quot;2&quot;:0,&quot;3&quot;:3},{&quot;1&quot;:1,&quot;2&quot;:0,&quot;4&quot;:1}]},&quot;9&quot;:0,&quot;10&quot;:1,&quot;11&quot;:4,&quot;12&quot;:0,&quot;14&quot;:{&quot;1&quot;:2,&quot;2&quot;:0},&quot;15&quot;:&quot;Calibri&quot;}\">n cr\u00e9neau de 1h par participante<\/span><\/p>\n<p>&nbsp;<\/p>\n<p>Ce projet est co-financ\u00e9 par le Fonds Social Europ\u00e9en.<\/p>\n<p><img decoding=\"async\" class=\"alignnone size-medium wp-image-15794\" src=\"https:\/\/empow-her.com\/wp-content\/uploads\/2021\/07\/fse-logos-1-300x54.png\" alt=\"\" width=\"300\" height=\"54\" srcset=\"https:\/\/empow-her.com\/wp-content\/uploads\/2021\/07\/fse-logos-1-300x54.png 300w, https:\/\/empow-her.com\/wp-content\/uploads\/2021\/07\/fse-logos-1-600x108.png 600w, https:\/\/empow-her.com\/wp-content\/uploads\/2021\/07\/fse-logos-1-1024x184.png 1024w, https:\/\/empow-her.com\/wp-content\/uploads\/2021\/07\/fse-logos-1-768x138.png 768w, https:\/\/empow-her.com\/wp-content\/uploads\/2021\/07\/fse-logos-1-1536x275.png 1536w, https:\/\/empow-her.com\/wp-content\/uploads\/2021\/07\/fse-logos-1-2048x367.png 2048w, https:\/\/empow-her.com\/wp-content\/uploads\/2021\/07\/fse-logos-1-24x4.png 24w, https:\/\/empow-her.com\/wp-content\/uploads\/2021\/07\/fse-logos-1-36x6.png 36w, https:\/\/empow-her.com\/wp-content\/uploads\/2021\/07\/fse-logos-1-48x9.png 48w\" sizes=\"(max-width: 300px) 100vw, 300px\" \/><\/p>\n","protected":false},"featured_media":112321,"template":"","format":"standard","meta":{"_acf_changed":false,"om_disable_all_campaigns":false,"_uf_show_specific_survey":0,"_uf_disable_surveys":false},"product_brand":[],"product_cat":[121],"product_tag":[],"lieu":[125],"thematiques":[],"class_list":{"0":"post-112320","1":"product","2":"type-product","3":"status-publish","4":"format-standard","5":"has-post-thumbnail","7":"product_cat-coaching","8":"lieu-en-ligne","10":"first","11":"instock","12":"virtual","13":"purchasable","14":"product-type-appointment"},"exclude_global_add_ons":[],"addons":[],"acf":[],"yoast_head":"<!-- This site is optimized with the Yoast SEO plugin v24.8 - https:\/\/yoast.com\/wordpress\/plugins\/seo\/ -->\n<title>Coaching - Comprendre ses \u00e9motions pour les transformer en leviers d&#039;action - Empow&#039;Her<\/title>\n<meta name=\"robots\" content=\"index, follow, max-snippet:-1, max-image-preview:large, max-video-preview:-1\" \/>\n<link rel=\"canonical\" href=\"https:\/\/empow-her.com\/es\/produit\/coaching-comprendre-ses-emotions-pour-les-transformer-en-leviers-d-action-08-dec\/\" \/>\n<meta property=\"og:locale\" content=\"es_ES\" \/>\n<meta property=\"og:type\" content=\"article\" \/>\n<meta property=\"og:title\" content=\"Coaching - Comprendre ses \u00e9motions pour les transformer en leviers d&#039;action - Empow&#039;Her\" \/>\n<meta property=\"og:description\" content=\"Un coaching individuel d&#039;une heure pour d\u00e9velopper votre posture d&#039;entrepreneure et faire de vos \u00e9motions une force ! C\u00e9cile Petit, coach en intelligence \u00e9motionnelle, vous aide \u00e0 comprendre vos \u00e9motions et leurs diff\u00e9rentes dimensions afin de mieux les identifier, les exprimer et les ma\u00eetriser tout en composant avec celles des autres. L&#039;objectif de ce coaching ? Prendre du recul et faire le point avec une professionnelle sur votre \u00e9tat \u00e9motionnel du moment afin qu&#039;elle vous aide \u00e0 transformer ces \u00e9motions en leviers d&#039;action  Intervenants  C\u00e9cile Petit  Description intervenant.e  J&#039;ai cette intime conviction : une vie professionnelle \u00e9panouissante s&#039;appuie sur la qualit\u00e9 de notre relation \u00e0 nous-m\u00eames, aux autres et \u00e0 notre travail. J&#039;ai \u00e0 c\u0153ur d&#039;aider \u00e0 d\u00e9velopper les ressources et comp\u00e9tences humaines n\u00e9cessaires pour mieux se comprendre, interagir avec les autres et s&#039;accomplir dans le monde du travail. Coach certifi\u00e9e et psychologue du travail, j&#039;ai \u00e9galement un parcours de formation initiale en \u00e9cole de commerce et plusieurs ann\u00e9es d&#039;exp\u00e9rience dans le monde de l&#039;entreprise en France, au Canada et au Danemark. J&#039;ai co-fond\u00e9 Bulles avec ma soeur : des espaces-temps de dialogue pour soi et en collectif au coeur de nos vies professionnelles. Nous accompagnons des personnes et des \u00e9quipes \u00e0 avancer avec confiance dans leurs projets et sur leurs situations de travail concr\u00e8tes. J&#039;ai aussi cr\u00e9e Boost In Progress qui propose des exp\u00e9riences d&#039;apprentissage pour d\u00e9velopper ses comp\u00e9tences humaines. Dans ce cadre, j&#039;interviens en tant qu&#039;enseignante et coach en \u00e9cole de commerce, d&#039;ing\u00e9nieur et \u00e0 l&#039;universit\u00e9. Je suis v\u00e9ritablement passionn\u00e9e par les dynamiques humaines au travail et je m&#039;int\u00e9resse notamment au r\u00f4le des \u00e9motions. Comment faire de toutes nos \u00e9motions des alli\u00e9es au service de notre projet ? C&#039;est avec joie que je vous accompagnerai sur cette th\u00e9matique !      Super pouvoir   Cr\u00e9atrice de relations de confiance avec une touche d&#039;humour :)       En ligne  &nbsp;  &nbsp;  Dur\u00e9e : Un cr\u00e9neau de 1h par participante  &nbsp;  Ce projet est co-financ\u00e9 par le Fonds Social Europ\u00e9en.\" \/>\n<meta property=\"og:url\" content=\"https:\/\/empow-her.com\/es\/produit\/coaching-comprendre-ses-emotions-pour-les-transformer-en-leviers-d-action-08-dec\/\" \/>\n<meta property=\"og:site_name\" content=\"Empow&#039;Her\" \/>\n<meta property=\"article:modified_time\" content=\"2021-11-05T10:59:03+00:00\" \/>\n<meta property=\"og:image\" content=\"https:\/\/empow-her.com\/wp-content\/uploads\/2021\/11\/TEMPLATES-EVENTS-WOMEN-DARE-AGENDA-8.png\" \/>\n\t<meta property=\"og:image:width\" content=\"1080\" \/>\n\t<meta property=\"og:image:height\" content=\"1080\" \/>\n\t<meta property=\"og:image:type\" content=\"image\/png\" \/>\n<meta name=\"twitter:card\" content=\"summary_large_image\" \/>\n<script type=\"application\/ld+json\" class=\"yoast-schema-graph\">{\"@context\":\"https:\/\/schema.org\",\"@graph\":[{\"@type\":\"WebPage\",\"@id\":\"https:\/\/empow-her.com\/es\/produit\/coaching-comprendre-ses-emotions-pour-les-transformer-en-leviers-d-action-08-dec\/\",\"url\":\"https:\/\/empow-her.com\/es\/produit\/coaching-comprendre-ses-emotions-pour-les-transformer-en-leviers-d-action-08-dec\/\",\"name\":\"Coaching - Comprendre ses \u00e9motions pour les transformer en leviers d'action - Empow&#039;Her\",\"isPartOf\":{\"@id\":\"https:\/\/empow-her.com\/#website\"},\"primaryImageOfPage\":{\"@id\":\"https:\/\/empow-her.com\/es\/produit\/coaching-comprendre-ses-emotions-pour-les-transformer-en-leviers-d-action-08-dec\/#primaryimage\"},\"image\":{\"@id\":\"https:\/\/empow-her.com\/es\/produit\/coaching-comprendre-ses-emotions-pour-les-transformer-en-leviers-d-action-08-dec\/#primaryimage\"},\"thumbnailUrl\":\"https:\/\/empow-her.com\/wp-content\/uploads\/2021\/11\/TEMPLATES-EVENTS-WOMEN-DARE-AGENDA-8.png\",\"datePublished\":\"2021-11-05T10:54:14+00:00\",\"dateModified\":\"2021-11-05T10:59:03+00:00\",\"breadcrumb\":{\"@id\":\"https:\/\/empow-her.com\/es\/produit\/coaching-comprendre-ses-emotions-pour-les-transformer-en-leviers-d-action-08-dec\/#breadcrumb\"},\"inLanguage\":\"es\",\"potentialAction\":[{\"@type\":\"ReadAction\",\"target\":[\"https:\/\/empow-her.com\/es\/produit\/coaching-comprendre-ses-emotions-pour-les-transformer-en-leviers-d-action-08-dec\/\"]}]},{\"@type\":\"ImageObject\",\"inLanguage\":\"es\",\"@id\":\"https:\/\/empow-her.com\/es\/produit\/coaching-comprendre-ses-emotions-pour-les-transformer-en-leviers-d-action-08-dec\/#primaryimage\",\"url\":\"https:\/\/empow-her.com\/wp-content\/uploads\/2021\/11\/TEMPLATES-EVENTS-WOMEN-DARE-AGENDA-8.png\",\"contentUrl\":\"https:\/\/empow-her.com\/wp-content\/uploads\/2021\/11\/TEMPLATES-EVENTS-WOMEN-DARE-AGENDA-8.png\",\"width\":1080,\"height\":1080},{\"@type\":\"BreadcrumbList\",\"@id\":\"https:\/\/empow-her.com\/es\/produit\/coaching-comprendre-ses-emotions-pour-les-transformer-en-leviers-d-action-08-dec\/#breadcrumb\",\"itemListElement\":[{\"@type\":\"ListItem\",\"position\":1,\"name\":\"Accueil\",\"item\":\"https:\/\/empow-her.com\/es\/inicio\/\"},{\"@type\":\"ListItem\",\"position\":2,\"name\":\"LA BOUTIQUE\",\"item\":\"https:\/\/empow-her.com\/boutique\/\"},{\"@type\":\"ListItem\",\"position\":3,\"name\":\"Coaching &#8211; Comprendre ses \u00e9motions pour les transformer en leviers d&#8217;action\"}]},{\"@type\":\"WebSite\",\"@id\":\"https:\/\/empow-her.com\/#website\",\"url\":\"https:\/\/empow-her.com\/\",\"name\":\"Empow&#039;Her\",\"description\":\"Women Development\",\"potentialAction\":[{\"@type\":\"SearchAction\",\"target\":{\"@type\":\"EntryPoint\",\"urlTemplate\":\"https:\/\/empow-her.com\/?s={search_term_string}\"},\"query-input\":{\"@type\":\"PropertyValueSpecification\",\"valueRequired\":true,\"valueName\":\"search_term_string\"}}],\"inLanguage\":\"es\"}]}<\/script>\n<!-- \/ Yoast SEO plugin. -->","yoast_head_json":{"title":"Coaching - Comprendre ses \u00e9motions pour les transformer en leviers d'action - Empow&#039;Her","robots":{"index":"index","follow":"follow","max-snippet":"max-snippet:-1","max-image-preview":"max-image-preview:large","max-video-preview":"max-video-preview:-1"},"canonical":"https:\/\/empow-her.com\/es\/produit\/coaching-comprendre-ses-emotions-pour-les-transformer-en-leviers-d-action-08-dec\/","og_locale":"es_ES","og_type":"article","og_title":"Coaching - Comprendre ses \u00e9motions pour les transformer en leviers d'action - Empow&#039;Her","og_description":"Un coaching individuel d'une heure pour d\u00e9velopper votre posture d'entrepreneure et faire de vos \u00e9motions une force ! C\u00e9cile Petit, coach en intelligence \u00e9motionnelle, vous aide \u00e0 comprendre vos \u00e9motions et leurs diff\u00e9rentes dimensions afin de mieux les identifier, les exprimer et les ma\u00eetriser tout en composant avec celles des autres. L'objectif de ce coaching ? Prendre du recul et faire le point avec une professionnelle sur votre \u00e9tat \u00e9motionnel du moment afin qu'elle vous aide \u00e0 transformer ces \u00e9motions en leviers d'action  Intervenants  C\u00e9cile Petit  Description intervenant.e  J'ai cette intime conviction : une vie professionnelle \u00e9panouissante s'appuie sur la qualit\u00e9 de notre relation \u00e0 nous-m\u00eames, aux autres et \u00e0 notre travail. J'ai \u00e0 c\u0153ur d'aider \u00e0 d\u00e9velopper les ressources et comp\u00e9tences humaines n\u00e9cessaires pour mieux se comprendre, interagir avec les autres et s'accomplir dans le monde du travail. Coach certifi\u00e9e et psychologue du travail, j'ai \u00e9galement un parcours de formation initiale en \u00e9cole de commerce et plusieurs ann\u00e9es d'exp\u00e9rience dans le monde de l'entreprise en France, au Canada et au Danemark. J'ai co-fond\u00e9 Bulles avec ma soeur : des espaces-temps de dialogue pour soi et en collectif au coeur de nos vies professionnelles. Nous accompagnons des personnes et des \u00e9quipes \u00e0 avancer avec confiance dans leurs projets et sur leurs situations de travail concr\u00e8tes. J'ai aussi cr\u00e9e Boost In Progress qui propose des exp\u00e9riences d'apprentissage pour d\u00e9velopper ses comp\u00e9tences humaines. Dans ce cadre, j'interviens en tant qu'enseignante et coach en \u00e9cole de commerce, d'ing\u00e9nieur et \u00e0 l'universit\u00e9. Je suis v\u00e9ritablement passionn\u00e9e par les dynamiques humaines au travail et je m'int\u00e9resse notamment au r\u00f4le des \u00e9motions. Comment faire de toutes nos \u00e9motions des alli\u00e9es au service de notre projet ? C'est avec joie que je vous accompagnerai sur cette th\u00e9matique !      Super pouvoir   Cr\u00e9atrice de relations de confiance avec une touche d'humour :)       En ligne  &nbsp;  &nbsp;  Dur\u00e9e : Un cr\u00e9neau de 1h par participante  &nbsp;  Ce projet est co-financ\u00e9 par le Fonds Social Europ\u00e9en.","og_url":"https:\/\/empow-her.com\/es\/produit\/coaching-comprendre-ses-emotions-pour-les-transformer-en-leviers-d-action-08-dec\/","og_site_name":"Empow&#039;Her","article_modified_time":"2021-11-05T10:59:03+00:00","og_image":[{"width":1080,"height":1080,"url":"https:\/\/empow-her.com\/wp-content\/uploads\/2021\/11\/TEMPLATES-EVENTS-WOMEN-DARE-AGENDA-8.png","type":"image\/png"}],"twitter_card":"summary_large_image","schema":{"@context":"https:\/\/schema.org","@graph":[{"@type":"WebPage","@id":"https:\/\/empow-her.com\/es\/produit\/coaching-comprendre-ses-emotions-pour-les-transformer-en-leviers-d-action-08-dec\/","url":"https:\/\/empow-her.com\/es\/produit\/coaching-comprendre-ses-emotions-pour-les-transformer-en-leviers-d-action-08-dec\/","name":"Coaching - Comprendre ses \u00e9motions pour les transformer en leviers d'action - Empow&#039;Her","isPartOf":{"@id":"https:\/\/empow-her.com\/#website"},"primaryImageOfPage":{"@id":"https:\/\/empow-her.com\/es\/produit\/coaching-comprendre-ses-emotions-pour-les-transformer-en-leviers-d-action-08-dec\/#primaryimage"},"image":{"@id":"https:\/\/empow-her.com\/es\/produit\/coaching-comprendre-ses-emotions-pour-les-transformer-en-leviers-d-action-08-dec\/#primaryimage"},"thumbnailUrl":"https:\/\/empow-her.com\/wp-content\/uploads\/2021\/11\/TEMPLATES-EVENTS-WOMEN-DARE-AGENDA-8.png","datePublished":"2021-11-05T10:54:14+00:00","dateModified":"2021-11-05T10:59:03+00:00","breadcrumb":{"@id":"https:\/\/empow-her.com\/es\/produit\/coaching-comprendre-ses-emotions-pour-les-transformer-en-leviers-d-action-08-dec\/#breadcrumb"},"inLanguage":"es","potentialAction":[{"@type":"ReadAction","target":["https:\/\/empow-her.com\/es\/produit\/coaching-comprendre-ses-emotions-pour-les-transformer-en-leviers-d-action-08-dec\/"]}]},{"@type":"ImageObject","inLanguage":"es","@id":"https:\/\/empow-her.com\/es\/produit\/coaching-comprendre-ses-emotions-pour-les-transformer-en-leviers-d-action-08-dec\/#primaryimage","url":"https:\/\/empow-her.com\/wp-content\/uploads\/2021\/11\/TEMPLATES-EVENTS-WOMEN-DARE-AGENDA-8.png","contentUrl":"https:\/\/empow-her.com\/wp-content\/uploads\/2021\/11\/TEMPLATES-EVENTS-WOMEN-DARE-AGENDA-8.png","width":1080,"height":1080},{"@type":"BreadcrumbList","@id":"https:\/\/empow-her.com\/es\/produit\/coaching-comprendre-ses-emotions-pour-les-transformer-en-leviers-d-action-08-dec\/#breadcrumb","itemListElement":[{"@type":"ListItem","position":1,"name":"Accueil","item":"https:\/\/empow-her.com\/es\/inicio\/"},{"@type":"ListItem","position":2,"name":"LA BOUTIQUE","item":"https:\/\/empow-her.com\/boutique\/"},{"@type":"ListItem","position":3,"name":"Coaching &#8211; Comprendre ses \u00e9motions pour les transformer en leviers d&#8217;action"}]},{"@type":"WebSite","@id":"https:\/\/empow-her.com\/#website","url":"https:\/\/empow-her.com\/","name":"Empow&#039;Her","description":"Women Development","potentialAction":[{"@type":"SearchAction","target":{"@type":"EntryPoint","urlTemplate":"https:\/\/empow-her.com\/?s={search_term_string}"},"query-input":{"@type":"PropertyValueSpecification","valueRequired":true,"valueName":"search_term_string"}}],"inLanguage":"es"}]}},"_links":{"self":[{"href":"https:\/\/empow-her.com\/es\/wp-json\/wp\/v2\/product\/112320","targetHints":{"allow":["GET"]}}],"collection":[{"href":"https:\/\/empow-her.com\/es\/wp-json\/wp\/v2\/product"}],"about":[{"href":"https:\/\/empow-her.com\/es\/wp-json\/wp\/v2\/types\/product"}],"wp:featuredmedia":[{"embeddable":true,"href":"https:\/\/empow-her.com\/es\/wp-json\/wp\/v2\/media\/112321"}],"wp:attachment":[{"href":"https:\/\/empow-her.com\/es\/wp-json\/wp\/v2\/media?parent=112320"}],"wp:term":[{"taxonomy":"product_brand","embeddable":true,"href":"https:\/\/empow-her.com\/es\/wp-json\/wp\/v2\/product_brand?post=112320"},{"taxonomy":"product_cat","embeddable":true,"href":"https:\/\/empow-her.com\/es\/wp-json\/wp\/v2\/product_cat?post=112320"},{"taxonomy":"product_tag","embeddable":true,"href":"https:\/\/empow-her.com\/es\/wp-json\/wp\/v2\/product_tag?post=112320"},{"taxonomy":"lieu","embeddable":true,"href":"https:\/\/empow-her.com\/es\/wp-json\/wp\/v2\/lieu?post=112320"},{"taxonomy":"thematiques","embeddable":true,"href":"https:\/\/empow-her.com\/es\/wp-json\/wp\/v2\/thematiques?post=112320"}],"curies":[{"name":"wp","href":"https:\/\/api.w.org\/{rel}","templated":true}]}}