{"id":111680,"date":"2021-10-20T14:15:51","date_gmt":"2021-10-20T12:15:51","guid":{"rendered":"https:\/\/empow-her.com\/?post_type=product&#038;p=111680"},"modified":"2021-12-02T15:18:19","modified_gmt":"2021-12-02T14:18:19","slug":"bootcamp-deux-jours-pour-se-preparer-au-lancement-decembre","status":"publish","type":"product","link":"https:\/\/empow-her.com\/es\/produit\/bootcamp-deux-jours-pour-se-preparer-au-lancement-decembre\/","title":{"rendered":"Bootcamp &#8211; Deux jours pour se pr\u00e9parer au lancement"},"content":{"rendered":"","protected":false},"excerpt":{"rendered":"<p>Vous \u00eates porteuse d\u2019un projet entrepreneurial et souhaitez b\u00e9n\u00e9ficier de conseils pour lancer vos activit\u00e9s avec le bon plan d\u2019action ? Vous souhaitez challenger votre business model, et concr\u00e9tiser vos id\u00e9es autour d\u2019un prototype ? Vous voulez r\u00e9v\u00e9ler l\u2019entrepreneure qui sommeille en vous, apprendre \u00e0 pitcher avec plaisir et prendre confiance en vos forces ? &#x1f4a5; Alors ce bootcamp est fait pour vous ! Car nous croyons \u00e0 la sororit\u00e9, ce bootcamp est organis\u00e9 dans le cadre du programme Women Dare, pour les futures entrepreneures qui changent le monde.<\/p>\n<p>Nous sommes intimement convaincues que chacune porte en elle la force et les clefs pour d\u00e9velopper un projet \u00e0 son image, et qu\u2019il suffit parfois d\u2019une rencontre, d\u2019un r\u00e9seau, d\u2019un d\u00e9clic \u2013 pour se lancer &#x1f64c;<\/p>\n<p>Le bootcamp en r\u00e9sum\u00e9 &#x1f386; Deux jours d\u2019immersion sur un format collectif pour cr\u00e9er de vraies synergies ! Une m\u00e9thodologie innovante, bas\u00e9e sur l\u2019intelligence collective pour favoriser le partage et l\u2019entraide Des outils et des contenus pour faire avancer vos projets, des moments d\u2019\u00e9change entre futures entrepreneures pour se poser les bonnes questions et s\u2019entraider pour y r\u00e9pondre.<\/p>\n<p><strong> Lieu :<\/strong> Sist\u2019Her Paris \u2013 82 rue du Faubourg Saint-Martin, 75010 Paris<\/p>\n<p><strong>Dates et Horaires :<\/strong> Jeudi 09 d\u00e9cembre et Vendredi 10 d\u00e9cembre, de 9h30 \u00e0 17h<\/p>\n<p>&nbsp;<\/p>\n<p><strong>Intervenant\u00b7e\u00b7s<\/strong> :<\/p>\n<p>Marie, fondatrice de l\u2019ESS<\/p>\n<p><strong> Inspirantes :<\/strong><\/p>\n<p>L\u2019int\u00e9r\u00eat g\u00e9n\u00e9ral chevill\u00e9 au corps, Marie est le genre de personne qui n\u2019envisage pas de faire un festival autrement qu\u2019en participant \u00e0 son organisation. Entrepreneure dans l\u2019\u00e2me, Marie n\u2019en est pas \u00e0 sa premi\u00e8re cr\u00e9ation de collectifs. Tr\u00e8s dou\u00e9e pour mettre en valeur le talent des autres, elle s\u2019accompagne d\u2019une \u00e9quipe de choc, pr\u00eate \u00e0 mettre les meilleures pour apporter une solution adapt\u00e9e aux associations.<\/p>\n<p>Marialya, Directrice de l\u2019innovation du 104Factory : Avec 20 ans d\u2019expertise dans la conception et l\u2019animation de formations et d\u2019ateliers collectifs utilisant diff\u00e9rentes m\u00e9thodologies p\u00e9dagogiques (th\u00e9\u00e2tre, improvisation, vid\u00e9o, serious game, co-d\u00e9veloppement, design thinking\u2026), Marialya est aussi entrepreneure, manager\u0355 directrice de projets complexes de transformation\u0355, et pilote l\u2019innovation au CENTQUATRE et son incubateur 104factory\u0358.<\/p>\n<p>&nbsp;<\/p>\n<p>Ce projet est co-financ\u00e9 par le Fonds Social Europ\u00e9en.<\/p>\n<p><img decoding=\"async\" class=\"\" src=\"https:\/\/www.sep-asso.fr\/wp-content\/uploads\/2018\/02\/logo-union-europeenne.png\" alt=\"logo union europeenne \u2013 SEP\" width=\"87\" height=\"72\" \/>\u00a0 <img decoding=\"async\" class=\"alignnone wp-image-15218\" src=\"https:\/\/empow-her.com\/wp-content\/uploads\/2021\/06\/logo_fonds_social_europeen-300x187.png\" alt=\"\" width=\"104\" height=\"65\" srcset=\"https:\/\/empow-her.com\/wp-content\/uploads\/2021\/06\/logo_fonds_social_europeen-300x187.png 300w, https:\/\/empow-her.com\/wp-content\/uploads\/2021\/06\/logo_fonds_social_europeen-600x375.png 600w, https:\/\/empow-her.com\/wp-content\/uploads\/2021\/06\/logo_fonds_social_europeen-24x15.png 24w, https:\/\/empow-her.com\/wp-content\/uploads\/2021\/06\/logo_fonds_social_europeen-36x22.png 36w, https:\/\/empow-her.com\/wp-content\/uploads\/2021\/06\/logo_fonds_social_europeen-48x30.png 48w, https:\/\/empow-her.com\/wp-content\/uploads\/2021\/06\/logo_fonds_social_europeen.png 666w\" sizes=\"(max-width: 104px) 100vw, 104px\" \/> <img decoding=\"async\" class=\"\" src=\"https:\/\/franceactive-idf.org\/wp-content\/uploads\/2020\/02\/logo-region-ile-de-france.png\" alt=\"Logo Region Ile De France - France Active \u00cele-de-France\" width=\"126\" height=\"29\" \/><\/p>\n","protected":false},"featured_media":111681,"template":"","format":"standard","meta":{"_acf_changed":false,"om_disable_all_campaigns":false,"_uf_show_specific_survey":0,"_uf_disable_surveys":false},"product_brand":[],"product_cat":[122],"product_tag":[],"lieu":[127],"thematiques":[],"class_list":{"0":"post-111680","1":"product","2":"type-product","3":"status-publish","4":"format-standard","5":"has-post-thumbnail","7":"product_cat-bootcamp","8":"lieu-hub-empowher","10":"first","11":"instock","12":"virtual","13":"purchasable","14":"product-type-appointment"},"exclude_global_add_ons":[],"addons":[],"acf":[],"yoast_head":"<!-- This site is optimized with the Yoast SEO plugin v24.8 - https:\/\/yoast.com\/wordpress\/plugins\/seo\/ -->\n<title>Bootcamp - Deux jours pour se pr\u00e9parer au lancement - Empow&#039;Her<\/title>\n<meta name=\"robots\" content=\"index, follow, max-snippet:-1, max-image-preview:large, max-video-preview:-1\" \/>\n<link rel=\"canonical\" href=\"https:\/\/empow-her.com\/es\/produit\/bootcamp-deux-jours-pour-se-preparer-au-lancement-decembre\/\" \/>\n<meta property=\"og:locale\" content=\"es_ES\" \/>\n<meta property=\"og:type\" content=\"article\" \/>\n<meta property=\"og:title\" content=\"Bootcamp - Deux jours pour se pr\u00e9parer au lancement - Empow&#039;Her\" \/>\n<meta property=\"og:description\" content=\"Vous \u00eates porteuse d\u2019un projet entrepreneurial et souhaitez b\u00e9n\u00e9ficier de conseils pour lancer vos activit\u00e9s avec le bon plan d\u2019action ? Vous souhaitez challenger votre business model, et concr\u00e9tiser vos id\u00e9es autour d\u2019un prototype ? Vous voulez r\u00e9v\u00e9ler l\u2019entrepreneure qui sommeille en vous, apprendre \u00e0 pitcher avec plaisir et prendre confiance en vos forces ? &#x1f4a5; Alors ce bootcamp est fait pour vous ! Car nous croyons \u00e0 la sororit\u00e9, ce bootcamp est organis\u00e9 dans le cadre du programme Women Dare, pour les futures entrepreneures qui changent le monde.  Nous sommes intimement convaincues que chacune porte en elle la force et les clefs pour d\u00e9velopper un projet \u00e0 son image, et qu\u2019il suffit parfois d\u2019une rencontre, d\u2019un r\u00e9seau, d\u2019un d\u00e9clic \u2013 pour se lancer &#x1f64c;  Le bootcamp en r\u00e9sum\u00e9 &#x1f386; Deux jours d\u2019immersion sur un format collectif pour cr\u00e9er de vraies synergies ! Une m\u00e9thodologie innovante, bas\u00e9e sur l\u2019intelligence collective pour favoriser le partage et l\u2019entraide Des outils et des contenus pour faire avancer vos projets, des moments d\u2019\u00e9change entre futures entrepreneures pour se poser les bonnes questions et s\u2019entraider pour y r\u00e9pondre.   Lieu : Sist\u2019Her Paris \u2013 82 rue du Faubourg Saint-Martin, 75010 Paris  Dates et Horaires : Jeudi 09 d\u00e9cembre et Vendredi 10 d\u00e9cembre, de 9h30 \u00e0 17h  &nbsp;  Intervenant\u00b7e\u00b7s :  Marie, fondatrice de l\u2019ESS   Inspirantes :  L\u2019int\u00e9r\u00eat g\u00e9n\u00e9ral chevill\u00e9 au corps, Marie est le genre de personne qui n\u2019envisage pas de faire un festival autrement qu\u2019en participant \u00e0 son organisation. Entrepreneure dans l\u2019\u00e2me, Marie n\u2019en est pas \u00e0 sa premi\u00e8re cr\u00e9ation de collectifs. Tr\u00e8s dou\u00e9e pour mettre en valeur le talent des autres, elle s\u2019accompagne d\u2019une \u00e9quipe de choc, pr\u00eate \u00e0 mettre les meilleures pour apporter une solution adapt\u00e9e aux associations.  Marialya, Directrice de l\u2019innovation du 104Factory : Avec 20 ans d\u2019expertise dans la conception et l\u2019animation de formations et d\u2019ateliers collectifs utilisant diff\u00e9rentes m\u00e9thodologies p\u00e9dagogiques (th\u00e9\u00e2tre, improvisation, vid\u00e9o, serious game, co-d\u00e9veloppement, design thinking\u2026), Marialya est aussi entrepreneure, manager\u0355 directrice de projets complexes de transformation\u0355, et pilote l\u2019innovation au CENTQUATRE et son incubateur 104factory\u0358.  &nbsp;  Ce projet est co-financ\u00e9 par le Fonds Social Europ\u00e9en.  \u00a0\" \/>\n<meta property=\"og:url\" content=\"https:\/\/empow-her.com\/es\/produit\/bootcamp-deux-jours-pour-se-preparer-au-lancement-decembre\/\" \/>\n<meta property=\"og:site_name\" content=\"Empow&#039;Her\" \/>\n<meta property=\"article:modified_time\" content=\"2021-12-02T14:18:19+00:00\" \/>\n<meta property=\"og:image\" content=\"https:\/\/empow-her.com\/wp-content\/uploads\/2021\/10\/TEMPLATES-EVENTS-WOMEN-DARE-AGENDA-11.png\" \/>\n\t<meta property=\"og:image:width\" content=\"1080\" \/>\n\t<meta property=\"og:image:height\" content=\"1080\" \/>\n\t<meta property=\"og:image:type\" content=\"image\/png\" \/>\n<meta name=\"twitter:card\" content=\"summary_large_image\" \/>\n<script type=\"application\/ld+json\" class=\"yoast-schema-graph\">{\"@context\":\"https:\/\/schema.org\",\"@graph\":[{\"@type\":\"WebPage\",\"@id\":\"https:\/\/empow-her.com\/es\/produit\/bootcamp-deux-jours-pour-se-preparer-au-lancement-decembre\/\",\"url\":\"https:\/\/empow-her.com\/es\/produit\/bootcamp-deux-jours-pour-se-preparer-au-lancement-decembre\/\",\"name\":\"Bootcamp - Deux jours pour se pr\u00e9parer au lancement - Empow&#039;Her\",\"isPartOf\":{\"@id\":\"https:\/\/empow-her.com\/#website\"},\"primaryImageOfPage\":{\"@id\":\"https:\/\/empow-her.com\/es\/produit\/bootcamp-deux-jours-pour-se-preparer-au-lancement-decembre\/#primaryimage\"},\"image\":{\"@id\":\"https:\/\/empow-her.com\/es\/produit\/bootcamp-deux-jours-pour-se-preparer-au-lancement-decembre\/#primaryimage\"},\"thumbnailUrl\":\"https:\/\/empow-her.com\/wp-content\/uploads\/2021\/10\/TEMPLATES-EVENTS-WOMEN-DARE-AGENDA-11.png\",\"datePublished\":\"2021-10-20T12:15:51+00:00\",\"dateModified\":\"2021-12-02T14:18:19+00:00\",\"breadcrumb\":{\"@id\":\"https:\/\/empow-her.com\/es\/produit\/bootcamp-deux-jours-pour-se-preparer-au-lancement-decembre\/#breadcrumb\"},\"inLanguage\":\"es\",\"potentialAction\":[{\"@type\":\"ReadAction\",\"target\":[\"https:\/\/empow-her.com\/es\/produit\/bootcamp-deux-jours-pour-se-preparer-au-lancement-decembre\/\"]}]},{\"@type\":\"ImageObject\",\"inLanguage\":\"es\",\"@id\":\"https:\/\/empow-her.com\/es\/produit\/bootcamp-deux-jours-pour-se-preparer-au-lancement-decembre\/#primaryimage\",\"url\":\"https:\/\/empow-her.com\/wp-content\/uploads\/2021\/10\/TEMPLATES-EVENTS-WOMEN-DARE-AGENDA-11.png\",\"contentUrl\":\"https:\/\/empow-her.com\/wp-content\/uploads\/2021\/10\/TEMPLATES-EVENTS-WOMEN-DARE-AGENDA-11.png\",\"width\":1080,\"height\":1080},{\"@type\":\"BreadcrumbList\",\"@id\":\"https:\/\/empow-her.com\/es\/produit\/bootcamp-deux-jours-pour-se-preparer-au-lancement-decembre\/#breadcrumb\",\"itemListElement\":[{\"@type\":\"ListItem\",\"position\":1,\"name\":\"Accueil\",\"item\":\"https:\/\/empow-her.com\/es\/inicio\/\"},{\"@type\":\"ListItem\",\"position\":2,\"name\":\"LA BOUTIQUE\",\"item\":\"https:\/\/empow-her.com\/boutique\/\"},{\"@type\":\"ListItem\",\"position\":3,\"name\":\"Bootcamp &#8211; Deux jours pour se pr\u00e9parer au lancement\"}]},{\"@type\":\"WebSite\",\"@id\":\"https:\/\/empow-her.com\/#website\",\"url\":\"https:\/\/empow-her.com\/\",\"name\":\"Empow&#039;Her\",\"description\":\"Women Development\",\"potentialAction\":[{\"@type\":\"SearchAction\",\"target\":{\"@type\":\"EntryPoint\",\"urlTemplate\":\"https:\/\/empow-her.com\/?s={search_term_string}\"},\"query-input\":{\"@type\":\"PropertyValueSpecification\",\"valueRequired\":true,\"valueName\":\"search_term_string\"}}],\"inLanguage\":\"es\"}]}<\/script>\n<!-- \/ Yoast SEO plugin. -->","yoast_head_json":{"title":"Bootcamp - Deux jours pour se pr\u00e9parer au lancement - Empow&#039;Her","robots":{"index":"index","follow":"follow","max-snippet":"max-snippet:-1","max-image-preview":"max-image-preview:large","max-video-preview":"max-video-preview:-1"},"canonical":"https:\/\/empow-her.com\/es\/produit\/bootcamp-deux-jours-pour-se-preparer-au-lancement-decembre\/","og_locale":"es_ES","og_type":"article","og_title":"Bootcamp - Deux jours pour se pr\u00e9parer au lancement - Empow&#039;Her","og_description":"Vous \u00eates porteuse d\u2019un projet entrepreneurial et souhaitez b\u00e9n\u00e9ficier de conseils pour lancer vos activit\u00e9s avec le bon plan d\u2019action ? Vous souhaitez challenger votre business model, et concr\u00e9tiser vos id\u00e9es autour d\u2019un prototype ? Vous voulez r\u00e9v\u00e9ler l\u2019entrepreneure qui sommeille en vous, apprendre \u00e0 pitcher avec plaisir et prendre confiance en vos forces ? &#x1f4a5; Alors ce bootcamp est fait pour vous ! Car nous croyons \u00e0 la sororit\u00e9, ce bootcamp est organis\u00e9 dans le cadre du programme Women Dare, pour les futures entrepreneures qui changent le monde.  Nous sommes intimement convaincues que chacune porte en elle la force et les clefs pour d\u00e9velopper un projet \u00e0 son image, et qu\u2019il suffit parfois d\u2019une rencontre, d\u2019un r\u00e9seau, d\u2019un d\u00e9clic \u2013 pour se lancer &#x1f64c;  Le bootcamp en r\u00e9sum\u00e9 &#x1f386; Deux jours d\u2019immersion sur un format collectif pour cr\u00e9er de vraies synergies ! Une m\u00e9thodologie innovante, bas\u00e9e sur l\u2019intelligence collective pour favoriser le partage et l\u2019entraide Des outils et des contenus pour faire avancer vos projets, des moments d\u2019\u00e9change entre futures entrepreneures pour se poser les bonnes questions et s\u2019entraider pour y r\u00e9pondre.   Lieu : Sist\u2019Her Paris \u2013 82 rue du Faubourg Saint-Martin, 75010 Paris  Dates et Horaires : Jeudi 09 d\u00e9cembre et Vendredi 10 d\u00e9cembre, de 9h30 \u00e0 17h  &nbsp;  Intervenant\u00b7e\u00b7s :  Marie, fondatrice de l\u2019ESS   Inspirantes :  L\u2019int\u00e9r\u00eat g\u00e9n\u00e9ral chevill\u00e9 au corps, Marie est le genre de personne qui n\u2019envisage pas de faire un festival autrement qu\u2019en participant \u00e0 son organisation. Entrepreneure dans l\u2019\u00e2me, Marie n\u2019en est pas \u00e0 sa premi\u00e8re cr\u00e9ation de collectifs. Tr\u00e8s dou\u00e9e pour mettre en valeur le talent des autres, elle s\u2019accompagne d\u2019une \u00e9quipe de choc, pr\u00eate \u00e0 mettre les meilleures pour apporter une solution adapt\u00e9e aux associations.  Marialya, Directrice de l\u2019innovation du 104Factory : Avec 20 ans d\u2019expertise dans la conception et l\u2019animation de formations et d\u2019ateliers collectifs utilisant diff\u00e9rentes m\u00e9thodologies p\u00e9dagogiques (th\u00e9\u00e2tre, improvisation, vid\u00e9o, serious game, co-d\u00e9veloppement, design thinking\u2026), Marialya est aussi entrepreneure, manager\u0355 directrice de projets complexes de transformation\u0355, et pilote l\u2019innovation au CENTQUATRE et son incubateur 104factory\u0358.  &nbsp;  Ce projet est co-financ\u00e9 par le Fonds Social Europ\u00e9en.  \u00a0","og_url":"https:\/\/empow-her.com\/es\/produit\/bootcamp-deux-jours-pour-se-preparer-au-lancement-decembre\/","og_site_name":"Empow&#039;Her","article_modified_time":"2021-12-02T14:18:19+00:00","og_image":[{"width":1080,"height":1080,"url":"https:\/\/empow-her.com\/wp-content\/uploads\/2021\/10\/TEMPLATES-EVENTS-WOMEN-DARE-AGENDA-11.png","type":"image\/png"}],"twitter_card":"summary_large_image","schema":{"@context":"https:\/\/schema.org","@graph":[{"@type":"WebPage","@id":"https:\/\/empow-her.com\/es\/produit\/bootcamp-deux-jours-pour-se-preparer-au-lancement-decembre\/","url":"https:\/\/empow-her.com\/es\/produit\/bootcamp-deux-jours-pour-se-preparer-au-lancement-decembre\/","name":"Bootcamp - Deux jours pour se pr\u00e9parer au lancement - Empow&#039;Her","isPartOf":{"@id":"https:\/\/empow-her.com\/#website"},"primaryImageOfPage":{"@id":"https:\/\/empow-her.com\/es\/produit\/bootcamp-deux-jours-pour-se-preparer-au-lancement-decembre\/#primaryimage"},"image":{"@id":"https:\/\/empow-her.com\/es\/produit\/bootcamp-deux-jours-pour-se-preparer-au-lancement-decembre\/#primaryimage"},"thumbnailUrl":"https:\/\/empow-her.com\/wp-content\/uploads\/2021\/10\/TEMPLATES-EVENTS-WOMEN-DARE-AGENDA-11.png","datePublished":"2021-10-20T12:15:51+00:00","dateModified":"2021-12-02T14:18:19+00:00","breadcrumb":{"@id":"https:\/\/empow-her.com\/es\/produit\/bootcamp-deux-jours-pour-se-preparer-au-lancement-decembre\/#breadcrumb"},"inLanguage":"es","potentialAction":[{"@type":"ReadAction","target":["https:\/\/empow-her.com\/es\/produit\/bootcamp-deux-jours-pour-se-preparer-au-lancement-decembre\/"]}]},{"@type":"ImageObject","inLanguage":"es","@id":"https:\/\/empow-her.com\/es\/produit\/bootcamp-deux-jours-pour-se-preparer-au-lancement-decembre\/#primaryimage","url":"https:\/\/empow-her.com\/wp-content\/uploads\/2021\/10\/TEMPLATES-EVENTS-WOMEN-DARE-AGENDA-11.png","contentUrl":"https:\/\/empow-her.com\/wp-content\/uploads\/2021\/10\/TEMPLATES-EVENTS-WOMEN-DARE-AGENDA-11.png","width":1080,"height":1080},{"@type":"BreadcrumbList","@id":"https:\/\/empow-her.com\/es\/produit\/bootcamp-deux-jours-pour-se-preparer-au-lancement-decembre\/#breadcrumb","itemListElement":[{"@type":"ListItem","position":1,"name":"Accueil","item":"https:\/\/empow-her.com\/es\/inicio\/"},{"@type":"ListItem","position":2,"name":"LA BOUTIQUE","item":"https:\/\/empow-her.com\/boutique\/"},{"@type":"ListItem","position":3,"name":"Bootcamp &#8211; Deux jours pour se pr\u00e9parer au lancement"}]},{"@type":"WebSite","@id":"https:\/\/empow-her.com\/#website","url":"https:\/\/empow-her.com\/","name":"Empow&#039;Her","description":"Women Development","potentialAction":[{"@type":"SearchAction","target":{"@type":"EntryPoint","urlTemplate":"https:\/\/empow-her.com\/?s={search_term_string}"},"query-input":{"@type":"PropertyValueSpecification","valueRequired":true,"valueName":"search_term_string"}}],"inLanguage":"es"}]}},"_links":{"self":[{"href":"https:\/\/empow-her.com\/es\/wp-json\/wp\/v2\/product\/111680","targetHints":{"allow":["GET"]}}],"collection":[{"href":"https:\/\/empow-her.com\/es\/wp-json\/wp\/v2\/product"}],"about":[{"href":"https:\/\/empow-her.com\/es\/wp-json\/wp\/v2\/types\/product"}],"wp:featuredmedia":[{"embeddable":true,"href":"https:\/\/empow-her.com\/es\/wp-json\/wp\/v2\/media\/111681"}],"wp:attachment":[{"href":"https:\/\/empow-her.com\/es\/wp-json\/wp\/v2\/media?parent=111680"}],"wp:term":[{"taxonomy":"product_brand","embeddable":true,"href":"https:\/\/empow-her.com\/es\/wp-json\/wp\/v2\/product_brand?post=111680"},{"taxonomy":"product_cat","embeddable":true,"href":"https:\/\/empow-her.com\/es\/wp-json\/wp\/v2\/product_cat?post=111680"},{"taxonomy":"product_tag","embeddable":true,"href":"https:\/\/empow-her.com\/es\/wp-json\/wp\/v2\/product_tag?post=111680"},{"taxonomy":"lieu","embeddable":true,"href":"https:\/\/empow-her.com\/es\/wp-json\/wp\/v2\/lieu?post=111680"},{"taxonomy":"thematiques","embeddable":true,"href":"https:\/\/empow-her.com\/es\/wp-json\/wp\/v2\/thematiques?post=111680"}],"curies":[{"name":"wp","href":"https:\/\/api.w.org\/{rel}","templated":true}]}}