{"id":111649,"date":"2021-10-19T18:30:34","date_gmt":"2021-10-19T16:30:34","guid":{"rendered":"https:\/\/empow-her.com\/?post_type=product&#038;p=111649"},"modified":"2022-09-28T11:47:36","modified_gmt":"2022-09-28T09:47:36","slug":"happyher-entrepreneures-sociales-et-solidaires","status":"publish","type":"product","link":"https:\/\/empow-her.com\/es\/produit\/happyher-entrepreneures-sociales-et-solidaires\/","title":{"rendered":"Happy&#8217;Her : Entrepreneures sociales et solidaires &#x1f331;"},"content":{"rendered":"<p>Edition n\u00b03 du Happy&#8217;Her chez Sist&#8217;Her d\u00e9di\u00e9es aux entrepreneures et futruees entrepreneures sociales !<br \/>\nCette \u00e9dition est d\u00e9di\u00e9e \u00e0 toutes celles qui veulent lier entrepreneuriat et impact social. Education, mode, mobilit\u00e9 ou encore agriculture&#8230; tous les secteurs sont concern\u00e9s, et chacune a la force d&#8217;en faire bouger les lignes.<\/p>\n<p>Les Happy&#8217;Her c&#8217;est quoi ?<br \/>\nDes formats d&#8217;ap\u00e9ro pens\u00e9s par l&#8217;\u00e9quipe pour en finir avec les networking un peu barbants et vous faire rencontrer un maximum d&#8217;entrepreneures et s&#8217;entraider.<br \/>\nComment ? A chaque fois, nous vous concoctons des petites animations sympas pour briser la glace et se connecter. En 2 heures, vous vous sentirez moins seules car vous d\u00e9couvrirez d&#8217;autres parcours de femmes qui comme vous se sont lanc\u00e9es dans l&#8217;aventure entrepreneuriale et partage les m\u00eames gal\u00e8res et victoires !<\/p>\n<p>Allez viens on est bien !<br \/>\nRendez-vous le 30 novembre pour votre dose d&#8217;\u00e9nergie et de chaleur avec la communaut\u00e9.<\/p>\n<p>&#x1f516; R\u00e9servation gratuite obligatoire :<\/p>\n<p>&#x1f637; Mesures sanitaires<br \/>\n&#x1f4f1; PASS SANITAIRE<br \/>\nUn pass sanitaire valide vous sera demand\u00e9 \u00e0 l\u2019entr\u00e9e.<br \/>\n&#x1f4cd; Vous pouvez r\u00e9aliser un test antig\u00e9nique Pharmacie Boutin<br \/>\nau 90 rue du faubourg Saint-Martin \u00e0 proximit\u00e9.<\/p>\n<p>&#x1f4cd; Sist\u2019her Paris, 82 rue du Faubourg St Martin<br \/>\nOuvert en mars 2021, Sist\u2019Her est le premier tiers-lieu d\u00e9di\u00e9 \u00e0 toutes celles qui souhaitent fa\u00e7onner le monde &#x1f30e;. Port\u00e9 par l\u2019association Empow\u2019Her, c\u2019est un lieu de vie bienveillant et joyeux, ouvert \u00e0 tou\u00b7te\u00b7s o\u00f9 il est possible de se former, cr\u00e9er et se rencontrer. &#x1f3e1;<\/p>\n","protected":false},"excerpt":{"rendered":"<p><em>Edition n\u00b03 du Happy&#8217;Her chez Sist&#8217;Her d\u00e9di\u00e9es aux entrepreneures et futures entrepreneures sociales ! &#x1f3e1;<\/em><\/p>\n<p>Cette \u00e9dition est d\u00e9di\u00e9e \u00e0 toutes celles qui veulent lier entrepreneuriat et impact social. Education, mode, mobilit\u00e9 ou encore agriculture&#8230; <strong>tous les secteurs sont concern\u00e9s, et chacune a la force d&#8217;en faire bouger les lignes. &#x1f331;<\/strong><\/p>\n<p><strong>Les Happy&#8217;Her c&#8217;est quoi ?<\/strong><br \/>\nDes formats d&#8217;ap\u00e9ro pens\u00e9s par l&#8217;\u00e9quipe pour en finir avec les networking un peu barbants et vous faire rencontrer un maximum d&#8217;entrepreneures et s&#8217;entraider.<br \/>\nComment ? A chaque fois, nous vous concoctons des petites animations sympas pour briser la glace et se connecter. En 2 heures, vous vous sentirez moins seules, car vous d\u00e9couvrirez d&#8217;autres parcours de femmes qui comme vous se sont lanc\u00e9es dans l&#8217;aventure entrepreneuriale et partage les m\u00eames gal\u00e8res et victoires ! &#x2728;<\/p>\n<p><strong>Allez viens on est bien !<\/strong><br \/>\nRendez-vous le 30 novembre pour votre dose d&#8217;\u00e9nergie et de chaleur avec la communaut\u00e9 chez Sist&#8217;Her !<\/p>\n<p>&nbsp;<\/p>\n<p>&nbsp;<\/p>\n<p>&#x1f516; R\u00e9servation gratuite obligatoire<\/p>\n<p>&#x1f637; Mesures sanitaires<br \/>\n&#x1f4f1; PASS SANITAIRE<br \/>\nUn pass sanitaire valide vous sera demand\u00e9 \u00e0 l\u2019entr\u00e9e.<br \/>\n&#x1f4cd; Vous pouvez r\u00e9aliser un test antig\u00e9nique Pharmacie Boutin<br \/>\nau 90 rue du faubourg Saint-Martin \u00e0 proximit\u00e9.<\/p>\n<p>&#x1f4cd; Sist\u2019her Paris, 82 rue du Faubourg St Martin<br \/>\nOuvert en mars 2021, Sist\u2019Her est le premier tiers-lieu d\u00e9di\u00e9 \u00e0 toutes celles qui souhaitent fa\u00e7onner le monde &#x1f30e;. Port\u00e9 par l\u2019association Empow\u2019Her, c\u2019est un lieu de vie bienveillant et joyeux, ouvert \u00e0 tou\u00b7te\u00b7s o\u00f9 il est possible de se former, cr\u00e9er et se rencontrer. &#x1f3e1;<\/p>\n","protected":false},"featured_media":111650,"template":"","format":"standard","meta":{"_acf_changed":false,"om_disable_all_campaigns":false,"_uf_show_specific_survey":0,"_uf_disable_surveys":false},"product_brand":[],"product_cat":[119],"product_tag":[],"lieu":[127],"thematiques":[],"class_list":{"0":"post-111649","1":"product","2":"type-product","3":"status-publish","4":"format-standard","5":"has-post-thumbnail","7":"product_cat-evenement-sisther","8":"lieu-hub-empowher","10":"first","11":"instock","12":"virtual","13":"purchasable","14":"product-type-appointment"},"exclude_global_add_ons":[],"addons":[],"acf":[],"yoast_head":"<!-- This site is optimized with the Yoast SEO plugin v24.8 - https:\/\/yoast.com\/wordpress\/plugins\/seo\/ -->\n<title>Happy&#039;Her : Entrepreneures sociales et solidaires &#x1f331; - Empow&#039;Her<\/title>\n<meta name=\"robots\" content=\"index, follow, max-snippet:-1, max-image-preview:large, max-video-preview:-1\" \/>\n<link rel=\"canonical\" href=\"https:\/\/empow-her.com\/produit\/happyher-entrepreneures-sociales-et-solidaires\/\" \/>\n<meta property=\"og:locale\" content=\"es_ES\" \/>\n<meta property=\"og:type\" content=\"article\" \/>\n<meta property=\"og:title\" content=\"Happy&#039;Her : Entrepreneures sociales et solidaires &#x1f331; - Empow&#039;Her\" \/>\n<meta property=\"og:description\" content=\"Edition n\u00b03 du Happy&#039;Her chez Sist&#039;Her d\u00e9di\u00e9es aux entrepreneures et futures entrepreneures sociales ! &#x1f3e1;  Cette \u00e9dition est d\u00e9di\u00e9e \u00e0 toutes celles qui veulent lier entrepreneuriat et impact social. Education, mode, mobilit\u00e9 ou encore agriculture... tous les secteurs sont concern\u00e9s, et chacune a la force d&#039;en faire bouger les lignes. &#x1f331;  Les Happy&#039;Her c&#039;est quoi ? Des formats d&#039;ap\u00e9ro pens\u00e9s par l&#039;\u00e9quipe pour en finir avec les networking un peu barbants et vous faire rencontrer un maximum d&#039;entrepreneures et s&#039;entraider. Comment ? A chaque fois, nous vous concoctons des petites animations sympas pour briser la glace et se connecter. En 2 heures, vous vous sentirez moins seules, car vous d\u00e9couvrirez d&#039;autres parcours de femmes qui comme vous se sont lanc\u00e9es dans l&#039;aventure entrepreneuriale et partage les m\u00eames gal\u00e8res et victoires ! &#x2728;  Allez viens on est bien ! Rendez-vous le 30 novembre pour votre dose d&#039;\u00e9nergie et de chaleur avec la communaut\u00e9 chez Sist&#039;Her !  &nbsp;  &nbsp;  &#x1f516; R\u00e9servation gratuite obligatoire  &#x1f637; Mesures sanitaires &#x1f4f1; PASS SANITAIRE Un pass sanitaire valide vous sera demand\u00e9 \u00e0 l\u2019entr\u00e9e. &#x1f4cd; Vous pouvez r\u00e9aliser un test antig\u00e9nique Pharmacie Boutin au 90 rue du faubourg Saint-Martin \u00e0 proximit\u00e9.  &#x1f4cd; Sist\u2019her Paris, 82 rue du Faubourg St Martin Ouvert en mars 2021, Sist\u2019Her est le premier tiers-lieu d\u00e9di\u00e9 \u00e0 toutes celles qui souhaitent fa\u00e7onner le monde &#x1f30e;. Port\u00e9 par l\u2019association Empow\u2019Her, c\u2019est un lieu de vie bienveillant et joyeux, ouvert \u00e0 tou\u00b7te\u00b7s o\u00f9 il est possible de se former, cr\u00e9er et se rencontrer. &#x1f3e1;\" \/>\n<meta property=\"og:url\" content=\"https:\/\/empow-her.com\/produit\/happyher-entrepreneures-sociales-et-solidaires\/\" \/>\n<meta property=\"og:site_name\" content=\"Empow&#039;Her\" \/>\n<meta property=\"article:modified_time\" content=\"2022-09-28T09:47:36+00:00\" \/>\n<meta property=\"og:image\" content=\"https:\/\/empow-her.com\/wp-content\/uploads\/2021\/10\/TEMPLATE-EVENTS-WOMEN-DARE-4-1.png\" \/>\n\t<meta property=\"og:image:width\" content=\"1080\" \/>\n\t<meta property=\"og:image:height\" content=\"1080\" \/>\n\t<meta property=\"og:image:type\" content=\"image\/png\" \/>\n<meta name=\"twitter:card\" content=\"summary_large_image\" \/>\n<meta name=\"twitter:label1\" content=\"Tiempo de lectura\" \/>\n\t<meta name=\"twitter:data1\" content=\"2 minutos\" \/>\n<script type=\"application\/ld+json\" class=\"yoast-schema-graph\">{\"@context\":\"https:\/\/schema.org\",\"@graph\":[{\"@type\":\"WebPage\",\"@id\":\"https:\/\/empow-her.com\/produit\/happyher-entrepreneures-sociales-et-solidaires\/\",\"url\":\"https:\/\/empow-her.com\/produit\/happyher-entrepreneures-sociales-et-solidaires\/\",\"name\":\"Happy'Her : Entrepreneures sociales et solidaires &#x1f331; - Empow&#039;Her\",\"isPartOf\":{\"@id\":\"https:\/\/empow-her.com\/#website\"},\"primaryImageOfPage\":{\"@id\":\"https:\/\/empow-her.com\/produit\/happyher-entrepreneures-sociales-et-solidaires\/#primaryimage\"},\"image\":{\"@id\":\"https:\/\/empow-her.com\/produit\/happyher-entrepreneures-sociales-et-solidaires\/#primaryimage\"},\"thumbnailUrl\":\"https:\/\/empow-her.com\/wp-content\/uploads\/2021\/10\/TEMPLATE-EVENTS-WOMEN-DARE-4-1.png\",\"datePublished\":\"2021-10-19T16:30:34+00:00\",\"dateModified\":\"2022-09-28T09:47:36+00:00\",\"breadcrumb\":{\"@id\":\"https:\/\/empow-her.com\/produit\/happyher-entrepreneures-sociales-et-solidaires\/#breadcrumb\"},\"inLanguage\":\"es\",\"potentialAction\":[{\"@type\":\"ReadAction\",\"target\":[\"https:\/\/empow-her.com\/produit\/happyher-entrepreneures-sociales-et-solidaires\/\"]}]},{\"@type\":\"ImageObject\",\"inLanguage\":\"es\",\"@id\":\"https:\/\/empow-her.com\/produit\/happyher-entrepreneures-sociales-et-solidaires\/#primaryimage\",\"url\":\"https:\/\/empow-her.com\/wp-content\/uploads\/2021\/10\/TEMPLATE-EVENTS-WOMEN-DARE-4-1.png\",\"contentUrl\":\"https:\/\/empow-her.com\/wp-content\/uploads\/2021\/10\/TEMPLATE-EVENTS-WOMEN-DARE-4-1.png\",\"width\":1080,\"height\":1080},{\"@type\":\"BreadcrumbList\",\"@id\":\"https:\/\/empow-her.com\/produit\/happyher-entrepreneures-sociales-et-solidaires\/#breadcrumb\",\"itemListElement\":[{\"@type\":\"ListItem\",\"position\":1,\"name\":\"Accueil\",\"item\":\"https:\/\/empow-her.com\/es\/inicio\/\"},{\"@type\":\"ListItem\",\"position\":2,\"name\":\"LA BOUTIQUE\",\"item\":\"https:\/\/empow-her.com\/boutique\/\"},{\"@type\":\"ListItem\",\"position\":3,\"name\":\"Happy&#8217;Her : Entrepreneures sociales et solidaires &#x1f331;\"}]},{\"@type\":\"WebSite\",\"@id\":\"https:\/\/empow-her.com\/#website\",\"url\":\"https:\/\/empow-her.com\/\",\"name\":\"Empow&#039;Her\",\"description\":\"Women Development\",\"potentialAction\":[{\"@type\":\"SearchAction\",\"target\":{\"@type\":\"EntryPoint\",\"urlTemplate\":\"https:\/\/empow-her.com\/?s={search_term_string}\"},\"query-input\":{\"@type\":\"PropertyValueSpecification\",\"valueRequired\":true,\"valueName\":\"search_term_string\"}}],\"inLanguage\":\"es\"}]}<\/script>\n<!-- \/ Yoast SEO plugin. -->","yoast_head_json":{"title":"Happy'Her : Entrepreneures sociales et solidaires &#x1f331; - Empow&#039;Her","robots":{"index":"index","follow":"follow","max-snippet":"max-snippet:-1","max-image-preview":"max-image-preview:large","max-video-preview":"max-video-preview:-1"},"canonical":"https:\/\/empow-her.com\/produit\/happyher-entrepreneures-sociales-et-solidaires\/","og_locale":"es_ES","og_type":"article","og_title":"Happy'Her : Entrepreneures sociales et solidaires &#x1f331; - Empow&#039;Her","og_description":"Edition n\u00b03 du Happy'Her chez Sist'Her d\u00e9di\u00e9es aux entrepreneures et futures entrepreneures sociales ! &#x1f3e1;  Cette \u00e9dition est d\u00e9di\u00e9e \u00e0 toutes celles qui veulent lier entrepreneuriat et impact social. Education, mode, mobilit\u00e9 ou encore agriculture... tous les secteurs sont concern\u00e9s, et chacune a la force d'en faire bouger les lignes. &#x1f331;  Les Happy'Her c'est quoi ? Des formats d'ap\u00e9ro pens\u00e9s par l'\u00e9quipe pour en finir avec les networking un peu barbants et vous faire rencontrer un maximum d'entrepreneures et s'entraider. Comment ? A chaque fois, nous vous concoctons des petites animations sympas pour briser la glace et se connecter. En 2 heures, vous vous sentirez moins seules, car vous d\u00e9couvrirez d'autres parcours de femmes qui comme vous se sont lanc\u00e9es dans l'aventure entrepreneuriale et partage les m\u00eames gal\u00e8res et victoires ! &#x2728;  Allez viens on est bien ! Rendez-vous le 30 novembre pour votre dose d'\u00e9nergie et de chaleur avec la communaut\u00e9 chez Sist'Her !  &nbsp;  &nbsp;  &#x1f516; R\u00e9servation gratuite obligatoire  &#x1f637; Mesures sanitaires &#x1f4f1; PASS SANITAIRE Un pass sanitaire valide vous sera demand\u00e9 \u00e0 l\u2019entr\u00e9e. &#x1f4cd; Vous pouvez r\u00e9aliser un test antig\u00e9nique Pharmacie Boutin au 90 rue du faubourg Saint-Martin \u00e0 proximit\u00e9.  &#x1f4cd; Sist\u2019her Paris, 82 rue du Faubourg St Martin Ouvert en mars 2021, Sist\u2019Her est le premier tiers-lieu d\u00e9di\u00e9 \u00e0 toutes celles qui souhaitent fa\u00e7onner le monde &#x1f30e;. Port\u00e9 par l\u2019association Empow\u2019Her, c\u2019est un lieu de vie bienveillant et joyeux, ouvert \u00e0 tou\u00b7te\u00b7s o\u00f9 il est possible de se former, cr\u00e9er et se rencontrer. &#x1f3e1;","og_url":"https:\/\/empow-her.com\/produit\/happyher-entrepreneures-sociales-et-solidaires\/","og_site_name":"Empow&#039;Her","article_modified_time":"2022-09-28T09:47:36+00:00","og_image":[{"width":1080,"height":1080,"url":"https:\/\/empow-her.com\/wp-content\/uploads\/2021\/10\/TEMPLATE-EVENTS-WOMEN-DARE-4-1.png","type":"image\/png"}],"twitter_card":"summary_large_image","twitter_misc":{"Tiempo de lectura":"2 minutos"},"schema":{"@context":"https:\/\/schema.org","@graph":[{"@type":"WebPage","@id":"https:\/\/empow-her.com\/produit\/happyher-entrepreneures-sociales-et-solidaires\/","url":"https:\/\/empow-her.com\/produit\/happyher-entrepreneures-sociales-et-solidaires\/","name":"Happy'Her : Entrepreneures sociales et solidaires &#x1f331; - Empow&#039;Her","isPartOf":{"@id":"https:\/\/empow-her.com\/#website"},"primaryImageOfPage":{"@id":"https:\/\/empow-her.com\/produit\/happyher-entrepreneures-sociales-et-solidaires\/#primaryimage"},"image":{"@id":"https:\/\/empow-her.com\/produit\/happyher-entrepreneures-sociales-et-solidaires\/#primaryimage"},"thumbnailUrl":"https:\/\/empow-her.com\/wp-content\/uploads\/2021\/10\/TEMPLATE-EVENTS-WOMEN-DARE-4-1.png","datePublished":"2021-10-19T16:30:34+00:00","dateModified":"2022-09-28T09:47:36+00:00","breadcrumb":{"@id":"https:\/\/empow-her.com\/produit\/happyher-entrepreneures-sociales-et-solidaires\/#breadcrumb"},"inLanguage":"es","potentialAction":[{"@type":"ReadAction","target":["https:\/\/empow-her.com\/produit\/happyher-entrepreneures-sociales-et-solidaires\/"]}]},{"@type":"ImageObject","inLanguage":"es","@id":"https:\/\/empow-her.com\/produit\/happyher-entrepreneures-sociales-et-solidaires\/#primaryimage","url":"https:\/\/empow-her.com\/wp-content\/uploads\/2021\/10\/TEMPLATE-EVENTS-WOMEN-DARE-4-1.png","contentUrl":"https:\/\/empow-her.com\/wp-content\/uploads\/2021\/10\/TEMPLATE-EVENTS-WOMEN-DARE-4-1.png","width":1080,"height":1080},{"@type":"BreadcrumbList","@id":"https:\/\/empow-her.com\/produit\/happyher-entrepreneures-sociales-et-solidaires\/#breadcrumb","itemListElement":[{"@type":"ListItem","position":1,"name":"Accueil","item":"https:\/\/empow-her.com\/es\/inicio\/"},{"@type":"ListItem","position":2,"name":"LA BOUTIQUE","item":"https:\/\/empow-her.com\/boutique\/"},{"@type":"ListItem","position":3,"name":"Happy&#8217;Her : Entrepreneures sociales et solidaires &#x1f331;"}]},{"@type":"WebSite","@id":"https:\/\/empow-her.com\/#website","url":"https:\/\/empow-her.com\/","name":"Empow&#039;Her","description":"Women Development","potentialAction":[{"@type":"SearchAction","target":{"@type":"EntryPoint","urlTemplate":"https:\/\/empow-her.com\/?s={search_term_string}"},"query-input":{"@type":"PropertyValueSpecification","valueRequired":true,"valueName":"search_term_string"}}],"inLanguage":"es"}]}},"_links":{"self":[{"href":"https:\/\/empow-her.com\/es\/wp-json\/wp\/v2\/product\/111649","targetHints":{"allow":["GET"]}}],"collection":[{"href":"https:\/\/empow-her.com\/es\/wp-json\/wp\/v2\/product"}],"about":[{"href":"https:\/\/empow-her.com\/es\/wp-json\/wp\/v2\/types\/product"}],"wp:featuredmedia":[{"embeddable":true,"href":"https:\/\/empow-her.com\/es\/wp-json\/wp\/v2\/media\/111650"}],"wp:attachment":[{"href":"https:\/\/empow-her.com\/es\/wp-json\/wp\/v2\/media?parent=111649"}],"wp:term":[{"taxonomy":"product_brand","embeddable":true,"href":"https:\/\/empow-her.com\/es\/wp-json\/wp\/v2\/product_brand?post=111649"},{"taxonomy":"product_cat","embeddable":true,"href":"https:\/\/empow-her.com\/es\/wp-json\/wp\/v2\/product_cat?post=111649"},{"taxonomy":"product_tag","embeddable":true,"href":"https:\/\/empow-her.com\/es\/wp-json\/wp\/v2\/product_tag?post=111649"},{"taxonomy":"lieu","embeddable":true,"href":"https:\/\/empow-her.com\/es\/wp-json\/wp\/v2\/lieu?post=111649"},{"taxonomy":"thematiques","embeddable":true,"href":"https:\/\/empow-her.com\/es\/wp-json\/wp\/v2\/thematiques?post=111649"}],"curies":[{"name":"wp","href":"https:\/\/api.w.org\/{rel}","templated":true}]}}