{"id":111575,"date":"2021-10-18T17:44:14","date_gmt":"2021-10-18T15:44:14","guid":{"rendered":"https:\/\/empow-her.com\/?post_type=product&#038;p=111575"},"modified":"2021-10-18T17:54:28","modified_gmt":"2021-10-18T15:54:28","slug":"mini-atelier-focus-protection-des-donnees-et-rgpd-25-nov","status":"publish","type":"product","link":"https:\/\/empow-her.com\/es\/produit\/mini-atelier-focus-protection-des-donnees-et-rgpd-25-nov\/","title":{"rendered":"Mini Atelier Focus : Protection des donn\u00e9es &#038; RGPD (2 heures)"},"content":{"rendered":"","protected":false},"excerpt":{"rendered":"<div>\n<div>\n<div>Dans le cadre de votre projet, vous pouvez \u00eatre amen\u00e9e \u00e0 collecter des donn\u00e9es personnelles aupr\u00e8s de vos client\u00b7e\u00b7s ou utilisateur\u00b7rices. Afin d&#8217;\u00eatre en r\u00e8gle et de ne pas mettre en danger les donn\u00e9es de vos utilisateur\u00b7rices, le RGPD est un sujet \u00e0 prendre au s\u00e9rieux en tant qu&#8217;entrepreneure. Dans cet atelier, nous pourrons : &#8211; D\u00e9crypter le RGPD &#8211; Conna\u00eetre les actions \u00e0 mettre en place d\u00e8s le d\u00e9but du projet &#8211; Partager les bonnes pratiques de gestion des donn\u00e9es ! B\u00e9n\u00e9ficiez de deux heures en petit groupe pour revenir en profondeur sur une notion cl\u00e9 avec un\u00b7e expert\u00b7e juridique ! <strong>Cette session est comptabilis\u00e9e comme 1h de coaching individuel<\/strong> \u2013 deux fois plus de temps pour vous permettre de faire d\u00e9coller vos projets !<\/div>\n<div><strong>Intervenants<\/strong><\/div>\n<div>\n<div>Wizifin, Jean Vetter<\/div>\n<\/div>\n<\/div>\n<div><\/div>\n<\/div>\n<p><strong>Dur\u00e9e<\/strong> : 2h<\/p>\n<p>&nbsp;<\/p>\n<p>Ce projet est co-financ\u00e9 par le Fonds Social Europ\u00e9en.<\/p>\n<p><img decoding=\"async\" class=\"\" src=\"https:\/\/www.sep-asso.fr\/wp-content\/uploads\/2018\/02\/logo-union-europeenne.png\" alt=\"logo union europeenne \u2013 SEP\" width=\"87\" height=\"72\" \/> <img decoding=\"async\" class=\"alignnone wp-image-15218\" src=\"https:\/\/empow-her.com\/wp-content\/uploads\/2021\/06\/logo_fonds_social_europeen-300x187.png\" alt=\"\" width=\"104\" height=\"65\" srcset=\"https:\/\/empow-her.com\/wp-content\/uploads\/2021\/06\/logo_fonds_social_europeen-300x187.png 300w, https:\/\/empow-her.com\/wp-content\/uploads\/2021\/06\/logo_fonds_social_europeen-600x375.png 600w, https:\/\/empow-her.com\/wp-content\/uploads\/2021\/06\/logo_fonds_social_europeen-24x15.png 24w, https:\/\/empow-her.com\/wp-content\/uploads\/2021\/06\/logo_fonds_social_europeen-36x22.png 36w, https:\/\/empow-her.com\/wp-content\/uploads\/2021\/06\/logo_fonds_social_europeen-48x30.png 48w, https:\/\/empow-her.com\/wp-content\/uploads\/2021\/06\/logo_fonds_social_europeen.png 666w\" sizes=\"(max-width: 104px) 100vw, 104px\" \/>\u00a0 <img decoding=\"async\" class=\"\" src=\"https:\/\/franceactive-idf.org\/wp-content\/uploads\/2020\/02\/logo-region-ile-de-france.png\" alt=\"Logo Region Ile De France - France Active \u00cele-de-France\" width=\"126\" height=\"29\" \/><\/p>\n","protected":false},"featured_media":111577,"template":"","format":"standard","meta":{"_acf_changed":false,"om_disable_all_campaigns":false,"_uf_show_specific_survey":0,"_uf_disable_surveys":false},"product_brand":[],"product_cat":[121],"product_tag":[143],"lieu":[],"thematiques":[],"class_list":{"0":"post-111575","1":"product","2":"type-product","3":"status-publish","4":"format-standard","5":"has-post-thumbnail","7":"product_cat-coaching","8":"product_tag-en-ligne","10":"first","11":"instock","12":"virtual","13":"purchasable","14":"product-type-appointment"},"exclude_global_add_ons":[],"addons":[],"acf":[],"yoast_head":"<!-- This site is optimized with the Yoast SEO plugin v24.8 - https:\/\/yoast.com\/wordpress\/plugins\/seo\/ -->\n<title>Mini Atelier Focus : Protection des donn\u00e9es &amp; RGPD (2 heures) - Empow&#039;Her<\/title>\n<meta name=\"robots\" content=\"index, follow, max-snippet:-1, max-image-preview:large, max-video-preview:-1\" \/>\n<link rel=\"canonical\" href=\"https:\/\/empow-her.com\/es\/produit\/mini-atelier-focus-protection-des-donnees-et-rgpd-25-nov\/\" \/>\n<meta property=\"og:locale\" content=\"es_ES\" \/>\n<meta property=\"og:type\" content=\"article\" \/>\n<meta property=\"og:title\" content=\"Mini Atelier Focus : Protection des donn\u00e9es &amp; RGPD (2 heures) - Empow&#039;Her\" \/>\n<meta property=\"og:description\" content=\"Dans le cadre de votre projet, vous pouvez \u00eatre amen\u00e9e \u00e0 collecter des donn\u00e9es personnelles aupr\u00e8s de vos client\u00b7e\u00b7s ou utilisateur\u00b7rices. Afin d&#039;\u00eatre en r\u00e8gle et de ne pas mettre en danger les donn\u00e9es de vos utilisateur\u00b7rices, le RGPD est un sujet \u00e0 prendre au s\u00e9rieux en tant qu&#039;entrepreneure. Dans cet atelier, nous pourrons : - D\u00e9crypter le RGPD - Conna\u00eetre les actions \u00e0 mettre en place d\u00e8s le d\u00e9but du projet - Partager les bonnes pratiques de gestion des donn\u00e9es ! B\u00e9n\u00e9ficiez de deux heures en petit groupe pour revenir en profondeur sur une notion cl\u00e9 avec un\u00b7e expert\u00b7e juridique ! Cette session est comptabilis\u00e9e comme 1h de coaching individuel \u2013 deux fois plus de temps pour vous permettre de faire d\u00e9coller vos projets ! Intervenants  Wizifin, Jean Vetter     Dur\u00e9e : 2h  &nbsp;  Ce projet est co-financ\u00e9 par le Fonds Social Europ\u00e9en.   \u00a0\" \/>\n<meta property=\"og:url\" content=\"https:\/\/empow-her.com\/es\/produit\/mini-atelier-focus-protection-des-donnees-et-rgpd-25-nov\/\" \/>\n<meta property=\"og:site_name\" content=\"Empow&#039;Her\" \/>\n<meta property=\"article:modified_time\" content=\"2021-10-18T15:54:28+00:00\" \/>\n<meta property=\"og:image\" content=\"https:\/\/empow-her.com\/wp-content\/uploads\/2021\/10\/TEMPLATES-EVENTS-WOMEN-DARE-AGENDA-17.webp\" \/>\n\t<meta property=\"og:image:width\" content=\"1080\" \/>\n\t<meta property=\"og:image:height\" content=\"1080\" \/>\n\t<meta property=\"og:image:type\" content=\"image\/webp\" \/>\n<meta name=\"twitter:card\" content=\"summary_large_image\" \/>\n<script type=\"application\/ld+json\" class=\"yoast-schema-graph\">{\"@context\":\"https:\/\/schema.org\",\"@graph\":[{\"@type\":\"WebPage\",\"@id\":\"https:\/\/empow-her.com\/es\/produit\/mini-atelier-focus-protection-des-donnees-et-rgpd-25-nov\/\",\"url\":\"https:\/\/empow-her.com\/es\/produit\/mini-atelier-focus-protection-des-donnees-et-rgpd-25-nov\/\",\"name\":\"Mini Atelier Focus : Protection des donn\u00e9es & RGPD (2 heures) - Empow&#039;Her\",\"isPartOf\":{\"@id\":\"https:\/\/empow-her.com\/#website\"},\"primaryImageOfPage\":{\"@id\":\"https:\/\/empow-her.com\/es\/produit\/mini-atelier-focus-protection-des-donnees-et-rgpd-25-nov\/#primaryimage\"},\"image\":{\"@id\":\"https:\/\/empow-her.com\/es\/produit\/mini-atelier-focus-protection-des-donnees-et-rgpd-25-nov\/#primaryimage\"},\"thumbnailUrl\":\"https:\/\/empow-her.com\/wp-content\/uploads\/2021\/10\/TEMPLATES-EVENTS-WOMEN-DARE-AGENDA-17.webp\",\"datePublished\":\"2021-10-18T15:44:14+00:00\",\"dateModified\":\"2021-10-18T15:54:28+00:00\",\"breadcrumb\":{\"@id\":\"https:\/\/empow-her.com\/es\/produit\/mini-atelier-focus-protection-des-donnees-et-rgpd-25-nov\/#breadcrumb\"},\"inLanguage\":\"es\",\"potentialAction\":[{\"@type\":\"ReadAction\",\"target\":[\"https:\/\/empow-her.com\/es\/produit\/mini-atelier-focus-protection-des-donnees-et-rgpd-25-nov\/\"]}]},{\"@type\":\"ImageObject\",\"inLanguage\":\"es\",\"@id\":\"https:\/\/empow-her.com\/es\/produit\/mini-atelier-focus-protection-des-donnees-et-rgpd-25-nov\/#primaryimage\",\"url\":\"https:\/\/empow-her.com\/wp-content\/uploads\/2021\/10\/TEMPLATES-EVENTS-WOMEN-DARE-AGENDA-17.webp\",\"contentUrl\":\"https:\/\/empow-her.com\/wp-content\/uploads\/2021\/10\/TEMPLATES-EVENTS-WOMEN-DARE-AGENDA-17.webp\",\"width\":1080,\"height\":1080},{\"@type\":\"BreadcrumbList\",\"@id\":\"https:\/\/empow-her.com\/es\/produit\/mini-atelier-focus-protection-des-donnees-et-rgpd-25-nov\/#breadcrumb\",\"itemListElement\":[{\"@type\":\"ListItem\",\"position\":1,\"name\":\"Accueil\",\"item\":\"https:\/\/empow-her.com\/es\/inicio\/\"},{\"@type\":\"ListItem\",\"position\":2,\"name\":\"LA BOUTIQUE\",\"item\":\"https:\/\/empow-her.com\/boutique\/\"},{\"@type\":\"ListItem\",\"position\":3,\"name\":\"Mini Atelier Focus : Protection des donn\u00e9es &#038; RGPD (2 heures)\"}]},{\"@type\":\"WebSite\",\"@id\":\"https:\/\/empow-her.com\/#website\",\"url\":\"https:\/\/empow-her.com\/\",\"name\":\"Empow&#039;Her\",\"description\":\"Women Development\",\"potentialAction\":[{\"@type\":\"SearchAction\",\"target\":{\"@type\":\"EntryPoint\",\"urlTemplate\":\"https:\/\/empow-her.com\/?s={search_term_string}\"},\"query-input\":{\"@type\":\"PropertyValueSpecification\",\"valueRequired\":true,\"valueName\":\"search_term_string\"}}],\"inLanguage\":\"es\"}]}<\/script>\n<!-- \/ Yoast SEO plugin. -->","yoast_head_json":{"title":"Mini Atelier Focus : Protection des donn\u00e9es & RGPD (2 heures) - Empow&#039;Her","robots":{"index":"index","follow":"follow","max-snippet":"max-snippet:-1","max-image-preview":"max-image-preview:large","max-video-preview":"max-video-preview:-1"},"canonical":"https:\/\/empow-her.com\/es\/produit\/mini-atelier-focus-protection-des-donnees-et-rgpd-25-nov\/","og_locale":"es_ES","og_type":"article","og_title":"Mini Atelier Focus : Protection des donn\u00e9es & RGPD (2 heures) - Empow&#039;Her","og_description":"Dans le cadre de votre projet, vous pouvez \u00eatre amen\u00e9e \u00e0 collecter des donn\u00e9es personnelles aupr\u00e8s de vos client\u00b7e\u00b7s ou utilisateur\u00b7rices. Afin d'\u00eatre en r\u00e8gle et de ne pas mettre en danger les donn\u00e9es de vos utilisateur\u00b7rices, le RGPD est un sujet \u00e0 prendre au s\u00e9rieux en tant qu'entrepreneure. Dans cet atelier, nous pourrons : - D\u00e9crypter le RGPD - Conna\u00eetre les actions \u00e0 mettre en place d\u00e8s le d\u00e9but du projet - Partager les bonnes pratiques de gestion des donn\u00e9es ! B\u00e9n\u00e9ficiez de deux heures en petit groupe pour revenir en profondeur sur une notion cl\u00e9 avec un\u00b7e expert\u00b7e juridique ! Cette session est comptabilis\u00e9e comme 1h de coaching individuel \u2013 deux fois plus de temps pour vous permettre de faire d\u00e9coller vos projets ! Intervenants  Wizifin, Jean Vetter     Dur\u00e9e : 2h  &nbsp;  Ce projet est co-financ\u00e9 par le Fonds Social Europ\u00e9en.   \u00a0","og_url":"https:\/\/empow-her.com\/es\/produit\/mini-atelier-focus-protection-des-donnees-et-rgpd-25-nov\/","og_site_name":"Empow&#039;Her","article_modified_time":"2021-10-18T15:54:28+00:00","og_image":[{"width":1080,"height":1080,"url":"https:\/\/empow-her.com\/wp-content\/uploads\/2021\/10\/TEMPLATES-EVENTS-WOMEN-DARE-AGENDA-17.webp","type":"image\/webp"}],"twitter_card":"summary_large_image","schema":{"@context":"https:\/\/schema.org","@graph":[{"@type":"WebPage","@id":"https:\/\/empow-her.com\/es\/produit\/mini-atelier-focus-protection-des-donnees-et-rgpd-25-nov\/","url":"https:\/\/empow-her.com\/es\/produit\/mini-atelier-focus-protection-des-donnees-et-rgpd-25-nov\/","name":"Mini Atelier Focus : Protection des donn\u00e9es & RGPD (2 heures) - Empow&#039;Her","isPartOf":{"@id":"https:\/\/empow-her.com\/#website"},"primaryImageOfPage":{"@id":"https:\/\/empow-her.com\/es\/produit\/mini-atelier-focus-protection-des-donnees-et-rgpd-25-nov\/#primaryimage"},"image":{"@id":"https:\/\/empow-her.com\/es\/produit\/mini-atelier-focus-protection-des-donnees-et-rgpd-25-nov\/#primaryimage"},"thumbnailUrl":"https:\/\/empow-her.com\/wp-content\/uploads\/2021\/10\/TEMPLATES-EVENTS-WOMEN-DARE-AGENDA-17.webp","datePublished":"2021-10-18T15:44:14+00:00","dateModified":"2021-10-18T15:54:28+00:00","breadcrumb":{"@id":"https:\/\/empow-her.com\/es\/produit\/mini-atelier-focus-protection-des-donnees-et-rgpd-25-nov\/#breadcrumb"},"inLanguage":"es","potentialAction":[{"@type":"ReadAction","target":["https:\/\/empow-her.com\/es\/produit\/mini-atelier-focus-protection-des-donnees-et-rgpd-25-nov\/"]}]},{"@type":"ImageObject","inLanguage":"es","@id":"https:\/\/empow-her.com\/es\/produit\/mini-atelier-focus-protection-des-donnees-et-rgpd-25-nov\/#primaryimage","url":"https:\/\/empow-her.com\/wp-content\/uploads\/2021\/10\/TEMPLATES-EVENTS-WOMEN-DARE-AGENDA-17.webp","contentUrl":"https:\/\/empow-her.com\/wp-content\/uploads\/2021\/10\/TEMPLATES-EVENTS-WOMEN-DARE-AGENDA-17.webp","width":1080,"height":1080},{"@type":"BreadcrumbList","@id":"https:\/\/empow-her.com\/es\/produit\/mini-atelier-focus-protection-des-donnees-et-rgpd-25-nov\/#breadcrumb","itemListElement":[{"@type":"ListItem","position":1,"name":"Accueil","item":"https:\/\/empow-her.com\/es\/inicio\/"},{"@type":"ListItem","position":2,"name":"LA BOUTIQUE","item":"https:\/\/empow-her.com\/boutique\/"},{"@type":"ListItem","position":3,"name":"Mini Atelier Focus : Protection des donn\u00e9es &#038; RGPD (2 heures)"}]},{"@type":"WebSite","@id":"https:\/\/empow-her.com\/#website","url":"https:\/\/empow-her.com\/","name":"Empow&#039;Her","description":"Women Development","potentialAction":[{"@type":"SearchAction","target":{"@type":"EntryPoint","urlTemplate":"https:\/\/empow-her.com\/?s={search_term_string}"},"query-input":{"@type":"PropertyValueSpecification","valueRequired":true,"valueName":"search_term_string"}}],"inLanguage":"es"}]}},"_links":{"self":[{"href":"https:\/\/empow-her.com\/es\/wp-json\/wp\/v2\/product\/111575","targetHints":{"allow":["GET"]}}],"collection":[{"href":"https:\/\/empow-her.com\/es\/wp-json\/wp\/v2\/product"}],"about":[{"href":"https:\/\/empow-her.com\/es\/wp-json\/wp\/v2\/types\/product"}],"wp:featuredmedia":[{"embeddable":true,"href":"https:\/\/empow-her.com\/es\/wp-json\/wp\/v2\/media\/111577"}],"wp:attachment":[{"href":"https:\/\/empow-her.com\/es\/wp-json\/wp\/v2\/media?parent=111575"}],"wp:term":[{"taxonomy":"product_brand","embeddable":true,"href":"https:\/\/empow-her.com\/es\/wp-json\/wp\/v2\/product_brand?post=111575"},{"taxonomy":"product_cat","embeddable":true,"href":"https:\/\/empow-her.com\/es\/wp-json\/wp\/v2\/product_cat?post=111575"},{"taxonomy":"product_tag","embeddable":true,"href":"https:\/\/empow-her.com\/es\/wp-json\/wp\/v2\/product_tag?post=111575"},{"taxonomy":"lieu","embeddable":true,"href":"https:\/\/empow-her.com\/es\/wp-json\/wp\/v2\/lieu?post=111575"},{"taxonomy":"thematiques","embeddable":true,"href":"https:\/\/empow-her.com\/es\/wp-json\/wp\/v2\/thematiques?post=111575"}],"curies":[{"name":"wp","href":"https:\/\/api.w.org\/{rel}","templated":true}]}}