{"id":111531,"date":"2021-10-18T13:16:43","date_gmt":"2021-10-18T11:16:43","guid":{"rendered":"https:\/\/empow-her.com\/?post_type=product&#038;p=111531"},"modified":"2021-11-23T09:56:44","modified_gmt":"2021-11-23T08:56:44","slug":"atelier-masterclass-digital","status":"publish","type":"product","link":"https:\/\/empow-her.com\/es\/produit\/atelier-masterclass-digital\/","title":{"rendered":"Atelier &#8211; Masterclass Digital"},"content":{"rendered":"","protected":false},"excerpt":{"rendered":"<div><\/div>\n<p>Vous \u00eates en train de lancer vos offres, vous souhaitez commencer \u00e0 communiquer et toucher votre cible via le digital ? Vous voulez cr\u00e9er un site \u00e0 moindre frais ?<\/p>\n<p>Retrouvez <strong>Marie Poinot-Bougeret, Digital Marketing Manager chez Henkel<\/strong>, pour une &#8220;Masterclass Digital&#8221; <strong>en ligne<\/strong>, pour partager bonnes pratiques et bons plans dans l&#8217;utilisation du digital pour vos projets !<\/p>\n<p>Dans cet atelier, nous aborderons :<\/p>\n<ul>\n<li>L&#8217;utilisation des r\u00e9seaux sociaux : lesquels utiliser, pourquoi, et avec quelles diff\u00e9rences ?<\/li>\n<li>Faire de la publicit\u00e9 sur les r\u00e9seaux sociaux : quelles sont les bonnes pratiques et comment mesurer l&#8217;efficacit\u00e9 des campagnes ?<\/li>\n<li>Cr\u00e9er son site facilement quand on se lance : quels sont les outils bon march\u00e9 et comment \u00eatre bien r\u00e9f\u00e9renc\u00e9e sur Internet ?<\/li>\n<\/ul>\n<p>Avant l&#8217;atelier, n&#8217;oubliez pas de r\u00e9pondre \u00e0 ce sondage en ligne : <a class=\"text-blue underline focus-visible\" contenteditable=\"plaintext-only\" href=\"https:\/\/airtable.com\/shr8tv3uy1JZRK12S\" target=\"_blank\" rel=\"noreferrer noopener\">https:\/\/airtable.com\/shr8tv3uy1JZRK12S<\/a><\/p>\n<p>&nbsp;<\/p>\n<p>Ce projet est co-financ\u00e9 par le Fonds Social Europ\u00e9en.<\/p>\n<p><img decoding=\"async\" class=\"alignnone size-medium wp-image-15794\" src=\"https:\/\/empow-her.com\/wp-content\/uploads\/2021\/07\/fse-logos-1-300x54.png\" alt=\"\" width=\"300\" height=\"54\" srcset=\"https:\/\/empow-her.com\/wp-content\/uploads\/2021\/07\/fse-logos-1-300x54.png 300w, https:\/\/empow-her.com\/wp-content\/uploads\/2021\/07\/fse-logos-1-600x108.png 600w, https:\/\/empow-her.com\/wp-content\/uploads\/2021\/07\/fse-logos-1-1024x184.png 1024w, https:\/\/empow-her.com\/wp-content\/uploads\/2021\/07\/fse-logos-1-768x138.png 768w, https:\/\/empow-her.com\/wp-content\/uploads\/2021\/07\/fse-logos-1-1536x275.png 1536w, https:\/\/empow-her.com\/wp-content\/uploads\/2021\/07\/fse-logos-1-2048x367.png 2048w, https:\/\/empow-her.com\/wp-content\/uploads\/2021\/07\/fse-logos-1-24x4.png 24w, https:\/\/empow-her.com\/wp-content\/uploads\/2021\/07\/fse-logos-1-36x6.png 36w, https:\/\/empow-her.com\/wp-content\/uploads\/2021\/07\/fse-logos-1-48x9.png 48w\" sizes=\"(max-width: 300px) 100vw, 300px\" \/><\/p>\n","protected":false},"featured_media":113105,"template":"","format":"standard","meta":{"_acf_changed":false,"om_disable_all_campaigns":false,"_uf_show_specific_survey":0,"_uf_disable_surveys":false},"product_brand":[],"product_cat":[118],"product_tag":[],"lieu":[125],"thematiques":[],"class_list":{"0":"post-111531","1":"product","2":"type-product","3":"status-publish","4":"format-standard","5":"has-post-thumbnail","7":"product_cat-atelier-collectif","8":"lieu-en-ligne","10":"first","11":"instock","12":"virtual","13":"purchasable","14":"product-type-appointment"},"exclude_global_add_ons":[],"addons":[],"acf":[],"yoast_head":"<!-- This site is optimized with the Yoast SEO plugin v24.8 - https:\/\/yoast.com\/wordpress\/plugins\/seo\/ -->\n<title>Atelier - Masterclass Digital - Empow&#039;Her<\/title>\n<meta name=\"robots\" content=\"index, follow, max-snippet:-1, max-image-preview:large, max-video-preview:-1\" \/>\n<link rel=\"canonical\" href=\"https:\/\/empow-her.com\/es\/produit\/atelier-masterclass-digital\/\" \/>\n<meta property=\"og:locale\" content=\"es_ES\" \/>\n<meta property=\"og:type\" content=\"article\" \/>\n<meta property=\"og:title\" content=\"Atelier - Masterclass Digital - Empow&#039;Her\" \/>\n<meta property=\"og:description\" content=\"Vous \u00eates en train de lancer vos offres, vous souhaitez commencer \u00e0 communiquer et toucher votre cible via le digital ? Vous voulez cr\u00e9er un site \u00e0 moindre frais ?  Retrouvez Marie Poinot-Bougeret, Digital Marketing Manager chez Henkel, pour une &quot;Masterclass Digital&quot; en ligne, pour partager bonnes pratiques et bons plans dans l&#039;utilisation du digital pour vos projets !  Dans cet atelier, nous aborderons :   L&#039;utilisation des r\u00e9seaux sociaux : lesquels utiliser, pourquoi, et avec quelles diff\u00e9rences ?  Faire de la publicit\u00e9 sur les r\u00e9seaux sociaux : quelles sont les bonnes pratiques et comment mesurer l&#039;efficacit\u00e9 des campagnes ?  Cr\u00e9er son site facilement quand on se lance : quels sont les outils bon march\u00e9 et comment \u00eatre bien r\u00e9f\u00e9renc\u00e9e sur Internet ?  Avant l&#039;atelier, n&#039;oubliez pas de r\u00e9pondre \u00e0 ce sondage en ligne : https:\/\/airtable.com\/shr8tv3uy1JZRK12S  &nbsp;  Ce projet est co-financ\u00e9 par le Fonds Social Europ\u00e9en.\" \/>\n<meta property=\"og:url\" content=\"https:\/\/empow-her.com\/es\/produit\/atelier-masterclass-digital\/\" \/>\n<meta property=\"og:site_name\" content=\"Empow&#039;Her\" \/>\n<meta property=\"article:modified_time\" content=\"2021-11-23T08:56:44+00:00\" \/>\n<meta property=\"og:image\" content=\"https:\/\/empow-her.com\/wp-content\/uploads\/2021\/10\/TEMPLATES-EVENTS-WOMEN-DARE-AGENDA-43.png\" \/>\n\t<meta property=\"og:image:width\" content=\"1080\" \/>\n\t<meta property=\"og:image:height\" content=\"1080\" \/>\n\t<meta property=\"og:image:type\" content=\"image\/png\" \/>\n<meta name=\"twitter:card\" content=\"summary_large_image\" \/>\n<script type=\"application\/ld+json\" class=\"yoast-schema-graph\">{\"@context\":\"https:\/\/schema.org\",\"@graph\":[{\"@type\":\"WebPage\",\"@id\":\"https:\/\/empow-her.com\/es\/produit\/atelier-masterclass-digital\/\",\"url\":\"https:\/\/empow-her.com\/es\/produit\/atelier-masterclass-digital\/\",\"name\":\"Atelier - Masterclass Digital - Empow&#039;Her\",\"isPartOf\":{\"@id\":\"https:\/\/empow-her.com\/#website\"},\"primaryImageOfPage\":{\"@id\":\"https:\/\/empow-her.com\/es\/produit\/atelier-masterclass-digital\/#primaryimage\"},\"image\":{\"@id\":\"https:\/\/empow-her.com\/es\/produit\/atelier-masterclass-digital\/#primaryimage\"},\"thumbnailUrl\":\"https:\/\/empow-her.com\/wp-content\/uploads\/2021\/10\/TEMPLATES-EVENTS-WOMEN-DARE-AGENDA-43.png\",\"datePublished\":\"2021-10-18T11:16:43+00:00\",\"dateModified\":\"2021-11-23T08:56:44+00:00\",\"breadcrumb\":{\"@id\":\"https:\/\/empow-her.com\/es\/produit\/atelier-masterclass-digital\/#breadcrumb\"},\"inLanguage\":\"es\",\"potentialAction\":[{\"@type\":\"ReadAction\",\"target\":[\"https:\/\/empow-her.com\/es\/produit\/atelier-masterclass-digital\/\"]}]},{\"@type\":\"ImageObject\",\"inLanguage\":\"es\",\"@id\":\"https:\/\/empow-her.com\/es\/produit\/atelier-masterclass-digital\/#primaryimage\",\"url\":\"https:\/\/empow-her.com\/wp-content\/uploads\/2021\/10\/TEMPLATES-EVENTS-WOMEN-DARE-AGENDA-43.png\",\"contentUrl\":\"https:\/\/empow-her.com\/wp-content\/uploads\/2021\/10\/TEMPLATES-EVENTS-WOMEN-DARE-AGENDA-43.png\",\"width\":1080,\"height\":1080},{\"@type\":\"BreadcrumbList\",\"@id\":\"https:\/\/empow-her.com\/es\/produit\/atelier-masterclass-digital\/#breadcrumb\",\"itemListElement\":[{\"@type\":\"ListItem\",\"position\":1,\"name\":\"Accueil\",\"item\":\"https:\/\/empow-her.com\/es\/inicio\/\"},{\"@type\":\"ListItem\",\"position\":2,\"name\":\"LA BOUTIQUE\",\"item\":\"https:\/\/empow-her.com\/boutique\/\"},{\"@type\":\"ListItem\",\"position\":3,\"name\":\"Atelier &#8211; Masterclass Digital\"}]},{\"@type\":\"WebSite\",\"@id\":\"https:\/\/empow-her.com\/#website\",\"url\":\"https:\/\/empow-her.com\/\",\"name\":\"Empow&#039;Her\",\"description\":\"Women Development\",\"potentialAction\":[{\"@type\":\"SearchAction\",\"target\":{\"@type\":\"EntryPoint\",\"urlTemplate\":\"https:\/\/empow-her.com\/?s={search_term_string}\"},\"query-input\":{\"@type\":\"PropertyValueSpecification\",\"valueRequired\":true,\"valueName\":\"search_term_string\"}}],\"inLanguage\":\"es\"}]}<\/script>\n<!-- \/ Yoast SEO plugin. -->","yoast_head_json":{"title":"Atelier - Masterclass Digital - Empow&#039;Her","robots":{"index":"index","follow":"follow","max-snippet":"max-snippet:-1","max-image-preview":"max-image-preview:large","max-video-preview":"max-video-preview:-1"},"canonical":"https:\/\/empow-her.com\/es\/produit\/atelier-masterclass-digital\/","og_locale":"es_ES","og_type":"article","og_title":"Atelier - Masterclass Digital - Empow&#039;Her","og_description":"Vous \u00eates en train de lancer vos offres, vous souhaitez commencer \u00e0 communiquer et toucher votre cible via le digital ? Vous voulez cr\u00e9er un site \u00e0 moindre frais ?  Retrouvez Marie Poinot-Bougeret, Digital Marketing Manager chez Henkel, pour une \"Masterclass Digital\" en ligne, pour partager bonnes pratiques et bons plans dans l'utilisation du digital pour vos projets !  Dans cet atelier, nous aborderons :   L'utilisation des r\u00e9seaux sociaux : lesquels utiliser, pourquoi, et avec quelles diff\u00e9rences ?  Faire de la publicit\u00e9 sur les r\u00e9seaux sociaux : quelles sont les bonnes pratiques et comment mesurer l'efficacit\u00e9 des campagnes ?  Cr\u00e9er son site facilement quand on se lance : quels sont les outils bon march\u00e9 et comment \u00eatre bien r\u00e9f\u00e9renc\u00e9e sur Internet ?  Avant l'atelier, n'oubliez pas de r\u00e9pondre \u00e0 ce sondage en ligne : https:\/\/airtable.com\/shr8tv3uy1JZRK12S  &nbsp;  Ce projet est co-financ\u00e9 par le Fonds Social Europ\u00e9en.","og_url":"https:\/\/empow-her.com\/es\/produit\/atelier-masterclass-digital\/","og_site_name":"Empow&#039;Her","article_modified_time":"2021-11-23T08:56:44+00:00","og_image":[{"width":1080,"height":1080,"url":"https:\/\/empow-her.com\/wp-content\/uploads\/2021\/10\/TEMPLATES-EVENTS-WOMEN-DARE-AGENDA-43.png","type":"image\/png"}],"twitter_card":"summary_large_image","schema":{"@context":"https:\/\/schema.org","@graph":[{"@type":"WebPage","@id":"https:\/\/empow-her.com\/es\/produit\/atelier-masterclass-digital\/","url":"https:\/\/empow-her.com\/es\/produit\/atelier-masterclass-digital\/","name":"Atelier - Masterclass Digital - Empow&#039;Her","isPartOf":{"@id":"https:\/\/empow-her.com\/#website"},"primaryImageOfPage":{"@id":"https:\/\/empow-her.com\/es\/produit\/atelier-masterclass-digital\/#primaryimage"},"image":{"@id":"https:\/\/empow-her.com\/es\/produit\/atelier-masterclass-digital\/#primaryimage"},"thumbnailUrl":"https:\/\/empow-her.com\/wp-content\/uploads\/2021\/10\/TEMPLATES-EVENTS-WOMEN-DARE-AGENDA-43.png","datePublished":"2021-10-18T11:16:43+00:00","dateModified":"2021-11-23T08:56:44+00:00","breadcrumb":{"@id":"https:\/\/empow-her.com\/es\/produit\/atelier-masterclass-digital\/#breadcrumb"},"inLanguage":"es","potentialAction":[{"@type":"ReadAction","target":["https:\/\/empow-her.com\/es\/produit\/atelier-masterclass-digital\/"]}]},{"@type":"ImageObject","inLanguage":"es","@id":"https:\/\/empow-her.com\/es\/produit\/atelier-masterclass-digital\/#primaryimage","url":"https:\/\/empow-her.com\/wp-content\/uploads\/2021\/10\/TEMPLATES-EVENTS-WOMEN-DARE-AGENDA-43.png","contentUrl":"https:\/\/empow-her.com\/wp-content\/uploads\/2021\/10\/TEMPLATES-EVENTS-WOMEN-DARE-AGENDA-43.png","width":1080,"height":1080},{"@type":"BreadcrumbList","@id":"https:\/\/empow-her.com\/es\/produit\/atelier-masterclass-digital\/#breadcrumb","itemListElement":[{"@type":"ListItem","position":1,"name":"Accueil","item":"https:\/\/empow-her.com\/es\/inicio\/"},{"@type":"ListItem","position":2,"name":"LA BOUTIQUE","item":"https:\/\/empow-her.com\/boutique\/"},{"@type":"ListItem","position":3,"name":"Atelier &#8211; Masterclass Digital"}]},{"@type":"WebSite","@id":"https:\/\/empow-her.com\/#website","url":"https:\/\/empow-her.com\/","name":"Empow&#039;Her","description":"Women Development","potentialAction":[{"@type":"SearchAction","target":{"@type":"EntryPoint","urlTemplate":"https:\/\/empow-her.com\/?s={search_term_string}"},"query-input":{"@type":"PropertyValueSpecification","valueRequired":true,"valueName":"search_term_string"}}],"inLanguage":"es"}]}},"_links":{"self":[{"href":"https:\/\/empow-her.com\/es\/wp-json\/wp\/v2\/product\/111531","targetHints":{"allow":["GET"]}}],"collection":[{"href":"https:\/\/empow-her.com\/es\/wp-json\/wp\/v2\/product"}],"about":[{"href":"https:\/\/empow-her.com\/es\/wp-json\/wp\/v2\/types\/product"}],"wp:featuredmedia":[{"embeddable":true,"href":"https:\/\/empow-her.com\/es\/wp-json\/wp\/v2\/media\/113105"}],"wp:attachment":[{"href":"https:\/\/empow-her.com\/es\/wp-json\/wp\/v2\/media?parent=111531"}],"wp:term":[{"taxonomy":"product_brand","embeddable":true,"href":"https:\/\/empow-her.com\/es\/wp-json\/wp\/v2\/product_brand?post=111531"},{"taxonomy":"product_cat","embeddable":true,"href":"https:\/\/empow-her.com\/es\/wp-json\/wp\/v2\/product_cat?post=111531"},{"taxonomy":"product_tag","embeddable":true,"href":"https:\/\/empow-her.com\/es\/wp-json\/wp\/v2\/product_tag?post=111531"},{"taxonomy":"lieu","embeddable":true,"href":"https:\/\/empow-her.com\/es\/wp-json\/wp\/v2\/lieu?post=111531"},{"taxonomy":"thematiques","embeddable":true,"href":"https:\/\/empow-her.com\/es\/wp-json\/wp\/v2\/thematiques?post=111531"}],"curies":[{"name":"wp","href":"https:\/\/api.w.org\/{rel}","templated":true}]}}