{"id":111003,"date":"2021-10-13T11:19:59","date_gmt":"2021-10-13T09:19:59","guid":{"rendered":"https:\/\/empow-her.com\/?post_type=product&#038;p=111003"},"modified":"2021-10-13T11:24:16","modified_gmt":"2021-10-13T09:24:16","slug":"atelier-identifier-les-bons-financements-en-fonction-de-ses-besoins","status":"publish","type":"product","link":"https:\/\/empow-her.com\/es\/produit\/atelier-identifier-les-bons-financements-en-fonction-de-ses-besoins\/","title":{"rendered":"Atelier &#8211; Identifier les bons financements en fonction de ses besoins"},"content":{"rendered":"","protected":false},"excerpt":{"rendered":"<div>\n<div><\/div>\n<p>Vous souhaitez vous y retrouver parmi toutes les sources de financement possibles pour votre projet ? Crowdfunding, pr\u00eats d&#8217;honneur, pr\u00eats bancaires&#8230; Quelles alternatives sont les plus adapt\u00e9es pour les besoins de votre projet ?<\/p>\n<p>Face \u00e0 la diversit\u00e9 des solutions de financement existantes sur le march\u00e9, le choix optimal reste depuis toujours une des pr\u00e9occupations majeures des entrepreneurs qui souhaitent financer un projet. Lors de cet atelier, nos expertes de chez O2C et Bloomroad vous donneront toutes les cl\u00e9s pour identifier le financement le plus adapt\u00e9 selon votre projet !<\/p>\n<p>&nbsp;<\/p>\n<p><strong>Intervenant.e.s :\u00a0<\/strong><\/p>\n<p>O2C &amp; Bloomroad<\/p>\n<p>&nbsp;<\/p>\n<\/div>\n<p><img decoding=\"async\" class=\"\" src=\"https:\/\/www.sep-asso.fr\/wp-content\/uploads\/2018\/02\/logo-union-europeenne.png\" alt=\"logo union europeenne \u2013 SEP\" width=\"87\" height=\"72\" \/> <img decoding=\"async\" class=\"alignnone wp-image-15218\" src=\"https:\/\/empow-her.com\/wp-content\/uploads\/2021\/06\/logo_fonds_social_europeen-300x187.png\" alt=\"\" width=\"104\" height=\"65\" srcset=\"https:\/\/empow-her.com\/wp-content\/uploads\/2021\/06\/logo_fonds_social_europeen-300x187.png 300w, https:\/\/empow-her.com\/wp-content\/uploads\/2021\/06\/logo_fonds_social_europeen-600x375.png 600w, https:\/\/empow-her.com\/wp-content\/uploads\/2021\/06\/logo_fonds_social_europeen-24x15.png 24w, https:\/\/empow-her.com\/wp-content\/uploads\/2021\/06\/logo_fonds_social_europeen-36x22.png 36w, https:\/\/empow-her.com\/wp-content\/uploads\/2021\/06\/logo_fonds_social_europeen-48x30.png 48w, https:\/\/empow-her.com\/wp-content\/uploads\/2021\/06\/logo_fonds_social_europeen.png 666w\" sizes=\"(max-width: 104px) 100vw, 104px\" \/>\u00a0 <img decoding=\"async\" class=\"\" src=\"https:\/\/franceactive-idf.org\/wp-content\/uploads\/2020\/02\/logo-region-ile-de-france.png\" alt=\"Logo Region Ile De France - France Active \u00cele-de-France\" width=\"126\" height=\"29\" \/> Ce projet est co-financ\u00e9 par le Fonds Social Europ\u00e9en<\/p>\n","protected":false},"featured_media":111004,"template":"","format":"standard","meta":{"_acf_changed":false,"om_disable_all_campaigns":false,"_uf_show_specific_survey":0,"_uf_disable_surveys":false},"product_brand":[],"product_cat":[118],"product_tag":[],"lieu":[127],"thematiques":[],"class_list":{"0":"post-111003","1":"product","2":"type-product","3":"status-publish","4":"format-standard","5":"has-post-thumbnail","7":"product_cat-atelier-collectif","8":"lieu-hub-empowher","10":"first","11":"instock","12":"virtual","13":"purchasable","14":"product-type-appointment"},"exclude_global_add_ons":[],"addons":[],"acf":[],"yoast_head":"<!-- This site is optimized with the Yoast SEO plugin v24.8 - https:\/\/yoast.com\/wordpress\/plugins\/seo\/ -->\n<title>Atelier - Identifier les bons financements en fonction de ses besoins - Empow&#039;Her<\/title>\n<meta name=\"robots\" content=\"index, follow, max-snippet:-1, max-image-preview:large, max-video-preview:-1\" \/>\n<link rel=\"canonical\" href=\"https:\/\/empow-her.com\/es\/produit\/atelier-identifier-les-bons-financements-en-fonction-de-ses-besoins\/\" \/>\n<meta property=\"og:locale\" content=\"es_ES\" \/>\n<meta property=\"og:type\" content=\"article\" \/>\n<meta property=\"og:title\" content=\"Atelier - Identifier les bons financements en fonction de ses besoins - Empow&#039;Her\" \/>\n<meta property=\"og:description\" content=\"Vous souhaitez vous y retrouver parmi toutes les sources de financement possibles pour votre projet ? Crowdfunding, pr\u00eats d&#039;honneur, pr\u00eats bancaires... Quelles alternatives sont les plus adapt\u00e9es pour les besoins de votre projet ?  Face \u00e0 la diversit\u00e9 des solutions de financement existantes sur le march\u00e9, le choix optimal reste depuis toujours une des pr\u00e9occupations majeures des entrepreneurs qui souhaitent financer un projet. Lors de cet atelier, nos expertes de chez O2C et Bloomroad vous donneront toutes les cl\u00e9s pour identifier le financement le plus adapt\u00e9 selon votre projet !  &nbsp;  Intervenant.e.s :\u00a0  O2C &amp; Bloomroad  &nbsp;    \u00a0 Ce projet est co-financ\u00e9 par le Fonds Social Europ\u00e9en\" \/>\n<meta property=\"og:url\" content=\"https:\/\/empow-her.com\/es\/produit\/atelier-identifier-les-bons-financements-en-fonction-de-ses-besoins\/\" \/>\n<meta property=\"og:site_name\" content=\"Empow&#039;Her\" \/>\n<meta property=\"article:modified_time\" content=\"2021-10-13T09:24:16+00:00\" \/>\n<meta property=\"og:image\" content=\"https:\/\/empow-her.com\/wp-content\/uploads\/2021\/10\/TEMPLATES-EVENTS-WOMEN-DARE-AGENDA-1.png\" \/>\n\t<meta property=\"og:image:width\" content=\"1080\" \/>\n\t<meta property=\"og:image:height\" content=\"1080\" \/>\n\t<meta property=\"og:image:type\" content=\"image\/png\" \/>\n<meta name=\"twitter:card\" content=\"summary_large_image\" \/>\n<script type=\"application\/ld+json\" class=\"yoast-schema-graph\">{\"@context\":\"https:\/\/schema.org\",\"@graph\":[{\"@type\":\"WebPage\",\"@id\":\"https:\/\/empow-her.com\/es\/produit\/atelier-identifier-les-bons-financements-en-fonction-de-ses-besoins\/\",\"url\":\"https:\/\/empow-her.com\/es\/produit\/atelier-identifier-les-bons-financements-en-fonction-de-ses-besoins\/\",\"name\":\"Atelier - Identifier les bons financements en fonction de ses besoins - Empow&#039;Her\",\"isPartOf\":{\"@id\":\"https:\/\/empow-her.com\/#website\"},\"primaryImageOfPage\":{\"@id\":\"https:\/\/empow-her.com\/es\/produit\/atelier-identifier-les-bons-financements-en-fonction-de-ses-besoins\/#primaryimage\"},\"image\":{\"@id\":\"https:\/\/empow-her.com\/es\/produit\/atelier-identifier-les-bons-financements-en-fonction-de-ses-besoins\/#primaryimage\"},\"thumbnailUrl\":\"https:\/\/empow-her.com\/wp-content\/uploads\/2021\/10\/TEMPLATES-EVENTS-WOMEN-DARE-AGENDA-1.png\",\"datePublished\":\"2021-10-13T09:19:59+00:00\",\"dateModified\":\"2021-10-13T09:24:16+00:00\",\"breadcrumb\":{\"@id\":\"https:\/\/empow-her.com\/es\/produit\/atelier-identifier-les-bons-financements-en-fonction-de-ses-besoins\/#breadcrumb\"},\"inLanguage\":\"es\",\"potentialAction\":[{\"@type\":\"ReadAction\",\"target\":[\"https:\/\/empow-her.com\/es\/produit\/atelier-identifier-les-bons-financements-en-fonction-de-ses-besoins\/\"]}]},{\"@type\":\"ImageObject\",\"inLanguage\":\"es\",\"@id\":\"https:\/\/empow-her.com\/es\/produit\/atelier-identifier-les-bons-financements-en-fonction-de-ses-besoins\/#primaryimage\",\"url\":\"https:\/\/empow-her.com\/wp-content\/uploads\/2021\/10\/TEMPLATES-EVENTS-WOMEN-DARE-AGENDA-1.png\",\"contentUrl\":\"https:\/\/empow-her.com\/wp-content\/uploads\/2021\/10\/TEMPLATES-EVENTS-WOMEN-DARE-AGENDA-1.png\",\"width\":1080,\"height\":1080},{\"@type\":\"BreadcrumbList\",\"@id\":\"https:\/\/empow-her.com\/es\/produit\/atelier-identifier-les-bons-financements-en-fonction-de-ses-besoins\/#breadcrumb\",\"itemListElement\":[{\"@type\":\"ListItem\",\"position\":1,\"name\":\"Accueil\",\"item\":\"https:\/\/empow-her.com\/es\/inicio\/\"},{\"@type\":\"ListItem\",\"position\":2,\"name\":\"LA BOUTIQUE\",\"item\":\"https:\/\/empow-her.com\/boutique\/\"},{\"@type\":\"ListItem\",\"position\":3,\"name\":\"Atelier &#8211; Identifier les bons financements en fonction de ses besoins\"}]},{\"@type\":\"WebSite\",\"@id\":\"https:\/\/empow-her.com\/#website\",\"url\":\"https:\/\/empow-her.com\/\",\"name\":\"Empow&#039;Her\",\"description\":\"Women Development\",\"potentialAction\":[{\"@type\":\"SearchAction\",\"target\":{\"@type\":\"EntryPoint\",\"urlTemplate\":\"https:\/\/empow-her.com\/?s={search_term_string}\"},\"query-input\":{\"@type\":\"PropertyValueSpecification\",\"valueRequired\":true,\"valueName\":\"search_term_string\"}}],\"inLanguage\":\"es\"}]}<\/script>\n<!-- \/ Yoast SEO plugin. -->","yoast_head_json":{"title":"Atelier - Identifier les bons financements en fonction de ses besoins - Empow&#039;Her","robots":{"index":"index","follow":"follow","max-snippet":"max-snippet:-1","max-image-preview":"max-image-preview:large","max-video-preview":"max-video-preview:-1"},"canonical":"https:\/\/empow-her.com\/es\/produit\/atelier-identifier-les-bons-financements-en-fonction-de-ses-besoins\/","og_locale":"es_ES","og_type":"article","og_title":"Atelier - Identifier les bons financements en fonction de ses besoins - Empow&#039;Her","og_description":"Vous souhaitez vous y retrouver parmi toutes les sources de financement possibles pour votre projet ? Crowdfunding, pr\u00eats d'honneur, pr\u00eats bancaires... Quelles alternatives sont les plus adapt\u00e9es pour les besoins de votre projet ?  Face \u00e0 la diversit\u00e9 des solutions de financement existantes sur le march\u00e9, le choix optimal reste depuis toujours une des pr\u00e9occupations majeures des entrepreneurs qui souhaitent financer un projet. Lors de cet atelier, nos expertes de chez O2C et Bloomroad vous donneront toutes les cl\u00e9s pour identifier le financement le plus adapt\u00e9 selon votre projet !  &nbsp;  Intervenant.e.s :\u00a0  O2C &amp; Bloomroad  &nbsp;    \u00a0 Ce projet est co-financ\u00e9 par le Fonds Social Europ\u00e9en","og_url":"https:\/\/empow-her.com\/es\/produit\/atelier-identifier-les-bons-financements-en-fonction-de-ses-besoins\/","og_site_name":"Empow&#039;Her","article_modified_time":"2021-10-13T09:24:16+00:00","og_image":[{"width":1080,"height":1080,"url":"https:\/\/empow-her.com\/wp-content\/uploads\/2021\/10\/TEMPLATES-EVENTS-WOMEN-DARE-AGENDA-1.png","type":"image\/png"}],"twitter_card":"summary_large_image","schema":{"@context":"https:\/\/schema.org","@graph":[{"@type":"WebPage","@id":"https:\/\/empow-her.com\/es\/produit\/atelier-identifier-les-bons-financements-en-fonction-de-ses-besoins\/","url":"https:\/\/empow-her.com\/es\/produit\/atelier-identifier-les-bons-financements-en-fonction-de-ses-besoins\/","name":"Atelier - Identifier les bons financements en fonction de ses besoins - Empow&#039;Her","isPartOf":{"@id":"https:\/\/empow-her.com\/#website"},"primaryImageOfPage":{"@id":"https:\/\/empow-her.com\/es\/produit\/atelier-identifier-les-bons-financements-en-fonction-de-ses-besoins\/#primaryimage"},"image":{"@id":"https:\/\/empow-her.com\/es\/produit\/atelier-identifier-les-bons-financements-en-fonction-de-ses-besoins\/#primaryimage"},"thumbnailUrl":"https:\/\/empow-her.com\/wp-content\/uploads\/2021\/10\/TEMPLATES-EVENTS-WOMEN-DARE-AGENDA-1.png","datePublished":"2021-10-13T09:19:59+00:00","dateModified":"2021-10-13T09:24:16+00:00","breadcrumb":{"@id":"https:\/\/empow-her.com\/es\/produit\/atelier-identifier-les-bons-financements-en-fonction-de-ses-besoins\/#breadcrumb"},"inLanguage":"es","potentialAction":[{"@type":"ReadAction","target":["https:\/\/empow-her.com\/es\/produit\/atelier-identifier-les-bons-financements-en-fonction-de-ses-besoins\/"]}]},{"@type":"ImageObject","inLanguage":"es","@id":"https:\/\/empow-her.com\/es\/produit\/atelier-identifier-les-bons-financements-en-fonction-de-ses-besoins\/#primaryimage","url":"https:\/\/empow-her.com\/wp-content\/uploads\/2021\/10\/TEMPLATES-EVENTS-WOMEN-DARE-AGENDA-1.png","contentUrl":"https:\/\/empow-her.com\/wp-content\/uploads\/2021\/10\/TEMPLATES-EVENTS-WOMEN-DARE-AGENDA-1.png","width":1080,"height":1080},{"@type":"BreadcrumbList","@id":"https:\/\/empow-her.com\/es\/produit\/atelier-identifier-les-bons-financements-en-fonction-de-ses-besoins\/#breadcrumb","itemListElement":[{"@type":"ListItem","position":1,"name":"Accueil","item":"https:\/\/empow-her.com\/es\/inicio\/"},{"@type":"ListItem","position":2,"name":"LA BOUTIQUE","item":"https:\/\/empow-her.com\/boutique\/"},{"@type":"ListItem","position":3,"name":"Atelier &#8211; Identifier les bons financements en fonction de ses besoins"}]},{"@type":"WebSite","@id":"https:\/\/empow-her.com\/#website","url":"https:\/\/empow-her.com\/","name":"Empow&#039;Her","description":"Women Development","potentialAction":[{"@type":"SearchAction","target":{"@type":"EntryPoint","urlTemplate":"https:\/\/empow-her.com\/?s={search_term_string}"},"query-input":{"@type":"PropertyValueSpecification","valueRequired":true,"valueName":"search_term_string"}}],"inLanguage":"es"}]}},"_links":{"self":[{"href":"https:\/\/empow-her.com\/es\/wp-json\/wp\/v2\/product\/111003","targetHints":{"allow":["GET"]}}],"collection":[{"href":"https:\/\/empow-her.com\/es\/wp-json\/wp\/v2\/product"}],"about":[{"href":"https:\/\/empow-her.com\/es\/wp-json\/wp\/v2\/types\/product"}],"wp:featuredmedia":[{"embeddable":true,"href":"https:\/\/empow-her.com\/es\/wp-json\/wp\/v2\/media\/111004"}],"wp:attachment":[{"href":"https:\/\/empow-her.com\/es\/wp-json\/wp\/v2\/media?parent=111003"}],"wp:term":[{"taxonomy":"product_brand","embeddable":true,"href":"https:\/\/empow-her.com\/es\/wp-json\/wp\/v2\/product_brand?post=111003"},{"taxonomy":"product_cat","embeddable":true,"href":"https:\/\/empow-her.com\/es\/wp-json\/wp\/v2\/product_cat?post=111003"},{"taxonomy":"product_tag","embeddable":true,"href":"https:\/\/empow-her.com\/es\/wp-json\/wp\/v2\/product_tag?post=111003"},{"taxonomy":"lieu","embeddable":true,"href":"https:\/\/empow-her.com\/es\/wp-json\/wp\/v2\/lieu?post=111003"},{"taxonomy":"thematiques","embeddable":true,"href":"https:\/\/empow-her.com\/es\/wp-json\/wp\/v2\/thematiques?post=111003"}],"curies":[{"name":"wp","href":"https:\/\/api.w.org\/{rel}","templated":true}]}}