{"id":11033,"date":"2021-02-10T21:03:30","date_gmt":"2021-02-10T20:03:30","guid":{"rendered":"https:\/\/empow-her.com\/produit\/import-placeholder-for-11800\/"},"modified":"2021-02-10T22:28:54","modified_gmt":"2021-02-10T21:28:54","slug":"shetalks-celles-qui-agitent-le-monde-de-la-restauration","status":"publish","type":"product","link":"https:\/\/empow-her.com\/es\/produit\/shetalks-celles-qui-agitent-le-monde-de-la-restauration\/","title":{"rendered":"SheTalks : celles qui agitent le monde de la restauration"},"content":{"rendered":"<p>Entreprendre dans la restauration, vous y avez d\u00e9j\u00e0 pens\u00e9 ?<\/p>\n<p>Que ce soit dans un restaurant, une boulangerie, la p\u00e2tisserie, ou m\u00eame le monde du vin, les opportunit\u00e9s sont multiples. Et elles sont nombreuses \u00e0 avoir sauter le pas !<\/p>\n<p>Nous souhaitons dans ce prochain SheTalks aborder tous ces parcours, que l&#8217;on choisisse le parcours traditionnel via le CAP ou en mode autodidacte ! Nous voulons vous donner envie d&#8217;oser entreprendre dans ces m\u00e9tiers fascinants, souvent r\u00e9put\u00e9s pour \u00eatre difficiles et tr\u00e8s masculins en rencontrant un panel \u00e9clectique 3 entrepreneures \u00e0 succ\u00e8s et aux trajectoires impressionnantes.<\/p>\n<p>Nous y parlerons syndrome de l&#8217;imposteur, reconversion, passion et vous d\u00e9couvrirez l&#8217;envers du d\u00e9cor, de la cuisine jusqu&#8217;\u00e0 l&#8217;\u00e9quilibre vie pro\/vie perso.<\/p>\n<p><i><strong>Laura Vidal, sommeli\u00e8re et entrepreneure,\u00a0<\/strong>elle a co-fond\u00e9 plusieurs restaurants comme la Mercerie \u00e0 Marseille, le Chardon \u00e0 Arles ou encore le Popup \u00e0 Paris. Cette canadienne d&#8217;origine a re\u00e7u le prix Gault &amp; Millau 2020 de la meilleure sommeli\u00e8re de l\u2019ann\u00e9e et voue un amour passionn\u00e9 au vin naturel. \u00a0<\/i><\/p>\n<p><i><strong>Donia Souad, co-fondatrice de Meet My Mama,\u00a0<\/strong>jeune entreprise dont l&#8217;objectif est de valoriser les comp\u00e9tences des femmes issues de l&#8217;immigration \u00e0 travers une valeur commune : la nourriture. La start-up a deux facettes : &#8220;Meet my Mama&#8221;, qui r\u00e9invente les codes des services traiteur et propose des voyages culinaires aux entreprises, et &#8220;Empower my Mama&#8221;, une organisation \u00e0 but non lucratif d\u00e9di\u00e9e \u00e0 la formation professionnelle des Mamas, afin de les aider \u00e0 percer dans ce secteur en tant que cheffes ou entrepreneures.\u00a0<\/i><\/p>\n<p><i><strong>Alice Quillet, cheffe autodidacte, co-fondatrice de l&#8217;enseigne Ten Belles,\u00a0<\/strong>qui compte aujourd&#8217;hui trois adresses hautement pris\u00e9es \u00e0 Paris. Avec la cheffe Anna Trattles, le duo britannique incontournable de la sc\u00e8ne food a ouvert des \u00e9tablissements engag\u00e9s, \u00e0 leur image, entre le coffee shop et la boulangerie nouvelle g\u00e9n\u00e9ration.\u00a0<\/i><\/p>\n<p>&nbsp;<\/p>\n<p>Pour vous inscrire r\u00e9servez vite votre billet !<\/p>\n","protected":false},"excerpt":{"rendered":"<p>Entreprendre dans la restauration, comment \u00e7a se passe lorsque l&#8217;on est une femme ?<\/p>\n<p>Que ce soit dans un restaurant, une boulangerie, la p\u00e2tisserie, ou m\u00eame le monde du vin, les opportunit\u00e9s sont nombreuses ! Nous souhaitons aujourd&#8217;hui aborder tous ces parcours, que l&#8217;on choisisse le traditionnel via le CAP ou de se lancer en mode autodidacte, nous souhaitions vous donner envie d&#8217;oser entreprendre dans ces m\u00e9tiers fascinants, souvent r\u00e9put\u00e9s pour \u00eatre difficiles et tr\u00e8s masculins !<\/p>\n","protected":false},"featured_media":0,"template":"","format":"standard","meta":{"_acf_changed":false,"om_disable_all_campaigns":false,"_uf_show_specific_survey":0,"_uf_disable_surveys":false},"product_brand":[],"product_cat":[119],"product_tag":[],"lieu":[125],"thematiques":[],"class_list":{"0":"post-11033","1":"product","2":"type-product","3":"status-publish","4":"format-standard","6":"product_cat-evenement-sisther","7":"lieu-en-ligne","9":"first","10":"instock","11":"virtual","12":"purchasable","13":"product-type-appointment"},"exclude_global_add_ons":[],"addons":[],"acf":[],"yoast_head":"<!-- This site is optimized with the Yoast SEO plugin v24.8 - https:\/\/yoast.com\/wordpress\/plugins\/seo\/ -->\n<title>SheTalks : celles qui agitent le monde de la restauration - Empow&#039;Her<\/title>\n<meta name=\"robots\" content=\"index, follow, max-snippet:-1, max-image-preview:large, max-video-preview:-1\" \/>\n<link rel=\"canonical\" href=\"https:\/\/empow-her.com\/produit\/shetalks-celles-qui-agitent-le-monde-de-la-restauration\/\" \/>\n<meta property=\"og:locale\" content=\"es_ES\" \/>\n<meta property=\"og:type\" content=\"article\" \/>\n<meta property=\"og:title\" content=\"SheTalks : celles qui agitent le monde de la restauration - Empow&#039;Her\" \/>\n<meta property=\"og:description\" content=\"Entreprendre dans la restauration, comment \u00e7a se passe lorsque l&#039;on est une femme ?  Que ce soit dans un restaurant, une boulangerie, la p\u00e2tisserie, ou m\u00eame le monde du vin, les opportunit\u00e9s sont nombreuses ! Nous souhaitons aujourd&#039;hui aborder tous ces parcours, que l&#039;on choisisse le traditionnel via le CAP ou de se lancer en mode autodidacte, nous souhaitions vous donner envie d&#039;oser entreprendre dans ces m\u00e9tiers fascinants, souvent r\u00e9put\u00e9s pour \u00eatre difficiles et tr\u00e8s masculins !\" \/>\n<meta property=\"og:url\" content=\"https:\/\/empow-her.com\/produit\/shetalks-celles-qui-agitent-le-monde-de-la-restauration\/\" \/>\n<meta property=\"og:site_name\" content=\"Empow&#039;Her\" \/>\n<meta property=\"article:modified_time\" content=\"2021-02-10T21:28:54+00:00\" \/>\n<meta name=\"twitter:card\" content=\"summary_large_image\" \/>\n<meta name=\"twitter:label1\" content=\"Tiempo de lectura\" \/>\n\t<meta name=\"twitter:data1\" content=\"2 minutos\" \/>\n<script type=\"application\/ld+json\" class=\"yoast-schema-graph\">{\"@context\":\"https:\/\/schema.org\",\"@graph\":[{\"@type\":\"WebPage\",\"@id\":\"https:\/\/empow-her.com\/produit\/shetalks-celles-qui-agitent-le-monde-de-la-restauration\/\",\"url\":\"https:\/\/empow-her.com\/produit\/shetalks-celles-qui-agitent-le-monde-de-la-restauration\/\",\"name\":\"SheTalks : celles qui agitent le monde de la restauration - Empow&#039;Her\",\"isPartOf\":{\"@id\":\"https:\/\/empow-her.com\/#website\"},\"datePublished\":\"2021-02-10T20:03:30+00:00\",\"dateModified\":\"2021-02-10T21:28:54+00:00\",\"breadcrumb\":{\"@id\":\"https:\/\/empow-her.com\/produit\/shetalks-celles-qui-agitent-le-monde-de-la-restauration\/#breadcrumb\"},\"inLanguage\":\"es\",\"potentialAction\":[{\"@type\":\"ReadAction\",\"target\":[\"https:\/\/empow-her.com\/produit\/shetalks-celles-qui-agitent-le-monde-de-la-restauration\/\"]}]},{\"@type\":\"BreadcrumbList\",\"@id\":\"https:\/\/empow-her.com\/produit\/shetalks-celles-qui-agitent-le-monde-de-la-restauration\/#breadcrumb\",\"itemListElement\":[{\"@type\":\"ListItem\",\"position\":1,\"name\":\"Accueil\",\"item\":\"https:\/\/empow-her.com\/es\/inicio\/\"},{\"@type\":\"ListItem\",\"position\":2,\"name\":\"LA BOUTIQUE\",\"item\":\"https:\/\/empow-her.com\/boutique\/\"},{\"@type\":\"ListItem\",\"position\":3,\"name\":\"SheTalks : celles qui agitent le monde de la restauration\"}]},{\"@type\":\"WebSite\",\"@id\":\"https:\/\/empow-her.com\/#website\",\"url\":\"https:\/\/empow-her.com\/\",\"name\":\"Empow&#039;Her\",\"description\":\"Women Development\",\"potentialAction\":[{\"@type\":\"SearchAction\",\"target\":{\"@type\":\"EntryPoint\",\"urlTemplate\":\"https:\/\/empow-her.com\/?s={search_term_string}\"},\"query-input\":{\"@type\":\"PropertyValueSpecification\",\"valueRequired\":true,\"valueName\":\"search_term_string\"}}],\"inLanguage\":\"es\"}]}<\/script>\n<!-- \/ Yoast SEO plugin. -->","yoast_head_json":{"title":"SheTalks : celles qui agitent le monde de la restauration - Empow&#039;Her","robots":{"index":"index","follow":"follow","max-snippet":"max-snippet:-1","max-image-preview":"max-image-preview:large","max-video-preview":"max-video-preview:-1"},"canonical":"https:\/\/empow-her.com\/produit\/shetalks-celles-qui-agitent-le-monde-de-la-restauration\/","og_locale":"es_ES","og_type":"article","og_title":"SheTalks : celles qui agitent le monde de la restauration - Empow&#039;Her","og_description":"Entreprendre dans la restauration, comment \u00e7a se passe lorsque l'on est une femme ?  Que ce soit dans un restaurant, une boulangerie, la p\u00e2tisserie, ou m\u00eame le monde du vin, les opportunit\u00e9s sont nombreuses ! Nous souhaitons aujourd'hui aborder tous ces parcours, que l'on choisisse le traditionnel via le CAP ou de se lancer en mode autodidacte, nous souhaitions vous donner envie d'oser entreprendre dans ces m\u00e9tiers fascinants, souvent r\u00e9put\u00e9s pour \u00eatre difficiles et tr\u00e8s masculins !","og_url":"https:\/\/empow-her.com\/produit\/shetalks-celles-qui-agitent-le-monde-de-la-restauration\/","og_site_name":"Empow&#039;Her","article_modified_time":"2021-02-10T21:28:54+00:00","twitter_card":"summary_large_image","twitter_misc":{"Tiempo de lectura":"2 minutos"},"schema":{"@context":"https:\/\/schema.org","@graph":[{"@type":"WebPage","@id":"https:\/\/empow-her.com\/produit\/shetalks-celles-qui-agitent-le-monde-de-la-restauration\/","url":"https:\/\/empow-her.com\/produit\/shetalks-celles-qui-agitent-le-monde-de-la-restauration\/","name":"SheTalks : celles qui agitent le monde de la restauration - Empow&#039;Her","isPartOf":{"@id":"https:\/\/empow-her.com\/#website"},"datePublished":"2021-02-10T20:03:30+00:00","dateModified":"2021-02-10T21:28:54+00:00","breadcrumb":{"@id":"https:\/\/empow-her.com\/produit\/shetalks-celles-qui-agitent-le-monde-de-la-restauration\/#breadcrumb"},"inLanguage":"es","potentialAction":[{"@type":"ReadAction","target":["https:\/\/empow-her.com\/produit\/shetalks-celles-qui-agitent-le-monde-de-la-restauration\/"]}]},{"@type":"BreadcrumbList","@id":"https:\/\/empow-her.com\/produit\/shetalks-celles-qui-agitent-le-monde-de-la-restauration\/#breadcrumb","itemListElement":[{"@type":"ListItem","position":1,"name":"Accueil","item":"https:\/\/empow-her.com\/es\/inicio\/"},{"@type":"ListItem","position":2,"name":"LA BOUTIQUE","item":"https:\/\/empow-her.com\/boutique\/"},{"@type":"ListItem","position":3,"name":"SheTalks : celles qui agitent le monde de la restauration"}]},{"@type":"WebSite","@id":"https:\/\/empow-her.com\/#website","url":"https:\/\/empow-her.com\/","name":"Empow&#039;Her","description":"Women Development","potentialAction":[{"@type":"SearchAction","target":{"@type":"EntryPoint","urlTemplate":"https:\/\/empow-her.com\/?s={search_term_string}"},"query-input":{"@type":"PropertyValueSpecification","valueRequired":true,"valueName":"search_term_string"}}],"inLanguage":"es"}]}},"_links":{"self":[{"href":"https:\/\/empow-her.com\/es\/wp-json\/wp\/v2\/product\/11033","targetHints":{"allow":["GET"]}}],"collection":[{"href":"https:\/\/empow-her.com\/es\/wp-json\/wp\/v2\/product"}],"about":[{"href":"https:\/\/empow-her.com\/es\/wp-json\/wp\/v2\/types\/product"}],"wp:attachment":[{"href":"https:\/\/empow-her.com\/es\/wp-json\/wp\/v2\/media?parent=11033"}],"wp:term":[{"taxonomy":"product_brand","embeddable":true,"href":"https:\/\/empow-her.com\/es\/wp-json\/wp\/v2\/product_brand?post=11033"},{"taxonomy":"product_cat","embeddable":true,"href":"https:\/\/empow-her.com\/es\/wp-json\/wp\/v2\/product_cat?post=11033"},{"taxonomy":"product_tag","embeddable":true,"href":"https:\/\/empow-her.com\/es\/wp-json\/wp\/v2\/product_tag?post=11033"},{"taxonomy":"lieu","embeddable":true,"href":"https:\/\/empow-her.com\/es\/wp-json\/wp\/v2\/lieu?post=11033"},{"taxonomy":"thematiques","embeddable":true,"href":"https:\/\/empow-her.com\/es\/wp-json\/wp\/v2\/thematiques?post=11033"}],"curies":[{"name":"wp","href":"https:\/\/api.w.org\/{rel}","templated":true}]}}