{"id":11032,"date":"2021-02-10T21:03:30","date_gmt":"2021-02-10T20:03:30","guid":{"rendered":"https:\/\/empow-her.com\/produit\/import-placeholder-for-11797\/"},"modified":"2021-02-16T20:50:59","modified_gmt":"2021-02-16T19:50:59","slug":"atelier-les-bases-juridiques-et-la-protection-des-donnees","status":"publish","type":"product","link":"https:\/\/empow-her.com\/es\/produit\/atelier-les-bases-juridiques-et-la-protection-des-donnees\/","title":{"rendered":"Atelier &#8211; Les bases juridiques et la protection des donn\u00e9es"},"content":{"rendered":"","protected":false},"excerpt":{"rendered":"<p>Quels sont mes droits et mes devoirs d&#8217;entrepreneure ? Que dois-je savoir avant de me lancer ? Comment prot\u00e9ger mon projet et les donn\u00e9es de mes utilisateur.rice.s ? D\u00e9couvrez le dessous du droit des affaires avec deux avocat.e.s du Barreau de Paris !<\/p>\n<p><strong>Par :<\/strong> Le Barreau de Paris<\/p>\n<p><strong>Intervenant.e.s :<\/strong> Ma\u00eetre Salzer et Ma\u00eetre Zanotti, sont avocat.e.s du Barreau de Paris, sp\u00e9cialistes du droit des affaires et de la protection des donn\u00e9es personnelles.<\/p>\n<p><strong>Dur\u00e9e :<\/strong> 3h<\/p>\n<p><strong>Lieu :<\/strong> En ligne<\/p>\n","protected":false},"featured_media":0,"template":"","format":"standard","meta":{"_acf_changed":false,"om_disable_all_campaigns":false,"_uf_show_specific_survey":0,"_uf_disable_surveys":false},"product_brand":[],"product_cat":[118],"product_tag":[],"lieu":[125],"thematiques":[],"class_list":{"0":"post-11032","1":"product","2":"type-product","3":"status-publish","4":"format-standard","6":"product_cat-atelier-collectif","7":"lieu-en-ligne","9":"first","10":"instock","11":"virtual","12":"purchasable","13":"product-type-appointment"},"exclude_global_add_ons":[],"addons":[],"acf":[],"yoast_head":"<!-- This site is optimized with the Yoast SEO plugin v24.8 - https:\/\/yoast.com\/wordpress\/plugins\/seo\/ -->\n<title>Atelier - Les bases juridiques et la protection des donn\u00e9es - Empow&#039;Her<\/title>\n<meta name=\"robots\" content=\"index, follow, max-snippet:-1, max-image-preview:large, max-video-preview:-1\" \/>\n<link rel=\"canonical\" href=\"https:\/\/empow-her.com\/es\/produit\/atelier-les-bases-juridiques-et-la-protection-des-donnees\/\" \/>\n<meta property=\"og:locale\" content=\"es_ES\" \/>\n<meta property=\"og:type\" content=\"article\" \/>\n<meta property=\"og:title\" content=\"Atelier - Les bases juridiques et la protection des donn\u00e9es - Empow&#039;Her\" \/>\n<meta property=\"og:description\" content=\"Quels sont mes droits et mes devoirs d&#039;entrepreneure ? Que dois-je savoir avant de me lancer ? Comment prot\u00e9ger mon projet et les donn\u00e9es de mes utilisateur.rice.s ? D\u00e9couvrez le dessous du droit des affaires avec deux avocat.e.s du Barreau de Paris !  Par : Le Barreau de Paris  Intervenant.e.s : Ma\u00eetre Salzer et Ma\u00eetre Zanotti, sont avocat.e.s du Barreau de Paris, sp\u00e9cialistes du droit des affaires et de la protection des donn\u00e9es personnelles.  Dur\u00e9e : 3h  Lieu : En ligne\" \/>\n<meta property=\"og:url\" content=\"https:\/\/empow-her.com\/es\/produit\/atelier-les-bases-juridiques-et-la-protection-des-donnees\/\" \/>\n<meta property=\"og:site_name\" content=\"Empow&#039;Her\" \/>\n<meta property=\"article:modified_time\" content=\"2021-02-16T19:50:59+00:00\" \/>\n<meta name=\"twitter:card\" content=\"summary_large_image\" \/>\n<script type=\"application\/ld+json\" class=\"yoast-schema-graph\">{\"@context\":\"https:\/\/schema.org\",\"@graph\":[{\"@type\":\"WebPage\",\"@id\":\"https:\/\/empow-her.com\/es\/produit\/atelier-les-bases-juridiques-et-la-protection-des-donnees\/\",\"url\":\"https:\/\/empow-her.com\/es\/produit\/atelier-les-bases-juridiques-et-la-protection-des-donnees\/\",\"name\":\"Atelier - Les bases juridiques et la protection des donn\u00e9es - Empow&#039;Her\",\"isPartOf\":{\"@id\":\"https:\/\/empow-her.com\/#website\"},\"datePublished\":\"2021-02-10T20:03:30+00:00\",\"dateModified\":\"2021-02-16T19:50:59+00:00\",\"breadcrumb\":{\"@id\":\"https:\/\/empow-her.com\/es\/produit\/atelier-les-bases-juridiques-et-la-protection-des-donnees\/#breadcrumb\"},\"inLanguage\":\"es\",\"potentialAction\":[{\"@type\":\"ReadAction\",\"target\":[\"https:\/\/empow-her.com\/es\/produit\/atelier-les-bases-juridiques-et-la-protection-des-donnees\/\"]}]},{\"@type\":\"BreadcrumbList\",\"@id\":\"https:\/\/empow-her.com\/es\/produit\/atelier-les-bases-juridiques-et-la-protection-des-donnees\/#breadcrumb\",\"itemListElement\":[{\"@type\":\"ListItem\",\"position\":1,\"name\":\"Accueil\",\"item\":\"https:\/\/empow-her.com\/es\/inicio\/\"},{\"@type\":\"ListItem\",\"position\":2,\"name\":\"LA BOUTIQUE\",\"item\":\"https:\/\/empow-her.com\/boutique\/\"},{\"@type\":\"ListItem\",\"position\":3,\"name\":\"Atelier &#8211; Les bases juridiques et la protection des donn\u00e9es\"}]},{\"@type\":\"WebSite\",\"@id\":\"https:\/\/empow-her.com\/#website\",\"url\":\"https:\/\/empow-her.com\/\",\"name\":\"Empow&#039;Her\",\"description\":\"Women Development\",\"potentialAction\":[{\"@type\":\"SearchAction\",\"target\":{\"@type\":\"EntryPoint\",\"urlTemplate\":\"https:\/\/empow-her.com\/?s={search_term_string}\"},\"query-input\":{\"@type\":\"PropertyValueSpecification\",\"valueRequired\":true,\"valueName\":\"search_term_string\"}}],\"inLanguage\":\"es\"}]}<\/script>\n<!-- \/ Yoast SEO plugin. -->","yoast_head_json":{"title":"Atelier - Les bases juridiques et la protection des donn\u00e9es - Empow&#039;Her","robots":{"index":"index","follow":"follow","max-snippet":"max-snippet:-1","max-image-preview":"max-image-preview:large","max-video-preview":"max-video-preview:-1"},"canonical":"https:\/\/empow-her.com\/es\/produit\/atelier-les-bases-juridiques-et-la-protection-des-donnees\/","og_locale":"es_ES","og_type":"article","og_title":"Atelier - Les bases juridiques et la protection des donn\u00e9es - Empow&#039;Her","og_description":"Quels sont mes droits et mes devoirs d'entrepreneure ? Que dois-je savoir avant de me lancer ? Comment prot\u00e9ger mon projet et les donn\u00e9es de mes utilisateur.rice.s ? D\u00e9couvrez le dessous du droit des affaires avec deux avocat.e.s du Barreau de Paris !  Par : Le Barreau de Paris  Intervenant.e.s : Ma\u00eetre Salzer et Ma\u00eetre Zanotti, sont avocat.e.s du Barreau de Paris, sp\u00e9cialistes du droit des affaires et de la protection des donn\u00e9es personnelles.  Dur\u00e9e : 3h  Lieu : En ligne","og_url":"https:\/\/empow-her.com\/es\/produit\/atelier-les-bases-juridiques-et-la-protection-des-donnees\/","og_site_name":"Empow&#039;Her","article_modified_time":"2021-02-16T19:50:59+00:00","twitter_card":"summary_large_image","schema":{"@context":"https:\/\/schema.org","@graph":[{"@type":"WebPage","@id":"https:\/\/empow-her.com\/es\/produit\/atelier-les-bases-juridiques-et-la-protection-des-donnees\/","url":"https:\/\/empow-her.com\/es\/produit\/atelier-les-bases-juridiques-et-la-protection-des-donnees\/","name":"Atelier - Les bases juridiques et la protection des donn\u00e9es - Empow&#039;Her","isPartOf":{"@id":"https:\/\/empow-her.com\/#website"},"datePublished":"2021-02-10T20:03:30+00:00","dateModified":"2021-02-16T19:50:59+00:00","breadcrumb":{"@id":"https:\/\/empow-her.com\/es\/produit\/atelier-les-bases-juridiques-et-la-protection-des-donnees\/#breadcrumb"},"inLanguage":"es","potentialAction":[{"@type":"ReadAction","target":["https:\/\/empow-her.com\/es\/produit\/atelier-les-bases-juridiques-et-la-protection-des-donnees\/"]}]},{"@type":"BreadcrumbList","@id":"https:\/\/empow-her.com\/es\/produit\/atelier-les-bases-juridiques-et-la-protection-des-donnees\/#breadcrumb","itemListElement":[{"@type":"ListItem","position":1,"name":"Accueil","item":"https:\/\/empow-her.com\/es\/inicio\/"},{"@type":"ListItem","position":2,"name":"LA BOUTIQUE","item":"https:\/\/empow-her.com\/boutique\/"},{"@type":"ListItem","position":3,"name":"Atelier &#8211; Les bases juridiques et la protection des donn\u00e9es"}]},{"@type":"WebSite","@id":"https:\/\/empow-her.com\/#website","url":"https:\/\/empow-her.com\/","name":"Empow&#039;Her","description":"Women Development","potentialAction":[{"@type":"SearchAction","target":{"@type":"EntryPoint","urlTemplate":"https:\/\/empow-her.com\/?s={search_term_string}"},"query-input":{"@type":"PropertyValueSpecification","valueRequired":true,"valueName":"search_term_string"}}],"inLanguage":"es"}]}},"_links":{"self":[{"href":"https:\/\/empow-her.com\/es\/wp-json\/wp\/v2\/product\/11032","targetHints":{"allow":["GET"]}}],"collection":[{"href":"https:\/\/empow-her.com\/es\/wp-json\/wp\/v2\/product"}],"about":[{"href":"https:\/\/empow-her.com\/es\/wp-json\/wp\/v2\/types\/product"}],"wp:attachment":[{"href":"https:\/\/empow-her.com\/es\/wp-json\/wp\/v2\/media?parent=11032"}],"wp:term":[{"taxonomy":"product_brand","embeddable":true,"href":"https:\/\/empow-her.com\/es\/wp-json\/wp\/v2\/product_brand?post=11032"},{"taxonomy":"product_cat","embeddable":true,"href":"https:\/\/empow-her.com\/es\/wp-json\/wp\/v2\/product_cat?post=11032"},{"taxonomy":"product_tag","embeddable":true,"href":"https:\/\/empow-her.com\/es\/wp-json\/wp\/v2\/product_tag?post=11032"},{"taxonomy":"lieu","embeddable":true,"href":"https:\/\/empow-her.com\/es\/wp-json\/wp\/v2\/lieu?post=11032"},{"taxonomy":"thematiques","embeddable":true,"href":"https:\/\/empow-her.com\/es\/wp-json\/wp\/v2\/thematiques?post=11032"}],"curies":[{"name":"wp","href":"https:\/\/api.w.org\/{rel}","templated":true}]}}