{"id":271298,"date":"2026-03-03T10:00:00","date_gmt":"2026-03-03T09:00:00","guid":{"rendered":"https:\/\/empow-her.com\/?post_type=product&#038;p=271298"},"modified":"2026-02-19T15:16:09","modified_gmt":"2026-02-19T14:16:09","slug":"structurer-juridiquement-son-projet-a-impact","status":"publish","type":"product","link":"https:\/\/empow-her.com\/en\/produit\/structurer-juridiquement-son-projet-a-impact\/","title":{"rendered":"Structurer juridiquement son projet \u00e0 impact"},"content":{"rendered":"<p>\u00a0<\/p>\n<p><strong>Structurer juridiquement son projet \u00e0 impact \u2013 Webinaire 2:00<\/strong><\/p>\n<p>\u00a0<\/p>\n<p>Vous portez un projet \u00e0 impact et souhaitez le s\u00e9curiser et le d\u00e9velopper sur des bases solides ? La structuration juridique de votre projet est une \u00e9tape cl\u00e9 pour prot\u00e9ger votre initiative, organiser sa gouvernance et faciliter vos partenariats et financements.<\/p>\n<p>\u00a0<\/p>\n<p>Ce webinaire vous propose un cadre pratique pour comprendre les principales obligations l\u00e9gales et choisir les structures les plus adapt\u00e9es \u00e0 votre projet.<\/p>\n<p>\u00a0<\/p>\n<p><strong>Ce que nous pouvons aborder :<\/strong><\/p>\n<p>\u00a0<\/p>\n<ul>\n\u00a0\u00a0<\/p>\n<li><strong>Structures juridiques :<\/strong> associations, fondations, soci\u00e9t\u00e9s \u00e0 mission\u2026 choisir celle qui correspond le mieux \u00e0 votre projet.<\/li>\n<p>\u00a0\u00a0<\/p>\n<li><strong>Gouvernance et responsabilit\u00e9 :<\/strong> comprendre les r\u00f4les et obligations des dirigeant\u00b7es et parties prenantes.<\/li>\n<p>\u00a0\u00a0<\/p>\n<li><strong>Obligations l\u00e9gales et r\u00e9glementaires :<\/strong> conna\u00eetre les points essentiels pour s\u00e9curiser votre projet.<\/li>\n<p>\u00a0\u00a0<\/p>\n<li><strong>Partenariats et collaborations :<\/strong> formaliser vos relations en toute s\u00e9curit\u00e9.<\/li>\n<p>\u00a0\u00a0<\/p>\n<li><strong>Anticiper les risques :<\/strong> conseils pratiques pour minimiser les risques juridiques et faciliter le d\u00e9veloppement.<\/li>\n<p>\u00a0<\/ul>\n<p>\u00a0<\/p>\n<p>\u00c0 l\u2019issue de ce webinaire, vous repartirez avec une vision claire des points essentiels \u00e0 prendre en compte pour structurer juridiquement votre projet \u00e0 impact et le faire \u00e9voluer sereinement.<\/p>\n<\/div>\n","protected":false},"excerpt":{"rendered":"<p>\u00a0<\/p>\n<p><strong>Structurer juridiquement son projet \u00e0 impact \u2013 Webinaire 2:00<\/strong><\/p>\n<p>\u00a0<\/p>\n<p>Vous portez un projet \u00e0 impact et souhaitez le s\u00e9curiser et le d\u00e9velopper sur des bases solides ? La structuration juridique de votre projet est une \u00e9tape cl\u00e9 pour prot\u00e9ger votre initiative, organiser sa gouvernance et faciliter vos partenariats et financements.<\/p>\n<p>\u00a0<\/p>\n<p>Ce webinaire vous propose un cadre pratique pour comprendre les principales obligations l\u00e9gales et choisir les structures les plus adapt\u00e9es \u00e0 votre projet.<\/p>\n<p>\u00a0<\/p>\n<p><strong>Ce que nous pouvons aborder :<\/strong><\/p>\n<p>\u00a0<\/p>\n<ul>\n\u00a0\u00a0<\/p>\n<li><strong>Structures juridiques :<\/strong> associations, fondations, soci\u00e9t\u00e9s \u00e0 mission\u2026 choisir celle qui correspond le mieux \u00e0 votre projet.<\/li>\n<p>\u00a0\u00a0<\/p>\n<li><strong>Gouvernance et responsabilit\u00e9 :<\/strong> comprendre les r\u00f4les et obligations des dirigeant\u00b7es et parties prenantes.<\/li>\n<p>\u00a0\u00a0<\/p>\n<li><strong>Obligations l\u00e9gales et r\u00e9glementaires :<\/strong> conna\u00eetre les points essentiels pour s\u00e9curiser votre projet.<\/li>\n<p>\u00a0\u00a0<\/p>\n<li><strong>Partenariats et collaborations :<\/strong> formaliser vos relations en toute s\u00e9curit\u00e9.<\/li>\n<p>\u00a0\u00a0<\/p>\n<li><strong>Anticiper les risques :<\/strong> conseils pratiques pour minimiser les risques juridiques et faciliter le d\u00e9veloppement.<\/li>\n<p>\u00a0<\/ul>\n<p>\u00a0<\/p>\n<p>\u00c0 l\u2019issue de ce webinaire, vous repartirez avec une vision claire des points essentiels \u00e0 prendre en compte pour structurer juridiquement votre projet \u00e0 impact et le faire \u00e9voluer sereinement.<\/p>\n<\/div>\n","protected":false},"featured_media":269994,"template":"","format":"standard","meta":{"_acf_changed":false,"om_disable_all_campaigns":false,"_uf_show_specific_survey":0,"_uf_disable_surveys":false},"product_brand":[],"product_cat":[118],"product_tag":[143],"lieu":[125],"thematiques":[],"class_list":{"0":"post-271298","1":"product","2":"type-product","3":"status-publish","4":"format-standard","5":"has-post-thumbnail","7":"product_cat-atelier-collectif","8":"product_tag-en-ligne","9":"lieu-en-ligne","11":"first","12":"instock","13":"virtual","14":"purchasable","15":"product-type-appointment"},"exclude_global_add_ons":[],"addons":[],"acf":[],"yoast_head":"<!-- This site is optimized with the Yoast SEO plugin v24.8 - https:\/\/yoast.com\/wordpress\/plugins\/seo\/ -->\n<title>Structurer juridiquement son projet \u00e0 impact - Empow&#039;Her<\/title>\n<meta name=\"robots\" content=\"index, follow, max-snippet:-1, max-image-preview:large, max-video-preview:-1\" \/>\n<link rel=\"canonical\" href=\"https:\/\/empow-her.com\/produit\/structurer-juridiquement-son-projet-a-impact\/\" \/>\n<meta property=\"og:locale\" content=\"en_US\" \/>\n<meta property=\"og:type\" content=\"article\" \/>\n<meta property=\"og:title\" content=\"Structurer juridiquement son projet \u00e0 impact - Empow&#039;Her\" \/>\n<meta property=\"og:description\" content=\"\u00a0Structurer juridiquement son projet \u00e0 impact \u2013 Webinaire 2:00 \u00a0Vous portez un projet \u00e0 impact et souhaitez le s\u00e9curiser et le d\u00e9velopper sur des bases solides ? La structuration juridique de votre projet est une \u00e9tape cl\u00e9 pour prot\u00e9ger votre initiative, organiser sa gouvernance et faciliter vos partenariats et financements. \u00a0Ce webinaire vous propose un cadre pratique pour comprendre les principales obligations l\u00e9gales et choisir les structures les plus adapt\u00e9es \u00e0 votre projet. \u00a0Ce que nous pouvons aborder : \u00a0 \u00a0\u00a0Structures juridiques : associations, fondations, soci\u00e9t\u00e9s \u00e0 mission\u2026 choisir celle qui correspond le mieux \u00e0 votre projet. \u00a0\u00a0Gouvernance et responsabilit\u00e9 : comprendre les r\u00f4les et obligations des dirigeant\u00b7es et parties prenantes. \u00a0\u00a0Obligations l\u00e9gales et r\u00e9glementaires : conna\u00eetre les points essentiels pour s\u00e9curiser votre projet. \u00a0\u00a0Partenariats et collaborations : formaliser vos relations en toute s\u00e9curit\u00e9. \u00a0\u00a0Anticiper les risques : conseils pratiques pour minimiser les risques juridiques et faciliter le d\u00e9veloppement. \u00a0 \u00a0\u00c0 l\u2019issue de ce webinaire, vous repartirez avec une vision claire des points essentiels \u00e0 prendre en compte pour structurer juridiquement votre projet \u00e0 impact et le faire \u00e9voluer sereinement.\" \/>\n<meta property=\"og:url\" content=\"https:\/\/empow-her.com\/produit\/structurer-juridiquement-son-projet-a-impact\/\" \/>\n<meta property=\"og:site_name\" content=\"Empow&#039;Her\" \/>\n<meta property=\"og:image\" content=\"https:\/\/empow-her.com\/wp-content\/uploads\/2025\/10\/Atelier.png\" \/>\n\t<meta property=\"og:image:width\" content=\"1080\" \/>\n\t<meta property=\"og:image:height\" content=\"1080\" \/>\n\t<meta property=\"og:image:type\" content=\"image\/png\" \/>\n<meta name=\"twitter:card\" content=\"summary_large_image\" \/>\n<meta name=\"twitter:label1\" content=\"Est. reading time\" \/>\n\t<meta name=\"twitter:data1\" content=\"1 minute\" \/>\n<script type=\"application\/ld+json\" class=\"yoast-schema-graph\">{\"@context\":\"https:\/\/schema.org\",\"@graph\":[{\"@type\":\"WebPage\",\"@id\":\"https:\/\/empow-her.com\/produit\/structurer-juridiquement-son-projet-a-impact\/\",\"url\":\"https:\/\/empow-her.com\/produit\/structurer-juridiquement-son-projet-a-impact\/\",\"name\":\"Structurer juridiquement son projet \u00e0 impact - Empow&#039;Her\",\"isPartOf\":{\"@id\":\"https:\/\/empow-her.com\/#website\"},\"primaryImageOfPage\":{\"@id\":\"https:\/\/empow-her.com\/produit\/structurer-juridiquement-son-projet-a-impact\/#primaryimage\"},\"image\":{\"@id\":\"https:\/\/empow-her.com\/produit\/structurer-juridiquement-son-projet-a-impact\/#primaryimage\"},\"thumbnailUrl\":\"https:\/\/empow-her.com\/wp-content\/uploads\/2025\/10\/Atelier.png\",\"datePublished\":\"2026-03-03T09:00:00+00:00\",\"breadcrumb\":{\"@id\":\"https:\/\/empow-her.com\/produit\/structurer-juridiquement-son-projet-a-impact\/#breadcrumb\"},\"inLanguage\":\"en-US\",\"potentialAction\":[{\"@type\":\"ReadAction\",\"target\":[\"https:\/\/empow-her.com\/produit\/structurer-juridiquement-son-projet-a-impact\/\"]}]},{\"@type\":\"ImageObject\",\"inLanguage\":\"en-US\",\"@id\":\"https:\/\/empow-her.com\/produit\/structurer-juridiquement-son-projet-a-impact\/#primaryimage\",\"url\":\"https:\/\/empow-her.com\/wp-content\/uploads\/2025\/10\/Atelier.png\",\"contentUrl\":\"https:\/\/empow-her.com\/wp-content\/uploads\/2025\/10\/Atelier.png\",\"width\":1080,\"height\":1080},{\"@type\":\"BreadcrumbList\",\"@id\":\"https:\/\/empow-her.com\/produit\/structurer-juridiquement-son-projet-a-impact\/#breadcrumb\",\"itemListElement\":[{\"@type\":\"ListItem\",\"position\":1,\"name\":\"Accueil\",\"item\":\"https:\/\/empow-her.com\/en\/landing-page\/\"},{\"@type\":\"ListItem\",\"position\":2,\"name\":\"LA BOUTIQUE\",\"item\":\"https:\/\/empow-her.com\/boutique\/\"},{\"@type\":\"ListItem\",\"position\":3,\"name\":\"Structurer juridiquement son projet \u00e0 impact\"}]},{\"@type\":\"WebSite\",\"@id\":\"https:\/\/empow-her.com\/#website\",\"url\":\"https:\/\/empow-her.com\/\",\"name\":\"Empow&#039;Her\",\"description\":\"Women Development\",\"potentialAction\":[{\"@type\":\"SearchAction\",\"target\":{\"@type\":\"EntryPoint\",\"urlTemplate\":\"https:\/\/empow-her.com\/?s={search_term_string}\"},\"query-input\":{\"@type\":\"PropertyValueSpecification\",\"valueRequired\":true,\"valueName\":\"search_term_string\"}}],\"inLanguage\":\"en-US\"}]}<\/script>\n<!-- \/ Yoast SEO plugin. -->","yoast_head_json":{"title":"Structurer juridiquement son projet \u00e0 impact - Empow&#039;Her","robots":{"index":"index","follow":"follow","max-snippet":"max-snippet:-1","max-image-preview":"max-image-preview:large","max-video-preview":"max-video-preview:-1"},"canonical":"https:\/\/empow-her.com\/produit\/structurer-juridiquement-son-projet-a-impact\/","og_locale":"en_US","og_type":"article","og_title":"Structurer juridiquement son projet \u00e0 impact - Empow&#039;Her","og_description":"\u00a0Structurer juridiquement son projet \u00e0 impact \u2013 Webinaire 2:00 \u00a0Vous portez un projet \u00e0 impact et souhaitez le s\u00e9curiser et le d\u00e9velopper sur des bases solides ? La structuration juridique de votre projet est une \u00e9tape cl\u00e9 pour prot\u00e9ger votre initiative, organiser sa gouvernance et faciliter vos partenariats et financements. \u00a0Ce webinaire vous propose un cadre pratique pour comprendre les principales obligations l\u00e9gales et choisir les structures les plus adapt\u00e9es \u00e0 votre projet. \u00a0Ce que nous pouvons aborder : \u00a0 \u00a0\u00a0Structures juridiques : associations, fondations, soci\u00e9t\u00e9s \u00e0 mission\u2026 choisir celle qui correspond le mieux \u00e0 votre projet. \u00a0\u00a0Gouvernance et responsabilit\u00e9 : comprendre les r\u00f4les et obligations des dirigeant\u00b7es et parties prenantes. \u00a0\u00a0Obligations l\u00e9gales et r\u00e9glementaires : conna\u00eetre les points essentiels pour s\u00e9curiser votre projet. \u00a0\u00a0Partenariats et collaborations : formaliser vos relations en toute s\u00e9curit\u00e9. \u00a0\u00a0Anticiper les risques : conseils pratiques pour minimiser les risques juridiques et faciliter le d\u00e9veloppement. \u00a0 \u00a0\u00c0 l\u2019issue de ce webinaire, vous repartirez avec une vision claire des points essentiels \u00e0 prendre en compte pour structurer juridiquement votre projet \u00e0 impact et le faire \u00e9voluer sereinement.","og_url":"https:\/\/empow-her.com\/produit\/structurer-juridiquement-son-projet-a-impact\/","og_site_name":"Empow&#039;Her","og_image":[{"width":1080,"height":1080,"url":"https:\/\/empow-her.com\/wp-content\/uploads\/2025\/10\/Atelier.png","type":"image\/png"}],"twitter_card":"summary_large_image","twitter_misc":{"Est. reading time":"1 minute"},"schema":{"@context":"https:\/\/schema.org","@graph":[{"@type":"WebPage","@id":"https:\/\/empow-her.com\/produit\/structurer-juridiquement-son-projet-a-impact\/","url":"https:\/\/empow-her.com\/produit\/structurer-juridiquement-son-projet-a-impact\/","name":"Structurer juridiquement son projet \u00e0 impact - Empow&#039;Her","isPartOf":{"@id":"https:\/\/empow-her.com\/#website"},"primaryImageOfPage":{"@id":"https:\/\/empow-her.com\/produit\/structurer-juridiquement-son-projet-a-impact\/#primaryimage"},"image":{"@id":"https:\/\/empow-her.com\/produit\/structurer-juridiquement-son-projet-a-impact\/#primaryimage"},"thumbnailUrl":"https:\/\/empow-her.com\/wp-content\/uploads\/2025\/10\/Atelier.png","datePublished":"2026-03-03T09:00:00+00:00","breadcrumb":{"@id":"https:\/\/empow-her.com\/produit\/structurer-juridiquement-son-projet-a-impact\/#breadcrumb"},"inLanguage":"en-US","potentialAction":[{"@type":"ReadAction","target":["https:\/\/empow-her.com\/produit\/structurer-juridiquement-son-projet-a-impact\/"]}]},{"@type":"ImageObject","inLanguage":"en-US","@id":"https:\/\/empow-her.com\/produit\/structurer-juridiquement-son-projet-a-impact\/#primaryimage","url":"https:\/\/empow-her.com\/wp-content\/uploads\/2025\/10\/Atelier.png","contentUrl":"https:\/\/empow-her.com\/wp-content\/uploads\/2025\/10\/Atelier.png","width":1080,"height":1080},{"@type":"BreadcrumbList","@id":"https:\/\/empow-her.com\/produit\/structurer-juridiquement-son-projet-a-impact\/#breadcrumb","itemListElement":[{"@type":"ListItem","position":1,"name":"Accueil","item":"https:\/\/empow-her.com\/en\/landing-page\/"},{"@type":"ListItem","position":2,"name":"LA BOUTIQUE","item":"https:\/\/empow-her.com\/boutique\/"},{"@type":"ListItem","position":3,"name":"Structurer juridiquement son projet \u00e0 impact"}]},{"@type":"WebSite","@id":"https:\/\/empow-her.com\/#website","url":"https:\/\/empow-her.com\/","name":"Empow&#039;Her","description":"Women Development","potentialAction":[{"@type":"SearchAction","target":{"@type":"EntryPoint","urlTemplate":"https:\/\/empow-her.com\/?s={search_term_string}"},"query-input":{"@type":"PropertyValueSpecification","valueRequired":true,"valueName":"search_term_string"}}],"inLanguage":"en-US"}]}},"_links":{"self":[{"href":"https:\/\/empow-her.com\/en\/wp-json\/wp\/v2\/product\/271298","targetHints":{"allow":["GET"]}}],"collection":[{"href":"https:\/\/empow-her.com\/en\/wp-json\/wp\/v2\/product"}],"about":[{"href":"https:\/\/empow-her.com\/en\/wp-json\/wp\/v2\/types\/product"}],"wp:featuredmedia":[{"embeddable":true,"href":"https:\/\/empow-her.com\/en\/wp-json\/wp\/v2\/media\/269994"}],"wp:attachment":[{"href":"https:\/\/empow-her.com\/en\/wp-json\/wp\/v2\/media?parent=271298"}],"wp:term":[{"taxonomy":"product_brand","embeddable":true,"href":"https:\/\/empow-her.com\/en\/wp-json\/wp\/v2\/product_brand?post=271298"},{"taxonomy":"product_cat","embeddable":true,"href":"https:\/\/empow-her.com\/en\/wp-json\/wp\/v2\/product_cat?post=271298"},{"taxonomy":"product_tag","embeddable":true,"href":"https:\/\/empow-her.com\/en\/wp-json\/wp\/v2\/product_tag?post=271298"},{"taxonomy":"lieu","embeddable":true,"href":"https:\/\/empow-her.com\/en\/wp-json\/wp\/v2\/lieu?post=271298"},{"taxonomy":"thematiques","embeddable":true,"href":"https:\/\/empow-her.com\/en\/wp-json\/wp\/v2\/thematiques?post=271298"}],"curies":[{"name":"wp","href":"https:\/\/api.w.org\/{rel}","templated":true}]}}