{"id":271268,"date":"2026-02-17T10:00:00","date_gmt":"2026-02-17T09:00:00","guid":{"rendered":"https:\/\/empow-her.com\/?post_type=product&#038;p=271268"},"modified":"2026-03-30T10:37:24","modified_gmt":"2026-03-30T08:37:24","slug":"les-bons-reflexes-a-adopter-en-matiere-de-propriete-intellectuelle-inpi-x-barreau-de-paris","status":"publish","type":"product","link":"https:\/\/empow-her.com\/en\/produit\/les-bons-reflexes-a-adopter-en-matiere-de-propriete-intellectuelle-inpi-x-barreau-de-paris\/","title":{"rendered":"Les bons r\u00e9flexes \u00e0 adopter en mati\u00e8re de propri\u00e9t\u00e9 intellectuelle &#8211; INPI X Barreau de Paris"},"content":{"rendered":"<p>\u00a0<\/p>\n<h3>Les bons r\u00e9flexes \u00e0 adopter en mati\u00e8re de propri\u00e9t\u00e9 intellectuelle<br \/>\n\u00a0<small>INPI x Barreau de Paris<\/small><\/h3>\n<p>\u00a0<\/p>\n<p>\n\u00a0\u00a0Cr\u00e9er, innover, d\u00e9velopper un projet implique de nombreuses questions juridiques, notamment en mati\u00e8re de propri\u00e9t\u00e9 intellectuelle.\u00a0<br \/>\n\u00a0\u00a0Marques, droits d\u2019auteur, contrats, risques de contrefa\u00e7on : adopter les bons r\u00e9flexes d\u00e8s le d\u00e9part est essentiel pour s\u00e9curiser son activit\u00e9\u00a0<br \/>\n\u00a0\u00a0et \u00e9viter des erreurs co\u00fbteuses.<br \/>\n\u00a0<\/p>\n<p>\u00a0<\/p>\n<p>\n\u00a0\u00a0Ce webinaire, co-anim\u00e9 par l\u2019<strong>INPI<\/strong> et le <strong>Barreau de Paris<\/strong>, propose un \u00e9clairage crois\u00e9 entre expertise institutionnelle\u00a0<br \/>\n\u00a0\u00a0et approche juridique, afin de mieux comprendre comment prot\u00e9ger vos cr\u00e9ations et valoriser vos actifs immat\u00e9riels.<br \/>\n\u00a0<\/p>\n<p>\u00a0<\/p>\n<p><strong>Ce que nous aborderons :<\/strong><\/p>\n<p>\u00a0<\/p>\n<ul>\n\u00a0\u00a0<\/p>\n<li>Comprendre les fondamentaux de la propri\u00e9t\u00e9 intellectuelle et leurs enjeux pour les projets entrepreneuriaux<\/li>\n<p>\u00a0\u00a0<\/p>\n<li>Identifier les bons r\u00e9flexes \u00e0 adopter pour prot\u00e9ger une marque, un concept, un contenu ou une innovation<\/li>\n<p>\u00a0\u00a0<\/p>\n<li>Savoir vers qui se tourner et \u00e0 quel moment pour s\u00e9curiser son projet<\/li>\n<p>\u00a0<\/ul>\n<p>\u00a0<\/p>\n<p>\n\u00a0\u00a0Un webinaire pratique et accessible pour acqu\u00e9rir les bases essentielles de la propri\u00e9t\u00e9 intellectuelle, poser vos questions\u00a0<br \/>\n\u00a0\u00a0et repartir avec des rep\u00e8res concrets pour prot\u00e9ger durablement votre projet.<br \/>\n\u00a0<\/p>\n<\/div>\n","protected":false},"excerpt":{"rendered":"<p>\u00a0<\/p>\n<h3>Les bons r\u00e9flexes \u00e0 adopter en mati\u00e8re de propri\u00e9t\u00e9 intellectuelle<br \/>\n\u00a0<small>INPI x Barreau de Paris<\/small><\/h3>\n<p>\u00a0<\/p>\n<p>\n\u00a0\u00a0Cr\u00e9er, innover, d\u00e9velopper un projet implique de nombreuses questions juridiques, notamment en mati\u00e8re de propri\u00e9t\u00e9 intellectuelle.\u00a0<br \/>\n\u00a0\u00a0Marques, droits d\u2019auteur, contrats, risques de contrefa\u00e7on : adopter les bons r\u00e9flexes d\u00e8s le d\u00e9part est essentiel pour s\u00e9curiser son activit\u00e9\u00a0<br \/>\n\u00a0\u00a0et \u00e9viter des erreurs co\u00fbteuses.<br \/>\n\u00a0<\/p>\n<p>\u00a0<\/p>\n<p>\n\u00a0\u00a0Ce webinaire, co-anim\u00e9 par l\u2019<strong>INPI<\/strong> et le <strong>Barreau de Paris<\/strong>, propose un \u00e9clairage crois\u00e9 entre expertise institutionnelle\u00a0<br \/>\n\u00a0\u00a0et approche juridique, afin de mieux comprendre comment prot\u00e9ger vos cr\u00e9ations et valoriser vos actifs immat\u00e9riels.<br \/>\n\u00a0<\/p>\n<p>\u00a0<\/p>\n<p><strong>Ce que nous aborderons :<\/strong><\/p>\n<p>\u00a0<\/p>\n<ul>\n\u00a0\u00a0<\/p>\n<li>Comprendre les fondamentaux de la propri\u00e9t\u00e9 intellectuelle et leurs enjeux pour les projets entrepreneuriaux<\/li>\n<p>\u00a0\u00a0<\/p>\n<li>Identifier les bons r\u00e9flexes \u00e0 adopter pour prot\u00e9ger une marque, un concept, un contenu ou une innovation<\/li>\n<p>\u00a0\u00a0<\/p>\n<li>Savoir vers qui se tourner et \u00e0 quel moment pour s\u00e9curiser son projet<\/li>\n<p>\u00a0<\/ul>\n<p>\u00a0<\/p>\n<p>\n\u00a0\u00a0Un webinaire pratique et accessible pour acqu\u00e9rir les bases essentielles de la propri\u00e9t\u00e9 intellectuelle, poser vos questions\u00a0<br \/>\n\u00a0\u00a0et repartir avec des rep\u00e8res concrets pour prot\u00e9ger durablement votre projet.<br \/>\n\u00a0<\/p>\n<\/div>\n","protected":false},"featured_media":269994,"template":"","format":"standard","meta":{"_acf_changed":false,"om_disable_all_campaigns":false,"_uf_show_specific_survey":0,"_uf_disable_surveys":false},"product_brand":[],"product_cat":[118],"product_tag":[143],"lieu":[125],"thematiques":[],"class_list":{"0":"post-271268","1":"product","2":"type-product","3":"status-publish","4":"format-standard","5":"has-post-thumbnail","7":"product_cat-atelier-collectif","8":"product_tag-en-ligne","9":"lieu-en-ligne","11":"first","12":"instock","13":"virtual","14":"purchasable","15":"product-type-appointment"},"exclude_global_add_ons":[],"addons":[],"acf":[],"yoast_head":"<!-- This site is optimized with the Yoast SEO plugin v24.8 - https:\/\/yoast.com\/wordpress\/plugins\/seo\/ -->\n<title>Les bons r\u00e9flexes \u00e0 adopter en mati\u00e8re de propri\u00e9t\u00e9 intellectuelle - INPI X Barreau de Paris - Empow&#039;Her<\/title>\n<meta name=\"robots\" content=\"index, follow, max-snippet:-1, max-image-preview:large, max-video-preview:-1\" \/>\n<link rel=\"canonical\" href=\"https:\/\/empow-her.com\/produit\/les-bons-reflexes-a-adopter-en-matiere-de-propriete-intellectuelle-inpi-x-barreau-de-paris\/\" \/>\n<meta property=\"og:locale\" content=\"en_US\" \/>\n<meta property=\"og:type\" content=\"article\" \/>\n<meta property=\"og:title\" content=\"Les bons r\u00e9flexes \u00e0 adopter en mati\u00e8re de propri\u00e9t\u00e9 intellectuelle - INPI X Barreau de Paris - Empow&#039;Her\" \/>\n<meta property=\"og:description\" content=\"\u00a0Les bons r\u00e9flexes \u00e0 adopter en mati\u00e8re de propri\u00e9t\u00e9 intellectuelle \u00a0INPI x Barreau de Paris \u00a0 \u00a0\u00a0Cr\u00e9er, innover, d\u00e9velopper un projet implique de nombreuses questions juridiques, notamment en mati\u00e8re de propri\u00e9t\u00e9 intellectuelle.\u00a0 \u00a0\u00a0Marques, droits d\u2019auteur, contrats, risques de contrefa\u00e7on : adopter les bons r\u00e9flexes d\u00e8s le d\u00e9part est essentiel pour s\u00e9curiser son activit\u00e9\u00a0 \u00a0\u00a0et \u00e9viter des erreurs co\u00fbteuses. \u00a0 \u00a0 \u00a0\u00a0Ce webinaire, co-anim\u00e9 par l\u2019INPI et le Barreau de Paris, propose un \u00e9clairage crois\u00e9 entre expertise institutionnelle\u00a0 \u00a0\u00a0et approche juridique, afin de mieux comprendre comment prot\u00e9ger vos cr\u00e9ations et valoriser vos actifs immat\u00e9riels. \u00a0 \u00a0Ce que nous aborderons : \u00a0 \u00a0\u00a0Comprendre les fondamentaux de la propri\u00e9t\u00e9 intellectuelle et leurs enjeux pour les projets entrepreneuriaux \u00a0\u00a0Identifier les bons r\u00e9flexes \u00e0 adopter pour prot\u00e9ger une marque, un concept, un contenu ou une innovation \u00a0\u00a0Savoir vers qui se tourner et \u00e0 quel moment pour s\u00e9curiser son projet \u00a0 \u00a0 \u00a0\u00a0Un webinaire pratique et accessible pour acqu\u00e9rir les bases essentielles de la propri\u00e9t\u00e9 intellectuelle, poser vos questions\u00a0 \u00a0\u00a0et repartir avec des rep\u00e8res concrets pour prot\u00e9ger durablement votre projet. \u00a0\" \/>\n<meta property=\"og:url\" content=\"https:\/\/empow-her.com\/produit\/les-bons-reflexes-a-adopter-en-matiere-de-propriete-intellectuelle-inpi-x-barreau-de-paris\/\" \/>\n<meta property=\"og:site_name\" content=\"Empow&#039;Her\" \/>\n<meta property=\"article:modified_time\" content=\"2026-03-30T08:37:24+00:00\" \/>\n<meta property=\"og:image\" content=\"https:\/\/empow-her.com\/wp-content\/uploads\/2025\/10\/Atelier.png\" \/>\n\t<meta property=\"og:image:width\" content=\"1080\" \/>\n\t<meta property=\"og:image:height\" content=\"1080\" \/>\n\t<meta property=\"og:image:type\" content=\"image\/png\" \/>\n<meta name=\"twitter:card\" content=\"summary_large_image\" \/>\n<meta name=\"twitter:label1\" content=\"Est. reading time\" \/>\n\t<meta name=\"twitter:data1\" content=\"1 minute\" \/>\n<script type=\"application\/ld+json\" class=\"yoast-schema-graph\">{\"@context\":\"https:\/\/schema.org\",\"@graph\":[{\"@type\":\"WebPage\",\"@id\":\"https:\/\/empow-her.com\/produit\/les-bons-reflexes-a-adopter-en-matiere-de-propriete-intellectuelle-inpi-x-barreau-de-paris\/\",\"url\":\"https:\/\/empow-her.com\/produit\/les-bons-reflexes-a-adopter-en-matiere-de-propriete-intellectuelle-inpi-x-barreau-de-paris\/\",\"name\":\"Les bons r\u00e9flexes \u00e0 adopter en mati\u00e8re de propri\u00e9t\u00e9 intellectuelle - INPI X Barreau de Paris - Empow&#039;Her\",\"isPartOf\":{\"@id\":\"https:\/\/empow-her.com\/#website\"},\"primaryImageOfPage\":{\"@id\":\"https:\/\/empow-her.com\/produit\/les-bons-reflexes-a-adopter-en-matiere-de-propriete-intellectuelle-inpi-x-barreau-de-paris\/#primaryimage\"},\"image\":{\"@id\":\"https:\/\/empow-her.com\/produit\/les-bons-reflexes-a-adopter-en-matiere-de-propriete-intellectuelle-inpi-x-barreau-de-paris\/#primaryimage\"},\"thumbnailUrl\":\"https:\/\/empow-her.com\/wp-content\/uploads\/2025\/10\/Atelier.png\",\"datePublished\":\"2026-02-17T09:00:00+00:00\",\"dateModified\":\"2026-03-30T08:37:24+00:00\",\"breadcrumb\":{\"@id\":\"https:\/\/empow-her.com\/produit\/les-bons-reflexes-a-adopter-en-matiere-de-propriete-intellectuelle-inpi-x-barreau-de-paris\/#breadcrumb\"},\"inLanguage\":\"en-US\",\"potentialAction\":[{\"@type\":\"ReadAction\",\"target\":[\"https:\/\/empow-her.com\/produit\/les-bons-reflexes-a-adopter-en-matiere-de-propriete-intellectuelle-inpi-x-barreau-de-paris\/\"]}]},{\"@type\":\"ImageObject\",\"inLanguage\":\"en-US\",\"@id\":\"https:\/\/empow-her.com\/produit\/les-bons-reflexes-a-adopter-en-matiere-de-propriete-intellectuelle-inpi-x-barreau-de-paris\/#primaryimage\",\"url\":\"https:\/\/empow-her.com\/wp-content\/uploads\/2025\/10\/Atelier.png\",\"contentUrl\":\"https:\/\/empow-her.com\/wp-content\/uploads\/2025\/10\/Atelier.png\",\"width\":1080,\"height\":1080},{\"@type\":\"BreadcrumbList\",\"@id\":\"https:\/\/empow-her.com\/produit\/les-bons-reflexes-a-adopter-en-matiere-de-propriete-intellectuelle-inpi-x-barreau-de-paris\/#breadcrumb\",\"itemListElement\":[{\"@type\":\"ListItem\",\"position\":1,\"name\":\"Accueil\",\"item\":\"https:\/\/empow-her.com\/en\/landing-page\/\"},{\"@type\":\"ListItem\",\"position\":2,\"name\":\"LA BOUTIQUE\",\"item\":\"https:\/\/empow-her.com\/boutique\/\"},{\"@type\":\"ListItem\",\"position\":3,\"name\":\"Les bons r\u00e9flexes \u00e0 adopter en mati\u00e8re de propri\u00e9t\u00e9 intellectuelle &#8211; INPI X Barreau de Paris\"}]},{\"@type\":\"WebSite\",\"@id\":\"https:\/\/empow-her.com\/#website\",\"url\":\"https:\/\/empow-her.com\/\",\"name\":\"Empow&#039;Her\",\"description\":\"Women Development\",\"potentialAction\":[{\"@type\":\"SearchAction\",\"target\":{\"@type\":\"EntryPoint\",\"urlTemplate\":\"https:\/\/empow-her.com\/?s={search_term_string}\"},\"query-input\":{\"@type\":\"PropertyValueSpecification\",\"valueRequired\":true,\"valueName\":\"search_term_string\"}}],\"inLanguage\":\"en-US\"}]}<\/script>\n<!-- \/ Yoast SEO plugin. -->","yoast_head_json":{"title":"Les bons r\u00e9flexes \u00e0 adopter en mati\u00e8re de propri\u00e9t\u00e9 intellectuelle - INPI X Barreau de Paris - Empow&#039;Her","robots":{"index":"index","follow":"follow","max-snippet":"max-snippet:-1","max-image-preview":"max-image-preview:large","max-video-preview":"max-video-preview:-1"},"canonical":"https:\/\/empow-her.com\/produit\/les-bons-reflexes-a-adopter-en-matiere-de-propriete-intellectuelle-inpi-x-barreau-de-paris\/","og_locale":"en_US","og_type":"article","og_title":"Les bons r\u00e9flexes \u00e0 adopter en mati\u00e8re de propri\u00e9t\u00e9 intellectuelle - INPI X Barreau de Paris - Empow&#039;Her","og_description":"\u00a0Les bons r\u00e9flexes \u00e0 adopter en mati\u00e8re de propri\u00e9t\u00e9 intellectuelle \u00a0INPI x Barreau de Paris \u00a0 \u00a0\u00a0Cr\u00e9er, innover, d\u00e9velopper un projet implique de nombreuses questions juridiques, notamment en mati\u00e8re de propri\u00e9t\u00e9 intellectuelle.\u00a0 \u00a0\u00a0Marques, droits d\u2019auteur, contrats, risques de contrefa\u00e7on : adopter les bons r\u00e9flexes d\u00e8s le d\u00e9part est essentiel pour s\u00e9curiser son activit\u00e9\u00a0 \u00a0\u00a0et \u00e9viter des erreurs co\u00fbteuses. \u00a0 \u00a0 \u00a0\u00a0Ce webinaire, co-anim\u00e9 par l\u2019INPI et le Barreau de Paris, propose un \u00e9clairage crois\u00e9 entre expertise institutionnelle\u00a0 \u00a0\u00a0et approche juridique, afin de mieux comprendre comment prot\u00e9ger vos cr\u00e9ations et valoriser vos actifs immat\u00e9riels. \u00a0 \u00a0Ce que nous aborderons : \u00a0 \u00a0\u00a0Comprendre les fondamentaux de la propri\u00e9t\u00e9 intellectuelle et leurs enjeux pour les projets entrepreneuriaux \u00a0\u00a0Identifier les bons r\u00e9flexes \u00e0 adopter pour prot\u00e9ger une marque, un concept, un contenu ou une innovation \u00a0\u00a0Savoir vers qui se tourner et \u00e0 quel moment pour s\u00e9curiser son projet \u00a0 \u00a0 \u00a0\u00a0Un webinaire pratique et accessible pour acqu\u00e9rir les bases essentielles de la propri\u00e9t\u00e9 intellectuelle, poser vos questions\u00a0 \u00a0\u00a0et repartir avec des rep\u00e8res concrets pour prot\u00e9ger durablement votre projet. \u00a0","og_url":"https:\/\/empow-her.com\/produit\/les-bons-reflexes-a-adopter-en-matiere-de-propriete-intellectuelle-inpi-x-barreau-de-paris\/","og_site_name":"Empow&#039;Her","article_modified_time":"2026-03-30T08:37:24+00:00","og_image":[{"width":1080,"height":1080,"url":"https:\/\/empow-her.com\/wp-content\/uploads\/2025\/10\/Atelier.png","type":"image\/png"}],"twitter_card":"summary_large_image","twitter_misc":{"Est. reading time":"1 minute"},"schema":{"@context":"https:\/\/schema.org","@graph":[{"@type":"WebPage","@id":"https:\/\/empow-her.com\/produit\/les-bons-reflexes-a-adopter-en-matiere-de-propriete-intellectuelle-inpi-x-barreau-de-paris\/","url":"https:\/\/empow-her.com\/produit\/les-bons-reflexes-a-adopter-en-matiere-de-propriete-intellectuelle-inpi-x-barreau-de-paris\/","name":"Les bons r\u00e9flexes \u00e0 adopter en mati\u00e8re de propri\u00e9t\u00e9 intellectuelle - INPI X Barreau de Paris - Empow&#039;Her","isPartOf":{"@id":"https:\/\/empow-her.com\/#website"},"primaryImageOfPage":{"@id":"https:\/\/empow-her.com\/produit\/les-bons-reflexes-a-adopter-en-matiere-de-propriete-intellectuelle-inpi-x-barreau-de-paris\/#primaryimage"},"image":{"@id":"https:\/\/empow-her.com\/produit\/les-bons-reflexes-a-adopter-en-matiere-de-propriete-intellectuelle-inpi-x-barreau-de-paris\/#primaryimage"},"thumbnailUrl":"https:\/\/empow-her.com\/wp-content\/uploads\/2025\/10\/Atelier.png","datePublished":"2026-02-17T09:00:00+00:00","dateModified":"2026-03-30T08:37:24+00:00","breadcrumb":{"@id":"https:\/\/empow-her.com\/produit\/les-bons-reflexes-a-adopter-en-matiere-de-propriete-intellectuelle-inpi-x-barreau-de-paris\/#breadcrumb"},"inLanguage":"en-US","potentialAction":[{"@type":"ReadAction","target":["https:\/\/empow-her.com\/produit\/les-bons-reflexes-a-adopter-en-matiere-de-propriete-intellectuelle-inpi-x-barreau-de-paris\/"]}]},{"@type":"ImageObject","inLanguage":"en-US","@id":"https:\/\/empow-her.com\/produit\/les-bons-reflexes-a-adopter-en-matiere-de-propriete-intellectuelle-inpi-x-barreau-de-paris\/#primaryimage","url":"https:\/\/empow-her.com\/wp-content\/uploads\/2025\/10\/Atelier.png","contentUrl":"https:\/\/empow-her.com\/wp-content\/uploads\/2025\/10\/Atelier.png","width":1080,"height":1080},{"@type":"BreadcrumbList","@id":"https:\/\/empow-her.com\/produit\/les-bons-reflexes-a-adopter-en-matiere-de-propriete-intellectuelle-inpi-x-barreau-de-paris\/#breadcrumb","itemListElement":[{"@type":"ListItem","position":1,"name":"Accueil","item":"https:\/\/empow-her.com\/en\/landing-page\/"},{"@type":"ListItem","position":2,"name":"LA BOUTIQUE","item":"https:\/\/empow-her.com\/boutique\/"},{"@type":"ListItem","position":3,"name":"Les bons r\u00e9flexes \u00e0 adopter en mati\u00e8re de propri\u00e9t\u00e9 intellectuelle &#8211; INPI X Barreau de Paris"}]},{"@type":"WebSite","@id":"https:\/\/empow-her.com\/#website","url":"https:\/\/empow-her.com\/","name":"Empow&#039;Her","description":"Women Development","potentialAction":[{"@type":"SearchAction","target":{"@type":"EntryPoint","urlTemplate":"https:\/\/empow-her.com\/?s={search_term_string}"},"query-input":{"@type":"PropertyValueSpecification","valueRequired":true,"valueName":"search_term_string"}}],"inLanguage":"en-US"}]}},"_links":{"self":[{"href":"https:\/\/empow-her.com\/en\/wp-json\/wp\/v2\/product\/271268","targetHints":{"allow":["GET"]}}],"collection":[{"href":"https:\/\/empow-her.com\/en\/wp-json\/wp\/v2\/product"}],"about":[{"href":"https:\/\/empow-her.com\/en\/wp-json\/wp\/v2\/types\/product"}],"wp:featuredmedia":[{"embeddable":true,"href":"https:\/\/empow-her.com\/en\/wp-json\/wp\/v2\/media\/269994"}],"wp:attachment":[{"href":"https:\/\/empow-her.com\/en\/wp-json\/wp\/v2\/media?parent=271268"}],"wp:term":[{"taxonomy":"product_brand","embeddable":true,"href":"https:\/\/empow-her.com\/en\/wp-json\/wp\/v2\/product_brand?post=271268"},{"taxonomy":"product_cat","embeddable":true,"href":"https:\/\/empow-her.com\/en\/wp-json\/wp\/v2\/product_cat?post=271268"},{"taxonomy":"product_tag","embeddable":true,"href":"https:\/\/empow-her.com\/en\/wp-json\/wp\/v2\/product_tag?post=271268"},{"taxonomy":"lieu","embeddable":true,"href":"https:\/\/empow-her.com\/en\/wp-json\/wp\/v2\/lieu?post=271268"},{"taxonomy":"thematiques","embeddable":true,"href":"https:\/\/empow-her.com\/en\/wp-json\/wp\/v2\/thematiques?post=271268"}],"curies":[{"name":"wp","href":"https:\/\/api.w.org\/{rel}","templated":true}]}}