{"id":271142,"date":"2026-04-17T09:30:00","date_gmt":"2026-04-17T07:30:00","guid":{"rendered":"https:\/\/empow-her.com\/?post_type=product&#038;p=271142"},"modified":"2026-03-30T10:38:07","modified_gmt":"2026-03-30T08:38:07","slug":"infoess-cress-idf","status":"publish","type":"product","link":"https:\/\/empow-her.com\/en\/produit\/infoess-cress-idf\/","title":{"rendered":"Info&#8217;ESS &#8211; CRESS IDF"},"content":{"rendered":"<div class=\"atelier\">\n\u00a0\u00a0<\/p>\n<h3>Webinaire \u2013 Comprendre les fondamentaux de l\u2019\u00c9conomie Sociale et Solidaire (ESS)<\/h3>\n<p>\u00a0\u00a0<\/p>\n<p>\n\u00a0\u00a0\u00a0\u00a0Vous souhaitez mieux comprendre ce qu\u2019est l\u2019\u00c9conomie Sociale et Solidaire (ESS) ?\u00a0<br \/>\n\u00a0\u00a0\u00a0\u00a0Son histoire, le cadre juridique qui la r\u00e9git, les statuts existants ou encore l\u2019agr\u00e9ment ESUS ?<br \/>\n\u00a0\u00a0\u00a0\u00a0Ce webinaire d\u2019information vous apportera les premi\u00e8res cl\u00e9s pour appr\u00e9hender les fondements et les sp\u00e9cificit\u00e9s de l\u2019ESS.<br \/>\n\u00a0\u00a0<\/p>\n<p>\u00a0\u00a0<\/p>\n<p>\n\u00a0\u00a0\u00a0\u00a0Anim\u00e9 par la CRESS \u00cele-de-France, ce temps d\u2019\u00e9change vous permettra de clarifier les notions essentielles et de mieux situer l\u2019ESS dans l\u2019\u00e9cosyst\u00e8me entrepreneurial et associatif.<br \/>\n\u00a0\u00a0<\/p>\n<p>\u00a0\u00a0<\/p>\n<p><strong>Ce que nous pourrons explorer :<\/strong><\/p>\n<p>\u00a0\u00a0<\/p>\n<ul>\n\u00a0\u00a0\u00a0\u00a0<\/p>\n<li><strong>Les fondements historiques de l\u2019ESS :<\/strong> comprendre l\u2019origine et les valeurs qui structurent l\u2019\u00e9conomie sociale et solidaire.<\/li>\n<p>\u00a0\u00a0\u00a0\u00a0<\/p>\n<li><strong>Un focus sur la loi ESS de 2014 :<\/strong> pr\u00e9sentation du cadre juridique et de ses implications.<\/li>\n<p>\u00a0\u00a0\u00a0\u00a0<\/p>\n<li><strong>Les soci\u00e9t\u00e9s commerciales de l\u2019ESS et l\u2019agr\u00e9ment ESUS :<\/strong> mieux comprendre les statuts existants et leurs sp\u00e9cificit\u00e9s.<\/li>\n<p>\u00a0\u00a0\u00a0\u00a0<\/p>\n<li><strong>Les principaux r\u00e9seaux de l\u2019accompagnement :<\/strong> identifier les acteurs cl\u00e9s de l\u2019\u00e9cosyst\u00e8me ESS.<\/li>\n<p>\u00a0\u00a0<\/ul>\n<p>\u00a0\u00a0<\/p>\n<p><strong>\u00c0 propos de la CRESS \u00cele-de-France<\/strong><\/p>\n<p>\u00a0\u00a0<\/p>\n<p>\n\u00a0\u00a0\u00a0\u00a0La Chambre R\u00e9gionale de l\u2019\u00c9conomie Sociale et Solidaire d\u2019\u00cele-de-France accompagne le d\u00e9veloppement\u00a0et la promotion de l\u2019ESS sur l\u2019ensemble du territoire r\u00e9gional.<br \/>\n\u00a0\u00a0<\/p>\n<p>\u00a0\u00a0<\/p>\n<p>\n\u00a0\u00a0\u00a0\u00a0Ouverte \u00e0 toutes les structures de l\u2019ESS, quel que soit leur statut, la CRESS IDF favorise les \u00e9changes\u00a0entre acteurs, repr\u00e9sente et d\u00e9fend les int\u00e9r\u00eats des organisations aupr\u00e8s des pouvoirs publics,\u00a0et soutient l\u2019\u00e9mergence et la p\u00e9rennisation des initiatives d\u2019utilit\u00e9 sociale.<br \/>\n\u00a0\u00a0<\/p>\n<p>\u00a0\u00a0<\/p>\n<p>\n\u00a0\u00a0\u00a0\u00a0<strong>Format :<\/strong> webinaire en ligne.<br \/>\n\u00a0\u00a0\u00a0\u00a0Le lien de connexion vous sera transmis apr\u00e8s validation de votre inscription.<br \/>\n\u00a0\u00a0<\/p>\n<p>\u00a0\u00a0<\/p>\n<p><strong>&gt;&gt; Inscription :  <\/strong><\/p>\n<\/div>\n","protected":false},"excerpt":{"rendered":"<div class=\"atelier\">\n\u00a0\u00a0<\/p>\n<h3>Webinaire \u2013 Comprendre les fondamentaux de l\u2019\u00c9conomie Sociale et Solidaire (ESS)<\/h3>\n<p>\u00a0\u00a0<\/p>\n<p>\n\u00a0\u00a0\u00a0\u00a0Vous souhaitez mieux comprendre ce qu\u2019est l\u2019\u00c9conomie Sociale et Solidaire (ESS) ?\u00a0<br \/>\n\u00a0\u00a0\u00a0\u00a0Son histoire, le cadre juridique qui la r\u00e9git, les statuts existants ou encore l\u2019agr\u00e9ment ESUS ?<br \/>\n\u00a0\u00a0\u00a0\u00a0Ce webinaire d\u2019information vous apportera les premi\u00e8res cl\u00e9s pour appr\u00e9hender les fondements et les sp\u00e9cificit\u00e9s de l\u2019ESS.<br \/>\n\u00a0\u00a0<\/p>\n<p>\u00a0\u00a0<\/p>\n<p>\n\u00a0\u00a0\u00a0\u00a0Anim\u00e9 par la CRESS \u00cele-de-France, ce temps d\u2019\u00e9change vous permettra de clarifier les notions essentielles et de mieux situer l\u2019ESS dans l\u2019\u00e9cosyst\u00e8me entrepreneurial et associatif.<br \/>\n\u00a0\u00a0<\/p>\n<p>\u00a0\u00a0<\/p>\n<p><strong>Ce que nous pourrons explorer :<\/strong><\/p>\n<p>\u00a0\u00a0<\/p>\n<ul>\n\u00a0\u00a0\u00a0\u00a0<\/p>\n<li><strong>Les fondements historiques de l\u2019ESS :<\/strong> comprendre l\u2019origine et les valeurs qui structurent l\u2019\u00e9conomie sociale et solidaire.<\/li>\n<p>\u00a0\u00a0\u00a0\u00a0<\/p>\n<li><strong>Un focus sur la loi ESS de 2014 :<\/strong> pr\u00e9sentation du cadre juridique et de ses implications.<\/li>\n<p>\u00a0\u00a0\u00a0\u00a0<\/p>\n<li><strong>Les soci\u00e9t\u00e9s commerciales de l\u2019ESS et l\u2019agr\u00e9ment ESUS :<\/strong> mieux comprendre les statuts existants et leurs sp\u00e9cificit\u00e9s.<\/li>\n<p>\u00a0\u00a0\u00a0\u00a0<\/p>\n<li><strong>Les principaux r\u00e9seaux de l\u2019accompagnement :<\/strong> identifier les acteurs cl\u00e9s de l\u2019\u00e9cosyst\u00e8me ESS.<\/li>\n<p>\u00a0\u00a0<\/ul>\n<p>\u00a0\u00a0<\/p>\n<p><strong>\u00c0 propos de la CRESS \u00cele-de-France<\/strong><\/p>\n<p>\u00a0\u00a0<\/p>\n<p>\n\u00a0\u00a0\u00a0\u00a0La Chambre R\u00e9gionale de l\u2019\u00c9conomie Sociale et Solidaire d\u2019\u00cele-de-France accompagne le d\u00e9veloppement\u00a0et la promotion de l\u2019ESS sur l\u2019ensemble du territoire r\u00e9gional.<br \/>\n\u00a0\u00a0<\/p>\n<p>\u00a0\u00a0<\/p>\n<p>\n\u00a0\u00a0\u00a0\u00a0Ouverte \u00e0 toutes les structures de l\u2019ESS, quel que soit leur statut, la CRESS IDF favorise les \u00e9changes\u00a0entre acteurs, repr\u00e9sente et d\u00e9fend les int\u00e9r\u00eats des organisations aupr\u00e8s des pouvoirs publics,\u00a0et soutient l\u2019\u00e9mergence et la p\u00e9rennisation des initiatives d\u2019utilit\u00e9 sociale.<br \/>\n\u00a0\u00a0<\/p>\n<p>\u00a0\u00a0<\/p>\n<p>\n\u00a0\u00a0\u00a0\u00a0<strong>Format :<\/strong> webinaire en ligne.<br \/>\n\u00a0\u00a0\u00a0\u00a0Le lien de connexion vous sera transmis apr\u00e8s validation de votre inscription.<br \/>\n\u00a0\u00a0<\/p>\n<p>\u00a0\u00a0<\/p>\n<p><strong>&gt;&gt; Inscription :  <\/strong><\/p>\n<\/div>\n","protected":false},"featured_media":269994,"template":"","format":"standard","meta":{"_acf_changed":false,"om_disable_all_campaigns":false,"_uf_show_specific_survey":0,"_uf_disable_surveys":false},"product_brand":[],"product_cat":[118],"product_tag":[143],"lieu":[125],"thematiques":[],"class_list":{"0":"post-271142","1":"product","2":"type-product","3":"status-publish","4":"format-standard","5":"has-post-thumbnail","7":"product_cat-atelier-collectif","8":"product_tag-en-ligne","9":"lieu-en-ligne","11":"first","12":"instock","13":"virtual","14":"purchasable","15":"product-type-appointment"},"exclude_global_add_ons":[],"addons":[],"acf":[],"yoast_head":"<!-- This site is optimized with the Yoast SEO plugin v24.8 - https:\/\/yoast.com\/wordpress\/plugins\/seo\/ -->\n<title>Info&#039;ESS - CRESS IDF - Empow&#039;Her<\/title>\n<meta name=\"robots\" content=\"index, follow, max-snippet:-1, max-image-preview:large, max-video-preview:-1\" \/>\n<link rel=\"canonical\" href=\"https:\/\/empow-her.com\/produit\/infoess-cress-idf\/\" \/>\n<meta property=\"og:locale\" content=\"en_US\" \/>\n<meta property=\"og:type\" content=\"article\" \/>\n<meta property=\"og:title\" content=\"Info&#039;ESS - CRESS IDF - Empow&#039;Her\" \/>\n<meta property=\"og:description\" content=\"\u00a0\u00a0Webinaire \u2013 Comprendre les fondamentaux de l\u2019\u00c9conomie Sociale et Solidaire (ESS) \u00a0\u00a0 \u00a0\u00a0\u00a0\u00a0Vous souhaitez mieux comprendre ce qu\u2019est l\u2019\u00c9conomie Sociale et Solidaire (ESS) ?\u00a0 \u00a0\u00a0\u00a0\u00a0Son histoire, le cadre juridique qui la r\u00e9git, les statuts existants ou encore l\u2019agr\u00e9ment ESUS ? \u00a0\u00a0\u00a0\u00a0Ce webinaire d\u2019information vous apportera les premi\u00e8res cl\u00e9s pour appr\u00e9hender les fondements et les sp\u00e9cificit\u00e9s de l\u2019ESS. \u00a0\u00a0 \u00a0\u00a0 \u00a0\u00a0\u00a0\u00a0Anim\u00e9 par la CRESS \u00cele-de-France, ce temps d\u2019\u00e9change vous permettra de clarifier les notions essentielles et de mieux situer l\u2019ESS dans l\u2019\u00e9cosyst\u00e8me entrepreneurial et associatif. \u00a0\u00a0 \u00a0\u00a0Ce que nous pourrons explorer : \u00a0\u00a0 \u00a0\u00a0\u00a0\u00a0Les fondements historiques de l\u2019ESS : comprendre l\u2019origine et les valeurs qui structurent l\u2019\u00e9conomie sociale et solidaire. \u00a0\u00a0\u00a0\u00a0Un focus sur la loi ESS de 2014 : pr\u00e9sentation du cadre juridique et de ses implications. \u00a0\u00a0\u00a0\u00a0Les soci\u00e9t\u00e9s commerciales de l\u2019ESS et l\u2019agr\u00e9ment ESUS : mieux comprendre les statuts existants et leurs sp\u00e9cificit\u00e9s. \u00a0\u00a0\u00a0\u00a0Les principaux r\u00e9seaux de l\u2019accompagnement : identifier les acteurs cl\u00e9s de l\u2019\u00e9cosyst\u00e8me ESS. \u00a0\u00a0 \u00a0\u00a0\u00c0 propos de la CRESS \u00cele-de-France \u00a0\u00a0 \u00a0\u00a0\u00a0\u00a0La Chambre R\u00e9gionale de l\u2019\u00c9conomie Sociale et Solidaire d\u2019\u00cele-de-France accompagne le d\u00e9veloppement\u00a0et la promotion de l\u2019ESS sur l\u2019ensemble du territoire r\u00e9gional. \u00a0\u00a0 \u00a0\u00a0 \u00a0\u00a0\u00a0\u00a0Ouverte \u00e0 toutes les structures de l\u2019ESS, quel que soit leur statut, la CRESS IDF favorise les \u00e9changes\u00a0entre acteurs, repr\u00e9sente et d\u00e9fend les int\u00e9r\u00eats des organisations aupr\u00e8s des pouvoirs publics,\u00a0et soutient l\u2019\u00e9mergence et la p\u00e9rennisation des initiatives d\u2019utilit\u00e9 sociale. \u00a0\u00a0 \u00a0\u00a0 \u00a0\u00a0\u00a0\u00a0Format : webinaire en ligne. \u00a0\u00a0\u00a0\u00a0Le lien de connexion vous sera transmis apr\u00e8s validation de votre inscription. \u00a0\u00a0 \u00a0\u00a0&gt;&gt; Inscription :\" \/>\n<meta property=\"og:url\" content=\"https:\/\/empow-her.com\/produit\/infoess-cress-idf\/\" \/>\n<meta property=\"og:site_name\" content=\"Empow&#039;Her\" \/>\n<meta property=\"og:image\" content=\"https:\/\/empow-her.com\/wp-content\/uploads\/2025\/10\/Atelier.png\" \/>\n\t<meta property=\"og:image:width\" content=\"1080\" \/>\n\t<meta property=\"og:image:height\" content=\"1080\" \/>\n\t<meta property=\"og:image:type\" content=\"image\/png\" \/>\n<meta name=\"twitter:card\" content=\"summary_large_image\" \/>\n<meta name=\"twitter:label1\" content=\"Est. reading time\" \/>\n\t<meta name=\"twitter:data1\" content=\"1 minute\" \/>\n<script type=\"application\/ld+json\" class=\"yoast-schema-graph\">{\"@context\":\"https:\/\/schema.org\",\"@graph\":[{\"@type\":\"WebPage\",\"@id\":\"https:\/\/empow-her.com\/produit\/infoess-cress-idf\/\",\"url\":\"https:\/\/empow-her.com\/produit\/infoess-cress-idf\/\",\"name\":\"Info'ESS - CRESS IDF - Empow&#039;Her\",\"isPartOf\":{\"@id\":\"https:\/\/empow-her.com\/#website\"},\"primaryImageOfPage\":{\"@id\":\"https:\/\/empow-her.com\/produit\/infoess-cress-idf\/#primaryimage\"},\"image\":{\"@id\":\"https:\/\/empow-her.com\/produit\/infoess-cress-idf\/#primaryimage\"},\"thumbnailUrl\":\"https:\/\/empow-her.com\/wp-content\/uploads\/2025\/10\/Atelier.png\",\"datePublished\":\"2026-04-17T07:30:00+00:00\",\"breadcrumb\":{\"@id\":\"https:\/\/empow-her.com\/produit\/infoess-cress-idf\/#breadcrumb\"},\"inLanguage\":\"en-US\",\"potentialAction\":[{\"@type\":\"ReadAction\",\"target\":[\"https:\/\/empow-her.com\/produit\/infoess-cress-idf\/\"]}]},{\"@type\":\"ImageObject\",\"inLanguage\":\"en-US\",\"@id\":\"https:\/\/empow-her.com\/produit\/infoess-cress-idf\/#primaryimage\",\"url\":\"https:\/\/empow-her.com\/wp-content\/uploads\/2025\/10\/Atelier.png\",\"contentUrl\":\"https:\/\/empow-her.com\/wp-content\/uploads\/2025\/10\/Atelier.png\",\"width\":1080,\"height\":1080},{\"@type\":\"BreadcrumbList\",\"@id\":\"https:\/\/empow-her.com\/produit\/infoess-cress-idf\/#breadcrumb\",\"itemListElement\":[{\"@type\":\"ListItem\",\"position\":1,\"name\":\"Accueil\",\"item\":\"https:\/\/empow-her.com\/en\/landing-page\/\"},{\"@type\":\"ListItem\",\"position\":2,\"name\":\"LA BOUTIQUE\",\"item\":\"https:\/\/empow-her.com\/boutique\/\"},{\"@type\":\"ListItem\",\"position\":3,\"name\":\"Info&#8217;ESS &#8211; CRESS IDF\"}]},{\"@type\":\"WebSite\",\"@id\":\"https:\/\/empow-her.com\/#website\",\"url\":\"https:\/\/empow-her.com\/\",\"name\":\"Empow&#039;Her\",\"description\":\"Women Development\",\"potentialAction\":[{\"@type\":\"SearchAction\",\"target\":{\"@type\":\"EntryPoint\",\"urlTemplate\":\"https:\/\/empow-her.com\/?s={search_term_string}\"},\"query-input\":{\"@type\":\"PropertyValueSpecification\",\"valueRequired\":true,\"valueName\":\"search_term_string\"}}],\"inLanguage\":\"en-US\"}]}<\/script>\n<!-- \/ Yoast SEO plugin. -->","yoast_head_json":{"title":"Info'ESS - CRESS IDF - Empow&#039;Her","robots":{"index":"index","follow":"follow","max-snippet":"max-snippet:-1","max-image-preview":"max-image-preview:large","max-video-preview":"max-video-preview:-1"},"canonical":"https:\/\/empow-her.com\/produit\/infoess-cress-idf\/","og_locale":"en_US","og_type":"article","og_title":"Info'ESS - CRESS IDF - Empow&#039;Her","og_description":"\u00a0\u00a0Webinaire \u2013 Comprendre les fondamentaux de l\u2019\u00c9conomie Sociale et Solidaire (ESS) \u00a0\u00a0 \u00a0\u00a0\u00a0\u00a0Vous souhaitez mieux comprendre ce qu\u2019est l\u2019\u00c9conomie Sociale et Solidaire (ESS) ?\u00a0 \u00a0\u00a0\u00a0\u00a0Son histoire, le cadre juridique qui la r\u00e9git, les statuts existants ou encore l\u2019agr\u00e9ment ESUS ? \u00a0\u00a0\u00a0\u00a0Ce webinaire d\u2019information vous apportera les premi\u00e8res cl\u00e9s pour appr\u00e9hender les fondements et les sp\u00e9cificit\u00e9s de l\u2019ESS. \u00a0\u00a0 \u00a0\u00a0 \u00a0\u00a0\u00a0\u00a0Anim\u00e9 par la CRESS \u00cele-de-France, ce temps d\u2019\u00e9change vous permettra de clarifier les notions essentielles et de mieux situer l\u2019ESS dans l\u2019\u00e9cosyst\u00e8me entrepreneurial et associatif. \u00a0\u00a0 \u00a0\u00a0Ce que nous pourrons explorer : \u00a0\u00a0 \u00a0\u00a0\u00a0\u00a0Les fondements historiques de l\u2019ESS : comprendre l\u2019origine et les valeurs qui structurent l\u2019\u00e9conomie sociale et solidaire. \u00a0\u00a0\u00a0\u00a0Un focus sur la loi ESS de 2014 : pr\u00e9sentation du cadre juridique et de ses implications. \u00a0\u00a0\u00a0\u00a0Les soci\u00e9t\u00e9s commerciales de l\u2019ESS et l\u2019agr\u00e9ment ESUS : mieux comprendre les statuts existants et leurs sp\u00e9cificit\u00e9s. \u00a0\u00a0\u00a0\u00a0Les principaux r\u00e9seaux de l\u2019accompagnement : identifier les acteurs cl\u00e9s de l\u2019\u00e9cosyst\u00e8me ESS. \u00a0\u00a0 \u00a0\u00a0\u00c0 propos de la CRESS \u00cele-de-France \u00a0\u00a0 \u00a0\u00a0\u00a0\u00a0La Chambre R\u00e9gionale de l\u2019\u00c9conomie Sociale et Solidaire d\u2019\u00cele-de-France accompagne le d\u00e9veloppement\u00a0et la promotion de l\u2019ESS sur l\u2019ensemble du territoire r\u00e9gional. \u00a0\u00a0 \u00a0\u00a0 \u00a0\u00a0\u00a0\u00a0Ouverte \u00e0 toutes les structures de l\u2019ESS, quel que soit leur statut, la CRESS IDF favorise les \u00e9changes\u00a0entre acteurs, repr\u00e9sente et d\u00e9fend les int\u00e9r\u00eats des organisations aupr\u00e8s des pouvoirs publics,\u00a0et soutient l\u2019\u00e9mergence et la p\u00e9rennisation des initiatives d\u2019utilit\u00e9 sociale. \u00a0\u00a0 \u00a0\u00a0 \u00a0\u00a0\u00a0\u00a0Format : webinaire en ligne. \u00a0\u00a0\u00a0\u00a0Le lien de connexion vous sera transmis apr\u00e8s validation de votre inscription. \u00a0\u00a0 \u00a0\u00a0&gt;&gt; Inscription :","og_url":"https:\/\/empow-her.com\/produit\/infoess-cress-idf\/","og_site_name":"Empow&#039;Her","og_image":[{"width":1080,"height":1080,"url":"https:\/\/empow-her.com\/wp-content\/uploads\/2025\/10\/Atelier.png","type":"image\/png"}],"twitter_card":"summary_large_image","twitter_misc":{"Est. reading time":"1 minute"},"schema":{"@context":"https:\/\/schema.org","@graph":[{"@type":"WebPage","@id":"https:\/\/empow-her.com\/produit\/infoess-cress-idf\/","url":"https:\/\/empow-her.com\/produit\/infoess-cress-idf\/","name":"Info'ESS - CRESS IDF - Empow&#039;Her","isPartOf":{"@id":"https:\/\/empow-her.com\/#website"},"primaryImageOfPage":{"@id":"https:\/\/empow-her.com\/produit\/infoess-cress-idf\/#primaryimage"},"image":{"@id":"https:\/\/empow-her.com\/produit\/infoess-cress-idf\/#primaryimage"},"thumbnailUrl":"https:\/\/empow-her.com\/wp-content\/uploads\/2025\/10\/Atelier.png","datePublished":"2026-04-17T07:30:00+00:00","breadcrumb":{"@id":"https:\/\/empow-her.com\/produit\/infoess-cress-idf\/#breadcrumb"},"inLanguage":"en-US","potentialAction":[{"@type":"ReadAction","target":["https:\/\/empow-her.com\/produit\/infoess-cress-idf\/"]}]},{"@type":"ImageObject","inLanguage":"en-US","@id":"https:\/\/empow-her.com\/produit\/infoess-cress-idf\/#primaryimage","url":"https:\/\/empow-her.com\/wp-content\/uploads\/2025\/10\/Atelier.png","contentUrl":"https:\/\/empow-her.com\/wp-content\/uploads\/2025\/10\/Atelier.png","width":1080,"height":1080},{"@type":"BreadcrumbList","@id":"https:\/\/empow-her.com\/produit\/infoess-cress-idf\/#breadcrumb","itemListElement":[{"@type":"ListItem","position":1,"name":"Accueil","item":"https:\/\/empow-her.com\/en\/landing-page\/"},{"@type":"ListItem","position":2,"name":"LA BOUTIQUE","item":"https:\/\/empow-her.com\/boutique\/"},{"@type":"ListItem","position":3,"name":"Info&#8217;ESS &#8211; CRESS IDF"}]},{"@type":"WebSite","@id":"https:\/\/empow-her.com\/#website","url":"https:\/\/empow-her.com\/","name":"Empow&#039;Her","description":"Women Development","potentialAction":[{"@type":"SearchAction","target":{"@type":"EntryPoint","urlTemplate":"https:\/\/empow-her.com\/?s={search_term_string}"},"query-input":{"@type":"PropertyValueSpecification","valueRequired":true,"valueName":"search_term_string"}}],"inLanguage":"en-US"}]}},"_links":{"self":[{"href":"https:\/\/empow-her.com\/en\/wp-json\/wp\/v2\/product\/271142","targetHints":{"allow":["GET"]}}],"collection":[{"href":"https:\/\/empow-her.com\/en\/wp-json\/wp\/v2\/product"}],"about":[{"href":"https:\/\/empow-her.com\/en\/wp-json\/wp\/v2\/types\/product"}],"wp:featuredmedia":[{"embeddable":true,"href":"https:\/\/empow-her.com\/en\/wp-json\/wp\/v2\/media\/269994"}],"wp:attachment":[{"href":"https:\/\/empow-her.com\/en\/wp-json\/wp\/v2\/media?parent=271142"}],"wp:term":[{"taxonomy":"product_brand","embeddable":true,"href":"https:\/\/empow-her.com\/en\/wp-json\/wp\/v2\/product_brand?post=271142"},{"taxonomy":"product_cat","embeddable":true,"href":"https:\/\/empow-her.com\/en\/wp-json\/wp\/v2\/product_cat?post=271142"},{"taxonomy":"product_tag","embeddable":true,"href":"https:\/\/empow-her.com\/en\/wp-json\/wp\/v2\/product_tag?post=271142"},{"taxonomy":"lieu","embeddable":true,"href":"https:\/\/empow-her.com\/en\/wp-json\/wp\/v2\/lieu?post=271142"},{"taxonomy":"thematiques","embeddable":true,"href":"https:\/\/empow-her.com\/en\/wp-json\/wp\/v2\/thematiques?post=271142"}],"curies":[{"name":"wp","href":"https:\/\/api.w.org\/{rel}","templated":true}]}}