{"id":271105,"date":"2026-01-22T11:00:00","date_gmt":"2026-01-22T10:00:00","guid":{"rendered":"https:\/\/empow-her.com\/?post_type=product&#038;p=271105"},"modified":"2026-03-30T10:38:52","modified_gmt":"2026-03-30T08:38:52","slug":"renforcer-mes-ressources-grace-au-mentorat-croise-2","status":"publish","type":"product","link":"https:\/\/empow-her.com\/en\/produit\/renforcer-mes-ressources-grace-au-mentorat-croise-2\/","title":{"rendered":"Renforcer mes ressources gr\u00e2ce au mentorat crois\u00e9"},"content":{"rendered":"<p>\u00a0\u00a0<\/p>\n<h3>Webinaire\u2013 Renforcer mes ressources gr\u00e2ce au mentorat crois\u00e9<\/h3>\n<p>\u00a0\u00a0<\/p>\n<p>\n\u00a0\u00a0\u00a0\u00a0Vous souhaitez faire avancer votre projet en mobilisant vos forces et en b\u00e9n\u00e9ficiant des exp\u00e9riences des autres entrepreneures ?\u00a0<br \/>\n\u00a0\u00a0\u00a0\u00a0Cet atelier court vous permettra de d\u00e9couvrir comment partager vos comp\u00e9tences et identifier des partenariats ou soutiens au sein du groupe.<br \/>\n\u00a0\u00a0<\/p>\n<p>\u00a0\u00a0<\/p>\n<h4>Ce que nous pourrons explorer :<\/h4>\n<p>\u00a0\u00a0<\/p>\n<ul>\n\u00a0\u00a0\u00a0\u00a0<\/p>\n<li>Cartographier vos forces et ressources pour mieux comprendre ce que vous pouvez apporter.<\/li>\n<p>\u00a0\u00a0\u00a0\u00a0<\/p>\n<li>Identifier des pistes pour partager vos forces et collaborer avec d\u2019autres entrepreneures.<\/li>\n<p>\u00a0\u00a0\u00a0\u00a0<\/p>\n<li>Rep\u00e9rer des personnes dans le groupe avec qui renforcer vos ressources mutuelles.<\/li>\n<p>\u00a0\u00a0<\/ul>\n<p>\u00a0\u00a0<\/p>\n<p>\n\u00a0\u00a0\u00a0\u00a0Un atelier dynamique et bienveillant pour repartir avec des id\u00e9es concr\u00e8tes, des collaborations potentielles et une \u00e9nergie renouvel\u00e9e pour votre projet.<br \/>\n\u00a0\u00a0<\/p>\n<\/div>\n","protected":false},"excerpt":{"rendered":"<p>\u00a0\u00a0<\/p>\n<h3>Webinaire\u2013 Renforcer mes ressources gr\u00e2ce au mentorat crois\u00e9<\/h3>\n<p>\u00a0\u00a0<\/p>\n<p>\n\u00a0\u00a0\u00a0\u00a0Vous souhaitez faire avancer votre projet en mobilisant vos forces et en b\u00e9n\u00e9ficiant des exp\u00e9riences des autres entrepreneures ?\u00a0<br \/>\n\u00a0\u00a0\u00a0\u00a0Cet atelier court vous permettra de d\u00e9couvrir comment partager vos comp\u00e9tences et identifier des partenariats ou soutiens au sein du groupe.<br \/>\n\u00a0\u00a0<\/p>\n<p>\u00a0\u00a0<\/p>\n<h4>Ce que nous pourrons explorer :<\/h4>\n<p>\u00a0\u00a0<\/p>\n<ul>\n\u00a0\u00a0\u00a0\u00a0<\/p>\n<li>Cartographier vos forces et ressources pour mieux comprendre ce que vous pouvez apporter.<\/li>\n<p>\u00a0\u00a0\u00a0\u00a0<\/p>\n<li>Identifier des pistes pour partager vos forces et collaborer avec d\u2019autres entrepreneures.<\/li>\n<p>\u00a0\u00a0\u00a0\u00a0<\/p>\n<li>Rep\u00e9rer des personnes dans le groupe avec qui renforcer vos ressources mutuelles.<\/li>\n<p>\u00a0\u00a0<\/ul>\n<p>\u00a0\u00a0<\/p>\n<p>\n\u00a0\u00a0\u00a0\u00a0Un atelier dynamique et bienveillant pour repartir avec des id\u00e9es concr\u00e8tes, des collaborations potentielles et une \u00e9nergie renouvel\u00e9e pour votre projet.<br \/>\n\u00a0\u00a0<\/p>\n<\/div>\n","protected":false},"featured_media":269994,"template":"","format":"standard","meta":{"_acf_changed":false,"om_disable_all_campaigns":false,"_uf_show_specific_survey":0,"_uf_disable_surveys":false},"product_brand":[],"product_cat":[118],"product_tag":[143],"lieu":[125],"thematiques":[],"class_list":{"0":"post-271105","1":"product","2":"type-product","3":"status-publish","4":"format-standard","5":"has-post-thumbnail","7":"product_cat-atelier-collectif","8":"product_tag-en-ligne","9":"lieu-en-ligne","11":"first","12":"instock","13":"virtual","14":"purchasable","15":"product-type-appointment"},"exclude_global_add_ons":[],"addons":[],"acf":[],"yoast_head":"<!-- This site is optimized with the Yoast SEO plugin v24.8 - https:\/\/yoast.com\/wordpress\/plugins\/seo\/ -->\n<title>Renforcer mes ressources gr\u00e2ce au mentorat crois\u00e9 - Empow&#039;Her<\/title>\n<meta name=\"robots\" content=\"index, follow, max-snippet:-1, max-image-preview:large, max-video-preview:-1\" \/>\n<link rel=\"canonical\" href=\"https:\/\/empow-her.com\/produit\/renforcer-mes-ressources-grace-au-mentorat-croise-2\/\" \/>\n<meta property=\"og:locale\" content=\"en_US\" \/>\n<meta property=\"og:type\" content=\"article\" \/>\n<meta property=\"og:title\" content=\"Renforcer mes ressources gr\u00e2ce au mentorat crois\u00e9 - Empow&#039;Her\" \/>\n<meta property=\"og:description\" content=\"\u00a0\u00a0Webinaire\u2013 Renforcer mes ressources gr\u00e2ce au mentorat crois\u00e9 \u00a0\u00a0 \u00a0\u00a0\u00a0\u00a0Vous souhaitez faire avancer votre projet en mobilisant vos forces et en b\u00e9n\u00e9ficiant des exp\u00e9riences des autres entrepreneures ?\u00a0 \u00a0\u00a0\u00a0\u00a0Cet atelier court vous permettra de d\u00e9couvrir comment partager vos comp\u00e9tences et identifier des partenariats ou soutiens au sein du groupe. \u00a0\u00a0 \u00a0\u00a0Ce que nous pourrons explorer : \u00a0\u00a0 \u00a0\u00a0\u00a0\u00a0Cartographier vos forces et ressources pour mieux comprendre ce que vous pouvez apporter. \u00a0\u00a0\u00a0\u00a0Identifier des pistes pour partager vos forces et collaborer avec d\u2019autres entrepreneures. \u00a0\u00a0\u00a0\u00a0Rep\u00e9rer des personnes dans le groupe avec qui renforcer vos ressources mutuelles. \u00a0\u00a0 \u00a0\u00a0 \u00a0\u00a0\u00a0\u00a0Un atelier dynamique et bienveillant pour repartir avec des id\u00e9es concr\u00e8tes, des collaborations potentielles et une \u00e9nergie renouvel\u00e9e pour votre projet. \u00a0\u00a0\" \/>\n<meta property=\"og:url\" content=\"https:\/\/empow-her.com\/produit\/renforcer-mes-ressources-grace-au-mentorat-croise-2\/\" \/>\n<meta property=\"og:site_name\" content=\"Empow&#039;Her\" \/>\n<meta property=\"article:modified_time\" content=\"2026-03-30T08:38:52+00:00\" \/>\n<meta property=\"og:image\" content=\"https:\/\/empow-her.com\/wp-content\/uploads\/2025\/10\/Atelier.png\" \/>\n\t<meta property=\"og:image:width\" content=\"1080\" \/>\n\t<meta property=\"og:image:height\" content=\"1080\" \/>\n\t<meta property=\"og:image:type\" content=\"image\/png\" \/>\n<meta name=\"twitter:card\" content=\"summary_large_image\" \/>\n<meta name=\"twitter:label1\" content=\"Est. reading time\" \/>\n\t<meta name=\"twitter:data1\" content=\"1 minute\" \/>\n<script type=\"application\/ld+json\" class=\"yoast-schema-graph\">{\"@context\":\"https:\/\/schema.org\",\"@graph\":[{\"@type\":\"WebPage\",\"@id\":\"https:\/\/empow-her.com\/produit\/renforcer-mes-ressources-grace-au-mentorat-croise-2\/\",\"url\":\"https:\/\/empow-her.com\/produit\/renforcer-mes-ressources-grace-au-mentorat-croise-2\/\",\"name\":\"Renforcer mes ressources gr\u00e2ce au mentorat crois\u00e9 - Empow&#039;Her\",\"isPartOf\":{\"@id\":\"https:\/\/empow-her.com\/#website\"},\"primaryImageOfPage\":{\"@id\":\"https:\/\/empow-her.com\/produit\/renforcer-mes-ressources-grace-au-mentorat-croise-2\/#primaryimage\"},\"image\":{\"@id\":\"https:\/\/empow-her.com\/produit\/renforcer-mes-ressources-grace-au-mentorat-croise-2\/#primaryimage\"},\"thumbnailUrl\":\"https:\/\/empow-her.com\/wp-content\/uploads\/2025\/10\/Atelier.png\",\"datePublished\":\"2026-01-22T10:00:00+00:00\",\"dateModified\":\"2026-03-30T08:38:52+00:00\",\"breadcrumb\":{\"@id\":\"https:\/\/empow-her.com\/produit\/renforcer-mes-ressources-grace-au-mentorat-croise-2\/#breadcrumb\"},\"inLanguage\":\"en-US\",\"potentialAction\":[{\"@type\":\"ReadAction\",\"target\":[\"https:\/\/empow-her.com\/produit\/renforcer-mes-ressources-grace-au-mentorat-croise-2\/\"]}]},{\"@type\":\"ImageObject\",\"inLanguage\":\"en-US\",\"@id\":\"https:\/\/empow-her.com\/produit\/renforcer-mes-ressources-grace-au-mentorat-croise-2\/#primaryimage\",\"url\":\"https:\/\/empow-her.com\/wp-content\/uploads\/2025\/10\/Atelier.png\",\"contentUrl\":\"https:\/\/empow-her.com\/wp-content\/uploads\/2025\/10\/Atelier.png\",\"width\":1080,\"height\":1080},{\"@type\":\"BreadcrumbList\",\"@id\":\"https:\/\/empow-her.com\/produit\/renforcer-mes-ressources-grace-au-mentorat-croise-2\/#breadcrumb\",\"itemListElement\":[{\"@type\":\"ListItem\",\"position\":1,\"name\":\"Accueil\",\"item\":\"https:\/\/empow-her.com\/en\/landing-page\/\"},{\"@type\":\"ListItem\",\"position\":2,\"name\":\"LA BOUTIQUE\",\"item\":\"https:\/\/empow-her.com\/boutique\/\"},{\"@type\":\"ListItem\",\"position\":3,\"name\":\"Renforcer mes ressources gr\u00e2ce au mentorat crois\u00e9\"}]},{\"@type\":\"WebSite\",\"@id\":\"https:\/\/empow-her.com\/#website\",\"url\":\"https:\/\/empow-her.com\/\",\"name\":\"Empow&#039;Her\",\"description\":\"Women Development\",\"potentialAction\":[{\"@type\":\"SearchAction\",\"target\":{\"@type\":\"EntryPoint\",\"urlTemplate\":\"https:\/\/empow-her.com\/?s={search_term_string}\"},\"query-input\":{\"@type\":\"PropertyValueSpecification\",\"valueRequired\":true,\"valueName\":\"search_term_string\"}}],\"inLanguage\":\"en-US\"}]}<\/script>\n<!-- \/ Yoast SEO plugin. -->","yoast_head_json":{"title":"Renforcer mes ressources gr\u00e2ce au mentorat crois\u00e9 - Empow&#039;Her","robots":{"index":"index","follow":"follow","max-snippet":"max-snippet:-1","max-image-preview":"max-image-preview:large","max-video-preview":"max-video-preview:-1"},"canonical":"https:\/\/empow-her.com\/produit\/renforcer-mes-ressources-grace-au-mentorat-croise-2\/","og_locale":"en_US","og_type":"article","og_title":"Renforcer mes ressources gr\u00e2ce au mentorat crois\u00e9 - Empow&#039;Her","og_description":"\u00a0\u00a0Webinaire\u2013 Renforcer mes ressources gr\u00e2ce au mentorat crois\u00e9 \u00a0\u00a0 \u00a0\u00a0\u00a0\u00a0Vous souhaitez faire avancer votre projet en mobilisant vos forces et en b\u00e9n\u00e9ficiant des exp\u00e9riences des autres entrepreneures ?\u00a0 \u00a0\u00a0\u00a0\u00a0Cet atelier court vous permettra de d\u00e9couvrir comment partager vos comp\u00e9tences et identifier des partenariats ou soutiens au sein du groupe. \u00a0\u00a0 \u00a0\u00a0Ce que nous pourrons explorer : \u00a0\u00a0 \u00a0\u00a0\u00a0\u00a0Cartographier vos forces et ressources pour mieux comprendre ce que vous pouvez apporter. \u00a0\u00a0\u00a0\u00a0Identifier des pistes pour partager vos forces et collaborer avec d\u2019autres entrepreneures. \u00a0\u00a0\u00a0\u00a0Rep\u00e9rer des personnes dans le groupe avec qui renforcer vos ressources mutuelles. \u00a0\u00a0 \u00a0\u00a0 \u00a0\u00a0\u00a0\u00a0Un atelier dynamique et bienveillant pour repartir avec des id\u00e9es concr\u00e8tes, des collaborations potentielles et une \u00e9nergie renouvel\u00e9e pour votre projet. \u00a0\u00a0","og_url":"https:\/\/empow-her.com\/produit\/renforcer-mes-ressources-grace-au-mentorat-croise-2\/","og_site_name":"Empow&#039;Her","article_modified_time":"2026-03-30T08:38:52+00:00","og_image":[{"width":1080,"height":1080,"url":"https:\/\/empow-her.com\/wp-content\/uploads\/2025\/10\/Atelier.png","type":"image\/png"}],"twitter_card":"summary_large_image","twitter_misc":{"Est. reading time":"1 minute"},"schema":{"@context":"https:\/\/schema.org","@graph":[{"@type":"WebPage","@id":"https:\/\/empow-her.com\/produit\/renforcer-mes-ressources-grace-au-mentorat-croise-2\/","url":"https:\/\/empow-her.com\/produit\/renforcer-mes-ressources-grace-au-mentorat-croise-2\/","name":"Renforcer mes ressources gr\u00e2ce au mentorat crois\u00e9 - Empow&#039;Her","isPartOf":{"@id":"https:\/\/empow-her.com\/#website"},"primaryImageOfPage":{"@id":"https:\/\/empow-her.com\/produit\/renforcer-mes-ressources-grace-au-mentorat-croise-2\/#primaryimage"},"image":{"@id":"https:\/\/empow-her.com\/produit\/renforcer-mes-ressources-grace-au-mentorat-croise-2\/#primaryimage"},"thumbnailUrl":"https:\/\/empow-her.com\/wp-content\/uploads\/2025\/10\/Atelier.png","datePublished":"2026-01-22T10:00:00+00:00","dateModified":"2026-03-30T08:38:52+00:00","breadcrumb":{"@id":"https:\/\/empow-her.com\/produit\/renforcer-mes-ressources-grace-au-mentorat-croise-2\/#breadcrumb"},"inLanguage":"en-US","potentialAction":[{"@type":"ReadAction","target":["https:\/\/empow-her.com\/produit\/renforcer-mes-ressources-grace-au-mentorat-croise-2\/"]}]},{"@type":"ImageObject","inLanguage":"en-US","@id":"https:\/\/empow-her.com\/produit\/renforcer-mes-ressources-grace-au-mentorat-croise-2\/#primaryimage","url":"https:\/\/empow-her.com\/wp-content\/uploads\/2025\/10\/Atelier.png","contentUrl":"https:\/\/empow-her.com\/wp-content\/uploads\/2025\/10\/Atelier.png","width":1080,"height":1080},{"@type":"BreadcrumbList","@id":"https:\/\/empow-her.com\/produit\/renforcer-mes-ressources-grace-au-mentorat-croise-2\/#breadcrumb","itemListElement":[{"@type":"ListItem","position":1,"name":"Accueil","item":"https:\/\/empow-her.com\/en\/landing-page\/"},{"@type":"ListItem","position":2,"name":"LA BOUTIQUE","item":"https:\/\/empow-her.com\/boutique\/"},{"@type":"ListItem","position":3,"name":"Renforcer mes ressources gr\u00e2ce au mentorat crois\u00e9"}]},{"@type":"WebSite","@id":"https:\/\/empow-her.com\/#website","url":"https:\/\/empow-her.com\/","name":"Empow&#039;Her","description":"Women Development","potentialAction":[{"@type":"SearchAction","target":{"@type":"EntryPoint","urlTemplate":"https:\/\/empow-her.com\/?s={search_term_string}"},"query-input":{"@type":"PropertyValueSpecification","valueRequired":true,"valueName":"search_term_string"}}],"inLanguage":"en-US"}]}},"_links":{"self":[{"href":"https:\/\/empow-her.com\/en\/wp-json\/wp\/v2\/product\/271105","targetHints":{"allow":["GET"]}}],"collection":[{"href":"https:\/\/empow-her.com\/en\/wp-json\/wp\/v2\/product"}],"about":[{"href":"https:\/\/empow-her.com\/en\/wp-json\/wp\/v2\/types\/product"}],"wp:featuredmedia":[{"embeddable":true,"href":"https:\/\/empow-her.com\/en\/wp-json\/wp\/v2\/media\/269994"}],"wp:attachment":[{"href":"https:\/\/empow-her.com\/en\/wp-json\/wp\/v2\/media?parent=271105"}],"wp:term":[{"taxonomy":"product_brand","embeddable":true,"href":"https:\/\/empow-her.com\/en\/wp-json\/wp\/v2\/product_brand?post=271105"},{"taxonomy":"product_cat","embeddable":true,"href":"https:\/\/empow-her.com\/en\/wp-json\/wp\/v2\/product_cat?post=271105"},{"taxonomy":"product_tag","embeddable":true,"href":"https:\/\/empow-her.com\/en\/wp-json\/wp\/v2\/product_tag?post=271105"},{"taxonomy":"lieu","embeddable":true,"href":"https:\/\/empow-her.com\/en\/wp-json\/wp\/v2\/lieu?post=271105"},{"taxonomy":"thematiques","embeddable":true,"href":"https:\/\/empow-her.com\/en\/wp-json\/wp\/v2\/thematiques?post=271105"}],"curies":[{"name":"wp","href":"https:\/\/api.w.org\/{rel}","templated":true}]}}