{"id":270984,"date":"2026-01-20T10:00:00","date_gmt":"2026-01-20T09:00:00","guid":{"rendered":"https:\/\/empow-her.com\/?post_type=product&#038;p=270984"},"modified":"2026-03-30T10:38:41","modified_gmt":"2026-03-30T08:38:41","slug":"cible-etude-de-marche","status":"publish","type":"product","link":"https:\/\/empow-her.com\/en\/produit\/cible-etude-de-marche\/","title":{"rendered":"Cible &#038; \u00e9tude de march\u00e9"},"content":{"rendered":"<p>\u00a0\u00a0<\/p>\n<h3>Atelier \u2013 D\u00e9finir sa cible et comprendre son march\u00e9 pour structurer son offre<\/h3>\n<p>\u00a0\u00a0<\/p>\n<p>\n\u00a0\u00a0\u00a0\u00a0Bien conna\u00eetre son march\u00e9 et sa client\u00e8le est une \u00e9tape essentielle pour construire une offre pertinente<br \/>\n\u00a0\u00a0\u00a0\u00a0et \u00e9viter d\u2019avancer \u00e0 l\u2019aveugle. Cet atelier vous propose de poser des bases solides pour mieux comprendre<br \/>\n\u00a0\u00a0\u00a0\u00a0\u00e0 qui vous vous adressez, quels sont les besoins r\u00e9els de votre cible et comment positionner votre offre<br \/>\n\u00a0\u00a0\u00a0\u00a0de mani\u00e8re coh\u00e9rente.<br \/>\n\u00a0\u00a0<\/p>\n<p>\u00a0\u00a0<\/p>\n<h4>Ce que nous pouvons voir ensemble :<\/h4>\n<p>\u00a0\u00a0<\/p>\n<ul>\n\u00a0\u00a0\u00a0\u00a0<\/p>\n<li>\n\u00a0\u00a0\u00a0\u00a0\u00a0\u00a0<strong>D\u00e9finir votre client\u00e8le cible \u00e0 l\u2019aide d\u2019un persona<\/strong><br \/>\n\u00a0\u00a0\u00a0\u00a0\u00a0\u00a0Identifier votre client id\u00e9al, ses caract\u00e9ristiques, ses usages et ses enjeux afin de clarifier<br \/>\n\u00a0\u00a0\u00a0\u00a0\u00a0\u00a0\u00e0 qui s\u2019adresse r\u00e9ellement votre projet.<br \/>\n\u00a0\u00a0\u00a0\u00a0<\/li>\n<p>\u00a0\u00a0\u00a0\u00a0<\/p>\n<li>\n\u00a0\u00a0\u00a0\u00a0\u00a0\u00a0<strong>\u00c9valuer les besoins et attentes de votre client\u00e8le cible<\/strong><br \/>\n\u00a0\u00a0\u00a0\u00a0\u00a0\u00a0D\u00e9couvrir comment aller \u00e0 la rencontre de votre cible, mener une enqu\u00eate terrain et recueillir<br \/>\n\u00a0\u00a0\u00a0\u00a0\u00a0\u00a0des informations utiles pour mieux comprendre ses probl\u00e9matiques et attentes.<br \/>\n\u00a0\u00a0\u00a0\u00a0<\/li>\n<p>\u00a0\u00a0\u00a0\u00a0<\/p>\n<li>\n\u00a0\u00a0\u00a0\u00a0\u00a0\u00a0<strong>Conna\u00eetre les \u00e9tapes cl\u00e9s d\u2019une \u00e9tude de march\u00e9 efficace<\/strong><br \/>\n\u00a0\u00a0\u00a0\u00a0\u00a0\u00a0Comprendre les grandes \u00e9tapes d\u2019une \u00e9tude de march\u00e9, les informations \u00e0 collecter<br \/>\n\u00a0\u00a0\u00a0\u00a0\u00a0\u00a0et les erreurs \u00e0 \u00e9viter pour structurer votre r\u00e9flexion.<br \/>\n\u00a0\u00a0\u00a0\u00a0<\/li>\n<p>\u00a0\u00a0\u00a0\u00a0<\/p>\n<li>\n\u00a0\u00a0\u00a0\u00a0\u00a0\u00a0<strong>Analyser votre march\u00e9 pour mieux positionner votre offre<\/strong><br \/>\n\u00a0\u00a0\u00a0\u00a0\u00a0\u00a0Identifier les acteurs existants, rep\u00e9rer les opportunit\u00e9s et r\u00e9fl\u00e9chir \u00e0 un positionnement<br \/>\n\u00a0\u00a0\u00a0\u00a0\u00a0\u00a0diff\u00e9renciant et coh\u00e9rent avec votre projet.<br \/>\n\u00a0\u00a0\u00a0\u00a0<\/li>\n<p>\u00a0\u00a0\u00a0\u00a0<\/p>\n<li>\n\u00a0\u00a0\u00a0\u00a0\u00a0\u00a0<strong>D\u00e9finir les premiers contours de votre offre<\/strong><br \/>\n\u00a0\u00a0\u00a0\u00a0\u00a0\u00a0Transformer les enseignements du march\u00e9 en premi\u00e8res pistes concr\u00e8tes pour structurer<br \/>\n\u00a0\u00a0\u00a0\u00a0\u00a0\u00a0une offre align\u00e9e avec les besoins identifi\u00e9s.<br \/>\n\u00a0\u00a0\u00a0\u00a0<\/li>\n<p>\u00a0\u00a0<\/ul>\n<p>\u00a0\u00a0<\/p>\n<p>\n\u00a0\u00a0\u00a0\u00a0Un atelier pour gagner en clart\u00e9, mieux comprendre votre environnement<br \/>\n\u00a0\u00a0\u00a0\u00a0et poser les fondations d\u2019une offre solide et adapt\u00e9e \u00e0 votre march\u00e9.<br \/>\n\u00a0\u00a0<\/p>\n<\/div>\n","protected":false},"excerpt":{"rendered":"<p>\u00a0\u00a0<\/p>\n<h3>Atelier \u2013 D\u00e9finir sa cible et comprendre son march\u00e9 pour structurer son offre<\/h3>\n<p>\u00a0\u00a0<\/p>\n<p>\n\u00a0\u00a0\u00a0\u00a0Bien conna\u00eetre son march\u00e9 et sa client\u00e8le est une \u00e9tape essentielle pour construire une offre pertinente<br \/>\n\u00a0\u00a0\u00a0\u00a0et \u00e9viter d\u2019avancer \u00e0 l\u2019aveugle. Cet atelier vous propose de poser des bases solides pour mieux comprendre<br \/>\n\u00a0\u00a0\u00a0\u00a0\u00e0 qui vous vous adressez, quels sont les besoins r\u00e9els de votre cible et comment positionner votre offre<br \/>\n\u00a0\u00a0\u00a0\u00a0de mani\u00e8re coh\u00e9rente.<br \/>\n\u00a0\u00a0<\/p>\n<p>\u00a0\u00a0<\/p>\n<h4>Ce que nous pouvons voir ensemble :<\/h4>\n<p>\u00a0\u00a0<\/p>\n<ul>\n\u00a0\u00a0\u00a0\u00a0<\/p>\n<li>\n\u00a0\u00a0\u00a0\u00a0\u00a0\u00a0<strong>D\u00e9finir votre client\u00e8le cible \u00e0 l\u2019aide d\u2019un persona<\/strong><br \/>\n\u00a0\u00a0\u00a0\u00a0\u00a0\u00a0Identifier votre client id\u00e9al, ses caract\u00e9ristiques, ses usages et ses enjeux afin de clarifier<br \/>\n\u00a0\u00a0\u00a0\u00a0\u00a0\u00a0\u00e0 qui s\u2019adresse r\u00e9ellement votre projet.<br \/>\n\u00a0\u00a0\u00a0\u00a0<\/li>\n<p>\u00a0\u00a0\u00a0\u00a0<\/p>\n<li>\n\u00a0\u00a0\u00a0\u00a0\u00a0\u00a0<strong>\u00c9valuer les besoins et attentes de votre client\u00e8le cible<\/strong><br \/>\n\u00a0\u00a0\u00a0\u00a0\u00a0\u00a0D\u00e9couvrir comment aller \u00e0 la rencontre de votre cible, mener une enqu\u00eate terrain et recueillir<br \/>\n\u00a0\u00a0\u00a0\u00a0\u00a0\u00a0des informations utiles pour mieux comprendre ses probl\u00e9matiques et attentes.<br \/>\n\u00a0\u00a0\u00a0\u00a0<\/li>\n<p>\u00a0\u00a0\u00a0\u00a0<\/p>\n<li>\n\u00a0\u00a0\u00a0\u00a0\u00a0\u00a0<strong>Conna\u00eetre les \u00e9tapes cl\u00e9s d\u2019une \u00e9tude de march\u00e9 efficace<\/strong><br \/>\n\u00a0\u00a0\u00a0\u00a0\u00a0\u00a0Comprendre les grandes \u00e9tapes d\u2019une \u00e9tude de march\u00e9, les informations \u00e0 collecter<br \/>\n\u00a0\u00a0\u00a0\u00a0\u00a0\u00a0et les erreurs \u00e0 \u00e9viter pour structurer votre r\u00e9flexion.<br \/>\n\u00a0\u00a0\u00a0\u00a0<\/li>\n<p>\u00a0\u00a0\u00a0\u00a0<\/p>\n<li>\n\u00a0\u00a0\u00a0\u00a0\u00a0\u00a0<strong>Analyser votre march\u00e9 pour mieux positionner votre offre<\/strong><br \/>\n\u00a0\u00a0\u00a0\u00a0\u00a0\u00a0Identifier les acteurs existants, rep\u00e9rer les opportunit\u00e9s et r\u00e9fl\u00e9chir \u00e0 un positionnement<br \/>\n\u00a0\u00a0\u00a0\u00a0\u00a0\u00a0diff\u00e9renciant et coh\u00e9rent avec votre projet.<br \/>\n\u00a0\u00a0\u00a0\u00a0<\/li>\n<p>\u00a0\u00a0\u00a0\u00a0<\/p>\n<li>\n\u00a0\u00a0\u00a0\u00a0\u00a0\u00a0<strong>D\u00e9finir les premiers contours de votre offre<\/strong><br \/>\n\u00a0\u00a0\u00a0\u00a0\u00a0\u00a0Transformer les enseignements du march\u00e9 en premi\u00e8res pistes concr\u00e8tes pour structurer<br \/>\n\u00a0\u00a0\u00a0\u00a0\u00a0\u00a0une offre align\u00e9e avec les besoins identifi\u00e9s.<br \/>\n\u00a0\u00a0\u00a0\u00a0<\/li>\n<p>\u00a0\u00a0<\/ul>\n<p>\u00a0\u00a0<\/p>\n<p>\n\u00a0\u00a0\u00a0\u00a0Un atelier pour gagner en clart\u00e9, mieux comprendre votre environnement<br \/>\n\u00a0\u00a0\u00a0\u00a0et poser les fondations d\u2019une offre solide et adapt\u00e9e \u00e0 votre march\u00e9.<br \/>\n\u00a0\u00a0<\/p>\n<\/div>\n","protected":false},"featured_media":269994,"template":"","format":"standard","meta":{"_acf_changed":false,"om_disable_all_campaigns":false,"_uf_show_specific_survey":0,"_uf_disable_surveys":false},"product_brand":[],"product_cat":[118],"product_tag":[222],"lieu":[223],"thematiques":[],"class_list":{"0":"post-270984","1":"product","2":"type-product","3":"status-publish","4":"format-standard","5":"has-post-thumbnail","7":"product_cat-atelier-collectif","8":"product_tag-presentiel","9":"lieu-presentiel","11":"first","12":"instock","13":"virtual","14":"purchasable","15":"product-type-appointment"},"exclude_global_add_ons":[],"addons":[],"acf":[],"yoast_head":"<!-- This site is optimized with the Yoast SEO plugin v24.8 - https:\/\/yoast.com\/wordpress\/plugins\/seo\/ -->\n<title>Cible &amp; \u00e9tude de march\u00e9 - Empow&#039;Her<\/title>\n<meta name=\"robots\" content=\"index, follow, max-snippet:-1, max-image-preview:large, max-video-preview:-1\" \/>\n<link rel=\"canonical\" href=\"https:\/\/empow-her.com\/produit\/cible-etude-de-marche\/\" \/>\n<meta property=\"og:locale\" content=\"en_US\" \/>\n<meta property=\"og:type\" content=\"article\" \/>\n<meta property=\"og:title\" content=\"Cible &amp; \u00e9tude de march\u00e9 - Empow&#039;Her\" \/>\n<meta property=\"og:description\" content=\"\u00a0\u00a0Atelier \u2013 D\u00e9finir sa cible et comprendre son march\u00e9 pour structurer son offre \u00a0\u00a0 \u00a0\u00a0\u00a0\u00a0Bien conna\u00eetre son march\u00e9 et sa client\u00e8le est une \u00e9tape essentielle pour construire une offre pertinente \u00a0\u00a0\u00a0\u00a0et \u00e9viter d\u2019avancer \u00e0 l\u2019aveugle. Cet atelier vous propose de poser des bases solides pour mieux comprendre \u00a0\u00a0\u00a0\u00a0\u00e0 qui vous vous adressez, quels sont les besoins r\u00e9els de votre cible et comment positionner votre offre \u00a0\u00a0\u00a0\u00a0de mani\u00e8re coh\u00e9rente. \u00a0\u00a0 \u00a0\u00a0Ce que nous pouvons voir ensemble : \u00a0\u00a0 \u00a0\u00a0\u00a0\u00a0 \u00a0\u00a0\u00a0\u00a0\u00a0\u00a0D\u00e9finir votre client\u00e8le cible \u00e0 l\u2019aide d\u2019un persona \u00a0\u00a0\u00a0\u00a0\u00a0\u00a0Identifier votre client id\u00e9al, ses caract\u00e9ristiques, ses usages et ses enjeux afin de clarifier \u00a0\u00a0\u00a0\u00a0\u00a0\u00a0\u00e0 qui s\u2019adresse r\u00e9ellement votre projet. \u00a0\u00a0\u00a0\u00a0 \u00a0\u00a0\u00a0\u00a0 \u00a0\u00a0\u00a0\u00a0\u00a0\u00a0\u00c9valuer les besoins et attentes de votre client\u00e8le cible \u00a0\u00a0\u00a0\u00a0\u00a0\u00a0D\u00e9couvrir comment aller \u00e0 la rencontre de votre cible, mener une enqu\u00eate terrain et recueillir \u00a0\u00a0\u00a0\u00a0\u00a0\u00a0des informations utiles pour mieux comprendre ses probl\u00e9matiques et attentes. \u00a0\u00a0\u00a0\u00a0 \u00a0\u00a0\u00a0\u00a0 \u00a0\u00a0\u00a0\u00a0\u00a0\u00a0Conna\u00eetre les \u00e9tapes cl\u00e9s d\u2019une \u00e9tude de march\u00e9 efficace \u00a0\u00a0\u00a0\u00a0\u00a0\u00a0Comprendre les grandes \u00e9tapes d\u2019une \u00e9tude de march\u00e9, les informations \u00e0 collecter \u00a0\u00a0\u00a0\u00a0\u00a0\u00a0et les erreurs \u00e0 \u00e9viter pour structurer votre r\u00e9flexion. \u00a0\u00a0\u00a0\u00a0 \u00a0\u00a0\u00a0\u00a0 \u00a0\u00a0\u00a0\u00a0\u00a0\u00a0Analyser votre march\u00e9 pour mieux positionner votre offre \u00a0\u00a0\u00a0\u00a0\u00a0\u00a0Identifier les acteurs existants, rep\u00e9rer les opportunit\u00e9s et r\u00e9fl\u00e9chir \u00e0 un positionnement \u00a0\u00a0\u00a0\u00a0\u00a0\u00a0diff\u00e9renciant et coh\u00e9rent avec votre projet. \u00a0\u00a0\u00a0\u00a0 \u00a0\u00a0\u00a0\u00a0 \u00a0\u00a0\u00a0\u00a0\u00a0\u00a0D\u00e9finir les premiers contours de votre offre \u00a0\u00a0\u00a0\u00a0\u00a0\u00a0Transformer les enseignements du march\u00e9 en premi\u00e8res pistes concr\u00e8tes pour structurer \u00a0\u00a0\u00a0\u00a0\u00a0\u00a0une offre align\u00e9e avec les besoins identifi\u00e9s. \u00a0\u00a0\u00a0\u00a0 \u00a0\u00a0 \u00a0\u00a0 \u00a0\u00a0\u00a0\u00a0Un atelier pour gagner en clart\u00e9, mieux comprendre votre environnement \u00a0\u00a0\u00a0\u00a0et poser les fondations d\u2019une offre solide et adapt\u00e9e \u00e0 votre march\u00e9. \u00a0\u00a0\" \/>\n<meta property=\"og:url\" content=\"https:\/\/empow-her.com\/produit\/cible-etude-de-marche\/\" \/>\n<meta property=\"og:site_name\" content=\"Empow&#039;Her\" \/>\n<meta property=\"article:modified_time\" content=\"2026-03-30T08:38:41+00:00\" \/>\n<meta property=\"og:image\" content=\"https:\/\/empow-her.com\/wp-content\/uploads\/2025\/10\/Atelier.png\" \/>\n\t<meta property=\"og:image:width\" content=\"1080\" \/>\n\t<meta property=\"og:image:height\" content=\"1080\" \/>\n\t<meta property=\"og:image:type\" content=\"image\/png\" \/>\n<meta name=\"twitter:card\" content=\"summary_large_image\" \/>\n<meta name=\"twitter:label1\" content=\"Est. reading time\" \/>\n\t<meta name=\"twitter:data1\" content=\"1 minute\" \/>\n<script type=\"application\/ld+json\" class=\"yoast-schema-graph\">{\"@context\":\"https:\/\/schema.org\",\"@graph\":[{\"@type\":\"WebPage\",\"@id\":\"https:\/\/empow-her.com\/produit\/cible-etude-de-marche\/\",\"url\":\"https:\/\/empow-her.com\/produit\/cible-etude-de-marche\/\",\"name\":\"Cible & \u00e9tude de march\u00e9 - Empow&#039;Her\",\"isPartOf\":{\"@id\":\"https:\/\/empow-her.com\/#website\"},\"primaryImageOfPage\":{\"@id\":\"https:\/\/empow-her.com\/produit\/cible-etude-de-marche\/#primaryimage\"},\"image\":{\"@id\":\"https:\/\/empow-her.com\/produit\/cible-etude-de-marche\/#primaryimage\"},\"thumbnailUrl\":\"https:\/\/empow-her.com\/wp-content\/uploads\/2025\/10\/Atelier.png\",\"datePublished\":\"2026-01-20T09:00:00+00:00\",\"dateModified\":\"2026-03-30T08:38:41+00:00\",\"breadcrumb\":{\"@id\":\"https:\/\/empow-her.com\/produit\/cible-etude-de-marche\/#breadcrumb\"},\"inLanguage\":\"en-US\",\"potentialAction\":[{\"@type\":\"ReadAction\",\"target\":[\"https:\/\/empow-her.com\/produit\/cible-etude-de-marche\/\"]}]},{\"@type\":\"ImageObject\",\"inLanguage\":\"en-US\",\"@id\":\"https:\/\/empow-her.com\/produit\/cible-etude-de-marche\/#primaryimage\",\"url\":\"https:\/\/empow-her.com\/wp-content\/uploads\/2025\/10\/Atelier.png\",\"contentUrl\":\"https:\/\/empow-her.com\/wp-content\/uploads\/2025\/10\/Atelier.png\",\"width\":1080,\"height\":1080},{\"@type\":\"BreadcrumbList\",\"@id\":\"https:\/\/empow-her.com\/produit\/cible-etude-de-marche\/#breadcrumb\",\"itemListElement\":[{\"@type\":\"ListItem\",\"position\":1,\"name\":\"Accueil\",\"item\":\"https:\/\/empow-her.com\/en\/landing-page\/\"},{\"@type\":\"ListItem\",\"position\":2,\"name\":\"LA BOUTIQUE\",\"item\":\"https:\/\/empow-her.com\/boutique\/\"},{\"@type\":\"ListItem\",\"position\":3,\"name\":\"Cible &#038; \u00e9tude de march\u00e9\"}]},{\"@type\":\"WebSite\",\"@id\":\"https:\/\/empow-her.com\/#website\",\"url\":\"https:\/\/empow-her.com\/\",\"name\":\"Empow&#039;Her\",\"description\":\"Women Development\",\"potentialAction\":[{\"@type\":\"SearchAction\",\"target\":{\"@type\":\"EntryPoint\",\"urlTemplate\":\"https:\/\/empow-her.com\/?s={search_term_string}\"},\"query-input\":{\"@type\":\"PropertyValueSpecification\",\"valueRequired\":true,\"valueName\":\"search_term_string\"}}],\"inLanguage\":\"en-US\"}]}<\/script>\n<!-- \/ Yoast SEO plugin. -->","yoast_head_json":{"title":"Cible & \u00e9tude de march\u00e9 - Empow&#039;Her","robots":{"index":"index","follow":"follow","max-snippet":"max-snippet:-1","max-image-preview":"max-image-preview:large","max-video-preview":"max-video-preview:-1"},"canonical":"https:\/\/empow-her.com\/produit\/cible-etude-de-marche\/","og_locale":"en_US","og_type":"article","og_title":"Cible & \u00e9tude de march\u00e9 - Empow&#039;Her","og_description":"\u00a0\u00a0Atelier \u2013 D\u00e9finir sa cible et comprendre son march\u00e9 pour structurer son offre \u00a0\u00a0 \u00a0\u00a0\u00a0\u00a0Bien conna\u00eetre son march\u00e9 et sa client\u00e8le est une \u00e9tape essentielle pour construire une offre pertinente \u00a0\u00a0\u00a0\u00a0et \u00e9viter d\u2019avancer \u00e0 l\u2019aveugle. Cet atelier vous propose de poser des bases solides pour mieux comprendre \u00a0\u00a0\u00a0\u00a0\u00e0 qui vous vous adressez, quels sont les besoins r\u00e9els de votre cible et comment positionner votre offre \u00a0\u00a0\u00a0\u00a0de mani\u00e8re coh\u00e9rente. \u00a0\u00a0 \u00a0\u00a0Ce que nous pouvons voir ensemble : \u00a0\u00a0 \u00a0\u00a0\u00a0\u00a0 \u00a0\u00a0\u00a0\u00a0\u00a0\u00a0D\u00e9finir votre client\u00e8le cible \u00e0 l\u2019aide d\u2019un persona \u00a0\u00a0\u00a0\u00a0\u00a0\u00a0Identifier votre client id\u00e9al, ses caract\u00e9ristiques, ses usages et ses enjeux afin de clarifier \u00a0\u00a0\u00a0\u00a0\u00a0\u00a0\u00e0 qui s\u2019adresse r\u00e9ellement votre projet. \u00a0\u00a0\u00a0\u00a0 \u00a0\u00a0\u00a0\u00a0 \u00a0\u00a0\u00a0\u00a0\u00a0\u00a0\u00c9valuer les besoins et attentes de votre client\u00e8le cible \u00a0\u00a0\u00a0\u00a0\u00a0\u00a0D\u00e9couvrir comment aller \u00e0 la rencontre de votre cible, mener une enqu\u00eate terrain et recueillir \u00a0\u00a0\u00a0\u00a0\u00a0\u00a0des informations utiles pour mieux comprendre ses probl\u00e9matiques et attentes. \u00a0\u00a0\u00a0\u00a0 \u00a0\u00a0\u00a0\u00a0 \u00a0\u00a0\u00a0\u00a0\u00a0\u00a0Conna\u00eetre les \u00e9tapes cl\u00e9s d\u2019une \u00e9tude de march\u00e9 efficace \u00a0\u00a0\u00a0\u00a0\u00a0\u00a0Comprendre les grandes \u00e9tapes d\u2019une \u00e9tude de march\u00e9, les informations \u00e0 collecter \u00a0\u00a0\u00a0\u00a0\u00a0\u00a0et les erreurs \u00e0 \u00e9viter pour structurer votre r\u00e9flexion. \u00a0\u00a0\u00a0\u00a0 \u00a0\u00a0\u00a0\u00a0 \u00a0\u00a0\u00a0\u00a0\u00a0\u00a0Analyser votre march\u00e9 pour mieux positionner votre offre \u00a0\u00a0\u00a0\u00a0\u00a0\u00a0Identifier les acteurs existants, rep\u00e9rer les opportunit\u00e9s et r\u00e9fl\u00e9chir \u00e0 un positionnement \u00a0\u00a0\u00a0\u00a0\u00a0\u00a0diff\u00e9renciant et coh\u00e9rent avec votre projet. \u00a0\u00a0\u00a0\u00a0 \u00a0\u00a0\u00a0\u00a0 \u00a0\u00a0\u00a0\u00a0\u00a0\u00a0D\u00e9finir les premiers contours de votre offre \u00a0\u00a0\u00a0\u00a0\u00a0\u00a0Transformer les enseignements du march\u00e9 en premi\u00e8res pistes concr\u00e8tes pour structurer \u00a0\u00a0\u00a0\u00a0\u00a0\u00a0une offre align\u00e9e avec les besoins identifi\u00e9s. \u00a0\u00a0\u00a0\u00a0 \u00a0\u00a0 \u00a0\u00a0 \u00a0\u00a0\u00a0\u00a0Un atelier pour gagner en clart\u00e9, mieux comprendre votre environnement \u00a0\u00a0\u00a0\u00a0et poser les fondations d\u2019une offre solide et adapt\u00e9e \u00e0 votre march\u00e9. \u00a0\u00a0","og_url":"https:\/\/empow-her.com\/produit\/cible-etude-de-marche\/","og_site_name":"Empow&#039;Her","article_modified_time":"2026-03-30T08:38:41+00:00","og_image":[{"width":1080,"height":1080,"url":"https:\/\/empow-her.com\/wp-content\/uploads\/2025\/10\/Atelier.png","type":"image\/png"}],"twitter_card":"summary_large_image","twitter_misc":{"Est. reading time":"1 minute"},"schema":{"@context":"https:\/\/schema.org","@graph":[{"@type":"WebPage","@id":"https:\/\/empow-her.com\/produit\/cible-etude-de-marche\/","url":"https:\/\/empow-her.com\/produit\/cible-etude-de-marche\/","name":"Cible & \u00e9tude de march\u00e9 - Empow&#039;Her","isPartOf":{"@id":"https:\/\/empow-her.com\/#website"},"primaryImageOfPage":{"@id":"https:\/\/empow-her.com\/produit\/cible-etude-de-marche\/#primaryimage"},"image":{"@id":"https:\/\/empow-her.com\/produit\/cible-etude-de-marche\/#primaryimage"},"thumbnailUrl":"https:\/\/empow-her.com\/wp-content\/uploads\/2025\/10\/Atelier.png","datePublished":"2026-01-20T09:00:00+00:00","dateModified":"2026-03-30T08:38:41+00:00","breadcrumb":{"@id":"https:\/\/empow-her.com\/produit\/cible-etude-de-marche\/#breadcrumb"},"inLanguage":"en-US","potentialAction":[{"@type":"ReadAction","target":["https:\/\/empow-her.com\/produit\/cible-etude-de-marche\/"]}]},{"@type":"ImageObject","inLanguage":"en-US","@id":"https:\/\/empow-her.com\/produit\/cible-etude-de-marche\/#primaryimage","url":"https:\/\/empow-her.com\/wp-content\/uploads\/2025\/10\/Atelier.png","contentUrl":"https:\/\/empow-her.com\/wp-content\/uploads\/2025\/10\/Atelier.png","width":1080,"height":1080},{"@type":"BreadcrumbList","@id":"https:\/\/empow-her.com\/produit\/cible-etude-de-marche\/#breadcrumb","itemListElement":[{"@type":"ListItem","position":1,"name":"Accueil","item":"https:\/\/empow-her.com\/en\/landing-page\/"},{"@type":"ListItem","position":2,"name":"LA BOUTIQUE","item":"https:\/\/empow-her.com\/boutique\/"},{"@type":"ListItem","position":3,"name":"Cible &#038; \u00e9tude de march\u00e9"}]},{"@type":"WebSite","@id":"https:\/\/empow-her.com\/#website","url":"https:\/\/empow-her.com\/","name":"Empow&#039;Her","description":"Women Development","potentialAction":[{"@type":"SearchAction","target":{"@type":"EntryPoint","urlTemplate":"https:\/\/empow-her.com\/?s={search_term_string}"},"query-input":{"@type":"PropertyValueSpecification","valueRequired":true,"valueName":"search_term_string"}}],"inLanguage":"en-US"}]}},"_links":{"self":[{"href":"https:\/\/empow-her.com\/en\/wp-json\/wp\/v2\/product\/270984","targetHints":{"allow":["GET"]}}],"collection":[{"href":"https:\/\/empow-her.com\/en\/wp-json\/wp\/v2\/product"}],"about":[{"href":"https:\/\/empow-her.com\/en\/wp-json\/wp\/v2\/types\/product"}],"wp:featuredmedia":[{"embeddable":true,"href":"https:\/\/empow-her.com\/en\/wp-json\/wp\/v2\/media\/269994"}],"wp:attachment":[{"href":"https:\/\/empow-her.com\/en\/wp-json\/wp\/v2\/media?parent=270984"}],"wp:term":[{"taxonomy":"product_brand","embeddable":true,"href":"https:\/\/empow-her.com\/en\/wp-json\/wp\/v2\/product_brand?post=270984"},{"taxonomy":"product_cat","embeddable":true,"href":"https:\/\/empow-her.com\/en\/wp-json\/wp\/v2\/product_cat?post=270984"},{"taxonomy":"product_tag","embeddable":true,"href":"https:\/\/empow-her.com\/en\/wp-json\/wp\/v2\/product_tag?post=270984"},{"taxonomy":"lieu","embeddable":true,"href":"https:\/\/empow-her.com\/en\/wp-json\/wp\/v2\/lieu?post=270984"},{"taxonomy":"thematiques","embeddable":true,"href":"https:\/\/empow-her.com\/en\/wp-json\/wp\/v2\/thematiques?post=270984"}],"curies":[{"name":"wp","href":"https:\/\/api.w.org\/{rel}","templated":true}]}}