{"id":270895,"date":"2025-12-15T09:00:00","date_gmt":"2025-12-15T08:00:00","guid":{"rendered":"https:\/\/empow-her.com\/?post_type=product&#038;p=270895"},"modified":"2026-03-30T10:38:43","modified_gmt":"2026-03-30T08:38:43","slug":"definir-creer-lidentite-de-son-projet-4","status":"publish","type":"product","link":"https:\/\/empow-her.com\/en\/produit\/definir-creer-lidentite-de-son-projet-4\/","title":{"rendered":"D\u00e9finir &#038; cr\u00e9er l&#8217;identit\u00e9 de son projet"},"content":{"rendered":"<p>\u00a0<\/p>\n<h3>1h de coaching pour structurer et professionnaliser ton identit\u00e9 de marque<\/h3>\n<p>\u00a0\u00a0<br \/>\n\u00a0<\/p>\n<p>Vous souhaitez que votre projet ou entreprise soit reconnaissable au premier coup d&#8217;\u0153il ? Une identit\u00e9 visuelle forte et coh\u00e9rente est essentielle pour marquer les esprits et asseoir votre cr\u00e9dibilit\u00e9. Lors de cette s\u00e9ance, nous allons structurer ensemble votre univers de marque pour qu&#8217;il refl\u00e8te au mieux vos valeurs et attire les bons clients.<\/p>\n<p>\u00a0\u00a0<br \/>\n\u00a0<\/p>\n<h3> Ce que nous pouvons voir ensemble :<\/h3>\n<p>\u00a0<\/p>\n<ul>\n\u00a0\u00a0<\/p>\n<li><strong>D\u00e9finition de votre identit\u00e9 de marque et positionnement :<\/strong> Clarifier l\u2019essence de votre marque, ses valeurs, sa mission, sa personnalit\u00e9 et son positionnement sur le march\u00e9 pour construire une communication forte et impactante.<\/li>\n<p>\u00a0\u00a0<\/p>\n<li><strong>Comprendre l\u2019importance des \u00e9l\u00e9ments visuels :<\/strong> Logo, couleurs, typographie, imagerie\u2026 D\u00e9cortiquer leur r\u00f4le et savoir les choisir pour qu\u2019ils soient en parfaite ad\u00e9quation avec votre message et votre audience.<\/li>\n<p>\u00a0\u00a0<\/p>\n<li><strong>Cr\u00e9er une identit\u00e9 visuelle coh\u00e9rente et harmonieuse :<\/strong> D\u00e9velopper une identit\u00e9 homog\u00e8ne sur tous vos supports (r\u00e9seaux sociaux, site web, supports print) pour renforcer votre image de marque.<\/li>\n<p>\u00a0\u00a0<\/p>\n<li><strong>Prise en main d\u2019outils accessibles et efficaces :<\/strong> Utiliser des outils simples et intuitifs pour d\u00e9cliner votre identit\u00e9 visuelle de mani\u00e8re autonome et professionnelle.<\/li>\n<p>\u00a0<\/ul>\n<p>\u00a0\u00a0<br \/>\n\u00a0<\/p>\n<p>\u00c0 l\u2019issue de cette heure de coaching, vous repartirez avec une vision claire de votre identit\u00e9 de marque, des outils concrets pour la mettre en place et la confiance n\u00e9cessaire pour la faire \u00e9voluer avec aisance.<\/p>\n<p>\u00a0\u00a0<br \/>\n\u00a0<\/p>\n<p><strong> Objectif :<\/strong> Faire de votre image un v\u00e9ritable levier de succ\u00e8s !<\/p>\n<\/div>\n","protected":false},"excerpt":{"rendered":"<p>\u00a0<\/p>\n<h3>1h de coaching pour structurer et professionnaliser ton identit\u00e9 de marque<\/h3>\n<p>\u00a0\u00a0<br \/>\n\u00a0<\/p>\n<p>Vous souhaitez que votre projet ou entreprise soit reconnaissable au premier coup d&#8217;\u0153il ? Une identit\u00e9 visuelle forte et coh\u00e9rente est essentielle pour marquer les esprits et asseoir votre cr\u00e9dibilit\u00e9. Lors de cette s\u00e9ance, nous allons structurer ensemble votre univers de marque pour qu&#8217;il refl\u00e8te au mieux vos valeurs et attire les bons clients.<\/p>\n<p>\u00a0\u00a0<br \/>\n\u00a0<\/p>\n<h3> Ce que nous pouvons voir ensemble :<\/h3>\n<p>\u00a0<\/p>\n<ul>\n\u00a0\u00a0<\/p>\n<li><strong>D\u00e9finition de votre identit\u00e9 de marque et positionnement :<\/strong> Clarifier l\u2019essence de votre marque, ses valeurs, sa mission, sa personnalit\u00e9 et son positionnement sur le march\u00e9 pour construire une communication forte et impactante.<\/li>\n<p>\u00a0\u00a0<\/p>\n<li><strong>Comprendre l\u2019importance des \u00e9l\u00e9ments visuels :<\/strong> Logo, couleurs, typographie, imagerie\u2026 D\u00e9cortiquer leur r\u00f4le et savoir les choisir pour qu\u2019ils soient en parfaite ad\u00e9quation avec votre message et votre audience.<\/li>\n<p>\u00a0\u00a0<\/p>\n<li><strong>Cr\u00e9er une identit\u00e9 visuelle coh\u00e9rente et harmonieuse :<\/strong> D\u00e9velopper une identit\u00e9 homog\u00e8ne sur tous vos supports (r\u00e9seaux sociaux, site web, supports print) pour renforcer votre image de marque.<\/li>\n<p>\u00a0\u00a0<\/p>\n<li><strong>Prise en main d\u2019outils accessibles et efficaces :<\/strong> Utiliser des outils simples et intuitifs pour d\u00e9cliner votre identit\u00e9 visuelle de mani\u00e8re autonome et professionnelle.<\/li>\n<p>\u00a0<\/ul>\n<p>\u00a0\u00a0<br \/>\n\u00a0<\/p>\n<p>\u00c0 l\u2019issue de cette heure de coaching, vous repartirez avec une vision claire de votre identit\u00e9 de marque, des outils concrets pour la mettre en place et la confiance n\u00e9cessaire pour la faire \u00e9voluer avec aisance.<\/p>\n<p>\u00a0\u00a0<br \/>\n\u00a0<\/p>\n<p><strong> Objectif :<\/strong> Faire de votre image un v\u00e9ritable levier de succ\u00e8s !<\/p>\n<\/div>\n","protected":false},"featured_media":270000,"template":"","format":"standard","meta":{"_acf_changed":false,"om_disable_all_campaigns":false,"_uf_show_specific_survey":0,"_uf_disable_surveys":false},"product_brand":[],"product_cat":[121],"product_tag":[143],"lieu":[125],"thematiques":[],"class_list":{"0":"post-270895","1":"product","2":"type-product","3":"status-publish","4":"format-standard","5":"has-post-thumbnail","7":"product_cat-coaching","8":"product_tag-en-ligne","9":"lieu-en-ligne","11":"first","12":"instock","13":"virtual","14":"purchasable","15":"product-type-appointment"},"exclude_global_add_ons":[],"addons":[],"acf":[],"yoast_head":"<!-- This site is optimized with the Yoast SEO plugin v24.8 - https:\/\/yoast.com\/wordpress\/plugins\/seo\/ -->\n<title>D\u00e9finir &amp; cr\u00e9er l&#039;identit\u00e9 de son projet - Empow&#039;Her<\/title>\n<meta name=\"robots\" content=\"index, follow, max-snippet:-1, max-image-preview:large, max-video-preview:-1\" \/>\n<link rel=\"canonical\" href=\"https:\/\/empow-her.com\/produit\/definir-creer-lidentite-de-son-projet-4\/\" \/>\n<meta property=\"og:locale\" content=\"en_US\" \/>\n<meta property=\"og:type\" content=\"article\" \/>\n<meta property=\"og:title\" content=\"D\u00e9finir &amp; cr\u00e9er l&#039;identit\u00e9 de son projet - Empow&#039;Her\" \/>\n<meta property=\"og:description\" content=\"\u00a01h de coaching pour structurer et professionnaliser ton identit\u00e9 de marque \u00a0\u00a0 \u00a0Vous souhaitez que votre projet ou entreprise soit reconnaissable au premier coup d&#039;\u0153il ? Une identit\u00e9 visuelle forte et coh\u00e9rente est essentielle pour marquer les esprits et asseoir votre cr\u00e9dibilit\u00e9. Lors de cette s\u00e9ance, nous allons structurer ensemble votre univers de marque pour qu&#039;il refl\u00e8te au mieux vos valeurs et attire les bons clients. \u00a0\u00a0 \u00a0 Ce que nous pouvons voir ensemble : \u00a0 \u00a0\u00a0D\u00e9finition de votre identit\u00e9 de marque et positionnement : Clarifier l\u2019essence de votre marque, ses valeurs, sa mission, sa personnalit\u00e9 et son positionnement sur le march\u00e9 pour construire une communication forte et impactante. \u00a0\u00a0Comprendre l\u2019importance des \u00e9l\u00e9ments visuels : Logo, couleurs, typographie, imagerie\u2026 D\u00e9cortiquer leur r\u00f4le et savoir les choisir pour qu\u2019ils soient en parfaite ad\u00e9quation avec votre message et votre audience. \u00a0\u00a0Cr\u00e9er une identit\u00e9 visuelle coh\u00e9rente et harmonieuse : D\u00e9velopper une identit\u00e9 homog\u00e8ne sur tous vos supports (r\u00e9seaux sociaux, site web, supports print) pour renforcer votre image de marque. \u00a0\u00a0Prise en main d\u2019outils accessibles et efficaces : Utiliser des outils simples et intuitifs pour d\u00e9cliner votre identit\u00e9 visuelle de mani\u00e8re autonome et professionnelle. \u00a0 \u00a0\u00a0 \u00a0\u00c0 l\u2019issue de cette heure de coaching, vous repartirez avec une vision claire de votre identit\u00e9 de marque, des outils concrets pour la mettre en place et la confiance n\u00e9cessaire pour la faire \u00e9voluer avec aisance. \u00a0\u00a0 \u00a0 Objectif : Faire de votre image un v\u00e9ritable levier de succ\u00e8s !\" \/>\n<meta property=\"og:url\" content=\"https:\/\/empow-her.com\/produit\/definir-creer-lidentite-de-son-projet-4\/\" \/>\n<meta property=\"og:site_name\" content=\"Empow&#039;Her\" \/>\n<meta property=\"article:modified_time\" content=\"2026-03-30T08:38:43+00:00\" \/>\n<meta property=\"og:image\" content=\"https:\/\/empow-her.com\/wp-content\/uploads\/2025\/10\/Coaching.png\" \/>\n\t<meta property=\"og:image:width\" content=\"1080\" \/>\n\t<meta property=\"og:image:height\" content=\"1080\" \/>\n\t<meta property=\"og:image:type\" content=\"image\/png\" \/>\n<meta name=\"twitter:card\" content=\"summary_large_image\" \/>\n<meta name=\"twitter:label1\" content=\"Est. reading time\" \/>\n\t<meta name=\"twitter:data1\" content=\"1 minute\" \/>\n<script type=\"application\/ld+json\" class=\"yoast-schema-graph\">{\"@context\":\"https:\/\/schema.org\",\"@graph\":[{\"@type\":\"WebPage\",\"@id\":\"https:\/\/empow-her.com\/produit\/definir-creer-lidentite-de-son-projet-4\/\",\"url\":\"https:\/\/empow-her.com\/produit\/definir-creer-lidentite-de-son-projet-4\/\",\"name\":\"D\u00e9finir & cr\u00e9er l'identit\u00e9 de son projet - Empow&#039;Her\",\"isPartOf\":{\"@id\":\"https:\/\/empow-her.com\/#website\"},\"primaryImageOfPage\":{\"@id\":\"https:\/\/empow-her.com\/produit\/definir-creer-lidentite-de-son-projet-4\/#primaryimage\"},\"image\":{\"@id\":\"https:\/\/empow-her.com\/produit\/definir-creer-lidentite-de-son-projet-4\/#primaryimage\"},\"thumbnailUrl\":\"https:\/\/empow-her.com\/wp-content\/uploads\/2025\/10\/Coaching.png\",\"datePublished\":\"2025-12-15T08:00:00+00:00\",\"dateModified\":\"2026-03-30T08:38:43+00:00\",\"breadcrumb\":{\"@id\":\"https:\/\/empow-her.com\/produit\/definir-creer-lidentite-de-son-projet-4\/#breadcrumb\"},\"inLanguage\":\"en-US\",\"potentialAction\":[{\"@type\":\"ReadAction\",\"target\":[\"https:\/\/empow-her.com\/produit\/definir-creer-lidentite-de-son-projet-4\/\"]}]},{\"@type\":\"ImageObject\",\"inLanguage\":\"en-US\",\"@id\":\"https:\/\/empow-her.com\/produit\/definir-creer-lidentite-de-son-projet-4\/#primaryimage\",\"url\":\"https:\/\/empow-her.com\/wp-content\/uploads\/2025\/10\/Coaching.png\",\"contentUrl\":\"https:\/\/empow-her.com\/wp-content\/uploads\/2025\/10\/Coaching.png\",\"width\":1080,\"height\":1080},{\"@type\":\"BreadcrumbList\",\"@id\":\"https:\/\/empow-her.com\/produit\/definir-creer-lidentite-de-son-projet-4\/#breadcrumb\",\"itemListElement\":[{\"@type\":\"ListItem\",\"position\":1,\"name\":\"Accueil\",\"item\":\"https:\/\/empow-her.com\/en\/landing-page\/\"},{\"@type\":\"ListItem\",\"position\":2,\"name\":\"LA BOUTIQUE\",\"item\":\"https:\/\/empow-her.com\/boutique\/\"},{\"@type\":\"ListItem\",\"position\":3,\"name\":\"D\u00e9finir &#038; cr\u00e9er l&#8217;identit\u00e9 de son projet\"}]},{\"@type\":\"WebSite\",\"@id\":\"https:\/\/empow-her.com\/#website\",\"url\":\"https:\/\/empow-her.com\/\",\"name\":\"Empow&#039;Her\",\"description\":\"Women Development\",\"potentialAction\":[{\"@type\":\"SearchAction\",\"target\":{\"@type\":\"EntryPoint\",\"urlTemplate\":\"https:\/\/empow-her.com\/?s={search_term_string}\"},\"query-input\":{\"@type\":\"PropertyValueSpecification\",\"valueRequired\":true,\"valueName\":\"search_term_string\"}}],\"inLanguage\":\"en-US\"}]}<\/script>\n<!-- \/ Yoast SEO plugin. -->","yoast_head_json":{"title":"D\u00e9finir & cr\u00e9er l'identit\u00e9 de son projet - Empow&#039;Her","robots":{"index":"index","follow":"follow","max-snippet":"max-snippet:-1","max-image-preview":"max-image-preview:large","max-video-preview":"max-video-preview:-1"},"canonical":"https:\/\/empow-her.com\/produit\/definir-creer-lidentite-de-son-projet-4\/","og_locale":"en_US","og_type":"article","og_title":"D\u00e9finir & cr\u00e9er l'identit\u00e9 de son projet - Empow&#039;Her","og_description":"\u00a01h de coaching pour structurer et professionnaliser ton identit\u00e9 de marque \u00a0\u00a0 \u00a0Vous souhaitez que votre projet ou entreprise soit reconnaissable au premier coup d'\u0153il ? Une identit\u00e9 visuelle forte et coh\u00e9rente est essentielle pour marquer les esprits et asseoir votre cr\u00e9dibilit\u00e9. Lors de cette s\u00e9ance, nous allons structurer ensemble votre univers de marque pour qu'il refl\u00e8te au mieux vos valeurs et attire les bons clients. \u00a0\u00a0 \u00a0 Ce que nous pouvons voir ensemble : \u00a0 \u00a0\u00a0D\u00e9finition de votre identit\u00e9 de marque et positionnement : Clarifier l\u2019essence de votre marque, ses valeurs, sa mission, sa personnalit\u00e9 et son positionnement sur le march\u00e9 pour construire une communication forte et impactante. \u00a0\u00a0Comprendre l\u2019importance des \u00e9l\u00e9ments visuels : Logo, couleurs, typographie, imagerie\u2026 D\u00e9cortiquer leur r\u00f4le et savoir les choisir pour qu\u2019ils soient en parfaite ad\u00e9quation avec votre message et votre audience. \u00a0\u00a0Cr\u00e9er une identit\u00e9 visuelle coh\u00e9rente et harmonieuse : D\u00e9velopper une identit\u00e9 homog\u00e8ne sur tous vos supports (r\u00e9seaux sociaux, site web, supports print) pour renforcer votre image de marque. \u00a0\u00a0Prise en main d\u2019outils accessibles et efficaces : Utiliser des outils simples et intuitifs pour d\u00e9cliner votre identit\u00e9 visuelle de mani\u00e8re autonome et professionnelle. \u00a0 \u00a0\u00a0 \u00a0\u00c0 l\u2019issue de cette heure de coaching, vous repartirez avec une vision claire de votre identit\u00e9 de marque, des outils concrets pour la mettre en place et la confiance n\u00e9cessaire pour la faire \u00e9voluer avec aisance. \u00a0\u00a0 \u00a0 Objectif : Faire de votre image un v\u00e9ritable levier de succ\u00e8s !","og_url":"https:\/\/empow-her.com\/produit\/definir-creer-lidentite-de-son-projet-4\/","og_site_name":"Empow&#039;Her","article_modified_time":"2026-03-30T08:38:43+00:00","og_image":[{"width":1080,"height":1080,"url":"https:\/\/empow-her.com\/wp-content\/uploads\/2025\/10\/Coaching.png","type":"image\/png"}],"twitter_card":"summary_large_image","twitter_misc":{"Est. reading time":"1 minute"},"schema":{"@context":"https:\/\/schema.org","@graph":[{"@type":"WebPage","@id":"https:\/\/empow-her.com\/produit\/definir-creer-lidentite-de-son-projet-4\/","url":"https:\/\/empow-her.com\/produit\/definir-creer-lidentite-de-son-projet-4\/","name":"D\u00e9finir & cr\u00e9er l'identit\u00e9 de son projet - Empow&#039;Her","isPartOf":{"@id":"https:\/\/empow-her.com\/#website"},"primaryImageOfPage":{"@id":"https:\/\/empow-her.com\/produit\/definir-creer-lidentite-de-son-projet-4\/#primaryimage"},"image":{"@id":"https:\/\/empow-her.com\/produit\/definir-creer-lidentite-de-son-projet-4\/#primaryimage"},"thumbnailUrl":"https:\/\/empow-her.com\/wp-content\/uploads\/2025\/10\/Coaching.png","datePublished":"2025-12-15T08:00:00+00:00","dateModified":"2026-03-30T08:38:43+00:00","breadcrumb":{"@id":"https:\/\/empow-her.com\/produit\/definir-creer-lidentite-de-son-projet-4\/#breadcrumb"},"inLanguage":"en-US","potentialAction":[{"@type":"ReadAction","target":["https:\/\/empow-her.com\/produit\/definir-creer-lidentite-de-son-projet-4\/"]}]},{"@type":"ImageObject","inLanguage":"en-US","@id":"https:\/\/empow-her.com\/produit\/definir-creer-lidentite-de-son-projet-4\/#primaryimage","url":"https:\/\/empow-her.com\/wp-content\/uploads\/2025\/10\/Coaching.png","contentUrl":"https:\/\/empow-her.com\/wp-content\/uploads\/2025\/10\/Coaching.png","width":1080,"height":1080},{"@type":"BreadcrumbList","@id":"https:\/\/empow-her.com\/produit\/definir-creer-lidentite-de-son-projet-4\/#breadcrumb","itemListElement":[{"@type":"ListItem","position":1,"name":"Accueil","item":"https:\/\/empow-her.com\/en\/landing-page\/"},{"@type":"ListItem","position":2,"name":"LA BOUTIQUE","item":"https:\/\/empow-her.com\/boutique\/"},{"@type":"ListItem","position":3,"name":"D\u00e9finir &#038; cr\u00e9er l&#8217;identit\u00e9 de son projet"}]},{"@type":"WebSite","@id":"https:\/\/empow-her.com\/#website","url":"https:\/\/empow-her.com\/","name":"Empow&#039;Her","description":"Women Development","potentialAction":[{"@type":"SearchAction","target":{"@type":"EntryPoint","urlTemplate":"https:\/\/empow-her.com\/?s={search_term_string}"},"query-input":{"@type":"PropertyValueSpecification","valueRequired":true,"valueName":"search_term_string"}}],"inLanguage":"en-US"}]}},"_links":{"self":[{"href":"https:\/\/empow-her.com\/en\/wp-json\/wp\/v2\/product\/270895","targetHints":{"allow":["GET"]}}],"collection":[{"href":"https:\/\/empow-her.com\/en\/wp-json\/wp\/v2\/product"}],"about":[{"href":"https:\/\/empow-her.com\/en\/wp-json\/wp\/v2\/types\/product"}],"wp:featuredmedia":[{"embeddable":true,"href":"https:\/\/empow-her.com\/en\/wp-json\/wp\/v2\/media\/270000"}],"wp:attachment":[{"href":"https:\/\/empow-her.com\/en\/wp-json\/wp\/v2\/media?parent=270895"}],"wp:term":[{"taxonomy":"product_brand","embeddable":true,"href":"https:\/\/empow-her.com\/en\/wp-json\/wp\/v2\/product_brand?post=270895"},{"taxonomy":"product_cat","embeddable":true,"href":"https:\/\/empow-her.com\/en\/wp-json\/wp\/v2\/product_cat?post=270895"},{"taxonomy":"product_tag","embeddable":true,"href":"https:\/\/empow-her.com\/en\/wp-json\/wp\/v2\/product_tag?post=270895"},{"taxonomy":"lieu","embeddable":true,"href":"https:\/\/empow-her.com\/en\/wp-json\/wp\/v2\/lieu?post=270895"},{"taxonomy":"thematiques","embeddable":true,"href":"https:\/\/empow-her.com\/en\/wp-json\/wp\/v2\/thematiques?post=270895"}],"curies":[{"name":"wp","href":"https:\/\/api.w.org\/{rel}","templated":true}]}}