{"id":270629,"date":"2025-12-04T10:00:00","date_gmt":"2025-12-04T09:00:00","guid":{"rendered":"https:\/\/empow-her.com\/?post_type=product&#038;p=270629"},"modified":"2026-03-30T10:38:20","modified_gmt":"2026-03-30T08:38:20","slug":"comprendre-son-etude-de-marche-definir-son-offre-3","status":"publish","type":"product","link":"https:\/\/empow-her.com\/en\/produit\/comprendre-son-etude-de-marche-definir-son-offre-3\/","title":{"rendered":"Comprendre son \u00e9tude de march\u00e9 &#038; d\u00e9finir son offre"},"content":{"rendered":"<h3>Coaching &#8211; Comprendre son \u00e9tude de march\u00e9 pour d\u00e9finir son offre<\/h3>\n<p>Une offre pertinente repose sur une connaissance approfondie de son march\u00e9. Ce coaching individuel vous guide dans l\u2019analyse de votre environnement, l\u2019identification de vos clients cibles et la compr\u00e9hension de vos concurrents. \u00c0 travers une approche structur\u00e9e et des outils concrets, vous repartirez avec une m\u00e9thodologie claire pour affiner votre proposition et renforcer votre positionnement.<\/p>\n<p><strong>Ce que nous pourrons aborder :<\/strong><\/p>\n<ul>\n\u00a0<\/p>\n<li><strong>D\u00e9finir les \u00e9l\u00e9ments cl\u00e9s d\u2019une \u00e9tude de march\u00e9 :<\/strong> identifier les aspects essentiels \u00e0 analyser pour comprendre son march\u00e9 et structurer une strat\u00e9gie efficace.<\/li>\n<p>\u00a0<\/p>\n<li><strong>Identifier son march\u00e9 cible et ses segments de client\u00e8le :<\/strong> cerner ses futurs utilisateurs, leurs besoins et attentes pour adapter son offre.<\/li>\n<p>\u00a0<\/p>\n<li><strong>Analyser la concurrence et rep\u00e9rer les opportunit\u00e9s :<\/strong> comprendre les forces et faiblesses des acteurs en place pour se positionner de mani\u00e8re diff\u00e9renciante.<\/li>\n<p>\u00a0<\/p>\n<li><strong>Transformer les insights en une offre adapt\u00e9e et diff\u00e9renciante :<\/strong> utiliser les enseignements du march\u00e9 pour ajuster et affiner son offre avec pertinence.<\/li>\n<\/ul>\n<p><strong>Pr\u00e9-requis :<\/strong><\/p>\n<ul>\n\u00a0<\/p>\n<li>Avoir une id\u00e9e de projet entrepreneurial, m\u00eame \u00e0 un stade pr\u00e9coce.<\/li>\n<p>\u00a0<\/p>\n<li>\u00catre pr\u00eat\u00b7e \u00e0 explorer et structurer son analyse de march\u00e9.<\/li>\n<\/ul>\n<p>Lors de ce coaching, nous avancerons en fonction de votre projet et de vos besoins sp\u00e9cifiques. Vous repartirez avec des outils concrets pour approfondir votre \u00e9tude de march\u00e9 et renforcer la pertinence de votre offre.<\/p>\n","protected":false},"excerpt":{"rendered":"<h3>Coaching &#8211; Comprendre son \u00e9tude de march\u00e9 pour d\u00e9finir son offre<\/h3>\n<p>Une offre pertinente repose sur une connaissance approfondie de son march\u00e9. Ce coaching individuel vous guide dans l\u2019analyse de votre environnement, l\u2019identification de vos clients cibles et la compr\u00e9hension de vos concurrents. \u00c0 travers une approche structur\u00e9e et des outils concrets, vous repartirez avec une m\u00e9thodologie claire pour affiner votre proposition et renforcer votre positionnement.<\/p>\n<p><strong>Ce que nous pourrons aborder :<\/strong><\/p>\n<ul>\n\u00a0<\/p>\n<li><strong>D\u00e9finir les \u00e9l\u00e9ments cl\u00e9s d\u2019une \u00e9tude de march\u00e9 :<\/strong> identifier les aspects essentiels \u00e0 analyser pour comprendre son march\u00e9 et structurer une strat\u00e9gie efficace.<\/li>\n<p>\u00a0<\/p>\n<li><strong>Identifier son march\u00e9 cible et ses segments de client\u00e8le :<\/strong> cerner ses futurs utilisateurs, leurs besoins et attentes pour adapter son offre.<\/li>\n<p>\u00a0<\/p>\n<li><strong>Analyser la concurrence et rep\u00e9rer les opportunit\u00e9s :<\/strong> comprendre les forces et faiblesses des acteurs en place pour se positionner de mani\u00e8re diff\u00e9renciante.<\/li>\n<p>\u00a0<\/p>\n<li><strong>Transformer les insights en une offre adapt\u00e9e et diff\u00e9renciante :<\/strong> utiliser les enseignements du march\u00e9 pour ajuster et affiner son offre avec pertinence.<\/li>\n<\/ul>\n<p><strong>Pr\u00e9-requis :<\/strong><\/p>\n<ul>\n\u00a0<\/p>\n<li>Avoir une id\u00e9e de projet entrepreneurial, m\u00eame \u00e0 un stade pr\u00e9coce.<\/li>\n<p>\u00a0<\/p>\n<li>\u00catre pr\u00eat\u00b7e \u00e0 explorer et structurer son analyse de march\u00e9.<\/li>\n<\/ul>\n<p>Lors de ce coaching, nous avancerons en fonction de votre projet et de vos besoins sp\u00e9cifiques. Vous repartirez avec des outils concrets pour approfondir votre \u00e9tude de march\u00e9 et renforcer la pertinence de votre offre.<\/p>\n","protected":false},"featured_media":270000,"template":"","format":"standard","meta":{"_acf_changed":false,"om_disable_all_campaigns":false,"_uf_show_specific_survey":0,"_uf_disable_surveys":false},"product_brand":[],"product_cat":[121],"product_tag":[143],"lieu":[125],"thematiques":[],"class_list":{"0":"post-270629","1":"product","2":"type-product","3":"status-publish","4":"format-standard","5":"has-post-thumbnail","7":"product_cat-coaching","8":"product_tag-en-ligne","9":"lieu-en-ligne","11":"first","12":"instock","13":"virtual","14":"purchasable","15":"product-type-appointment"},"exclude_global_add_ons":[],"addons":[],"acf":[],"yoast_head":"<!-- This site is optimized with the Yoast SEO plugin v24.8 - https:\/\/yoast.com\/wordpress\/plugins\/seo\/ -->\n<title>Comprendre son \u00e9tude de march\u00e9 &amp; d\u00e9finir son offre - Empow&#039;Her<\/title>\n<meta name=\"robots\" content=\"index, follow, max-snippet:-1, max-image-preview:large, max-video-preview:-1\" \/>\n<link rel=\"canonical\" href=\"https:\/\/empow-her.com\/produit\/comprendre-son-etude-de-marche-definir-son-offre-3\/\" \/>\n<meta property=\"og:locale\" content=\"en_US\" \/>\n<meta property=\"og:type\" content=\"article\" \/>\n<meta property=\"og:title\" content=\"Comprendre son \u00e9tude de march\u00e9 &amp; d\u00e9finir son offre - Empow&#039;Her\" \/>\n<meta property=\"og:description\" content=\"Coaching - Comprendre son \u00e9tude de march\u00e9 pour d\u00e9finir son offre Une offre pertinente repose sur une connaissance approfondie de son march\u00e9. Ce coaching individuel vous guide dans l\u2019analyse de votre environnement, l\u2019identification de vos clients cibles et la compr\u00e9hension de vos concurrents. \u00c0 travers une approche structur\u00e9e et des outils concrets, vous repartirez avec une m\u00e9thodologie claire pour affiner votre proposition et renforcer votre positionnement. Ce que nous pourrons aborder : \u00a0D\u00e9finir les \u00e9l\u00e9ments cl\u00e9s d\u2019une \u00e9tude de march\u00e9 : identifier les aspects essentiels \u00e0 analyser pour comprendre son march\u00e9 et structurer une strat\u00e9gie efficace. \u00a0Identifier son march\u00e9 cible et ses segments de client\u00e8le : cerner ses futurs utilisateurs, leurs besoins et attentes pour adapter son offre. \u00a0Analyser la concurrence et rep\u00e9rer les opportunit\u00e9s : comprendre les forces et faiblesses des acteurs en place pour se positionner de mani\u00e8re diff\u00e9renciante. \u00a0Transformer les insights en une offre adapt\u00e9e et diff\u00e9renciante : utiliser les enseignements du march\u00e9 pour ajuster et affiner son offre avec pertinence.  Pr\u00e9-requis : \u00a0Avoir une id\u00e9e de projet entrepreneurial, m\u00eame \u00e0 un stade pr\u00e9coce. \u00a0\u00catre pr\u00eat\u00b7e \u00e0 explorer et structurer son analyse de march\u00e9.  Lors de ce coaching, nous avancerons en fonction de votre projet et de vos besoins sp\u00e9cifiques. Vous repartirez avec des outils concrets pour approfondir votre \u00e9tude de march\u00e9 et renforcer la pertinence de votre offre.\" \/>\n<meta property=\"og:url\" content=\"https:\/\/empow-her.com\/produit\/comprendre-son-etude-de-marche-definir-son-offre-3\/\" \/>\n<meta property=\"og:site_name\" content=\"Empow&#039;Her\" \/>\n<meta property=\"article:modified_time\" content=\"2026-03-30T08:38:20+00:00\" \/>\n<meta property=\"og:image\" content=\"https:\/\/empow-her.com\/wp-content\/uploads\/2025\/10\/Coaching.png\" \/>\n\t<meta property=\"og:image:width\" content=\"1080\" \/>\n\t<meta property=\"og:image:height\" content=\"1080\" \/>\n\t<meta property=\"og:image:type\" content=\"image\/png\" \/>\n<meta name=\"twitter:card\" content=\"summary_large_image\" \/>\n<meta name=\"twitter:label1\" content=\"Est. reading time\" \/>\n\t<meta name=\"twitter:data1\" content=\"1 minute\" \/>\n<script type=\"application\/ld+json\" class=\"yoast-schema-graph\">{\"@context\":\"https:\/\/schema.org\",\"@graph\":[{\"@type\":\"WebPage\",\"@id\":\"https:\/\/empow-her.com\/produit\/comprendre-son-etude-de-marche-definir-son-offre-3\/\",\"url\":\"https:\/\/empow-her.com\/produit\/comprendre-son-etude-de-marche-definir-son-offre-3\/\",\"name\":\"Comprendre son \u00e9tude de march\u00e9 & d\u00e9finir son offre - Empow&#039;Her\",\"isPartOf\":{\"@id\":\"https:\/\/empow-her.com\/#website\"},\"primaryImageOfPage\":{\"@id\":\"https:\/\/empow-her.com\/produit\/comprendre-son-etude-de-marche-definir-son-offre-3\/#primaryimage\"},\"image\":{\"@id\":\"https:\/\/empow-her.com\/produit\/comprendre-son-etude-de-marche-definir-son-offre-3\/#primaryimage\"},\"thumbnailUrl\":\"https:\/\/empow-her.com\/wp-content\/uploads\/2025\/10\/Coaching.png\",\"datePublished\":\"2025-12-04T09:00:00+00:00\",\"dateModified\":\"2026-03-30T08:38:20+00:00\",\"breadcrumb\":{\"@id\":\"https:\/\/empow-her.com\/produit\/comprendre-son-etude-de-marche-definir-son-offre-3\/#breadcrumb\"},\"inLanguage\":\"en-US\",\"potentialAction\":[{\"@type\":\"ReadAction\",\"target\":[\"https:\/\/empow-her.com\/produit\/comprendre-son-etude-de-marche-definir-son-offre-3\/\"]}]},{\"@type\":\"ImageObject\",\"inLanguage\":\"en-US\",\"@id\":\"https:\/\/empow-her.com\/produit\/comprendre-son-etude-de-marche-definir-son-offre-3\/#primaryimage\",\"url\":\"https:\/\/empow-her.com\/wp-content\/uploads\/2025\/10\/Coaching.png\",\"contentUrl\":\"https:\/\/empow-her.com\/wp-content\/uploads\/2025\/10\/Coaching.png\",\"width\":1080,\"height\":1080},{\"@type\":\"BreadcrumbList\",\"@id\":\"https:\/\/empow-her.com\/produit\/comprendre-son-etude-de-marche-definir-son-offre-3\/#breadcrumb\",\"itemListElement\":[{\"@type\":\"ListItem\",\"position\":1,\"name\":\"Accueil\",\"item\":\"https:\/\/empow-her.com\/en\/landing-page\/\"},{\"@type\":\"ListItem\",\"position\":2,\"name\":\"LA BOUTIQUE\",\"item\":\"https:\/\/empow-her.com\/boutique\/\"},{\"@type\":\"ListItem\",\"position\":3,\"name\":\"Comprendre son \u00e9tude de march\u00e9 &#038; d\u00e9finir son offre\"}]},{\"@type\":\"WebSite\",\"@id\":\"https:\/\/empow-her.com\/#website\",\"url\":\"https:\/\/empow-her.com\/\",\"name\":\"Empow&#039;Her\",\"description\":\"Women Development\",\"potentialAction\":[{\"@type\":\"SearchAction\",\"target\":{\"@type\":\"EntryPoint\",\"urlTemplate\":\"https:\/\/empow-her.com\/?s={search_term_string}\"},\"query-input\":{\"@type\":\"PropertyValueSpecification\",\"valueRequired\":true,\"valueName\":\"search_term_string\"}}],\"inLanguage\":\"en-US\"}]}<\/script>\n<!-- \/ Yoast SEO plugin. -->","yoast_head_json":{"title":"Comprendre son \u00e9tude de march\u00e9 & d\u00e9finir son offre - Empow&#039;Her","robots":{"index":"index","follow":"follow","max-snippet":"max-snippet:-1","max-image-preview":"max-image-preview:large","max-video-preview":"max-video-preview:-1"},"canonical":"https:\/\/empow-her.com\/produit\/comprendre-son-etude-de-marche-definir-son-offre-3\/","og_locale":"en_US","og_type":"article","og_title":"Comprendre son \u00e9tude de march\u00e9 & d\u00e9finir son offre - Empow&#039;Her","og_description":"Coaching - Comprendre son \u00e9tude de march\u00e9 pour d\u00e9finir son offre Une offre pertinente repose sur une connaissance approfondie de son march\u00e9. Ce coaching individuel vous guide dans l\u2019analyse de votre environnement, l\u2019identification de vos clients cibles et la compr\u00e9hension de vos concurrents. \u00c0 travers une approche structur\u00e9e et des outils concrets, vous repartirez avec une m\u00e9thodologie claire pour affiner votre proposition et renforcer votre positionnement. Ce que nous pourrons aborder : \u00a0D\u00e9finir les \u00e9l\u00e9ments cl\u00e9s d\u2019une \u00e9tude de march\u00e9 : identifier les aspects essentiels \u00e0 analyser pour comprendre son march\u00e9 et structurer une strat\u00e9gie efficace. \u00a0Identifier son march\u00e9 cible et ses segments de client\u00e8le : cerner ses futurs utilisateurs, leurs besoins et attentes pour adapter son offre. \u00a0Analyser la concurrence et rep\u00e9rer les opportunit\u00e9s : comprendre les forces et faiblesses des acteurs en place pour se positionner de mani\u00e8re diff\u00e9renciante. \u00a0Transformer les insights en une offre adapt\u00e9e et diff\u00e9renciante : utiliser les enseignements du march\u00e9 pour ajuster et affiner son offre avec pertinence.  Pr\u00e9-requis : \u00a0Avoir une id\u00e9e de projet entrepreneurial, m\u00eame \u00e0 un stade pr\u00e9coce. \u00a0\u00catre pr\u00eat\u00b7e \u00e0 explorer et structurer son analyse de march\u00e9.  Lors de ce coaching, nous avancerons en fonction de votre projet et de vos besoins sp\u00e9cifiques. Vous repartirez avec des outils concrets pour approfondir votre \u00e9tude de march\u00e9 et renforcer la pertinence de votre offre.","og_url":"https:\/\/empow-her.com\/produit\/comprendre-son-etude-de-marche-definir-son-offre-3\/","og_site_name":"Empow&#039;Her","article_modified_time":"2026-03-30T08:38:20+00:00","og_image":[{"width":1080,"height":1080,"url":"https:\/\/empow-her.com\/wp-content\/uploads\/2025\/10\/Coaching.png","type":"image\/png"}],"twitter_card":"summary_large_image","twitter_misc":{"Est. reading time":"1 minute"},"schema":{"@context":"https:\/\/schema.org","@graph":[{"@type":"WebPage","@id":"https:\/\/empow-her.com\/produit\/comprendre-son-etude-de-marche-definir-son-offre-3\/","url":"https:\/\/empow-her.com\/produit\/comprendre-son-etude-de-marche-definir-son-offre-3\/","name":"Comprendre son \u00e9tude de march\u00e9 & d\u00e9finir son offre - Empow&#039;Her","isPartOf":{"@id":"https:\/\/empow-her.com\/#website"},"primaryImageOfPage":{"@id":"https:\/\/empow-her.com\/produit\/comprendre-son-etude-de-marche-definir-son-offre-3\/#primaryimage"},"image":{"@id":"https:\/\/empow-her.com\/produit\/comprendre-son-etude-de-marche-definir-son-offre-3\/#primaryimage"},"thumbnailUrl":"https:\/\/empow-her.com\/wp-content\/uploads\/2025\/10\/Coaching.png","datePublished":"2025-12-04T09:00:00+00:00","dateModified":"2026-03-30T08:38:20+00:00","breadcrumb":{"@id":"https:\/\/empow-her.com\/produit\/comprendre-son-etude-de-marche-definir-son-offre-3\/#breadcrumb"},"inLanguage":"en-US","potentialAction":[{"@type":"ReadAction","target":["https:\/\/empow-her.com\/produit\/comprendre-son-etude-de-marche-definir-son-offre-3\/"]}]},{"@type":"ImageObject","inLanguage":"en-US","@id":"https:\/\/empow-her.com\/produit\/comprendre-son-etude-de-marche-definir-son-offre-3\/#primaryimage","url":"https:\/\/empow-her.com\/wp-content\/uploads\/2025\/10\/Coaching.png","contentUrl":"https:\/\/empow-her.com\/wp-content\/uploads\/2025\/10\/Coaching.png","width":1080,"height":1080},{"@type":"BreadcrumbList","@id":"https:\/\/empow-her.com\/produit\/comprendre-son-etude-de-marche-definir-son-offre-3\/#breadcrumb","itemListElement":[{"@type":"ListItem","position":1,"name":"Accueil","item":"https:\/\/empow-her.com\/en\/landing-page\/"},{"@type":"ListItem","position":2,"name":"LA BOUTIQUE","item":"https:\/\/empow-her.com\/boutique\/"},{"@type":"ListItem","position":3,"name":"Comprendre son \u00e9tude de march\u00e9 &#038; d\u00e9finir son offre"}]},{"@type":"WebSite","@id":"https:\/\/empow-her.com\/#website","url":"https:\/\/empow-her.com\/","name":"Empow&#039;Her","description":"Women Development","potentialAction":[{"@type":"SearchAction","target":{"@type":"EntryPoint","urlTemplate":"https:\/\/empow-her.com\/?s={search_term_string}"},"query-input":{"@type":"PropertyValueSpecification","valueRequired":true,"valueName":"search_term_string"}}],"inLanguage":"en-US"}]}},"_links":{"self":[{"href":"https:\/\/empow-her.com\/en\/wp-json\/wp\/v2\/product\/270629","targetHints":{"allow":["GET"]}}],"collection":[{"href":"https:\/\/empow-her.com\/en\/wp-json\/wp\/v2\/product"}],"about":[{"href":"https:\/\/empow-her.com\/en\/wp-json\/wp\/v2\/types\/product"}],"wp:featuredmedia":[{"embeddable":true,"href":"https:\/\/empow-her.com\/en\/wp-json\/wp\/v2\/media\/270000"}],"wp:attachment":[{"href":"https:\/\/empow-her.com\/en\/wp-json\/wp\/v2\/media?parent=270629"}],"wp:term":[{"taxonomy":"product_brand","embeddable":true,"href":"https:\/\/empow-her.com\/en\/wp-json\/wp\/v2\/product_brand?post=270629"},{"taxonomy":"product_cat","embeddable":true,"href":"https:\/\/empow-her.com\/en\/wp-json\/wp\/v2\/product_cat?post=270629"},{"taxonomy":"product_tag","embeddable":true,"href":"https:\/\/empow-her.com\/en\/wp-json\/wp\/v2\/product_tag?post=270629"},{"taxonomy":"lieu","embeddable":true,"href":"https:\/\/empow-her.com\/en\/wp-json\/wp\/v2\/lieu?post=270629"},{"taxonomy":"thematiques","embeddable":true,"href":"https:\/\/empow-her.com\/en\/wp-json\/wp\/v2\/thematiques?post=270629"}],"curies":[{"name":"wp","href":"https:\/\/api.w.org\/{rel}","templated":true}]}}