{"id":270627,"date":"2025-12-09T15:00:00","date_gmt":"2025-12-09T14:00:00","guid":{"rendered":"https:\/\/empow-her.com\/?post_type=product&#038;p=270627"},"modified":"2026-03-30T10:38:09","modified_gmt":"2026-03-30T08:38:09","slug":"creer-son-contenu-pour-les-reseaux-sociaux-7","status":"publish","type":"product","link":"https:\/\/empow-her.com\/en\/produit\/creer-son-contenu-pour-les-reseaux-sociaux-7\/","title":{"rendered":"Cr\u00e9er son contenu pour les r\u00e9seaux sociaux"},"content":{"rendered":"<h3>1h de coaching pour structurer et optimiser ta strat\u00e9gie de contenus<\/h3>\n<p>Cr\u00e9er du contenu ne suffit pas : encore faut-il qu\u2019il soit coh\u00e9rent, efficace et adapt\u00e9 \u00e0 l\u2019audience vis\u00e9e. Cette s\u00e9ance permettra de structurer la communication pour gagner en visibilit\u00e9 et en impact, tout en optimisant le temps consacr\u00e9 \u00e0 la cr\u00e9ation.<\/p>\n<p><strong>Ce que nous pouvons aborder :<\/strong><\/p>\n<ul>\n\u00a0<\/p>\n<li><strong>Comprendre l\u2019importance d\u2019une strat\u00e9gie de contenus :<\/strong> pourquoi publier du contenu au hasard ne fonctionne pas ? Poser les bases d\u2019une strat\u00e9gie efficace, align\u00e9e avec les objectifs et la cible.<\/li>\n<p>\u00a0<\/p>\n<li><strong>D\u00e9couvrir les bonnes m\u00e9thodes et outils :<\/strong> cr\u00e9er du contenu ne doit pas \u00eatre une corv\u00e9e. Exploration de techniques et d\u2019outils pour produire plus facilement, recycler intelligemment et diffuser efficacement sur les diff\u00e9rents canaux.<\/li>\n<p>\u00a0<\/p>\n<li><strong>Identifier les formats qui fonctionnent vraiment :<\/strong> chaque plateforme a ses codes et ses contenus phares. Analyse des formats les plus pertinents selon l\u2019activit\u00e9 et l\u2019audience.<\/li>\n<p>\u00a0<\/p>\n<li><strong>Structurer un calendrier \u00e9ditorial efficace :<\/strong> planifier les publications, anticiper les temps forts et gagner en r\u00e9gularit\u00e9 : organisation du contenu pour \u00e9viter la panne d\u2019inspiration et maintenir une pr\u00e9sence dynamique.<\/li>\n<\/ul>\n<p>\u00c0 l\u2019issue de cette heure de coaching, une vision claire, des outils pratiques et un plan d\u2019action concret permettront d\u2019optimiser la communication et de maximiser son impact.<\/p>\n","protected":false},"excerpt":{"rendered":"<h3>1h de coaching pour structurer et optimiser ta strat\u00e9gie de contenus<\/h3>\n<p>Cr\u00e9er du contenu ne suffit pas : encore faut-il qu\u2019il soit coh\u00e9rent, efficace et adapt\u00e9 \u00e0 l\u2019audience vis\u00e9e. Cette s\u00e9ance permettra de structurer la communication pour gagner en visibilit\u00e9 et en impact, tout en optimisant le temps consacr\u00e9 \u00e0 la cr\u00e9ation.<\/p>\n<p><strong>Ce que nous pouvons aborder :<\/strong><\/p>\n<ul>\n\u00a0<\/p>\n<li><strong>Comprendre l\u2019importance d\u2019une strat\u00e9gie de contenus :<\/strong> pourquoi publier du contenu au hasard ne fonctionne pas ? Poser les bases d\u2019une strat\u00e9gie efficace, align\u00e9e avec les objectifs et la cible.<\/li>\n<p>\u00a0<\/p>\n<li><strong>D\u00e9couvrir les bonnes m\u00e9thodes et outils :<\/strong> cr\u00e9er du contenu ne doit pas \u00eatre une corv\u00e9e. Exploration de techniques et d\u2019outils pour produire plus facilement, recycler intelligemment et diffuser efficacement sur les diff\u00e9rents canaux.<\/li>\n<p>\u00a0<\/p>\n<li><strong>Identifier les formats qui fonctionnent vraiment :<\/strong> chaque plateforme a ses codes et ses contenus phares. Analyse des formats les plus pertinents selon l\u2019activit\u00e9 et l\u2019audience.<\/li>\n<p>\u00a0<\/p>\n<li><strong>Structurer un calendrier \u00e9ditorial efficace :<\/strong> planifier les publications, anticiper les temps forts et gagner en r\u00e9gularit\u00e9 : organisation du contenu pour \u00e9viter la panne d\u2019inspiration et maintenir une pr\u00e9sence dynamique.<\/li>\n<\/ul>\n<p>\u00c0 l\u2019issue de cette heure de coaching, une vision claire, des outils pratiques et un plan d\u2019action concret permettront d\u2019optimiser la communication et de maximiser son impact.<\/p>\n","protected":false},"featured_media":270000,"template":"","format":"standard","meta":{"_acf_changed":false,"om_disable_all_campaigns":false,"_uf_show_specific_survey":0,"_uf_disable_surveys":false},"product_brand":[],"product_cat":[121],"product_tag":[143],"lieu":[125],"thematiques":[],"class_list":{"0":"post-270627","1":"product","2":"type-product","3":"status-publish","4":"format-standard","5":"has-post-thumbnail","7":"product_cat-coaching","8":"product_tag-en-ligne","9":"lieu-en-ligne","11":"first","12":"instock","13":"virtual","14":"purchasable","15":"product-type-appointment"},"exclude_global_add_ons":[],"addons":[],"acf":[],"yoast_head":"<!-- This site is optimized with the Yoast SEO plugin v24.8 - https:\/\/yoast.com\/wordpress\/plugins\/seo\/ -->\n<title>Cr\u00e9er son contenu pour les r\u00e9seaux sociaux - Empow&#039;Her<\/title>\n<meta name=\"robots\" content=\"index, follow, max-snippet:-1, max-image-preview:large, max-video-preview:-1\" \/>\n<link rel=\"canonical\" href=\"https:\/\/empow-her.com\/produit\/creer-son-contenu-pour-les-reseaux-sociaux-7\/\" \/>\n<meta property=\"og:locale\" content=\"en_US\" \/>\n<meta property=\"og:type\" content=\"article\" \/>\n<meta property=\"og:title\" content=\"Cr\u00e9er son contenu pour les r\u00e9seaux sociaux - Empow&#039;Her\" \/>\n<meta property=\"og:description\" content=\"1h de coaching pour structurer et optimiser ta strat\u00e9gie de contenus Cr\u00e9er du contenu ne suffit pas : encore faut-il qu\u2019il soit coh\u00e9rent, efficace et adapt\u00e9 \u00e0 l\u2019audience vis\u00e9e. Cette s\u00e9ance permettra de structurer la communication pour gagner en visibilit\u00e9 et en impact, tout en optimisant le temps consacr\u00e9 \u00e0 la cr\u00e9ation. Ce que nous pouvons aborder : \u00a0Comprendre l\u2019importance d\u2019une strat\u00e9gie de contenus : pourquoi publier du contenu au hasard ne fonctionne pas ? Poser les bases d\u2019une strat\u00e9gie efficace, align\u00e9e avec les objectifs et la cible. \u00a0D\u00e9couvrir les bonnes m\u00e9thodes et outils : cr\u00e9er du contenu ne doit pas \u00eatre une corv\u00e9e. Exploration de techniques et d\u2019outils pour produire plus facilement, recycler intelligemment et diffuser efficacement sur les diff\u00e9rents canaux. \u00a0Identifier les formats qui fonctionnent vraiment : chaque plateforme a ses codes et ses contenus phares. Analyse des formats les plus pertinents selon l\u2019activit\u00e9 et l\u2019audience. \u00a0Structurer un calendrier \u00e9ditorial efficace : planifier les publications, anticiper les temps forts et gagner en r\u00e9gularit\u00e9 : organisation du contenu pour \u00e9viter la panne d\u2019inspiration et maintenir une pr\u00e9sence dynamique.  \u00c0 l\u2019issue de cette heure de coaching, une vision claire, des outils pratiques et un plan d\u2019action concret permettront d\u2019optimiser la communication et de maximiser son impact.\" \/>\n<meta property=\"og:url\" content=\"https:\/\/empow-her.com\/produit\/creer-son-contenu-pour-les-reseaux-sociaux-7\/\" \/>\n<meta property=\"og:site_name\" content=\"Empow&#039;Her\" \/>\n<meta property=\"article:modified_time\" content=\"2026-03-30T08:38:09+00:00\" \/>\n<meta property=\"og:image\" content=\"https:\/\/empow-her.com\/wp-content\/uploads\/2025\/10\/Coaching.png\" \/>\n\t<meta property=\"og:image:width\" content=\"1080\" \/>\n\t<meta property=\"og:image:height\" content=\"1080\" \/>\n\t<meta property=\"og:image:type\" content=\"image\/png\" \/>\n<meta name=\"twitter:card\" content=\"summary_large_image\" \/>\n<meta name=\"twitter:label1\" content=\"Est. reading time\" \/>\n\t<meta name=\"twitter:data1\" content=\"1 minute\" \/>\n<script type=\"application\/ld+json\" class=\"yoast-schema-graph\">{\"@context\":\"https:\/\/schema.org\",\"@graph\":[{\"@type\":\"WebPage\",\"@id\":\"https:\/\/empow-her.com\/produit\/creer-son-contenu-pour-les-reseaux-sociaux-7\/\",\"url\":\"https:\/\/empow-her.com\/produit\/creer-son-contenu-pour-les-reseaux-sociaux-7\/\",\"name\":\"Cr\u00e9er son contenu pour les r\u00e9seaux sociaux - Empow&#039;Her\",\"isPartOf\":{\"@id\":\"https:\/\/empow-her.com\/#website\"},\"primaryImageOfPage\":{\"@id\":\"https:\/\/empow-her.com\/produit\/creer-son-contenu-pour-les-reseaux-sociaux-7\/#primaryimage\"},\"image\":{\"@id\":\"https:\/\/empow-her.com\/produit\/creer-son-contenu-pour-les-reseaux-sociaux-7\/#primaryimage\"},\"thumbnailUrl\":\"https:\/\/empow-her.com\/wp-content\/uploads\/2025\/10\/Coaching.png\",\"datePublished\":\"2025-12-09T14:00:00+00:00\",\"dateModified\":\"2026-03-30T08:38:09+00:00\",\"breadcrumb\":{\"@id\":\"https:\/\/empow-her.com\/produit\/creer-son-contenu-pour-les-reseaux-sociaux-7\/#breadcrumb\"},\"inLanguage\":\"en-US\",\"potentialAction\":[{\"@type\":\"ReadAction\",\"target\":[\"https:\/\/empow-her.com\/produit\/creer-son-contenu-pour-les-reseaux-sociaux-7\/\"]}]},{\"@type\":\"ImageObject\",\"inLanguage\":\"en-US\",\"@id\":\"https:\/\/empow-her.com\/produit\/creer-son-contenu-pour-les-reseaux-sociaux-7\/#primaryimage\",\"url\":\"https:\/\/empow-her.com\/wp-content\/uploads\/2025\/10\/Coaching.png\",\"contentUrl\":\"https:\/\/empow-her.com\/wp-content\/uploads\/2025\/10\/Coaching.png\",\"width\":1080,\"height\":1080},{\"@type\":\"BreadcrumbList\",\"@id\":\"https:\/\/empow-her.com\/produit\/creer-son-contenu-pour-les-reseaux-sociaux-7\/#breadcrumb\",\"itemListElement\":[{\"@type\":\"ListItem\",\"position\":1,\"name\":\"Accueil\",\"item\":\"https:\/\/empow-her.com\/en\/landing-page\/\"},{\"@type\":\"ListItem\",\"position\":2,\"name\":\"LA BOUTIQUE\",\"item\":\"https:\/\/empow-her.com\/boutique\/\"},{\"@type\":\"ListItem\",\"position\":3,\"name\":\"Cr\u00e9er son contenu pour les r\u00e9seaux sociaux\"}]},{\"@type\":\"WebSite\",\"@id\":\"https:\/\/empow-her.com\/#website\",\"url\":\"https:\/\/empow-her.com\/\",\"name\":\"Empow&#039;Her\",\"description\":\"Women Development\",\"potentialAction\":[{\"@type\":\"SearchAction\",\"target\":{\"@type\":\"EntryPoint\",\"urlTemplate\":\"https:\/\/empow-her.com\/?s={search_term_string}\"},\"query-input\":{\"@type\":\"PropertyValueSpecification\",\"valueRequired\":true,\"valueName\":\"search_term_string\"}}],\"inLanguage\":\"en-US\"}]}<\/script>\n<!-- \/ Yoast SEO plugin. -->","yoast_head_json":{"title":"Cr\u00e9er son contenu pour les r\u00e9seaux sociaux - Empow&#039;Her","robots":{"index":"index","follow":"follow","max-snippet":"max-snippet:-1","max-image-preview":"max-image-preview:large","max-video-preview":"max-video-preview:-1"},"canonical":"https:\/\/empow-her.com\/produit\/creer-son-contenu-pour-les-reseaux-sociaux-7\/","og_locale":"en_US","og_type":"article","og_title":"Cr\u00e9er son contenu pour les r\u00e9seaux sociaux - Empow&#039;Her","og_description":"1h de coaching pour structurer et optimiser ta strat\u00e9gie de contenus Cr\u00e9er du contenu ne suffit pas : encore faut-il qu\u2019il soit coh\u00e9rent, efficace et adapt\u00e9 \u00e0 l\u2019audience vis\u00e9e. Cette s\u00e9ance permettra de structurer la communication pour gagner en visibilit\u00e9 et en impact, tout en optimisant le temps consacr\u00e9 \u00e0 la cr\u00e9ation. Ce que nous pouvons aborder : \u00a0Comprendre l\u2019importance d\u2019une strat\u00e9gie de contenus : pourquoi publier du contenu au hasard ne fonctionne pas ? Poser les bases d\u2019une strat\u00e9gie efficace, align\u00e9e avec les objectifs et la cible. \u00a0D\u00e9couvrir les bonnes m\u00e9thodes et outils : cr\u00e9er du contenu ne doit pas \u00eatre une corv\u00e9e. Exploration de techniques et d\u2019outils pour produire plus facilement, recycler intelligemment et diffuser efficacement sur les diff\u00e9rents canaux. \u00a0Identifier les formats qui fonctionnent vraiment : chaque plateforme a ses codes et ses contenus phares. Analyse des formats les plus pertinents selon l\u2019activit\u00e9 et l\u2019audience. \u00a0Structurer un calendrier \u00e9ditorial efficace : planifier les publications, anticiper les temps forts et gagner en r\u00e9gularit\u00e9 : organisation du contenu pour \u00e9viter la panne d\u2019inspiration et maintenir une pr\u00e9sence dynamique.  \u00c0 l\u2019issue de cette heure de coaching, une vision claire, des outils pratiques et un plan d\u2019action concret permettront d\u2019optimiser la communication et de maximiser son impact.","og_url":"https:\/\/empow-her.com\/produit\/creer-son-contenu-pour-les-reseaux-sociaux-7\/","og_site_name":"Empow&#039;Her","article_modified_time":"2026-03-30T08:38:09+00:00","og_image":[{"width":1080,"height":1080,"url":"https:\/\/empow-her.com\/wp-content\/uploads\/2025\/10\/Coaching.png","type":"image\/png"}],"twitter_card":"summary_large_image","twitter_misc":{"Est. reading time":"1 minute"},"schema":{"@context":"https:\/\/schema.org","@graph":[{"@type":"WebPage","@id":"https:\/\/empow-her.com\/produit\/creer-son-contenu-pour-les-reseaux-sociaux-7\/","url":"https:\/\/empow-her.com\/produit\/creer-son-contenu-pour-les-reseaux-sociaux-7\/","name":"Cr\u00e9er son contenu pour les r\u00e9seaux sociaux - Empow&#039;Her","isPartOf":{"@id":"https:\/\/empow-her.com\/#website"},"primaryImageOfPage":{"@id":"https:\/\/empow-her.com\/produit\/creer-son-contenu-pour-les-reseaux-sociaux-7\/#primaryimage"},"image":{"@id":"https:\/\/empow-her.com\/produit\/creer-son-contenu-pour-les-reseaux-sociaux-7\/#primaryimage"},"thumbnailUrl":"https:\/\/empow-her.com\/wp-content\/uploads\/2025\/10\/Coaching.png","datePublished":"2025-12-09T14:00:00+00:00","dateModified":"2026-03-30T08:38:09+00:00","breadcrumb":{"@id":"https:\/\/empow-her.com\/produit\/creer-son-contenu-pour-les-reseaux-sociaux-7\/#breadcrumb"},"inLanguage":"en-US","potentialAction":[{"@type":"ReadAction","target":["https:\/\/empow-her.com\/produit\/creer-son-contenu-pour-les-reseaux-sociaux-7\/"]}]},{"@type":"ImageObject","inLanguage":"en-US","@id":"https:\/\/empow-her.com\/produit\/creer-son-contenu-pour-les-reseaux-sociaux-7\/#primaryimage","url":"https:\/\/empow-her.com\/wp-content\/uploads\/2025\/10\/Coaching.png","contentUrl":"https:\/\/empow-her.com\/wp-content\/uploads\/2025\/10\/Coaching.png","width":1080,"height":1080},{"@type":"BreadcrumbList","@id":"https:\/\/empow-her.com\/produit\/creer-son-contenu-pour-les-reseaux-sociaux-7\/#breadcrumb","itemListElement":[{"@type":"ListItem","position":1,"name":"Accueil","item":"https:\/\/empow-her.com\/en\/landing-page\/"},{"@type":"ListItem","position":2,"name":"LA BOUTIQUE","item":"https:\/\/empow-her.com\/boutique\/"},{"@type":"ListItem","position":3,"name":"Cr\u00e9er son contenu pour les r\u00e9seaux sociaux"}]},{"@type":"WebSite","@id":"https:\/\/empow-her.com\/#website","url":"https:\/\/empow-her.com\/","name":"Empow&#039;Her","description":"Women Development","potentialAction":[{"@type":"SearchAction","target":{"@type":"EntryPoint","urlTemplate":"https:\/\/empow-her.com\/?s={search_term_string}"},"query-input":{"@type":"PropertyValueSpecification","valueRequired":true,"valueName":"search_term_string"}}],"inLanguage":"en-US"}]}},"_links":{"self":[{"href":"https:\/\/empow-her.com\/en\/wp-json\/wp\/v2\/product\/270627","targetHints":{"allow":["GET"]}}],"collection":[{"href":"https:\/\/empow-her.com\/en\/wp-json\/wp\/v2\/product"}],"about":[{"href":"https:\/\/empow-her.com\/en\/wp-json\/wp\/v2\/types\/product"}],"wp:featuredmedia":[{"embeddable":true,"href":"https:\/\/empow-her.com\/en\/wp-json\/wp\/v2\/media\/270000"}],"wp:attachment":[{"href":"https:\/\/empow-her.com\/en\/wp-json\/wp\/v2\/media?parent=270627"}],"wp:term":[{"taxonomy":"product_brand","embeddable":true,"href":"https:\/\/empow-her.com\/en\/wp-json\/wp\/v2\/product_brand?post=270627"},{"taxonomy":"product_cat","embeddable":true,"href":"https:\/\/empow-her.com\/en\/wp-json\/wp\/v2\/product_cat?post=270627"},{"taxonomy":"product_tag","embeddable":true,"href":"https:\/\/empow-her.com\/en\/wp-json\/wp\/v2\/product_tag?post=270627"},{"taxonomy":"lieu","embeddable":true,"href":"https:\/\/empow-her.com\/en\/wp-json\/wp\/v2\/lieu?post=270627"},{"taxonomy":"thematiques","embeddable":true,"href":"https:\/\/empow-her.com\/en\/wp-json\/wp\/v2\/thematiques?post=270627"}],"curies":[{"name":"wp","href":"https:\/\/api.w.org\/{rel}","templated":true}]}}