{"id":270429,"date":"2025-11-27T10:00:00","date_gmt":"2025-11-27T09:00:00","guid":{"rendered":"https:\/\/empow-her.com\/?post_type=product&#038;p=270429"},"modified":"2026-03-30T10:38:57","modified_gmt":"2026-03-30T08:38:57","slug":"maitriser-les-fondamentaux-du-marketing-digitale","status":"publish","type":"product","link":"https:\/\/empow-her.com\/en\/produit\/maitriser-les-fondamentaux-du-marketing-digitale\/","title":{"rendered":"Maitriser les fondamentaux du marketing digitale"},"content":{"rendered":"<h3> Atelier &#8211; Plongez au c\u0153ur du marketing digital<\/h3>\n<p>Plongez au c\u0153ur du marketing digital avec cet atelier con\u00e7u pour vous donner une <strong>vision claire des strat\u00e9gies essentielles<\/strong> : SEO, SEA et strat\u00e9gie de contenu.\u00a0<br \/>\nUn atelier dynamique et accessible, id\u00e9al pour structurer votre pr\u00e9sence en ligne et attirer efficacement votre audience ! <\/p>\n<p><strong> Ce que nous pourrons explorer :<\/strong><\/p>\n<ul>\n\u00a0<\/p>\n<li> <strong>D\u00e9couverte des fondamentaux :<\/strong> Comprenez les bases du r\u00e9f\u00e9rencement naturel (SEO), du r\u00e9f\u00e9rencement payant (SEA) et des strat\u00e9gies de contenu pour booster votre visibilit\u00e9.<\/li>\n<p>\u00a0<\/p>\n<li> <strong>Ateliers pratiques :<\/strong> Exp\u00e9rimentez la mise en place d\u2019une strat\u00e9gie digitale et \u00e9laborez une liste de contenus align\u00e9e sur les intentions de recherche des internautes.<\/li>\n<p>\u00a0<\/p>\n<li> <strong>Focus SEO technique &amp; de contenu :<\/strong> Apprenez \u00e0 rechercher et s\u00e9lectionner des mots-cl\u00e9s pertinents pour maximiser votre impact.<\/li>\n<p>\u00a0<\/p>\n<li> <strong>\u00c9changes et Q\/A :<\/strong> Profitez d\u2019un moment interactif pour poser toutes vos questions et repartir avec des cl\u00e9s concr\u00e8tes.<\/li>\n<\/ul>\n<p><strong> Pr\u00e9-requis :<\/strong><\/p>\n<ul>\n\u00a0<\/p>\n<li> Avoir un projet ou une activit\u00e9 pour laquelle structurer sa pr\u00e9sence en ligne<\/li>\n<p>\u00a0<\/p>\n<li> \u00catre pr\u00eat\u00b7e \u00e0 exp\u00e9rimenter et tester les techniques enseign\u00e9es<\/li>\n<\/ul>\n","protected":false},"excerpt":{"rendered":"<h3> Atelier &#8211; Plongez au c\u0153ur du marketing digital<\/h3>\n<p>Plongez au c\u0153ur du marketing digital avec cet atelier con\u00e7u pour vous donner une <strong>vision claire des strat\u00e9gies essentielles<\/strong> : SEO, SEA et strat\u00e9gie de contenu.\u00a0<br \/>\nUn atelier dynamique et accessible, id\u00e9al pour structurer votre pr\u00e9sence en ligne et attirer efficacement votre audience ! <\/p>\n<p><strong> Ce que nous pourrons explorer :<\/strong><\/p>\n<ul>\n\u00a0<\/p>\n<li> <strong>D\u00e9couverte des fondamentaux :<\/strong> Comprenez les bases du r\u00e9f\u00e9rencement naturel (SEO), du r\u00e9f\u00e9rencement payant (SEA) et des strat\u00e9gies de contenu pour booster votre visibilit\u00e9.<\/li>\n<p>\u00a0<\/p>\n<li> <strong>Ateliers pratiques :<\/strong> Exp\u00e9rimentez la mise en place d\u2019une strat\u00e9gie digitale et \u00e9laborez une liste de contenus align\u00e9e sur les intentions de recherche des internautes.<\/li>\n<p>\u00a0<\/p>\n<li> <strong>Focus SEO technique &amp; de contenu :<\/strong> Apprenez \u00e0 rechercher et s\u00e9lectionner des mots-cl\u00e9s pertinents pour maximiser votre impact.<\/li>\n<p>\u00a0<\/p>\n<li> <strong>\u00c9changes et Q\/A :<\/strong> Profitez d\u2019un moment interactif pour poser toutes vos questions et repartir avec des cl\u00e9s concr\u00e8tes.<\/li>\n<\/ul>\n<p><strong> Pr\u00e9-requis :<\/strong><\/p>\n<ul>\n\u00a0<\/p>\n<li> Avoir un projet ou une activit\u00e9 pour laquelle structurer sa pr\u00e9sence en ligne<\/li>\n<p>\u00a0<\/p>\n<li> \u00catre pr\u00eat\u00b7e \u00e0 exp\u00e9rimenter et tester les techniques enseign\u00e9es<\/li>\n<\/ul>\n","protected":false},"featured_media":269994,"template":"","format":"standard","meta":{"_acf_changed":false,"om_disable_all_campaigns":false,"_uf_show_specific_survey":0,"_uf_disable_surveys":false},"product_brand":[],"product_cat":[118],"product_tag":[222],"lieu":[223],"thematiques":[],"class_list":{"0":"post-270429","1":"product","2":"type-product","3":"status-publish","4":"format-standard","5":"has-post-thumbnail","7":"product_cat-atelier-collectif","8":"product_tag-presentiel","9":"lieu-presentiel","11":"first","12":"instock","13":"virtual","14":"purchasable","15":"product-type-appointment"},"exclude_global_add_ons":[],"addons":[],"acf":[],"yoast_head":"<!-- This site is optimized with the Yoast SEO plugin v24.8 - https:\/\/yoast.com\/wordpress\/plugins\/seo\/ -->\n<title>Maitriser les fondamentaux du marketing digitale - Empow&#039;Her<\/title>\n<meta name=\"robots\" content=\"index, follow, max-snippet:-1, max-image-preview:large, max-video-preview:-1\" \/>\n<link rel=\"canonical\" href=\"https:\/\/empow-her.com\/produit\/maitriser-les-fondamentaux-du-marketing-digitale\/\" \/>\n<meta property=\"og:locale\" content=\"en_US\" \/>\n<meta property=\"og:type\" content=\"article\" \/>\n<meta property=\"og:title\" content=\"Maitriser les fondamentaux du marketing digitale - Empow&#039;Her\" \/>\n<meta property=\"og:description\" content=\"Atelier - Plongez au c\u0153ur du marketing digital Plongez au c\u0153ur du marketing digital avec cet atelier con\u00e7u pour vous donner une vision claire des strat\u00e9gies essentielles : SEO, SEA et strat\u00e9gie de contenu.\u00a0 Un atelier dynamique et accessible, id\u00e9al pour structurer votre pr\u00e9sence en ligne et attirer efficacement votre audience !  Ce que nous pourrons explorer : \u00a0 D\u00e9couverte des fondamentaux : Comprenez les bases du r\u00e9f\u00e9rencement naturel (SEO), du r\u00e9f\u00e9rencement payant (SEA) et des strat\u00e9gies de contenu pour booster votre visibilit\u00e9. \u00a0 Ateliers pratiques : Exp\u00e9rimentez la mise en place d\u2019une strat\u00e9gie digitale et \u00e9laborez une liste de contenus align\u00e9e sur les intentions de recherche des internautes. \u00a0 Focus SEO technique &amp; de contenu : Apprenez \u00e0 rechercher et s\u00e9lectionner des mots-cl\u00e9s pertinents pour maximiser votre impact. \u00a0 \u00c9changes et Q\/A : Profitez d\u2019un moment interactif pour poser toutes vos questions et repartir avec des cl\u00e9s concr\u00e8tes.  Pr\u00e9-requis : \u00a0 Avoir un projet ou une activit\u00e9 pour laquelle structurer sa pr\u00e9sence en ligne \u00a0 \u00catre pr\u00eat\u00b7e \u00e0 exp\u00e9rimenter et tester les techniques enseign\u00e9es\" \/>\n<meta property=\"og:url\" content=\"https:\/\/empow-her.com\/produit\/maitriser-les-fondamentaux-du-marketing-digitale\/\" \/>\n<meta property=\"og:site_name\" content=\"Empow&#039;Her\" \/>\n<meta property=\"article:modified_time\" content=\"2026-03-30T08:38:57+00:00\" \/>\n<meta property=\"og:image\" content=\"https:\/\/empow-her.com\/wp-content\/uploads\/2025\/10\/Atelier.png\" \/>\n\t<meta property=\"og:image:width\" content=\"1080\" \/>\n\t<meta property=\"og:image:height\" content=\"1080\" \/>\n\t<meta property=\"og:image:type\" content=\"image\/png\" \/>\n<meta name=\"twitter:card\" content=\"summary_large_image\" \/>\n<meta name=\"twitter:label1\" content=\"Est. reading time\" \/>\n\t<meta name=\"twitter:data1\" content=\"1 minute\" \/>\n<script type=\"application\/ld+json\" class=\"yoast-schema-graph\">{\"@context\":\"https:\/\/schema.org\",\"@graph\":[{\"@type\":\"WebPage\",\"@id\":\"https:\/\/empow-her.com\/produit\/maitriser-les-fondamentaux-du-marketing-digitale\/\",\"url\":\"https:\/\/empow-her.com\/produit\/maitriser-les-fondamentaux-du-marketing-digitale\/\",\"name\":\"Maitriser les fondamentaux du marketing digitale - Empow&#039;Her\",\"isPartOf\":{\"@id\":\"https:\/\/empow-her.com\/#website\"},\"primaryImageOfPage\":{\"@id\":\"https:\/\/empow-her.com\/produit\/maitriser-les-fondamentaux-du-marketing-digitale\/#primaryimage\"},\"image\":{\"@id\":\"https:\/\/empow-her.com\/produit\/maitriser-les-fondamentaux-du-marketing-digitale\/#primaryimage\"},\"thumbnailUrl\":\"https:\/\/empow-her.com\/wp-content\/uploads\/2025\/10\/Atelier.png\",\"datePublished\":\"2025-11-27T09:00:00+00:00\",\"dateModified\":\"2026-03-30T08:38:57+00:00\",\"breadcrumb\":{\"@id\":\"https:\/\/empow-her.com\/produit\/maitriser-les-fondamentaux-du-marketing-digitale\/#breadcrumb\"},\"inLanguage\":\"en-US\",\"potentialAction\":[{\"@type\":\"ReadAction\",\"target\":[\"https:\/\/empow-her.com\/produit\/maitriser-les-fondamentaux-du-marketing-digitale\/\"]}]},{\"@type\":\"ImageObject\",\"inLanguage\":\"en-US\",\"@id\":\"https:\/\/empow-her.com\/produit\/maitriser-les-fondamentaux-du-marketing-digitale\/#primaryimage\",\"url\":\"https:\/\/empow-her.com\/wp-content\/uploads\/2025\/10\/Atelier.png\",\"contentUrl\":\"https:\/\/empow-her.com\/wp-content\/uploads\/2025\/10\/Atelier.png\",\"width\":1080,\"height\":1080},{\"@type\":\"BreadcrumbList\",\"@id\":\"https:\/\/empow-her.com\/produit\/maitriser-les-fondamentaux-du-marketing-digitale\/#breadcrumb\",\"itemListElement\":[{\"@type\":\"ListItem\",\"position\":1,\"name\":\"Accueil\",\"item\":\"https:\/\/empow-her.com\/en\/landing-page\/\"},{\"@type\":\"ListItem\",\"position\":2,\"name\":\"LA BOUTIQUE\",\"item\":\"https:\/\/empow-her.com\/boutique\/\"},{\"@type\":\"ListItem\",\"position\":3,\"name\":\"Maitriser les fondamentaux du marketing digitale\"}]},{\"@type\":\"WebSite\",\"@id\":\"https:\/\/empow-her.com\/#website\",\"url\":\"https:\/\/empow-her.com\/\",\"name\":\"Empow&#039;Her\",\"description\":\"Women Development\",\"potentialAction\":[{\"@type\":\"SearchAction\",\"target\":{\"@type\":\"EntryPoint\",\"urlTemplate\":\"https:\/\/empow-her.com\/?s={search_term_string}\"},\"query-input\":{\"@type\":\"PropertyValueSpecification\",\"valueRequired\":true,\"valueName\":\"search_term_string\"}}],\"inLanguage\":\"en-US\"}]}<\/script>\n<!-- \/ Yoast SEO plugin. -->","yoast_head_json":{"title":"Maitriser les fondamentaux du marketing digitale - Empow&#039;Her","robots":{"index":"index","follow":"follow","max-snippet":"max-snippet:-1","max-image-preview":"max-image-preview:large","max-video-preview":"max-video-preview:-1"},"canonical":"https:\/\/empow-her.com\/produit\/maitriser-les-fondamentaux-du-marketing-digitale\/","og_locale":"en_US","og_type":"article","og_title":"Maitriser les fondamentaux du marketing digitale - Empow&#039;Her","og_description":"Atelier - Plongez au c\u0153ur du marketing digital Plongez au c\u0153ur du marketing digital avec cet atelier con\u00e7u pour vous donner une vision claire des strat\u00e9gies essentielles : SEO, SEA et strat\u00e9gie de contenu.\u00a0 Un atelier dynamique et accessible, id\u00e9al pour structurer votre pr\u00e9sence en ligne et attirer efficacement votre audience !  Ce que nous pourrons explorer : \u00a0 D\u00e9couverte des fondamentaux : Comprenez les bases du r\u00e9f\u00e9rencement naturel (SEO), du r\u00e9f\u00e9rencement payant (SEA) et des strat\u00e9gies de contenu pour booster votre visibilit\u00e9. \u00a0 Ateliers pratiques : Exp\u00e9rimentez la mise en place d\u2019une strat\u00e9gie digitale et \u00e9laborez une liste de contenus align\u00e9e sur les intentions de recherche des internautes. \u00a0 Focus SEO technique &amp; de contenu : Apprenez \u00e0 rechercher et s\u00e9lectionner des mots-cl\u00e9s pertinents pour maximiser votre impact. \u00a0 \u00c9changes et Q\/A : Profitez d\u2019un moment interactif pour poser toutes vos questions et repartir avec des cl\u00e9s concr\u00e8tes.  Pr\u00e9-requis : \u00a0 Avoir un projet ou une activit\u00e9 pour laquelle structurer sa pr\u00e9sence en ligne \u00a0 \u00catre pr\u00eat\u00b7e \u00e0 exp\u00e9rimenter et tester les techniques enseign\u00e9es","og_url":"https:\/\/empow-her.com\/produit\/maitriser-les-fondamentaux-du-marketing-digitale\/","og_site_name":"Empow&#039;Her","article_modified_time":"2026-03-30T08:38:57+00:00","og_image":[{"width":1080,"height":1080,"url":"https:\/\/empow-her.com\/wp-content\/uploads\/2025\/10\/Atelier.png","type":"image\/png"}],"twitter_card":"summary_large_image","twitter_misc":{"Est. reading time":"1 minute"},"schema":{"@context":"https:\/\/schema.org","@graph":[{"@type":"WebPage","@id":"https:\/\/empow-her.com\/produit\/maitriser-les-fondamentaux-du-marketing-digitale\/","url":"https:\/\/empow-her.com\/produit\/maitriser-les-fondamentaux-du-marketing-digitale\/","name":"Maitriser les fondamentaux du marketing digitale - Empow&#039;Her","isPartOf":{"@id":"https:\/\/empow-her.com\/#website"},"primaryImageOfPage":{"@id":"https:\/\/empow-her.com\/produit\/maitriser-les-fondamentaux-du-marketing-digitale\/#primaryimage"},"image":{"@id":"https:\/\/empow-her.com\/produit\/maitriser-les-fondamentaux-du-marketing-digitale\/#primaryimage"},"thumbnailUrl":"https:\/\/empow-her.com\/wp-content\/uploads\/2025\/10\/Atelier.png","datePublished":"2025-11-27T09:00:00+00:00","dateModified":"2026-03-30T08:38:57+00:00","breadcrumb":{"@id":"https:\/\/empow-her.com\/produit\/maitriser-les-fondamentaux-du-marketing-digitale\/#breadcrumb"},"inLanguage":"en-US","potentialAction":[{"@type":"ReadAction","target":["https:\/\/empow-her.com\/produit\/maitriser-les-fondamentaux-du-marketing-digitale\/"]}]},{"@type":"ImageObject","inLanguage":"en-US","@id":"https:\/\/empow-her.com\/produit\/maitriser-les-fondamentaux-du-marketing-digitale\/#primaryimage","url":"https:\/\/empow-her.com\/wp-content\/uploads\/2025\/10\/Atelier.png","contentUrl":"https:\/\/empow-her.com\/wp-content\/uploads\/2025\/10\/Atelier.png","width":1080,"height":1080},{"@type":"BreadcrumbList","@id":"https:\/\/empow-her.com\/produit\/maitriser-les-fondamentaux-du-marketing-digitale\/#breadcrumb","itemListElement":[{"@type":"ListItem","position":1,"name":"Accueil","item":"https:\/\/empow-her.com\/en\/landing-page\/"},{"@type":"ListItem","position":2,"name":"LA BOUTIQUE","item":"https:\/\/empow-her.com\/boutique\/"},{"@type":"ListItem","position":3,"name":"Maitriser les fondamentaux du marketing digitale"}]},{"@type":"WebSite","@id":"https:\/\/empow-her.com\/#website","url":"https:\/\/empow-her.com\/","name":"Empow&#039;Her","description":"Women Development","potentialAction":[{"@type":"SearchAction","target":{"@type":"EntryPoint","urlTemplate":"https:\/\/empow-her.com\/?s={search_term_string}"},"query-input":{"@type":"PropertyValueSpecification","valueRequired":true,"valueName":"search_term_string"}}],"inLanguage":"en-US"}]}},"_links":{"self":[{"href":"https:\/\/empow-her.com\/en\/wp-json\/wp\/v2\/product\/270429","targetHints":{"allow":["GET"]}}],"collection":[{"href":"https:\/\/empow-her.com\/en\/wp-json\/wp\/v2\/product"}],"about":[{"href":"https:\/\/empow-her.com\/en\/wp-json\/wp\/v2\/types\/product"}],"wp:featuredmedia":[{"embeddable":true,"href":"https:\/\/empow-her.com\/en\/wp-json\/wp\/v2\/media\/269994"}],"wp:attachment":[{"href":"https:\/\/empow-her.com\/en\/wp-json\/wp\/v2\/media?parent=270429"}],"wp:term":[{"taxonomy":"product_brand","embeddable":true,"href":"https:\/\/empow-her.com\/en\/wp-json\/wp\/v2\/product_brand?post=270429"},{"taxonomy":"product_cat","embeddable":true,"href":"https:\/\/empow-her.com\/en\/wp-json\/wp\/v2\/product_cat?post=270429"},{"taxonomy":"product_tag","embeddable":true,"href":"https:\/\/empow-her.com\/en\/wp-json\/wp\/v2\/product_tag?post=270429"},{"taxonomy":"lieu","embeddable":true,"href":"https:\/\/empow-her.com\/en\/wp-json\/wp\/v2\/lieu?post=270429"},{"taxonomy":"thematiques","embeddable":true,"href":"https:\/\/empow-her.com\/en\/wp-json\/wp\/v2\/thematiques?post=270429"}],"curies":[{"name":"wp","href":"https:\/\/api.w.org\/{rel}","templated":true}]}}