{"id":270383,"date":"2025-10-20T18:54:59","date_gmt":"2025-10-20T16:54:59","guid":{"rendered":"https:\/\/empow-her.com\/?post_type=product&#038;p=270383"},"modified":"2025-10-21T10:55:15","modified_gmt":"2025-10-21T08:55:15","slug":"lia-generative-au-service-de-son-projet","status":"publish","type":"product","link":"https:\/\/empow-her.com\/en\/produit\/lia-generative-au-service-de-son-projet\/","title":{"rendered":"L&#8217;IA g\u00e9n\u00e9rative au service de son projet"},"content":{"rendered":"<p><em>L\u2019IA g\u00e9n\u00e9rative s\u2019impose comme un outil incontournable pour les entrepreneures et porteurs de projets. Mais comment s\u2019y retrouver dans cet univers en pleine \u00e9volution ? Et surtout, comment en tirer parti de mani\u00e8re concr\u00e8te pour avancer dans son projet ? <\/em>Cet atelier propose une approche pratique et accessible pour d\u00e9couvrir les fondamentaux, comprendre les bonnes pratiques et exp\u00e9rimenter directement des outils.<\/p>\n<p><strong>Au programme :<\/strong><\/p>\n<ul>\n<li><strong>Explorer les fondamentaux de l\u2019IA g\u00e9n\u00e9rative:<\/strong> comprendre ce que permet l\u2019IA aujourd\u2019hui, ses forces, ses limites et les bonnes pratiques pour l\u2019utiliser efficacement.<\/li>\n<li><strong>S\u2019initier \u00e0 l\u2019art du prompt : <\/strong>apprendre \u00e0 formuler des demandes adapt\u00e9es aux besoins de son projet pour obtenir des r\u00e9sultats pertinents et exploitables.<\/li>\n<li><strong>Panorama des outils disponibles:<\/strong> d\u00e9couvrir diff\u00e9rents outils d\u2019IA et leurs usages concrets pour la recherche, la communication et la structuration de projet.<\/li>\n<\/ul>\n<p>Mise en pratique imm\u00e9diate: exp\u00e9rimenter l\u2019IA pour : r\u00e9aliser une \u00e9tude de march\u00e9, mieux comprendre ses clients, concevoir ses offres ou encore structurer son projet.<\/p>\n<p><em>Un atelier con\u00e7u pour repartir avec des m\u00e9thodes simples, des outils concrets et une nouvelle \u00e9nergie pour faire avancer son projet gr\u00e2ce \u00e0 l\u2019IA.<\/em><\/p>\n<p><strong>Pr\u00e9sentation de l&#8217;intervenant:<\/strong> <em>Arthur Marechaux<\/em><\/p>\n<p>Je transforme l\u2019IA en outil pour entreprendre. J\u2019aide les porteurs de projets et les \u00e9quipes \u00e0 clarifier leur mod\u00e8le, tester leurs id\u00e9es et lancer plus vite, en combinant m\u00e9thodes d\u2019innovation et IA g\u00e9n\u00e9rative.<\/p>\n<p><b>Petit mot<br \/>\n<\/b>Entreprendre, c\u2019est une exp\u00e9dition : avec la bonne carte (m\u00e9thodes) et les bons alli\u00e9s (IA + collectif), le sommet devient accessible.<\/p>\n<p><b>Super pouvoir<br \/>\n<\/b>Explorateur des possibles : je rends l\u2019IA utile et actionnable pour cr\u00e9er et lancer vos projets.<\/p>\n","protected":false},"excerpt":{"rendered":"<p><em>L\u2019IA g\u00e9n\u00e9rative s\u2019impose comme un outil incontournable pour les entrepreneures et porteurs de projets. Mais comment s\u2019y retrouver dans cet univers en pleine \u00e9volution ? Et surtout, comment en tirer parti de mani\u00e8re concr\u00e8te pour avancer dans son projet ? <\/em>Cet atelier propose une approche pratique et accessible pour d\u00e9couvrir les fondamentaux, comprendre les bonnes pratiques et exp\u00e9rimenter directement des outils.<\/p>\n<p><strong>Au programme :<\/strong><\/p>\n<ul>\n<li><strong>Explorer les fondamentaux de l\u2019IA g\u00e9n\u00e9rative:<\/strong> comprendre ce que permet l\u2019IA aujourd\u2019hui, ses forces, ses limites et les bonnes pratiques pour l\u2019utiliser efficacement.<\/li>\n<li><strong>S\u2019initier \u00e0 l\u2019art du prompt : <\/strong>apprendre \u00e0 formuler des demandes adapt\u00e9es aux besoins de son projet pour obtenir des r\u00e9sultats pertinents et exploitables.<\/li>\n<li><strong>Panorama des outils disponibles:<\/strong> d\u00e9couvrir diff\u00e9rents outils d\u2019IA et leurs usages concrets pour la recherche, la communication et la structuration de projet.<\/li>\n<\/ul>\n<p>Mise en pratique imm\u00e9diate: exp\u00e9rimenter l\u2019IA pour : r\u00e9aliser une \u00e9tude de march\u00e9, mieux comprendre ses clients, concevoir ses offres ou encore structurer son projet.<\/p>\n<p><em>Un atelier con\u00e7u pour repartir avec des m\u00e9thodes simples, des outils concrets et une nouvelle \u00e9nergie pour faire avancer son projet gr\u00e2ce \u00e0 l\u2019IA.<\/em><\/p>\n<p><strong>Pr\u00e9sentation de l&#8217;intervenant:<\/strong> <em>Arthur Marechaux<\/em><\/p>\n<p>Je transforme l\u2019IA en outil pour entreprendre. J\u2019aide les porteurs de projets et les \u00e9quipes \u00e0 clarifier leur mod\u00e8le, tester leurs id\u00e9es et lancer plus vite, en combinant m\u00e9thodes d\u2019innovation et IA g\u00e9n\u00e9rative.<\/p>\n<p><b>Petit mot<br \/>\n<\/b>Entreprendre, c\u2019est une exp\u00e9dition : avec la bonne carte (m\u00e9thodes) et les bons alli\u00e9s (IA + collectif), le sommet devient accessible.<\/p>\n<p><b>Super pouvoir<br \/>\n<\/b>Explorateur des possibles : je rends l\u2019IA utile et actionnable pour cr\u00e9er et lancer vos projets.<\/p>\n","protected":false},"featured_media":269994,"template":"","format":"standard","meta":{"_acf_changed":false,"om_disable_all_campaigns":false,"_uf_show_specific_survey":0,"_uf_disable_surveys":false},"product_brand":[],"product_cat":[118],"product_tag":[143],"lieu":[125],"thematiques":[],"class_list":{"0":"post-270383","1":"product","2":"type-product","3":"status-publish","4":"format-standard","5":"has-post-thumbnail","7":"product_cat-atelier-collectif","8":"product_tag-en-ligne","9":"lieu-en-ligne","11":"first","12":"instock","13":"virtual","14":"purchasable","15":"product-type-appointment"},"exclude_global_add_ons":[],"addons":[],"acf":[],"yoast_head":"<!-- This site is optimized with the Yoast SEO plugin v24.8 - https:\/\/yoast.com\/wordpress\/plugins\/seo\/ -->\n<title>L&#039;IA g\u00e9n\u00e9rative au service de son projet - Empow&#039;Her<\/title>\n<meta name=\"robots\" content=\"index, follow, max-snippet:-1, max-image-preview:large, max-video-preview:-1\" \/>\n<link rel=\"canonical\" href=\"https:\/\/empow-her.com\/produit\/lia-generative-au-service-de-son-projet\/\" \/>\n<meta property=\"og:locale\" content=\"en_US\" \/>\n<meta property=\"og:type\" content=\"article\" \/>\n<meta property=\"og:title\" content=\"L&#039;IA g\u00e9n\u00e9rative au service de son projet - Empow&#039;Her\" \/>\n<meta property=\"og:description\" content=\"L\u2019IA g\u00e9n\u00e9rative s\u2019impose comme un outil incontournable pour les entrepreneures et porteurs de projets. Mais comment s\u2019y retrouver dans cet univers en pleine \u00e9volution ? Et surtout, comment en tirer parti de mani\u00e8re concr\u00e8te pour avancer dans son projet ? Cet atelier propose une approche pratique et accessible pour d\u00e9couvrir les fondamentaux, comprendre les bonnes pratiques et exp\u00e9rimenter directement des outils.  Au programme :   Explorer les fondamentaux de l\u2019IA g\u00e9n\u00e9rative: comprendre ce que permet l\u2019IA aujourd\u2019hui, ses forces, ses limites et les bonnes pratiques pour l\u2019utiliser efficacement.  S\u2019initier \u00e0 l\u2019art du prompt : apprendre \u00e0 formuler des demandes adapt\u00e9es aux besoins de son projet pour obtenir des r\u00e9sultats pertinents et exploitables.  Panorama des outils disponibles: d\u00e9couvrir diff\u00e9rents outils d\u2019IA et leurs usages concrets pour la recherche, la communication et la structuration de projet.  Mise en pratique imm\u00e9diate: exp\u00e9rimenter l\u2019IA pour : r\u00e9aliser une \u00e9tude de march\u00e9, mieux comprendre ses clients, concevoir ses offres ou encore structurer son projet.  Un atelier con\u00e7u pour repartir avec des m\u00e9thodes simples, des outils concrets et une nouvelle \u00e9nergie pour faire avancer son projet gr\u00e2ce \u00e0 l\u2019IA.  Pr\u00e9sentation de l&#039;intervenant: Arthur Marechaux  Je transforme l\u2019IA en outil pour entreprendre. J\u2019aide les porteurs de projets et les \u00e9quipes \u00e0 clarifier leur mod\u00e8le, tester leurs id\u00e9es et lancer plus vite, en combinant m\u00e9thodes d\u2019innovation et IA g\u00e9n\u00e9rative.  Petit mot Entreprendre, c\u2019est une exp\u00e9dition : avec la bonne carte (m\u00e9thodes) et les bons alli\u00e9s (IA + collectif), le sommet devient accessible.  Super pouvoir Explorateur des possibles : je rends l\u2019IA utile et actionnable pour cr\u00e9er et lancer vos projets.\" \/>\n<meta property=\"og:url\" content=\"https:\/\/empow-her.com\/produit\/lia-generative-au-service-de-son-projet\/\" \/>\n<meta property=\"og:site_name\" content=\"Empow&#039;Her\" \/>\n<meta property=\"article:modified_time\" content=\"2025-10-21T08:55:15+00:00\" \/>\n<meta property=\"og:image\" content=\"https:\/\/empow-her.com\/wp-content\/uploads\/2025\/10\/Atelier.png\" \/>\n\t<meta property=\"og:image:width\" content=\"1080\" \/>\n\t<meta property=\"og:image:height\" content=\"1080\" \/>\n\t<meta property=\"og:image:type\" content=\"image\/png\" \/>\n<meta name=\"twitter:card\" content=\"summary_large_image\" \/>\n<meta name=\"twitter:label1\" content=\"Est. reading time\" \/>\n\t<meta name=\"twitter:data1\" content=\"2 minutes\" \/>\n<script type=\"application\/ld+json\" class=\"yoast-schema-graph\">{\"@context\":\"https:\/\/schema.org\",\"@graph\":[{\"@type\":\"WebPage\",\"@id\":\"https:\/\/empow-her.com\/produit\/lia-generative-au-service-de-son-projet\/\",\"url\":\"https:\/\/empow-her.com\/produit\/lia-generative-au-service-de-son-projet\/\",\"name\":\"L'IA g\u00e9n\u00e9rative au service de son projet - Empow&#039;Her\",\"isPartOf\":{\"@id\":\"https:\/\/empow-her.com\/#website\"},\"primaryImageOfPage\":{\"@id\":\"https:\/\/empow-her.com\/produit\/lia-generative-au-service-de-son-projet\/#primaryimage\"},\"image\":{\"@id\":\"https:\/\/empow-her.com\/produit\/lia-generative-au-service-de-son-projet\/#primaryimage\"},\"thumbnailUrl\":\"https:\/\/empow-her.com\/wp-content\/uploads\/2025\/10\/Atelier.png\",\"datePublished\":\"2025-10-20T16:54:59+00:00\",\"dateModified\":\"2025-10-21T08:55:15+00:00\",\"breadcrumb\":{\"@id\":\"https:\/\/empow-her.com\/produit\/lia-generative-au-service-de-son-projet\/#breadcrumb\"},\"inLanguage\":\"en-US\",\"potentialAction\":[{\"@type\":\"ReadAction\",\"target\":[\"https:\/\/empow-her.com\/produit\/lia-generative-au-service-de-son-projet\/\"]}]},{\"@type\":\"ImageObject\",\"inLanguage\":\"en-US\",\"@id\":\"https:\/\/empow-her.com\/produit\/lia-generative-au-service-de-son-projet\/#primaryimage\",\"url\":\"https:\/\/empow-her.com\/wp-content\/uploads\/2025\/10\/Atelier.png\",\"contentUrl\":\"https:\/\/empow-her.com\/wp-content\/uploads\/2025\/10\/Atelier.png\",\"width\":1080,\"height\":1080},{\"@type\":\"BreadcrumbList\",\"@id\":\"https:\/\/empow-her.com\/produit\/lia-generative-au-service-de-son-projet\/#breadcrumb\",\"itemListElement\":[{\"@type\":\"ListItem\",\"position\":1,\"name\":\"Accueil\",\"item\":\"https:\/\/empow-her.com\/en\/landing-page\/\"},{\"@type\":\"ListItem\",\"position\":2,\"name\":\"LA BOUTIQUE\",\"item\":\"https:\/\/empow-her.com\/boutique\/\"},{\"@type\":\"ListItem\",\"position\":3,\"name\":\"L&#8217;IA g\u00e9n\u00e9rative au service de son projet\"}]},{\"@type\":\"WebSite\",\"@id\":\"https:\/\/empow-her.com\/#website\",\"url\":\"https:\/\/empow-her.com\/\",\"name\":\"Empow&#039;Her\",\"description\":\"Women Development\",\"potentialAction\":[{\"@type\":\"SearchAction\",\"target\":{\"@type\":\"EntryPoint\",\"urlTemplate\":\"https:\/\/empow-her.com\/?s={search_term_string}\"},\"query-input\":{\"@type\":\"PropertyValueSpecification\",\"valueRequired\":true,\"valueName\":\"search_term_string\"}}],\"inLanguage\":\"en-US\"}]}<\/script>\n<!-- \/ Yoast SEO plugin. -->","yoast_head_json":{"title":"L'IA g\u00e9n\u00e9rative au service de son projet - Empow&#039;Her","robots":{"index":"index","follow":"follow","max-snippet":"max-snippet:-1","max-image-preview":"max-image-preview:large","max-video-preview":"max-video-preview:-1"},"canonical":"https:\/\/empow-her.com\/produit\/lia-generative-au-service-de-son-projet\/","og_locale":"en_US","og_type":"article","og_title":"L'IA g\u00e9n\u00e9rative au service de son projet - Empow&#039;Her","og_description":"L\u2019IA g\u00e9n\u00e9rative s\u2019impose comme un outil incontournable pour les entrepreneures et porteurs de projets. Mais comment s\u2019y retrouver dans cet univers en pleine \u00e9volution ? Et surtout, comment en tirer parti de mani\u00e8re concr\u00e8te pour avancer dans son projet ? Cet atelier propose une approche pratique et accessible pour d\u00e9couvrir les fondamentaux, comprendre les bonnes pratiques et exp\u00e9rimenter directement des outils.  Au programme :   Explorer les fondamentaux de l\u2019IA g\u00e9n\u00e9rative: comprendre ce que permet l\u2019IA aujourd\u2019hui, ses forces, ses limites et les bonnes pratiques pour l\u2019utiliser efficacement.  S\u2019initier \u00e0 l\u2019art du prompt : apprendre \u00e0 formuler des demandes adapt\u00e9es aux besoins de son projet pour obtenir des r\u00e9sultats pertinents et exploitables.  Panorama des outils disponibles: d\u00e9couvrir diff\u00e9rents outils d\u2019IA et leurs usages concrets pour la recherche, la communication et la structuration de projet.  Mise en pratique imm\u00e9diate: exp\u00e9rimenter l\u2019IA pour : r\u00e9aliser une \u00e9tude de march\u00e9, mieux comprendre ses clients, concevoir ses offres ou encore structurer son projet.  Un atelier con\u00e7u pour repartir avec des m\u00e9thodes simples, des outils concrets et une nouvelle \u00e9nergie pour faire avancer son projet gr\u00e2ce \u00e0 l\u2019IA.  Pr\u00e9sentation de l'intervenant: Arthur Marechaux  Je transforme l\u2019IA en outil pour entreprendre. J\u2019aide les porteurs de projets et les \u00e9quipes \u00e0 clarifier leur mod\u00e8le, tester leurs id\u00e9es et lancer plus vite, en combinant m\u00e9thodes d\u2019innovation et IA g\u00e9n\u00e9rative.  Petit mot Entreprendre, c\u2019est une exp\u00e9dition : avec la bonne carte (m\u00e9thodes) et les bons alli\u00e9s (IA + collectif), le sommet devient accessible.  Super pouvoir Explorateur des possibles : je rends l\u2019IA utile et actionnable pour cr\u00e9er et lancer vos projets.","og_url":"https:\/\/empow-her.com\/produit\/lia-generative-au-service-de-son-projet\/","og_site_name":"Empow&#039;Her","article_modified_time":"2025-10-21T08:55:15+00:00","og_image":[{"width":1080,"height":1080,"url":"https:\/\/empow-her.com\/wp-content\/uploads\/2025\/10\/Atelier.png","type":"image\/png"}],"twitter_card":"summary_large_image","twitter_misc":{"Est. reading time":"2 minutes"},"schema":{"@context":"https:\/\/schema.org","@graph":[{"@type":"WebPage","@id":"https:\/\/empow-her.com\/produit\/lia-generative-au-service-de-son-projet\/","url":"https:\/\/empow-her.com\/produit\/lia-generative-au-service-de-son-projet\/","name":"L'IA g\u00e9n\u00e9rative au service de son projet - Empow&#039;Her","isPartOf":{"@id":"https:\/\/empow-her.com\/#website"},"primaryImageOfPage":{"@id":"https:\/\/empow-her.com\/produit\/lia-generative-au-service-de-son-projet\/#primaryimage"},"image":{"@id":"https:\/\/empow-her.com\/produit\/lia-generative-au-service-de-son-projet\/#primaryimage"},"thumbnailUrl":"https:\/\/empow-her.com\/wp-content\/uploads\/2025\/10\/Atelier.png","datePublished":"2025-10-20T16:54:59+00:00","dateModified":"2025-10-21T08:55:15+00:00","breadcrumb":{"@id":"https:\/\/empow-her.com\/produit\/lia-generative-au-service-de-son-projet\/#breadcrumb"},"inLanguage":"en-US","potentialAction":[{"@type":"ReadAction","target":["https:\/\/empow-her.com\/produit\/lia-generative-au-service-de-son-projet\/"]}]},{"@type":"ImageObject","inLanguage":"en-US","@id":"https:\/\/empow-her.com\/produit\/lia-generative-au-service-de-son-projet\/#primaryimage","url":"https:\/\/empow-her.com\/wp-content\/uploads\/2025\/10\/Atelier.png","contentUrl":"https:\/\/empow-her.com\/wp-content\/uploads\/2025\/10\/Atelier.png","width":1080,"height":1080},{"@type":"BreadcrumbList","@id":"https:\/\/empow-her.com\/produit\/lia-generative-au-service-de-son-projet\/#breadcrumb","itemListElement":[{"@type":"ListItem","position":1,"name":"Accueil","item":"https:\/\/empow-her.com\/en\/landing-page\/"},{"@type":"ListItem","position":2,"name":"LA BOUTIQUE","item":"https:\/\/empow-her.com\/boutique\/"},{"@type":"ListItem","position":3,"name":"L&#8217;IA g\u00e9n\u00e9rative au service de son projet"}]},{"@type":"WebSite","@id":"https:\/\/empow-her.com\/#website","url":"https:\/\/empow-her.com\/","name":"Empow&#039;Her","description":"Women Development","potentialAction":[{"@type":"SearchAction","target":{"@type":"EntryPoint","urlTemplate":"https:\/\/empow-her.com\/?s={search_term_string}"},"query-input":{"@type":"PropertyValueSpecification","valueRequired":true,"valueName":"search_term_string"}}],"inLanguage":"en-US"}]}},"_links":{"self":[{"href":"https:\/\/empow-her.com\/en\/wp-json\/wp\/v2\/product\/270383","targetHints":{"allow":["GET"]}}],"collection":[{"href":"https:\/\/empow-her.com\/en\/wp-json\/wp\/v2\/product"}],"about":[{"href":"https:\/\/empow-her.com\/en\/wp-json\/wp\/v2\/types\/product"}],"wp:featuredmedia":[{"embeddable":true,"href":"https:\/\/empow-her.com\/en\/wp-json\/wp\/v2\/media\/269994"}],"wp:attachment":[{"href":"https:\/\/empow-her.com\/en\/wp-json\/wp\/v2\/media?parent=270383"}],"wp:term":[{"taxonomy":"product_brand","embeddable":true,"href":"https:\/\/empow-her.com\/en\/wp-json\/wp\/v2\/product_brand?post=270383"},{"taxonomy":"product_cat","embeddable":true,"href":"https:\/\/empow-her.com\/en\/wp-json\/wp\/v2\/product_cat?post=270383"},{"taxonomy":"product_tag","embeddable":true,"href":"https:\/\/empow-her.com\/en\/wp-json\/wp\/v2\/product_tag?post=270383"},{"taxonomy":"lieu","embeddable":true,"href":"https:\/\/empow-her.com\/en\/wp-json\/wp\/v2\/lieu?post=270383"},{"taxonomy":"thematiques","embeddable":true,"href":"https:\/\/empow-her.com\/en\/wp-json\/wp\/v2\/thematiques?post=270383"}],"curies":[{"name":"wp","href":"https:\/\/api.w.org\/{rel}","templated":true}]}}